{"id":14494,"date":"2024-09-21T09:59:25","date_gmt":"2024-09-21T09:59:25","guid":{"rendered":"https:\/\/www.elementvape.de\/?post_type=product&#038;p=14494"},"modified":"2024-10-10T03:13:35","modified_gmt":"2024-10-10T03:13:35","slug":"watermelon-ice-bang-king-delphitreh-25000-puffs-bringt-die-beste-kombination-aus-fruchtiger-suesse-und-erfrischendem-eis-in-jeden-zug","status":"publish","type":"product","link":"https:\/\/www.elementvape.de\/et\/produkt\/watermelon-ice-bang-king-delphitreh-25000-puffs-bringt-die-beste-kombination-aus-fruchtiger-suesse-und-erfrischendem-eis-in-jeden-zug\/","title":{"rendered":"Watermelon Ice Bang King DelphiTreh 25000 Puffs toob iga t\u00f5mbega parima kombinatsiooni puuviljase magususe ja v\u00e4rskendava j\u00e4\u00e4ga"},"content":{"rendered":"<p>Watermelon Ice Bang King DelphiTreh 25000 Puffs on t\u00e4iuslik valik <strong><a href=\"https:\/\/www.elementvape.de\/et\/\" target=\"_blank\" rel=\"noopener\">Aurusti<\/a><\/strong>, kes armastavad magusat arbuusi maitset ja v\u00e4rskendavat mentooli nooti. See elektriline sigaret pakub muljetavaldavat 25 000 t\u00f5mmet, pakkudes pikaajalist ja maitsek\u00fcllast aurustumiskogemust, mis ergutab ja v\u00e4rskendab meeli.<\/p>\n<h3>Maitseprofiil: Magus arbuus kohtab v\u00e4rskendavat j\u00e4\u00e4d<\/h3>\n<p>Watermelon Ice toob harmoonilise kombinatsiooni puuviljaste ja jahutavate maitsetega, mis avalduvad iga t\u00f5mbega.<\/p>\n<h4>1. Puuviljane magusus arbuusist<\/h4>\n<p>Arbuusi mahlane magusus on selle maitsepildi peamine osa. See v\u00e4rskendav puuvili pakub magusat ja kerget maitset, mis sobib ideaalselt kuumadele p\u00e4evadele. K\u00fcpse arbuusi maitse on nii intensiivne, et \u00e4ratab m\u00e4lestusi suvep\u00e4evadest ja tekitab soovi rohkem saada.<\/p>\n<h4>2. Jahutav mentool<\/h4>\n<p>Mentool t\u00e4iendab arbuusi ja loob meeldiva jaheduse, mis t\u00e4iustab maitset. See v\u00e4rske noot pakub ergutavat tunnet, muutes aurustumiskogemuse p\u00f5nevaks ja v\u00e4rskendavaks.<\/p>\n<h3>Watermelon Ice Bang King DelphiTreh 25000 Puffs tehnilised omadused<\/h3>\n<p>Lisaks oma maitsvale maitsele avaldab Watermelon Ice Bang King muljetavaldavaid tehnilisi omadusi.<\/p>\n<h4>1. 25 000 t\u00f5mmet \u2013 pikaajaline nauding<\/h4>\n<p>25 000 t\u00f5mmetega on Watermelon Ice loodud pikaajaliseks aurustumiskogemuseks. Olenemata sellest, kas oled tihe kasutaja v\u00f5i kasutad seda vaid aeg-ajalt, tagab see seade pikaajalise naudingu.<\/p>\n<h4>2. Topelt-podi s\u00fcsteem 46 ml E-vedelikuga<\/h4>\n<p>Elektriline sigaret on varustatud topelt-podi s\u00fcsteemiga, mis mahutab kokku 46 ml e-vedelikku. See suur maht v\u00f5imaldab teil nautida aurustumist ilma pideva t\u00e4itmiseta, muutes kogemuse veelgi meeldivamaks.<\/p>\n<p>1.0 Ohmi mesh-k\u00fc\u00fcnal tagab e-vedeliku \u00fchtlase kuumenemise, mis viib intensiivsema ja maitsek\u00fcllasema aurustumiskogemuseni. Magus arbuusi maitse muutub veelgi tugevamaks ja rahuldustpakkuvamaks.<\/p>\n<p>650mAh aku pakub piisavalt energiat pikemateks aurustumisseanssideks. T\u00e4nu Type-C laadimiskontaktile saate seadet kiiresti ja t\u00f5husalt laadida, olles alati valmis j\u00e4rgmise naudingu jaoks.<\/p>\n<h3>Kasutajas\u00f5bralikkus ja k\u00e4sitsemine<\/h3>\n<p>Watermelon Ice Bang King on mitte ainult v\u00f5imas, vaid ka kasutajas\u00f5bralik. Seade on kohe kasutusvalmis ega vaja keerulisi seadeid. Lihtsalt v\u00f5ta v\u00e4lja ja naudi v\u00e4rskendavat arbuusi maitset. Oma kerge ja kompaktse disainiga on Watermelon Ice Bang King ideaalne kaaslane teel olles. Sobib h\u00f5lpsasti igasse taskusse ning on ideaalne reisimiseks v\u00f5i igap\u00e4evaseks kasutamiseks.<\/p>\n<h3>Watermelon Ice Bang King DelphiTreh 25000 Puffs eelised<\/h3>\n<h4>1. P\u00fcsiv ja intensiivne maitse<\/h4>\n<p>K\u00f5rge t\u00f5mmete arv ja suur e-vedeliku maht tagavad pideva ja intensiivse maitseelamuse. Esimesest kuni viimase t\u00f5mbeni j\u00e4\u00e4b maitse v\u00e4rske ja muutumatu. Sellel <strong><a href=\"https:\/\/www.elementvape.de\/et\/p-tag\/vaep-25000-zuege\/\" target=\"_blank\" rel=\"noopener\">25000 t\u00f5mmet<\/a><\/strong> ja topelt-podi s\u00fcsteemil on usaldusv\u00e4\u00e4rsus ja vastupidavus k\u00f5igile aurutajatele, kes otsivad kvaliteetset toodet. Nautige tollivaba saatmise eeliseid Euroopa Liitu, v\u00f5imaldades teil Watermelon Ice mugavalt koju tellida ilma lisakuludeta.<\/p>\n<h3>Aurutamise n\u00f5uanded optimaalseks kogemuseks<\/h3>\n<p>Et maksimeerida Watermelon Ice aurustumiskogemust, j\u00e4rgige j\u00e4rgmisi n\u00e4pun\u00e4iteid:<\/p>\n<p>1. \u00d5ige ladustamineHoidke seadet jahedas ja kuivas kohas, et s\u00e4ilitada E-liquidi kvaliteeti. V\u00e4ltige otsest p\u00e4ikesevalgust, et s\u00e4ilitada maitse v\u00e4rskus.<\/p>\n<p>2. Regulaarne laadimineVeenduge, et laadite seadet regulaarselt, et iga hetk saaks aurustada. T\u00fc\u00fcp-C laadimisfunktsioon v\u00f5imaldab kiiret ja lihtsat laadimist.<\/p>\n<p>3. Nautige m\u00f5\u00f5dukaltEt maitse p\u00fcsiks kauem v\u00e4rske, aurustage m\u00f5\u00f5dukalt ja v\u00e4ltige liigset aurustamist, et mitte kiiremini E-liquidi mahtu kulutada.<\/p>\n<p>Watermelon Ice Bang King DelphiTreh 25000 Puffs on ideaalne valik aurustajatele, kes armastavad puuviljaseid ja v\u00e4rskendavaid maitseid. Magusa arbuusi ja jahutava mentooli kombinatsioon pakub unikaalset aurustamiskogemust, mis on nii maitse kui ka tehnoloogia poolest veenev.<\/p>\n<p>Suur puffide arv, topelt-podi s\u00fcsteem ja 1.0 Ohmi mesh-k\u00fc\u00fcnal muudavad selle e-s\u00fc\u00fctaja ideaalseks neile, kes otsivad pikaajalist naudingut ja intensiivset maitset. T\u00e4nu kiirele ja tollivabale saatmisele Eesti, saate Watermelon Ice'i mugavalt ja lihtsalt tellida. Nautige v\u00e4rskendavat arbuusi ja mentooli maitset ning kogege parimat aurustamiskogemust!<\/p>","protected":false},"excerpt":{"rendered":"<p>Die Watermelon Ice Bang King DelphiTreh 25000 Puffs ist die perfekte Wahl f\u00fcr Dampfer, die den s\u00fc\u00dfen Geschmack von Wassermelone und eine erfrischende Mentholnote lieben. Diese E-Zigarette bietet mit ihren beeindruckenden 25.000 Puffs ein langanhaltendes und geschmackvolles Dampferlebnis, das die Sinne anregt und erfrischt. Geschmacksprofil: S\u00fc\u00dfe Wassermelone trifft auf erfrischendes Eis Die Watermelon Ice bringt [&hellip;]<\/p>","protected":false},"featured_media":14485,"template":"","meta":{"inline_featured_image":false},"product_cat":[15,767,739,743,744,755,738,751],"product_tag":[710,768],"tiered_pricing_type":"fixed","tiered_pricing_fixed_rules":{"60":"7.26","110":"6.46","200":"5.65"},"tiered_pricing_percentage_rules":[],"tiered_pricing_minimum":1,"_administrator_tiered_pricing_type":"fixed","_administrator_tiered_pricing_fixed_rules":[],"_editor_tiered_pricing_type":"fixed","_editor_tiered_pricing_fixed_rules":[],"_author_tiered_pricing_type":"fixed","_author_tiered_pricing_fixed_rules":[],"_contributor_tiered_pricing_type":"fixed","_contributor_tiered_pricing_fixed_rules":[],"_subscriber_tiered_pricing_type":"fixed","_subscriber_tiered_pricing_fixed_rules":[],"_customer_tiered_pricing_type":"fixed","_customer_tiered_pricing_fixed_rules":[],"_shop_manager_tiered_pricing_type":"fixed","_shop_manager_tiered_pricing_fixed_rules":[],"_wpseo_manager_tiered_pricing_type":"fixed","_wpseo_manager_tiered_pricing_fixed_rules":[],"_wpseo_editor_tiered_pricing_type":"fixed","_wpseo_editor_tiered_pricing_fixed_rules":[],"_wholesale_customer_tiered_pricing_type":"fixed","_wholesale_customer_tiered_pricing_fixed_rules":[],"_marketer_tiered_pricing_type":"fixed","_marketer_tiered_pricing_fixed_rules":[],"_sales_manager_tiered_pricing_type":"fixed","_sales_manager_tiered_pricing_fixed_rules":[],"_sales_rep_tiered_pricing_type":"fixed","_sales_rep_tiered_pricing_fixed_rules":[],"yoast_head":"<!-- This site is optimized with the Yoast SEO plugin v23.3 - https:\/\/yoast.com\/wordpress\/plugins\/seo\/ -->\n<title>Watermelon Ice Bang King DelphiTreh 25000 Puffs bringt die beste Kombination aus fruchtiger S\u00fc\u00dfe und erfrischendem Eis in jeden Zug | ElementVape.de<\/title>\n<meta name=\"description\" content=\"Wir bieten Watermelon Ice Bang King DelphiTreh 25000 Puffs bringt die beste Kombination aus fruchtiger S\u00fc\u00dfe und erfrischendem Eis in jeden Zug , Elementvape.de akzeptieren Gro\u00df-und Einzelhandel Bestellungen.\" \/>\n<meta name=\"robots\" content=\"index, follow, max-snippet:-1, max-image-preview:large, max-video-preview:-1\" \/>\n<link rel=\"canonical\" href=\"https:\/\/www.elementvape.de\/et\/produkt\/watermelon-ice-bang-king-delphitreh-25000-puffs-bringt-die-beste-kombination-aus-fruchtiger-suesse-und-erfrischendem-eis-in-jeden-zug\/\" \/>\n<meta property=\"og:locale\" content=\"et_EE\" \/>\n<meta property=\"og:type\" content=\"article\" \/>\n<meta property=\"og:title\" content=\"Watermelon Ice Bang King DelphiTreh 25000 Puffs bringt die beste Kombination aus fruchtiger S\u00fc\u00dfe und erfrischendem Eis in jeden Zug | ElementVape.de\" \/>\n<meta property=\"og:description\" content=\"Wir bieten Watermelon Ice Bang King DelphiTreh 25000 Puffs bringt die beste Kombination aus fruchtiger S\u00fc\u00dfe und erfrischendem Eis in jeden Zug , Elementvape.de akzeptieren Gro\u00df-und Einzelhandel Bestellungen.\" \/>\n<meta property=\"og:url\" content=\"https:\/\/www.elementvape.de\/et\/produkt\/watermelon-ice-bang-king-delphitreh-25000-puffs-bringt-die-beste-kombination-aus-fruchtiger-suesse-und-erfrischendem-eis-in-jeden-zug\/\" \/>\n<meta property=\"og:site_name\" content=\"ElementVape.de\" \/>\n<meta property=\"article:modified_time\" content=\"2024-10-10T03:13:35+00:00\" \/>\n<meta property=\"og:image\" content=\"https:\/\/www.elementvape.de\/wp-content\/uploads\/2024\/09\/Watermelon-Ice-6-scaled.jpg\" \/>\n\t<meta property=\"og:image:width\" content=\"2560\" \/>\n\t<meta property=\"og:image:height\" content=\"1742\" \/>\n\t<meta property=\"og:image:type\" content=\"image\/jpeg\" \/>\n<meta name=\"twitter:card\" content=\"summary_large_image\" \/>\n<meta name=\"twitter:label1\" content=\"Est. reading time\" \/>\n\t<meta name=\"twitter:data1\" content=\"4 minutit\" \/>\n<script type=\"application\/ld+json\" class=\"yoast-schema-graph\">{\"@context\":\"https:\/\/schema.org\",\"@graph\":[{\"@type\":\"WebPage\",\"@id\":\"https:\/\/www.elementvape.de\/sk\/produkt\/watermelon-ice-bang-king-delphitreh-25000-puffs-bringt-die-beste-kombination-aus-fruchtiger-suesse-und-erfrischendem-eis-in-jeden-zug\/\",\"url\":\"https:\/\/www.elementvape.de\/sk\/produkt\/watermelon-ice-bang-king-delphitreh-25000-puffs-bringt-die-beste-kombination-aus-fruchtiger-suesse-und-erfrischendem-eis-in-jeden-zug\/\",\"name\":\"Watermelon Ice Bang King DelphiTreh 25000 Puffs bringt die beste Kombination aus fruchtiger S\u00fc\u00dfe und erfrischendem Eis in jeden Zug | ElementVape.de\",\"isPartOf\":{\"@id\":\"https:\/\/www.elementvape.de\/#website\"},\"primaryImageOfPage\":{\"@id\":\"https:\/\/www.elementvape.de\/sk\/produkt\/watermelon-ice-bang-king-delphitreh-25000-puffs-bringt-die-beste-kombination-aus-fruchtiger-suesse-und-erfrischendem-eis-in-jeden-zug\/#primaryimage\"},\"image\":{\"@id\":\"https:\/\/www.elementvape.de\/sk\/produkt\/watermelon-ice-bang-king-delphitreh-25000-puffs-bringt-die-beste-kombination-aus-fruchtiger-suesse-und-erfrischendem-eis-in-jeden-zug\/#primaryimage\"},\"thumbnailUrl\":\"https:\/\/www.elementvape.de\/wp-content\/uploads\/2024\/09\/Watermelon-Ice-6-scaled.jpg\",\"datePublished\":\"2024-09-21T09:59:25+00:00\",\"dateModified\":\"2024-10-10T03:13:35+00:00\",\"description\":\"Wir bieten Watermelon Ice Bang King DelphiTreh 25000 Puffs bringt die beste Kombination aus fruchtiger S\u00fc\u00dfe und erfrischendem Eis in jeden Zug , Elementvape.de akzeptieren Gro\u00df-und Einzelhandel Bestellungen.\",\"breadcrumb\":{\"@id\":\"https:\/\/www.elementvape.de\/sk\/produkt\/watermelon-ice-bang-king-delphitreh-25000-puffs-bringt-die-beste-kombination-aus-fruchtiger-suesse-und-erfrischendem-eis-in-jeden-zug\/#breadcrumb\"},\"inLanguage\":\"et\",\"potentialAction\":[{\"@type\":\"ReadAction\",\"target\":[\"https:\/\/www.elementvape.de\/sk\/produkt\/watermelon-ice-bang-king-delphitreh-25000-puffs-bringt-die-beste-kombination-aus-fruchtiger-suesse-und-erfrischendem-eis-in-jeden-zug\/\"]}]},{\"@type\":\"ImageObject\",\"inLanguage\":\"et\",\"@id\":\"https:\/\/www.elementvape.de\/sk\/produkt\/watermelon-ice-bang-king-delphitreh-25000-puffs-bringt-die-beste-kombination-aus-fruchtiger-suesse-und-erfrischendem-eis-in-jeden-zug\/#primaryimage\",\"url\":\"https:\/\/www.elementvape.de\/wp-content\/uploads\/2024\/09\/Watermelon-Ice-6-scaled.jpg\",\"contentUrl\":\"https:\/\/www.elementvape.de\/wp-content\/uploads\/2024\/09\/Watermelon-Ice-6-scaled.jpg\",\"width\":2560,\"height\":1742,\"caption\":\"Watermelon Ice\"},{\"@type\":\"BreadcrumbList\",\"@id\":\"https:\/\/www.elementvape.de\/sk\/produkt\/watermelon-ice-bang-king-delphitreh-25000-puffs-bringt-die-beste-kombination-aus-fruchtiger-suesse-und-erfrischendem-eis-in-jeden-zug\/#breadcrumb\",\"itemListElement\":[{\"@type\":\"ListItem\",\"position\":1,\"name\":\"Home\",\"item\":\"https:\/\/www.elementvape.de\/\"},{\"@type\":\"ListItem\",\"position\":2,\"name\":\"Shop\",\"item\":\"https:\/\/www.elementvape.de\/shop\/\"},{\"@type\":\"ListItem\",\"position\":3,\"name\":\"Watermelon Ice Bang King DelphiTreh 25000 Puffs bringt die beste Kombination aus fruchtiger S\u00fc\u00dfe und erfrischendem Eis in jeden Zug\"}]},{\"@type\":\"WebSite\",\"@id\":\"https:\/\/www.elementvape.de\/#website\",\"url\":\"https:\/\/www.elementvape.de\/\",\"name\":\"ElementVape.de\",\"description\":\"\",\"publisher\":{\"@id\":\"https:\/\/www.elementvape.de\/#organization\"},\"potentialAction\":[{\"@type\":\"SearchAction\",\"target\":{\"@type\":\"EntryPoint\",\"urlTemplate\":\"https:\/\/www.elementvape.de\/?s={search_term_string}\"},\"query-input\":\"required name=search_term_string\"}],\"inLanguage\":\"et\"},{\"@type\":\"Organization\",\"@id\":\"https:\/\/www.elementvape.de\/#organization\",\"name\":\"ElementVape.DE\",\"url\":\"https:\/\/www.elementvape.de\/\",\"logo\":{\"@type\":\"ImageObject\",\"inLanguage\":\"et\",\"@id\":\"https:\/\/www.elementvape.de\/#\/schema\/logo\/image\/\",\"url\":\"https:\/\/www.elementvape.de\/wp-content\/uploads\/2024\/09\/cropped-1elementvape-3.png\",\"contentUrl\":\"https:\/\/www.elementvape.de\/wp-content\/uploads\/2024\/09\/cropped-1elementvape-3.png\",\"width\":285,\"height\":228,\"caption\":\"ElementVape.DE\"},\"image\":{\"@id\":\"https:\/\/www.elementvape.de\/#\/schema\/logo\/image\/\"}}]}<\/script>\n<!-- \/ Yoast SEO plugin. -->","yoast_head_json":{"title":"Watermelon Ice Bang King DelphiTreh 25000 Puffs bringt die beste Kombination aus fruchtiger S\u00fc\u00dfe und erfrischendem Eis in jeden Zug | ElementVape.de","description":"Wir bieten Watermelon Ice Bang King DelphiTreh 25000 Puffs bringt die beste Kombination aus fruchtiger S\u00fc\u00dfe und erfrischendem Eis in jeden Zug , Elementvape.de akzeptieren Gro\u00df-und Einzelhandel Bestellungen.","robots":{"index":"index","follow":"follow","max-snippet":"max-snippet:-1","max-image-preview":"max-image-preview:large","max-video-preview":"max-video-preview:-1"},"canonical":"https:\/\/www.elementvape.de\/et\/produkt\/watermelon-ice-bang-king-delphitreh-25000-puffs-bringt-die-beste-kombination-aus-fruchtiger-suesse-und-erfrischendem-eis-in-jeden-zug\/","og_locale":"et_EE","og_type":"article","og_title":"Watermelon Ice Bang King DelphiTreh 25000 Puffs bringt die beste Kombination aus fruchtiger S\u00fc\u00dfe und erfrischendem Eis in jeden Zug | ElementVape.de","og_description":"Wir bieten Watermelon Ice Bang King DelphiTreh 25000 Puffs bringt die beste Kombination aus fruchtiger S\u00fc\u00dfe und erfrischendem Eis in jeden Zug , Elementvape.de akzeptieren Gro\u00df-und Einzelhandel Bestellungen.","og_url":"https:\/\/www.elementvape.de\/et\/produkt\/watermelon-ice-bang-king-delphitreh-25000-puffs-bringt-die-beste-kombination-aus-fruchtiger-suesse-und-erfrischendem-eis-in-jeden-zug\/","og_site_name":"ElementVape.de","article_modified_time":"2024-10-10T03:13:35+00:00","og_image":[{"width":2560,"height":1742,"url":"https:\/\/www.elementvape.de\/wp-content\/uploads\/2024\/09\/Watermelon-Ice-6-scaled.jpg","type":"image\/jpeg"}],"twitter_card":"summary_large_image","twitter_misc":{"Est. reading time":"4 minutit"},"schema":{"@context":"https:\/\/schema.org","@graph":[{"@type":"WebPage","@id":"https:\/\/www.elementvape.de\/sk\/produkt\/watermelon-ice-bang-king-delphitreh-25000-puffs-bringt-die-beste-kombination-aus-fruchtiger-suesse-und-erfrischendem-eis-in-jeden-zug\/","url":"https:\/\/www.elementvape.de\/sk\/produkt\/watermelon-ice-bang-king-delphitreh-25000-puffs-bringt-die-beste-kombination-aus-fruchtiger-suesse-und-erfrischendem-eis-in-jeden-zug\/","name":"Watermelon Ice Bang King DelphiTreh 25000 Puffs bringt die beste Kombination aus fruchtiger S\u00fc\u00dfe und erfrischendem Eis in jeden Zug | ElementVape.de","isPartOf":{"@id":"https:\/\/www.elementvape.de\/#website"},"primaryImageOfPage":{"@id":"https:\/\/www.elementvape.de\/sk\/produkt\/watermelon-ice-bang-king-delphitreh-25000-puffs-bringt-die-beste-kombination-aus-fruchtiger-suesse-und-erfrischendem-eis-in-jeden-zug\/#primaryimage"},"image":{"@id":"https:\/\/www.elementvape.de\/sk\/produkt\/watermelon-ice-bang-king-delphitreh-25000-puffs-bringt-die-beste-kombination-aus-fruchtiger-suesse-und-erfrischendem-eis-in-jeden-zug\/#primaryimage"},"thumbnailUrl":"https:\/\/www.elementvape.de\/wp-content\/uploads\/2024\/09\/Watermelon-Ice-6-scaled.jpg","datePublished":"2024-09-21T09:59:25+00:00","dateModified":"2024-10-10T03:13:35+00:00","description":"Wir bieten Watermelon Ice Bang King DelphiTreh 25000 Puffs bringt die beste Kombination aus fruchtiger S\u00fc\u00dfe und erfrischendem Eis in jeden Zug , Elementvape.de akzeptieren Gro\u00df-und Einzelhandel Bestellungen.","breadcrumb":{"@id":"https:\/\/www.elementvape.de\/sk\/produkt\/watermelon-ice-bang-king-delphitreh-25000-puffs-bringt-die-beste-kombination-aus-fruchtiger-suesse-und-erfrischendem-eis-in-jeden-zug\/#breadcrumb"},"inLanguage":"et","potentialAction":[{"@type":"ReadAction","target":["https:\/\/www.elementvape.de\/sk\/produkt\/watermelon-ice-bang-king-delphitreh-25000-puffs-bringt-die-beste-kombination-aus-fruchtiger-suesse-und-erfrischendem-eis-in-jeden-zug\/"]}]},{"@type":"ImageObject","inLanguage":"et","@id":"https:\/\/www.elementvape.de\/sk\/produkt\/watermelon-ice-bang-king-delphitreh-25000-puffs-bringt-die-beste-kombination-aus-fruchtiger-suesse-und-erfrischendem-eis-in-jeden-zug\/#primaryimage","url":"https:\/\/www.elementvape.de\/wp-content\/uploads\/2024\/09\/Watermelon-Ice-6-scaled.jpg","contentUrl":"https:\/\/www.elementvape.de\/wp-content\/uploads\/2024\/09\/Watermelon-Ice-6-scaled.jpg","width":2560,"height":1742,"caption":"Watermelon Ice"},{"@type":"BreadcrumbList","@id":"https:\/\/www.elementvape.de\/sk\/produkt\/watermelon-ice-bang-king-delphitreh-25000-puffs-bringt-die-beste-kombination-aus-fruchtiger-suesse-und-erfrischendem-eis-in-jeden-zug\/#breadcrumb","itemListElement":[{"@type":"ListItem","position":1,"name":"Home","item":"https:\/\/www.elementvape.de\/"},{"@type":"ListItem","position":2,"name":"Shop","item":"https:\/\/www.elementvape.de\/shop\/"},{"@type":"ListItem","position":3,"name":"Watermelon Ice Bang King DelphiTreh 25000 Puffs bringt die beste Kombination aus fruchtiger S\u00fc\u00dfe und erfrischendem Eis in jeden Zug"}]},{"@type":"WebSite","@id":"https:\/\/www.elementvape.de\/#website","url":"https:\/\/www.elementvape.de\/","name":"ElementVape.de","description":"","publisher":{"@id":"https:\/\/www.elementvape.de\/#organization"},"potentialAction":[{"@type":"SearchAction","target":{"@type":"EntryPoint","urlTemplate":"https:\/\/www.elementvape.de\/?s={search_term_string}"},"query-input":"required name=search_term_string"}],"inLanguage":"et"},{"@type":"Organization","@id":"https:\/\/www.elementvape.de\/#organization","name":"ElementVape.DE","url":"https:\/\/www.elementvape.de\/","logo":{"@type":"ImageObject","inLanguage":"et","@id":"https:\/\/www.elementvape.de\/#\/schema\/logo\/image\/","url":"https:\/\/www.elementvape.de\/wp-content\/uploads\/2024\/09\/cropped-1elementvape-3.png","contentUrl":"https:\/\/www.elementvape.de\/wp-content\/uploads\/2024\/09\/cropped-1elementvape-3.png","width":285,"height":228,"caption":"ElementVape.DE"},"image":{"@id":"https:\/\/www.elementvape.de\/#\/schema\/logo\/image\/"}}]}},"_links":{"self":[{"href":"https:\/\/www.elementvape.de\/et\/wp-json\/wp\/v2\/product\/14494"}],"collection":[{"href":"https:\/\/www.elementvape.de\/et\/wp-json\/wp\/v2\/product"}],"about":[{"href":"https:\/\/www.elementvape.de\/et\/wp-json\/wp\/v2\/types\/product"}],"wp:featuredmedia":[{"embeddable":true,"href":"https:\/\/www.elementvape.de\/et\/wp-json\/wp\/v2\/media\/14485"}],"wp:attachment":[{"href":"https:\/\/www.elementvape.de\/et\/wp-json\/wp\/v2\/media?parent=14494"}],"wp:term":[{"taxonomy":"product_cat","embeddable":true,"href":"https:\/\/www.elementvape.de\/et\/wp-json\/wp\/v2\/product_cat?post=14494"},{"taxonomy":"product_tag","embeddable":true,"href":"https:\/\/www.elementvape.de\/et\/wp-json\/wp\/v2\/product_tag?post=14494"}],"curies":[{"name":"wp","href":"https:\/\/api.w.org\/{rel}","templated":true}]}}