{"id":14361,"date":"2024-09-17T06:06:52","date_gmt":"2024-09-17T06:06:52","guid":{"rendered":"https:\/\/www.elementvape.de\/?post_type=product&#038;p=14361"},"modified":"2024-10-09T08:12:36","modified_gmt":"2024-10-09T08:12:36","slug":"bang-einweg-e-zigarette-36000-zuege-vollgepackt-mit-den-suessesten-mixed-fruits-fuer-ein-ultimatives-dampferlebnis-dank-mesh-coil","status":"publish","type":"product","link":"https:\/\/www.elementvape.de\/et\/produkt\/bang-einweg-e-zigarette-36000-zuege-vollgepackt-mit-den-suessesten-mixed-fruits-fuer-ein-ultimatives-dampferlebnis-dank-mesh-coil\/","title":{"rendered":"Bang \u00dchekordne E-sigarett 36000 t\u00f5mmet, t\u00e4is k\u00f5ige magusamaid Segatud Puuvilju, pakkudes \u00fclimat auru kogemust Mesh Coil abil"},"content":{"rendered":"<p>K\u00f5igile, kes ei soovi piirduda \u00fche maitsega, pakub Bang 36000 Puffs \u00fchekordselt kasutatav e-sigaret ideaalset lahendust: Mixed Fruits. See kombinatsioon \u00fchendab endas mitmesuguseid maitsvaid puuvilju ja tagab harmoonilise ning vaheldusrikka aurutamiskogemuse, mis viib teid iga t\u00f5mbega uutesse maitsemaailmadesse.<\/p>\n<h3>Mixed Fruits'i maitse: harmooniline koosm\u00e4ng<\/h3>\n<p>Mixed Fruits on maitse, mis \u00fchendab endas erinevate puuviljade parimad omadused, pakkudes samal ajal v\u00e4rskendavat ja magusat maitset. Bang 36000 Puffs \u00fchekordselt kasutatavas e-sigaretis tagab see kompositsioon maitseplahvatuse, mis muudab iga t\u00f5mbe ainulaadseks.<\/p>\n<ul>\n<li>Troopilised noodid: magus mango, eksootiline ananassih\u00f5ng ja k\u00fcps virsik moodustavad Mixed Fruits'i segu aluse.<\/li>\n<li>Marjavalik: Maitset t\u00e4iendavad mahlased marjad nagu maasikad, mustikad ja vaarikad, mis annavad segule v\u00e4rske, kergelt hapuka noodi.<\/li>\n<li>Tsitrused: V\u00e4rskendav sidruni ja laimi puudutus t\u00e4iendab maitseprofiili ja tagab elustava v\u00e4rskuse.<\/li>\n<\/ul>\n<h3>36000 Puffs \u2013 kauakestev puuviljanauding<\/h3>\n<p>Kuni 36 000 t\u00f5mbega pakub Bang 36000 Puffs <strong><a href=\"https:\/\/www.elementvape.de\/et\/c\/einweg-zigarette\/\" target=\"_blank\" rel=\"noopener\">\u00dchekordne E-s\u00fc\u00fctaja<\/a><\/strong> mitte ainult intensiivseid aroome, vaid ka pikaealisust. V\u00f5ite olla kindel, et saate n\u00e4dalaid Mixed Fruits'i nautida, ilma et peaksite muretsema, et seade liiga kiiresti t\u00fchjaks saab. E-vedeliku paagi suurus ja kvaliteetne tehnika tagavad, et maitse p\u00fcsib \u00fchtlane esimesest kuni viimase t\u00f5mbeni.<\/p>\n<h3>Mesh Coil intensiivse maitse jaoks<\/h3>\n<p>Bang 36000 Mesh Coil tehnoloogia tagab, et Mixed Fruits'i aroomid p\u00e4\u00e4sevad t\u00e4ies intensiivsuses esile. Mesh-Coil soojendab e-vedelikku \u00fchtlaselt ja kiiresti, muutes iga t\u00f5mbe t\u00e4is maitset ja aroomi. T\u00e4nu \u00fchtlasele soojusjaotusele ja suurele pinnale saate:<\/p>\n<ul>\n<li>Nautida puuviljade v\u00e4rsket ja intensiivset maitset igas t\u00f5mbes.<\/li>\n<li>Luua tihedaid ja mahukaid aurupilvi, mis muudavad aurutamiskogemuse veelgi nauditavamaks.<\/li>\n<li>Kogeda erinevate puuviljanootide moonutusteta taasesitust.<\/li>\n<\/ul>\n<p>Bang 36000 Puffs \u00fchekordselt kasutatav e-sigaret Mixed Fruits'i maitsega pakub vastupandamatut segu erinevatest puuviljadest, mis pakub igale aurustajale midagi erilist. \u00dcksk\u00f5ik, kas eelistate mango ja ananassi troopilist magusust v\u00f5i marjade ja tsitrusviljade v\u00e4rsket s\u00e4rtsakust \u2013 sellega <strong><a href=\"https:\/\/www.elementvape.de\/et\/\" target=\"_blank\" rel=\"noopener\">E-sigarett<\/a><\/strong> saate t\u00e4iusliku kombinatsiooni mitmekesisusest ja naudingust. T\u00e4nu kauakestvale 36 000 Puffs'ile ja t\u00e4iustatud Mesh-Coil tehnoloogiale on iga aurutamiskogemus intensiivne ja maitsek\u00fcllane.<\/p>","protected":false},"excerpt":{"rendered":"<p>F\u00fcr alle, die sich nicht auf eine einzige Geschmacksrichtung festlegen m\u00f6chten, bietet die Bang 36000 Puffs Einweg-E-Zigarette die perfekte L\u00f6sung: Mixed Fruits. Diese Kombination vereint eine Vielzahl an k\u00f6stlichen Fr\u00fcchten und sorgt f\u00fcr ein harmonisches und abwechslungsreiches Dampferlebnis, das Sie mit jedem Zug in neue Geschmackswelten entf\u00fchrt. Der Geschmack von Mixed Fruits: Ein harmonisches Zusammenspiel [&hellip;]<\/p>","protected":false},"featured_media":14357,"template":"","meta":{"inline_featured_image":false},"product_cat":[15,760,78,750,737,736,749,752,756],"product_tag":[710,761],"tiered_pricing_type":"fixed","tiered_pricing_fixed_rules":{"60":"9.4","110":"8.35","200":"7.31"},"tiered_pricing_percentage_rules":[],"tiered_pricing_minimum":1,"_administrator_tiered_pricing_type":"fixed","_administrator_tiered_pricing_fixed_rules":[],"_editor_tiered_pricing_type":"fixed","_editor_tiered_pricing_fixed_rules":[],"_author_tiered_pricing_type":"fixed","_author_tiered_pricing_fixed_rules":[],"_contributor_tiered_pricing_type":"fixed","_contributor_tiered_pricing_fixed_rules":[],"_subscriber_tiered_pricing_type":"fixed","_subscriber_tiered_pricing_fixed_rules":[],"_customer_tiered_pricing_type":"fixed","_customer_tiered_pricing_fixed_rules":[],"_shop_manager_tiered_pricing_type":"fixed","_shop_manager_tiered_pricing_fixed_rules":[],"_wpseo_manager_tiered_pricing_type":"fixed","_wpseo_manager_tiered_pricing_fixed_rules":[],"_wpseo_editor_tiered_pricing_type":"fixed","_wpseo_editor_tiered_pricing_fixed_rules":[],"_wholesale_customer_tiered_pricing_type":"fixed","_wholesale_customer_tiered_pricing_fixed_rules":[],"_marketer_tiered_pricing_type":"fixed","_marketer_tiered_pricing_fixed_rules":[],"_sales_manager_tiered_pricing_type":"fixed","_sales_manager_tiered_pricing_fixed_rules":[],"_sales_rep_tiered_pricing_type":"fixed","_sales_rep_tiered_pricing_fixed_rules":[],"yoast_head":"<!-- This site is optimized with the Yoast SEO plugin v23.3 - https:\/\/yoast.com\/wordpress\/plugins\/seo\/ -->\n<title>Bang Einweg-E-Zigarette 36000 Z\u00fcge vollgepackt mit den s\u00fc\u00dfesten Mixed Fruits f\u00fcr ein ultimatives Dampferlebnis dank Mesh Coil | ElementVape.de<\/title>\n<meta name=\"description\" content=\"Wir bieten Bang Einweg-E-Zigarette 36000 Z\u00fcge vollgepackt mit den s\u00fc\u00dfesten Mixed Fruits f\u00fcr ein ultimatives Dampferlebnis dank Mesh Coil , Elementvape.de akzeptieren Gro\u00df-und Einzelhandel Bestellungen.\" \/>\n<meta name=\"robots\" content=\"index, follow, max-snippet:-1, max-image-preview:large, max-video-preview:-1\" \/>\n<link rel=\"canonical\" href=\"https:\/\/www.elementvape.de\/et\/produkt\/bang-einweg-e-zigarette-36000-zuege-vollgepackt-mit-den-suessesten-mixed-fruits-fuer-ein-ultimatives-dampferlebnis-dank-mesh-coil\/\" \/>\n<meta property=\"og:locale\" content=\"et_EE\" \/>\n<meta property=\"og:type\" content=\"article\" \/>\n<meta property=\"og:title\" content=\"Bang Einweg-E-Zigarette 36000 Z\u00fcge vollgepackt mit den s\u00fc\u00dfesten Mixed Fruits f\u00fcr ein ultimatives Dampferlebnis dank Mesh Coil | ElementVape.de\" \/>\n<meta property=\"og:description\" content=\"Wir bieten Bang Einweg-E-Zigarette 36000 Z\u00fcge vollgepackt mit den s\u00fc\u00dfesten Mixed Fruits f\u00fcr ein ultimatives Dampferlebnis dank Mesh Coil , Elementvape.de akzeptieren Gro\u00df-und Einzelhandel Bestellungen.\" \/>\n<meta property=\"og:url\" content=\"https:\/\/www.elementvape.de\/et\/produkt\/bang-einweg-e-zigarette-36000-zuege-vollgepackt-mit-den-suessesten-mixed-fruits-fuer-ein-ultimatives-dampferlebnis-dank-mesh-coil\/\" \/>\n<meta property=\"og:site_name\" content=\"ElementVape.de\" \/>\n<meta property=\"article:modified_time\" content=\"2024-10-09T08:12:36+00:00\" \/>\n<meta property=\"og:image\" content=\"https:\/\/www.elementvape.de\/wp-content\/uploads\/2024\/09\/MIXED-FRUITS-scaled.jpg\" \/>\n\t<meta property=\"og:image:width\" content=\"2560\" \/>\n\t<meta property=\"og:image:height\" content=\"2249\" \/>\n\t<meta property=\"og:image:type\" content=\"image\/jpeg\" \/>\n<meta name=\"twitter:card\" content=\"summary_large_image\" \/>\n<meta name=\"twitter:label1\" content=\"Est. reading time\" \/>\n\t<meta name=\"twitter:data1\" content=\"3 minutit\" \/>\n<script type=\"application\/ld+json\" class=\"yoast-schema-graph\">{\"@context\":\"https:\/\/schema.org\",\"@graph\":[{\"@type\":\"WebPage\",\"@id\":\"https:\/\/www.elementvape.de\/lt\/produkt\/bang-einweg-e-zigarette-36000-zuege-vollgepackt-mit-den-suessesten-mixed-fruits-fuer-ein-ultimatives-dampferlebnis-dank-mesh-coil\/\",\"url\":\"https:\/\/www.elementvape.de\/lt\/produkt\/bang-einweg-e-zigarette-36000-zuege-vollgepackt-mit-den-suessesten-mixed-fruits-fuer-ein-ultimatives-dampferlebnis-dank-mesh-coil\/\",\"name\":\"Bang Einweg-E-Zigarette 36000 Z\u00fcge vollgepackt mit den s\u00fc\u00dfesten Mixed Fruits f\u00fcr ein ultimatives Dampferlebnis dank Mesh Coil | ElementVape.de\",\"isPartOf\":{\"@id\":\"https:\/\/www.elementvape.de\/#website\"},\"primaryImageOfPage\":{\"@id\":\"https:\/\/www.elementvape.de\/lt\/produkt\/bang-einweg-e-zigarette-36000-zuege-vollgepackt-mit-den-suessesten-mixed-fruits-fuer-ein-ultimatives-dampferlebnis-dank-mesh-coil\/#primaryimage\"},\"image\":{\"@id\":\"https:\/\/www.elementvape.de\/lt\/produkt\/bang-einweg-e-zigarette-36000-zuege-vollgepackt-mit-den-suessesten-mixed-fruits-fuer-ein-ultimatives-dampferlebnis-dank-mesh-coil\/#primaryimage\"},\"thumbnailUrl\":\"https:\/\/www.elementvape.de\/wp-content\/uploads\/2024\/09\/MIXED-FRUITS-scaled.jpg\",\"datePublished\":\"2024-09-17T06:06:52+00:00\",\"dateModified\":\"2024-10-09T08:12:36+00:00\",\"description\":\"Wir bieten Bang Einweg-E-Zigarette 36000 Z\u00fcge vollgepackt mit den s\u00fc\u00dfesten Mixed Fruits f\u00fcr ein ultimatives Dampferlebnis dank Mesh Coil , Elementvape.de akzeptieren Gro\u00df-und Einzelhandel Bestellungen.\",\"breadcrumb\":{\"@id\":\"https:\/\/www.elementvape.de\/lt\/produkt\/bang-einweg-e-zigarette-36000-zuege-vollgepackt-mit-den-suessesten-mixed-fruits-fuer-ein-ultimatives-dampferlebnis-dank-mesh-coil\/#breadcrumb\"},\"inLanguage\":\"et\",\"potentialAction\":[{\"@type\":\"ReadAction\",\"target\":[\"https:\/\/www.elementvape.de\/lt\/produkt\/bang-einweg-e-zigarette-36000-zuege-vollgepackt-mit-den-suessesten-mixed-fruits-fuer-ein-ultimatives-dampferlebnis-dank-mesh-coil\/\"]}]},{\"@type\":\"ImageObject\",\"inLanguage\":\"et\",\"@id\":\"https:\/\/www.elementvape.de\/lt\/produkt\/bang-einweg-e-zigarette-36000-zuege-vollgepackt-mit-den-suessesten-mixed-fruits-fuer-ein-ultimatives-dampferlebnis-dank-mesh-coil\/#primaryimage\",\"url\":\"https:\/\/www.elementvape.de\/wp-content\/uploads\/2024\/09\/MIXED-FRUITS-scaled.jpg\",\"contentUrl\":\"https:\/\/www.elementvape.de\/wp-content\/uploads\/2024\/09\/MIXED-FRUITS-scaled.jpg\",\"width\":2560,\"height\":2249,\"caption\":\"MIXED FRUITS\"},{\"@type\":\"BreadcrumbList\",\"@id\":\"https:\/\/www.elementvape.de\/lt\/produkt\/bang-einweg-e-zigarette-36000-zuege-vollgepackt-mit-den-suessesten-mixed-fruits-fuer-ein-ultimatives-dampferlebnis-dank-mesh-coil\/#breadcrumb\",\"itemListElement\":[{\"@type\":\"ListItem\",\"position\":1,\"name\":\"Home\",\"item\":\"https:\/\/www.elementvape.de\/\"},{\"@type\":\"ListItem\",\"position\":2,\"name\":\"Shop\",\"item\":\"https:\/\/www.elementvape.de\/shop\/\"},{\"@type\":\"ListItem\",\"position\":3,\"name\":\"Bang Einweg-E-Zigarette 36000 Z\u00fcge vollgepackt mit den s\u00fc\u00dfesten Mixed Fruits f\u00fcr ein ultimatives Dampferlebnis dank Mesh Coil\"}]},{\"@type\":\"WebSite\",\"@id\":\"https:\/\/www.elementvape.de\/#website\",\"url\":\"https:\/\/www.elementvape.de\/\",\"name\":\"ElementVape.de\",\"description\":\"\",\"publisher\":{\"@id\":\"https:\/\/www.elementvape.de\/#organization\"},\"potentialAction\":[{\"@type\":\"SearchAction\",\"target\":{\"@type\":\"EntryPoint\",\"urlTemplate\":\"https:\/\/www.elementvape.de\/?s={search_term_string}\"},\"query-input\":\"required name=search_term_string\"}],\"inLanguage\":\"et\"},{\"@type\":\"Organization\",\"@id\":\"https:\/\/www.elementvape.de\/#organization\",\"name\":\"ElementVape.DE\",\"url\":\"https:\/\/www.elementvape.de\/\",\"logo\":{\"@type\":\"ImageObject\",\"inLanguage\":\"et\",\"@id\":\"https:\/\/www.elementvape.de\/#\/schema\/logo\/image\/\",\"url\":\"https:\/\/www.elementvape.de\/wp-content\/uploads\/2024\/09\/cropped-1elementvape-3.png\",\"contentUrl\":\"https:\/\/www.elementvape.de\/wp-content\/uploads\/2024\/09\/cropped-1elementvape-3.png\",\"width\":285,\"height\":228,\"caption\":\"ElementVape.DE\"},\"image\":{\"@id\":\"https:\/\/www.elementvape.de\/#\/schema\/logo\/image\/\"}}]}<\/script>\n<!-- \/ Yoast SEO plugin. -->","yoast_head_json":{"title":"Bang Einweg-E-Zigarette 36000 Z\u00fcge vollgepackt mit den s\u00fc\u00dfesten Mixed Fruits f\u00fcr ein ultimatives Dampferlebnis dank Mesh Coil | ElementVape.de","description":"Wir bieten Bang Einweg-E-Zigarette 36000 Z\u00fcge vollgepackt mit den s\u00fc\u00dfesten Mixed Fruits f\u00fcr ein ultimatives Dampferlebnis dank Mesh Coil , Elementvape.de akzeptieren Gro\u00df-und Einzelhandel Bestellungen.","robots":{"index":"index","follow":"follow","max-snippet":"max-snippet:-1","max-image-preview":"max-image-preview:large","max-video-preview":"max-video-preview:-1"},"canonical":"https:\/\/www.elementvape.de\/et\/produkt\/bang-einweg-e-zigarette-36000-zuege-vollgepackt-mit-den-suessesten-mixed-fruits-fuer-ein-ultimatives-dampferlebnis-dank-mesh-coil\/","og_locale":"et_EE","og_type":"article","og_title":"Bang Einweg-E-Zigarette 36000 Z\u00fcge vollgepackt mit den s\u00fc\u00dfesten Mixed Fruits f\u00fcr ein ultimatives Dampferlebnis dank Mesh Coil | ElementVape.de","og_description":"Wir bieten Bang Einweg-E-Zigarette 36000 Z\u00fcge vollgepackt mit den s\u00fc\u00dfesten Mixed Fruits f\u00fcr ein ultimatives Dampferlebnis dank Mesh Coil , Elementvape.de akzeptieren Gro\u00df-und Einzelhandel Bestellungen.","og_url":"https:\/\/www.elementvape.de\/et\/produkt\/bang-einweg-e-zigarette-36000-zuege-vollgepackt-mit-den-suessesten-mixed-fruits-fuer-ein-ultimatives-dampferlebnis-dank-mesh-coil\/","og_site_name":"ElementVape.de","article_modified_time":"2024-10-09T08:12:36+00:00","og_image":[{"width":2560,"height":2249,"url":"https:\/\/www.elementvape.de\/wp-content\/uploads\/2024\/09\/MIXED-FRUITS-scaled.jpg","type":"image\/jpeg"}],"twitter_card":"summary_large_image","twitter_misc":{"Est. reading time":"3 minutit"},"schema":{"@context":"https:\/\/schema.org","@graph":[{"@type":"WebPage","@id":"https:\/\/www.elementvape.de\/lt\/produkt\/bang-einweg-e-zigarette-36000-zuege-vollgepackt-mit-den-suessesten-mixed-fruits-fuer-ein-ultimatives-dampferlebnis-dank-mesh-coil\/","url":"https:\/\/www.elementvape.de\/lt\/produkt\/bang-einweg-e-zigarette-36000-zuege-vollgepackt-mit-den-suessesten-mixed-fruits-fuer-ein-ultimatives-dampferlebnis-dank-mesh-coil\/","name":"Bang Einweg-E-Zigarette 36000 Z\u00fcge vollgepackt mit den s\u00fc\u00dfesten Mixed Fruits f\u00fcr ein ultimatives Dampferlebnis dank Mesh Coil | ElementVape.de","isPartOf":{"@id":"https:\/\/www.elementvape.de\/#website"},"primaryImageOfPage":{"@id":"https:\/\/www.elementvape.de\/lt\/produkt\/bang-einweg-e-zigarette-36000-zuege-vollgepackt-mit-den-suessesten-mixed-fruits-fuer-ein-ultimatives-dampferlebnis-dank-mesh-coil\/#primaryimage"},"image":{"@id":"https:\/\/www.elementvape.de\/lt\/produkt\/bang-einweg-e-zigarette-36000-zuege-vollgepackt-mit-den-suessesten-mixed-fruits-fuer-ein-ultimatives-dampferlebnis-dank-mesh-coil\/#primaryimage"},"thumbnailUrl":"https:\/\/www.elementvape.de\/wp-content\/uploads\/2024\/09\/MIXED-FRUITS-scaled.jpg","datePublished":"2024-09-17T06:06:52+00:00","dateModified":"2024-10-09T08:12:36+00:00","description":"Wir bieten Bang Einweg-E-Zigarette 36000 Z\u00fcge vollgepackt mit den s\u00fc\u00dfesten Mixed Fruits f\u00fcr ein ultimatives Dampferlebnis dank Mesh Coil , Elementvape.de akzeptieren Gro\u00df-und Einzelhandel Bestellungen.","breadcrumb":{"@id":"https:\/\/www.elementvape.de\/lt\/produkt\/bang-einweg-e-zigarette-36000-zuege-vollgepackt-mit-den-suessesten-mixed-fruits-fuer-ein-ultimatives-dampferlebnis-dank-mesh-coil\/#breadcrumb"},"inLanguage":"et","potentialAction":[{"@type":"ReadAction","target":["https:\/\/www.elementvape.de\/lt\/produkt\/bang-einweg-e-zigarette-36000-zuege-vollgepackt-mit-den-suessesten-mixed-fruits-fuer-ein-ultimatives-dampferlebnis-dank-mesh-coil\/"]}]},{"@type":"ImageObject","inLanguage":"et","@id":"https:\/\/www.elementvape.de\/lt\/produkt\/bang-einweg-e-zigarette-36000-zuege-vollgepackt-mit-den-suessesten-mixed-fruits-fuer-ein-ultimatives-dampferlebnis-dank-mesh-coil\/#primaryimage","url":"https:\/\/www.elementvape.de\/wp-content\/uploads\/2024\/09\/MIXED-FRUITS-scaled.jpg","contentUrl":"https:\/\/www.elementvape.de\/wp-content\/uploads\/2024\/09\/MIXED-FRUITS-scaled.jpg","width":2560,"height":2249,"caption":"MIXED FRUITS"},{"@type":"BreadcrumbList","@id":"https:\/\/www.elementvape.de\/lt\/produkt\/bang-einweg-e-zigarette-36000-zuege-vollgepackt-mit-den-suessesten-mixed-fruits-fuer-ein-ultimatives-dampferlebnis-dank-mesh-coil\/#breadcrumb","itemListElement":[{"@type":"ListItem","position":1,"name":"Home","item":"https:\/\/www.elementvape.de\/"},{"@type":"ListItem","position":2,"name":"Shop","item":"https:\/\/www.elementvape.de\/shop\/"},{"@type":"ListItem","position":3,"name":"Bang Einweg-E-Zigarette 36000 Z\u00fcge vollgepackt mit den s\u00fc\u00dfesten Mixed Fruits f\u00fcr ein ultimatives Dampferlebnis dank Mesh Coil"}]},{"@type":"WebSite","@id":"https:\/\/www.elementvape.de\/#website","url":"https:\/\/www.elementvape.de\/","name":"ElementVape.de","description":"","publisher":{"@id":"https:\/\/www.elementvape.de\/#organization"},"potentialAction":[{"@type":"SearchAction","target":{"@type":"EntryPoint","urlTemplate":"https:\/\/www.elementvape.de\/?s={search_term_string}"},"query-input":"required name=search_term_string"}],"inLanguage":"et"},{"@type":"Organization","@id":"https:\/\/www.elementvape.de\/#organization","name":"ElementVape.DE","url":"https:\/\/www.elementvape.de\/","logo":{"@type":"ImageObject","inLanguage":"et","@id":"https:\/\/www.elementvape.de\/#\/schema\/logo\/image\/","url":"https:\/\/www.elementvape.de\/wp-content\/uploads\/2024\/09\/cropped-1elementvape-3.png","contentUrl":"https:\/\/www.elementvape.de\/wp-content\/uploads\/2024\/09\/cropped-1elementvape-3.png","width":285,"height":228,"caption":"ElementVape.DE"},"image":{"@id":"https:\/\/www.elementvape.de\/#\/schema\/logo\/image\/"}}]}},"_links":{"self":[{"href":"https:\/\/www.elementvape.de\/et\/wp-json\/wp\/v2\/product\/14361"}],"collection":[{"href":"https:\/\/www.elementvape.de\/et\/wp-json\/wp\/v2\/product"}],"about":[{"href":"https:\/\/www.elementvape.de\/et\/wp-json\/wp\/v2\/types\/product"}],"wp:featuredmedia":[{"embeddable":true,"href":"https:\/\/www.elementvape.de\/et\/wp-json\/wp\/v2\/media\/14357"}],"wp:attachment":[{"href":"https:\/\/www.elementvape.de\/et\/wp-json\/wp\/v2\/media?parent=14361"}],"wp:term":[{"taxonomy":"product_cat","embeddable":true,"href":"https:\/\/www.elementvape.de\/et\/wp-json\/wp\/v2\/product_cat?post=14361"},{"taxonomy":"product_tag","embeddable":true,"href":"https:\/\/www.elementvape.de\/et\/wp-json\/wp\/v2\/product_tag?post=14361"}],"curies":[{"name":"wp","href":"https:\/\/api.w.org\/{rel}","templated":true}]}}