{"id":14314,"date":"2024-09-13T08:13:55","date_gmt":"2024-09-13T08:13:55","guid":{"rendered":"https:\/\/www.elementvape.de\/?post_type=product&#038;p=14314"},"modified":"2024-10-31T03:07:58","modified_gmt":"2024-10-31T03:07:58","slug":"dual-flavor-sensation-bang-king-color-30000-puffs-energie-und-frische-in-jedem-zug-red-bull-und-blueberry-watermelon-30000-puffs-einweg-e-zigarette","status":"publish","type":"product","link":"https:\/\/www.elementvape.de\/et\/produkt\/dual-flavor-sensation-bang-king-color-30000-puffs-energie-und-frische-in-jedem-zug-red-bull-und-blueberry-watermelon-30000-puffs-einweg-e-zigarette\/","title":{"rendered":"Dual Flavor Sensation Bang KING V\u00e4rv 30000 Puffs, energia ja v\u00e4rskus iga t\u00f5mbega, RED BULL ja BLUEBERRY WATERMELON 30000 Puffs \u00fchekordne E-sigarett"},"content":{"rendered":"<h2>Toote tutvustus: Bang KING Color 30000 mahvi kahekordse maitsega \u2013 energia ja v\u00e4rskus igal t\u00f5mbel<\/h2>\n<p>\u00dchekordsete e-sigarettide valdkonnas on Bang KING Color 30000 mahvi kahekordse maitsega osutunud t\u00f5eliseks uuenduseks. Kombinatsioon tohutust mahvide arvust, erakordsest maitsevalikust ja kaasaegsetest funktsioonidest seab see seade uued standardid. See tutvustus pakub \u00fcksikasjalikku \u00fclevaadet selle toote paljudest eelistest ja ainulaadsetest funktsioonidest, mis on atraktiivne valik nii <strong><a href=\"https:\/\/www.elementvape.de\/et\/\">e-sigarettidele<\/a><\/strong>-entusiastidele kui ka algajatele.<\/p>\n<p>Bang KING Color 30000 mahvi kahekordse maitsega \u00fchekordne e-sigaret on suunatud k\u00f5igile, kes otsivad usaldusv\u00e4\u00e4rset, kauakestvat ja suure j\u00f5udlusega seadet. Muljetavaldava 30000 mahvi mahutavusega tagab see toode kauakestva veipimiskogemuse, ilma et oleks vaja sagedast vahetamist. See muudab selle ideaalseks igap\u00e4evaseks kasutamiseks ja k\u00f5igile, kes peavad aktiivset elustiili ega soovi pidevalt uut seadet osta.<\/p>\n<p>Tehnilised andmed l\u00fchidalt:<\/p>\n<ul>\n<li>Mudelinumber: Bang 30000 mahvi kahekordse maitsega \u00fchekordne<\/li>\n<li>Mesh Coil: 1.0 oomi \u2013 \u00fchtlase auru ja intensiivse maitse jaoks<\/li>\n<li>E-vedeliku maht: 36 ml \u2013 pikaajaliseks kasutamiseks<\/li>\n<li>N-sisaldus: 2% v\u00f5i 5% \u2013 individuaalselt kohandatav vastavalt isiklikele eelistustele<\/li>\n<li>Aku mahutavus: 550 mAh \u2013 laetav Type-C-pordiga<\/li>\n<li>Ekraan: LED-digitaalkuva \u2013 seadme ja maitse seadete lihtsaks j\u00e4lgimiseks<\/li>\n<\/ul>\n<h3>Kahekordsed maitsevalikud \u2013 Red Bull ja Blueberry Watermelon<\/h3>\n<p>\u00dcks Bang KING Color 30000 mahvi kahekordse maitsega esilet\u00f5stmistest on ainulaadne v\u00f5imalus vahetada kahe maitse vahel. Lihtsa liigutusega saavad kasutajad l\u00fclituda Red Bulli energiat andvalt maitsele ja mustika-arbuusi puuviljaselt v\u00e4rskusele. See tagab vahelduse, mida tavaliste e-sigarettide puhul harva leidub.<\/p>\n<ul>\n<li>Red Bull: K\u00f5igile neile, kes armastavad ergutava energiajoogi maitset, pakub see e-sigaret intensiivset, kihisevat elamust, mis elavdab meeli. Aroomid on hoolikalt komponeeritud, et j\u00e4ljendada populaarse joogi t\u00f5elist maitset ja pakkuda t\u00e4iuslikku v\u00f5imalust k\u00f5igile, kes soovivad veipimisel energias\u00fcst.<\/li>\n<li>Blueberry Watermelon: V\u00e4rskendav segu magusast mustikast ja mahlasest arbuusist. See kombinatsioon on ideaalne soojadeks p\u00e4evadeks v\u00f5i lihtsalt siis, kui soovite puuviljast, meeldivat veipimiskogemust. Tasakaalustatud segu pakub nii magusust kui ka v\u00e4rskust, mis tagab igak\u00fclgselt eduka veipimiskogemuse.<\/li>\n<\/ul>\n<h3>T\u00e4iustatud Mesh Coil-tehnoloogia<\/h3>\n<p>Bang KING Coloris kasutatav 1.0 oomi Mesh Coil-tehnoloogia aitab oluliselt kaasa sellele, et seade pakub \u00fchtlast, \u00fchtlast veipimiskogemust. Mesh Coilidel on see eelis, et neil on suurem pindala e-vedeliku kuumutamiseks, mis tagab tihedama auru ja intensiivsema maitse. Lisaks hoiab see tehnoloogia \u00e4ra Dry Hit'ide riski ja pikendab Coili eluiga.<\/p>\n<p>36 ml e-vedeliku mahutavusega on Bang KING Color \u00fcks suurimaid turul saadaolevaid <strong><a href=\"https:\/\/www.elementvape.de\/et\/c\/einweg-zigarette\/\" target=\"_blank\" rel=\"noopener\">\u00dchekordselt kasutatavad e-sigaretid<\/a><\/strong>. See t\u00e4hendab, et kasutajad saavad nautida pikka aega, ilma et peaksid muretsema seadme t\u00e4itmise v\u00f5i vahetamise p\u00e4rast. Eriti sagedastele kasutajatele on see funktsioon \u00e4\u00e4rmiselt praktiline.<\/p>\n<p>Bang KING Color 30000 mahvi pakub valikut N-sisaldust: kas 2% v\u00f5i 5%. See paindlikkus v\u00f5imaldab N-sisalduse intensiivsust individuaalselt oma eelistustele vastavaks kohandada. \u00dcksk\u00f5ik, kas eelistate pigem mahedat v\u00f5i tugevamat N-sisaldust \u2013 Bang KING Color vastab m\u00f5lemale n\u00f5udele.<\/p>\n<p>Veel \u00fcks silmapaistev omadus Bang KING Color'is on integreeritud 550 mAh aku. Kuigi seadet on m\u00f5eldud \u00fchekordseks kasutamiseks, v\u00f5imaldab taask\u00e4ivitatav aku eriti pika kasutusaja. Type-C \u00fchenduse kaudu tagatakse kiire ja lihtne laadimine. See funktsioon tagab, et seade j\u00e4\u00e4b ka pikema kasutamise j\u00e4rel usaldusv\u00e4\u00e4rseks ning kasutajad ei pea muretsema pikkade laadimisaegade p\u00e4rast.<\/p>\n<h3>Innovatiivne LED-digitaalse n\u00e4idik, mis v\u00f5imaldab lihtsat kasutamist<\/h3>\n<p>Bang KING Color'i kaasaegne LED-digitaalse n\u00e4idik v\u00f5imaldab kasutajatel h\u00f5lpsasti lugeda seadme praegust olekut, nagu aku tase ja aktiivne maitse seadistus. See intuitiivne n\u00e4idik on eriti kasulik aku kestvuse j\u00e4lgimiseks ja maitsete vahetamise sihip\u00e4raseks tegemiseks.<\/p>\n<p>Selle \u00fchekordse e-sigareti absoluutne tipp on topeltmaitse funktsioon. See v\u00f5imaldab kasutajal vahetada kahe maitse vahel vastavalt eelistustele. Lihtne nupp v\u00f5i l\u00fcliti muudab maitseid, nii et saate igal ajal valida v\u00e4rskendava Red Bulli v\u00f5i maheda Blueberry Watermeloni vahel. See paindlikkus pakub mitmekesisust ning v\u00f5imaldab teil optimaalselt kohandada suitsutamiskogemust vastavalt oma meeleolule v\u00f5i olukorrale.<\/p>\n<p>Bang KING Color 30000 Puffs Dual Flavor eristub kompaktse, vastupidava disainiga, mis istub h\u00e4sti nii k\u00e4es kui ka taskus. Hoolimata muljetavaldavast 36 ml e-vedeliku mahutavusest ja 30000 suitsust, j\u00e4\u00e4b seade k\u00e4ep\u00e4raseks ja kaasaskantavaks. See on eriti sobiv suitsutajatele, kes ei soovi mugavusest ja stiilist loobuda teel olles.<\/p>\n<p>Ergonoomiline disain muudab seadme hoidmise lihtsamaks, samas kui h\u00e4sti paigutatud LED-n\u00e4idik ja intuitiivne kasutajaliides suurendavad kasutusmugavust. Ka laadimis\u00fchendus ja maitsete valik on h\u00f5lpsasti ligip\u00e4\u00e4setavad, mis muudab kasutamise veelgi mugavamaks.<\/p>\n<h3>J\u00e4tkusuutlikkus ja vastutus<\/h3>\n<p>Kuigi Bang KING Color on m\u00f5eldud \u00fchekordseks kasutamiseks, v\u00f5imaldab taask\u00e4ivitatav aku seadme eluiga pikendada v\u00f5rreldes tavap\u00e4raste \u00fchekordsete e-sigarettidega. See aitab v\u00e4hendada pr\u00fcgi, kuna seda tuleb harvemini \u00e4ra visata. Siiski on oluline p\u00e4rast seadme t\u00e4ielikku kasutamist see keskkonnas\u00f5bralikult utiliseerida, et minimeerida m\u00f5ju keskkonnale.<\/p>\n<p>Bang KING Color 30000 Puffs Topeltmaitse <strong><a href=\"https:\/\/www.elementvape.de\/et\/c\/einweg-zigarette\/\" target=\"_blank\" rel=\"noopener\">\u00dchekordne E-s\u00fc\u00fctaja<\/a><\/strong> seadistab uusi standardeid \u00fchekordsete toodete valdkonnas. K\u00f5rge suitsu mahutavuse, kahe p\u00f5neva maitse, v\u00f5imsa aku ja arenenud Mesh Coil tehnoloogia kombinatsiooniga on see seade suunatud suitsutajatele, kes soovivad oma kogemust maksimaalselt nautida. Kas eelistate v\u00e4rskendavat Red Bulli maitset v\u00f5i soovite nautida marjaseid ja arbuusi maitseid \u2013 Bang KING Color pakub m\u00f5lemat.<\/p>\n<p>Kaasaegse disaini, kasutajas\u00f5braliku kasutamise ja v\u00f5imalusega valida erinevate N-sisalduse vahel, on Bang KING Color l\u00e4bim\u00f5eldud ja v\u00f5imas valik iga suitsutaja jaoks. Toode, mis ei j\u00e4ta soove t\u00e4itmata \u2013 Bang KING Color 30000 Puffs Dual Flavor pakub energiat ja v\u00e4rskust iga t\u00f5mbega.<\/p>","protected":false},"excerpt":{"rendered":"<p>Produkteinf\u00fchrung: Bang KING Color 30000 Puffs Dual Flavor \u2013 Energie und Frische bei jedem Zug Im Bereich der Einweg-E-Zigaretten hat sich die Bang KING Color 30000 Puffs Dual Flavor als echte Innovation hervorgetan. Mit der Kombination aus enormer Puffs-Kapazit\u00e4t, au\u00dfergew\u00f6hnlicher Geschmacksvielfalt und modernen Features setzt dieses Ger\u00e4t neue Ma\u00dfst\u00e4be. Diese Einf\u00fchrung bietet eine detaillierte \u00dcbersicht [&hellip;]<\/p>","protected":false},"featured_media":14315,"template":"","meta":{"inline_featured_image":false},"product_cat":[758,772,78,750,737,736,749,752,756],"product_tag":[710,757],"tiered_pricing_type":"fixed","tiered_pricing_fixed_rules":{"60":"8.54","110":"7.59","200":"6.64"},"tiered_pricing_percentage_rules":[],"tiered_pricing_minimum":1,"_administrator_tiered_pricing_type":"fixed","_administrator_tiered_pricing_fixed_rules":[],"_editor_tiered_pricing_type":"fixed","_editor_tiered_pricing_fixed_rules":[],"_author_tiered_pricing_type":"fixed","_author_tiered_pricing_fixed_rules":[],"_contributor_tiered_pricing_type":"fixed","_contributor_tiered_pricing_fixed_rules":[],"_subscriber_tiered_pricing_type":"fixed","_subscriber_tiered_pricing_fixed_rules":[],"_customer_tiered_pricing_type":"fixed","_customer_tiered_pricing_fixed_rules":[],"_shop_manager_tiered_pricing_type":"fixed","_shop_manager_tiered_pricing_fixed_rules":[],"_wpseo_manager_tiered_pricing_type":"fixed","_wpseo_manager_tiered_pricing_fixed_rules":[],"_wpseo_editor_tiered_pricing_type":"fixed","_wpseo_editor_tiered_pricing_fixed_rules":[],"_wholesale_customer_tiered_pricing_type":"fixed","_wholesale_customer_tiered_pricing_fixed_rules":[],"_marketer_tiered_pricing_type":"fixed","_marketer_tiered_pricing_fixed_rules":[],"_sales_manager_tiered_pricing_type":"fixed","_sales_manager_tiered_pricing_fixed_rules":[],"_sales_rep_tiered_pricing_type":"fixed","_sales_rep_tiered_pricing_fixed_rules":[],"yoast_head":"<!-- This site is optimized with the Yoast SEO plugin v23.3 - https:\/\/yoast.com\/wordpress\/plugins\/seo\/ -->\n<title>Dual Flavor Sensation Bang KING Color 30000 Puffs Energie und Frische in jedem Zug RED BULL Und BLUEBERRY WATERMELON 30000 Puffs Einweg-E-Zigarette | ElementVape.de<\/title>\n<meta name=\"description\" content=\"Wir bieten Dual Flavor Sensation Bang KING Color 30000 Puffs Energie und Frische in jedem Zug RED BULL Und BLUEBERRY WATERMELON 30000 Puffs Einweg-E-Zigarette , Elementvape.de akzeptieren Gro\u00df-und Einzelhandel Bestellungen.\" \/>\n<meta name=\"robots\" content=\"index, follow, max-snippet:-1, max-image-preview:large, max-video-preview:-1\" \/>\n<link rel=\"canonical\" href=\"https:\/\/www.elementvape.de\/et\/produkt\/dual-flavor-sensation-bang-king-color-30000-puffs-energie-und-frische-in-jedem-zug-red-bull-und-blueberry-watermelon-30000-puffs-einweg-e-zigarette\/\" \/>\n<meta property=\"og:locale\" content=\"et_EE\" \/>\n<meta property=\"og:type\" content=\"article\" \/>\n<meta property=\"og:title\" content=\"Dual Flavor Sensation Bang KING Color 30000 Puffs Energie und Frische in jedem Zug RED BULL Und BLUEBERRY WATERMELON 30000 Puffs Einweg-E-Zigarette | ElementVape.de\" \/>\n<meta property=\"og:description\" content=\"Wir bieten Dual Flavor Sensation Bang KING Color 30000 Puffs Energie und Frische in jedem Zug RED BULL Und BLUEBERRY WATERMELON 30000 Puffs Einweg-E-Zigarette , Elementvape.de akzeptieren Gro\u00df-und Einzelhandel Bestellungen.\" \/>\n<meta property=\"og:url\" content=\"https:\/\/www.elementvape.de\/et\/produkt\/dual-flavor-sensation-bang-king-color-30000-puffs-energie-und-frische-in-jedem-zug-red-bull-und-blueberry-watermelon-30000-puffs-einweg-e-zigarette\/\" \/>\n<meta property=\"og:site_name\" content=\"ElementVape.de\" \/>\n<meta property=\"article:modified_time\" content=\"2024-10-31T03:07:58+00:00\" \/>\n<meta property=\"og:image\" content=\"https:\/\/www.elementvape.de\/wp-content\/uploads\/2024\/09\/RED-BULL-Und-BLUEBERRY-WATERMELON.png\" \/>\n\t<meta property=\"og:image:width\" content=\"4000\" \/>\n\t<meta property=\"og:image:height\" content=\"2413\" \/>\n\t<meta property=\"og:image:type\" content=\"image\/png\" \/>\n<meta name=\"twitter:card\" content=\"summary_large_image\" \/>\n<meta name=\"twitter:label1\" content=\"Est. reading time\" \/>\n\t<meta name=\"twitter:data1\" content=\"6 minutit\" \/>\n<script type=\"application\/ld+json\" class=\"yoast-schema-graph\">{\"@context\":\"https:\/\/schema.org\",\"@graph\":[{\"@type\":\"WebPage\",\"@id\":\"https:\/\/www.elementvape.de\/produkt\/dual-flavor-sensation-bang-king-color-30000-puffs-energie-und-frische-in-jedem-zug-red-bull-und-blueberry-watermelon-30000-puffs-einweg-e-zigarette\/\",\"url\":\"https:\/\/www.elementvape.de\/produkt\/dual-flavor-sensation-bang-king-color-30000-puffs-energie-und-frische-in-jedem-zug-red-bull-und-blueberry-watermelon-30000-puffs-einweg-e-zigarette\/\",\"name\":\"Dual Flavor Sensation Bang KING Color 30000 Puffs Energie und Frische in jedem Zug RED BULL Und BLUEBERRY WATERMELON 30000 Puffs Einweg-E-Zigarette | ElementVape.de\",\"isPartOf\":{\"@id\":\"https:\/\/www.elementvape.de\/#website\"},\"primaryImageOfPage\":{\"@id\":\"https:\/\/www.elementvape.de\/produkt\/dual-flavor-sensation-bang-king-color-30000-puffs-energie-und-frische-in-jedem-zug-red-bull-und-blueberry-watermelon-30000-puffs-einweg-e-zigarette\/#primaryimage\"},\"image\":{\"@id\":\"https:\/\/www.elementvape.de\/produkt\/dual-flavor-sensation-bang-king-color-30000-puffs-energie-und-frische-in-jedem-zug-red-bull-und-blueberry-watermelon-30000-puffs-einweg-e-zigarette\/#primaryimage\"},\"thumbnailUrl\":\"https:\/\/www.elementvape.de\/wp-content\/uploads\/2024\/09\/RED-BULL-Und-BLUEBERRY-WATERMELON.png\",\"datePublished\":\"2024-09-13T08:13:55+00:00\",\"dateModified\":\"2024-10-31T03:07:58+00:00\",\"description\":\"Wir bieten Dual Flavor Sensation Bang KING Color 30000 Puffs Energie und Frische in jedem Zug RED BULL Und BLUEBERRY WATERMELON 30000 Puffs Einweg-E-Zigarette , Elementvape.de akzeptieren Gro\u00df-und Einzelhandel Bestellungen.\",\"breadcrumb\":{\"@id\":\"https:\/\/www.elementvape.de\/produkt\/dual-flavor-sensation-bang-king-color-30000-puffs-energie-und-frische-in-jedem-zug-red-bull-und-blueberry-watermelon-30000-puffs-einweg-e-zigarette\/#breadcrumb\"},\"inLanguage\":\"et\",\"potentialAction\":[{\"@type\":\"ReadAction\",\"target\":[\"https:\/\/www.elementvape.de\/produkt\/dual-flavor-sensation-bang-king-color-30000-puffs-energie-und-frische-in-jedem-zug-red-bull-und-blueberry-watermelon-30000-puffs-einweg-e-zigarette\/\"]}]},{\"@type\":\"ImageObject\",\"inLanguage\":\"et\",\"@id\":\"https:\/\/www.elementvape.de\/produkt\/dual-flavor-sensation-bang-king-color-30000-puffs-energie-und-frische-in-jedem-zug-red-bull-und-blueberry-watermelon-30000-puffs-einweg-e-zigarette\/#primaryimage\",\"url\":\"https:\/\/www.elementvape.de\/wp-content\/uploads\/2024\/09\/RED-BULL-Und-BLUEBERRY-WATERMELON.png\",\"contentUrl\":\"https:\/\/www.elementvape.de\/wp-content\/uploads\/2024\/09\/RED-BULL-Und-BLUEBERRY-WATERMELON.png\",\"width\":4000,\"height\":2413,\"caption\":\"RED BULL Und BLUEBERRY WATERMELON\"},{\"@type\":\"BreadcrumbList\",\"@id\":\"https:\/\/www.elementvape.de\/produkt\/dual-flavor-sensation-bang-king-color-30000-puffs-energie-und-frische-in-jedem-zug-red-bull-und-blueberry-watermelon-30000-puffs-einweg-e-zigarette\/#breadcrumb\",\"itemListElement\":[{\"@type\":\"ListItem\",\"position\":1,\"name\":\"Home\",\"item\":\"https:\/\/www.elementvape.de\/\"},{\"@type\":\"ListItem\",\"position\":2,\"name\":\"Shop\",\"item\":\"https:\/\/www.elementvape.de\/shop\/\"},{\"@type\":\"ListItem\",\"position\":3,\"name\":\"Dual Flavor Sensation Bang KING Color 30000 Puffs Energie und Frische in jedem Zug RED BULL Und BLUEBERRY WATERMELON 30000 Puffs Einweg-E-Zigarette\"}]},{\"@type\":\"WebSite\",\"@id\":\"https:\/\/www.elementvape.de\/#website\",\"url\":\"https:\/\/www.elementvape.de\/\",\"name\":\"ElementVape.de\",\"description\":\"\",\"publisher\":{\"@id\":\"https:\/\/www.elementvape.de\/#organization\"},\"potentialAction\":[{\"@type\":\"SearchAction\",\"target\":{\"@type\":\"EntryPoint\",\"urlTemplate\":\"https:\/\/www.elementvape.de\/?s={search_term_string}\"},\"query-input\":\"required name=search_term_string\"}],\"inLanguage\":\"et\"},{\"@type\":\"Organization\",\"@id\":\"https:\/\/www.elementvape.de\/#organization\",\"name\":\"ElementVape.DE\",\"url\":\"https:\/\/www.elementvape.de\/\",\"logo\":{\"@type\":\"ImageObject\",\"inLanguage\":\"et\",\"@id\":\"https:\/\/www.elementvape.de\/#\/schema\/logo\/image\/\",\"url\":\"https:\/\/www.elementvape.de\/wp-content\/uploads\/2024\/09\/cropped-1elementvape-3.png\",\"contentUrl\":\"https:\/\/www.elementvape.de\/wp-content\/uploads\/2024\/09\/cropped-1elementvape-3.png\",\"width\":285,\"height\":228,\"caption\":\"ElementVape.DE\"},\"image\":{\"@id\":\"https:\/\/www.elementvape.de\/#\/schema\/logo\/image\/\"}}]}<\/script>\n<!-- \/ Yoast SEO plugin. -->","yoast_head_json":{"title":"Dual Flavor Sensation Bang KING Color 30000 Puffs Energie und Frische in jedem Zug RED BULL Und BLUEBERRY WATERMELON 30000 Puffs Einweg-E-Zigarette | ElementVape.de","description":"Wir bieten Dual Flavor Sensation Bang KING Color 30000 Puffs Energie und Frische in jedem Zug RED BULL Und BLUEBERRY WATERMELON 30000 Puffs Einweg-E-Zigarette , Elementvape.de akzeptieren Gro\u00df-und Einzelhandel Bestellungen.","robots":{"index":"index","follow":"follow","max-snippet":"max-snippet:-1","max-image-preview":"max-image-preview:large","max-video-preview":"max-video-preview:-1"},"canonical":"https:\/\/www.elementvape.de\/et\/produkt\/dual-flavor-sensation-bang-king-color-30000-puffs-energie-und-frische-in-jedem-zug-red-bull-und-blueberry-watermelon-30000-puffs-einweg-e-zigarette\/","og_locale":"et_EE","og_type":"article","og_title":"Dual Flavor Sensation Bang KING Color 30000 Puffs Energie und Frische in jedem Zug RED BULL Und BLUEBERRY WATERMELON 30000 Puffs Einweg-E-Zigarette | ElementVape.de","og_description":"Wir bieten Dual Flavor Sensation Bang KING Color 30000 Puffs Energie und Frische in jedem Zug RED BULL Und BLUEBERRY WATERMELON 30000 Puffs Einweg-E-Zigarette , Elementvape.de akzeptieren Gro\u00df-und Einzelhandel Bestellungen.","og_url":"https:\/\/www.elementvape.de\/et\/produkt\/dual-flavor-sensation-bang-king-color-30000-puffs-energie-und-frische-in-jedem-zug-red-bull-und-blueberry-watermelon-30000-puffs-einweg-e-zigarette\/","og_site_name":"ElementVape.de","article_modified_time":"2024-10-31T03:07:58+00:00","og_image":[{"width":4000,"height":2413,"url":"https:\/\/www.elementvape.de\/wp-content\/uploads\/2024\/09\/RED-BULL-Und-BLUEBERRY-WATERMELON.png","type":"image\/png"}],"twitter_card":"summary_large_image","twitter_misc":{"Est. reading time":"6 minutit"},"schema":{"@context":"https:\/\/schema.org","@graph":[{"@type":"WebPage","@id":"https:\/\/www.elementvape.de\/produkt\/dual-flavor-sensation-bang-king-color-30000-puffs-energie-und-frische-in-jedem-zug-red-bull-und-blueberry-watermelon-30000-puffs-einweg-e-zigarette\/","url":"https:\/\/www.elementvape.de\/produkt\/dual-flavor-sensation-bang-king-color-30000-puffs-energie-und-frische-in-jedem-zug-red-bull-und-blueberry-watermelon-30000-puffs-einweg-e-zigarette\/","name":"Dual Flavor Sensation Bang KING Color 30000 Puffs Energie und Frische in jedem Zug RED BULL Und BLUEBERRY WATERMELON 30000 Puffs Einweg-E-Zigarette | ElementVape.de","isPartOf":{"@id":"https:\/\/www.elementvape.de\/#website"},"primaryImageOfPage":{"@id":"https:\/\/www.elementvape.de\/produkt\/dual-flavor-sensation-bang-king-color-30000-puffs-energie-und-frische-in-jedem-zug-red-bull-und-blueberry-watermelon-30000-puffs-einweg-e-zigarette\/#primaryimage"},"image":{"@id":"https:\/\/www.elementvape.de\/produkt\/dual-flavor-sensation-bang-king-color-30000-puffs-energie-und-frische-in-jedem-zug-red-bull-und-blueberry-watermelon-30000-puffs-einweg-e-zigarette\/#primaryimage"},"thumbnailUrl":"https:\/\/www.elementvape.de\/wp-content\/uploads\/2024\/09\/RED-BULL-Und-BLUEBERRY-WATERMELON.png","datePublished":"2024-09-13T08:13:55+00:00","dateModified":"2024-10-31T03:07:58+00:00","description":"Wir bieten Dual Flavor Sensation Bang KING Color 30000 Puffs Energie und Frische in jedem Zug RED BULL Und BLUEBERRY WATERMELON 30000 Puffs Einweg-E-Zigarette , Elementvape.de akzeptieren Gro\u00df-und Einzelhandel Bestellungen.","breadcrumb":{"@id":"https:\/\/www.elementvape.de\/produkt\/dual-flavor-sensation-bang-king-color-30000-puffs-energie-und-frische-in-jedem-zug-red-bull-und-blueberry-watermelon-30000-puffs-einweg-e-zigarette\/#breadcrumb"},"inLanguage":"et","potentialAction":[{"@type":"ReadAction","target":["https:\/\/www.elementvape.de\/produkt\/dual-flavor-sensation-bang-king-color-30000-puffs-energie-und-frische-in-jedem-zug-red-bull-und-blueberry-watermelon-30000-puffs-einweg-e-zigarette\/"]}]},{"@type":"ImageObject","inLanguage":"et","@id":"https:\/\/www.elementvape.de\/produkt\/dual-flavor-sensation-bang-king-color-30000-puffs-energie-und-frische-in-jedem-zug-red-bull-und-blueberry-watermelon-30000-puffs-einweg-e-zigarette\/#primaryimage","url":"https:\/\/www.elementvape.de\/wp-content\/uploads\/2024\/09\/RED-BULL-Und-BLUEBERRY-WATERMELON.png","contentUrl":"https:\/\/www.elementvape.de\/wp-content\/uploads\/2024\/09\/RED-BULL-Und-BLUEBERRY-WATERMELON.png","width":4000,"height":2413,"caption":"RED BULL Und BLUEBERRY WATERMELON"},{"@type":"BreadcrumbList","@id":"https:\/\/www.elementvape.de\/produkt\/dual-flavor-sensation-bang-king-color-30000-puffs-energie-und-frische-in-jedem-zug-red-bull-und-blueberry-watermelon-30000-puffs-einweg-e-zigarette\/#breadcrumb","itemListElement":[{"@type":"ListItem","position":1,"name":"Home","item":"https:\/\/www.elementvape.de\/"},{"@type":"ListItem","position":2,"name":"Shop","item":"https:\/\/www.elementvape.de\/shop\/"},{"@type":"ListItem","position":3,"name":"Dual Flavor Sensation Bang KING Color 30000 Puffs Energie und Frische in jedem Zug RED BULL Und BLUEBERRY WATERMELON 30000 Puffs Einweg-E-Zigarette"}]},{"@type":"WebSite","@id":"https:\/\/www.elementvape.de\/#website","url":"https:\/\/www.elementvape.de\/","name":"ElementVape.de","description":"","publisher":{"@id":"https:\/\/www.elementvape.de\/#organization"},"potentialAction":[{"@type":"SearchAction","target":{"@type":"EntryPoint","urlTemplate":"https:\/\/www.elementvape.de\/?s={search_term_string}"},"query-input":"required name=search_term_string"}],"inLanguage":"et"},{"@type":"Organization","@id":"https:\/\/www.elementvape.de\/#organization","name":"ElementVape.DE","url":"https:\/\/www.elementvape.de\/","logo":{"@type":"ImageObject","inLanguage":"et","@id":"https:\/\/www.elementvape.de\/#\/schema\/logo\/image\/","url":"https:\/\/www.elementvape.de\/wp-content\/uploads\/2024\/09\/cropped-1elementvape-3.png","contentUrl":"https:\/\/www.elementvape.de\/wp-content\/uploads\/2024\/09\/cropped-1elementvape-3.png","width":285,"height":228,"caption":"ElementVape.DE"},"image":{"@id":"https:\/\/www.elementvape.de\/#\/schema\/logo\/image\/"}}]}},"_links":{"self":[{"href":"https:\/\/www.elementvape.de\/et\/wp-json\/wp\/v2\/product\/14314"}],"collection":[{"href":"https:\/\/www.elementvape.de\/et\/wp-json\/wp\/v2\/product"}],"about":[{"href":"https:\/\/www.elementvape.de\/et\/wp-json\/wp\/v2\/types\/product"}],"wp:featuredmedia":[{"embeddable":true,"href":"https:\/\/www.elementvape.de\/et\/wp-json\/wp\/v2\/media\/14315"}],"wp:attachment":[{"href":"https:\/\/www.elementvape.de\/et\/wp-json\/wp\/v2\/media?parent=14314"}],"wp:term":[{"taxonomy":"product_cat","embeddable":true,"href":"https:\/\/www.elementvape.de\/et\/wp-json\/wp\/v2\/product_cat?post=14314"},{"taxonomy":"product_tag","embeddable":true,"href":"https:\/\/www.elementvape.de\/et\/wp-json\/wp\/v2\/product_tag?post=14314"}],"curies":[{"name":"wp","href":"https:\/\/api.w.org\/{rel}","templated":true}]}}