{"id":14106,"date":"2024-09-02T09:33:03","date_gmt":"2024-09-02T09:33:03","guid":{"rendered":"https:\/\/www.elementvape.de\/?post_type=product&#038;p=14106"},"modified":"2024-10-15T03:06:35","modified_gmt":"2024-10-15T03:06:35","slug":"waspe-15000-puffs-watermelon-ice-e-zigarette-zollfrei-und-zu-erfrischenden-grosshandelspreisen-fuer-den-perfekten-sommergenuss","status":"publish","type":"product","link":"https:\/\/www.elementvape.de\/et\/produkt\/waspe-15000-puffs-watermelon-ice-e-zigarette-zollfrei-und-zu-erfrischenden-grosshandelspreisen-fuer-den-perfekten-sommergenuss\/","title":{"rendered":"WASPE 15000 PUFFS Vesimeloni J\u00e4\u00e4 E-sigarett, tollivaba ja v\u00e4rskendavate hulgihindadega, et nautida t\u00e4iuslikku suve"},"content":{"rendered":"<h3>WASPE 15000 PUFFS Vesimeloni J\u00e4\u00e4 E-sigarett, tollivaba ja v\u00e4rskendavate hulgihindadega, et nautida t\u00e4iuslikku suve<\/h3>\n<p>WASPE 15000 PUFFS Watermelon Ice E-sigaret on ideaalne valik k\u00f5igile, kes soovivad nautida jahedat ja puuviljast maitset, mis sobib suurep\u00e4raselt kuumadeks suvep\u00e4evadeks. Oma eristuva mahlase arbuusi aroomiga, millele on lisatud v\u00e4rskendav j\u00e4\u00e4-kick, pakub see <strong><a href=\"https:\/\/www.elementvape.de\/et\/\" target=\"_blank\" rel=\"noopener\">E-sigarett<\/a><\/strong> erakordse aurustamiskogemuse, mida teie kliendid armastavad. N\u00fc\u00fcd saadaval tollimaksuvabalt ja atraktiivsete hulgim\u00fc\u00fcgihindadega, on see kohustuslik igale edasim\u00fc\u00fcjale, kes soovib oma sortimenti t\u00e4iendada v\u00e4rskendava ja populaarse tootega.<\/p>\n<p>Magusa, mahlase arbuusi ja jahutava piparm\u00fcndi h\u00f5ngu kombinatsioon muudab WASPE 15000 PUFFS Watermelon Ice E-sigareti t\u00f5eliselt v\u00e4rskendavaks naudinguks. Arbuusi maitse meenutab kuumi suvep\u00e4evi, samas kui jahe noot lisab aurustamiskogemusele eriti meeldiva v\u00e4rskuse. See maitse on ideaalne klientidele, kes otsivad kergemat, v\u00e4rskendavat vaheldust intensiivsematele aroomidele ja soovivad samal ajal nautida t\u00e4iuslikku segu puuviljast ja v\u00e4rskusest.<\/p>\n<h4>Muljetavaldavad 15 000 t\u00f5mmet pikaajaliseks naudinguks<\/h4>\n<p><img loading=\"lazy\" decoding=\"async\" class=\"size-medium wp-image-14108 alignright\" src=\"https:\/\/www.elementvape.de\/wp-content\/uploads\/2024\/09\/1-2-257x300.jpg\" alt=\"1 (2)\" width=\"257\" height=\"300\" srcset=\"https:\/\/www.elementvape.de\/wp-content\/uploads\/2024\/09\/1-2-257x300.jpg 257w, https:\/\/www.elementvape.de\/wp-content\/uploads\/2024\/09\/1-2-878x1024.jpg 878w, https:\/\/www.elementvape.de\/wp-content\/uploads\/2024\/09\/1-2-768x896.jpg 768w, https:\/\/www.elementvape.de\/wp-content\/uploads\/2024\/09\/1-2-1317x1536.jpg 1317w, https:\/\/www.elementvape.de\/wp-content\/uploads\/2024\/09\/1-2-1755x2048.jpg 1755w, https:\/\/www.elementvape.de\/wp-content\/uploads\/2024\/09\/1-2-600x700.jpg 600w\" sizes=\"(max-width: 257px) 100vw, 257px\" \/><\/p>\n<p>Muljetavaldava 15 000 t\u00f5mbe mahutavusega pakub WASPE 15000 PUFFS pikaealisust, mida teie kliendid hindavad. Suuremahuline 22 ml e-vedelik tagab, et e-sigaretti saab kasutada pikka aega ilma sagedase t\u00e4itmiseta. See suur mahutavus muudab toote eriti atraktiivseks sagedastele aurustajatele, kes hindavad vastupidavust ja kvaliteeti.<\/p>\n<p>WASPE 15000 PUFFS Watermelon Ice E-sigaret on saadaval mitmes N-Intensiv variandis: 2% ja 5%. See valik v\u00f5imaldab teie klientidel arvestada oma isiklike eelistustega N-Intensiv osas, mis muudab WASPE 15000 PUFFS mitmek\u00fclgseks valikuks laiale sihtr\u00fchmale. Olgu see siis nikotiinivaba nauding v\u00f5i tugevam kogemus \u2013 see e-sigaret pakub igale maitsele midagi.<\/p>\n<p>Varustatud laetava 650mAh akuga ja praktilise Type-C laadimispesaga, tagab WASPE 15000 PUFFS usaldusv\u00e4\u00e4rse j\u00f5udluse kogu kasutusaja jooksul. Integreeritud ekraan n\u00e4itab nii aku laetust kui ka j\u00e4relej\u00e4\u00e4nud e-vedeliku kogust, mis muudab k\u00e4sitsemise eriti lihtsaks ja mugavaks. Kompaktne disain ja lihtne kasutamine muudavad selle e-sigareti suurep\u00e4raseks valikuks igap\u00e4evaseks kasutamiseks.<\/p>\n<h4>Tollimaksuvaba kohaletoimetamine ja \u00fcletamatud hulgim\u00fc\u00fcgihinnad<\/h4>\n<p>Teine oluline eelis edasim\u00fc\u00fcjatele on WASPE 15000 PUFFS Watermelon Ice'i tollimaksuvaba k\u00e4ttesaadavus <strong><a href=\"https:\/\/www.elementvape.de\/et\/c\/einweg-zigarette\/\">\u00dchekordsed E-sigarett<\/a><\/strong>. See v\u00e4hendab teie ostukulusid ja v\u00f5imaldab teil pakkuda toodet v\u00e4ga konkurentsiv\u00f5imeliste hindadega. Atraktiivsed hulgim\u00fc\u00fcgihinnad maksimeerivad teie kasumimarginaale ja pakuvad teile v\u00f5imaluse m\u00fc\u00fca kvaliteetset toodet hinnaga, mis teie kliente r\u00f5\u00f5mustab.<\/p>\n<p>WASPE 15000 PUFFS Watermelon Ice E-sigaret on ideaalne valik klientidele, kes otsivad v\u00e4rskendavat ja puuviljast e-sigaretti, mis saadaks neid l\u00e4bi suve ja ka edaspidi. Kombinatsioon ahvatlevast arbuusi aroomist ja jahedast j\u00e4\u00e4-kickist pakub see toode ainulaadse aurustamiskogemuse, mis sobib suurep\u00e4raselt soojadeks p\u00e4evadeks. T\u00e4nu tollimaksuvabale kohaletoimetamisele ja atraktiivsetele hulgim\u00fc\u00fcgihindadele on see toode kasulik ka edasim\u00fc\u00fcjatele.<\/p>","protected":false},"excerpt":{"rendered":"<p>WASPE 15000 PUFFS Watermelon Ice E-Zigarette Zollfrei und zu erfrischenden Gro\u00dfhandelspreisen f\u00fcr den perfekten Sommergenuss Die WASPE 15000 PUFFS Watermelon Ice E-Zigarette ist die ultimative Wahl f\u00fcr alle, die einen k\u00fchlen und fruchtigen Geschmack genie\u00dfen m\u00f6chten, der perfekt f\u00fcr hei\u00dfe Sommertage geeignet ist. Mit ihrem unverwechselbaren Aroma von saftiger Wassermelone, gepaart mit einem erfrischenden Eis-Kick, [&hellip;]<\/p>","protected":false},"featured_media":14107,"template":"","meta":{"inline_featured_image":false},"product_cat":[15,78,735,746,741,733,750,737,736,749,752,756,744,755,738,751,723],"product_tag":[710,674],"tiered_pricing_type":"fixed","tiered_pricing_fixed_rules":[],"tiered_pricing_percentage_rules":[],"tiered_pricing_minimum":1,"_administrator_tiered_pricing_type":"fixed","_administrator_tiered_pricing_fixed_rules":[],"_editor_tiered_pricing_type":"fixed","_editor_tiered_pricing_fixed_rules":[],"_author_tiered_pricing_type":"fixed","_author_tiered_pricing_fixed_rules":[],"_contributor_tiered_pricing_type":"fixed","_contributor_tiered_pricing_fixed_rules":[],"_subscriber_tiered_pricing_type":"fixed","_subscriber_tiered_pricing_fixed_rules":[],"_customer_tiered_pricing_type":"fixed","_customer_tiered_pricing_fixed_rules":[],"_shop_manager_tiered_pricing_type":"fixed","_shop_manager_tiered_pricing_fixed_rules":[],"_wpseo_manager_tiered_pricing_type":"fixed","_wpseo_manager_tiered_pricing_fixed_rules":[],"_wpseo_editor_tiered_pricing_type":"fixed","_wpseo_editor_tiered_pricing_fixed_rules":[],"_wholesale_customer_tiered_pricing_type":"fixed","_wholesale_customer_tiered_pricing_fixed_rules":[],"_marketer_tiered_pricing_type":"fixed","_marketer_tiered_pricing_fixed_rules":[],"_sales_manager_tiered_pricing_type":"fixed","_sales_manager_tiered_pricing_fixed_rules":[],"_sales_rep_tiered_pricing_type":"fixed","_sales_rep_tiered_pricing_fixed_rules":[],"yoast_head":"<!-- This site is optimized with the Yoast SEO plugin v23.3 - https:\/\/yoast.com\/wordpress\/plugins\/seo\/ -->\n<title>WASPE 15000 PUFFS Watermelon Ice E-Zigarette Zollfrei und zu erfrischenden Gro\u00dfhandelspreisen f\u00fcr den perfekten Sommergenuss | ElementVape.de<\/title>\n<meta name=\"description\" content=\"Wir bieten WASPE 15000 PUFFS Watermelon Ice E-Zigarette Zollfrei und zu erfrischenden Gro\u00dfhandelspreisen f\u00fcr den perfekten Sommergenuss , Elementvape.de akzeptieren Gro\u00df-und Einzelhandel Bestellungen.\" \/>\n<meta name=\"robots\" content=\"index, follow, max-snippet:-1, max-image-preview:large, max-video-preview:-1\" \/>\n<link rel=\"canonical\" href=\"https:\/\/www.elementvape.de\/et\/produkt\/waspe-15000-puffs-watermelon-ice-e-zigarette-zollfrei-und-zu-erfrischenden-grosshandelspreisen-fuer-den-perfekten-sommergenuss\/\" \/>\n<meta property=\"og:locale\" content=\"et_EE\" \/>\n<meta property=\"og:type\" content=\"article\" \/>\n<meta property=\"og:title\" content=\"WASPE 15000 PUFFS Watermelon Ice E-Zigarette Zollfrei und zu erfrischenden Gro\u00dfhandelspreisen f\u00fcr den perfekten Sommergenuss | ElementVape.de\" \/>\n<meta property=\"og:description\" content=\"Wir bieten WASPE 15000 PUFFS Watermelon Ice E-Zigarette Zollfrei und zu erfrischenden Gro\u00dfhandelspreisen f\u00fcr den perfekten Sommergenuss , Elementvape.de akzeptieren Gro\u00df-und Einzelhandel Bestellungen.\" \/>\n<meta property=\"og:url\" content=\"https:\/\/www.elementvape.de\/et\/produkt\/waspe-15000-puffs-watermelon-ice-e-zigarette-zollfrei-und-zu-erfrischenden-grosshandelspreisen-fuer-den-perfekten-sommergenuss\/\" \/>\n<meta property=\"og:site_name\" content=\"ElementVape.de\" \/>\n<meta property=\"article:modified_time\" content=\"2024-10-15T03:06:35+00:00\" \/>\n<meta property=\"og:image\" content=\"https:\/\/www.elementvape.de\/wp-content\/uploads\/2024\/09\/watermelon-ice.jpg\" \/>\n\t<meta property=\"og:image:width\" content=\"2000\" \/>\n\t<meta property=\"og:image:height\" content=\"2000\" \/>\n\t<meta property=\"og:image:type\" content=\"image\/jpeg\" \/>\n<meta name=\"twitter:card\" content=\"summary_large_image\" \/>\n<meta name=\"twitter:label1\" content=\"Est. reading time\" \/>\n\t<meta name=\"twitter:data1\" content=\"4 minutit\" \/>\n<script type=\"application\/ld+json\" class=\"yoast-schema-graph\">{\"@context\":\"https:\/\/schema.org\",\"@graph\":[{\"@type\":\"WebPage\",\"@id\":\"https:\/\/www.elementvape.de\/produkt\/waspe-15000-puffs-watermelon-ice-e-zigarette-zollfrei-und-zu-erfrischenden-grosshandelspreisen-fuer-den-perfekten-sommergenuss\/\",\"url\":\"https:\/\/www.elementvape.de\/produkt\/waspe-15000-puffs-watermelon-ice-e-zigarette-zollfrei-und-zu-erfrischenden-grosshandelspreisen-fuer-den-perfekten-sommergenuss\/\",\"name\":\"WASPE 15000 PUFFS Watermelon Ice E-Zigarette Zollfrei und zu erfrischenden Gro\u00dfhandelspreisen f\u00fcr den perfekten Sommergenuss | ElementVape.de\",\"isPartOf\":{\"@id\":\"https:\/\/www.elementvape.de\/#website\"},\"primaryImageOfPage\":{\"@id\":\"https:\/\/www.elementvape.de\/produkt\/waspe-15000-puffs-watermelon-ice-e-zigarette-zollfrei-und-zu-erfrischenden-grosshandelspreisen-fuer-den-perfekten-sommergenuss\/#primaryimage\"},\"image\":{\"@id\":\"https:\/\/www.elementvape.de\/produkt\/waspe-15000-puffs-watermelon-ice-e-zigarette-zollfrei-und-zu-erfrischenden-grosshandelspreisen-fuer-den-perfekten-sommergenuss\/#primaryimage\"},\"thumbnailUrl\":\"https:\/\/www.elementvape.de\/wp-content\/uploads\/2024\/09\/watermelon-ice.jpg\",\"datePublished\":\"2024-09-02T09:33:03+00:00\",\"dateModified\":\"2024-10-15T03:06:35+00:00\",\"description\":\"Wir bieten WASPE 15000 PUFFS Watermelon Ice E-Zigarette Zollfrei und zu erfrischenden Gro\u00dfhandelspreisen f\u00fcr den perfekten Sommergenuss , Elementvape.de akzeptieren Gro\u00df-und Einzelhandel Bestellungen.\",\"breadcrumb\":{\"@id\":\"https:\/\/www.elementvape.de\/produkt\/waspe-15000-puffs-watermelon-ice-e-zigarette-zollfrei-und-zu-erfrischenden-grosshandelspreisen-fuer-den-perfekten-sommergenuss\/#breadcrumb\"},\"inLanguage\":\"et\",\"potentialAction\":[{\"@type\":\"ReadAction\",\"target\":[\"https:\/\/www.elementvape.de\/produkt\/waspe-15000-puffs-watermelon-ice-e-zigarette-zollfrei-und-zu-erfrischenden-grosshandelspreisen-fuer-den-perfekten-sommergenuss\/\"]}]},{\"@type\":\"ImageObject\",\"inLanguage\":\"et\",\"@id\":\"https:\/\/www.elementvape.de\/produkt\/waspe-15000-puffs-watermelon-ice-e-zigarette-zollfrei-und-zu-erfrischenden-grosshandelspreisen-fuer-den-perfekten-sommergenuss\/#primaryimage\",\"url\":\"https:\/\/www.elementvape.de\/wp-content\/uploads\/2024\/09\/watermelon-ice.jpg\",\"contentUrl\":\"https:\/\/www.elementvape.de\/wp-content\/uploads\/2024\/09\/watermelon-ice.jpg\",\"width\":2000,\"height\":2000,\"caption\":\"watermelon-ice\"},{\"@type\":\"BreadcrumbList\",\"@id\":\"https:\/\/www.elementvape.de\/produkt\/waspe-15000-puffs-watermelon-ice-e-zigarette-zollfrei-und-zu-erfrischenden-grosshandelspreisen-fuer-den-perfekten-sommergenuss\/#breadcrumb\",\"itemListElement\":[{\"@type\":\"ListItem\",\"position\":1,\"name\":\"Home\",\"item\":\"https:\/\/www.elementvape.de\/\"},{\"@type\":\"ListItem\",\"position\":2,\"name\":\"Shop\",\"item\":\"https:\/\/www.elementvape.de\/shop\/\"},{\"@type\":\"ListItem\",\"position\":3,\"name\":\"WASPE 15000 PUFFS Watermelon Ice E-Zigarette Zollfrei und zu erfrischenden Gro\u00dfhandelspreisen f\u00fcr den perfekten Sommergenuss\"}]},{\"@type\":\"WebSite\",\"@id\":\"https:\/\/www.elementvape.de\/#website\",\"url\":\"https:\/\/www.elementvape.de\/\",\"name\":\"ElementVape.de\",\"description\":\"\",\"publisher\":{\"@id\":\"https:\/\/www.elementvape.de\/#organization\"},\"potentialAction\":[{\"@type\":\"SearchAction\",\"target\":{\"@type\":\"EntryPoint\",\"urlTemplate\":\"https:\/\/www.elementvape.de\/?s={search_term_string}\"},\"query-input\":\"required name=search_term_string\"}],\"inLanguage\":\"et\"},{\"@type\":\"Organization\",\"@id\":\"https:\/\/www.elementvape.de\/#organization\",\"name\":\"ElementVape.DE\",\"url\":\"https:\/\/www.elementvape.de\/\",\"logo\":{\"@type\":\"ImageObject\",\"inLanguage\":\"et\",\"@id\":\"https:\/\/www.elementvape.de\/#\/schema\/logo\/image\/\",\"url\":\"https:\/\/www.elementvape.de\/wp-content\/uploads\/2024\/09\/cropped-1elementvape-3.png\",\"contentUrl\":\"https:\/\/www.elementvape.de\/wp-content\/uploads\/2024\/09\/cropped-1elementvape-3.png\",\"width\":285,\"height\":228,\"caption\":\"ElementVape.DE\"},\"image\":{\"@id\":\"https:\/\/www.elementvape.de\/#\/schema\/logo\/image\/\"}}]}<\/script>\n<!-- \/ Yoast SEO plugin. -->","yoast_head_json":{"title":"WASPE 15000 PUFFS Watermelon Ice E-Zigarette Zollfrei und zu erfrischenden Gro\u00dfhandelspreisen f\u00fcr den perfekten Sommergenuss | ElementVape.de","description":"Wir bieten WASPE 15000 PUFFS Watermelon Ice E-Zigarette Zollfrei und zu erfrischenden Gro\u00dfhandelspreisen f\u00fcr den perfekten Sommergenuss , Elementvape.de akzeptieren Gro\u00df-und Einzelhandel Bestellungen.","robots":{"index":"index","follow":"follow","max-snippet":"max-snippet:-1","max-image-preview":"max-image-preview:large","max-video-preview":"max-video-preview:-1"},"canonical":"https:\/\/www.elementvape.de\/et\/produkt\/waspe-15000-puffs-watermelon-ice-e-zigarette-zollfrei-und-zu-erfrischenden-grosshandelspreisen-fuer-den-perfekten-sommergenuss\/","og_locale":"et_EE","og_type":"article","og_title":"WASPE 15000 PUFFS Watermelon Ice E-Zigarette Zollfrei und zu erfrischenden Gro\u00dfhandelspreisen f\u00fcr den perfekten Sommergenuss | ElementVape.de","og_description":"Wir bieten WASPE 15000 PUFFS Watermelon Ice E-Zigarette Zollfrei und zu erfrischenden Gro\u00dfhandelspreisen f\u00fcr den perfekten Sommergenuss , Elementvape.de akzeptieren Gro\u00df-und Einzelhandel Bestellungen.","og_url":"https:\/\/www.elementvape.de\/et\/produkt\/waspe-15000-puffs-watermelon-ice-e-zigarette-zollfrei-und-zu-erfrischenden-grosshandelspreisen-fuer-den-perfekten-sommergenuss\/","og_site_name":"ElementVape.de","article_modified_time":"2024-10-15T03:06:35+00:00","og_image":[{"width":2000,"height":2000,"url":"https:\/\/www.elementvape.de\/wp-content\/uploads\/2024\/09\/watermelon-ice.jpg","type":"image\/jpeg"}],"twitter_card":"summary_large_image","twitter_misc":{"Est. reading time":"4 minutit"},"schema":{"@context":"https:\/\/schema.org","@graph":[{"@type":"WebPage","@id":"https:\/\/www.elementvape.de\/produkt\/waspe-15000-puffs-watermelon-ice-e-zigarette-zollfrei-und-zu-erfrischenden-grosshandelspreisen-fuer-den-perfekten-sommergenuss\/","url":"https:\/\/www.elementvape.de\/produkt\/waspe-15000-puffs-watermelon-ice-e-zigarette-zollfrei-und-zu-erfrischenden-grosshandelspreisen-fuer-den-perfekten-sommergenuss\/","name":"WASPE 15000 PUFFS Watermelon Ice E-Zigarette Zollfrei und zu erfrischenden Gro\u00dfhandelspreisen f\u00fcr den perfekten Sommergenuss | ElementVape.de","isPartOf":{"@id":"https:\/\/www.elementvape.de\/#website"},"primaryImageOfPage":{"@id":"https:\/\/www.elementvape.de\/produkt\/waspe-15000-puffs-watermelon-ice-e-zigarette-zollfrei-und-zu-erfrischenden-grosshandelspreisen-fuer-den-perfekten-sommergenuss\/#primaryimage"},"image":{"@id":"https:\/\/www.elementvape.de\/produkt\/waspe-15000-puffs-watermelon-ice-e-zigarette-zollfrei-und-zu-erfrischenden-grosshandelspreisen-fuer-den-perfekten-sommergenuss\/#primaryimage"},"thumbnailUrl":"https:\/\/www.elementvape.de\/wp-content\/uploads\/2024\/09\/watermelon-ice.jpg","datePublished":"2024-09-02T09:33:03+00:00","dateModified":"2024-10-15T03:06:35+00:00","description":"Wir bieten WASPE 15000 PUFFS Watermelon Ice E-Zigarette Zollfrei und zu erfrischenden Gro\u00dfhandelspreisen f\u00fcr den perfekten Sommergenuss , Elementvape.de akzeptieren Gro\u00df-und Einzelhandel Bestellungen.","breadcrumb":{"@id":"https:\/\/www.elementvape.de\/produkt\/waspe-15000-puffs-watermelon-ice-e-zigarette-zollfrei-und-zu-erfrischenden-grosshandelspreisen-fuer-den-perfekten-sommergenuss\/#breadcrumb"},"inLanguage":"et","potentialAction":[{"@type":"ReadAction","target":["https:\/\/www.elementvape.de\/produkt\/waspe-15000-puffs-watermelon-ice-e-zigarette-zollfrei-und-zu-erfrischenden-grosshandelspreisen-fuer-den-perfekten-sommergenuss\/"]}]},{"@type":"ImageObject","inLanguage":"et","@id":"https:\/\/www.elementvape.de\/produkt\/waspe-15000-puffs-watermelon-ice-e-zigarette-zollfrei-und-zu-erfrischenden-grosshandelspreisen-fuer-den-perfekten-sommergenuss\/#primaryimage","url":"https:\/\/www.elementvape.de\/wp-content\/uploads\/2024\/09\/watermelon-ice.jpg","contentUrl":"https:\/\/www.elementvape.de\/wp-content\/uploads\/2024\/09\/watermelon-ice.jpg","width":2000,"height":2000,"caption":"watermelon-ice"},{"@type":"BreadcrumbList","@id":"https:\/\/www.elementvape.de\/produkt\/waspe-15000-puffs-watermelon-ice-e-zigarette-zollfrei-und-zu-erfrischenden-grosshandelspreisen-fuer-den-perfekten-sommergenuss\/#breadcrumb","itemListElement":[{"@type":"ListItem","position":1,"name":"Home","item":"https:\/\/www.elementvape.de\/"},{"@type":"ListItem","position":2,"name":"Shop","item":"https:\/\/www.elementvape.de\/shop\/"},{"@type":"ListItem","position":3,"name":"WASPE 15000 PUFFS Watermelon Ice E-Zigarette Zollfrei und zu erfrischenden Gro\u00dfhandelspreisen f\u00fcr den perfekten Sommergenuss"}]},{"@type":"WebSite","@id":"https:\/\/www.elementvape.de\/#website","url":"https:\/\/www.elementvape.de\/","name":"ElementVape.de","description":"","publisher":{"@id":"https:\/\/www.elementvape.de\/#organization"},"potentialAction":[{"@type":"SearchAction","target":{"@type":"EntryPoint","urlTemplate":"https:\/\/www.elementvape.de\/?s={search_term_string}"},"query-input":"required name=search_term_string"}],"inLanguage":"et"},{"@type":"Organization","@id":"https:\/\/www.elementvape.de\/#organization","name":"ElementVape.DE","url":"https:\/\/www.elementvape.de\/","logo":{"@type":"ImageObject","inLanguage":"et","@id":"https:\/\/www.elementvape.de\/#\/schema\/logo\/image\/","url":"https:\/\/www.elementvape.de\/wp-content\/uploads\/2024\/09\/cropped-1elementvape-3.png","contentUrl":"https:\/\/www.elementvape.de\/wp-content\/uploads\/2024\/09\/cropped-1elementvape-3.png","width":285,"height":228,"caption":"ElementVape.DE"},"image":{"@id":"https:\/\/www.elementvape.de\/#\/schema\/logo\/image\/"}}]}},"_links":{"self":[{"href":"https:\/\/www.elementvape.de\/et\/wp-json\/wp\/v2\/product\/14106"}],"collection":[{"href":"https:\/\/www.elementvape.de\/et\/wp-json\/wp\/v2\/product"}],"about":[{"href":"https:\/\/www.elementvape.de\/et\/wp-json\/wp\/v2\/types\/product"}],"wp:featuredmedia":[{"embeddable":true,"href":"https:\/\/www.elementvape.de\/et\/wp-json\/wp\/v2\/media\/14107"}],"wp:attachment":[{"href":"https:\/\/www.elementvape.de\/et\/wp-json\/wp\/v2\/media?parent=14106"}],"wp:term":[{"taxonomy":"product_cat","embeddable":true,"href":"https:\/\/www.elementvape.de\/et\/wp-json\/wp\/v2\/product_cat?post=14106"},{"taxonomy":"product_tag","embeddable":true,"href":"https:\/\/www.elementvape.de\/et\/wp-json\/wp\/v2\/product_tag?post=14106"}],"curies":[{"name":"wp","href":"https:\/\/api.w.org\/{rel}","templated":true}]}}