{"id":14069,"date":"2024-08-31T03:36:05","date_gmt":"2024-08-31T03:36:05","guid":{"rendered":"https:\/\/www.elementvape.de\/?post_type=product&#038;p=14069"},"modified":"2024-10-15T03:18:32","modified_gmt":"2024-10-15T03:18:32","slug":"waspe-8000-puffs-cool-mint-e-zigarette-zollfrei-geniessen-erfrischender-minzgeschmack-jetzt-zum-besten-grosshandelspreis-erhaeltlich","status":"publish","type":"product","link":"https:\/\/www.elementvape.de\/et\/produkt\/waspe-8000-puffs-cool-mint-e-zigarette-zollfrei-geniessen-erfrischender-minzgeschmack-jetzt-zum-besten-grosshandelspreis-erhaeltlich\/","title":{"rendered":"WASPE 8000 PUFFS Cool Mint e-suitsetis\u00fc\u00fct, nautige tollivaba, v\u00e4rskendava piparm\u00fcndimaitsega, n\u00fc\u00fcd saadaval parima hulgihinnaga"},"content":{"rendered":"<div class=\"flex-shrink-0 flex flex-col relative items-end\">\n<div>\n<div class=\"pt-0\">\n<div class=\"gizmo-bot-avatar flex h-8 w-8 items-center justify-center overflow-hidden rounded-full\">\n<div class=\"relative p-1 rounded-sm flex items-center justify-center bg-token-main-surface-primary text-token-text-primary h-8 w-8\"><\/div>\n<\/div>\n<\/div>\n<\/div>\n<\/div>\n<div class=\"group\/conversation-turn relative flex w-full min-w-0 flex-col agent-turn\">\n<div class=\"flex-col gap-1 md:gap-3\">\n<div class=\"flex max-w-full flex-col flex-grow\">\n<div class=\"min-h-[20px] text-message flex w-full flex-col items-end gap-2 break-words [.text-message+&amp;]:mt-5 overflow-x-auto whitespace-normal\" dir=\"auto\" data-message-author-role=\"assistant\" data-message-id=\"cedc2cec-02db-4845-b881-e86e0b3d47d8\">\n<div class=\"flex w-full flex-col gap-1 empty:hidden first:pt-[3px]\">\n<div class=\"markdown prose w-full break-words dark:prose-invert light\">\n<h2>Kogege tollivaba WASPE 8000 PUFFS Cool Mint E-sigaretti v\u00e4rske piparm\u00fcndi maitsega ja hind, mis sobib suureks koguseks<\/h2>\n<p><img loading=\"lazy\" decoding=\"async\" class=\"size-medium wp-image-14070 alignright\" src=\"https:\/\/www.elementvape.de\/wp-content\/uploads\/2024\/08\/COOL-MINT-1-300x300.jpg\" alt=\"JAHT MINT\" width=\"300\" height=\"300\" srcset=\"https:\/\/www.elementvape.de\/wp-content\/uploads\/2024\/08\/COOL-MINT-1-300x300.jpg 300w, https:\/\/www.elementvape.de\/wp-content\/uploads\/2024\/08\/COOL-MINT-1-150x150.jpg 150w, https:\/\/www.elementvape.de\/wp-content\/uploads\/2024\/08\/COOL-MINT-1-768x768.jpg 768w, https:\/\/www.elementvape.de\/wp-content\/uploads\/2024\/08\/COOL-MINT-1-600x600.jpg 600w, https:\/\/www.elementvape.de\/wp-content\/uploads\/2024\/08\/COOL-MINT-1-100x100.jpg 100w, https:\/\/www.elementvape.de\/wp-content\/uploads\/2024\/08\/COOL-MINT-1-50x50.jpg 50w, https:\/\/www.elementvape.de\/wp-content\/uploads\/2024\/08\/COOL-MINT-1.jpg 800w\" sizes=\"(max-width: 300px) 100vw, 300px\" \/><\/p>\n<p>WASPE 8000 PUFFS Cool Mint E-sigarett pakub v\u00e4rskendavat aurustamiskogemust, mille iseloomustab jahe, ergutav v\u00e4rske piparm\u00fcndi maitse. Hulgim\u00fc\u00fcjatele, kes soovivad pakkuda oma klientidele kvaliteetseid tooteid atraktiivsete hindadega, on see e-sigarett suurep\u00e4rane valik. Suure puffide arvuga ja uusima tehnoloogiaga \u00fchendab WASPE Cool Mint parima j\u00f5udluse ja maitse ning see k\u00f5ik tollivaba.<\/p>\n<p>WASPE 8000 PUFFS Cool Mint E-sigareti peamine omadus on selle intensiivne piparm\u00fcndi aroom, mis muudab iga t\u00f5mbamise v\u00e4rskendavaks ja ergutavaks kogemuseks. Jahe, puhas piparm\u00fcndi nood annab ideaalse v\u00e4rskenduse, mis sobib nii kuumadel p\u00e4evadel kui ka p\u00e4rast pikka p\u00e4eva. See piparm\u00fcndi aroom on eriti sobiv <strong><a href=\"https:\/\/www.elementvape.de\/et\/\" target=\"_blank\" rel=\"noopener\">Aurusti<\/a><\/strong> neile, kes otsivad selget, v\u00e4rskendavat maitset ilma kompromissideta.<\/p>\n<p>Cool Minti maitse on mitte ainult v\u00e4rskendav, vaid ka meeldivalt pehme, mist\u00f5ttu see e-sigarett k\u00f5netab laia aurutajate valikut alates algajatest kuni kogenud kasutajateni. Tasakaalustatud v\u00e4rskuse ja pehme piparm\u00fcndi noodiga muudab aurutamise kogu kogemuse meeldivaks.<\/p>\n<h3>8000 t\u00f5mmet \u00dcletamatu vastupidavus<\/h3>\n<p>8000 t\u00f5mmet mahutavusega seab WASPE 8000 PUFFS Cool Mint E-sigarett vastavusse vastupidavuse osas. See suur arv t\u00f5mbeid tagab, et e-sigarett saab kasutada pikka aega ilma sagedase t\u00e4itmiseta. See omadus on eriti kasulik hulgim\u00fc\u00fcjatele, kuna nad saavad pakkuda oma klientidele usaldusv\u00e4\u00e4rset ja pikaajalist toodet.<\/p>\n<p>Suur 16 ml e-vedeliku mahuti tagab, et v\u00e4rske piparm\u00fcndi aroom p\u00fcsib kogu kasutusaja jooksul konstantne. See muudab WASPE Cool Minti ideaalseks valikuks aurutajatele, kes hindavad pikaajalist ja intensiivset maitseelamust.<\/p>\n<h3>Uuenduslik tehnoloogia<\/h3>\n<p>WASPE 8000 PUFFS Cool Mint E-sigarett kasutab 0,8\u03a9 v\u00f5rkm\u00e4hisega k\u00fcttekeha, mis v\u00f5imaldab \u00fchtlast e-vedeliku soojendamist ning tagab optimaalne maitsev\u00e4ljund ja aurutootmise. V\u00f5rkm\u00e4hise tehnoloogia tagab, et piparm\u00fcndi aroom tuleb iga t\u00f5mbamisega intensiivselt esile, ilma kvaliteeti kaotamata.<\/p>\n<p>Lisaks on e-sigarett varustatud Type-C laadimispordiga, mis v\u00f5imaldab kiiret ja lihtsat laadimist. 650mAh aku tagab, et e-sigarett t\u00f6\u00f6tab usaldusv\u00e4\u00e4rselt ka regulaarse kasutamise korral. Need kaasaegsed tehnilised omadused muudavad WASPE 8000 PUFFS Cool Mint kasutajas\u00f5bralikuks ja v\u00f5imsaks valikuks aurutajatele.<\/p>\n<h3>Hulgim\u00fc\u00fcgihinnad ja tollivaba kohaletoimetamine<\/h3>\n<p>WASPE 8000 PUFFS Cool Mint E-sigarett pakub mitte ainult esmaklassilist aurutamiskogemust, vaid ka m\u00e4rkimisv\u00e4\u00e4rseid majanduslikke eeliseid hulgim\u00fc\u00fcjatele. T\u00e4nu tollivabale kohaletoimetamisele saavad m\u00fc\u00fcjad v\u00e4hendada oma kulusid ning pakkuda klientidele kvaliteetset toodet konkurentsiv\u00f5imelise hinnaga.<\/p>\n<p>Atraktiivsed hulgim\u00fc\u00fcgihinnad v\u00f5imaldavad m\u00fc\u00fcjatel maksimeerida oma kasumimarginaale, pakkudes samal ajal k\u00f5rgekvaliteedilist toodet. See on suurep\u00e4rane v\u00f5imalus hulgim\u00fc\u00fcjatele, kes otsivad kasumlikku ja populaarset toodet.<\/p>\n<p>WASPE 8000 PUFFS Cool Mint E-sigarett on ideaalne valik k\u00f5igile, kes soovivad nautida selget, v\u00e4rskendavat piparm\u00fcndi maitset. Suure puffide arvuga, kaasaegse tehnoloogiaga ja kasutajas\u00f5braliku k\u00e4sitsemisega pakub see k\u00f5ike, mida oodatakse esmaklassiliselt e-sigarettilt. Hulgim\u00fc\u00fcjatele on see toode suurep\u00e4rane v\u00f5imalus pakkuda kvaliteetset toodet atraktiivsetel tingimustel.<\/p>\n<p>Hankige kohe WASPE 8000 PUFFS Cool Mint E-sigarett ning nautige v\u00e4rskendavat piparm\u00fcndi\u00f5hku, mis ei j\u00e4ta soovi t\u00e4itmata nii enda kui ka kasuliku t\u00e4ienduse jaoks teie \u00e4ritegevusele.<\/p>\n<\/div>\n<\/div>\n<\/div>\n<\/div>\n<\/div>\n<\/div>","protected":false},"excerpt":{"rendered":"<p>Erleben Sie die zollfreie WASPE 8000 PUFFS Cool Mint E-Zigarette Frische Minze zum unschlagbaren Gro\u00dfhandelspreis Die WASPE 8000 PUFFS Cool Mint E-Zigarette bietet ein erfrischendes Dampferlebnis, das durch den k\u00fchlen, belebenden Geschmack von frischer Minze gepr\u00e4gt ist. F\u00fcr Gro\u00dfh\u00e4ndler, die ihren Kunden hochwertige Produkte zu attraktiven Preisen bieten m\u00f6chten, ist diese E-Zigarette eine ausgezeichnete Wahl. [&hellip;]<\/p>","protected":false},"featured_media":14070,"template":"","meta":{"inline_featured_image":false},"product_cat":[15,78,735,746,741,733,750,737,736,749,752,756,744,755,738,751,727],"product_tag":[710,683],"tiered_pricing_type":"fixed","tiered_pricing_fixed_rules":[],"tiered_pricing_percentage_rules":[],"tiered_pricing_minimum":1,"_administrator_tiered_pricing_type":"fixed","_administrator_tiered_pricing_fixed_rules":[],"_editor_tiered_pricing_type":"fixed","_editor_tiered_pricing_fixed_rules":[],"_author_tiered_pricing_type":"fixed","_author_tiered_pricing_fixed_rules":[],"_contributor_tiered_pricing_type":"fixed","_contributor_tiered_pricing_fixed_rules":[],"_subscriber_tiered_pricing_type":"fixed","_subscriber_tiered_pricing_fixed_rules":[],"_customer_tiered_pricing_type":"fixed","_customer_tiered_pricing_fixed_rules":[],"_shop_manager_tiered_pricing_type":"fixed","_shop_manager_tiered_pricing_fixed_rules":[],"_wpseo_manager_tiered_pricing_type":"fixed","_wpseo_manager_tiered_pricing_fixed_rules":[],"_wpseo_editor_tiered_pricing_type":"fixed","_wpseo_editor_tiered_pricing_fixed_rules":[],"_wholesale_customer_tiered_pricing_type":"fixed","_wholesale_customer_tiered_pricing_fixed_rules":[],"_marketer_tiered_pricing_type":"fixed","_marketer_tiered_pricing_fixed_rules":[],"_sales_manager_tiered_pricing_type":"fixed","_sales_manager_tiered_pricing_fixed_rules":[],"_sales_rep_tiered_pricing_type":"fixed","_sales_rep_tiered_pricing_fixed_rules":[],"yoast_head":"<!-- This site is optimized with the Yoast SEO plugin v23.3 - https:\/\/yoast.com\/wordpress\/plugins\/seo\/ -->\n<title>WASPE 8000 PUFFS Cool Mint E-Zigarette Zollfrei genie\u00dfen, erfrischender Minzgeschmack jetzt zum besten Gro\u00dfhandelspreis erh\u00e4ltlich | ElementVape.de<\/title>\n<meta name=\"description\" content=\"Wir bieten WASPE 8000 PUFFS Cool Mint E-Zigarette Zollfrei genie\u00dfen, erfrischender Minzgeschmack jetzt zum besten Gro\u00dfhandelspreis erh\u00e4ltlich , Elementvape.de akzeptieren Gro\u00df-und Einzelhandel Bestellungen.\" \/>\n<meta name=\"robots\" content=\"index, follow, max-snippet:-1, max-image-preview:large, max-video-preview:-1\" \/>\n<link rel=\"canonical\" href=\"https:\/\/www.elementvape.de\/et\/produkt\/waspe-8000-puffs-cool-mint-e-zigarette-zollfrei-geniessen-erfrischender-minzgeschmack-jetzt-zum-besten-grosshandelspreis-erhaeltlich\/\" \/>\n<meta property=\"og:locale\" content=\"et_EE\" \/>\n<meta property=\"og:type\" content=\"article\" \/>\n<meta property=\"og:title\" content=\"WASPE 8000 PUFFS Cool Mint E-Zigarette Zollfrei genie\u00dfen, erfrischender Minzgeschmack jetzt zum besten Gro\u00dfhandelspreis erh\u00e4ltlich | ElementVape.de\" \/>\n<meta property=\"og:description\" content=\"Wir bieten WASPE 8000 PUFFS Cool Mint E-Zigarette Zollfrei genie\u00dfen, erfrischender Minzgeschmack jetzt zum besten Gro\u00dfhandelspreis erh\u00e4ltlich , Elementvape.de akzeptieren Gro\u00df-und Einzelhandel Bestellungen.\" \/>\n<meta property=\"og:url\" content=\"https:\/\/www.elementvape.de\/et\/produkt\/waspe-8000-puffs-cool-mint-e-zigarette-zollfrei-geniessen-erfrischender-minzgeschmack-jetzt-zum-besten-grosshandelspreis-erhaeltlich\/\" \/>\n<meta property=\"og:site_name\" content=\"ElementVape.de\" \/>\n<meta property=\"article:modified_time\" content=\"2024-10-15T03:18:32+00:00\" \/>\n<meta property=\"og:image\" content=\"https:\/\/www.elementvape.de\/wp-content\/uploads\/2024\/08\/COOL-MINT-1.jpg\" \/>\n\t<meta property=\"og:image:width\" content=\"800\" \/>\n\t<meta property=\"og:image:height\" content=\"800\" \/>\n\t<meta property=\"og:image:type\" content=\"image\/jpeg\" \/>\n<meta name=\"twitter:card\" content=\"summary_large_image\" \/>\n<meta name=\"twitter:label1\" content=\"Est. reading time\" \/>\n\t<meta name=\"twitter:data1\" content=\"4 minutit\" \/>\n<script type=\"application\/ld+json\" class=\"yoast-schema-graph\">{\"@context\":\"https:\/\/schema.org\",\"@graph\":[{\"@type\":\"WebPage\",\"@id\":\"https:\/\/www.elementvape.de\/produkt\/waspe-8000-puffs-cool-mint-e-zigarette-zollfrei-geniessen-erfrischender-minzgeschmack-jetzt-zum-besten-grosshandelspreis-erhaeltlich\/\",\"url\":\"https:\/\/www.elementvape.de\/produkt\/waspe-8000-puffs-cool-mint-e-zigarette-zollfrei-geniessen-erfrischender-minzgeschmack-jetzt-zum-besten-grosshandelspreis-erhaeltlich\/\",\"name\":\"WASPE 8000 PUFFS Cool Mint E-Zigarette Zollfrei genie\u00dfen, erfrischender Minzgeschmack jetzt zum besten Gro\u00dfhandelspreis erh\u00e4ltlich | ElementVape.de\",\"isPartOf\":{\"@id\":\"https:\/\/www.elementvape.de\/#website\"},\"primaryImageOfPage\":{\"@id\":\"https:\/\/www.elementvape.de\/produkt\/waspe-8000-puffs-cool-mint-e-zigarette-zollfrei-geniessen-erfrischender-minzgeschmack-jetzt-zum-besten-grosshandelspreis-erhaeltlich\/#primaryimage\"},\"image\":{\"@id\":\"https:\/\/www.elementvape.de\/produkt\/waspe-8000-puffs-cool-mint-e-zigarette-zollfrei-geniessen-erfrischender-minzgeschmack-jetzt-zum-besten-grosshandelspreis-erhaeltlich\/#primaryimage\"},\"thumbnailUrl\":\"https:\/\/www.elementvape.de\/wp-content\/uploads\/2024\/08\/COOL-MINT-1.jpg\",\"datePublished\":\"2024-08-31T03:36:05+00:00\",\"dateModified\":\"2024-10-15T03:18:32+00:00\",\"description\":\"Wir bieten WASPE 8000 PUFFS Cool Mint E-Zigarette Zollfrei genie\u00dfen, erfrischender Minzgeschmack jetzt zum besten Gro\u00dfhandelspreis erh\u00e4ltlich , Elementvape.de akzeptieren Gro\u00df-und Einzelhandel Bestellungen.\",\"breadcrumb\":{\"@id\":\"https:\/\/www.elementvape.de\/produkt\/waspe-8000-puffs-cool-mint-e-zigarette-zollfrei-geniessen-erfrischender-minzgeschmack-jetzt-zum-besten-grosshandelspreis-erhaeltlich\/#breadcrumb\"},\"inLanguage\":\"et\",\"potentialAction\":[{\"@type\":\"ReadAction\",\"target\":[\"https:\/\/www.elementvape.de\/produkt\/waspe-8000-puffs-cool-mint-e-zigarette-zollfrei-geniessen-erfrischender-minzgeschmack-jetzt-zum-besten-grosshandelspreis-erhaeltlich\/\"]}]},{\"@type\":\"ImageObject\",\"inLanguage\":\"et\",\"@id\":\"https:\/\/www.elementvape.de\/produkt\/waspe-8000-puffs-cool-mint-e-zigarette-zollfrei-geniessen-erfrischender-minzgeschmack-jetzt-zum-besten-grosshandelspreis-erhaeltlich\/#primaryimage\",\"url\":\"https:\/\/www.elementvape.de\/wp-content\/uploads\/2024\/08\/COOL-MINT-1.jpg\",\"contentUrl\":\"https:\/\/www.elementvape.de\/wp-content\/uploads\/2024\/08\/COOL-MINT-1.jpg\",\"width\":800,\"height\":800,\"caption\":\"COOL MINT\"},{\"@type\":\"BreadcrumbList\",\"@id\":\"https:\/\/www.elementvape.de\/produkt\/waspe-8000-puffs-cool-mint-e-zigarette-zollfrei-geniessen-erfrischender-minzgeschmack-jetzt-zum-besten-grosshandelspreis-erhaeltlich\/#breadcrumb\",\"itemListElement\":[{\"@type\":\"ListItem\",\"position\":1,\"name\":\"Home\",\"item\":\"https:\/\/www.elementvape.de\/\"},{\"@type\":\"ListItem\",\"position\":2,\"name\":\"Shop\",\"item\":\"https:\/\/www.elementvape.de\/shop\/\"},{\"@type\":\"ListItem\",\"position\":3,\"name\":\"WASPE 8000 PUFFS Cool Mint E-Zigarette Zollfrei genie\u00dfen, erfrischender Minzgeschmack jetzt zum besten Gro\u00dfhandelspreis erh\u00e4ltlich\"}]},{\"@type\":\"WebSite\",\"@id\":\"https:\/\/www.elementvape.de\/#website\",\"url\":\"https:\/\/www.elementvape.de\/\",\"name\":\"ElementVape.de\",\"description\":\"\",\"publisher\":{\"@id\":\"https:\/\/www.elementvape.de\/#organization\"},\"potentialAction\":[{\"@type\":\"SearchAction\",\"target\":{\"@type\":\"EntryPoint\",\"urlTemplate\":\"https:\/\/www.elementvape.de\/?s={search_term_string}\"},\"query-input\":\"required name=search_term_string\"}],\"inLanguage\":\"et\"},{\"@type\":\"Organization\",\"@id\":\"https:\/\/www.elementvape.de\/#organization\",\"name\":\"ElementVape.DE\",\"url\":\"https:\/\/www.elementvape.de\/\",\"logo\":{\"@type\":\"ImageObject\",\"inLanguage\":\"et\",\"@id\":\"https:\/\/www.elementvape.de\/#\/schema\/logo\/image\/\",\"url\":\"https:\/\/www.elementvape.de\/wp-content\/uploads\/2024\/09\/cropped-1elementvape-3.png\",\"contentUrl\":\"https:\/\/www.elementvape.de\/wp-content\/uploads\/2024\/09\/cropped-1elementvape-3.png\",\"width\":285,\"height\":228,\"caption\":\"ElementVape.DE\"},\"image\":{\"@id\":\"https:\/\/www.elementvape.de\/#\/schema\/logo\/image\/\"}}]}<\/script>\n<!-- \/ Yoast SEO plugin. -->","yoast_head_json":{"title":"WASPE 8000 PUFFS Cool Mint E-Zigarette Zollfrei genie\u00dfen, erfrischender Minzgeschmack jetzt zum besten Gro\u00dfhandelspreis erh\u00e4ltlich | ElementVape.de","description":"Wir bieten WASPE 8000 PUFFS Cool Mint E-Zigarette Zollfrei genie\u00dfen, erfrischender Minzgeschmack jetzt zum besten Gro\u00dfhandelspreis erh\u00e4ltlich , Elementvape.de akzeptieren Gro\u00df-und Einzelhandel Bestellungen.","robots":{"index":"index","follow":"follow","max-snippet":"max-snippet:-1","max-image-preview":"max-image-preview:large","max-video-preview":"max-video-preview:-1"},"canonical":"https:\/\/www.elementvape.de\/et\/produkt\/waspe-8000-puffs-cool-mint-e-zigarette-zollfrei-geniessen-erfrischender-minzgeschmack-jetzt-zum-besten-grosshandelspreis-erhaeltlich\/","og_locale":"et_EE","og_type":"article","og_title":"WASPE 8000 PUFFS Cool Mint E-Zigarette Zollfrei genie\u00dfen, erfrischender Minzgeschmack jetzt zum besten Gro\u00dfhandelspreis erh\u00e4ltlich | ElementVape.de","og_description":"Wir bieten WASPE 8000 PUFFS Cool Mint E-Zigarette Zollfrei genie\u00dfen, erfrischender Minzgeschmack jetzt zum besten Gro\u00dfhandelspreis erh\u00e4ltlich , Elementvape.de akzeptieren Gro\u00df-und Einzelhandel Bestellungen.","og_url":"https:\/\/www.elementvape.de\/et\/produkt\/waspe-8000-puffs-cool-mint-e-zigarette-zollfrei-geniessen-erfrischender-minzgeschmack-jetzt-zum-besten-grosshandelspreis-erhaeltlich\/","og_site_name":"ElementVape.de","article_modified_time":"2024-10-15T03:18:32+00:00","og_image":[{"width":800,"height":800,"url":"https:\/\/www.elementvape.de\/wp-content\/uploads\/2024\/08\/COOL-MINT-1.jpg","type":"image\/jpeg"}],"twitter_card":"summary_large_image","twitter_misc":{"Est. reading time":"4 minutit"},"schema":{"@context":"https:\/\/schema.org","@graph":[{"@type":"WebPage","@id":"https:\/\/www.elementvape.de\/produkt\/waspe-8000-puffs-cool-mint-e-zigarette-zollfrei-geniessen-erfrischender-minzgeschmack-jetzt-zum-besten-grosshandelspreis-erhaeltlich\/","url":"https:\/\/www.elementvape.de\/produkt\/waspe-8000-puffs-cool-mint-e-zigarette-zollfrei-geniessen-erfrischender-minzgeschmack-jetzt-zum-besten-grosshandelspreis-erhaeltlich\/","name":"WASPE 8000 PUFFS Cool Mint E-Zigarette Zollfrei genie\u00dfen, erfrischender Minzgeschmack jetzt zum besten Gro\u00dfhandelspreis erh\u00e4ltlich | ElementVape.de","isPartOf":{"@id":"https:\/\/www.elementvape.de\/#website"},"primaryImageOfPage":{"@id":"https:\/\/www.elementvape.de\/produkt\/waspe-8000-puffs-cool-mint-e-zigarette-zollfrei-geniessen-erfrischender-minzgeschmack-jetzt-zum-besten-grosshandelspreis-erhaeltlich\/#primaryimage"},"image":{"@id":"https:\/\/www.elementvape.de\/produkt\/waspe-8000-puffs-cool-mint-e-zigarette-zollfrei-geniessen-erfrischender-minzgeschmack-jetzt-zum-besten-grosshandelspreis-erhaeltlich\/#primaryimage"},"thumbnailUrl":"https:\/\/www.elementvape.de\/wp-content\/uploads\/2024\/08\/COOL-MINT-1.jpg","datePublished":"2024-08-31T03:36:05+00:00","dateModified":"2024-10-15T03:18:32+00:00","description":"Wir bieten WASPE 8000 PUFFS Cool Mint E-Zigarette Zollfrei genie\u00dfen, erfrischender Minzgeschmack jetzt zum besten Gro\u00dfhandelspreis erh\u00e4ltlich , Elementvape.de akzeptieren Gro\u00df-und Einzelhandel Bestellungen.","breadcrumb":{"@id":"https:\/\/www.elementvape.de\/produkt\/waspe-8000-puffs-cool-mint-e-zigarette-zollfrei-geniessen-erfrischender-minzgeschmack-jetzt-zum-besten-grosshandelspreis-erhaeltlich\/#breadcrumb"},"inLanguage":"et","potentialAction":[{"@type":"ReadAction","target":["https:\/\/www.elementvape.de\/produkt\/waspe-8000-puffs-cool-mint-e-zigarette-zollfrei-geniessen-erfrischender-minzgeschmack-jetzt-zum-besten-grosshandelspreis-erhaeltlich\/"]}]},{"@type":"ImageObject","inLanguage":"et","@id":"https:\/\/www.elementvape.de\/produkt\/waspe-8000-puffs-cool-mint-e-zigarette-zollfrei-geniessen-erfrischender-minzgeschmack-jetzt-zum-besten-grosshandelspreis-erhaeltlich\/#primaryimage","url":"https:\/\/www.elementvape.de\/wp-content\/uploads\/2024\/08\/COOL-MINT-1.jpg","contentUrl":"https:\/\/www.elementvape.de\/wp-content\/uploads\/2024\/08\/COOL-MINT-1.jpg","width":800,"height":800,"caption":"COOL MINT"},{"@type":"BreadcrumbList","@id":"https:\/\/www.elementvape.de\/produkt\/waspe-8000-puffs-cool-mint-e-zigarette-zollfrei-geniessen-erfrischender-minzgeschmack-jetzt-zum-besten-grosshandelspreis-erhaeltlich\/#breadcrumb","itemListElement":[{"@type":"ListItem","position":1,"name":"Home","item":"https:\/\/www.elementvape.de\/"},{"@type":"ListItem","position":2,"name":"Shop","item":"https:\/\/www.elementvape.de\/shop\/"},{"@type":"ListItem","position":3,"name":"WASPE 8000 PUFFS Cool Mint E-Zigarette Zollfrei genie\u00dfen, erfrischender Minzgeschmack jetzt zum besten Gro\u00dfhandelspreis erh\u00e4ltlich"}]},{"@type":"WebSite","@id":"https:\/\/www.elementvape.de\/#website","url":"https:\/\/www.elementvape.de\/","name":"ElementVape.de","description":"","publisher":{"@id":"https:\/\/www.elementvape.de\/#organization"},"potentialAction":[{"@type":"SearchAction","target":{"@type":"EntryPoint","urlTemplate":"https:\/\/www.elementvape.de\/?s={search_term_string}"},"query-input":"required name=search_term_string"}],"inLanguage":"et"},{"@type":"Organization","@id":"https:\/\/www.elementvape.de\/#organization","name":"ElementVape.DE","url":"https:\/\/www.elementvape.de\/","logo":{"@type":"ImageObject","inLanguage":"et","@id":"https:\/\/www.elementvape.de\/#\/schema\/logo\/image\/","url":"https:\/\/www.elementvape.de\/wp-content\/uploads\/2024\/09\/cropped-1elementvape-3.png","contentUrl":"https:\/\/www.elementvape.de\/wp-content\/uploads\/2024\/09\/cropped-1elementvape-3.png","width":285,"height":228,"caption":"ElementVape.DE"},"image":{"@id":"https:\/\/www.elementvape.de\/#\/schema\/logo\/image\/"}}]}},"_links":{"self":[{"href":"https:\/\/www.elementvape.de\/et\/wp-json\/wp\/v2\/product\/14069"}],"collection":[{"href":"https:\/\/www.elementvape.de\/et\/wp-json\/wp\/v2\/product"}],"about":[{"href":"https:\/\/www.elementvape.de\/et\/wp-json\/wp\/v2\/types\/product"}],"wp:featuredmedia":[{"embeddable":true,"href":"https:\/\/www.elementvape.de\/et\/wp-json\/wp\/v2\/media\/14070"}],"wp:attachment":[{"href":"https:\/\/www.elementvape.de\/et\/wp-json\/wp\/v2\/media?parent=14069"}],"wp:term":[{"taxonomy":"product_cat","embeddable":true,"href":"https:\/\/www.elementvape.de\/et\/wp-json\/wp\/v2\/product_cat?post=14069"},{"taxonomy":"product_tag","embeddable":true,"href":"https:\/\/www.elementvape.de\/et\/wp-json\/wp\/v2\/product_tag?post=14069"}],"curies":[{"name":"wp","href":"https:\/\/api.w.org\/{rel}","templated":true}]}}