{"id":14039,"date":"2024-08-28T02:05:31","date_gmt":"2024-08-28T02:05:31","guid":{"rendered":"https:\/\/www.elementvape.de\/?post_type=product&#038;p=14039"},"modified":"2024-10-15T03:30:09","modified_gmt":"2024-10-15T03:30:09","slug":"strawberry-watermelon-waspe-5000-puffs-e-zigarette-jetzt-zollfrei-erhaeltlich-und-zu-grosshandelspreisen-perfekte-mischung-aus-fruchtiger-suesse-und-erfrischender-frische","status":"publish","type":"product","link":"https:\/\/www.elementvape.de\/et\/produkt\/strawberry-watermelon-waspe-5000-puffs-e-zigarette-jetzt-zollfrei-erhaeltlich-und-zu-grosshandelspreisen-perfekte-mischung-aus-fruchtiger-suesse-und-erfrischender-frische\/","title":{"rendered":"Maasika-Vahelina WASPE 5000 PUFFS E-sigareti n\u00fc\u00fcd tollivabalt saadaval ja hulgihindadega \u2013 T\u00e4iuslik segu puuviljase magususe ja v\u00e4rskendava maitse vahel"},"content":{"rendered":"<p>Strawberry Watermelon WASPE 5000 PUFFS E-sigarett \u2013 N\u00fc\u00fcd tollivaba saadaval ja hulgihindadega \u2013 T\u00e4iuslik segu mahlakasest magususest ja v\u00e4rskendavast v\u00e4rskusest<\/p>\n<p>Strawberry Watermelon WASPE 5000 PUFFS <strong><a href=\"https:\/\/www.elementvape.de\/et\/\" target=\"_blank\" rel=\"noopener\">E-sigarett<\/a><\/strong> toob igasse t\u00f5mbesse t\u00e4iusliku tasakaalu mahlakasest magususest ja v\u00e4rskendavast kergusest. See e-sigarett on kohustuslik k\u00f5igile, kes soovivad kogeda mahlaste maasikate ja jaheda arbuusi maitsetulva. Veelgi parem: saate seda kvaliteetset toodet osta tollivabalt ja konkurentsiv\u00f5imelise hulgihinnaga.<\/p>\n<h3>Mida teeb Strawberry Watermelon WASPE 5000 PUFFS e-sigarett nii eriliseks?<\/h3>\n<ol>\n<li>T\u00e4iuslikult tasakaalustatud maitse: magusate maasikate ja v\u00e4rskendava arbuusi kombinatsioon on t\u00f5eline nauding meelele. Iga t\u00f5mme sellest e-sigarettist pakub harmoonilist segu, mis on nii magus kui ka v\u00e4rskendav \u2013 ideaalne k\u00f5igile, kes otsivad mahlast ja samal ajal kerget maitseelamust.<\/li>\n<li>5000 t\u00f5mmet pikaajaliseks naudinguks: 13 ml e-vedeliku mahutavusega ja vastupidava 650mAh aku abil saate nautida kuni 5000 t\u00f5mmet. See t\u00e4hendab, et v\u00f5ite oodata pikaajalist aurustamiskogemust ilma pideva laadimise v\u00f5i t\u00e4itmiseta.<\/li>\n<li>Stiilne ja k\u00e4ep\u00e4rane disain: Strawberry Watermelon WASPE 5000 PUFFS e-sigarett ei ole ainult maitseelamus, vaid ka visuaalselt silmapaistev. Selle kompaktne disain istub mugavalt k\u00e4es ja teeb sellest ideaalse kaaslase teekonnal.<\/li>\n<li>Lihtne kasutada: see e-sigarett on eriti kasutajas\u00f5bralik. Ei vaja sisse l\u00fclitamist, ei nuppe \u2013 lihtsalt t\u00f5mmake ja maitsev <strong><a href=\"https:\/\/www.elementvape.de\/et\/\" target=\"_blank\" rel=\"noopener\">Damp<\/a><\/strong> avab end kohe. See lihtsus teeb selle ideaalseks algajatele ja kogenud aurustajatele.<\/li>\n<li>Tollivaba ja hulgihinnaga saadaval: kasutage v\u00f5imalust osta Strawberry Watermelon WASPE 5000 PUFFS e-sigarett tollivabalt ja konkurentsiv\u00f5imelise hulgihinnaga. Saate esmaklassilise toote, mis on tuntud oma kvaliteedi ja maitse poolest, hinnaga, mida on raske \u00fcletada.<\/li>\n<\/ol>\n<h3>V\u00e4rskendavalt magus ja vastupandamatu<\/h3>\n<p>Strawberry Watermelon WASPE 5000 PUFFS e-sigarett on t\u00e4iuslik valik k\u00f5igile, kes soovivad nautida iga t\u00f5mbega maasikate ja arbuuside magusat v\u00e4rskust. Oma muljetavaldava t\u00f5mmete arvuga, stiilse disaini ja lihtsa k\u00e4sitsemisega muutub see kiiresti teie uueks lemmikseadeks. Kasutage tollivaba eeliseid ja hulgihindu, et saada see eksklusiivne toode hind, mida on raske \u00fcletada. Kogege l\u00f5plikku mahlast naudingut Strawberry Watermelon WASPE 5000 PUFFS e-sigareti abil \u2013 kogemus, mida te ei tohiks maha magada<\/p>","protected":false},"excerpt":{"rendered":"<p>Strawberry Watermelon WASPE 5000 PUFFS E-Zigarette \u2013 Jetzt zollfrei erh\u00e4ltlich und zu Gro\u00dfhandelspreisen \u2013 Die perfekte Mischung aus fruchtiger S\u00fc\u00dfe und erfrischender Frische Die Strawberry Watermelon WASPE 5000 PUFFS E-Zigarette bringt die perfekte Balance aus fruchtiger S\u00fc\u00dfe und erfrischender Leichtigkeit in jeden Zug. Diese E-Zigarette ist ein Muss f\u00fcr alle, die eine geschmackliche Explosion von [&hellip;]<\/p>","protected":false},"featured_media":14040,"template":"","meta":{"inline_featured_image":false},"product_cat":[15,78,735,746,741,733,744,755,738,751,726],"product_tag":[710,678],"tiered_pricing_type":"fixed","tiered_pricing_fixed_rules":[],"tiered_pricing_percentage_rules":[],"tiered_pricing_minimum":1,"_administrator_tiered_pricing_type":"fixed","_administrator_tiered_pricing_fixed_rules":[],"_editor_tiered_pricing_type":"fixed","_editor_tiered_pricing_fixed_rules":[],"_author_tiered_pricing_type":"fixed","_author_tiered_pricing_fixed_rules":[],"_contributor_tiered_pricing_type":"fixed","_contributor_tiered_pricing_fixed_rules":[],"_subscriber_tiered_pricing_type":"fixed","_subscriber_tiered_pricing_fixed_rules":[],"_customer_tiered_pricing_type":"fixed","_customer_tiered_pricing_fixed_rules":[],"_shop_manager_tiered_pricing_type":"fixed","_shop_manager_tiered_pricing_fixed_rules":[],"_wpseo_manager_tiered_pricing_type":"fixed","_wpseo_manager_tiered_pricing_fixed_rules":[],"_wpseo_editor_tiered_pricing_type":"fixed","_wpseo_editor_tiered_pricing_fixed_rules":[],"_wholesale_customer_tiered_pricing_type":"fixed","_wholesale_customer_tiered_pricing_fixed_rules":[],"_marketer_tiered_pricing_type":"fixed","_marketer_tiered_pricing_fixed_rules":[],"_sales_manager_tiered_pricing_type":"fixed","_sales_manager_tiered_pricing_fixed_rules":[],"_sales_rep_tiered_pricing_type":"fixed","_sales_rep_tiered_pricing_fixed_rules":[],"yoast_head":"<!-- This site is optimized with the Yoast SEO plugin v23.3 - https:\/\/yoast.com\/wordpress\/plugins\/seo\/ -->\n<title>Strawberry Watermelon WASPE 5000 PUFFS E-Zigarette Jetzt zollfrei erh\u00e4ltlich und zu Gro\u00dfhandelspreisen \u2013 Perfekte Mischung aus fruchtiger S\u00fc\u00dfe und erfrischender Frische | ElementVape.de<\/title>\n<meta name=\"description\" content=\"Wir bieten Strawberry Watermelon WASPE 5000 PUFFS E-Zigarette Jetzt zollfrei erh\u00e4ltlich und zu Gro\u00dfhandelspreisen \u2013 Perfekte Mischung aus fruchtiger S\u00fc\u00dfe und erfrischender Frische , Elementvape.de akzeptieren Gro\u00df-und Einzelhandel Bestellungen.\" \/>\n<meta name=\"robots\" content=\"index, follow, max-snippet:-1, max-image-preview:large, max-video-preview:-1\" \/>\n<link rel=\"canonical\" href=\"https:\/\/www.elementvape.de\/et\/produkt\/strawberry-watermelon-waspe-5000-puffs-e-zigarette-jetzt-zollfrei-erhaeltlich-und-zu-grosshandelspreisen-perfekte-mischung-aus-fruchtiger-suesse-und-erfrischender-frische\/\" \/>\n<meta property=\"og:locale\" content=\"et_EE\" \/>\n<meta property=\"og:type\" content=\"article\" \/>\n<meta property=\"og:title\" content=\"Strawberry Watermelon WASPE 5000 PUFFS E-Zigarette Jetzt zollfrei erh\u00e4ltlich und zu Gro\u00dfhandelspreisen \u2013 Perfekte Mischung aus fruchtiger S\u00fc\u00dfe und erfrischender Frische | ElementVape.de\" \/>\n<meta property=\"og:description\" content=\"Wir bieten Strawberry Watermelon WASPE 5000 PUFFS E-Zigarette Jetzt zollfrei erh\u00e4ltlich und zu Gro\u00dfhandelspreisen \u2013 Perfekte Mischung aus fruchtiger S\u00fc\u00dfe und erfrischender Frische , Elementvape.de akzeptieren Gro\u00df-und Einzelhandel Bestellungen.\" \/>\n<meta property=\"og:url\" content=\"https:\/\/www.elementvape.de\/et\/produkt\/strawberry-watermelon-waspe-5000-puffs-e-zigarette-jetzt-zollfrei-erhaeltlich-und-zu-grosshandelspreisen-perfekte-mischung-aus-fruchtiger-suesse-und-erfrischender-frische\/\" \/>\n<meta property=\"og:site_name\" content=\"ElementVape.de\" \/>\n<meta property=\"article:modified_time\" content=\"2024-10-15T03:30:09+00:00\" \/>\n<meta property=\"og:image\" content=\"https:\/\/www.elementvape.de\/wp-content\/uploads\/2024\/08\/Strawberry-Watermelon.webp\" \/>\n\t<meta property=\"og:image:width\" content=\"400\" \/>\n\t<meta property=\"og:image:height\" content=\"400\" \/>\n\t<meta property=\"og:image:type\" content=\"image\/webp\" \/>\n<meta name=\"twitter:card\" content=\"summary_large_image\" \/>\n<meta name=\"twitter:label1\" content=\"Est. reading time\" \/>\n\t<meta name=\"twitter:data1\" content=\"3 minutit\" \/>\n<script type=\"application\/ld+json\" class=\"yoast-schema-graph\">{\"@context\":\"https:\/\/schema.org\",\"@graph\":[{\"@type\":\"WebPage\",\"@id\":\"https:\/\/www.elementvape.de\/produkt\/strawberry-watermelon-waspe-5000-puffs-e-zigarette-jetzt-zollfrei-erhaeltlich-und-zu-grosshandelspreisen-perfekte-mischung-aus-fruchtiger-suesse-und-erfrischender-frische\/\",\"url\":\"https:\/\/www.elementvape.de\/produkt\/strawberry-watermelon-waspe-5000-puffs-e-zigarette-jetzt-zollfrei-erhaeltlich-und-zu-grosshandelspreisen-perfekte-mischung-aus-fruchtiger-suesse-und-erfrischender-frische\/\",\"name\":\"Strawberry Watermelon WASPE 5000 PUFFS E-Zigarette Jetzt zollfrei erh\u00e4ltlich und zu Gro\u00dfhandelspreisen \u2013 Perfekte Mischung aus fruchtiger S\u00fc\u00dfe und erfrischender Frische | ElementVape.de\",\"isPartOf\":{\"@id\":\"https:\/\/www.elementvape.de\/#website\"},\"primaryImageOfPage\":{\"@id\":\"https:\/\/www.elementvape.de\/produkt\/strawberry-watermelon-waspe-5000-puffs-e-zigarette-jetzt-zollfrei-erhaeltlich-und-zu-grosshandelspreisen-perfekte-mischung-aus-fruchtiger-suesse-und-erfrischender-frische\/#primaryimage\"},\"image\":{\"@id\":\"https:\/\/www.elementvape.de\/produkt\/strawberry-watermelon-waspe-5000-puffs-e-zigarette-jetzt-zollfrei-erhaeltlich-und-zu-grosshandelspreisen-perfekte-mischung-aus-fruchtiger-suesse-und-erfrischender-frische\/#primaryimage\"},\"thumbnailUrl\":\"https:\/\/www.elementvape.de\/wp-content\/uploads\/2024\/08\/Strawberry-Watermelon.webp\",\"datePublished\":\"2024-08-28T02:05:31+00:00\",\"dateModified\":\"2024-10-15T03:30:09+00:00\",\"description\":\"Wir bieten Strawberry Watermelon WASPE 5000 PUFFS E-Zigarette Jetzt zollfrei erh\u00e4ltlich und zu Gro\u00dfhandelspreisen \u2013 Perfekte Mischung aus fruchtiger S\u00fc\u00dfe und erfrischender Frische , Elementvape.de akzeptieren Gro\u00df-und Einzelhandel Bestellungen.\",\"breadcrumb\":{\"@id\":\"https:\/\/www.elementvape.de\/produkt\/strawberry-watermelon-waspe-5000-puffs-e-zigarette-jetzt-zollfrei-erhaeltlich-und-zu-grosshandelspreisen-perfekte-mischung-aus-fruchtiger-suesse-und-erfrischender-frische\/#breadcrumb\"},\"inLanguage\":\"et\",\"potentialAction\":[{\"@type\":\"ReadAction\",\"target\":[\"https:\/\/www.elementvape.de\/produkt\/strawberry-watermelon-waspe-5000-puffs-e-zigarette-jetzt-zollfrei-erhaeltlich-und-zu-grosshandelspreisen-perfekte-mischung-aus-fruchtiger-suesse-und-erfrischender-frische\/\"]}]},{\"@type\":\"ImageObject\",\"inLanguage\":\"et\",\"@id\":\"https:\/\/www.elementvape.de\/produkt\/strawberry-watermelon-waspe-5000-puffs-e-zigarette-jetzt-zollfrei-erhaeltlich-und-zu-grosshandelspreisen-perfekte-mischung-aus-fruchtiger-suesse-und-erfrischender-frische\/#primaryimage\",\"url\":\"https:\/\/www.elementvape.de\/wp-content\/uploads\/2024\/08\/Strawberry-Watermelon.webp\",\"contentUrl\":\"https:\/\/www.elementvape.de\/wp-content\/uploads\/2024\/08\/Strawberry-Watermelon.webp\",\"width\":400,\"height\":400,\"caption\":\"Strawberry Watermelon\"},{\"@type\":\"BreadcrumbList\",\"@id\":\"https:\/\/www.elementvape.de\/produkt\/strawberry-watermelon-waspe-5000-puffs-e-zigarette-jetzt-zollfrei-erhaeltlich-und-zu-grosshandelspreisen-perfekte-mischung-aus-fruchtiger-suesse-und-erfrischender-frische\/#breadcrumb\",\"itemListElement\":[{\"@type\":\"ListItem\",\"position\":1,\"name\":\"Home\",\"item\":\"https:\/\/www.elementvape.de\/\"},{\"@type\":\"ListItem\",\"position\":2,\"name\":\"Shop\",\"item\":\"https:\/\/www.elementvape.de\/shop\/\"},{\"@type\":\"ListItem\",\"position\":3,\"name\":\"Strawberry Watermelon WASPE 5000 PUFFS E-Zigarette Jetzt zollfrei erh\u00e4ltlich und zu Gro\u00dfhandelspreisen \u2013 Perfekte Mischung aus fruchtiger S\u00fc\u00dfe und erfrischender Frische\"}]},{\"@type\":\"WebSite\",\"@id\":\"https:\/\/www.elementvape.de\/#website\",\"url\":\"https:\/\/www.elementvape.de\/\",\"name\":\"ElementVape.de\",\"description\":\"\",\"publisher\":{\"@id\":\"https:\/\/www.elementvape.de\/#organization\"},\"potentialAction\":[{\"@type\":\"SearchAction\",\"target\":{\"@type\":\"EntryPoint\",\"urlTemplate\":\"https:\/\/www.elementvape.de\/?s={search_term_string}\"},\"query-input\":\"required name=search_term_string\"}],\"inLanguage\":\"et\"},{\"@type\":\"Organization\",\"@id\":\"https:\/\/www.elementvape.de\/#organization\",\"name\":\"ElementVape.DE\",\"url\":\"https:\/\/www.elementvape.de\/\",\"logo\":{\"@type\":\"ImageObject\",\"inLanguage\":\"et\",\"@id\":\"https:\/\/www.elementvape.de\/#\/schema\/logo\/image\/\",\"url\":\"https:\/\/www.elementvape.de\/wp-content\/uploads\/2024\/09\/cropped-1elementvape-3.png\",\"contentUrl\":\"https:\/\/www.elementvape.de\/wp-content\/uploads\/2024\/09\/cropped-1elementvape-3.png\",\"width\":285,\"height\":228,\"caption\":\"ElementVape.DE\"},\"image\":{\"@id\":\"https:\/\/www.elementvape.de\/#\/schema\/logo\/image\/\"}}]}<\/script>\n<!-- \/ Yoast SEO plugin. -->","yoast_head_json":{"title":"Strawberry Watermelon WASPE 5000 PUFFS E-Zigarette Jetzt zollfrei erh\u00e4ltlich und zu Gro\u00dfhandelspreisen \u2013 Perfekte Mischung aus fruchtiger S\u00fc\u00dfe und erfrischender Frische | ElementVape.de","description":"Wir bieten Strawberry Watermelon WASPE 5000 PUFFS E-Zigarette Jetzt zollfrei erh\u00e4ltlich und zu Gro\u00dfhandelspreisen \u2013 Perfekte Mischung aus fruchtiger S\u00fc\u00dfe und erfrischender Frische , Elementvape.de akzeptieren Gro\u00df-und Einzelhandel Bestellungen.","robots":{"index":"index","follow":"follow","max-snippet":"max-snippet:-1","max-image-preview":"max-image-preview:large","max-video-preview":"max-video-preview:-1"},"canonical":"https:\/\/www.elementvape.de\/et\/produkt\/strawberry-watermelon-waspe-5000-puffs-e-zigarette-jetzt-zollfrei-erhaeltlich-und-zu-grosshandelspreisen-perfekte-mischung-aus-fruchtiger-suesse-und-erfrischender-frische\/","og_locale":"et_EE","og_type":"article","og_title":"Strawberry Watermelon WASPE 5000 PUFFS E-Zigarette Jetzt zollfrei erh\u00e4ltlich und zu Gro\u00dfhandelspreisen \u2013 Perfekte Mischung aus fruchtiger S\u00fc\u00dfe und erfrischender Frische | ElementVape.de","og_description":"Wir bieten Strawberry Watermelon WASPE 5000 PUFFS E-Zigarette Jetzt zollfrei erh\u00e4ltlich und zu Gro\u00dfhandelspreisen \u2013 Perfekte Mischung aus fruchtiger S\u00fc\u00dfe und erfrischender Frische , Elementvape.de akzeptieren Gro\u00df-und Einzelhandel Bestellungen.","og_url":"https:\/\/www.elementvape.de\/et\/produkt\/strawberry-watermelon-waspe-5000-puffs-e-zigarette-jetzt-zollfrei-erhaeltlich-und-zu-grosshandelspreisen-perfekte-mischung-aus-fruchtiger-suesse-und-erfrischender-frische\/","og_site_name":"ElementVape.de","article_modified_time":"2024-10-15T03:30:09+00:00","og_image":[{"width":400,"height":400,"url":"https:\/\/www.elementvape.de\/wp-content\/uploads\/2024\/08\/Strawberry-Watermelon.webp","type":"image\/webp"}],"twitter_card":"summary_large_image","twitter_misc":{"Est. reading time":"3 minutit"},"schema":{"@context":"https:\/\/schema.org","@graph":[{"@type":"WebPage","@id":"https:\/\/www.elementvape.de\/produkt\/strawberry-watermelon-waspe-5000-puffs-e-zigarette-jetzt-zollfrei-erhaeltlich-und-zu-grosshandelspreisen-perfekte-mischung-aus-fruchtiger-suesse-und-erfrischender-frische\/","url":"https:\/\/www.elementvape.de\/produkt\/strawberry-watermelon-waspe-5000-puffs-e-zigarette-jetzt-zollfrei-erhaeltlich-und-zu-grosshandelspreisen-perfekte-mischung-aus-fruchtiger-suesse-und-erfrischender-frische\/","name":"Strawberry Watermelon WASPE 5000 PUFFS E-Zigarette Jetzt zollfrei erh\u00e4ltlich und zu Gro\u00dfhandelspreisen \u2013 Perfekte Mischung aus fruchtiger S\u00fc\u00dfe und erfrischender Frische | ElementVape.de","isPartOf":{"@id":"https:\/\/www.elementvape.de\/#website"},"primaryImageOfPage":{"@id":"https:\/\/www.elementvape.de\/produkt\/strawberry-watermelon-waspe-5000-puffs-e-zigarette-jetzt-zollfrei-erhaeltlich-und-zu-grosshandelspreisen-perfekte-mischung-aus-fruchtiger-suesse-und-erfrischender-frische\/#primaryimage"},"image":{"@id":"https:\/\/www.elementvape.de\/produkt\/strawberry-watermelon-waspe-5000-puffs-e-zigarette-jetzt-zollfrei-erhaeltlich-und-zu-grosshandelspreisen-perfekte-mischung-aus-fruchtiger-suesse-und-erfrischender-frische\/#primaryimage"},"thumbnailUrl":"https:\/\/www.elementvape.de\/wp-content\/uploads\/2024\/08\/Strawberry-Watermelon.webp","datePublished":"2024-08-28T02:05:31+00:00","dateModified":"2024-10-15T03:30:09+00:00","description":"Wir bieten Strawberry Watermelon WASPE 5000 PUFFS E-Zigarette Jetzt zollfrei erh\u00e4ltlich und zu Gro\u00dfhandelspreisen \u2013 Perfekte Mischung aus fruchtiger S\u00fc\u00dfe und erfrischender Frische , Elementvape.de akzeptieren Gro\u00df-und Einzelhandel Bestellungen.","breadcrumb":{"@id":"https:\/\/www.elementvape.de\/produkt\/strawberry-watermelon-waspe-5000-puffs-e-zigarette-jetzt-zollfrei-erhaeltlich-und-zu-grosshandelspreisen-perfekte-mischung-aus-fruchtiger-suesse-und-erfrischender-frische\/#breadcrumb"},"inLanguage":"et","potentialAction":[{"@type":"ReadAction","target":["https:\/\/www.elementvape.de\/produkt\/strawberry-watermelon-waspe-5000-puffs-e-zigarette-jetzt-zollfrei-erhaeltlich-und-zu-grosshandelspreisen-perfekte-mischung-aus-fruchtiger-suesse-und-erfrischender-frische\/"]}]},{"@type":"ImageObject","inLanguage":"et","@id":"https:\/\/www.elementvape.de\/produkt\/strawberry-watermelon-waspe-5000-puffs-e-zigarette-jetzt-zollfrei-erhaeltlich-und-zu-grosshandelspreisen-perfekte-mischung-aus-fruchtiger-suesse-und-erfrischender-frische\/#primaryimage","url":"https:\/\/www.elementvape.de\/wp-content\/uploads\/2024\/08\/Strawberry-Watermelon.webp","contentUrl":"https:\/\/www.elementvape.de\/wp-content\/uploads\/2024\/08\/Strawberry-Watermelon.webp","width":400,"height":400,"caption":"Strawberry Watermelon"},{"@type":"BreadcrumbList","@id":"https:\/\/www.elementvape.de\/produkt\/strawberry-watermelon-waspe-5000-puffs-e-zigarette-jetzt-zollfrei-erhaeltlich-und-zu-grosshandelspreisen-perfekte-mischung-aus-fruchtiger-suesse-und-erfrischender-frische\/#breadcrumb","itemListElement":[{"@type":"ListItem","position":1,"name":"Home","item":"https:\/\/www.elementvape.de\/"},{"@type":"ListItem","position":2,"name":"Shop","item":"https:\/\/www.elementvape.de\/shop\/"},{"@type":"ListItem","position":3,"name":"Strawberry Watermelon WASPE 5000 PUFFS E-Zigarette Jetzt zollfrei erh\u00e4ltlich und zu Gro\u00dfhandelspreisen \u2013 Perfekte Mischung aus fruchtiger S\u00fc\u00dfe und erfrischender Frische"}]},{"@type":"WebSite","@id":"https:\/\/www.elementvape.de\/#website","url":"https:\/\/www.elementvape.de\/","name":"ElementVape.de","description":"","publisher":{"@id":"https:\/\/www.elementvape.de\/#organization"},"potentialAction":[{"@type":"SearchAction","target":{"@type":"EntryPoint","urlTemplate":"https:\/\/www.elementvape.de\/?s={search_term_string}"},"query-input":"required name=search_term_string"}],"inLanguage":"et"},{"@type":"Organization","@id":"https:\/\/www.elementvape.de\/#organization","name":"ElementVape.DE","url":"https:\/\/www.elementvape.de\/","logo":{"@type":"ImageObject","inLanguage":"et","@id":"https:\/\/www.elementvape.de\/#\/schema\/logo\/image\/","url":"https:\/\/www.elementvape.de\/wp-content\/uploads\/2024\/09\/cropped-1elementvape-3.png","contentUrl":"https:\/\/www.elementvape.de\/wp-content\/uploads\/2024\/09\/cropped-1elementvape-3.png","width":285,"height":228,"caption":"ElementVape.DE"},"image":{"@id":"https:\/\/www.elementvape.de\/#\/schema\/logo\/image\/"}}]}},"_links":{"self":[{"href":"https:\/\/www.elementvape.de\/et\/wp-json\/wp\/v2\/product\/14039"}],"collection":[{"href":"https:\/\/www.elementvape.de\/et\/wp-json\/wp\/v2\/product"}],"about":[{"href":"https:\/\/www.elementvape.de\/et\/wp-json\/wp\/v2\/types\/product"}],"wp:featuredmedia":[{"embeddable":true,"href":"https:\/\/www.elementvape.de\/et\/wp-json\/wp\/v2\/media\/14040"}],"wp:attachment":[{"href":"https:\/\/www.elementvape.de\/et\/wp-json\/wp\/v2\/media?parent=14039"}],"wp:term":[{"taxonomy":"product_cat","embeddable":true,"href":"https:\/\/www.elementvape.de\/et\/wp-json\/wp\/v2\/product_cat?post=14039"},{"taxonomy":"product_tag","embeddable":true,"href":"https:\/\/www.elementvape.de\/et\/wp-json\/wp\/v2\/product_tag?post=14039"}],"curies":[{"name":"wp","href":"https:\/\/api.w.org\/{rel}","templated":true}]}}