{"id":14035,"date":"2024-08-28T01:36:02","date_gmt":"2024-08-28T01:36:02","guid":{"rendered":"https:\/\/www.elementvape.de\/?post_type=product&#038;p=14035"},"modified":"2024-10-15T03:32:42","modified_gmt":"2024-10-15T03:32:42","slug":"erleben-sie-den-erfrischenden-cola-ice-geschmack-mit-der-waspe-5000-puffs-e-zigarette-zollfrei-und-zu-unschlagbaren-grosshandelspreisen","status":"publish","type":"product","link":"https:\/\/www.elementvape.de\/et\/produkt\/erleben-sie-den-erfrischenden-cola-ice-geschmack-mit-der-waspe-5000-puffs-e-zigarette-zollfrei-und-zu-unschlagbaren-grosshandelspreisen\/","title":{"rendered":"Kogege v\u00e4rskendavat Cola Ice maitset WASPE 5000 PUFFS e-s\u00fc\u00fctajaga, tollivaba ja konkurentsiv\u00f5imeliste hulgihindadega"},"content":{"rendered":"<h2>Naudi v\u00e4rskendavat Cola Ice maitset WASPE 5000 PUFFS e-sigaretiga \u2013 tollivabalt ja \u00fcletamatute hulgim\u00fc\u00fcgihindadega<\/h2>\n<p>Kui otsid e-sigareti kogemust, mis ei veena mitte ainult maitse poolest, vaid toob ka v\u00e4rskendava noodi, siis WASPE 5000 PUFFS <strong><a href=\"https:\/\/www.elementvape.de\/et\/\" target=\"_blank\" rel=\"noopener\">E-sigarett<\/a><\/strong> Cola Ice maitsega on just see \u00f5ige sinu jaoks. See uuenduslik e-sigaret \u00fchendab klassikalise, magusa koola maitse jaheda v\u00e4rskusega, mis muudab iga t\u00f5mbe nauditavaks. Ja mis k\u00f5ige parem? Sa saad selle esmaklassilise e-sigareti osta tollivabalt ja hulgim\u00fc\u00fcgihindadega.<\/p>\n<h3>Miks on Cola Ice WASPE 5000 PUFFS e-sigaret \u00f5ige valik<\/h3>\n<ol>\n<li>Ainulaadne Cola Ice maitse: Koola magusa, kihiseva maitse ja v\u00e4rskendava jahutava efekti kombinatsioon on lihtsalt \u00fcletamatu. Iga t\u00f5mbega hellitatakse sinu maitsemeeli tuttava ja samas \u00fcllatavalt v\u00e4rske aroomiga.<\/li>\n<li>Kauakestev aurustamiskogemus: WASPE 5000 PUFFS e-sigaret pakub sulle t\u00e4nu oma suurele 13 ml e-vedeliku mahutile ja v\u00f5imsale 650 mAh akule kuni 5000 t\u00f5mmet. See t\u00e4hendab, et saad nautida pikka aurustamiskogemust, ilma et peaksid muretsema laadimise v\u00f5i t\u00e4itmise p\u00e4rast.<\/li>\n<li>Kompaktne ja stiilne disain: Oma elegantse disainiga ei ole WASPE 5000 PUFFS e-sigaret mitte ainult mugav k\u00e4es hoida, vaid n\u00e4eb ka hea v\u00e4lja. See on kerge ja lihtne kaasas kanda, nii et saad oma lemmikjooki auru kujul k\u00f5ikjale kaasa v\u00f5tta.<\/li>\n<li>Lihtne kasutada: Kasutamine ei saaks olla lihtsam \u2013 ei mingeid nuppude vajutamist, ei mingeid keerulisi seadistusi. Lihtsalt t\u00f5mba huulikust ja e-sigaret aktiveerub automaatselt, nii et saad kohe nautida Cola Ice maitset.<\/li>\n<li>Saadaval tollivabalt ja hulgim\u00fc\u00fcgihindadega: V\u00f5imalus osta WASPE 5000 PUFFS e-sigaret tollivabalt ja nautida \u00fcletamatuid hulgim\u00fc\u00fcgihindu muudab selle toote atraktiivseks mitte ainult maitse, vaid ka hinna poolest. Sa saad kvaliteetse toote, mis on tuntud oma kvaliteedi ja vastupidavuse poolest, hinnaga, mis on v\u00f5rreldamatu.<\/li>\n<\/ol>\n<h3>V\u00e4rskendav nauding, mis veenab<\/h3>\n<p>WASPE 5000 PUFFS Cola Ice maitsega e-sigaret on ideaalne valik k\u00f5igile, kes armastavad klassikalist koola maitset ja soovivad seda nautida uuel, v\u00e4rskendaval viisil. Muljetavaldava t\u00f5mmete arvu, atraktiivse disaini ja lihtsa k\u00e4sitsemisega saab sellest <strong><a href=\"https:\/\/www.elementvape.de\/et\/\">E-sigarett<\/a><\/strong> kiiresti sinu lemmik. Kasuta v\u00f5imalust osta see esmaklassiline toode tollivabalt ja \u00fcletamatute hulgim\u00fc\u00fcgihindadega. Naudi v\u00e4rskendavat Cola Ice maitset \u2013 nauding, mis kestab kaua!<\/p>","protected":false},"excerpt":{"rendered":"<p>Genie\u00dfen Sie den erfrischenden Cola Ice Geschmack mit der WASPE 5000 PUFFS E-Zigarette \u2013 Zollfrei und zu unschlagbaren Gro\u00dfhandelspreisen Wenn Sie auf der Suche nach einem E-Zigaretten-Erlebnis sind, das nicht nur geschmacklich \u00fcberzeugt, sondern auch eine erfrischende Note mitbringt, dann ist die WASPE 5000 PUFFS E-Zigarette mit Cola Ice Geschmack genau das Richtige f\u00fcr Sie. [&hellip;]<\/p>","protected":false},"featured_media":14036,"template":"","meta":{"inline_featured_image":false},"product_cat":[15,78,735,746,741,733,744,755,738,751,726],"product_tag":[710,678],"tiered_pricing_type":"fixed","tiered_pricing_fixed_rules":[],"tiered_pricing_percentage_rules":[],"tiered_pricing_minimum":1,"_administrator_tiered_pricing_type":"fixed","_administrator_tiered_pricing_fixed_rules":[],"_editor_tiered_pricing_type":"fixed","_editor_tiered_pricing_fixed_rules":[],"_author_tiered_pricing_type":"fixed","_author_tiered_pricing_fixed_rules":[],"_contributor_tiered_pricing_type":"fixed","_contributor_tiered_pricing_fixed_rules":[],"_subscriber_tiered_pricing_type":"fixed","_subscriber_tiered_pricing_fixed_rules":[],"_customer_tiered_pricing_type":"fixed","_customer_tiered_pricing_fixed_rules":[],"_shop_manager_tiered_pricing_type":"fixed","_shop_manager_tiered_pricing_fixed_rules":[],"_wpseo_manager_tiered_pricing_type":"fixed","_wpseo_manager_tiered_pricing_fixed_rules":[],"_wpseo_editor_tiered_pricing_type":"fixed","_wpseo_editor_tiered_pricing_fixed_rules":[],"_wholesale_customer_tiered_pricing_type":"fixed","_wholesale_customer_tiered_pricing_fixed_rules":[],"_marketer_tiered_pricing_type":"fixed","_marketer_tiered_pricing_fixed_rules":[],"_sales_manager_tiered_pricing_type":"fixed","_sales_manager_tiered_pricing_fixed_rules":[],"_sales_rep_tiered_pricing_type":"fixed","_sales_rep_tiered_pricing_fixed_rules":[],"yoast_head":"<!-- This site is optimized with the Yoast SEO plugin v23.3 - https:\/\/yoast.com\/wordpress\/plugins\/seo\/ -->\n<title>Erleben Sie den erfrischenden Cola Ice Geschmack mit der WASPE 5000 PUFFS E-Zigarette, zollfrei und zu unschlagbaren Gro\u00dfhandelspreisen | ElementVape.de<\/title>\n<meta name=\"description\" content=\"Wir bieten Erleben Sie den erfrischenden Cola Ice Geschmack mit der WASPE 5000 PUFFS E-Zigarette, zollfrei und zu unschlagbaren Gro\u00dfhandelspreisen , Elementvape.de akzeptieren Gro\u00df-und Einzelhandel Bestellungen.\" \/>\n<meta name=\"robots\" content=\"index, follow, max-snippet:-1, max-image-preview:large, max-video-preview:-1\" \/>\n<link rel=\"canonical\" href=\"https:\/\/www.elementvape.de\/et\/produkt\/erleben-sie-den-erfrischenden-cola-ice-geschmack-mit-der-waspe-5000-puffs-e-zigarette-zollfrei-und-zu-unschlagbaren-grosshandelspreisen\/\" \/>\n<meta property=\"og:locale\" content=\"et_EE\" \/>\n<meta property=\"og:type\" content=\"article\" \/>\n<meta property=\"og:title\" content=\"Erleben Sie den erfrischenden Cola Ice Geschmack mit der WASPE 5000 PUFFS E-Zigarette, zollfrei und zu unschlagbaren Gro\u00dfhandelspreisen | ElementVape.de\" \/>\n<meta property=\"og:description\" content=\"Wir bieten Erleben Sie den erfrischenden Cola Ice Geschmack mit der WASPE 5000 PUFFS E-Zigarette, zollfrei und zu unschlagbaren Gro\u00dfhandelspreisen , Elementvape.de akzeptieren Gro\u00df-und Einzelhandel Bestellungen.\" \/>\n<meta property=\"og:url\" content=\"https:\/\/www.elementvape.de\/et\/produkt\/erleben-sie-den-erfrischenden-cola-ice-geschmack-mit-der-waspe-5000-puffs-e-zigarette-zollfrei-und-zu-unschlagbaren-grosshandelspreisen\/\" \/>\n<meta property=\"og:site_name\" content=\"ElementVape.de\" \/>\n<meta property=\"article:modified_time\" content=\"2024-10-15T03:32:42+00:00\" \/>\n<meta property=\"og:image\" content=\"https:\/\/www.elementvape.de\/wp-content\/uploads\/2024\/08\/Cola-lce.webp\" \/>\n\t<meta property=\"og:image:width\" content=\"400\" \/>\n\t<meta property=\"og:image:height\" content=\"400\" \/>\n\t<meta property=\"og:image:type\" content=\"image\/webp\" \/>\n<meta name=\"twitter:card\" content=\"summary_large_image\" \/>\n<meta name=\"twitter:label1\" content=\"Est. reading time\" \/>\n\t<meta name=\"twitter:data1\" content=\"3 minutit\" \/>\n<script type=\"application\/ld+json\" class=\"yoast-schema-graph\">{\"@context\":\"https:\/\/schema.org\",\"@graph\":[{\"@type\":\"WebPage\",\"@id\":\"https:\/\/www.elementvape.de\/lt\/produkt\/erleben-sie-den-erfrischenden-cola-ice-geschmack-mit-der-waspe-5000-puffs-e-zigarette-zollfrei-und-zu-unschlagbaren-grosshandelspreisen\/\",\"url\":\"https:\/\/www.elementvape.de\/lt\/produkt\/erleben-sie-den-erfrischenden-cola-ice-geschmack-mit-der-waspe-5000-puffs-e-zigarette-zollfrei-und-zu-unschlagbaren-grosshandelspreisen\/\",\"name\":\"Erleben Sie den erfrischenden Cola Ice Geschmack mit der WASPE 5000 PUFFS E-Zigarette, zollfrei und zu unschlagbaren Gro\u00dfhandelspreisen | ElementVape.de\",\"isPartOf\":{\"@id\":\"https:\/\/www.elementvape.de\/#website\"},\"primaryImageOfPage\":{\"@id\":\"https:\/\/www.elementvape.de\/lt\/produkt\/erleben-sie-den-erfrischenden-cola-ice-geschmack-mit-der-waspe-5000-puffs-e-zigarette-zollfrei-und-zu-unschlagbaren-grosshandelspreisen\/#primaryimage\"},\"image\":{\"@id\":\"https:\/\/www.elementvape.de\/lt\/produkt\/erleben-sie-den-erfrischenden-cola-ice-geschmack-mit-der-waspe-5000-puffs-e-zigarette-zollfrei-und-zu-unschlagbaren-grosshandelspreisen\/#primaryimage\"},\"thumbnailUrl\":\"https:\/\/www.elementvape.de\/wp-content\/uploads\/2024\/08\/Cola-lce.webp\",\"datePublished\":\"2024-08-28T01:36:02+00:00\",\"dateModified\":\"2024-10-15T03:32:42+00:00\",\"description\":\"Wir bieten Erleben Sie den erfrischenden Cola Ice Geschmack mit der WASPE 5000 PUFFS E-Zigarette, zollfrei und zu unschlagbaren Gro\u00dfhandelspreisen , Elementvape.de akzeptieren Gro\u00df-und Einzelhandel Bestellungen.\",\"breadcrumb\":{\"@id\":\"https:\/\/www.elementvape.de\/lt\/produkt\/erleben-sie-den-erfrischenden-cola-ice-geschmack-mit-der-waspe-5000-puffs-e-zigarette-zollfrei-und-zu-unschlagbaren-grosshandelspreisen\/#breadcrumb\"},\"inLanguage\":\"et\",\"potentialAction\":[{\"@type\":\"ReadAction\",\"target\":[\"https:\/\/www.elementvape.de\/lt\/produkt\/erleben-sie-den-erfrischenden-cola-ice-geschmack-mit-der-waspe-5000-puffs-e-zigarette-zollfrei-und-zu-unschlagbaren-grosshandelspreisen\/\"]}]},{\"@type\":\"ImageObject\",\"inLanguage\":\"et\",\"@id\":\"https:\/\/www.elementvape.de\/lt\/produkt\/erleben-sie-den-erfrischenden-cola-ice-geschmack-mit-der-waspe-5000-puffs-e-zigarette-zollfrei-und-zu-unschlagbaren-grosshandelspreisen\/#primaryimage\",\"url\":\"https:\/\/www.elementvape.de\/wp-content\/uploads\/2024\/08\/Cola-lce.webp\",\"contentUrl\":\"https:\/\/www.elementvape.de\/wp-content\/uploads\/2024\/08\/Cola-lce.webp\",\"width\":400,\"height\":400,\"caption\":\"Cola lce\"},{\"@type\":\"BreadcrumbList\",\"@id\":\"https:\/\/www.elementvape.de\/lt\/produkt\/erleben-sie-den-erfrischenden-cola-ice-geschmack-mit-der-waspe-5000-puffs-e-zigarette-zollfrei-und-zu-unschlagbaren-grosshandelspreisen\/#breadcrumb\",\"itemListElement\":[{\"@type\":\"ListItem\",\"position\":1,\"name\":\"Home\",\"item\":\"https:\/\/www.elementvape.de\/\"},{\"@type\":\"ListItem\",\"position\":2,\"name\":\"Shop\",\"item\":\"https:\/\/www.elementvape.de\/shop\/\"},{\"@type\":\"ListItem\",\"position\":3,\"name\":\"Erleben Sie den erfrischenden Cola Ice Geschmack mit der WASPE 5000 PUFFS E-Zigarette, zollfrei und zu unschlagbaren Gro\u00dfhandelspreisen\"}]},{\"@type\":\"WebSite\",\"@id\":\"https:\/\/www.elementvape.de\/#website\",\"url\":\"https:\/\/www.elementvape.de\/\",\"name\":\"ElementVape.de\",\"description\":\"\",\"publisher\":{\"@id\":\"https:\/\/www.elementvape.de\/#organization\"},\"potentialAction\":[{\"@type\":\"SearchAction\",\"target\":{\"@type\":\"EntryPoint\",\"urlTemplate\":\"https:\/\/www.elementvape.de\/?s={search_term_string}\"},\"query-input\":\"required name=search_term_string\"}],\"inLanguage\":\"et\"},{\"@type\":\"Organization\",\"@id\":\"https:\/\/www.elementvape.de\/#organization\",\"name\":\"ElementVape.DE\",\"url\":\"https:\/\/www.elementvape.de\/\",\"logo\":{\"@type\":\"ImageObject\",\"inLanguage\":\"et\",\"@id\":\"https:\/\/www.elementvape.de\/#\/schema\/logo\/image\/\",\"url\":\"https:\/\/www.elementvape.de\/wp-content\/uploads\/2024\/09\/cropped-1elementvape-3.png\",\"contentUrl\":\"https:\/\/www.elementvape.de\/wp-content\/uploads\/2024\/09\/cropped-1elementvape-3.png\",\"width\":285,\"height\":228,\"caption\":\"ElementVape.DE\"},\"image\":{\"@id\":\"https:\/\/www.elementvape.de\/#\/schema\/logo\/image\/\"}}]}<\/script>\n<!-- \/ Yoast SEO plugin. -->","yoast_head_json":{"title":"Erleben Sie den erfrischenden Cola Ice Geschmack mit der WASPE 5000 PUFFS E-Zigarette, zollfrei und zu unschlagbaren Gro\u00dfhandelspreisen | ElementVape.de","description":"Wir bieten Erleben Sie den erfrischenden Cola Ice Geschmack mit der WASPE 5000 PUFFS E-Zigarette, zollfrei und zu unschlagbaren Gro\u00dfhandelspreisen , Elementvape.de akzeptieren Gro\u00df-und Einzelhandel Bestellungen.","robots":{"index":"index","follow":"follow","max-snippet":"max-snippet:-1","max-image-preview":"max-image-preview:large","max-video-preview":"max-video-preview:-1"},"canonical":"https:\/\/www.elementvape.de\/et\/produkt\/erleben-sie-den-erfrischenden-cola-ice-geschmack-mit-der-waspe-5000-puffs-e-zigarette-zollfrei-und-zu-unschlagbaren-grosshandelspreisen\/","og_locale":"et_EE","og_type":"article","og_title":"Erleben Sie den erfrischenden Cola Ice Geschmack mit der WASPE 5000 PUFFS E-Zigarette, zollfrei und zu unschlagbaren Gro\u00dfhandelspreisen | ElementVape.de","og_description":"Wir bieten Erleben Sie den erfrischenden Cola Ice Geschmack mit der WASPE 5000 PUFFS E-Zigarette, zollfrei und zu unschlagbaren Gro\u00dfhandelspreisen , Elementvape.de akzeptieren Gro\u00df-und Einzelhandel Bestellungen.","og_url":"https:\/\/www.elementvape.de\/et\/produkt\/erleben-sie-den-erfrischenden-cola-ice-geschmack-mit-der-waspe-5000-puffs-e-zigarette-zollfrei-und-zu-unschlagbaren-grosshandelspreisen\/","og_site_name":"ElementVape.de","article_modified_time":"2024-10-15T03:32:42+00:00","og_image":[{"width":400,"height":400,"url":"https:\/\/www.elementvape.de\/wp-content\/uploads\/2024\/08\/Cola-lce.webp","type":"image\/webp"}],"twitter_card":"summary_large_image","twitter_misc":{"Est. reading time":"3 minutit"},"schema":{"@context":"https:\/\/schema.org","@graph":[{"@type":"WebPage","@id":"https:\/\/www.elementvape.de\/lt\/produkt\/erleben-sie-den-erfrischenden-cola-ice-geschmack-mit-der-waspe-5000-puffs-e-zigarette-zollfrei-und-zu-unschlagbaren-grosshandelspreisen\/","url":"https:\/\/www.elementvape.de\/lt\/produkt\/erleben-sie-den-erfrischenden-cola-ice-geschmack-mit-der-waspe-5000-puffs-e-zigarette-zollfrei-und-zu-unschlagbaren-grosshandelspreisen\/","name":"Erleben Sie den erfrischenden Cola Ice Geschmack mit der WASPE 5000 PUFFS E-Zigarette, zollfrei und zu unschlagbaren Gro\u00dfhandelspreisen | ElementVape.de","isPartOf":{"@id":"https:\/\/www.elementvape.de\/#website"},"primaryImageOfPage":{"@id":"https:\/\/www.elementvape.de\/lt\/produkt\/erleben-sie-den-erfrischenden-cola-ice-geschmack-mit-der-waspe-5000-puffs-e-zigarette-zollfrei-und-zu-unschlagbaren-grosshandelspreisen\/#primaryimage"},"image":{"@id":"https:\/\/www.elementvape.de\/lt\/produkt\/erleben-sie-den-erfrischenden-cola-ice-geschmack-mit-der-waspe-5000-puffs-e-zigarette-zollfrei-und-zu-unschlagbaren-grosshandelspreisen\/#primaryimage"},"thumbnailUrl":"https:\/\/www.elementvape.de\/wp-content\/uploads\/2024\/08\/Cola-lce.webp","datePublished":"2024-08-28T01:36:02+00:00","dateModified":"2024-10-15T03:32:42+00:00","description":"Wir bieten Erleben Sie den erfrischenden Cola Ice Geschmack mit der WASPE 5000 PUFFS E-Zigarette, zollfrei und zu unschlagbaren Gro\u00dfhandelspreisen , Elementvape.de akzeptieren Gro\u00df-und Einzelhandel Bestellungen.","breadcrumb":{"@id":"https:\/\/www.elementvape.de\/lt\/produkt\/erleben-sie-den-erfrischenden-cola-ice-geschmack-mit-der-waspe-5000-puffs-e-zigarette-zollfrei-und-zu-unschlagbaren-grosshandelspreisen\/#breadcrumb"},"inLanguage":"et","potentialAction":[{"@type":"ReadAction","target":["https:\/\/www.elementvape.de\/lt\/produkt\/erleben-sie-den-erfrischenden-cola-ice-geschmack-mit-der-waspe-5000-puffs-e-zigarette-zollfrei-und-zu-unschlagbaren-grosshandelspreisen\/"]}]},{"@type":"ImageObject","inLanguage":"et","@id":"https:\/\/www.elementvape.de\/lt\/produkt\/erleben-sie-den-erfrischenden-cola-ice-geschmack-mit-der-waspe-5000-puffs-e-zigarette-zollfrei-und-zu-unschlagbaren-grosshandelspreisen\/#primaryimage","url":"https:\/\/www.elementvape.de\/wp-content\/uploads\/2024\/08\/Cola-lce.webp","contentUrl":"https:\/\/www.elementvape.de\/wp-content\/uploads\/2024\/08\/Cola-lce.webp","width":400,"height":400,"caption":"Cola lce"},{"@type":"BreadcrumbList","@id":"https:\/\/www.elementvape.de\/lt\/produkt\/erleben-sie-den-erfrischenden-cola-ice-geschmack-mit-der-waspe-5000-puffs-e-zigarette-zollfrei-und-zu-unschlagbaren-grosshandelspreisen\/#breadcrumb","itemListElement":[{"@type":"ListItem","position":1,"name":"Home","item":"https:\/\/www.elementvape.de\/"},{"@type":"ListItem","position":2,"name":"Shop","item":"https:\/\/www.elementvape.de\/shop\/"},{"@type":"ListItem","position":3,"name":"Erleben Sie den erfrischenden Cola Ice Geschmack mit der WASPE 5000 PUFFS E-Zigarette, zollfrei und zu unschlagbaren Gro\u00dfhandelspreisen"}]},{"@type":"WebSite","@id":"https:\/\/www.elementvape.de\/#website","url":"https:\/\/www.elementvape.de\/","name":"ElementVape.de","description":"","publisher":{"@id":"https:\/\/www.elementvape.de\/#organization"},"potentialAction":[{"@type":"SearchAction","target":{"@type":"EntryPoint","urlTemplate":"https:\/\/www.elementvape.de\/?s={search_term_string}"},"query-input":"required name=search_term_string"}],"inLanguage":"et"},{"@type":"Organization","@id":"https:\/\/www.elementvape.de\/#organization","name":"ElementVape.DE","url":"https:\/\/www.elementvape.de\/","logo":{"@type":"ImageObject","inLanguage":"et","@id":"https:\/\/www.elementvape.de\/#\/schema\/logo\/image\/","url":"https:\/\/www.elementvape.de\/wp-content\/uploads\/2024\/09\/cropped-1elementvape-3.png","contentUrl":"https:\/\/www.elementvape.de\/wp-content\/uploads\/2024\/09\/cropped-1elementvape-3.png","width":285,"height":228,"caption":"ElementVape.DE"},"image":{"@id":"https:\/\/www.elementvape.de\/#\/schema\/logo\/image\/"}}]}},"_links":{"self":[{"href":"https:\/\/www.elementvape.de\/et\/wp-json\/wp\/v2\/product\/14035"}],"collection":[{"href":"https:\/\/www.elementvape.de\/et\/wp-json\/wp\/v2\/product"}],"about":[{"href":"https:\/\/www.elementvape.de\/et\/wp-json\/wp\/v2\/types\/product"}],"wp:featuredmedia":[{"embeddable":true,"href":"https:\/\/www.elementvape.de\/et\/wp-json\/wp\/v2\/media\/14036"}],"wp:attachment":[{"href":"https:\/\/www.elementvape.de\/et\/wp-json\/wp\/v2\/media?parent=14035"}],"wp:term":[{"taxonomy":"product_cat","embeddable":true,"href":"https:\/\/www.elementvape.de\/et\/wp-json\/wp\/v2\/product_cat?post=14035"},{"taxonomy":"product_tag","embeddable":true,"href":"https:\/\/www.elementvape.de\/et\/wp-json\/wp\/v2\/product_tag?post=14035"}],"curies":[{"name":"wp","href":"https:\/\/api.w.org\/{rel}","templated":true}]}}