{"id":14005,"date":"2024-08-26T06:01:10","date_gmt":"2024-08-26T06:01:10","guid":{"rendered":"https:\/\/www.elementvape.de\/?post_type=product&#038;p=14005"},"modified":"2024-10-15T03:44:24","modified_gmt":"2024-10-15T03:44:24","slug":"hochwertige-zollfreie-e-zigarette-lush-ice-waspe-20000-puffs-dual-mesh-fuer-intensiven-frischekick","status":"publish","type":"product","link":"https:\/\/www.elementvape.de\/et\/produkt\/hochwertige-zollfreie-e-zigarette-lush-ice-waspe-20000-puffs-dual-mesh-fuer-intensiven-frischekick\/","title":{"rendered":"Kvaliteetne tollivaba E-sigaret LUSH ICE WASPE 20000 PUFFS Dual Mesh intensiivseks v\u00e4rskenduselamuseks"},"content":{"rendered":"<p>Kogege \u00fclimat v\u00e4rskust kvaliteetse tollimaksuvaba e-sigaretiga LUSH ICE WASPE. See mudel \u00fchendab endas uusima tehnoloogia luksusliku maitseelamusega, mis tagab elustava ja v\u00e4rskendava naudingu. LUSH ICE WASPE pakub maitsva arbuusi ja intensiivse j\u00e4\u00e4efekti kombinatsiooni, mis v\u00e4rskendab teie meeli ja pakub teile v\u00f5rratu aurustamiskogemuse. Kuni 20 000 mahviga tagab see mudel kauakestva ja \u00fchtlaselt k\u00f5rge j\u00f5udluse, mis \u00fcletab teie ootused.<\/p>\n<p>LUSH ICE WASPE s\u00fcda, topeltv\u00f5rgusilmaga k\u00fcttekeha, tagab vedeliku \u00fchtlase ja t\u00f5husa aurustumise. Takistus vaid 0,8 \u03a9 aitab luua tihedaid ja aromaatseid aurupilvi, samas kui Lush Ice'i maitse intensiivne v\u00e4rskus elustab maitsemeeli. Suure mahutavusega 24 ml vedelik tagab, et saate v\u00e4rskendavat maitset pikka aega nautida, ilma et peaksite sageli juurde valama.<\/p>\n<h3><strong>Uuenduslikud funktsioonid k\u00f5rgeima mugavuse tagamiseks<\/strong><\/h3>\n<p>LUSH ICE WASPE paistab silma oma kasutajas\u00f5bralike funktsioonidega, mis pakuvad teile pingevaba aurustamiskogemuse. Integreeritud LCD-ekraan v\u00f5imaldab t\u00e4pselt kontrollida N-sisaldust, mida saate vastavalt oma individuaalsetele eelistustele reguleerida: 2% v\u00f5i 5%. See paindlikkus tagab, et saate aurustamiskogemust vastavalt oma soovidele kohandada.<\/p>\n<p>V\u00f5imas 900 mAh aku tagab pikaajalise kasutuse ja v\u00f5imaldab kiiret laadimist C-t\u00fc\u00fcpi \u00fchenduse kaudu. See kaasaegne \u00fchendus tagab eriti kiire ja lihtsa laadimisaja, nii et olete kiiresti valmis j\u00e4rgmiseks v\u00e4rskuslaenguks. Kompaktne disain <strong><a href=\"https:\/\/www.elementvape.de\/et\/\" target=\"_blank\" rel=\"noopener\">E-sigarett<\/a><\/strong>, mille suurus on 35 x 56 x 120 mm ja kaal vaid 110 g, muudab selle eriti k\u00e4ep\u00e4raseks ja ideaalseks igap\u00e4evaseks kasutamiseks ja liikvel olles.<\/p>\n<h3><strong>Elegantne pakend ja erakordne kvaliteet<\/strong><\/h3>\n<p>LUSH ICE WASPE tarnitakse praktilistes v\u00e4ljapanekukarpides, milles on 10 t\u00fckki, mis teeb selle ideaalseks jaem\u00fc\u00fcgiks. Atraktiivne pakend tagab toote atraktiivse esitluse ning h\u00f5lbustab ladustamist ja m\u00fc\u00fcki. Oma luksusliku disaini ja kvaliteetse varustusega on see e-sigaret suurep\u00e4rane valik k\u00f5igile aurustajatele, kes otsivad intensiivset v\u00e4rskust ja eksklusiivset kvaliteeti.<\/p>\n<h4><strong>Tehnilised andmed \u00fclevaatlikult<\/strong><\/h4>\n<table>\n<thead>\n<tr>\n<th><strong>Omadus<\/strong><\/th>\n<th><strong>Detailid<\/strong><\/th>\n<\/tr>\n<\/thead>\n<tbody>\n<tr>\n<td>Maitse<\/td>\n<td>Lush Ice (arbuus ja j\u00e4\u00e4)<\/td>\n<\/tr>\n<tr>\n<td>Sissehingamised<\/td>\n<td>Kuni 20 000<\/td>\n<\/tr>\n<tr>\n<td>K\u00fcttekeha<\/td>\n<td>Topeltv\u00f5rk<\/td>\n<\/tr>\n<tr>\n<td>V\u00f5rgu k\u00fcttekeha takistus<\/td>\n<td>0,8 \u03a9<\/td>\n<\/tr>\n<tr>\n<td>Aku<\/td>\n<td>900 mAh<\/td>\n<\/tr>\n<tr>\n<td>Ekraan<\/td>\n<td>LCD<\/td>\n<\/tr>\n<tr>\n<td>N-sisaldus<\/td>\n<td>2 % , 5 %<\/td>\n<\/tr>\n<tr>\n<td>Vedeliku mahutavus<\/td>\n<td>24 ml<\/td>\n<\/tr>\n<tr>\n<td>V\u00f5rgu n\u00e4idispakk<\/td>\n<td>10 t\u00fckki<\/td>\n<\/tr>\n<tr>\n<td>Netokaal<\/td>\n<td>110 g<\/td>\n<\/tr>\n<tr>\n<td>Toote suurus<\/td>\n<td>35 x 56 x 120 mm<\/td>\n<\/tr>\n<\/tbody>\n<\/table>\n<p>&nbsp;<\/p>","protected":false},"excerpt":{"rendered":"<p>Erleben Sie den ultimativen Frischekick mit der hochwertigen zollfreien E-Zigarette LUSH ICE WASPE. Dieses Modell vereint modernste Technik mit einem luxuri\u00f6sen Geschmackserlebnis, das f\u00fcr einen belebenden und erfrischenden Genuss sorgt. Der LUSH ICE WASPE bietet eine Kombination aus k\u00f6stlicher Lush-Wassermelone und einem intensiven Ice-Effekt, der Ihre Sinne erfrischt und Ihnen ein unvergleichliches Dampferlebnis bietet. Mit [&hellip;]<\/p>","protected":false},"featured_media":14006,"template":"","meta":{"inline_featured_image":false},"product_cat":[15,78,735,746,741,733,744,755,738,751,724],"product_tag":[710,725],"tiered_pricing_type":"fixed","tiered_pricing_fixed_rules":{"110":"8.20","200":"7.29","500":"6.38"},"tiered_pricing_percentage_rules":[],"tiered_pricing_minimum":1,"_administrator_tiered_pricing_type":"fixed","_administrator_tiered_pricing_fixed_rules":[],"_editor_tiered_pricing_type":"fixed","_editor_tiered_pricing_fixed_rules":[],"_author_tiered_pricing_type":"fixed","_author_tiered_pricing_fixed_rules":[],"_contributor_tiered_pricing_type":"fixed","_contributor_tiered_pricing_fixed_rules":[],"_subscriber_tiered_pricing_type":"fixed","_subscriber_tiered_pricing_fixed_rules":[],"_customer_tiered_pricing_type":"fixed","_customer_tiered_pricing_fixed_rules":[],"_shop_manager_tiered_pricing_type":"fixed","_shop_manager_tiered_pricing_fixed_rules":[],"_wpseo_manager_tiered_pricing_type":"fixed","_wpseo_manager_tiered_pricing_fixed_rules":[],"_wpseo_editor_tiered_pricing_type":"fixed","_wpseo_editor_tiered_pricing_fixed_rules":[],"_wholesale_customer_tiered_pricing_type":"fixed","_wholesale_customer_tiered_pricing_fixed_rules":[],"_marketer_tiered_pricing_type":"fixed","_marketer_tiered_pricing_fixed_rules":[],"_sales_manager_tiered_pricing_type":"fixed","_sales_manager_tiered_pricing_fixed_rules":[],"_sales_rep_tiered_pricing_type":"fixed","_sales_rep_tiered_pricing_fixed_rules":[],"yoast_head":"<!-- This site is optimized with the Yoast SEO plugin v23.3 - https:\/\/yoast.com\/wordpress\/plugins\/seo\/ -->\n<title>Hochwertige zollfreie E-Zigarette LUSH ICE WASPE 20000 PUFFS Dual Mesh f\u00fcr intensiven Frischekick | ElementVape.de<\/title>\n<meta name=\"description\" content=\"Wir bieten Hochwertige zollfreie E-Zigarette LUSH ICE WASPE 20000 PUFFS Dual Mesh f\u00fcr intensiven Frischekick , Elementvape.de akzeptieren Gro\u00df-und Einzelhandel Bestellungen.\" \/>\n<meta name=\"robots\" content=\"index, follow, max-snippet:-1, max-image-preview:large, max-video-preview:-1\" \/>\n<link rel=\"canonical\" href=\"https:\/\/www.elementvape.de\/et\/produkt\/hochwertige-zollfreie-e-zigarette-lush-ice-waspe-20000-puffs-dual-mesh-fuer-intensiven-frischekick\/\" \/>\n<meta property=\"og:locale\" content=\"et_EE\" \/>\n<meta property=\"og:type\" content=\"article\" \/>\n<meta property=\"og:title\" content=\"Hochwertige zollfreie E-Zigarette LUSH ICE WASPE 20000 PUFFS Dual Mesh f\u00fcr intensiven Frischekick | ElementVape.de\" \/>\n<meta property=\"og:description\" content=\"Wir bieten Hochwertige zollfreie E-Zigarette LUSH ICE WASPE 20000 PUFFS Dual Mesh f\u00fcr intensiven Frischekick , Elementvape.de akzeptieren Gro\u00df-und Einzelhandel Bestellungen.\" \/>\n<meta property=\"og:url\" content=\"https:\/\/www.elementvape.de\/et\/produkt\/hochwertige-zollfreie-e-zigarette-lush-ice-waspe-20000-puffs-dual-mesh-fuer-intensiven-frischekick\/\" \/>\n<meta property=\"og:site_name\" content=\"ElementVape.de\" \/>\n<meta property=\"article:modified_time\" content=\"2024-10-15T03:44:24+00:00\" \/>\n<meta property=\"og:image\" content=\"https:\/\/www.elementvape.de\/wp-content\/uploads\/2024\/08\/LUSH-ICE-1024x768.jpg\" \/>\n\t<meta property=\"og:image:width\" content=\"1024\" \/>\n\t<meta property=\"og:image:height\" content=\"768\" \/>\n\t<meta property=\"og:image:type\" content=\"image\/jpeg\" \/>\n<meta name=\"twitter:card\" content=\"summary_large_image\" \/>\n<meta name=\"twitter:label1\" content=\"Est. reading time\" \/>\n\t<meta name=\"twitter:data1\" content=\"3 minutit\" \/>\n<script type=\"application\/ld+json\" class=\"yoast-schema-graph\">{\"@context\":\"https:\/\/schema.org\",\"@graph\":[{\"@type\":\"WebPage\",\"@id\":\"https:\/\/www.elementvape.de\/produkt\/hochwertige-zollfreie-e-zigarette-lush-ice-waspe-20000-puffs-dual-mesh-fuer-intensiven-frischekick\/\",\"url\":\"https:\/\/www.elementvape.de\/produkt\/hochwertige-zollfreie-e-zigarette-lush-ice-waspe-20000-puffs-dual-mesh-fuer-intensiven-frischekick\/\",\"name\":\"Hochwertige zollfreie E-Zigarette LUSH ICE WASPE 20000 PUFFS Dual Mesh f\u00fcr intensiven Frischekick | ElementVape.de\",\"isPartOf\":{\"@id\":\"https:\/\/www.elementvape.de\/#website\"},\"primaryImageOfPage\":{\"@id\":\"https:\/\/www.elementvape.de\/produkt\/hochwertige-zollfreie-e-zigarette-lush-ice-waspe-20000-puffs-dual-mesh-fuer-intensiven-frischekick\/#primaryimage\"},\"image\":{\"@id\":\"https:\/\/www.elementvape.de\/produkt\/hochwertige-zollfreie-e-zigarette-lush-ice-waspe-20000-puffs-dual-mesh-fuer-intensiven-frischekick\/#primaryimage\"},\"thumbnailUrl\":\"https:\/\/www.elementvape.de\/wp-content\/uploads\/2024\/08\/LUSH-ICE.jpg\",\"datePublished\":\"2024-08-26T06:01:10+00:00\",\"dateModified\":\"2024-10-15T03:44:24+00:00\",\"description\":\"Wir bieten Hochwertige zollfreie E-Zigarette LUSH ICE WASPE 20000 PUFFS Dual Mesh f\u00fcr intensiven Frischekick , Elementvape.de akzeptieren Gro\u00df-und Einzelhandel Bestellungen.\",\"breadcrumb\":{\"@id\":\"https:\/\/www.elementvape.de\/produkt\/hochwertige-zollfreie-e-zigarette-lush-ice-waspe-20000-puffs-dual-mesh-fuer-intensiven-frischekick\/#breadcrumb\"},\"inLanguage\":\"et\",\"potentialAction\":[{\"@type\":\"ReadAction\",\"target\":[\"https:\/\/www.elementvape.de\/produkt\/hochwertige-zollfreie-e-zigarette-lush-ice-waspe-20000-puffs-dual-mesh-fuer-intensiven-frischekick\/\"]}]},{\"@type\":\"ImageObject\",\"inLanguage\":\"et\",\"@id\":\"https:\/\/www.elementvape.de\/produkt\/hochwertige-zollfreie-e-zigarette-lush-ice-waspe-20000-puffs-dual-mesh-fuer-intensiven-frischekick\/#primaryimage\",\"url\":\"https:\/\/www.elementvape.de\/wp-content\/uploads\/2024\/08\/LUSH-ICE.jpg\",\"contentUrl\":\"https:\/\/www.elementvape.de\/wp-content\/uploads\/2024\/08\/LUSH-ICE.jpg\",\"width\":2500,\"height\":1875,\"caption\":\"LUSH ICE\"},{\"@type\":\"BreadcrumbList\",\"@id\":\"https:\/\/www.elementvape.de\/produkt\/hochwertige-zollfreie-e-zigarette-lush-ice-waspe-20000-puffs-dual-mesh-fuer-intensiven-frischekick\/#breadcrumb\",\"itemListElement\":[{\"@type\":\"ListItem\",\"position\":1,\"name\":\"Home\",\"item\":\"https:\/\/www.elementvape.de\/\"},{\"@type\":\"ListItem\",\"position\":2,\"name\":\"Shop\",\"item\":\"https:\/\/www.elementvape.de\/shop\/\"},{\"@type\":\"ListItem\",\"position\":3,\"name\":\"Hochwertige zollfreie E-Zigarette LUSH ICE WASPE 20000 PUFFS Dual Mesh f\u00fcr intensiven Frischekick\"}]},{\"@type\":\"WebSite\",\"@id\":\"https:\/\/www.elementvape.de\/#website\",\"url\":\"https:\/\/www.elementvape.de\/\",\"name\":\"ElementVape.de\",\"description\":\"\",\"publisher\":{\"@id\":\"https:\/\/www.elementvape.de\/#organization\"},\"potentialAction\":[{\"@type\":\"SearchAction\",\"target\":{\"@type\":\"EntryPoint\",\"urlTemplate\":\"https:\/\/www.elementvape.de\/?s={search_term_string}\"},\"query-input\":\"required name=search_term_string\"}],\"inLanguage\":\"et\"},{\"@type\":\"Organization\",\"@id\":\"https:\/\/www.elementvape.de\/#organization\",\"name\":\"ElementVape.DE\",\"url\":\"https:\/\/www.elementvape.de\/\",\"logo\":{\"@type\":\"ImageObject\",\"inLanguage\":\"et\",\"@id\":\"https:\/\/www.elementvape.de\/#\/schema\/logo\/image\/\",\"url\":\"https:\/\/www.elementvape.de\/wp-content\/uploads\/2024\/09\/cropped-1elementvape-3.png\",\"contentUrl\":\"https:\/\/www.elementvape.de\/wp-content\/uploads\/2024\/09\/cropped-1elementvape-3.png\",\"width\":285,\"height\":228,\"caption\":\"ElementVape.DE\"},\"image\":{\"@id\":\"https:\/\/www.elementvape.de\/#\/schema\/logo\/image\/\"}}]}<\/script>\n<!-- \/ Yoast SEO plugin. -->","yoast_head_json":{"title":"Hochwertige zollfreie E-Zigarette LUSH ICE WASPE 20000 PUFFS Dual Mesh f\u00fcr intensiven Frischekick | ElementVape.de","description":"Wir bieten Hochwertige zollfreie E-Zigarette LUSH ICE WASPE 20000 PUFFS Dual Mesh f\u00fcr intensiven Frischekick , Elementvape.de akzeptieren Gro\u00df-und Einzelhandel Bestellungen.","robots":{"index":"index","follow":"follow","max-snippet":"max-snippet:-1","max-image-preview":"max-image-preview:large","max-video-preview":"max-video-preview:-1"},"canonical":"https:\/\/www.elementvape.de\/et\/produkt\/hochwertige-zollfreie-e-zigarette-lush-ice-waspe-20000-puffs-dual-mesh-fuer-intensiven-frischekick\/","og_locale":"et_EE","og_type":"article","og_title":"Hochwertige zollfreie E-Zigarette LUSH ICE WASPE 20000 PUFFS Dual Mesh f\u00fcr intensiven Frischekick | ElementVape.de","og_description":"Wir bieten Hochwertige zollfreie E-Zigarette LUSH ICE WASPE 20000 PUFFS Dual Mesh f\u00fcr intensiven Frischekick , Elementvape.de akzeptieren Gro\u00df-und Einzelhandel Bestellungen.","og_url":"https:\/\/www.elementvape.de\/et\/produkt\/hochwertige-zollfreie-e-zigarette-lush-ice-waspe-20000-puffs-dual-mesh-fuer-intensiven-frischekick\/","og_site_name":"ElementVape.de","article_modified_time":"2024-10-15T03:44:24+00:00","og_image":[{"width":1024,"height":768,"url":"https:\/\/www.elementvape.de\/wp-content\/uploads\/2024\/08\/LUSH-ICE-1024x768.jpg","type":"image\/jpeg"}],"twitter_card":"summary_large_image","twitter_misc":{"Est. reading time":"3 minutit"},"schema":{"@context":"https:\/\/schema.org","@graph":[{"@type":"WebPage","@id":"https:\/\/www.elementvape.de\/produkt\/hochwertige-zollfreie-e-zigarette-lush-ice-waspe-20000-puffs-dual-mesh-fuer-intensiven-frischekick\/","url":"https:\/\/www.elementvape.de\/produkt\/hochwertige-zollfreie-e-zigarette-lush-ice-waspe-20000-puffs-dual-mesh-fuer-intensiven-frischekick\/","name":"Hochwertige zollfreie E-Zigarette LUSH ICE WASPE 20000 PUFFS Dual Mesh f\u00fcr intensiven Frischekick | ElementVape.de","isPartOf":{"@id":"https:\/\/www.elementvape.de\/#website"},"primaryImageOfPage":{"@id":"https:\/\/www.elementvape.de\/produkt\/hochwertige-zollfreie-e-zigarette-lush-ice-waspe-20000-puffs-dual-mesh-fuer-intensiven-frischekick\/#primaryimage"},"image":{"@id":"https:\/\/www.elementvape.de\/produkt\/hochwertige-zollfreie-e-zigarette-lush-ice-waspe-20000-puffs-dual-mesh-fuer-intensiven-frischekick\/#primaryimage"},"thumbnailUrl":"https:\/\/www.elementvape.de\/wp-content\/uploads\/2024\/08\/LUSH-ICE.jpg","datePublished":"2024-08-26T06:01:10+00:00","dateModified":"2024-10-15T03:44:24+00:00","description":"Wir bieten Hochwertige zollfreie E-Zigarette LUSH ICE WASPE 20000 PUFFS Dual Mesh f\u00fcr intensiven Frischekick , Elementvape.de akzeptieren Gro\u00df-und Einzelhandel Bestellungen.","breadcrumb":{"@id":"https:\/\/www.elementvape.de\/produkt\/hochwertige-zollfreie-e-zigarette-lush-ice-waspe-20000-puffs-dual-mesh-fuer-intensiven-frischekick\/#breadcrumb"},"inLanguage":"et","potentialAction":[{"@type":"ReadAction","target":["https:\/\/www.elementvape.de\/produkt\/hochwertige-zollfreie-e-zigarette-lush-ice-waspe-20000-puffs-dual-mesh-fuer-intensiven-frischekick\/"]}]},{"@type":"ImageObject","inLanguage":"et","@id":"https:\/\/www.elementvape.de\/produkt\/hochwertige-zollfreie-e-zigarette-lush-ice-waspe-20000-puffs-dual-mesh-fuer-intensiven-frischekick\/#primaryimage","url":"https:\/\/www.elementvape.de\/wp-content\/uploads\/2024\/08\/LUSH-ICE.jpg","contentUrl":"https:\/\/www.elementvape.de\/wp-content\/uploads\/2024\/08\/LUSH-ICE.jpg","width":2500,"height":1875,"caption":"LUSH ICE"},{"@type":"BreadcrumbList","@id":"https:\/\/www.elementvape.de\/produkt\/hochwertige-zollfreie-e-zigarette-lush-ice-waspe-20000-puffs-dual-mesh-fuer-intensiven-frischekick\/#breadcrumb","itemListElement":[{"@type":"ListItem","position":1,"name":"Home","item":"https:\/\/www.elementvape.de\/"},{"@type":"ListItem","position":2,"name":"Shop","item":"https:\/\/www.elementvape.de\/shop\/"},{"@type":"ListItem","position":3,"name":"Hochwertige zollfreie E-Zigarette LUSH ICE WASPE 20000 PUFFS Dual Mesh f\u00fcr intensiven Frischekick"}]},{"@type":"WebSite","@id":"https:\/\/www.elementvape.de\/#website","url":"https:\/\/www.elementvape.de\/","name":"ElementVape.de","description":"","publisher":{"@id":"https:\/\/www.elementvape.de\/#organization"},"potentialAction":[{"@type":"SearchAction","target":{"@type":"EntryPoint","urlTemplate":"https:\/\/www.elementvape.de\/?s={search_term_string}"},"query-input":"required name=search_term_string"}],"inLanguage":"et"},{"@type":"Organization","@id":"https:\/\/www.elementvape.de\/#organization","name":"ElementVape.DE","url":"https:\/\/www.elementvape.de\/","logo":{"@type":"ImageObject","inLanguage":"et","@id":"https:\/\/www.elementvape.de\/#\/schema\/logo\/image\/","url":"https:\/\/www.elementvape.de\/wp-content\/uploads\/2024\/09\/cropped-1elementvape-3.png","contentUrl":"https:\/\/www.elementvape.de\/wp-content\/uploads\/2024\/09\/cropped-1elementvape-3.png","width":285,"height":228,"caption":"ElementVape.DE"},"image":{"@id":"https:\/\/www.elementvape.de\/#\/schema\/logo\/image\/"}}]}},"_links":{"self":[{"href":"https:\/\/www.elementvape.de\/et\/wp-json\/wp\/v2\/product\/14005"}],"collection":[{"href":"https:\/\/www.elementvape.de\/et\/wp-json\/wp\/v2\/product"}],"about":[{"href":"https:\/\/www.elementvape.de\/et\/wp-json\/wp\/v2\/types\/product"}],"wp:featuredmedia":[{"embeddable":true,"href":"https:\/\/www.elementvape.de\/et\/wp-json\/wp\/v2\/media\/14006"}],"wp:attachment":[{"href":"https:\/\/www.elementvape.de\/et\/wp-json\/wp\/v2\/media?parent=14005"}],"wp:term":[{"taxonomy":"product_cat","embeddable":true,"href":"https:\/\/www.elementvape.de\/et\/wp-json\/wp\/v2\/product_cat?post=14005"},{"taxonomy":"product_tag","embeddable":true,"href":"https:\/\/www.elementvape.de\/et\/wp-json\/wp\/v2\/product_tag?post=14005"}],"curies":[{"name":"wp","href":"https:\/\/api.w.org\/{rel}","templated":true}]}}