{"id":13959,"date":"2024-08-22T08:30:14","date_gmt":"2024-08-22T08:30:14","guid":{"rendered":"https:\/\/www.elementvape.de\/?post_type=product&#038;p=13959"},"modified":"2024-12-12T06:33:59","modified_gmt":"2024-12-12T06:33:59","slug":"fruchtige-vielfalt-im-grosshandel-strawberry-mango-e-zigaretten-erstklassige-qualitaet-die-den-perfekten-mix-aus-erdbeeren-und-mango-vereint-waspe-15000-puffs","status":"publish","type":"product","link":"https:\/\/www.elementvape.de\/et\/produkt\/fruchtige-vielfalt-im-grosshandel-strawberry-mango-e-zigaretten-erstklassige-qualitaet-die-den-perfekten-mix-aus-erdbeeren-und-mango-vereint-waspe-15000-puffs\/","title":{"rendered":"V\u00e4rvikas puuviljavalik suurhinnas Strawberry Mango E-sigaretid \u2013 esmaklassiline kvaliteet, mis \u00fchendab t\u00e4iusliku segu maasikatest ja mangodest WASPE 15000 PUFFS"},"content":{"rendered":"<p>WASPE 15000 PUFFS \u00fchekordselt kasutatav elektrooniline sigaret pakub suurep\u00e4rast maitseelamust Strawberry Mango aroomiga, mis \u00fchendab endas mahlaste maasikate ja troopiliste mangode t\u00e4iusliku segu. See aroom kombineerib k\u00fcpsete maasikate magusa puuviljasuse mango intensiivse maitsega, et luua unustamatu aurutamiskogemus. Iga t\u00f5mme paljastab harmoonilise tasakaalu maasikate v\u00e4rskuse ja mango eksootilise magususe vahel, mis koos pakuvad eriti v\u00e4rskendavat ja rahuldust pakkuvat maitseelamust.<\/p>\n<p>T\u00e4nu WASPE 15000 PUFFS-i t\u00e4iustatud v\u00f5rk-m\u00e4hise tehnoloogiale tuuakse Strawberry Mango aroomi maitse optimaalselt esile. E-vedeliku \u00fchtlane kuumutamine tagab, et saate iga t\u00f5mbe nautida puuviljaaroomide t\u00e4ieliku intensiivsusega, mis teeb sellest <strong><a href=\"https:\/\/www.elementvape.de\/et\/\" target=\"_blank\" rel=\"noopener\">katsetada<\/a><\/strong> t\u00f5elise naudingu.<\/p>\n<h2><strong>Esmaklassiline kvaliteet hulgim\u00fc\u00fcgiks<\/strong><\/h2>\n<p>Hulgim\u00fc\u00fcjatele on WASPE 15000 PUFFS Strawberry Mango aroomiga esmaklassiline toode, mida iseloomustab k\u00f5rge kvaliteet ja silmapaistev j\u00f5udlus. Muljetavaldava mahutavusega kuni 15 000 t\u00f5mmet ja helde 22 ml e-vedeliku reservuaariga pakub see mudel kauakestvat aurutamist ilma sagedase t\u00e4itmise v\u00f5i seadme vahetamiseta. Need omadused muudavad WASPE ideaalseks pakkumiseks hulgim\u00fc\u00fcjatele, kes soovivad pakkuda oma klientidele usaldusv\u00e4\u00e4rset ja kvaliteetset toodet.<\/p>\n<p>Kvaliteetse t\u00f6\u00f6tluse, suure t\u00f5mbev\u00f5imsuse ja ainulaadse Strawberry Mango aroomi kombinatsioon pakub teie klientidele terviklikku aurutamiskogemust, mis veenab nii funktsionaalsuse kui ka maitse poolest. Need eelised muudavad WASPE 15000 PUFFS atraktiivseks tooteks hulgim\u00fc\u00fcgile, mida on lihtne m\u00fc\u00fca ja mis pakub teie klientidele palju r\u00f5\u00f5mu.<\/p>\n<h3><strong>WASPE 15000 PUFFS-i eelised hulgim\u00fc\u00fcgile<\/strong><\/h3>\n<p>WASPE 15000 PUFFS pakub hulgim\u00fc\u00fcjatele mitmeid eeliseid, mis muudavad selle turul atraktiivseks pakkumiseks. Strawberry Mango aroomiga pakub toode mitte ainult maitseelamust, vaid ka erakordset t\u00f5mbev\u00f5imsust, mis eristab seda teistest <strong><a href=\"https:\/\/www.elementvape.de\/et\/c\/einweg-zigarette\/\" target=\"_blank\" rel=\"noopener\">\u00dchekordselt kasutatavad e-sigaretid<\/a><\/strong> toodetest. Mudel on varustatud v\u00f5imsa 850mAh akuga, mida saab mugavalt laadida kaasaegse Type-C \u00fchenduse kaudu, ning kasutajas\u00f5bralik LCD-ekraan hoiab teid alati kursis laetuse ja e-vedeliku tasemega.<\/p>\n<p>Need funktsioonid muudavad WASPE 15000 PUFFS kasutajas\u00f5bralikuks ja praktiliseks valikuks teie klientidele. Teie kui hulgim\u00fc\u00fcja jaoks t\u00e4hendab see, et saate pakkuda toodet, mis veenab nii kvaliteedi kui ka j\u00f5udluse poolest ning aitab teil konkurentsis silma paista. Suurep\u00e4rane maasikate ja mango kombinatsioon t\u00e4iendab WASPE 15000 PUFFS-i v\u00f5imsaid funktsioone ja tagab optimaalse aurutamiskogemuse, mida teie kliendid hindavad.<\/p>\n<p><img loading=\"lazy\" decoding=\"async\" class=\"size-medium wp-image-13962\" src=\"https:\/\/www.elementvape.de\/wp-content\/uploads\/2024\/08\/03-1-300x169.jpg\" alt=\"03\" width=\"300\" height=\"169\" srcset=\"https:\/\/www.elementvape.de\/wp-content\/uploads\/2024\/08\/03-1-300x169.jpg 300w, https:\/\/www.elementvape.de\/wp-content\/uploads\/2024\/08\/03-1-1024x576.jpg 1024w, https:\/\/www.elementvape.de\/wp-content\/uploads\/2024\/08\/03-1-768x432.jpg 768w, https:\/\/www.elementvape.de\/wp-content\/uploads\/2024\/08\/03-1-1536x864.jpg 1536w, https:\/\/www.elementvape.de\/wp-content\/uploads\/2024\/08\/03-1-1000x565.jpg 1000w, https:\/\/www.elementvape.de\/wp-content\/uploads\/2024\/08\/03-1-600x338.jpg 600w, https:\/\/www.elementvape.de\/wp-content\/uploads\/2024\/08\/03-1.jpg 2000w\" sizes=\"(max-width: 300px) 100vw, 300px\" \/><\/p>\n<p><img loading=\"lazy\" decoding=\"async\" class=\"size-medium wp-image-13961\" src=\"https:\/\/www.elementvape.de\/wp-content\/uploads\/2024\/08\/02-1-300x141.jpg\" alt=\"02\" width=\"300\" height=\"141\" srcset=\"https:\/\/www.elementvape.de\/wp-content\/uploads\/2024\/08\/02-1-300x141.jpg 300w, https:\/\/www.elementvape.de\/wp-content\/uploads\/2024\/08\/02-1-1024x480.jpg 1024w, https:\/\/www.elementvape.de\/wp-content\/uploads\/2024\/08\/02-1-768x360.jpg 768w, https:\/\/www.elementvape.de\/wp-content\/uploads\/2024\/08\/02-1-1536x720.jpg 1536w, https:\/\/www.elementvape.de\/wp-content\/uploads\/2024\/08\/02-1-600x281.jpg 600w, https:\/\/www.elementvape.de\/wp-content\/uploads\/2024\/08\/02-1.jpg 2000w\" sizes=\"(max-width: 300px) 100vw, 300px\" \/><\/p>","protected":false},"excerpt":{"rendered":"<p>Die WASPE 15000 PUFFS Disposable Electronic Zigarette bietet ein herausragendes Geschmackserlebnis mit dem Strawberry Mango Aroma, das den perfekten Mix aus saftigen Erdbeeren und tropischen Mangos vereint. Dieses Aroma kombiniert die s\u00fc\u00dfe Fruchtigkeit von reifen Erdbeeren mit dem intensiven Geschmack der Mango, um ein unvergessliches Dampferlebnis zu schaffen. Jeder Zug offenbart die harmonische Balance zwischen [&hellip;]<\/p>","protected":false},"featured_media":13960,"template":"","meta":{"inline_featured_image":false},"product_cat":[15,78,735,746,741,733,744,755,738,751,732,723],"product_tag":[710,674],"tiered_pricing_type":"fixed","tiered_pricing_fixed_rules":{"110":"7.91","200":"7.03","500":"6.15"},"tiered_pricing_percentage_rules":[],"tiered_pricing_minimum":1,"_administrator_tiered_pricing_type":"fixed","_administrator_tiered_pricing_fixed_rules":[],"_editor_tiered_pricing_type":"fixed","_editor_tiered_pricing_fixed_rules":[],"_author_tiered_pricing_type":"fixed","_author_tiered_pricing_fixed_rules":[],"_contributor_tiered_pricing_type":"fixed","_contributor_tiered_pricing_fixed_rules":[],"_subscriber_tiered_pricing_type":"fixed","_subscriber_tiered_pricing_fixed_rules":[],"_customer_tiered_pricing_type":"fixed","_customer_tiered_pricing_fixed_rules":[],"_shop_manager_tiered_pricing_type":"fixed","_shop_manager_tiered_pricing_fixed_rules":[],"_wpseo_manager_tiered_pricing_type":"fixed","_wpseo_manager_tiered_pricing_fixed_rules":[],"_wpseo_editor_tiered_pricing_type":"fixed","_wpseo_editor_tiered_pricing_fixed_rules":[],"_wholesale_customer_tiered_pricing_type":"fixed","_wholesale_customer_tiered_pricing_fixed_rules":[],"_marketer_tiered_pricing_type":"fixed","_marketer_tiered_pricing_fixed_rules":[],"_sales_manager_tiered_pricing_type":"fixed","_sales_manager_tiered_pricing_fixed_rules":[],"_sales_rep_tiered_pricing_type":"fixed","_sales_rep_tiered_pricing_fixed_rules":[],"yoast_head":"<!-- This site is optimized with the Yoast SEO plugin v23.3 - https:\/\/yoast.com\/wordpress\/plugins\/seo\/ -->\n<title>Fruchtige Vielfalt im Gro\u00dfhandel Strawberry Mango E-Zigaretten \u2013 erstklassige Qualit\u00e4t die den perfekten Mix aus Erdbeeren und Mango vereint WASPE 15000 PUFFS | ElementVape.de<\/title>\n<meta name=\"description\" content=\"Wir bieten Fruchtige Vielfalt im Gro\u00dfhandel Strawberry Mango E-Zigaretten \u2013 erstklassige Qualit\u00e4t die den perfekten Mix aus Erdbeeren und Mango vereint WASPE 15000 PUFFS , Elementvape.de akzeptieren Gro\u00df-und Einzelhandel Bestellungen.\" \/>\n<meta name=\"robots\" content=\"index, follow, max-snippet:-1, max-image-preview:large, max-video-preview:-1\" \/>\n<link rel=\"canonical\" href=\"https:\/\/www.elementvape.de\/et\/produkt\/fruchtige-vielfalt-im-grosshandel-strawberry-mango-e-zigaretten-erstklassige-qualitaet-die-den-perfekten-mix-aus-erdbeeren-und-mango-vereint-waspe-15000-puffs\/\" \/>\n<meta property=\"og:locale\" content=\"et_EE\" \/>\n<meta property=\"og:type\" content=\"article\" \/>\n<meta property=\"og:title\" content=\"Fruchtige Vielfalt im Gro\u00dfhandel Strawberry Mango E-Zigaretten \u2013 erstklassige Qualit\u00e4t die den perfekten Mix aus Erdbeeren und Mango vereint WASPE 15000 PUFFS | ElementVape.de\" \/>\n<meta property=\"og:description\" content=\"Wir bieten Fruchtige Vielfalt im Gro\u00dfhandel Strawberry Mango E-Zigaretten \u2013 erstklassige Qualit\u00e4t die den perfekten Mix aus Erdbeeren und Mango vereint WASPE 15000 PUFFS , Elementvape.de akzeptieren Gro\u00df-und Einzelhandel Bestellungen.\" \/>\n<meta property=\"og:url\" content=\"https:\/\/www.elementvape.de\/et\/produkt\/fruchtige-vielfalt-im-grosshandel-strawberry-mango-e-zigaretten-erstklassige-qualitaet-die-den-perfekten-mix-aus-erdbeeren-und-mango-vereint-waspe-15000-puffs\/\" \/>\n<meta property=\"og:site_name\" content=\"ElementVape.de\" \/>\n<meta property=\"article:modified_time\" content=\"2024-12-12T06:33:59+00:00\" \/>\n<meta property=\"og:image\" content=\"https:\/\/www.elementvape.de\/wp-content\/uploads\/2024\/08\/Strawberry-Mango-1.jpg\" \/>\n\t<meta property=\"og:image:width\" content=\"1920\" \/>\n\t<meta property=\"og:image:height\" content=\"1536\" \/>\n\t<meta property=\"og:image:type\" content=\"image\/jpeg\" \/>\n<meta name=\"twitter:card\" content=\"summary_large_image\" \/>\n<meta name=\"twitter:label1\" content=\"Est. reading time\" \/>\n\t<meta name=\"twitter:data1\" content=\"3 minutit\" \/>\n<script type=\"application\/ld+json\" class=\"yoast-schema-graph\">{\"@context\":\"https:\/\/schema.org\",\"@graph\":[{\"@type\":\"WebPage\",\"@id\":\"https:\/\/www.elementvape.de\/lt\/produkt\/fruchtige-vielfalt-im-grosshandel-strawberry-mango-e-zigaretten-erstklassige-qualitaet-die-den-perfekten-mix-aus-erdbeeren-und-mango-vereint-waspe-15000-puffs\/\",\"url\":\"https:\/\/www.elementvape.de\/lt\/produkt\/fruchtige-vielfalt-im-grosshandel-strawberry-mango-e-zigaretten-erstklassige-qualitaet-die-den-perfekten-mix-aus-erdbeeren-und-mango-vereint-waspe-15000-puffs\/\",\"name\":\"Fruchtige Vielfalt im Gro\u00dfhandel Strawberry Mango E-Zigaretten \u2013 erstklassige Qualit\u00e4t die den perfekten Mix aus Erdbeeren und Mango vereint WASPE 15000 PUFFS | ElementVape.de\",\"isPartOf\":{\"@id\":\"https:\/\/www.elementvape.de\/#website\"},\"primaryImageOfPage\":{\"@id\":\"https:\/\/www.elementvape.de\/lt\/produkt\/fruchtige-vielfalt-im-grosshandel-strawberry-mango-e-zigaretten-erstklassige-qualitaet-die-den-perfekten-mix-aus-erdbeeren-und-mango-vereint-waspe-15000-puffs\/#primaryimage\"},\"image\":{\"@id\":\"https:\/\/www.elementvape.de\/lt\/produkt\/fruchtige-vielfalt-im-grosshandel-strawberry-mango-e-zigaretten-erstklassige-qualitaet-die-den-perfekten-mix-aus-erdbeeren-und-mango-vereint-waspe-15000-puffs\/#primaryimage\"},\"thumbnailUrl\":\"https:\/\/www.elementvape.de\/wp-content\/uploads\/2024\/08\/Strawberry-Mango-1.jpg\",\"datePublished\":\"2024-08-22T08:30:14+00:00\",\"dateModified\":\"2024-12-12T06:33:59+00:00\",\"description\":\"Wir bieten Fruchtige Vielfalt im Gro\u00dfhandel Strawberry Mango E-Zigaretten \u2013 erstklassige Qualit\u00e4t die den perfekten Mix aus Erdbeeren und Mango vereint WASPE 15000 PUFFS , Elementvape.de akzeptieren Gro\u00df-und Einzelhandel Bestellungen.\",\"breadcrumb\":{\"@id\":\"https:\/\/www.elementvape.de\/lt\/produkt\/fruchtige-vielfalt-im-grosshandel-strawberry-mango-e-zigaretten-erstklassige-qualitaet-die-den-perfekten-mix-aus-erdbeeren-und-mango-vereint-waspe-15000-puffs\/#breadcrumb\"},\"inLanguage\":\"et\",\"potentialAction\":[{\"@type\":\"ReadAction\",\"target\":[\"https:\/\/www.elementvape.de\/lt\/produkt\/fruchtige-vielfalt-im-grosshandel-strawberry-mango-e-zigaretten-erstklassige-qualitaet-die-den-perfekten-mix-aus-erdbeeren-und-mango-vereint-waspe-15000-puffs\/\"]}]},{\"@type\":\"ImageObject\",\"inLanguage\":\"et\",\"@id\":\"https:\/\/www.elementvape.de\/lt\/produkt\/fruchtige-vielfalt-im-grosshandel-strawberry-mango-e-zigaretten-erstklassige-qualitaet-die-den-perfekten-mix-aus-erdbeeren-und-mango-vereint-waspe-15000-puffs\/#primaryimage\",\"url\":\"https:\/\/www.elementvape.de\/wp-content\/uploads\/2024\/08\/Strawberry-Mango-1.jpg\",\"contentUrl\":\"https:\/\/www.elementvape.de\/wp-content\/uploads\/2024\/08\/Strawberry-Mango-1.jpg\",\"width\":1920,\"height\":1536,\"caption\":\"Strawberry Mango\"},{\"@type\":\"BreadcrumbList\",\"@id\":\"https:\/\/www.elementvape.de\/lt\/produkt\/fruchtige-vielfalt-im-grosshandel-strawberry-mango-e-zigaretten-erstklassige-qualitaet-die-den-perfekten-mix-aus-erdbeeren-und-mango-vereint-waspe-15000-puffs\/#breadcrumb\",\"itemListElement\":[{\"@type\":\"ListItem\",\"position\":1,\"name\":\"Home\",\"item\":\"https:\/\/www.elementvape.de\/\"},{\"@type\":\"ListItem\",\"position\":2,\"name\":\"Shop\",\"item\":\"https:\/\/www.elementvape.de\/shop\/\"},{\"@type\":\"ListItem\",\"position\":3,\"name\":\"Fruchtige Vielfalt im Gro\u00dfhandel Strawberry Mango E-Zigaretten \u2013 erstklassige Qualit\u00e4t die den perfekten Mix aus Erdbeeren und Mango vereint WASPE 15000 PUFFS\"}]},{\"@type\":\"WebSite\",\"@id\":\"https:\/\/www.elementvape.de\/#website\",\"url\":\"https:\/\/www.elementvape.de\/\",\"name\":\"ElementVape.de\",\"description\":\"\",\"publisher\":{\"@id\":\"https:\/\/www.elementvape.de\/#organization\"},\"potentialAction\":[{\"@type\":\"SearchAction\",\"target\":{\"@type\":\"EntryPoint\",\"urlTemplate\":\"https:\/\/www.elementvape.de\/?s={search_term_string}\"},\"query-input\":\"required name=search_term_string\"}],\"inLanguage\":\"et\"},{\"@type\":\"Organization\",\"@id\":\"https:\/\/www.elementvape.de\/#organization\",\"name\":\"ElementVape.DE\",\"url\":\"https:\/\/www.elementvape.de\/\",\"logo\":{\"@type\":\"ImageObject\",\"inLanguage\":\"et\",\"@id\":\"https:\/\/www.elementvape.de\/#\/schema\/logo\/image\/\",\"url\":\"https:\/\/www.elementvape.de\/wp-content\/uploads\/2024\/09\/cropped-1elementvape-3.png\",\"contentUrl\":\"https:\/\/www.elementvape.de\/wp-content\/uploads\/2024\/09\/cropped-1elementvape-3.png\",\"width\":285,\"height\":228,\"caption\":\"ElementVape.DE\"},\"image\":{\"@id\":\"https:\/\/www.elementvape.de\/#\/schema\/logo\/image\/\"}}]}<\/script>\n<!-- \/ Yoast SEO plugin. -->","yoast_head_json":{"title":"Fruchtige Vielfalt im Gro\u00dfhandel Strawberry Mango E-Zigaretten \u2013 erstklassige Qualit\u00e4t die den perfekten Mix aus Erdbeeren und Mango vereint WASPE 15000 PUFFS | ElementVape.de","description":"Wir bieten Fruchtige Vielfalt im Gro\u00dfhandel Strawberry Mango E-Zigaretten \u2013 erstklassige Qualit\u00e4t die den perfekten Mix aus Erdbeeren und Mango vereint WASPE 15000 PUFFS , Elementvape.de akzeptieren Gro\u00df-und Einzelhandel Bestellungen.","robots":{"index":"index","follow":"follow","max-snippet":"max-snippet:-1","max-image-preview":"max-image-preview:large","max-video-preview":"max-video-preview:-1"},"canonical":"https:\/\/www.elementvape.de\/et\/produkt\/fruchtige-vielfalt-im-grosshandel-strawberry-mango-e-zigaretten-erstklassige-qualitaet-die-den-perfekten-mix-aus-erdbeeren-und-mango-vereint-waspe-15000-puffs\/","og_locale":"et_EE","og_type":"article","og_title":"Fruchtige Vielfalt im Gro\u00dfhandel Strawberry Mango E-Zigaretten \u2013 erstklassige Qualit\u00e4t die den perfekten Mix aus Erdbeeren und Mango vereint WASPE 15000 PUFFS | ElementVape.de","og_description":"Wir bieten Fruchtige Vielfalt im Gro\u00dfhandel Strawberry Mango E-Zigaretten \u2013 erstklassige Qualit\u00e4t die den perfekten Mix aus Erdbeeren und Mango vereint WASPE 15000 PUFFS , Elementvape.de akzeptieren Gro\u00df-und Einzelhandel Bestellungen.","og_url":"https:\/\/www.elementvape.de\/et\/produkt\/fruchtige-vielfalt-im-grosshandel-strawberry-mango-e-zigaretten-erstklassige-qualitaet-die-den-perfekten-mix-aus-erdbeeren-und-mango-vereint-waspe-15000-puffs\/","og_site_name":"ElementVape.de","article_modified_time":"2024-12-12T06:33:59+00:00","og_image":[{"width":1920,"height":1536,"url":"https:\/\/www.elementvape.de\/wp-content\/uploads\/2024\/08\/Strawberry-Mango-1.jpg","type":"image\/jpeg"}],"twitter_card":"summary_large_image","twitter_misc":{"Est. reading time":"3 minutit"},"schema":{"@context":"https:\/\/schema.org","@graph":[{"@type":"WebPage","@id":"https:\/\/www.elementvape.de\/lt\/produkt\/fruchtige-vielfalt-im-grosshandel-strawberry-mango-e-zigaretten-erstklassige-qualitaet-die-den-perfekten-mix-aus-erdbeeren-und-mango-vereint-waspe-15000-puffs\/","url":"https:\/\/www.elementvape.de\/lt\/produkt\/fruchtige-vielfalt-im-grosshandel-strawberry-mango-e-zigaretten-erstklassige-qualitaet-die-den-perfekten-mix-aus-erdbeeren-und-mango-vereint-waspe-15000-puffs\/","name":"Fruchtige Vielfalt im Gro\u00dfhandel Strawberry Mango E-Zigaretten \u2013 erstklassige Qualit\u00e4t die den perfekten Mix aus Erdbeeren und Mango vereint WASPE 15000 PUFFS | ElementVape.de","isPartOf":{"@id":"https:\/\/www.elementvape.de\/#website"},"primaryImageOfPage":{"@id":"https:\/\/www.elementvape.de\/lt\/produkt\/fruchtige-vielfalt-im-grosshandel-strawberry-mango-e-zigaretten-erstklassige-qualitaet-die-den-perfekten-mix-aus-erdbeeren-und-mango-vereint-waspe-15000-puffs\/#primaryimage"},"image":{"@id":"https:\/\/www.elementvape.de\/lt\/produkt\/fruchtige-vielfalt-im-grosshandel-strawberry-mango-e-zigaretten-erstklassige-qualitaet-die-den-perfekten-mix-aus-erdbeeren-und-mango-vereint-waspe-15000-puffs\/#primaryimage"},"thumbnailUrl":"https:\/\/www.elementvape.de\/wp-content\/uploads\/2024\/08\/Strawberry-Mango-1.jpg","datePublished":"2024-08-22T08:30:14+00:00","dateModified":"2024-12-12T06:33:59+00:00","description":"Wir bieten Fruchtige Vielfalt im Gro\u00dfhandel Strawberry Mango E-Zigaretten \u2013 erstklassige Qualit\u00e4t die den perfekten Mix aus Erdbeeren und Mango vereint WASPE 15000 PUFFS , Elementvape.de akzeptieren Gro\u00df-und Einzelhandel Bestellungen.","breadcrumb":{"@id":"https:\/\/www.elementvape.de\/lt\/produkt\/fruchtige-vielfalt-im-grosshandel-strawberry-mango-e-zigaretten-erstklassige-qualitaet-die-den-perfekten-mix-aus-erdbeeren-und-mango-vereint-waspe-15000-puffs\/#breadcrumb"},"inLanguage":"et","potentialAction":[{"@type":"ReadAction","target":["https:\/\/www.elementvape.de\/lt\/produkt\/fruchtige-vielfalt-im-grosshandel-strawberry-mango-e-zigaretten-erstklassige-qualitaet-die-den-perfekten-mix-aus-erdbeeren-und-mango-vereint-waspe-15000-puffs\/"]}]},{"@type":"ImageObject","inLanguage":"et","@id":"https:\/\/www.elementvape.de\/lt\/produkt\/fruchtige-vielfalt-im-grosshandel-strawberry-mango-e-zigaretten-erstklassige-qualitaet-die-den-perfekten-mix-aus-erdbeeren-und-mango-vereint-waspe-15000-puffs\/#primaryimage","url":"https:\/\/www.elementvape.de\/wp-content\/uploads\/2024\/08\/Strawberry-Mango-1.jpg","contentUrl":"https:\/\/www.elementvape.de\/wp-content\/uploads\/2024\/08\/Strawberry-Mango-1.jpg","width":1920,"height":1536,"caption":"Strawberry Mango"},{"@type":"BreadcrumbList","@id":"https:\/\/www.elementvape.de\/lt\/produkt\/fruchtige-vielfalt-im-grosshandel-strawberry-mango-e-zigaretten-erstklassige-qualitaet-die-den-perfekten-mix-aus-erdbeeren-und-mango-vereint-waspe-15000-puffs\/#breadcrumb","itemListElement":[{"@type":"ListItem","position":1,"name":"Home","item":"https:\/\/www.elementvape.de\/"},{"@type":"ListItem","position":2,"name":"Shop","item":"https:\/\/www.elementvape.de\/shop\/"},{"@type":"ListItem","position":3,"name":"Fruchtige Vielfalt im Gro\u00dfhandel Strawberry Mango E-Zigaretten \u2013 erstklassige Qualit\u00e4t die den perfekten Mix aus Erdbeeren und Mango vereint WASPE 15000 PUFFS"}]},{"@type":"WebSite","@id":"https:\/\/www.elementvape.de\/#website","url":"https:\/\/www.elementvape.de\/","name":"ElementVape.de","description":"","publisher":{"@id":"https:\/\/www.elementvape.de\/#organization"},"potentialAction":[{"@type":"SearchAction","target":{"@type":"EntryPoint","urlTemplate":"https:\/\/www.elementvape.de\/?s={search_term_string}"},"query-input":"required name=search_term_string"}],"inLanguage":"et"},{"@type":"Organization","@id":"https:\/\/www.elementvape.de\/#organization","name":"ElementVape.DE","url":"https:\/\/www.elementvape.de\/","logo":{"@type":"ImageObject","inLanguage":"et","@id":"https:\/\/www.elementvape.de\/#\/schema\/logo\/image\/","url":"https:\/\/www.elementvape.de\/wp-content\/uploads\/2024\/09\/cropped-1elementvape-3.png","contentUrl":"https:\/\/www.elementvape.de\/wp-content\/uploads\/2024\/09\/cropped-1elementvape-3.png","width":285,"height":228,"caption":"ElementVape.DE"},"image":{"@id":"https:\/\/www.elementvape.de\/#\/schema\/logo\/image\/"}}]}},"_links":{"self":[{"href":"https:\/\/www.elementvape.de\/et\/wp-json\/wp\/v2\/product\/13959"}],"collection":[{"href":"https:\/\/www.elementvape.de\/et\/wp-json\/wp\/v2\/product"}],"about":[{"href":"https:\/\/www.elementvape.de\/et\/wp-json\/wp\/v2\/types\/product"}],"wp:featuredmedia":[{"embeddable":true,"href":"https:\/\/www.elementvape.de\/et\/wp-json\/wp\/v2\/media\/13960"}],"wp:attachment":[{"href":"https:\/\/www.elementvape.de\/et\/wp-json\/wp\/v2\/media?parent=13959"}],"wp:term":[{"taxonomy":"product_cat","embeddable":true,"href":"https:\/\/www.elementvape.de\/et\/wp-json\/wp\/v2\/product_cat?post=13959"},{"taxonomy":"product_tag","embeddable":true,"href":"https:\/\/www.elementvape.de\/et\/wp-json\/wp\/v2\/product_tag?post=13959"}],"curies":[{"name":"wp","href":"https:\/\/api.w.org\/{rel}","templated":true}]}}