{"id":13952,"date":"2024-08-22T07:59:35","date_gmt":"2024-08-22T07:59:35","guid":{"rendered":"https:\/\/www.elementvape.de\/?post_type=product&#038;p=13952"},"modified":"2024-12-12T06:34:02","modified_gmt":"2024-12-12T06:34:02","slug":"erfrischende-geschmackskombination-aloe-grape-waspe-15000-puffs-von-fruchtiger-und-erfrischender-trauben-aloe-fusion","status":"publish","type":"product","link":"https:\/\/www.elementvape.de\/et\/produkt\/erfrischende-geschmackskombination-aloe-grape-waspe-15000-puffs-von-fruchtiger-und-erfrischender-trauben-aloe-fusion\/","title":{"rendered":"V\u00e4rskendav maitsekooslus Aloe Grape WASPE 15000 suitsu puuviljane ja v\u00e4rskendav viinamarja-aalo \u00fchendus"},"content":{"rendered":"<h2><strong>Kvaliteetsed omadused isikup\u00e4rastatud suitsukogemuse jaoks<\/strong><\/h2>\n<p>WASPE 15000 PUFFS \u00fchekordne <strong><a href=\"https:\/\/www.elementvape.de\/et\/\" target=\"_blank\" rel=\"noopener\">E-sigarett <\/a><\/strong>pakub m\u00e4rkimisv\u00e4\u00e4rset valikut nikotiini tugevusi, mis v\u00f5imaldavad teil oma suitsukogemust t\u00e4ielikult kohandada vastavalt oma soovidele. Valikust 0%, 2%, 3% kuni 5% nikotiini abil saate leida ideaalse tasakaalu, et vastata oma isiklikele eelistustele. See paindlikkus muudab WASPE ideaalseks valikuks k\u00f5igile, kes soovivad nikotiinist loobuda v\u00f5i eelistavad tugevamat naudingut.<\/p>\n<p>Teine silmapaistev omadus on muljetavaldav puffide maht kuni 15 000 t\u00f5mbeni. Koos suure 22 ml E-vedeliku reservuaariga tagab WASPE, et saate pikema aja jooksul nautida suitsu, ilma et peaksite pidevalt t\u00e4itma v\u00f5i uut seadet otsima. See suur maht ja kohandatav nikotiinisisaldus pakuvad teile erakordset mugavat suitsukogemust.<\/p>\n<h3><strong>Kaasaegne tehnoloogia optimaalse suitsu nautimise jaoks<\/strong><\/h3>\n<p>WASPE 15000 PUFFS on varustatud arenenud Mesh Coil tehnoloogiaga, mis kasutab 0,8\u03a9 Mesh-Coili, et tagada esmaklassiline suitsu tootmine ja intensiivne maitse. See tehnoloogia tagab \u00fchtlase E-vedeliku soojendamise ja t\u00e4idlase maitseelamuse iga t\u00f5mbega. Nii saate iga kasutuskorraga nautida oma lemmikmaitseid t\u00e4ielikult.<\/p>\n<p>Lisaks pakub seade kasutajas\u00f5bralikku LCD-ekraani, mis kuvab reaalajas teavet laadimiskorra ja E-vedeliku taseme kohta. V\u00f5imalus laadida 850mAh akut kaasaegse Type-C \u00fchenduse kaudu tagab kiire ja t\u00f5husa laadimiskogemuse. Need funktsioonid koos kompaktse kaaluga vaid 90 g muudavad WASPE 15000 PUFFS praktiliseks ja v\u00f5imsaks valikuks k\u00f5igile suitsukasutajatele.<\/p>","protected":false},"excerpt":{"rendered":"<p>Hochwertige Eigenschaften f\u00fcr ein individuelles Dampferlebnis Die WASPE 15000 PUFFS Disposable E-Zigarette bietet eine bemerkenswerte Auswahl an Nikotinst\u00e4rken, die es Ihnen erm\u00f6glichen, Ihr Dampferlebnis ganz nach Ihren W\u00fcnschen anzupassen. Mit Optionen von 0%, 2%, 3% bis 5% Nikotin k\u00f6nnen Sie die perfekte Balance finden, um Ihren pers\u00f6nlichen Vorlieben gerecht zu werden. Diese Flexibilit\u00e4t macht die [&hellip;]<\/p>","protected":false},"featured_media":13951,"template":"","meta":{"inline_featured_image":false},"product_cat":[15,78,735,746,741,733,744,755,738,751,732,723],"product_tag":[710,674],"tiered_pricing_type":"fixed","tiered_pricing_fixed_rules":{"110":"7.91","200":"7.03","500":"6.15"},"tiered_pricing_percentage_rules":[],"tiered_pricing_minimum":1,"_administrator_tiered_pricing_type":"fixed","_administrator_tiered_pricing_fixed_rules":[],"_editor_tiered_pricing_type":"fixed","_editor_tiered_pricing_fixed_rules":[],"_author_tiered_pricing_type":"fixed","_author_tiered_pricing_fixed_rules":[],"_contributor_tiered_pricing_type":"fixed","_contributor_tiered_pricing_fixed_rules":[],"_subscriber_tiered_pricing_type":"fixed","_subscriber_tiered_pricing_fixed_rules":[],"_customer_tiered_pricing_type":"fixed","_customer_tiered_pricing_fixed_rules":[],"_shop_manager_tiered_pricing_type":"fixed","_shop_manager_tiered_pricing_fixed_rules":[],"_wpseo_manager_tiered_pricing_type":"fixed","_wpseo_manager_tiered_pricing_fixed_rules":[],"_wpseo_editor_tiered_pricing_type":"fixed","_wpseo_editor_tiered_pricing_fixed_rules":[],"_wholesale_customer_tiered_pricing_type":"fixed","_wholesale_customer_tiered_pricing_fixed_rules":[],"_marketer_tiered_pricing_type":"fixed","_marketer_tiered_pricing_fixed_rules":[],"_sales_manager_tiered_pricing_type":"fixed","_sales_manager_tiered_pricing_fixed_rules":[],"_sales_rep_tiered_pricing_type":"fixed","_sales_rep_tiered_pricing_fixed_rules":[],"yoast_head":"<!-- This site is optimized with the Yoast SEO plugin v23.3 - https:\/\/yoast.com\/wordpress\/plugins\/seo\/ -->\n<title>Erfrischende Geschmackskombination Aloe Grape WASPE 15000 Puffs von fruchtiger und erfrischender Trauben-Aloe-Fusion | ElementVape.de<\/title>\n<meta name=\"description\" content=\"Wir bieten Erfrischende Geschmackskombination Aloe Grape WASPE 15000 Puffs von fruchtiger und erfrischender Trauben-Aloe-Fusion , Elementvape.de akzeptieren Gro\u00df-und Einzelhandel Bestellungen.\" \/>\n<meta name=\"robots\" content=\"index, follow, max-snippet:-1, max-image-preview:large, max-video-preview:-1\" \/>\n<link rel=\"canonical\" href=\"https:\/\/www.elementvape.de\/et\/produkt\/erfrischende-geschmackskombination-aloe-grape-waspe-15000-puffs-von-fruchtiger-und-erfrischender-trauben-aloe-fusion\/\" \/>\n<meta property=\"og:locale\" content=\"et_EE\" \/>\n<meta property=\"og:type\" content=\"article\" \/>\n<meta property=\"og:title\" content=\"Erfrischende Geschmackskombination Aloe Grape WASPE 15000 Puffs von fruchtiger und erfrischender Trauben-Aloe-Fusion | ElementVape.de\" \/>\n<meta property=\"og:description\" content=\"Wir bieten Erfrischende Geschmackskombination Aloe Grape WASPE 15000 Puffs von fruchtiger und erfrischender Trauben-Aloe-Fusion , Elementvape.de akzeptieren Gro\u00df-und Einzelhandel Bestellungen.\" \/>\n<meta property=\"og:url\" content=\"https:\/\/www.elementvape.de\/et\/produkt\/erfrischende-geschmackskombination-aloe-grape-waspe-15000-puffs-von-fruchtiger-und-erfrischender-trauben-aloe-fusion\/\" \/>\n<meta property=\"og:site_name\" content=\"ElementVape.de\" \/>\n<meta property=\"article:modified_time\" content=\"2024-12-12T06:34:02+00:00\" \/>\n<meta property=\"og:image\" content=\"https:\/\/www.elementvape.de\/wp-content\/uploads\/2024\/08\/Aloe-Grape.jpg\" \/>\n\t<meta property=\"og:image:width\" content=\"1920\" \/>\n\t<meta property=\"og:image:height\" content=\"1536\" \/>\n\t<meta property=\"og:image:type\" content=\"image\/jpeg\" \/>\n<meta name=\"twitter:card\" content=\"summary_large_image\" \/>\n<meta name=\"twitter:label1\" content=\"Est. reading time\" \/>\n\t<meta name=\"twitter:data1\" content=\"2 minutit\" \/>\n<script type=\"application\/ld+json\" class=\"yoast-schema-graph\">{\"@context\":\"https:\/\/schema.org\",\"@graph\":[{\"@type\":\"WebPage\",\"@id\":\"https:\/\/www.elementvape.de\/produkt\/erfrischende-geschmackskombination-aloe-grape-waspe-15000-puffs-von-fruchtiger-und-erfrischender-trauben-aloe-fusion\/\",\"url\":\"https:\/\/www.elementvape.de\/produkt\/erfrischende-geschmackskombination-aloe-grape-waspe-15000-puffs-von-fruchtiger-und-erfrischender-trauben-aloe-fusion\/\",\"name\":\"Erfrischende Geschmackskombination Aloe Grape WASPE 15000 Puffs von fruchtiger und erfrischender Trauben-Aloe-Fusion | ElementVape.de\",\"isPartOf\":{\"@id\":\"https:\/\/www.elementvape.de\/#website\"},\"primaryImageOfPage\":{\"@id\":\"https:\/\/www.elementvape.de\/produkt\/erfrischende-geschmackskombination-aloe-grape-waspe-15000-puffs-von-fruchtiger-und-erfrischender-trauben-aloe-fusion\/#primaryimage\"},\"image\":{\"@id\":\"https:\/\/www.elementvape.de\/produkt\/erfrischende-geschmackskombination-aloe-grape-waspe-15000-puffs-von-fruchtiger-und-erfrischender-trauben-aloe-fusion\/#primaryimage\"},\"thumbnailUrl\":\"https:\/\/www.elementvape.de\/wp-content\/uploads\/2024\/08\/Aloe-Grape.jpg\",\"datePublished\":\"2024-08-22T07:59:35+00:00\",\"dateModified\":\"2024-12-12T06:34:02+00:00\",\"description\":\"Wir bieten Erfrischende Geschmackskombination Aloe Grape WASPE 15000 Puffs von fruchtiger und erfrischender Trauben-Aloe-Fusion , Elementvape.de akzeptieren Gro\u00df-und Einzelhandel Bestellungen.\",\"breadcrumb\":{\"@id\":\"https:\/\/www.elementvape.de\/produkt\/erfrischende-geschmackskombination-aloe-grape-waspe-15000-puffs-von-fruchtiger-und-erfrischender-trauben-aloe-fusion\/#breadcrumb\"},\"inLanguage\":\"et\",\"potentialAction\":[{\"@type\":\"ReadAction\",\"target\":[\"https:\/\/www.elementvape.de\/produkt\/erfrischende-geschmackskombination-aloe-grape-waspe-15000-puffs-von-fruchtiger-und-erfrischender-trauben-aloe-fusion\/\"]}]},{\"@type\":\"ImageObject\",\"inLanguage\":\"et\",\"@id\":\"https:\/\/www.elementvape.de\/produkt\/erfrischende-geschmackskombination-aloe-grape-waspe-15000-puffs-von-fruchtiger-und-erfrischender-trauben-aloe-fusion\/#primaryimage\",\"url\":\"https:\/\/www.elementvape.de\/wp-content\/uploads\/2024\/08\/Aloe-Grape.jpg\",\"contentUrl\":\"https:\/\/www.elementvape.de\/wp-content\/uploads\/2024\/08\/Aloe-Grape.jpg\",\"width\":1920,\"height\":1536,\"caption\":\"Aloe Grape\"},{\"@type\":\"BreadcrumbList\",\"@id\":\"https:\/\/www.elementvape.de\/produkt\/erfrischende-geschmackskombination-aloe-grape-waspe-15000-puffs-von-fruchtiger-und-erfrischender-trauben-aloe-fusion\/#breadcrumb\",\"itemListElement\":[{\"@type\":\"ListItem\",\"position\":1,\"name\":\"Home\",\"item\":\"https:\/\/www.elementvape.de\/\"},{\"@type\":\"ListItem\",\"position\":2,\"name\":\"Shop\",\"item\":\"https:\/\/www.elementvape.de\/shop\/\"},{\"@type\":\"ListItem\",\"position\":3,\"name\":\"Erfrischende Geschmackskombination Aloe Grape WASPE 15000 Puffs von fruchtiger und erfrischender Trauben-Aloe-Fusion\"}]},{\"@type\":\"WebSite\",\"@id\":\"https:\/\/www.elementvape.de\/#website\",\"url\":\"https:\/\/www.elementvape.de\/\",\"name\":\"ElementVape.de\",\"description\":\"\",\"publisher\":{\"@id\":\"https:\/\/www.elementvape.de\/#organization\"},\"potentialAction\":[{\"@type\":\"SearchAction\",\"target\":{\"@type\":\"EntryPoint\",\"urlTemplate\":\"https:\/\/www.elementvape.de\/?s={search_term_string}\"},\"query-input\":\"required name=search_term_string\"}],\"inLanguage\":\"et\"},{\"@type\":\"Organization\",\"@id\":\"https:\/\/www.elementvape.de\/#organization\",\"name\":\"ElementVape.DE\",\"url\":\"https:\/\/www.elementvape.de\/\",\"logo\":{\"@type\":\"ImageObject\",\"inLanguage\":\"et\",\"@id\":\"https:\/\/www.elementvape.de\/#\/schema\/logo\/image\/\",\"url\":\"https:\/\/www.elementvape.de\/wp-content\/uploads\/2024\/09\/cropped-1elementvape-3.png\",\"contentUrl\":\"https:\/\/www.elementvape.de\/wp-content\/uploads\/2024\/09\/cropped-1elementvape-3.png\",\"width\":285,\"height\":228,\"caption\":\"ElementVape.DE\"},\"image\":{\"@id\":\"https:\/\/www.elementvape.de\/#\/schema\/logo\/image\/\"}}]}<\/script>\n<!-- \/ Yoast SEO plugin. -->","yoast_head_json":{"title":"Erfrischende Geschmackskombination Aloe Grape WASPE 15000 Puffs von fruchtiger und erfrischender Trauben-Aloe-Fusion | ElementVape.de","description":"Wir bieten Erfrischende Geschmackskombination Aloe Grape WASPE 15000 Puffs von fruchtiger und erfrischender Trauben-Aloe-Fusion , Elementvape.de akzeptieren Gro\u00df-und Einzelhandel Bestellungen.","robots":{"index":"index","follow":"follow","max-snippet":"max-snippet:-1","max-image-preview":"max-image-preview:large","max-video-preview":"max-video-preview:-1"},"canonical":"https:\/\/www.elementvape.de\/et\/produkt\/erfrischende-geschmackskombination-aloe-grape-waspe-15000-puffs-von-fruchtiger-und-erfrischender-trauben-aloe-fusion\/","og_locale":"et_EE","og_type":"article","og_title":"Erfrischende Geschmackskombination Aloe Grape WASPE 15000 Puffs von fruchtiger und erfrischender Trauben-Aloe-Fusion | ElementVape.de","og_description":"Wir bieten Erfrischende Geschmackskombination Aloe Grape WASPE 15000 Puffs von fruchtiger und erfrischender Trauben-Aloe-Fusion , Elementvape.de akzeptieren Gro\u00df-und Einzelhandel Bestellungen.","og_url":"https:\/\/www.elementvape.de\/et\/produkt\/erfrischende-geschmackskombination-aloe-grape-waspe-15000-puffs-von-fruchtiger-und-erfrischender-trauben-aloe-fusion\/","og_site_name":"ElementVape.de","article_modified_time":"2024-12-12T06:34:02+00:00","og_image":[{"width":1920,"height":1536,"url":"https:\/\/www.elementvape.de\/wp-content\/uploads\/2024\/08\/Aloe-Grape.jpg","type":"image\/jpeg"}],"twitter_card":"summary_large_image","twitter_misc":{"Est. reading time":"2 minutit"},"schema":{"@context":"https:\/\/schema.org","@graph":[{"@type":"WebPage","@id":"https:\/\/www.elementvape.de\/produkt\/erfrischende-geschmackskombination-aloe-grape-waspe-15000-puffs-von-fruchtiger-und-erfrischender-trauben-aloe-fusion\/","url":"https:\/\/www.elementvape.de\/produkt\/erfrischende-geschmackskombination-aloe-grape-waspe-15000-puffs-von-fruchtiger-und-erfrischender-trauben-aloe-fusion\/","name":"Erfrischende Geschmackskombination Aloe Grape WASPE 15000 Puffs von fruchtiger und erfrischender Trauben-Aloe-Fusion | ElementVape.de","isPartOf":{"@id":"https:\/\/www.elementvape.de\/#website"},"primaryImageOfPage":{"@id":"https:\/\/www.elementvape.de\/produkt\/erfrischende-geschmackskombination-aloe-grape-waspe-15000-puffs-von-fruchtiger-und-erfrischender-trauben-aloe-fusion\/#primaryimage"},"image":{"@id":"https:\/\/www.elementvape.de\/produkt\/erfrischende-geschmackskombination-aloe-grape-waspe-15000-puffs-von-fruchtiger-und-erfrischender-trauben-aloe-fusion\/#primaryimage"},"thumbnailUrl":"https:\/\/www.elementvape.de\/wp-content\/uploads\/2024\/08\/Aloe-Grape.jpg","datePublished":"2024-08-22T07:59:35+00:00","dateModified":"2024-12-12T06:34:02+00:00","description":"Wir bieten Erfrischende Geschmackskombination Aloe Grape WASPE 15000 Puffs von fruchtiger und erfrischender Trauben-Aloe-Fusion , Elementvape.de akzeptieren Gro\u00df-und Einzelhandel Bestellungen.","breadcrumb":{"@id":"https:\/\/www.elementvape.de\/produkt\/erfrischende-geschmackskombination-aloe-grape-waspe-15000-puffs-von-fruchtiger-und-erfrischender-trauben-aloe-fusion\/#breadcrumb"},"inLanguage":"et","potentialAction":[{"@type":"ReadAction","target":["https:\/\/www.elementvape.de\/produkt\/erfrischende-geschmackskombination-aloe-grape-waspe-15000-puffs-von-fruchtiger-und-erfrischender-trauben-aloe-fusion\/"]}]},{"@type":"ImageObject","inLanguage":"et","@id":"https:\/\/www.elementvape.de\/produkt\/erfrischende-geschmackskombination-aloe-grape-waspe-15000-puffs-von-fruchtiger-und-erfrischender-trauben-aloe-fusion\/#primaryimage","url":"https:\/\/www.elementvape.de\/wp-content\/uploads\/2024\/08\/Aloe-Grape.jpg","contentUrl":"https:\/\/www.elementvape.de\/wp-content\/uploads\/2024\/08\/Aloe-Grape.jpg","width":1920,"height":1536,"caption":"Aloe Grape"},{"@type":"BreadcrumbList","@id":"https:\/\/www.elementvape.de\/produkt\/erfrischende-geschmackskombination-aloe-grape-waspe-15000-puffs-von-fruchtiger-und-erfrischender-trauben-aloe-fusion\/#breadcrumb","itemListElement":[{"@type":"ListItem","position":1,"name":"Home","item":"https:\/\/www.elementvape.de\/"},{"@type":"ListItem","position":2,"name":"Shop","item":"https:\/\/www.elementvape.de\/shop\/"},{"@type":"ListItem","position":3,"name":"Erfrischende Geschmackskombination Aloe Grape WASPE 15000 Puffs von fruchtiger und erfrischender Trauben-Aloe-Fusion"}]},{"@type":"WebSite","@id":"https:\/\/www.elementvape.de\/#website","url":"https:\/\/www.elementvape.de\/","name":"ElementVape.de","description":"","publisher":{"@id":"https:\/\/www.elementvape.de\/#organization"},"potentialAction":[{"@type":"SearchAction","target":{"@type":"EntryPoint","urlTemplate":"https:\/\/www.elementvape.de\/?s={search_term_string}"},"query-input":"required name=search_term_string"}],"inLanguage":"et"},{"@type":"Organization","@id":"https:\/\/www.elementvape.de\/#organization","name":"ElementVape.DE","url":"https:\/\/www.elementvape.de\/","logo":{"@type":"ImageObject","inLanguage":"et","@id":"https:\/\/www.elementvape.de\/#\/schema\/logo\/image\/","url":"https:\/\/www.elementvape.de\/wp-content\/uploads\/2024\/09\/cropped-1elementvape-3.png","contentUrl":"https:\/\/www.elementvape.de\/wp-content\/uploads\/2024\/09\/cropped-1elementvape-3.png","width":285,"height":228,"caption":"ElementVape.DE"},"image":{"@id":"https:\/\/www.elementvape.de\/#\/schema\/logo\/image\/"}}]}},"_links":{"self":[{"href":"https:\/\/www.elementvape.de\/et\/wp-json\/wp\/v2\/product\/13952"}],"collection":[{"href":"https:\/\/www.elementvape.de\/et\/wp-json\/wp\/v2\/product"}],"about":[{"href":"https:\/\/www.elementvape.de\/et\/wp-json\/wp\/v2\/types\/product"}],"wp:featuredmedia":[{"embeddable":true,"href":"https:\/\/www.elementvape.de\/et\/wp-json\/wp\/v2\/media\/13951"}],"wp:attachment":[{"href":"https:\/\/www.elementvape.de\/et\/wp-json\/wp\/v2\/media?parent=13952"}],"wp:term":[{"taxonomy":"product_cat","embeddable":true,"href":"https:\/\/www.elementvape.de\/et\/wp-json\/wp\/v2\/product_cat?post=13952"},{"taxonomy":"product_tag","embeddable":true,"href":"https:\/\/www.elementvape.de\/et\/wp-json\/wp\/v2\/product_tag?post=13952"}],"curies":[{"name":"wp","href":"https:\/\/api.w.org\/{rel}","templated":true}]}}