{"id":13945,"date":"2024-08-22T07:44:09","date_gmt":"2024-08-22T07:44:09","guid":{"rendered":"https:\/\/www.elementvape.de\/?post_type=product&#038;p=13945"},"modified":"2024-12-12T06:34:04","modified_gmt":"2024-12-12T06:34:04","slug":"fruchtige-fusion-die-perfekte-mischung-aus-strawberry-kiwi-fuer-ultimative-frische","status":"publish","type":"product","link":"https:\/\/www.elementvape.de\/et\/produkt\/fruchtige-fusion-die-perfekte-mischung-aus-strawberry-kiwi-fuer-ultimative-frische\/","title":{"rendered":"Puuviljane \u00fchendus T\u00e4iuslik maasika-kivi segu \u00fclimu v\u00e4rskuse jaoks"},"content":{"rendered":"<table style=\"font-size: 16px;\">\n<thead>\n<tr>\n<th><strong>Omadus<\/strong><\/th>\n<th><strong>Detailid<\/strong><\/th>\n<\/tr>\n<\/thead>\n<tbody>\n<tr>\n<td>Maitse<\/td>\n<td>Maasika-Kiwi<\/td>\n<\/tr>\n<tr>\n<td>N-sisaldus<\/td>\n<td>2% , 5%<\/td>\n<\/tr>\n<tr>\n<td>Puffi maht<\/td>\n<td>Kuni 15 000 liikumist<\/td>\n<\/tr>\n<tr>\n<td>E-vedeliku maht<\/td>\n<td>22ml<\/td>\n<\/tr>\n<tr>\n<td>K\u00fcttekeha tehnoloogia<\/td>\n<td>0,8\u03a9 Mesh Coil intensiivsema maitse ja suurema auru jaoks<\/td>\n<\/tr>\n<tr>\n<td>Ekraan<\/td>\n<td>LCD-ekraan reaalajas teabe kuvamiseks<\/td>\n<\/tr>\n<tr>\n<td>Aku<\/td>\n<td>Taask\u00e4ivitatav 850mAh aku<\/td>\n<\/tr>\n<tr>\n<td>Laadimiskontakt<\/td>\n<td>Type-C port<\/td>\n<\/tr>\n<\/tbody>\n<\/table>\n<hr \/>\n<h3>Viljakaaslane: T\u00e4iuslik segu Strawberry Kiwi jaoks \u00fclima v\u00e4rskuse saavutamiseks<\/h3>\n<h4>Intensiivne viljameel iga t\u00f5mbega<\/h4>\n<p>See <strong>WASPE 15000 PUFFI<\/strong> pakub teile v\u00f5rreldamatut kombinatsiooni magusa maasika ja v\u00e4rskendava kiiviga. See viljakaaslane toob iga t\u00f5mbega intensiivse maitseplahvatuse, mis elustab teie meeli. Maasika mahlase magususe ja kiivi v\u00fcrtsika v\u00e4rskuse tasakaal tagab erakordse vape-elamuse, mida soovite alati uuesti kogeda.<\/p>\n<p>Seadme Mesh Coil tehnoloogia maksimeerib maitset ja tagab, et kogete iga t\u00f5mbega Strawberry Kiwi t\u00e4ielikku maitset. Edasij\u00f5udnud aurustamistehnoloogia tagab, et maitset\u00fc\u00fcbid j\u00e4\u00e4vad selged ja intensiivsed, v\u00f5imaldades teil nautida viljakat naudingut parimas vormis.<\/p>\n<h4>Pikaajaline nauding k\u00f5rge mahutavusega<\/h4>\n<p>Mahutavusega kuni 15 000 t\u00f5mmet v\u00f5imaldab <strong>WASPE 15000 PUFFI<\/strong> p\u00fcsiva naudinguga oma lemmikmaitset nautida ilma sagedase t\u00e4itmiseta. Suur 22 ml E-vedeliku mahuti tagab pikema aurustamise aja, v\u00f5imaldades teil rohkem aega veeta v\u00e4rskendava Strawberry Kiwi maitsega.<\/p>\n<p>V\u00f5imas 850mAh aku laaditakse kiiresti Type-C pordi kaudu, v\u00f5imaldades lihtsat ja kiiret energia taastamist. See tagab, et olete alati valmis uueks viljaka vape-kogemuseks ning ei pea kaua ootama oma j\u00e4rgmist t\u00f5mmet.<\/p>\n<p><img loading=\"lazy\" decoding=\"async\" class=\"size-medium wp-image-13947\" src=\"https:\/\/www.elementvape.de\/wp-content\/uploads\/2024\/08\/Strawberry-Kiwi1-300x300.jpg\" alt=\"Maasika kiivi1\" width=\"300\" height=\"300\" srcset=\"https:\/\/www.elementvape.de\/wp-content\/uploads\/2024\/08\/Strawberry-Kiwi1-300x300.jpg 300w, https:\/\/www.elementvape.de\/wp-content\/uploads\/2024\/08\/Strawberry-Kiwi1-1024x1024.jpg 1024w, https:\/\/www.elementvape.de\/wp-content\/uploads\/2024\/08\/Strawberry-Kiwi1-150x150.jpg 150w, https:\/\/www.elementvape.de\/wp-content\/uploads\/2024\/08\/Strawberry-Kiwi1-768x768.jpg 768w, https:\/\/www.elementvape.de\/wp-content\/uploads\/2024\/08\/Strawberry-Kiwi1-600x600.jpg 600w, https:\/\/www.elementvape.de\/wp-content\/uploads\/2024\/08\/Strawberry-Kiwi1-100x100.jpg 100w, https:\/\/www.elementvape.de\/wp-content\/uploads\/2024\/08\/Strawberry-Kiwi1-50x50.jpg 50w, https:\/\/www.elementvape.de\/wp-content\/uploads\/2024\/08\/Strawberry-Kiwi1.jpg 1200w\" sizes=\"(max-width: 300px) 100vw, 300px\" \/><\/p>","protected":false},"excerpt":{"rendered":"<p>Merkmal Details Geschmack Strawberry Kiwi N-Gehalt 2% , 5% Puff-Kapazit\u00e4t Bis zu 15.000 Z\u00fcge E-Liquid-Kapazit\u00e4t 22ml Coil-Technologie 0,8\u03a9 Mesh Coil f\u00fcr intensiveren Geschmack und mehr Dampf Display LCD-Display zur Anzeige von Echtzeitinformationen Batterie Wiederaufladbarer 850mAh Akku Ladeanschluss Type-C Port Fruchtige Fusion: Die perfekte Mischung aus Strawberry Kiwi f\u00fcr ultimative Frische Intensiver Fruchtgenuss bei jedem Zug [&hellip;]<\/p>","protected":false},"featured_media":13946,"template":"","meta":{"inline_featured_image":false},"product_cat":[15,78,735,746,741,733,744,755,738,751,732,723],"product_tag":[710,674],"tiered_pricing_type":"fixed","tiered_pricing_fixed_rules":{"110":"7.91","200":"7.03","500":"6.15"},"tiered_pricing_percentage_rules":[],"tiered_pricing_minimum":1,"_administrator_tiered_pricing_type":"fixed","_administrator_tiered_pricing_fixed_rules":[],"_editor_tiered_pricing_type":"fixed","_editor_tiered_pricing_fixed_rules":[],"_author_tiered_pricing_type":"fixed","_author_tiered_pricing_fixed_rules":[],"_contributor_tiered_pricing_type":"fixed","_contributor_tiered_pricing_fixed_rules":[],"_subscriber_tiered_pricing_type":"fixed","_subscriber_tiered_pricing_fixed_rules":[],"_customer_tiered_pricing_type":"fixed","_customer_tiered_pricing_fixed_rules":[],"_shop_manager_tiered_pricing_type":"fixed","_shop_manager_tiered_pricing_fixed_rules":[],"_wpseo_manager_tiered_pricing_type":"fixed","_wpseo_manager_tiered_pricing_fixed_rules":[],"_wpseo_editor_tiered_pricing_type":"fixed","_wpseo_editor_tiered_pricing_fixed_rules":[],"_wholesale_customer_tiered_pricing_type":"fixed","_wholesale_customer_tiered_pricing_fixed_rules":[],"_marketer_tiered_pricing_type":"fixed","_marketer_tiered_pricing_fixed_rules":[],"_sales_manager_tiered_pricing_type":"fixed","_sales_manager_tiered_pricing_fixed_rules":[],"_sales_rep_tiered_pricing_type":"fixed","_sales_rep_tiered_pricing_fixed_rules":[],"yoast_head":"<!-- This site is optimized with the Yoast SEO plugin v23.3 - https:\/\/yoast.com\/wordpress\/plugins\/seo\/ -->\n<title>Fruchtige Fusion Die perfekte Mischung aus Strawberry Kiwi f\u00fcr ultimative Frische | ElementVape.de<\/title>\n<meta name=\"description\" content=\"Wir bieten Fruchtige Fusion Die perfekte Mischung aus Strawberry Kiwi f\u00fcr ultimative Frische , Elementvape.de akzeptieren Gro\u00df-und Einzelhandel Bestellungen.\" \/>\n<meta name=\"robots\" content=\"index, follow, max-snippet:-1, max-image-preview:large, max-video-preview:-1\" \/>\n<link rel=\"canonical\" href=\"https:\/\/www.elementvape.de\/et\/produkt\/fruchtige-fusion-die-perfekte-mischung-aus-strawberry-kiwi-fuer-ultimative-frische\/\" \/>\n<meta property=\"og:locale\" content=\"et_EE\" \/>\n<meta property=\"og:type\" content=\"article\" \/>\n<meta property=\"og:title\" content=\"Fruchtige Fusion Die perfekte Mischung aus Strawberry Kiwi f\u00fcr ultimative Frische | ElementVape.de\" \/>\n<meta property=\"og:description\" content=\"Wir bieten Fruchtige Fusion Die perfekte Mischung aus Strawberry Kiwi f\u00fcr ultimative Frische , Elementvape.de akzeptieren Gro\u00df-und Einzelhandel Bestellungen.\" \/>\n<meta property=\"og:url\" content=\"https:\/\/www.elementvape.de\/et\/produkt\/fruchtige-fusion-die-perfekte-mischung-aus-strawberry-kiwi-fuer-ultimative-frische\/\" \/>\n<meta property=\"og:site_name\" content=\"ElementVape.de\" \/>\n<meta property=\"article:modified_time\" content=\"2024-12-12T06:34:04+00:00\" \/>\n<meta property=\"og:image\" content=\"https:\/\/www.elementvape.de\/wp-content\/uploads\/2024\/08\/Strawberry-Kiwi-1.jpg\" \/>\n\t<meta property=\"og:image:width\" content=\"1920\" \/>\n\t<meta property=\"og:image:height\" content=\"1536\" \/>\n\t<meta property=\"og:image:type\" content=\"image\/jpeg\" \/>\n<meta name=\"twitter:card\" content=\"summary_large_image\" \/>\n<meta name=\"twitter:label1\" content=\"Est. reading time\" \/>\n\t<meta name=\"twitter:data1\" content=\"2 minutit\" \/>\n<script type=\"application\/ld+json\" class=\"yoast-schema-graph\">{\"@context\":\"https:\/\/schema.org\",\"@graph\":[{\"@type\":\"WebPage\",\"@id\":\"https:\/\/www.elementvape.de\/produkt\/fruchtige-fusion-die-perfekte-mischung-aus-strawberry-kiwi-fuer-ultimative-frische\/\",\"url\":\"https:\/\/www.elementvape.de\/produkt\/fruchtige-fusion-die-perfekte-mischung-aus-strawberry-kiwi-fuer-ultimative-frische\/\",\"name\":\"Fruchtige Fusion Die perfekte Mischung aus Strawberry Kiwi f\u00fcr ultimative Frische | ElementVape.de\",\"isPartOf\":{\"@id\":\"https:\/\/www.elementvape.de\/#website\"},\"primaryImageOfPage\":{\"@id\":\"https:\/\/www.elementvape.de\/produkt\/fruchtige-fusion-die-perfekte-mischung-aus-strawberry-kiwi-fuer-ultimative-frische\/#primaryimage\"},\"image\":{\"@id\":\"https:\/\/www.elementvape.de\/produkt\/fruchtige-fusion-die-perfekte-mischung-aus-strawberry-kiwi-fuer-ultimative-frische\/#primaryimage\"},\"thumbnailUrl\":\"https:\/\/www.elementvape.de\/wp-content\/uploads\/2024\/08\/Strawberry-Kiwi-1.jpg\",\"datePublished\":\"2024-08-22T07:44:09+00:00\",\"dateModified\":\"2024-12-12T06:34:04+00:00\",\"description\":\"Wir bieten Fruchtige Fusion Die perfekte Mischung aus Strawberry Kiwi f\u00fcr ultimative Frische , Elementvape.de akzeptieren Gro\u00df-und Einzelhandel Bestellungen.\",\"breadcrumb\":{\"@id\":\"https:\/\/www.elementvape.de\/produkt\/fruchtige-fusion-die-perfekte-mischung-aus-strawberry-kiwi-fuer-ultimative-frische\/#breadcrumb\"},\"inLanguage\":\"et\",\"potentialAction\":[{\"@type\":\"ReadAction\",\"target\":[\"https:\/\/www.elementvape.de\/produkt\/fruchtige-fusion-die-perfekte-mischung-aus-strawberry-kiwi-fuer-ultimative-frische\/\"]}]},{\"@type\":\"ImageObject\",\"inLanguage\":\"et\",\"@id\":\"https:\/\/www.elementvape.de\/produkt\/fruchtige-fusion-die-perfekte-mischung-aus-strawberry-kiwi-fuer-ultimative-frische\/#primaryimage\",\"url\":\"https:\/\/www.elementvape.de\/wp-content\/uploads\/2024\/08\/Strawberry-Kiwi-1.jpg\",\"contentUrl\":\"https:\/\/www.elementvape.de\/wp-content\/uploads\/2024\/08\/Strawberry-Kiwi-1.jpg\",\"width\":1920,\"height\":1536,\"caption\":\"Strawberry Kiwi\"},{\"@type\":\"BreadcrumbList\",\"@id\":\"https:\/\/www.elementvape.de\/produkt\/fruchtige-fusion-die-perfekte-mischung-aus-strawberry-kiwi-fuer-ultimative-frische\/#breadcrumb\",\"itemListElement\":[{\"@type\":\"ListItem\",\"position\":1,\"name\":\"Home\",\"item\":\"https:\/\/www.elementvape.de\/\"},{\"@type\":\"ListItem\",\"position\":2,\"name\":\"Shop\",\"item\":\"https:\/\/www.elementvape.de\/shop\/\"},{\"@type\":\"ListItem\",\"position\":3,\"name\":\"Fruchtige Fusion Die perfekte Mischung aus Strawberry Kiwi f\u00fcr ultimative Frische\"}]},{\"@type\":\"WebSite\",\"@id\":\"https:\/\/www.elementvape.de\/#website\",\"url\":\"https:\/\/www.elementvape.de\/\",\"name\":\"ElementVape.de\",\"description\":\"\",\"publisher\":{\"@id\":\"https:\/\/www.elementvape.de\/#organization\"},\"potentialAction\":[{\"@type\":\"SearchAction\",\"target\":{\"@type\":\"EntryPoint\",\"urlTemplate\":\"https:\/\/www.elementvape.de\/?s={search_term_string}\"},\"query-input\":\"required name=search_term_string\"}],\"inLanguage\":\"et\"},{\"@type\":\"Organization\",\"@id\":\"https:\/\/www.elementvape.de\/#organization\",\"name\":\"ElementVape.DE\",\"url\":\"https:\/\/www.elementvape.de\/\",\"logo\":{\"@type\":\"ImageObject\",\"inLanguage\":\"et\",\"@id\":\"https:\/\/www.elementvape.de\/#\/schema\/logo\/image\/\",\"url\":\"https:\/\/www.elementvape.de\/wp-content\/uploads\/2024\/09\/cropped-1elementvape-3.png\",\"contentUrl\":\"https:\/\/www.elementvape.de\/wp-content\/uploads\/2024\/09\/cropped-1elementvape-3.png\",\"width\":285,\"height\":228,\"caption\":\"ElementVape.DE\"},\"image\":{\"@id\":\"https:\/\/www.elementvape.de\/#\/schema\/logo\/image\/\"}}]}<\/script>\n<!-- \/ Yoast SEO plugin. -->","yoast_head_json":{"title":"Fruchtige Fusion Die perfekte Mischung aus Strawberry Kiwi f\u00fcr ultimative Frische | ElementVape.de","description":"Wir bieten Fruchtige Fusion Die perfekte Mischung aus Strawberry Kiwi f\u00fcr ultimative Frische , Elementvape.de akzeptieren Gro\u00df-und Einzelhandel Bestellungen.","robots":{"index":"index","follow":"follow","max-snippet":"max-snippet:-1","max-image-preview":"max-image-preview:large","max-video-preview":"max-video-preview:-1"},"canonical":"https:\/\/www.elementvape.de\/et\/produkt\/fruchtige-fusion-die-perfekte-mischung-aus-strawberry-kiwi-fuer-ultimative-frische\/","og_locale":"et_EE","og_type":"article","og_title":"Fruchtige Fusion Die perfekte Mischung aus Strawberry Kiwi f\u00fcr ultimative Frische | ElementVape.de","og_description":"Wir bieten Fruchtige Fusion Die perfekte Mischung aus Strawberry Kiwi f\u00fcr ultimative Frische , Elementvape.de akzeptieren Gro\u00df-und Einzelhandel Bestellungen.","og_url":"https:\/\/www.elementvape.de\/et\/produkt\/fruchtige-fusion-die-perfekte-mischung-aus-strawberry-kiwi-fuer-ultimative-frische\/","og_site_name":"ElementVape.de","article_modified_time":"2024-12-12T06:34:04+00:00","og_image":[{"width":1920,"height":1536,"url":"https:\/\/www.elementvape.de\/wp-content\/uploads\/2024\/08\/Strawberry-Kiwi-1.jpg","type":"image\/jpeg"}],"twitter_card":"summary_large_image","twitter_misc":{"Est. reading time":"2 minutit"},"schema":{"@context":"https:\/\/schema.org","@graph":[{"@type":"WebPage","@id":"https:\/\/www.elementvape.de\/produkt\/fruchtige-fusion-die-perfekte-mischung-aus-strawberry-kiwi-fuer-ultimative-frische\/","url":"https:\/\/www.elementvape.de\/produkt\/fruchtige-fusion-die-perfekte-mischung-aus-strawberry-kiwi-fuer-ultimative-frische\/","name":"Fruchtige Fusion Die perfekte Mischung aus Strawberry Kiwi f\u00fcr ultimative Frische | ElementVape.de","isPartOf":{"@id":"https:\/\/www.elementvape.de\/#website"},"primaryImageOfPage":{"@id":"https:\/\/www.elementvape.de\/produkt\/fruchtige-fusion-die-perfekte-mischung-aus-strawberry-kiwi-fuer-ultimative-frische\/#primaryimage"},"image":{"@id":"https:\/\/www.elementvape.de\/produkt\/fruchtige-fusion-die-perfekte-mischung-aus-strawberry-kiwi-fuer-ultimative-frische\/#primaryimage"},"thumbnailUrl":"https:\/\/www.elementvape.de\/wp-content\/uploads\/2024\/08\/Strawberry-Kiwi-1.jpg","datePublished":"2024-08-22T07:44:09+00:00","dateModified":"2024-12-12T06:34:04+00:00","description":"Wir bieten Fruchtige Fusion Die perfekte Mischung aus Strawberry Kiwi f\u00fcr ultimative Frische , Elementvape.de akzeptieren Gro\u00df-und Einzelhandel Bestellungen.","breadcrumb":{"@id":"https:\/\/www.elementvape.de\/produkt\/fruchtige-fusion-die-perfekte-mischung-aus-strawberry-kiwi-fuer-ultimative-frische\/#breadcrumb"},"inLanguage":"et","potentialAction":[{"@type":"ReadAction","target":["https:\/\/www.elementvape.de\/produkt\/fruchtige-fusion-die-perfekte-mischung-aus-strawberry-kiwi-fuer-ultimative-frische\/"]}]},{"@type":"ImageObject","inLanguage":"et","@id":"https:\/\/www.elementvape.de\/produkt\/fruchtige-fusion-die-perfekte-mischung-aus-strawberry-kiwi-fuer-ultimative-frische\/#primaryimage","url":"https:\/\/www.elementvape.de\/wp-content\/uploads\/2024\/08\/Strawberry-Kiwi-1.jpg","contentUrl":"https:\/\/www.elementvape.de\/wp-content\/uploads\/2024\/08\/Strawberry-Kiwi-1.jpg","width":1920,"height":1536,"caption":"Strawberry Kiwi"},{"@type":"BreadcrumbList","@id":"https:\/\/www.elementvape.de\/produkt\/fruchtige-fusion-die-perfekte-mischung-aus-strawberry-kiwi-fuer-ultimative-frische\/#breadcrumb","itemListElement":[{"@type":"ListItem","position":1,"name":"Home","item":"https:\/\/www.elementvape.de\/"},{"@type":"ListItem","position":2,"name":"Shop","item":"https:\/\/www.elementvape.de\/shop\/"},{"@type":"ListItem","position":3,"name":"Fruchtige Fusion Die perfekte Mischung aus Strawberry Kiwi f\u00fcr ultimative Frische"}]},{"@type":"WebSite","@id":"https:\/\/www.elementvape.de\/#website","url":"https:\/\/www.elementvape.de\/","name":"ElementVape.de","description":"","publisher":{"@id":"https:\/\/www.elementvape.de\/#organization"},"potentialAction":[{"@type":"SearchAction","target":{"@type":"EntryPoint","urlTemplate":"https:\/\/www.elementvape.de\/?s={search_term_string}"},"query-input":"required name=search_term_string"}],"inLanguage":"et"},{"@type":"Organization","@id":"https:\/\/www.elementvape.de\/#organization","name":"ElementVape.DE","url":"https:\/\/www.elementvape.de\/","logo":{"@type":"ImageObject","inLanguage":"et","@id":"https:\/\/www.elementvape.de\/#\/schema\/logo\/image\/","url":"https:\/\/www.elementvape.de\/wp-content\/uploads\/2024\/09\/cropped-1elementvape-3.png","contentUrl":"https:\/\/www.elementvape.de\/wp-content\/uploads\/2024\/09\/cropped-1elementvape-3.png","width":285,"height":228,"caption":"ElementVape.DE"},"image":{"@id":"https:\/\/www.elementvape.de\/#\/schema\/logo\/image\/"}}]}},"_links":{"self":[{"href":"https:\/\/www.elementvape.de\/et\/wp-json\/wp\/v2\/product\/13945"}],"collection":[{"href":"https:\/\/www.elementvape.de\/et\/wp-json\/wp\/v2\/product"}],"about":[{"href":"https:\/\/www.elementvape.de\/et\/wp-json\/wp\/v2\/types\/product"}],"wp:featuredmedia":[{"embeddable":true,"href":"https:\/\/www.elementvape.de\/et\/wp-json\/wp\/v2\/media\/13946"}],"wp:attachment":[{"href":"https:\/\/www.elementvape.de\/et\/wp-json\/wp\/v2\/media?parent=13945"}],"wp:term":[{"taxonomy":"product_cat","embeddable":true,"href":"https:\/\/www.elementvape.de\/et\/wp-json\/wp\/v2\/product_cat?post=13945"},{"taxonomy":"product_tag","embeddable":true,"href":"https:\/\/www.elementvape.de\/et\/wp-json\/wp\/v2\/product_tag?post=13945"}],"curies":[{"name":"wp","href":"https:\/\/api.w.org\/{rel}","templated":true}]}}