{"id":13915,"date":"2024-08-21T09:11:30","date_gmt":"2024-08-21T09:11:30","guid":{"rendered":"https:\/\/www.elementvape.de\/?post_type=product&#038;p=13915"},"modified":"2024-12-12T06:34:12","modified_gmt":"2024-12-12T06:34:12","slug":"erfrischender-mango-ice-geschmack-12000-puffs-coole-led-lichter-hochwertige-e-zigarette","status":"publish","type":"product","link":"https:\/\/www.elementvape.de\/et\/produkt\/erfrischender-mango-ice-geschmack-12000-puffs-coole-led-lichter-hochwertige-e-zigarette\/","title":{"rendered":"V\u00e4rskendav Mango Ice maitse 12000 mahvi Lahedad LED-tuled Kvaliteetne e-sigaret"},"content":{"rendered":"<h3><strong>WASPE 12000 Puffs Mango Ice E-s\u00fc\u00fctaja: Troopiline nauding j\u00e4\u00e4k\u00fclgse v\u00e4rskusega<\/strong><\/h3>\n<p>WASPE 12000 Puffs Mango Ice <strong><a href=\"https:\/\/www.elementvape.de\/et\/\" target=\"_blank\" rel=\"noopener\">E-sigarett<\/a><\/strong> pakub suurep\u00e4rast aurustamiskogemust, mis \u00fchendab k\u00fcpse mangoga magusa, mahlase maitse ja v\u00e4rskendava mentooliefekti. See troopilise vilja ja jaheda v\u00e4rskuse harmooniline segu muudab iga t\u00f5mbamise v\u00e4rskendavaks ja ergutavaks naudinguks. Intensiivne mangomaitse t\u00e4iendub ideaalselt mentooli j\u00e4\u00e4k\u00fclgse v\u00e4rskusega, luues tasakaalustatud ja meeldiva aurustamiskogemuse, mis sobib ideaalselt kuumadele suvep\u00e4evadele.<\/p>\n<p>WASPE Mango Ice E-s\u00fc\u00fctaja pakub kuni 12 000 t\u00f5mmet ning on varustatud suure 20 ml e-vedeliku mahutavusega, mis tagab pikaajalise aurustamise ilma pideva t\u00e4itmiseta. V\u00f5imas 650 mAh aku tagab pikaajalise ja usaldusv\u00e4\u00e4rse kasutamise, samas kui Type-C \u00fchendus v\u00f5imaldab kiiret ja lihtsat laadimist. 0,8 \u03a9 Mesh-Coil tagab \u00fchtlase aurustumise, mis toob esile mango ice'i intensiivse maitse.<\/p>\n<p>WASPE Mango Ice E-s\u00fc\u00fctaja paistab silma oma RGB LED-valgustuse disainiga, mis pakub kaasaegset ja stiilset v\u00e4limust. LED-tuled mitte ainult ei lisa visuaalset aktsenti, vaid n\u00e4itavad ka t\u00f6\u00f6olekut ja aku taset. Kaaluga vaid 82 g ning kompaktsete m\u00f5\u00f5tmetega 35 x 36 x 133,5 mm istub see mugavalt k\u00e4es ning sobib ideaalselt igap\u00e4evaseks kasutamiseks ning kaasaskandmiseks. T\u00f5mbamisautomaatika v\u00f5imaldab lihtsat ja intuitiivset kasutamist \u2013 lihtsalt t\u00f5mba ja naudi.<\/p>\n<p>WASPE 12000 Puffs Mango Ice E-s\u00fc\u00fctaja \u00fchendab troopilise mango maitse ja jaheda mentooliv\u00e4rskuse, toetudes kaasaegsele tehnoloogiale ja stiilsele disainile. See e-s\u00fc\u00fctaja on ideaalne aurustajatele, kes otsivad eksootilist maitseelamust ning soovivad samal ajal nautida kvaliteetse ja v\u00f5imsa e-s\u00fc\u00fctaja eeliseid. Atraktiivse hulgi hinna t\u00f5ttu sobib see nii isiklikuks kasutamiseks kui ka m\u00fc\u00fcgiks.<\/p>","protected":false},"excerpt":{"rendered":"<p>WASPE 12000 Puffs Mango Ice E-Zigarette: Tropischer Genuss mit eisiger Frische Die WASPE 12000 Puffs Mango Ice E-Zigarette bietet ein exquisites Dampferlebnis, das die s\u00fc\u00dfe, saftige Note von reifer Mango mit einem erfrischenden Menthol-Effekt kombiniert. Diese harmonische Mischung aus tropischer Frucht und k\u00fchler Frische macht jeden Zug zu einem erfrischenden und belebenden Genuss. Das intensive [&hellip;]<\/p>","protected":false},"featured_media":13916,"template":"","meta":{"inline_featured_image":false},"product_cat":[15,78,735,746,741,733,744,755,738,751,732,722],"product_tag":[710,673],"tiered_pricing_type":"fixed","tiered_pricing_fixed_rules":{"110":"6.75","200":"6.00","500":"5.25"},"tiered_pricing_percentage_rules":[],"tiered_pricing_minimum":1,"_administrator_tiered_pricing_type":"fixed","_administrator_tiered_pricing_fixed_rules":[],"_editor_tiered_pricing_type":"fixed","_editor_tiered_pricing_fixed_rules":[],"_author_tiered_pricing_type":"fixed","_author_tiered_pricing_fixed_rules":[],"_contributor_tiered_pricing_type":"fixed","_contributor_tiered_pricing_fixed_rules":[],"_subscriber_tiered_pricing_type":"fixed","_subscriber_tiered_pricing_fixed_rules":[],"_customer_tiered_pricing_type":"fixed","_customer_tiered_pricing_fixed_rules":[],"_shop_manager_tiered_pricing_type":"fixed","_shop_manager_tiered_pricing_fixed_rules":[],"_wpseo_manager_tiered_pricing_type":"fixed","_wpseo_manager_tiered_pricing_fixed_rules":[],"_wpseo_editor_tiered_pricing_type":"fixed","_wpseo_editor_tiered_pricing_fixed_rules":[],"_wholesale_customer_tiered_pricing_type":"fixed","_wholesale_customer_tiered_pricing_fixed_rules":[],"_marketer_tiered_pricing_type":"fixed","_marketer_tiered_pricing_fixed_rules":[],"_sales_manager_tiered_pricing_type":"fixed","_sales_manager_tiered_pricing_fixed_rules":[],"_sales_rep_tiered_pricing_type":"fixed","_sales_rep_tiered_pricing_fixed_rules":[],"yoast_head":"<!-- This site is optimized with the Yoast SEO plugin v23.3 - https:\/\/yoast.com\/wordpress\/plugins\/seo\/ -->\n<title>Erfrischender Mango Ice Geschmack 12000 Puffs Coole LED-Lichter Hochwertige E-Zigarette | ElementVape.de<\/title>\n<meta name=\"description\" content=\"Wir bieten Erfrischender Mango Ice Geschmack 12000 Puffs Coole LED-Lichter Hochwertige E-Zigarette , Elementvape.de akzeptieren Gro\u00df-und Einzelhandel Bestellungen.\" \/>\n<meta name=\"robots\" content=\"index, follow, max-snippet:-1, max-image-preview:large, max-video-preview:-1\" \/>\n<link rel=\"canonical\" href=\"https:\/\/www.elementvape.de\/et\/produkt\/erfrischender-mango-ice-geschmack-12000-puffs-coole-led-lichter-hochwertige-e-zigarette\/\" \/>\n<meta property=\"og:locale\" content=\"et_EE\" \/>\n<meta property=\"og:type\" content=\"article\" \/>\n<meta property=\"og:title\" content=\"Erfrischender Mango Ice Geschmack 12000 Puffs Coole LED-Lichter Hochwertige E-Zigarette | ElementVape.de\" \/>\n<meta property=\"og:description\" content=\"Wir bieten Erfrischender Mango Ice Geschmack 12000 Puffs Coole LED-Lichter Hochwertige E-Zigarette , Elementvape.de akzeptieren Gro\u00df-und Einzelhandel Bestellungen.\" \/>\n<meta property=\"og:url\" content=\"https:\/\/www.elementvape.de\/et\/produkt\/erfrischender-mango-ice-geschmack-12000-puffs-coole-led-lichter-hochwertige-e-zigarette\/\" \/>\n<meta property=\"og:site_name\" content=\"ElementVape.de\" \/>\n<meta property=\"article:modified_time\" content=\"2024-12-12T06:34:12+00:00\" \/>\n<meta property=\"og:image\" content=\"https:\/\/www.elementvape.de\/wp-content\/uploads\/2024\/08\/Mango-Ice.jpg\" \/>\n\t<meta property=\"og:image:width\" content=\"2000\" \/>\n\t<meta property=\"og:image:height\" content=\"2000\" \/>\n\t<meta property=\"og:image:type\" content=\"image\/jpeg\" \/>\n<meta name=\"twitter:card\" content=\"summary_large_image\" \/>\n<meta name=\"twitter:label1\" content=\"Est. reading time\" \/>\n\t<meta name=\"twitter:data1\" content=\"2 minutit\" \/>\n<script type=\"application\/ld+json\" class=\"yoast-schema-graph\">{\"@context\":\"https:\/\/schema.org\",\"@graph\":[{\"@type\":\"WebPage\",\"@id\":\"https:\/\/www.elementvape.de\/en\/produkt\/erfrischender-mango-ice-geschmack-12000-puffs-coole-led-lichter-hochwertige-e-zigarette\/\",\"url\":\"https:\/\/www.elementvape.de\/en\/produkt\/erfrischender-mango-ice-geschmack-12000-puffs-coole-led-lichter-hochwertige-e-zigarette\/\",\"name\":\"Erfrischender Mango Ice Geschmack 12000 Puffs Coole LED-Lichter Hochwertige E-Zigarette | ElementVape.de\",\"isPartOf\":{\"@id\":\"https:\/\/www.elementvape.de\/#website\"},\"primaryImageOfPage\":{\"@id\":\"https:\/\/www.elementvape.de\/en\/produkt\/erfrischender-mango-ice-geschmack-12000-puffs-coole-led-lichter-hochwertige-e-zigarette\/#primaryimage\"},\"image\":{\"@id\":\"https:\/\/www.elementvape.de\/en\/produkt\/erfrischender-mango-ice-geschmack-12000-puffs-coole-led-lichter-hochwertige-e-zigarette\/#primaryimage\"},\"thumbnailUrl\":\"https:\/\/www.elementvape.de\/wp-content\/uploads\/2024\/08\/Mango-Ice.jpg\",\"datePublished\":\"2024-08-21T09:11:30+00:00\",\"dateModified\":\"2024-12-12T06:34:12+00:00\",\"description\":\"Wir bieten Erfrischender Mango Ice Geschmack 12000 Puffs Coole LED-Lichter Hochwertige E-Zigarette , Elementvape.de akzeptieren Gro\u00df-und Einzelhandel Bestellungen.\",\"breadcrumb\":{\"@id\":\"https:\/\/www.elementvape.de\/en\/produkt\/erfrischender-mango-ice-geschmack-12000-puffs-coole-led-lichter-hochwertige-e-zigarette\/#breadcrumb\"},\"inLanguage\":\"et\",\"potentialAction\":[{\"@type\":\"ReadAction\",\"target\":[\"https:\/\/www.elementvape.de\/en\/produkt\/erfrischender-mango-ice-geschmack-12000-puffs-coole-led-lichter-hochwertige-e-zigarette\/\"]}]},{\"@type\":\"ImageObject\",\"inLanguage\":\"et\",\"@id\":\"https:\/\/www.elementvape.de\/en\/produkt\/erfrischender-mango-ice-geschmack-12000-puffs-coole-led-lichter-hochwertige-e-zigarette\/#primaryimage\",\"url\":\"https:\/\/www.elementvape.de\/wp-content\/uploads\/2024\/08\/Mango-Ice.jpg\",\"contentUrl\":\"https:\/\/www.elementvape.de\/wp-content\/uploads\/2024\/08\/Mango-Ice.jpg\",\"width\":2000,\"height\":2000,\"caption\":\"Mango Ice\"},{\"@type\":\"BreadcrumbList\",\"@id\":\"https:\/\/www.elementvape.de\/en\/produkt\/erfrischender-mango-ice-geschmack-12000-puffs-coole-led-lichter-hochwertige-e-zigarette\/#breadcrumb\",\"itemListElement\":[{\"@type\":\"ListItem\",\"position\":1,\"name\":\"Home\",\"item\":\"https:\/\/www.elementvape.de\/\"},{\"@type\":\"ListItem\",\"position\":2,\"name\":\"Shop\",\"item\":\"https:\/\/www.elementvape.de\/shop\/\"},{\"@type\":\"ListItem\",\"position\":3,\"name\":\"Erfrischender Mango Ice Geschmack 12000 Puffs Coole LED-Lichter Hochwertige E-Zigarette\"}]},{\"@type\":\"WebSite\",\"@id\":\"https:\/\/www.elementvape.de\/#website\",\"url\":\"https:\/\/www.elementvape.de\/\",\"name\":\"ElementVape.de\",\"description\":\"\",\"publisher\":{\"@id\":\"https:\/\/www.elementvape.de\/#organization\"},\"potentialAction\":[{\"@type\":\"SearchAction\",\"target\":{\"@type\":\"EntryPoint\",\"urlTemplate\":\"https:\/\/www.elementvape.de\/?s={search_term_string}\"},\"query-input\":\"required name=search_term_string\"}],\"inLanguage\":\"et\"},{\"@type\":\"Organization\",\"@id\":\"https:\/\/www.elementvape.de\/#organization\",\"name\":\"ElementVape.DE\",\"url\":\"https:\/\/www.elementvape.de\/\",\"logo\":{\"@type\":\"ImageObject\",\"inLanguage\":\"et\",\"@id\":\"https:\/\/www.elementvape.de\/#\/schema\/logo\/image\/\",\"url\":\"https:\/\/www.elementvape.de\/wp-content\/uploads\/2024\/09\/cropped-1elementvape-3.png\",\"contentUrl\":\"https:\/\/www.elementvape.de\/wp-content\/uploads\/2024\/09\/cropped-1elementvape-3.png\",\"width\":285,\"height\":228,\"caption\":\"ElementVape.DE\"},\"image\":{\"@id\":\"https:\/\/www.elementvape.de\/#\/schema\/logo\/image\/\"}}]}<\/script>\n<!-- \/ Yoast SEO plugin. -->","yoast_head_json":{"title":"Erfrischender Mango Ice Geschmack 12000 Puffs Coole LED-Lichter Hochwertige E-Zigarette | ElementVape.de","description":"Wir bieten Erfrischender Mango Ice Geschmack 12000 Puffs Coole LED-Lichter Hochwertige E-Zigarette , Elementvape.de akzeptieren Gro\u00df-und Einzelhandel Bestellungen.","robots":{"index":"index","follow":"follow","max-snippet":"max-snippet:-1","max-image-preview":"max-image-preview:large","max-video-preview":"max-video-preview:-1"},"canonical":"https:\/\/www.elementvape.de\/et\/produkt\/erfrischender-mango-ice-geschmack-12000-puffs-coole-led-lichter-hochwertige-e-zigarette\/","og_locale":"et_EE","og_type":"article","og_title":"Erfrischender Mango Ice Geschmack 12000 Puffs Coole LED-Lichter Hochwertige E-Zigarette | ElementVape.de","og_description":"Wir bieten Erfrischender Mango Ice Geschmack 12000 Puffs Coole LED-Lichter Hochwertige E-Zigarette , Elementvape.de akzeptieren Gro\u00df-und Einzelhandel Bestellungen.","og_url":"https:\/\/www.elementvape.de\/et\/produkt\/erfrischender-mango-ice-geschmack-12000-puffs-coole-led-lichter-hochwertige-e-zigarette\/","og_site_name":"ElementVape.de","article_modified_time":"2024-12-12T06:34:12+00:00","og_image":[{"width":2000,"height":2000,"url":"https:\/\/www.elementvape.de\/wp-content\/uploads\/2024\/08\/Mango-Ice.jpg","type":"image\/jpeg"}],"twitter_card":"summary_large_image","twitter_misc":{"Est. reading time":"2 minutit"},"schema":{"@context":"https:\/\/schema.org","@graph":[{"@type":"WebPage","@id":"https:\/\/www.elementvape.de\/en\/produkt\/erfrischender-mango-ice-geschmack-12000-puffs-coole-led-lichter-hochwertige-e-zigarette\/","url":"https:\/\/www.elementvape.de\/en\/produkt\/erfrischender-mango-ice-geschmack-12000-puffs-coole-led-lichter-hochwertige-e-zigarette\/","name":"Erfrischender Mango Ice Geschmack 12000 Puffs Coole LED-Lichter Hochwertige E-Zigarette | ElementVape.de","isPartOf":{"@id":"https:\/\/www.elementvape.de\/#website"},"primaryImageOfPage":{"@id":"https:\/\/www.elementvape.de\/en\/produkt\/erfrischender-mango-ice-geschmack-12000-puffs-coole-led-lichter-hochwertige-e-zigarette\/#primaryimage"},"image":{"@id":"https:\/\/www.elementvape.de\/en\/produkt\/erfrischender-mango-ice-geschmack-12000-puffs-coole-led-lichter-hochwertige-e-zigarette\/#primaryimage"},"thumbnailUrl":"https:\/\/www.elementvape.de\/wp-content\/uploads\/2024\/08\/Mango-Ice.jpg","datePublished":"2024-08-21T09:11:30+00:00","dateModified":"2024-12-12T06:34:12+00:00","description":"Wir bieten Erfrischender Mango Ice Geschmack 12000 Puffs Coole LED-Lichter Hochwertige E-Zigarette , Elementvape.de akzeptieren Gro\u00df-und Einzelhandel Bestellungen.","breadcrumb":{"@id":"https:\/\/www.elementvape.de\/en\/produkt\/erfrischender-mango-ice-geschmack-12000-puffs-coole-led-lichter-hochwertige-e-zigarette\/#breadcrumb"},"inLanguage":"et","potentialAction":[{"@type":"ReadAction","target":["https:\/\/www.elementvape.de\/en\/produkt\/erfrischender-mango-ice-geschmack-12000-puffs-coole-led-lichter-hochwertige-e-zigarette\/"]}]},{"@type":"ImageObject","inLanguage":"et","@id":"https:\/\/www.elementvape.de\/en\/produkt\/erfrischender-mango-ice-geschmack-12000-puffs-coole-led-lichter-hochwertige-e-zigarette\/#primaryimage","url":"https:\/\/www.elementvape.de\/wp-content\/uploads\/2024\/08\/Mango-Ice.jpg","contentUrl":"https:\/\/www.elementvape.de\/wp-content\/uploads\/2024\/08\/Mango-Ice.jpg","width":2000,"height":2000,"caption":"Mango Ice"},{"@type":"BreadcrumbList","@id":"https:\/\/www.elementvape.de\/en\/produkt\/erfrischender-mango-ice-geschmack-12000-puffs-coole-led-lichter-hochwertige-e-zigarette\/#breadcrumb","itemListElement":[{"@type":"ListItem","position":1,"name":"Home","item":"https:\/\/www.elementvape.de\/"},{"@type":"ListItem","position":2,"name":"Shop","item":"https:\/\/www.elementvape.de\/shop\/"},{"@type":"ListItem","position":3,"name":"Erfrischender Mango Ice Geschmack 12000 Puffs Coole LED-Lichter Hochwertige E-Zigarette"}]},{"@type":"WebSite","@id":"https:\/\/www.elementvape.de\/#website","url":"https:\/\/www.elementvape.de\/","name":"ElementVape.de","description":"","publisher":{"@id":"https:\/\/www.elementvape.de\/#organization"},"potentialAction":[{"@type":"SearchAction","target":{"@type":"EntryPoint","urlTemplate":"https:\/\/www.elementvape.de\/?s={search_term_string}"},"query-input":"required name=search_term_string"}],"inLanguage":"et"},{"@type":"Organization","@id":"https:\/\/www.elementvape.de\/#organization","name":"ElementVape.DE","url":"https:\/\/www.elementvape.de\/","logo":{"@type":"ImageObject","inLanguage":"et","@id":"https:\/\/www.elementvape.de\/#\/schema\/logo\/image\/","url":"https:\/\/www.elementvape.de\/wp-content\/uploads\/2024\/09\/cropped-1elementvape-3.png","contentUrl":"https:\/\/www.elementvape.de\/wp-content\/uploads\/2024\/09\/cropped-1elementvape-3.png","width":285,"height":228,"caption":"ElementVape.DE"},"image":{"@id":"https:\/\/www.elementvape.de\/#\/schema\/logo\/image\/"}}]}},"_links":{"self":[{"href":"https:\/\/www.elementvape.de\/et\/wp-json\/wp\/v2\/product\/13915"}],"collection":[{"href":"https:\/\/www.elementvape.de\/et\/wp-json\/wp\/v2\/product"}],"about":[{"href":"https:\/\/www.elementvape.de\/et\/wp-json\/wp\/v2\/types\/product"}],"wp:featuredmedia":[{"embeddable":true,"href":"https:\/\/www.elementvape.de\/et\/wp-json\/wp\/v2\/media\/13916"}],"wp:attachment":[{"href":"https:\/\/www.elementvape.de\/et\/wp-json\/wp\/v2\/media?parent=13915"}],"wp:term":[{"taxonomy":"product_cat","embeddable":true,"href":"https:\/\/www.elementvape.de\/et\/wp-json\/wp\/v2\/product_cat?post=13915"},{"taxonomy":"product_tag","embeddable":true,"href":"https:\/\/www.elementvape.de\/et\/wp-json\/wp\/v2\/product_tag?post=13915"}],"curies":[{"name":"wp","href":"https:\/\/api.w.org\/{rel}","templated":true}]}}