{"id":13878,"date":"2024-08-20T06:10:36","date_gmt":"2024-08-20T06:10:36","guid":{"rendered":"https:\/\/www.elementvape.de\/?post_type=product&#038;p=13878"},"modified":"2024-12-12T06:34:28","modified_gmt":"2024-12-12T06:34:28","slug":"elf-shisha-16000-e-zigarette-der-fruchtig-kuehle-lush-ice-vape-fuer-heisse-tage-16000puffs","status":"publish","type":"product","link":"https:\/\/www.elementvape.de\/et\/produkt\/elf-shisha-16000-e-zigarette-der-fruchtig-kuehle-lush-ice-vape-fuer-heisse-tage-16000puffs\/","title":{"rendered":"ELF SHISHA 16000 E-suitsetamine V\u00e4rskendav ja jahutav Lush Ice Vape kuumadele p\u00e4evadele 16000PUFFS"},"content":{"rendered":"<div class=\"flex-shrink-0 flex flex-col relative items-end\">\n<div>\n<div class=\"pt-0\">\n<div class=\"gizmo-bot-avatar flex h-8 w-8 items-center justify-center overflow-hidden rounded-full\">\n<h2 class=\"relative p-1 rounded-sm flex items-center justify-center bg-token-main-surface-primary text-token-text-primary h-8 w-8\"><span style=\"font-size: 1.618em;\">Tootekirjeldus Lush Ice ELF SHISHA 16000 Puffs jaoks<\/span><\/h2>\n<\/div>\n<\/div>\n<\/div>\n<\/div>\n<div class=\"group\/conversation-turn relative flex w-full min-w-0 flex-col agent-turn\">\n<div class=\"flex-col gap-1 md:gap-3\">\n<div class=\"flex max-w-full flex-col flex-grow\">\n<div class=\"min-h-[20px] text-message flex w-full flex-col items-end gap-2 whitespace-pre-wrap break-words [.text-message+&amp;]:mt-5 overflow-x-auto\" dir=\"auto\" data-message-author-role=\"assistant\" data-message-id=\"f610233d-ff2a-454f-9ba7-132652bbca68\">\n<div class=\"flex w-full flex-col gap-1 empty:hidden first:pt-[3px]\">\n<div class=\"markdown prose w-full break-words dark:prose-invert light\">\n<p>Lush Ice ELF SHISHA 16000 pakub teile v\u00e4rskendavat ja puuviljase maitsetunde, mis sobib ideaalselt kuumade suvep\u00e4evade jaoks. See aroom \u00fchendab mahlase k\u00fcpse arbuusi magususe intensiivse j\u00e4\u00e4k\u00fclma maitsega, mis annab igale t\u00f5mbele elavdava v\u00e4rskuse. Lush Ice maitse on harmooniline segu puuviljase magususe ja jahutava v\u00e4rskuse vahel, mis hellitab teie meeli ning annab tunde, nagu naudiksite kuumal p\u00e4eval j\u00e4\u00e4k\u00fclma arbuusikokteili.<\/p>\n<p>Iga t\u00f5mbega Lush Ice <strong><a href=\"https:\/\/www.elementvape.de\/et\/c\/elf-shisha-16000\/\" target=\"_blank\" rel=\"noopener\">ELF SHISHA 16000<\/a><\/strong> kogege v\u00e4rskuse lainet, mis on ideaalne kuumal p\u00e4eval v\u00e4rskendamiseks v\u00f5i lihtsalt puuviljase ja jaheda naudinguna igal aastaajal. See maitsekombinatsioon sobib k\u00f5igile, kes armastavad puuviljaseid aroome ning hindavad samal ajal mentooli v\u00e4rskendavat efekti.<\/p>\n<h3>Kaasaegne tehnoloogia ja erakordne vastupidavus<\/h3>\n<p>Lush Ice ELF SHISHA 16000 ei ole mitte ainult maitsetaimede poolest tipptasemel valik, vaid v\u00f5lub ka oma arenenud tehnoloogiaga. Muljetavaldava 16 000 t\u00f5mbega mahutavusega on see seade loodud kestma ning pakkuma pidevalt intensiivset aurutamiskogemust. 0,6 Ohmi mesh-spule tagab \u00fchtlase auru tootmise, mis toob esile Lush Ice aroomi ning loob tihedad, sujuvad pilved.<\/p>\n<p>Integreeritud, taaskasutatav 18250\u2013600 mAh aku saab mugavalt laadida Type-C \u00fchenduse kaudu ning pakub usaldusv\u00e4\u00e4rset ja pikaajalist energial\u00e4hte. Praktiline LED-ekraan teavitab teid alati aku tasemest ning reguleeritav \u00f5huvool v\u00f5imaldab teil kohandada t\u00f5mbamise k\u00e4itumist vastavalt oma eelistustele. Need funktsioonid teevad Lush Ice ELF SHISHA 16000-st esmaklassilise seadme, mis on suunatud kvaliteedi ja kasutusmugavuse hindajatele.<\/p>\n<h3>T\u00e4iuslik kuumadele p\u00e4evadele: v\u00e4rskendav nauding ilma maksudeta<\/h3>\n<p>Lush Ice ELF SHISHA 16000-ga naudite mitte ainult esmaklassilist maitsetunnetust, vaid ka maksuvaba ostu eeliseid. See premium-toode pakub teile suurep\u00e4rast puuviljase ja jaheda naudingut atraktiivse hinnaga, kuna see on tollivaba. Eriti kuumadel p\u00e4evadel on Lush Ice v\u00e4rskendav m\u00f5ju just see, mida vajate meeldivaks jahutuseks.<\/p>\n<p>Pakend on l\u00e4bim\u00f5eldud ja praktiline, mis h\u00f5lbustab transporti ja ladustamist. 200 t\u00fckki karbis ning kogukaal 18,3 kg muudab k\u00e4sitsemise t\u00f5husaks ja lihtsaks. Kompaktne suurus 30 x 125,5 mm ning kaal vaid 85 g t\u00fcki kohta teeb Lush Ice ELF SHISHA 16000-st ideaalse kaaslase, et nautida igal ajal ja igal pool puuviljase ja jaheda v\u00e4rskenduse kogemust.<\/p>\n<p>Lush Ice ELF SHISHA 16000 on ideaalne tollivaba vape k\u00f5igile, kes otsivad kuumal p\u00e4eval v\u00e4rskendavat, puuviljaseid auru. T\u00e4nu kaasaegsele tehnoloogiale ja suurep\u00e4rasele vastupidavusele v\u00f5ite iga hetk ja iga kohaga oodata jahedat, maitsek\u00fcllast kogemust.<\/p>\n<\/div>\n<\/div>\n<\/div>\n<\/div>\n<\/div>\n<\/div>","protected":false},"excerpt":{"rendered":"<p>Produktbeschreibung f\u00fcr Lush Ice ELF SHISHA 16000 Puffs Die Lush Ice ELF SHISHA 16000 bietet Ihnen ein erfrischendes und fruchtiges Geschmackserlebnis, das sich perfekt f\u00fcr hei\u00dfe Sommertage eignet. Dieses Aroma kombiniert die saftige S\u00fc\u00dfe von reifen Wassermelonen mit einer intensiven Eisk\u00fchle, die jedem Zug eine belebende Frische verleiht. Der Geschmack von Lush Ice ist eine [&hellip;]<\/p>","protected":false},"featured_media":13879,"template":"","meta":{"inline_featured_image":false},"product_cat":[15,78,747,740,734,753,719,732],"product_tag":[710,720],"tiered_pricing_type":"fixed","tiered_pricing_fixed_rules":{"110":"8.47","200":"7.53","500":"6.59"},"tiered_pricing_percentage_rules":[],"tiered_pricing_minimum":1,"_administrator_tiered_pricing_type":"fixed","_administrator_tiered_pricing_fixed_rules":[],"_editor_tiered_pricing_type":"fixed","_editor_tiered_pricing_fixed_rules":[],"_author_tiered_pricing_type":"fixed","_author_tiered_pricing_fixed_rules":[],"_contributor_tiered_pricing_type":"fixed","_contributor_tiered_pricing_fixed_rules":[],"_subscriber_tiered_pricing_type":"fixed","_subscriber_tiered_pricing_fixed_rules":[],"_customer_tiered_pricing_type":"fixed","_customer_tiered_pricing_fixed_rules":[],"_shop_manager_tiered_pricing_type":"fixed","_shop_manager_tiered_pricing_fixed_rules":[],"_wpseo_manager_tiered_pricing_type":"fixed","_wpseo_manager_tiered_pricing_fixed_rules":[],"_wpseo_editor_tiered_pricing_type":"fixed","_wpseo_editor_tiered_pricing_fixed_rules":[],"_wholesale_customer_tiered_pricing_type":"fixed","_wholesale_customer_tiered_pricing_fixed_rules":[],"_marketer_tiered_pricing_type":"fixed","_marketer_tiered_pricing_fixed_rules":[],"_sales_manager_tiered_pricing_type":"fixed","_sales_manager_tiered_pricing_fixed_rules":[],"_sales_rep_tiered_pricing_type":"fixed","_sales_rep_tiered_pricing_fixed_rules":[],"yoast_head":"<!-- This site is optimized with the Yoast SEO plugin v23.3 - https:\/\/yoast.com\/wordpress\/plugins\/seo\/ -->\n<title>ELF SHISHA 16000 E-Zigarette Der fruchtig-k\u00fchle Lush Ice Vape f\u00fcr hei\u00dfe Tage 16000PUFFS | ElementVape.de<\/title>\n<meta name=\"description\" content=\"Wir bieten ELF SHISHA 16000 E-Zigarette Der fruchtig-k\u00fchle Lush Ice Vape f\u00fcr hei\u00dfe Tage 16000PUFFS , Elementvape.de akzeptieren Gro\u00df-und Einzelhandel Bestellungen.\" \/>\n<meta name=\"robots\" content=\"index, follow, max-snippet:-1, max-image-preview:large, max-video-preview:-1\" \/>\n<link rel=\"canonical\" href=\"https:\/\/www.elementvape.de\/et\/produkt\/elf-shisha-16000-e-zigarette-der-fruchtig-kuehle-lush-ice-vape-fuer-heisse-tage-16000puffs\/\" \/>\n<meta property=\"og:locale\" content=\"et_EE\" \/>\n<meta property=\"og:type\" content=\"article\" \/>\n<meta property=\"og:title\" content=\"ELF SHISHA 16000 E-Zigarette Der fruchtig-k\u00fchle Lush Ice Vape f\u00fcr hei\u00dfe Tage 16000PUFFS | ElementVape.de\" \/>\n<meta property=\"og:description\" content=\"Wir bieten ELF SHISHA 16000 E-Zigarette Der fruchtig-k\u00fchle Lush Ice Vape f\u00fcr hei\u00dfe Tage 16000PUFFS , Elementvape.de akzeptieren Gro\u00df-und Einzelhandel Bestellungen.\" \/>\n<meta property=\"og:url\" content=\"https:\/\/www.elementvape.de\/et\/produkt\/elf-shisha-16000-e-zigarette-der-fruchtig-kuehle-lush-ice-vape-fuer-heisse-tage-16000puffs\/\" \/>\n<meta property=\"og:site_name\" content=\"ElementVape.de\" \/>\n<meta property=\"article:modified_time\" content=\"2024-12-12T06:34:28+00:00\" \/>\n<meta property=\"og:image\" content=\"https:\/\/www.elementvape.de\/wp-content\/uploads\/2024\/08\/\u897f\u74dc\u51b02220000.png\" \/>\n\t<meta property=\"og:image:width\" content=\"1000\" \/>\n\t<meta property=\"og:image:height\" content=\"1000\" \/>\n\t<meta property=\"og:image:type\" content=\"image\/png\" \/>\n<meta name=\"twitter:card\" content=\"summary_large_image\" \/>\n<meta name=\"twitter:label1\" content=\"Est. reading time\" \/>\n\t<meta name=\"twitter:data1\" content=\"3 minutit\" \/>\n<script type=\"application\/ld+json\" class=\"yoast-schema-graph\">{\"@context\":\"https:\/\/schema.org\",\"@graph\":[{\"@type\":\"WebPage\",\"@id\":\"https:\/\/www.elementvape.de\/produkt\/elf-shisha-16000-e-zigarette-der-fruchtig-kuehle-lush-ice-vape-fuer-heisse-tage-16000puffs\/\",\"url\":\"https:\/\/www.elementvape.de\/produkt\/elf-shisha-16000-e-zigarette-der-fruchtig-kuehle-lush-ice-vape-fuer-heisse-tage-16000puffs\/\",\"name\":\"ELF SHISHA 16000 E-Zigarette Der fruchtig-k\u00fchle Lush Ice Vape f\u00fcr hei\u00dfe Tage 16000PUFFS | ElementVape.de\",\"isPartOf\":{\"@id\":\"https:\/\/www.elementvape.de\/#website\"},\"primaryImageOfPage\":{\"@id\":\"https:\/\/www.elementvape.de\/produkt\/elf-shisha-16000-e-zigarette-der-fruchtig-kuehle-lush-ice-vape-fuer-heisse-tage-16000puffs\/#primaryimage\"},\"image\":{\"@id\":\"https:\/\/www.elementvape.de\/produkt\/elf-shisha-16000-e-zigarette-der-fruchtig-kuehle-lush-ice-vape-fuer-heisse-tage-16000puffs\/#primaryimage\"},\"thumbnailUrl\":\"https:\/\/www.elementvape.de\/wp-content\/uploads\/2024\/08\/\u897f\u74dc\u51b02220000.png\",\"datePublished\":\"2024-08-20T06:10:36+00:00\",\"dateModified\":\"2024-12-12T06:34:28+00:00\",\"description\":\"Wir bieten ELF SHISHA 16000 E-Zigarette Der fruchtig-k\u00fchle Lush Ice Vape f\u00fcr hei\u00dfe Tage 16000PUFFS , Elementvape.de akzeptieren Gro\u00df-und Einzelhandel Bestellungen.\",\"breadcrumb\":{\"@id\":\"https:\/\/www.elementvape.de\/produkt\/elf-shisha-16000-e-zigarette-der-fruchtig-kuehle-lush-ice-vape-fuer-heisse-tage-16000puffs\/#breadcrumb\"},\"inLanguage\":\"et\",\"potentialAction\":[{\"@type\":\"ReadAction\",\"target\":[\"https:\/\/www.elementvape.de\/produkt\/elf-shisha-16000-e-zigarette-der-fruchtig-kuehle-lush-ice-vape-fuer-heisse-tage-16000puffs\/\"]}]},{\"@type\":\"ImageObject\",\"inLanguage\":\"et\",\"@id\":\"https:\/\/www.elementvape.de\/produkt\/elf-shisha-16000-e-zigarette-der-fruchtig-kuehle-lush-ice-vape-fuer-heisse-tage-16000puffs\/#primaryimage\",\"url\":\"https:\/\/www.elementvape.de\/wp-content\/uploads\/2024\/08\/\u897f\u74dc\u51b02220000.png\",\"contentUrl\":\"https:\/\/www.elementvape.de\/wp-content\/uploads\/2024\/08\/\u897f\u74dc\u51b02220000.png\",\"width\":1000,\"height\":1000,\"caption\":\"Lush ice\"},{\"@type\":\"BreadcrumbList\",\"@id\":\"https:\/\/www.elementvape.de\/produkt\/elf-shisha-16000-e-zigarette-der-fruchtig-kuehle-lush-ice-vape-fuer-heisse-tage-16000puffs\/#breadcrumb\",\"itemListElement\":[{\"@type\":\"ListItem\",\"position\":1,\"name\":\"Home\",\"item\":\"https:\/\/www.elementvape.de\/\"},{\"@type\":\"ListItem\",\"position\":2,\"name\":\"Shop\",\"item\":\"https:\/\/www.elementvape.de\/shop\/\"},{\"@type\":\"ListItem\",\"position\":3,\"name\":\"ELF SHISHA 16000 E-Zigarette Der fruchtig-k\u00fchle Lush Ice Vape f\u00fcr hei\u00dfe Tage 16000PUFFS\"}]},{\"@type\":\"WebSite\",\"@id\":\"https:\/\/www.elementvape.de\/#website\",\"url\":\"https:\/\/www.elementvape.de\/\",\"name\":\"ElementVape.de\",\"description\":\"\",\"publisher\":{\"@id\":\"https:\/\/www.elementvape.de\/#organization\"},\"potentialAction\":[{\"@type\":\"SearchAction\",\"target\":{\"@type\":\"EntryPoint\",\"urlTemplate\":\"https:\/\/www.elementvape.de\/?s={search_term_string}\"},\"query-input\":\"required name=search_term_string\"}],\"inLanguage\":\"et\"},{\"@type\":\"Organization\",\"@id\":\"https:\/\/www.elementvape.de\/#organization\",\"name\":\"ElementVape.DE\",\"url\":\"https:\/\/www.elementvape.de\/\",\"logo\":{\"@type\":\"ImageObject\",\"inLanguage\":\"et\",\"@id\":\"https:\/\/www.elementvape.de\/#\/schema\/logo\/image\/\",\"url\":\"https:\/\/www.elementvape.de\/wp-content\/uploads\/2024\/09\/cropped-1elementvape-3.png\",\"contentUrl\":\"https:\/\/www.elementvape.de\/wp-content\/uploads\/2024\/09\/cropped-1elementvape-3.png\",\"width\":285,\"height\":228,\"caption\":\"ElementVape.DE\"},\"image\":{\"@id\":\"https:\/\/www.elementvape.de\/#\/schema\/logo\/image\/\"}}]}<\/script>\n<!-- \/ Yoast SEO plugin. -->","yoast_head_json":{"title":"ELF SHISHA 16000 E-Zigarette Der fruchtig-k\u00fchle Lush Ice Vape f\u00fcr hei\u00dfe Tage 16000PUFFS | ElementVape.de","description":"Wir bieten ELF SHISHA 16000 E-Zigarette Der fruchtig-k\u00fchle Lush Ice Vape f\u00fcr hei\u00dfe Tage 16000PUFFS , Elementvape.de akzeptieren Gro\u00df-und Einzelhandel Bestellungen.","robots":{"index":"index","follow":"follow","max-snippet":"max-snippet:-1","max-image-preview":"max-image-preview:large","max-video-preview":"max-video-preview:-1"},"canonical":"https:\/\/www.elementvape.de\/et\/produkt\/elf-shisha-16000-e-zigarette-der-fruchtig-kuehle-lush-ice-vape-fuer-heisse-tage-16000puffs\/","og_locale":"et_EE","og_type":"article","og_title":"ELF SHISHA 16000 E-Zigarette Der fruchtig-k\u00fchle Lush Ice Vape f\u00fcr hei\u00dfe Tage 16000PUFFS | ElementVape.de","og_description":"Wir bieten ELF SHISHA 16000 E-Zigarette Der fruchtig-k\u00fchle Lush Ice Vape f\u00fcr hei\u00dfe Tage 16000PUFFS , Elementvape.de akzeptieren Gro\u00df-und Einzelhandel Bestellungen.","og_url":"https:\/\/www.elementvape.de\/et\/produkt\/elf-shisha-16000-e-zigarette-der-fruchtig-kuehle-lush-ice-vape-fuer-heisse-tage-16000puffs\/","og_site_name":"ElementVape.de","article_modified_time":"2024-12-12T06:34:28+00:00","og_image":[{"width":1000,"height":1000,"url":"https:\/\/www.elementvape.de\/wp-content\/uploads\/2024\/08\/\u897f\u74dc\u51b02220000.png","type":"image\/png"}],"twitter_card":"summary_large_image","twitter_misc":{"Est. reading time":"3 minutit"},"schema":{"@context":"https:\/\/schema.org","@graph":[{"@type":"WebPage","@id":"https:\/\/www.elementvape.de\/produkt\/elf-shisha-16000-e-zigarette-der-fruchtig-kuehle-lush-ice-vape-fuer-heisse-tage-16000puffs\/","url":"https:\/\/www.elementvape.de\/produkt\/elf-shisha-16000-e-zigarette-der-fruchtig-kuehle-lush-ice-vape-fuer-heisse-tage-16000puffs\/","name":"ELF SHISHA 16000 E-Zigarette Der fruchtig-k\u00fchle Lush Ice Vape f\u00fcr hei\u00dfe Tage 16000PUFFS | ElementVape.de","isPartOf":{"@id":"https:\/\/www.elementvape.de\/#website"},"primaryImageOfPage":{"@id":"https:\/\/www.elementvape.de\/produkt\/elf-shisha-16000-e-zigarette-der-fruchtig-kuehle-lush-ice-vape-fuer-heisse-tage-16000puffs\/#primaryimage"},"image":{"@id":"https:\/\/www.elementvape.de\/produkt\/elf-shisha-16000-e-zigarette-der-fruchtig-kuehle-lush-ice-vape-fuer-heisse-tage-16000puffs\/#primaryimage"},"thumbnailUrl":"https:\/\/www.elementvape.de\/wp-content\/uploads\/2024\/08\/\u897f\u74dc\u51b02220000.png","datePublished":"2024-08-20T06:10:36+00:00","dateModified":"2024-12-12T06:34:28+00:00","description":"Wir bieten ELF SHISHA 16000 E-Zigarette Der fruchtig-k\u00fchle Lush Ice Vape f\u00fcr hei\u00dfe Tage 16000PUFFS , Elementvape.de akzeptieren Gro\u00df-und Einzelhandel Bestellungen.","breadcrumb":{"@id":"https:\/\/www.elementvape.de\/produkt\/elf-shisha-16000-e-zigarette-der-fruchtig-kuehle-lush-ice-vape-fuer-heisse-tage-16000puffs\/#breadcrumb"},"inLanguage":"et","potentialAction":[{"@type":"ReadAction","target":["https:\/\/www.elementvape.de\/produkt\/elf-shisha-16000-e-zigarette-der-fruchtig-kuehle-lush-ice-vape-fuer-heisse-tage-16000puffs\/"]}]},{"@type":"ImageObject","inLanguage":"et","@id":"https:\/\/www.elementvape.de\/produkt\/elf-shisha-16000-e-zigarette-der-fruchtig-kuehle-lush-ice-vape-fuer-heisse-tage-16000puffs\/#primaryimage","url":"https:\/\/www.elementvape.de\/wp-content\/uploads\/2024\/08\/\u897f\u74dc\u51b02220000.png","contentUrl":"https:\/\/www.elementvape.de\/wp-content\/uploads\/2024\/08\/\u897f\u74dc\u51b02220000.png","width":1000,"height":1000,"caption":"Lush ice"},{"@type":"BreadcrumbList","@id":"https:\/\/www.elementvape.de\/produkt\/elf-shisha-16000-e-zigarette-der-fruchtig-kuehle-lush-ice-vape-fuer-heisse-tage-16000puffs\/#breadcrumb","itemListElement":[{"@type":"ListItem","position":1,"name":"Home","item":"https:\/\/www.elementvape.de\/"},{"@type":"ListItem","position":2,"name":"Shop","item":"https:\/\/www.elementvape.de\/shop\/"},{"@type":"ListItem","position":3,"name":"ELF SHISHA 16000 E-Zigarette Der fruchtig-k\u00fchle Lush Ice Vape f\u00fcr hei\u00dfe Tage 16000PUFFS"}]},{"@type":"WebSite","@id":"https:\/\/www.elementvape.de\/#website","url":"https:\/\/www.elementvape.de\/","name":"ElementVape.de","description":"","publisher":{"@id":"https:\/\/www.elementvape.de\/#organization"},"potentialAction":[{"@type":"SearchAction","target":{"@type":"EntryPoint","urlTemplate":"https:\/\/www.elementvape.de\/?s={search_term_string}"},"query-input":"required name=search_term_string"}],"inLanguage":"et"},{"@type":"Organization","@id":"https:\/\/www.elementvape.de\/#organization","name":"ElementVape.DE","url":"https:\/\/www.elementvape.de\/","logo":{"@type":"ImageObject","inLanguage":"et","@id":"https:\/\/www.elementvape.de\/#\/schema\/logo\/image\/","url":"https:\/\/www.elementvape.de\/wp-content\/uploads\/2024\/09\/cropped-1elementvape-3.png","contentUrl":"https:\/\/www.elementvape.de\/wp-content\/uploads\/2024\/09\/cropped-1elementvape-3.png","width":285,"height":228,"caption":"ElementVape.DE"},"image":{"@id":"https:\/\/www.elementvape.de\/#\/schema\/logo\/image\/"}}]}},"_links":{"self":[{"href":"https:\/\/www.elementvape.de\/et\/wp-json\/wp\/v2\/product\/13878"}],"collection":[{"href":"https:\/\/www.elementvape.de\/et\/wp-json\/wp\/v2\/product"}],"about":[{"href":"https:\/\/www.elementvape.de\/et\/wp-json\/wp\/v2\/types\/product"}],"wp:featuredmedia":[{"embeddable":true,"href":"https:\/\/www.elementvape.de\/et\/wp-json\/wp\/v2\/media\/13879"}],"wp:attachment":[{"href":"https:\/\/www.elementvape.de\/et\/wp-json\/wp\/v2\/media?parent=13878"}],"wp:term":[{"taxonomy":"product_cat","embeddable":true,"href":"https:\/\/www.elementvape.de\/et\/wp-json\/wp\/v2\/product_cat?post=13878"},{"taxonomy":"product_tag","embeddable":true,"href":"https:\/\/www.elementvape.de\/et\/wp-json\/wp\/v2\/product_tag?post=13878"}],"curies":[{"name":"wp","href":"https:\/\/api.w.org\/{rel}","templated":true}]}}