{"id":13840,"date":"2024-08-19T02:37:09","date_gmt":"2024-08-19T02:37:09","guid":{"rendered":"https:\/\/www.elementvape.de\/?post_type=product&#038;p=13840"},"modified":"2024-12-12T06:34:44","modified_gmt":"2024-12-12T06:34:44","slug":"cherry-soda-elf-box-rgb14000-erfrischender-kirschgenuss-mit-stylischem-rgb-design-14000-puffs-vape","status":"publish","type":"product","link":"https:\/\/www.elementvape.de\/et\/produkt\/cherry-soda-elf-box-rgb14000-erfrischender-kirschgenuss-mit-stylischem-rgb-design-14000-puffs-vape\/","title":{"rendered":"Cherry Soda ELF BOX RGB14000 V\u00e4rskendav kirsinauding stiilse RGB-disainiga 14000 PUFFS VAPE"},"content":{"rendered":"<h2>V\u00e4rskendav kirschi nauding kohtab kaasaegset disaini<\/h2>\n<p>Kogege Cherry Soda ELF BOX RGB14000 v\u00e4rskendavat kirschi limonaadi maitset, mis on pakitud kaasaegsesse ja stiilsesse disaini. See elektrooniline sigaret toob teie igap\u00e4evaellu kirsi intensiivse, puuviljase maitse ning pakub iga t\u00f5mbega v\u00fcrtsikat elamust, mis meenutab kuuma suvep\u00e4eva, mil jahutav klaas kirsi-sodaga teid v\u00e4rskendab.<\/p>\n<p>Kuni 14 000 t\u00f5mmet mahutava ja arenenud v\u00f5rgut\u00f5rje 1,0 oomi mesh-k\u00fcttekeha abil tagab see seade \u00fchtlase auru tootmise ning aitab maitset igas pilves maksimaalselt esile t\u00f5sta. Suur 25 ml e-vedeliku paak on saadaval erinevates N-tugevustes (2% ja 5%), v\u00f5imaldades valida sobiva intensiivsuse.<\/p>\n<h3>V\u00f5imas ja praktiline igap\u00e4evaseks kasutamiseks<\/h3>\n<p>Cherry Soda ELF BOX RGB14000 muljetab mitte ainult maitseelamuse, vaid ka v\u00f5imsa ja kasutajas\u00f5braliku tehnoloogia poolest. Integreeritud 18250 aku 600 mAh mahutavusega pakub pikaajalist kasutust, v\u00f5imaldades teil v\u00e4rskendavat kirsi maitset katkestusteta nautida. Kui aku on t\u00fchi, saab seda mugavalt Type-C \u00fchenduse kaudu uuesti laadida, et olla kiiresti valmis j\u00e4rgmise t\u00f5mbega.<\/p>\n<p>Hoolimata kompaktsetest m\u00f5\u00f5tmetest 35 mm x 36 mm x 133,5 mm ja kaalust vaid 100 g pakub Cherry Soda ELF BOX muljetavaldavat j\u00f5udlust. Seade on mitte ainult kerge ja lihtne kaasas kanda, vaid ka silmapaistev RGB-LED-valgus, mis muudab iga t\u00f5mbe visuaalseks elamuseks. Lisaks on sellel <strong><a href=\"https:\/\/www.elementvape.de\/et\/c\/einweg-zigarette\/\" target=\"_blank\" rel=\"noopener\">E-sigarett<\/a><\/strong> praktiline riputusn\u00f6\u00f6r, mis v\u00f5imaldab seda mugavalt kaasas kanda.<\/p>\n<h3>Stiilne aurustamine v\u00e4rvikireva festivalitelt disainiga<\/h3>\n<p>V\u00e4rvikirev festivalitelt disain Cherry Soda ELF BOX RGB14000 muudab selle t\u00f5eliseks pilgup\u00fc\u00fcdjaks. Erksad RGB-tuled ja stiilne disain tagavad, et teie aurustamiskogemus on mitte ainult maitseelamus, vaid ka visuaalne nauding. T\u00e4iuslik k\u00f5igile, kes soovivad \u00fchendada v\u00e4rvilise kirsi maitse kaasaegse tehnoloogia ja stiiliga. See elektrooniline sigaret pakub mitte ainult intensiivset maitset, vaid ka visuaalset elamust, mida saate nautida igal pool ja igal ajal.<\/p>\n<p>L\u00f5\u00f5gastuge kirsi limonaadi v\u00e4rskendava naudinguga, \u00fchendades selle k\u00f5ige kaasaegsema tehnoloogiaga \u2013 ideaalne kombinatsioon stiilselt aurustamiseks!<\/p>","protected":false},"excerpt":{"rendered":"<p>Erfrischender Kirschgenuss trifft modernes Design Erleben Sie mit der Cherry Soda ELF BOX RGB14000 den spritzigen Geschmack von erfrischender Kirschlimonade, verpackt in einem modernen und stilvollen Design. Diese E-Zigarette bringt den intensiven, fruchtigen Geschmack von Kirsche direkt in Ihren Alltag und liefert mit jedem Zug ein prickelndes Erlebnis, das an einen hei\u00dfen Sommertag erinnert, an [&hellip;]<\/p>","protected":false},"featured_media":13841,"template":"","meta":{"inline_featured_image":false},"product_cat":[15,78,747,740,734,753,718,732],"product_tag":[710,674],"tiered_pricing_type":"fixed","tiered_pricing_fixed_rules":{"110":"7.54","200":"6.68","500":"5.85"},"tiered_pricing_percentage_rules":[],"tiered_pricing_minimum":1,"_administrator_tiered_pricing_type":"fixed","_administrator_tiered_pricing_fixed_rules":[],"_editor_tiered_pricing_type":"fixed","_editor_tiered_pricing_fixed_rules":[],"_author_tiered_pricing_type":"fixed","_author_tiered_pricing_fixed_rules":[],"_contributor_tiered_pricing_type":"fixed","_contributor_tiered_pricing_fixed_rules":[],"_subscriber_tiered_pricing_type":"fixed","_subscriber_tiered_pricing_fixed_rules":[],"_customer_tiered_pricing_type":"fixed","_customer_tiered_pricing_fixed_rules":[],"_shop_manager_tiered_pricing_type":"fixed","_shop_manager_tiered_pricing_fixed_rules":[],"_wpseo_manager_tiered_pricing_type":"fixed","_wpseo_manager_tiered_pricing_fixed_rules":[],"_wpseo_editor_tiered_pricing_type":"fixed","_wpseo_editor_tiered_pricing_fixed_rules":[],"_wholesale_customer_tiered_pricing_type":"fixed","_wholesale_customer_tiered_pricing_fixed_rules":[],"_marketer_tiered_pricing_type":"fixed","_marketer_tiered_pricing_fixed_rules":[],"_sales_manager_tiered_pricing_type":"fixed","_sales_manager_tiered_pricing_fixed_rules":[],"_sales_rep_tiered_pricing_type":"fixed","_sales_rep_tiered_pricing_fixed_rules":[],"yoast_head":"<!-- This site is optimized with the Yoast SEO plugin v23.3 - https:\/\/yoast.com\/wordpress\/plugins\/seo\/ -->\n<title>Cherry Soda ELF BOX RGB14000 Erfrischender Kirschgenuss mit stylischem RGB-Design 14000 PUFFS VAPE | ElementVape.de<\/title>\n<meta name=\"description\" content=\"Wir bieten Cherry Soda ELF BOX RGB14000 Erfrischender Kirschgenuss mit stylischem RGB-Design 14000 PUFFS VAPE , Elementvape.de akzeptieren Gro\u00df-und Einzelhandel Bestellungen.\" \/>\n<meta name=\"robots\" content=\"index, follow, max-snippet:-1, max-image-preview:large, max-video-preview:-1\" \/>\n<link rel=\"canonical\" href=\"https:\/\/www.elementvape.de\/et\/produkt\/cherry-soda-elf-box-rgb14000-erfrischender-kirschgenuss-mit-stylischem-rgb-design-14000-puffs-vape\/\" \/>\n<meta property=\"og:locale\" content=\"et_EE\" \/>\n<meta property=\"og:type\" content=\"article\" \/>\n<meta property=\"og:title\" content=\"Cherry Soda ELF BOX RGB14000 Erfrischender Kirschgenuss mit stylischem RGB-Design 14000 PUFFS VAPE | ElementVape.de\" \/>\n<meta property=\"og:description\" content=\"Wir bieten Cherry Soda ELF BOX RGB14000 Erfrischender Kirschgenuss mit stylischem RGB-Design 14000 PUFFS VAPE , Elementvape.de akzeptieren Gro\u00df-und Einzelhandel Bestellungen.\" \/>\n<meta property=\"og:url\" content=\"https:\/\/www.elementvape.de\/et\/produkt\/cherry-soda-elf-box-rgb14000-erfrischender-kirschgenuss-mit-stylischem-rgb-design-14000-puffs-vape\/\" \/>\n<meta property=\"og:site_name\" content=\"ElementVape.de\" \/>\n<meta property=\"article:modified_time\" content=\"2024-12-12T06:34:44+00:00\" \/>\n<meta property=\"og:image\" content=\"https:\/\/www.elementvape.de\/wp-content\/uploads\/2024\/08\/Cherry-Soda_.png\" \/>\n\t<meta property=\"og:image:width\" content=\"1000\" \/>\n\t<meta property=\"og:image:height\" content=\"1000\" \/>\n\t<meta property=\"og:image:type\" content=\"image\/png\" \/>\n<meta name=\"twitter:card\" content=\"summary_large_image\" \/>\n<meta name=\"twitter:label1\" content=\"Est. reading time\" \/>\n\t<meta name=\"twitter:data1\" content=\"3 minutit\" \/>\n<script type=\"application\/ld+json\" class=\"yoast-schema-graph\">{\"@context\":\"https:\/\/schema.org\",\"@graph\":[{\"@type\":\"WebPage\",\"@id\":\"https:\/\/www.elementvape.de\/sv\/produkt\/cherry-soda-elf-box-rgb14000-erfrischender-kirschgenuss-mit-stylischem-rgb-design-14000-puffs-vape\/\",\"url\":\"https:\/\/www.elementvape.de\/sv\/produkt\/cherry-soda-elf-box-rgb14000-erfrischender-kirschgenuss-mit-stylischem-rgb-design-14000-puffs-vape\/\",\"name\":\"Cherry Soda ELF BOX RGB14000 Erfrischender Kirschgenuss mit stylischem RGB-Design 14000 PUFFS VAPE | ElementVape.de\",\"isPartOf\":{\"@id\":\"https:\/\/www.elementvape.de\/#website\"},\"primaryImageOfPage\":{\"@id\":\"https:\/\/www.elementvape.de\/sv\/produkt\/cherry-soda-elf-box-rgb14000-erfrischender-kirschgenuss-mit-stylischem-rgb-design-14000-puffs-vape\/#primaryimage\"},\"image\":{\"@id\":\"https:\/\/www.elementvape.de\/sv\/produkt\/cherry-soda-elf-box-rgb14000-erfrischender-kirschgenuss-mit-stylischem-rgb-design-14000-puffs-vape\/#primaryimage\"},\"thumbnailUrl\":\"https:\/\/www.elementvape.de\/wp-content\/uploads\/2024\/08\/Cherry-Soda_.png\",\"datePublished\":\"2024-08-19T02:37:09+00:00\",\"dateModified\":\"2024-12-12T06:34:44+00:00\",\"description\":\"Wir bieten Cherry Soda ELF BOX RGB14000 Erfrischender Kirschgenuss mit stylischem RGB-Design 14000 PUFFS VAPE , Elementvape.de akzeptieren Gro\u00df-und Einzelhandel Bestellungen.\",\"breadcrumb\":{\"@id\":\"https:\/\/www.elementvape.de\/sv\/produkt\/cherry-soda-elf-box-rgb14000-erfrischender-kirschgenuss-mit-stylischem-rgb-design-14000-puffs-vape\/#breadcrumb\"},\"inLanguage\":\"et\",\"potentialAction\":[{\"@type\":\"ReadAction\",\"target\":[\"https:\/\/www.elementvape.de\/sv\/produkt\/cherry-soda-elf-box-rgb14000-erfrischender-kirschgenuss-mit-stylischem-rgb-design-14000-puffs-vape\/\"]}]},{\"@type\":\"ImageObject\",\"inLanguage\":\"et\",\"@id\":\"https:\/\/www.elementvape.de\/sv\/produkt\/cherry-soda-elf-box-rgb14000-erfrischender-kirschgenuss-mit-stylischem-rgb-design-14000-puffs-vape\/#primaryimage\",\"url\":\"https:\/\/www.elementvape.de\/wp-content\/uploads\/2024\/08\/Cherry-Soda_.png\",\"contentUrl\":\"https:\/\/www.elementvape.de\/wp-content\/uploads\/2024\/08\/Cherry-Soda_.png\",\"width\":1000,\"height\":1000,\"caption\":\"Cherry Soda\"},{\"@type\":\"BreadcrumbList\",\"@id\":\"https:\/\/www.elementvape.de\/sv\/produkt\/cherry-soda-elf-box-rgb14000-erfrischender-kirschgenuss-mit-stylischem-rgb-design-14000-puffs-vape\/#breadcrumb\",\"itemListElement\":[{\"@type\":\"ListItem\",\"position\":1,\"name\":\"Home\",\"item\":\"https:\/\/www.elementvape.de\/\"},{\"@type\":\"ListItem\",\"position\":2,\"name\":\"Shop\",\"item\":\"https:\/\/www.elementvape.de\/shop\/\"},{\"@type\":\"ListItem\",\"position\":3,\"name\":\"Cherry Soda ELF BOX RGB14000 Erfrischender Kirschgenuss mit stylischem RGB-Design 14000 PUFFS VAPE\"}]},{\"@type\":\"WebSite\",\"@id\":\"https:\/\/www.elementvape.de\/#website\",\"url\":\"https:\/\/www.elementvape.de\/\",\"name\":\"ElementVape.de\",\"description\":\"\",\"publisher\":{\"@id\":\"https:\/\/www.elementvape.de\/#organization\"},\"potentialAction\":[{\"@type\":\"SearchAction\",\"target\":{\"@type\":\"EntryPoint\",\"urlTemplate\":\"https:\/\/www.elementvape.de\/?s={search_term_string}\"},\"query-input\":\"required name=search_term_string\"}],\"inLanguage\":\"et\"},{\"@type\":\"Organization\",\"@id\":\"https:\/\/www.elementvape.de\/#organization\",\"name\":\"ElementVape.DE\",\"url\":\"https:\/\/www.elementvape.de\/\",\"logo\":{\"@type\":\"ImageObject\",\"inLanguage\":\"et\",\"@id\":\"https:\/\/www.elementvape.de\/#\/schema\/logo\/image\/\",\"url\":\"https:\/\/www.elementvape.de\/wp-content\/uploads\/2024\/09\/cropped-1elementvape-3.png\",\"contentUrl\":\"https:\/\/www.elementvape.de\/wp-content\/uploads\/2024\/09\/cropped-1elementvape-3.png\",\"width\":285,\"height\":228,\"caption\":\"ElementVape.DE\"},\"image\":{\"@id\":\"https:\/\/www.elementvape.de\/#\/schema\/logo\/image\/\"}}]}<\/script>\n<!-- \/ Yoast SEO plugin. -->","yoast_head_json":{"title":"Cherry Soda ELF BOX RGB14000 Erfrischender Kirschgenuss mit stylischem RGB-Design 14000 PUFFS VAPE | ElementVape.de","description":"Wir bieten Cherry Soda ELF BOX RGB14000 Erfrischender Kirschgenuss mit stylischem RGB-Design 14000 PUFFS VAPE , Elementvape.de akzeptieren Gro\u00df-und Einzelhandel Bestellungen.","robots":{"index":"index","follow":"follow","max-snippet":"max-snippet:-1","max-image-preview":"max-image-preview:large","max-video-preview":"max-video-preview:-1"},"canonical":"https:\/\/www.elementvape.de\/et\/produkt\/cherry-soda-elf-box-rgb14000-erfrischender-kirschgenuss-mit-stylischem-rgb-design-14000-puffs-vape\/","og_locale":"et_EE","og_type":"article","og_title":"Cherry Soda ELF BOX RGB14000 Erfrischender Kirschgenuss mit stylischem RGB-Design 14000 PUFFS VAPE | ElementVape.de","og_description":"Wir bieten Cherry Soda ELF BOX RGB14000 Erfrischender Kirschgenuss mit stylischem RGB-Design 14000 PUFFS VAPE , Elementvape.de akzeptieren Gro\u00df-und Einzelhandel Bestellungen.","og_url":"https:\/\/www.elementvape.de\/et\/produkt\/cherry-soda-elf-box-rgb14000-erfrischender-kirschgenuss-mit-stylischem-rgb-design-14000-puffs-vape\/","og_site_name":"ElementVape.de","article_modified_time":"2024-12-12T06:34:44+00:00","og_image":[{"width":1000,"height":1000,"url":"https:\/\/www.elementvape.de\/wp-content\/uploads\/2024\/08\/Cherry-Soda_.png","type":"image\/png"}],"twitter_card":"summary_large_image","twitter_misc":{"Est. reading time":"3 minutit"},"schema":{"@context":"https:\/\/schema.org","@graph":[{"@type":"WebPage","@id":"https:\/\/www.elementvape.de\/sv\/produkt\/cherry-soda-elf-box-rgb14000-erfrischender-kirschgenuss-mit-stylischem-rgb-design-14000-puffs-vape\/","url":"https:\/\/www.elementvape.de\/sv\/produkt\/cherry-soda-elf-box-rgb14000-erfrischender-kirschgenuss-mit-stylischem-rgb-design-14000-puffs-vape\/","name":"Cherry Soda ELF BOX RGB14000 Erfrischender Kirschgenuss mit stylischem RGB-Design 14000 PUFFS VAPE | ElementVape.de","isPartOf":{"@id":"https:\/\/www.elementvape.de\/#website"},"primaryImageOfPage":{"@id":"https:\/\/www.elementvape.de\/sv\/produkt\/cherry-soda-elf-box-rgb14000-erfrischender-kirschgenuss-mit-stylischem-rgb-design-14000-puffs-vape\/#primaryimage"},"image":{"@id":"https:\/\/www.elementvape.de\/sv\/produkt\/cherry-soda-elf-box-rgb14000-erfrischender-kirschgenuss-mit-stylischem-rgb-design-14000-puffs-vape\/#primaryimage"},"thumbnailUrl":"https:\/\/www.elementvape.de\/wp-content\/uploads\/2024\/08\/Cherry-Soda_.png","datePublished":"2024-08-19T02:37:09+00:00","dateModified":"2024-12-12T06:34:44+00:00","description":"Wir bieten Cherry Soda ELF BOX RGB14000 Erfrischender Kirschgenuss mit stylischem RGB-Design 14000 PUFFS VAPE , Elementvape.de akzeptieren Gro\u00df-und Einzelhandel Bestellungen.","breadcrumb":{"@id":"https:\/\/www.elementvape.de\/sv\/produkt\/cherry-soda-elf-box-rgb14000-erfrischender-kirschgenuss-mit-stylischem-rgb-design-14000-puffs-vape\/#breadcrumb"},"inLanguage":"et","potentialAction":[{"@type":"ReadAction","target":["https:\/\/www.elementvape.de\/sv\/produkt\/cherry-soda-elf-box-rgb14000-erfrischender-kirschgenuss-mit-stylischem-rgb-design-14000-puffs-vape\/"]}]},{"@type":"ImageObject","inLanguage":"et","@id":"https:\/\/www.elementvape.de\/sv\/produkt\/cherry-soda-elf-box-rgb14000-erfrischender-kirschgenuss-mit-stylischem-rgb-design-14000-puffs-vape\/#primaryimage","url":"https:\/\/www.elementvape.de\/wp-content\/uploads\/2024\/08\/Cherry-Soda_.png","contentUrl":"https:\/\/www.elementvape.de\/wp-content\/uploads\/2024\/08\/Cherry-Soda_.png","width":1000,"height":1000,"caption":"Cherry Soda"},{"@type":"BreadcrumbList","@id":"https:\/\/www.elementvape.de\/sv\/produkt\/cherry-soda-elf-box-rgb14000-erfrischender-kirschgenuss-mit-stylischem-rgb-design-14000-puffs-vape\/#breadcrumb","itemListElement":[{"@type":"ListItem","position":1,"name":"Home","item":"https:\/\/www.elementvape.de\/"},{"@type":"ListItem","position":2,"name":"Shop","item":"https:\/\/www.elementvape.de\/shop\/"},{"@type":"ListItem","position":3,"name":"Cherry Soda ELF BOX RGB14000 Erfrischender Kirschgenuss mit stylischem RGB-Design 14000 PUFFS VAPE"}]},{"@type":"WebSite","@id":"https:\/\/www.elementvape.de\/#website","url":"https:\/\/www.elementvape.de\/","name":"ElementVape.de","description":"","publisher":{"@id":"https:\/\/www.elementvape.de\/#organization"},"potentialAction":[{"@type":"SearchAction","target":{"@type":"EntryPoint","urlTemplate":"https:\/\/www.elementvape.de\/?s={search_term_string}"},"query-input":"required name=search_term_string"}],"inLanguage":"et"},{"@type":"Organization","@id":"https:\/\/www.elementvape.de\/#organization","name":"ElementVape.DE","url":"https:\/\/www.elementvape.de\/","logo":{"@type":"ImageObject","inLanguage":"et","@id":"https:\/\/www.elementvape.de\/#\/schema\/logo\/image\/","url":"https:\/\/www.elementvape.de\/wp-content\/uploads\/2024\/09\/cropped-1elementvape-3.png","contentUrl":"https:\/\/www.elementvape.de\/wp-content\/uploads\/2024\/09\/cropped-1elementvape-3.png","width":285,"height":228,"caption":"ElementVape.DE"},"image":{"@id":"https:\/\/www.elementvape.de\/#\/schema\/logo\/image\/"}}]}},"_links":{"self":[{"href":"https:\/\/www.elementvape.de\/et\/wp-json\/wp\/v2\/product\/13840"}],"collection":[{"href":"https:\/\/www.elementvape.de\/et\/wp-json\/wp\/v2\/product"}],"about":[{"href":"https:\/\/www.elementvape.de\/et\/wp-json\/wp\/v2\/types\/product"}],"wp:featuredmedia":[{"embeddable":true,"href":"https:\/\/www.elementvape.de\/et\/wp-json\/wp\/v2\/media\/13841"}],"wp:attachment":[{"href":"https:\/\/www.elementvape.de\/et\/wp-json\/wp\/v2\/media?parent=13840"}],"wp:term":[{"taxonomy":"product_cat","embeddable":true,"href":"https:\/\/www.elementvape.de\/et\/wp-json\/wp\/v2\/product_cat?post=13840"},{"taxonomy":"product_tag","embeddable":true,"href":"https:\/\/www.elementvape.de\/et\/wp-json\/wp\/v2\/product_tag?post=13840"}],"curies":[{"name":"wp","href":"https:\/\/api.w.org\/{rel}","templated":true}]}}