{"id":13821,"date":"2024-08-17T06:26:02","date_gmt":"2024-08-17T06:26:02","guid":{"rendered":"https:\/\/www.elementvape.de\/?post_type=product&#038;p=13821"},"modified":"2024-12-12T06:34:50","modified_gmt":"2024-12-12T06:34:50","slug":"verfuehrerische-erdbeerfrische-verstaerkt-durch-rgb-technologie-strawberry-ice-elf-box-rgb14000","status":"publish","type":"product","link":"https:\/\/www.elementvape.de\/et\/produkt\/verfuehrerische-erdbeerfrische-verstaerkt-durch-rgb-technologie-strawberry-ice-elf-box-rgb14000\/","title":{"rendered":"V\u00f5luv maasika v\u00e4rskus, tugevdatud RGB-tehnoloogiaga Strawberry Ice ELF BOX RGB14000"},"content":{"rendered":"<table>\n<thead>\n<tr>\n<th><strong>Omadus<\/strong><\/th>\n<th><strong>Detailid<\/strong><\/th>\n<\/tr>\n<\/thead>\n<tbody>\n<tr>\n<td>Maitse<\/td>\n<td>Maasika j\u00e4\u00e4<\/td>\n<\/tr>\n<tr>\n<td>Tugede arv<\/td>\n<td>Kuni 14 000 t\u00f5mmet<\/td>\n<\/tr>\n<tr>\n<td>S\u00fcdamik<\/td>\n<td>Mesh Coil: 1,0 Ohm<\/td>\n<\/tr>\n<tr>\n<td>E-vedeliku maht<\/td>\n<td>25 ml<\/td>\n<\/tr>\n<tr>\n<td>N-tugevus<\/td>\n<td>2%, 5%<\/td>\n<\/tr>\n<tr>\n<td>Aku maht<\/td>\n<td>18250\u2013600 mAh<\/td>\n<\/tr>\n<tr>\n<td>Laadimine<\/td>\n<td>Taask\u00e4ivitatav USB Type-C kaudu<\/td>\n<\/tr>\n<tr>\n<td>Eriomadused<\/td>\n<td>RGB-valgus, v\u00e4rviline hobuste v\u00f5idus\u00f5idu lamp, kaelapael (Lanyard)<\/td>\n<\/tr>\n<tr>\n<td>Toote suurus<\/td>\n<td>35 mm x 36 mm x 133,5 mm<\/td>\n<\/tr>\n<tr>\n<td>Toote kaal<\/td>\n<td>100 g<\/td>\n<\/tr>\n<\/tbody>\n<\/table>\n<p>Hei, kas oled juba proovinud Strawberry Ice ELF BOX RGB14000? Kui ei, siis on viimane aeg! See v\u00e4ike imeseade \u00fchendab vastupandamatu v\u00e4rske maasika maitse ja jaheda, j\u00e4ise kicki. Kujuta ette, et naudid k\u00fcpse maasika magusat, puuviljase maitset, samal ajal kui v\u00e4rskendav jahe \u00f5hk ergutab sinu meeli \u2013 lihtsalt ideaalne, v\u00f5i?<\/p>\n<p>Aga see pole veel k\u00f5ik. ELF BOX RGB14000 on mitte ainult maitsete poolest suurep\u00e4rane, vaid ka tehniliselt t\u00f5eline tipp. RGB-valguse tehnoloogia muudab sinu vape-kogemuse visuaalseks spektakliks. Kujuta ette, kuidas seade iga t\u00f5mbega s\u00e4rab erksates v\u00e4rvides \u2013 see muudab selle <strong><a href=\"https:\/\/www.elementvape.de\/et\/\">katsetada<\/a><\/strong> mitte ainult maitsete poolest suurep\u00e4raseks, vaid ka visuaalselt nauditavaks kogemuseks.<\/p>\n<p>Ja mis j\u00f5udlusse puutub, v\u00f5id kindel olla mesh coiliga 1,0 Ohm, mis tekitab tihedaid, \u00fchtlaseid pilvi. Kui muretsed aku kestvuse p\u00e4rast \u2013 \u00e4ra muretse! 18250 aku, mille mahutavus on 600 mAh, kestab sind kogu p\u00e4eva, ja kui vaja, laadid seda lihtsalt kiiresti USB Type-C \u00fchenduse kaudu.<\/p>\n<p>Lisaks on ELF BOX v\u00e4ga mugav \u2013 kaal vaid 100 g ning suurus, mis sobib ideaalselt igasse taskusse. Lisaks on kaasas praktiline kandekott, et saaksid oma seadet alati kaasas kanda, kuhu iganes sa ka ei l\u00e4heks.<\/p>\n<p>Niisiis, milleks oodata? Strawberry Ice ELF BOX RGB14000 on sinu j\u00e4rgmine lemmikpartner, kui r\u00e4\u00e4gime maitsest, stiilist ja j\u00f5udlusest. Lase end v\u00f5luda vastupandamatust maasikafragrist ja jahedast RGB-tehnoloogiast!<\/p>","protected":false},"excerpt":{"rendered":"<p>Eigenschaft Details Geschmack Strawberry Ice Zuganzahl Bis zu 14.000 Z\u00fcge Kern Mesh Coil: 1,0 Ohm E-Liquid-Kapazit\u00e4t 25 ml N-St\u00e4rke 2%, 5% Batteriekapazit\u00e4t 18250\u2013600 mAh Aufladung Wiederaufladbar via USB Typ-C Besondere Funktionen RGB-Licht, Bunte Pferderennen-Lampe, Trageband (Lanyard) Produktgr\u00f6\u00dfe 35 mm x 36 mm x 133,5 mm Produktgewicht 100 g Hey, hast du schon die Strawberry Ice [&hellip;]<\/p>","protected":false},"featured_media":13822,"template":"","meta":{"inline_featured_image":false},"product_cat":[15,78,747,740,734,753,718,732],"product_tag":[710,674],"tiered_pricing_type":"fixed","tiered_pricing_fixed_rules":{"110":"7.54","200":"6.68","500":"5.85"},"tiered_pricing_percentage_rules":[],"tiered_pricing_minimum":1,"_administrator_tiered_pricing_type":"fixed","_administrator_tiered_pricing_fixed_rules":[],"_editor_tiered_pricing_type":"fixed","_editor_tiered_pricing_fixed_rules":[],"_author_tiered_pricing_type":"fixed","_author_tiered_pricing_fixed_rules":[],"_contributor_tiered_pricing_type":"fixed","_contributor_tiered_pricing_fixed_rules":[],"_subscriber_tiered_pricing_type":"fixed","_subscriber_tiered_pricing_fixed_rules":[],"_customer_tiered_pricing_type":"fixed","_customer_tiered_pricing_fixed_rules":[],"_shop_manager_tiered_pricing_type":"fixed","_shop_manager_tiered_pricing_fixed_rules":[],"_wpseo_manager_tiered_pricing_type":"fixed","_wpseo_manager_tiered_pricing_fixed_rules":[],"_wpseo_editor_tiered_pricing_type":"fixed","_wpseo_editor_tiered_pricing_fixed_rules":[],"_wholesale_customer_tiered_pricing_type":"fixed","_wholesale_customer_tiered_pricing_fixed_rules":[],"_marketer_tiered_pricing_type":"fixed","_marketer_tiered_pricing_fixed_rules":[],"_sales_manager_tiered_pricing_type":"fixed","_sales_manager_tiered_pricing_fixed_rules":[],"_sales_rep_tiered_pricing_type":"fixed","_sales_rep_tiered_pricing_fixed_rules":[],"yoast_head":"<!-- This site is optimized with the Yoast SEO plugin v23.3 - https:\/\/yoast.com\/wordpress\/plugins\/seo\/ -->\n<title>Verf\u00fchrerische Erdbeerfrische verst\u00e4rkt durch RGB-Technologie Strawberry Ice ELF BOX RGB14000 | ElementVape.de<\/title>\n<meta name=\"description\" content=\"Wir bieten Verf\u00fchrerische Erdbeerfrische verst\u00e4rkt durch RGB-Technologie Strawberry Ice ELF BOX RGB14000 , Elementvape.de akzeptieren Gro\u00df-und Einzelhandel Bestellungen.\" \/>\n<meta name=\"robots\" content=\"index, follow, max-snippet:-1, max-image-preview:large, max-video-preview:-1\" \/>\n<link rel=\"canonical\" href=\"https:\/\/www.elementvape.de\/et\/produkt\/verfuehrerische-erdbeerfrische-verstaerkt-durch-rgb-technologie-strawberry-ice-elf-box-rgb14000\/\" \/>\n<meta property=\"og:locale\" content=\"et_EE\" \/>\n<meta property=\"og:type\" content=\"article\" \/>\n<meta property=\"og:title\" content=\"Verf\u00fchrerische Erdbeerfrische verst\u00e4rkt durch RGB-Technologie Strawberry Ice ELF BOX RGB14000 | ElementVape.de\" \/>\n<meta property=\"og:description\" content=\"Wir bieten Verf\u00fchrerische Erdbeerfrische verst\u00e4rkt durch RGB-Technologie Strawberry Ice ELF BOX RGB14000 , Elementvape.de akzeptieren Gro\u00df-und Einzelhandel Bestellungen.\" \/>\n<meta property=\"og:url\" content=\"https:\/\/www.elementvape.de\/et\/produkt\/verfuehrerische-erdbeerfrische-verstaerkt-durch-rgb-technologie-strawberry-ice-elf-box-rgb14000\/\" \/>\n<meta property=\"og:site_name\" content=\"ElementVape.de\" \/>\n<meta property=\"article:modified_time\" content=\"2024-12-12T06:34:50+00:00\" \/>\n<meta property=\"og:image\" content=\"https:\/\/www.elementvape.de\/wp-content\/uploads\/2024\/08\/Strawberry-Ice_.png\" \/>\n\t<meta property=\"og:image:width\" content=\"1000\" \/>\n\t<meta property=\"og:image:height\" content=\"1000\" \/>\n\t<meta property=\"og:image:type\" content=\"image\/png\" \/>\n<meta name=\"twitter:card\" content=\"summary_large_image\" \/>\n<meta name=\"twitter:label1\" content=\"Est. reading time\" \/>\n\t<meta name=\"twitter:data1\" content=\"2 minutit\" \/>\n<script type=\"application\/ld+json\" class=\"yoast-schema-graph\">{\"@context\":\"https:\/\/schema.org\",\"@graph\":[{\"@type\":\"WebPage\",\"@id\":\"https:\/\/www.elementvape.de\/produkt\/verfuehrerische-erdbeerfrische-verstaerkt-durch-rgb-technologie-strawberry-ice-elf-box-rgb14000\/\",\"url\":\"https:\/\/www.elementvape.de\/produkt\/verfuehrerische-erdbeerfrische-verstaerkt-durch-rgb-technologie-strawberry-ice-elf-box-rgb14000\/\",\"name\":\"Verf\u00fchrerische Erdbeerfrische verst\u00e4rkt durch RGB-Technologie Strawberry Ice ELF BOX RGB14000 | ElementVape.de\",\"isPartOf\":{\"@id\":\"https:\/\/www.elementvape.de\/#website\"},\"primaryImageOfPage\":{\"@id\":\"https:\/\/www.elementvape.de\/produkt\/verfuehrerische-erdbeerfrische-verstaerkt-durch-rgb-technologie-strawberry-ice-elf-box-rgb14000\/#primaryimage\"},\"image\":{\"@id\":\"https:\/\/www.elementvape.de\/produkt\/verfuehrerische-erdbeerfrische-verstaerkt-durch-rgb-technologie-strawberry-ice-elf-box-rgb14000\/#primaryimage\"},\"thumbnailUrl\":\"https:\/\/www.elementvape.de\/wp-content\/uploads\/2024\/08\/Strawberry-Ice_.png\",\"datePublished\":\"2024-08-17T06:26:02+00:00\",\"dateModified\":\"2024-12-12T06:34:50+00:00\",\"description\":\"Wir bieten Verf\u00fchrerische Erdbeerfrische verst\u00e4rkt durch RGB-Technologie Strawberry Ice ELF BOX RGB14000 , Elementvape.de akzeptieren Gro\u00df-und Einzelhandel Bestellungen.\",\"breadcrumb\":{\"@id\":\"https:\/\/www.elementvape.de\/produkt\/verfuehrerische-erdbeerfrische-verstaerkt-durch-rgb-technologie-strawberry-ice-elf-box-rgb14000\/#breadcrumb\"},\"inLanguage\":\"et\",\"potentialAction\":[{\"@type\":\"ReadAction\",\"target\":[\"https:\/\/www.elementvape.de\/produkt\/verfuehrerische-erdbeerfrische-verstaerkt-durch-rgb-technologie-strawberry-ice-elf-box-rgb14000\/\"]}]},{\"@type\":\"ImageObject\",\"inLanguage\":\"et\",\"@id\":\"https:\/\/www.elementvape.de\/produkt\/verfuehrerische-erdbeerfrische-verstaerkt-durch-rgb-technologie-strawberry-ice-elf-box-rgb14000\/#primaryimage\",\"url\":\"https:\/\/www.elementvape.de\/wp-content\/uploads\/2024\/08\/Strawberry-Ice_.png\",\"contentUrl\":\"https:\/\/www.elementvape.de\/wp-content\/uploads\/2024\/08\/Strawberry-Ice_.png\",\"width\":1000,\"height\":1000,\"caption\":\"Strawberry Ice\"},{\"@type\":\"BreadcrumbList\",\"@id\":\"https:\/\/www.elementvape.de\/produkt\/verfuehrerische-erdbeerfrische-verstaerkt-durch-rgb-technologie-strawberry-ice-elf-box-rgb14000\/#breadcrumb\",\"itemListElement\":[{\"@type\":\"ListItem\",\"position\":1,\"name\":\"Home\",\"item\":\"https:\/\/www.elementvape.de\/\"},{\"@type\":\"ListItem\",\"position\":2,\"name\":\"Shop\",\"item\":\"https:\/\/www.elementvape.de\/shop\/\"},{\"@type\":\"ListItem\",\"position\":3,\"name\":\"Verf\u00fchrerische Erdbeerfrische verst\u00e4rkt durch RGB-Technologie Strawberry Ice ELF BOX RGB14000\"}]},{\"@type\":\"WebSite\",\"@id\":\"https:\/\/www.elementvape.de\/#website\",\"url\":\"https:\/\/www.elementvape.de\/\",\"name\":\"ElementVape.de\",\"description\":\"\",\"publisher\":{\"@id\":\"https:\/\/www.elementvape.de\/#organization\"},\"potentialAction\":[{\"@type\":\"SearchAction\",\"target\":{\"@type\":\"EntryPoint\",\"urlTemplate\":\"https:\/\/www.elementvape.de\/?s={search_term_string}\"},\"query-input\":\"required name=search_term_string\"}],\"inLanguage\":\"et\"},{\"@type\":\"Organization\",\"@id\":\"https:\/\/www.elementvape.de\/#organization\",\"name\":\"ElementVape.DE\",\"url\":\"https:\/\/www.elementvape.de\/\",\"logo\":{\"@type\":\"ImageObject\",\"inLanguage\":\"et\",\"@id\":\"https:\/\/www.elementvape.de\/#\/schema\/logo\/image\/\",\"url\":\"https:\/\/www.elementvape.de\/wp-content\/uploads\/2024\/09\/cropped-1elementvape-3.png\",\"contentUrl\":\"https:\/\/www.elementvape.de\/wp-content\/uploads\/2024\/09\/cropped-1elementvape-3.png\",\"width\":285,\"height\":228,\"caption\":\"ElementVape.DE\"},\"image\":{\"@id\":\"https:\/\/www.elementvape.de\/#\/schema\/logo\/image\/\"}}]}<\/script>\n<!-- \/ Yoast SEO plugin. -->","yoast_head_json":{"title":"Verf\u00fchrerische Erdbeerfrische verst\u00e4rkt durch RGB-Technologie Strawberry Ice ELF BOX RGB14000 | ElementVape.de","description":"Wir bieten Verf\u00fchrerische Erdbeerfrische verst\u00e4rkt durch RGB-Technologie Strawberry Ice ELF BOX RGB14000 , Elementvape.de akzeptieren Gro\u00df-und Einzelhandel Bestellungen.","robots":{"index":"index","follow":"follow","max-snippet":"max-snippet:-1","max-image-preview":"max-image-preview:large","max-video-preview":"max-video-preview:-1"},"canonical":"https:\/\/www.elementvape.de\/et\/produkt\/verfuehrerische-erdbeerfrische-verstaerkt-durch-rgb-technologie-strawberry-ice-elf-box-rgb14000\/","og_locale":"et_EE","og_type":"article","og_title":"Verf\u00fchrerische Erdbeerfrische verst\u00e4rkt durch RGB-Technologie Strawberry Ice ELF BOX RGB14000 | ElementVape.de","og_description":"Wir bieten Verf\u00fchrerische Erdbeerfrische verst\u00e4rkt durch RGB-Technologie Strawberry Ice ELF BOX RGB14000 , Elementvape.de akzeptieren Gro\u00df-und Einzelhandel Bestellungen.","og_url":"https:\/\/www.elementvape.de\/et\/produkt\/verfuehrerische-erdbeerfrische-verstaerkt-durch-rgb-technologie-strawberry-ice-elf-box-rgb14000\/","og_site_name":"ElementVape.de","article_modified_time":"2024-12-12T06:34:50+00:00","og_image":[{"width":1000,"height":1000,"url":"https:\/\/www.elementvape.de\/wp-content\/uploads\/2024\/08\/Strawberry-Ice_.png","type":"image\/png"}],"twitter_card":"summary_large_image","twitter_misc":{"Est. reading time":"2 minutit"},"schema":{"@context":"https:\/\/schema.org","@graph":[{"@type":"WebPage","@id":"https:\/\/www.elementvape.de\/produkt\/verfuehrerische-erdbeerfrische-verstaerkt-durch-rgb-technologie-strawberry-ice-elf-box-rgb14000\/","url":"https:\/\/www.elementvape.de\/produkt\/verfuehrerische-erdbeerfrische-verstaerkt-durch-rgb-technologie-strawberry-ice-elf-box-rgb14000\/","name":"Verf\u00fchrerische Erdbeerfrische verst\u00e4rkt durch RGB-Technologie Strawberry Ice ELF BOX RGB14000 | ElementVape.de","isPartOf":{"@id":"https:\/\/www.elementvape.de\/#website"},"primaryImageOfPage":{"@id":"https:\/\/www.elementvape.de\/produkt\/verfuehrerische-erdbeerfrische-verstaerkt-durch-rgb-technologie-strawberry-ice-elf-box-rgb14000\/#primaryimage"},"image":{"@id":"https:\/\/www.elementvape.de\/produkt\/verfuehrerische-erdbeerfrische-verstaerkt-durch-rgb-technologie-strawberry-ice-elf-box-rgb14000\/#primaryimage"},"thumbnailUrl":"https:\/\/www.elementvape.de\/wp-content\/uploads\/2024\/08\/Strawberry-Ice_.png","datePublished":"2024-08-17T06:26:02+00:00","dateModified":"2024-12-12T06:34:50+00:00","description":"Wir bieten Verf\u00fchrerische Erdbeerfrische verst\u00e4rkt durch RGB-Technologie Strawberry Ice ELF BOX RGB14000 , Elementvape.de akzeptieren Gro\u00df-und Einzelhandel Bestellungen.","breadcrumb":{"@id":"https:\/\/www.elementvape.de\/produkt\/verfuehrerische-erdbeerfrische-verstaerkt-durch-rgb-technologie-strawberry-ice-elf-box-rgb14000\/#breadcrumb"},"inLanguage":"et","potentialAction":[{"@type":"ReadAction","target":["https:\/\/www.elementvape.de\/produkt\/verfuehrerische-erdbeerfrische-verstaerkt-durch-rgb-technologie-strawberry-ice-elf-box-rgb14000\/"]}]},{"@type":"ImageObject","inLanguage":"et","@id":"https:\/\/www.elementvape.de\/produkt\/verfuehrerische-erdbeerfrische-verstaerkt-durch-rgb-technologie-strawberry-ice-elf-box-rgb14000\/#primaryimage","url":"https:\/\/www.elementvape.de\/wp-content\/uploads\/2024\/08\/Strawberry-Ice_.png","contentUrl":"https:\/\/www.elementvape.de\/wp-content\/uploads\/2024\/08\/Strawberry-Ice_.png","width":1000,"height":1000,"caption":"Strawberry Ice"},{"@type":"BreadcrumbList","@id":"https:\/\/www.elementvape.de\/produkt\/verfuehrerische-erdbeerfrische-verstaerkt-durch-rgb-technologie-strawberry-ice-elf-box-rgb14000\/#breadcrumb","itemListElement":[{"@type":"ListItem","position":1,"name":"Home","item":"https:\/\/www.elementvape.de\/"},{"@type":"ListItem","position":2,"name":"Shop","item":"https:\/\/www.elementvape.de\/shop\/"},{"@type":"ListItem","position":3,"name":"Verf\u00fchrerische Erdbeerfrische verst\u00e4rkt durch RGB-Technologie Strawberry Ice ELF BOX RGB14000"}]},{"@type":"WebSite","@id":"https:\/\/www.elementvape.de\/#website","url":"https:\/\/www.elementvape.de\/","name":"ElementVape.de","description":"","publisher":{"@id":"https:\/\/www.elementvape.de\/#organization"},"potentialAction":[{"@type":"SearchAction","target":{"@type":"EntryPoint","urlTemplate":"https:\/\/www.elementvape.de\/?s={search_term_string}"},"query-input":"required name=search_term_string"}],"inLanguage":"et"},{"@type":"Organization","@id":"https:\/\/www.elementvape.de\/#organization","name":"ElementVape.DE","url":"https:\/\/www.elementvape.de\/","logo":{"@type":"ImageObject","inLanguage":"et","@id":"https:\/\/www.elementvape.de\/#\/schema\/logo\/image\/","url":"https:\/\/www.elementvape.de\/wp-content\/uploads\/2024\/09\/cropped-1elementvape-3.png","contentUrl":"https:\/\/www.elementvape.de\/wp-content\/uploads\/2024\/09\/cropped-1elementvape-3.png","width":285,"height":228,"caption":"ElementVape.DE"},"image":{"@id":"https:\/\/www.elementvape.de\/#\/schema\/logo\/image\/"}}]}},"_links":{"self":[{"href":"https:\/\/www.elementvape.de\/et\/wp-json\/wp\/v2\/product\/13821"}],"collection":[{"href":"https:\/\/www.elementvape.de\/et\/wp-json\/wp\/v2\/product"}],"about":[{"href":"https:\/\/www.elementvape.de\/et\/wp-json\/wp\/v2\/types\/product"}],"wp:featuredmedia":[{"embeddable":true,"href":"https:\/\/www.elementvape.de\/et\/wp-json\/wp\/v2\/media\/13822"}],"wp:attachment":[{"href":"https:\/\/www.elementvape.de\/et\/wp-json\/wp\/v2\/media?parent=13821"}],"wp:term":[{"taxonomy":"product_cat","embeddable":true,"href":"https:\/\/www.elementvape.de\/et\/wp-json\/wp\/v2\/product_cat?post=13821"},{"taxonomy":"product_tag","embeddable":true,"href":"https:\/\/www.elementvape.de\/et\/wp-json\/wp\/v2\/product_tag?post=13821"}],"curies":[{"name":"wp","href":"https:\/\/api.w.org\/{rel}","templated":true}]}}