{"id":13786,"date":"2024-08-16T06:58:52","date_gmt":"2024-08-16T06:58:52","guid":{"rendered":"https:\/\/www.elementvape.de\/?post_type=product&#038;p=13786"},"modified":"2024-12-12T06:34:52","modified_gmt":"2024-12-12T06:34:52","slug":"suesses-trifft-kuehles-strawberry-ice-elf-box-pulse-x-15000-zuege-im-pulsmodus","status":"publish","type":"product","link":"https:\/\/www.elementvape.de\/et\/produkt\/suesses-trifft-kuehles-strawberry-ice-elf-box-pulse-x-15000-zuege-im-pulsmodus\/","title":{"rendered":"Magus kohtub jaheda Strawberry Ice ELF BOX PULSE X \u2013 15000 mahvi pulssre\u017eiimis"},"content":{"rendered":"<table style=\"font-size: 16px;\">\n<thead>\n<tr>\n<th><strong>Omadus<\/strong><\/th>\n<th><strong>Detailid<\/strong><\/th>\n<\/tr>\n<\/thead>\n<tbody>\n<tr>\n<td>Liikumiste arv (tavaline re\u017eiim)<\/td>\n<td>Kuni 25 000 liikumist<\/td>\n<\/tr>\n<tr>\n<td>Liikumiste arv (Rocket-re\u017eiim)<\/td>\n<td>Kuni 15 000 liikumist<\/td>\n<\/tr>\n<tr>\n<td>K\u00fc\u00fcnlad<\/td>\n<td>Topeltv\u00f5rgusoondu: 0,8 Ohm + 0,8 Ohm<\/td>\n<\/tr>\n<tr>\n<td>E-vedeliku maht<\/td>\n<td>18 ml<\/td>\n<\/tr>\n<tr>\n<td>N-tugevus<\/td>\n<td>\u00a02%, 5%<\/td>\n<\/tr>\n<tr>\n<td>Aku maht<\/td>\n<td>13 500 mAh (v\u00f5i v\u00f5ib-olla 750 mAh)<\/td>\n<\/tr>\n<tr>\n<td>Laadimine<\/td>\n<td>Taask\u00e4ivitatav USB Type-C kaudu<\/td>\n<\/tr>\n<tr>\n<td>Eriomadused<\/td>\n<td>3D k\u00f5ver ekraan, tehisintellekti j\u00f5udluse kohandamine, pulssv\u00f5imsus, Super Boost VPU<\/td>\n<\/tr>\n<tr>\n<td>Toote suurus<\/td>\n<td>91,5 mm x 56,5 mm x 28,5 mm<\/td>\n<\/tr>\n<tr>\n<td>Toote kaal<\/td>\n<td>100 g<\/td>\n<\/tr>\n<tr>\n<td>Saadaval maitsevariant<\/td>\n<td>Maasika j\u00e4\u00e4tis (\u201eStrawberry Ice\u201c)<\/td>\n<\/tr>\n<\/tbody>\n<\/table>\n<p>Sukeldu erakordse suitsutamise kogemusse koos <strong><a href=\"https:\/\/www.elementvape.de\/et\/product-brand\/elf-box\/\" target=\"_blank\" rel=\"noopener\">ELF KAST<\/a><\/strong> PULSE X-ga, mis pakub p\u00f5nevat maitseelamust maasika j\u00e4\u00e4tisega. See maitse \u00fchendab k\u00fcpse maasika magususe v\u00e4rskendava j\u00e4\u00e4tise aktsendiga, mis annab igale t\u00f5mbele jaheda v\u00e4rskuse. Seade v\u00f5imaldab kuni 15 000 t\u00f5mmet pulssre\u017eiimis, nii et saate nautida t\u00e4ielikku maitset ja intensiivset v\u00e4rskust pikka aega.<\/p>\n<h3>K\u00f5ige moodsam tehnoloogia teie vajadustele<\/h3>\n<p>ELF BOX PULSE X on mitte ainult maitsetelt muljetavaldav, vaid ka tehniliselt k\u00f5ige uuem. Varustatud topeltv\u00f5rgusoonduga (0,8 Ohm + 0,8 Ohm), tagab see \u00fchtlase ja intensiivse aurustumise. 18 ml E-vedeliku maht v\u00f5imaldab pikki suitsutamisseansse ilma pideva t\u00e4itmiseta. Muutuv N-tugevus vahemikus 2% kuni 5% annab teile vabaduse kohandada suitsutamiskogemust vastavalt oma soovidele.<\/p>\n<p>Seade on varustatud 13 500 mAh akuga (v\u00f5ib-olla tr\u00fckiviga ja v\u00f5ib-olla 750 mAh) ning seda saab kiiresti laadida USB Type-C kaudu. T\u00e4nu 3D k\u00f5ver ekraanile, tehisintellekti j\u00f5udluse kohandamisele ja Pulse Power-tehnoloogiale kogete stabiilset ja v\u00f5imsat j\u00f5udlust. Super Boost VPU tagab veelgi parema suitsu kvaliteedi ja intensiivse maitse.<\/p>\n<h3>Kompaktne ja praktiline igap\u00e4evaseks kasutamiseks<\/h3>\n<p>Kompaktsete m\u00f5\u00f5tmetega 91,5 mm x 56,5 mm x 28,5 mm ja kaaluga vaid 100 g on seade v\u00e4ga mugav ja ideaalne kaasaskandmiseks. Sobib mugavalt igasse taskusse ning annab teile vabaduse nautida suitsutamiskogemust igal ajal ja igal pool.<\/p>\n<p>Kogege ELF BOX PULSE X Strawberry Ice'iga magusa puuviljamaitse ja v\u00e4rskendava j\u00e4\u00e4tise kombinatsiooni \u2013 ideaalne suitsutajatele, kes otsivad unikaalset ja intensiivset naudingut.<\/p>","protected":false},"excerpt":{"rendered":"<p>Omadusandmed P\u00e4\u00e4sukordade arv (Tavaline re\u017eiim) Kuni 25 000 sammu P\u00e4\u00e4sukordade arv (Raketi re\u017eiim) Kuni 15 000 sammu K\u00fcttekehad Topeltv\u00f5rguk\u00fcttekeha: 0,8 Ohm + 0,8 Ohm E-vedeliku maht 18 ml N-tugevus 2%, 5% Aku maht 13 500 mAh (v\u00f5i v\u00f5ib-olla 750 mAh) Laadimine Taastatav USB Type-C kaudu Erilised funktsioonid 3D k\u00f5ver ekraan, tehisintellekti j\u00f5udluse kohandamine, pulssv\u00f5imsus, superboost VPU Toote suurus 91,5 mm [\u2026]<\/p>","protected":false},"featured_media":13787,"template":"","meta":{"inline_featured_image":false},"product_cat":[15,78,747,740,734,753,717,732],"product_tag":[710,674],"tiered_pricing_type":"fixed","tiered_pricing_fixed_rules":{"110":"12.39","200":"11.02","500":"9.64"},"tiered_pricing_percentage_rules":[],"tiered_pricing_minimum":1,"_administrator_tiered_pricing_type":"fixed","_administrator_tiered_pricing_fixed_rules":[],"_editor_tiered_pricing_type":"fixed","_editor_tiered_pricing_fixed_rules":[],"_author_tiered_pricing_type":"fixed","_author_tiered_pricing_fixed_rules":[],"_contributor_tiered_pricing_type":"fixed","_contributor_tiered_pricing_fixed_rules":[],"_subscriber_tiered_pricing_type":"fixed","_subscriber_tiered_pricing_fixed_rules":[],"_customer_tiered_pricing_type":"fixed","_customer_tiered_pricing_fixed_rules":[],"_shop_manager_tiered_pricing_type":"fixed","_shop_manager_tiered_pricing_fixed_rules":[],"_wpseo_manager_tiered_pricing_type":"fixed","_wpseo_manager_tiered_pricing_fixed_rules":[],"_wpseo_editor_tiered_pricing_type":"fixed","_wpseo_editor_tiered_pricing_fixed_rules":[],"_wholesale_customer_tiered_pricing_type":"fixed","_wholesale_customer_tiered_pricing_fixed_rules":[],"_marketer_tiered_pricing_type":"fixed","_marketer_tiered_pricing_fixed_rules":[],"_sales_manager_tiered_pricing_type":"fixed","_sales_manager_tiered_pricing_fixed_rules":[],"_sales_rep_tiered_pricing_type":"fixed","_sales_rep_tiered_pricing_fixed_rules":[],"yoast_head":"<!-- This site is optimized with the Yoast SEO plugin v23.3 - https:\/\/yoast.com\/wordpress\/plugins\/seo\/ -->\n<title>S\u00fc\u00dfes trifft k\u00fchles Strawberry Ice ELF BOX PULSE X \u2013 15000 Z\u00fcge im Pulsmodus | ElementVape.de<\/title>\n<meta name=\"description\" content=\"Wir bieten S\u00fc\u00dfes trifft k\u00fchles Strawberry Ice ELF BOX PULSE X \u2013 15000 Z\u00fcge im Pulsmodus , Elementvape.de akzeptieren Gro\u00df-und Einzelhandel Bestellungen.\" \/>\n<meta name=\"robots\" content=\"index, follow, max-snippet:-1, max-image-preview:large, max-video-preview:-1\" \/>\n<link rel=\"canonical\" href=\"https:\/\/www.elementvape.de\/et\/produkt\/suesses-trifft-kuehles-strawberry-ice-elf-box-pulse-x-15000-zuege-im-pulsmodus\/\" \/>\n<meta property=\"og:locale\" content=\"et_EE\" \/>\n<meta property=\"og:type\" content=\"article\" \/>\n<meta property=\"og:title\" content=\"S\u00fc\u00dfes trifft k\u00fchles Strawberry Ice ELF BOX PULSE X \u2013 15000 Z\u00fcge im Pulsmodus | ElementVape.de\" \/>\n<meta property=\"og:description\" content=\"Wir bieten S\u00fc\u00dfes trifft k\u00fchles Strawberry Ice ELF BOX PULSE X \u2013 15000 Z\u00fcge im Pulsmodus , Elementvape.de akzeptieren Gro\u00df-und Einzelhandel Bestellungen.\" \/>\n<meta property=\"og:url\" content=\"https:\/\/www.elementvape.de\/et\/produkt\/suesses-trifft-kuehles-strawberry-ice-elf-box-pulse-x-15000-zuege-im-pulsmodus\/\" \/>\n<meta property=\"og:site_name\" content=\"ElementVape.de\" \/>\n<meta property=\"article:modified_time\" content=\"2024-12-12T06:34:52+00:00\" \/>\n<meta property=\"og:image\" content=\"https:\/\/www.elementvape.de\/wp-content\/uploads\/2024\/08\/01.jpg\" \/>\n\t<meta property=\"og:image:width\" content=\"1000\" \/>\n\t<meta property=\"og:image:height\" content=\"1000\" \/>\n\t<meta property=\"og:image:type\" content=\"image\/jpeg\" \/>\n<meta name=\"twitter:card\" content=\"summary_large_image\" \/>\n<meta name=\"twitter:label1\" content=\"Est. reading time\" \/>\n\t<meta name=\"twitter:data1\" content=\"3 minutit\" \/>\n<script type=\"application\/ld+json\" class=\"yoast-schema-graph\">{\"@context\":\"https:\/\/schema.org\",\"@graph\":[{\"@type\":\"WebPage\",\"@id\":\"https:\/\/www.elementvape.de\/produkt\/suesses-trifft-kuehles-strawberry-ice-elf-box-pulse-x-15000-zuege-im-pulsmodus\/\",\"url\":\"https:\/\/www.elementvape.de\/produkt\/suesses-trifft-kuehles-strawberry-ice-elf-box-pulse-x-15000-zuege-im-pulsmodus\/\",\"name\":\"S\u00fc\u00dfes trifft k\u00fchles Strawberry Ice ELF BOX PULSE X \u2013 15000 Z\u00fcge im Pulsmodus | ElementVape.de\",\"isPartOf\":{\"@id\":\"https:\/\/www.elementvape.de\/#website\"},\"primaryImageOfPage\":{\"@id\":\"https:\/\/www.elementvape.de\/produkt\/suesses-trifft-kuehles-strawberry-ice-elf-box-pulse-x-15000-zuege-im-pulsmodus\/#primaryimage\"},\"image\":{\"@id\":\"https:\/\/www.elementvape.de\/produkt\/suesses-trifft-kuehles-strawberry-ice-elf-box-pulse-x-15000-zuege-im-pulsmodus\/#primaryimage\"},\"thumbnailUrl\":\"https:\/\/www.elementvape.de\/wp-content\/uploads\/2024\/08\/01.jpg\",\"datePublished\":\"2024-08-16T06:58:52+00:00\",\"dateModified\":\"2024-12-12T06:34:52+00:00\",\"description\":\"Wir bieten S\u00fc\u00dfes trifft k\u00fchles Strawberry Ice ELF BOX PULSE X \u2013 15000 Z\u00fcge im Pulsmodus , Elementvape.de akzeptieren Gro\u00df-und Einzelhandel Bestellungen.\",\"breadcrumb\":{\"@id\":\"https:\/\/www.elementvape.de\/produkt\/suesses-trifft-kuehles-strawberry-ice-elf-box-pulse-x-15000-zuege-im-pulsmodus\/#breadcrumb\"},\"inLanguage\":\"et\",\"potentialAction\":[{\"@type\":\"ReadAction\",\"target\":[\"https:\/\/www.elementvape.de\/produkt\/suesses-trifft-kuehles-strawberry-ice-elf-box-pulse-x-15000-zuege-im-pulsmodus\/\"]}]},{\"@type\":\"ImageObject\",\"inLanguage\":\"et\",\"@id\":\"https:\/\/www.elementvape.de\/produkt\/suesses-trifft-kuehles-strawberry-ice-elf-box-pulse-x-15000-zuege-im-pulsmodus\/#primaryimage\",\"url\":\"https:\/\/www.elementvape.de\/wp-content\/uploads\/2024\/08\/01.jpg\",\"contentUrl\":\"https:\/\/www.elementvape.de\/wp-content\/uploads\/2024\/08\/01.jpg\",\"width\":1000,\"height\":1000,\"caption\":\"Strawberry Ice\"},{\"@type\":\"BreadcrumbList\",\"@id\":\"https:\/\/www.elementvape.de\/produkt\/suesses-trifft-kuehles-strawberry-ice-elf-box-pulse-x-15000-zuege-im-pulsmodus\/#breadcrumb\",\"itemListElement\":[{\"@type\":\"ListItem\",\"position\":1,\"name\":\"Home\",\"item\":\"https:\/\/www.elementvape.de\/\"},{\"@type\":\"ListItem\",\"position\":2,\"name\":\"Shop\",\"item\":\"https:\/\/www.elementvape.de\/shop\/\"},{\"@type\":\"ListItem\",\"position\":3,\"name\":\"S\u00fc\u00dfes trifft k\u00fchles Strawberry Ice ELF BOX PULSE X \u2013 15000 Z\u00fcge im Pulsmodus\"}]},{\"@type\":\"WebSite\",\"@id\":\"https:\/\/www.elementvape.de\/#website\",\"url\":\"https:\/\/www.elementvape.de\/\",\"name\":\"ElementVape.de\",\"description\":\"\",\"publisher\":{\"@id\":\"https:\/\/www.elementvape.de\/#organization\"},\"potentialAction\":[{\"@type\":\"SearchAction\",\"target\":{\"@type\":\"EntryPoint\",\"urlTemplate\":\"https:\/\/www.elementvape.de\/?s={search_term_string}\"},\"query-input\":\"required name=search_term_string\"}],\"inLanguage\":\"et\"},{\"@type\":\"Organization\",\"@id\":\"https:\/\/www.elementvape.de\/#organization\",\"name\":\"ElementVape.DE\",\"url\":\"https:\/\/www.elementvape.de\/\",\"logo\":{\"@type\":\"ImageObject\",\"inLanguage\":\"et\",\"@id\":\"https:\/\/www.elementvape.de\/#\/schema\/logo\/image\/\",\"url\":\"https:\/\/www.elementvape.de\/wp-content\/uploads\/2024\/09\/cropped-1elementvape-3.png\",\"contentUrl\":\"https:\/\/www.elementvape.de\/wp-content\/uploads\/2024\/09\/cropped-1elementvape-3.png\",\"width\":285,\"height\":228,\"caption\":\"ElementVape.DE\"},\"image\":{\"@id\":\"https:\/\/www.elementvape.de\/#\/schema\/logo\/image\/\"}}]}<\/script>\n<!-- \/ Yoast SEO plugin. -->","yoast_head_json":{"title":"S\u00fc\u00dfes trifft k\u00fchles Strawberry Ice ELF BOX PULSE X \u2013 15000 Z\u00fcge im Pulsmodus | ElementVape.de","description":"Wir bieten S\u00fc\u00dfes trifft k\u00fchles Strawberry Ice ELF BOX PULSE X \u2013 15000 Z\u00fcge im Pulsmodus , Elementvape.de akzeptieren Gro\u00df-und Einzelhandel Bestellungen.","robots":{"index":"index","follow":"follow","max-snippet":"max-snippet:-1","max-image-preview":"max-image-preview:large","max-video-preview":"max-video-preview:-1"},"canonical":"https:\/\/www.elementvape.de\/et\/produkt\/suesses-trifft-kuehles-strawberry-ice-elf-box-pulse-x-15000-zuege-im-pulsmodus\/","og_locale":"et_EE","og_type":"article","og_title":"S\u00fc\u00dfes trifft k\u00fchles Strawberry Ice ELF BOX PULSE X \u2013 15000 Z\u00fcge im Pulsmodus | ElementVape.de","og_description":"Wir bieten S\u00fc\u00dfes trifft k\u00fchles Strawberry Ice ELF BOX PULSE X \u2013 15000 Z\u00fcge im Pulsmodus , Elementvape.de akzeptieren Gro\u00df-und Einzelhandel Bestellungen.","og_url":"https:\/\/www.elementvape.de\/et\/produkt\/suesses-trifft-kuehles-strawberry-ice-elf-box-pulse-x-15000-zuege-im-pulsmodus\/","og_site_name":"ElementVape.de","article_modified_time":"2024-12-12T06:34:52+00:00","og_image":[{"width":1000,"height":1000,"url":"https:\/\/www.elementvape.de\/wp-content\/uploads\/2024\/08\/01.jpg","type":"image\/jpeg"}],"twitter_card":"summary_large_image","twitter_misc":{"Est. reading time":"3 minutit"},"schema":{"@context":"https:\/\/schema.org","@graph":[{"@type":"WebPage","@id":"https:\/\/www.elementvape.de\/produkt\/suesses-trifft-kuehles-strawberry-ice-elf-box-pulse-x-15000-zuege-im-pulsmodus\/","url":"https:\/\/www.elementvape.de\/produkt\/suesses-trifft-kuehles-strawberry-ice-elf-box-pulse-x-15000-zuege-im-pulsmodus\/","name":"S\u00fc\u00dfes trifft k\u00fchles Strawberry Ice ELF BOX PULSE X \u2013 15000 Z\u00fcge im Pulsmodus | ElementVape.de","isPartOf":{"@id":"https:\/\/www.elementvape.de\/#website"},"primaryImageOfPage":{"@id":"https:\/\/www.elementvape.de\/produkt\/suesses-trifft-kuehles-strawberry-ice-elf-box-pulse-x-15000-zuege-im-pulsmodus\/#primaryimage"},"image":{"@id":"https:\/\/www.elementvape.de\/produkt\/suesses-trifft-kuehles-strawberry-ice-elf-box-pulse-x-15000-zuege-im-pulsmodus\/#primaryimage"},"thumbnailUrl":"https:\/\/www.elementvape.de\/wp-content\/uploads\/2024\/08\/01.jpg","datePublished":"2024-08-16T06:58:52+00:00","dateModified":"2024-12-12T06:34:52+00:00","description":"Wir bieten S\u00fc\u00dfes trifft k\u00fchles Strawberry Ice ELF BOX PULSE X \u2013 15000 Z\u00fcge im Pulsmodus , Elementvape.de akzeptieren Gro\u00df-und Einzelhandel Bestellungen.","breadcrumb":{"@id":"https:\/\/www.elementvape.de\/produkt\/suesses-trifft-kuehles-strawberry-ice-elf-box-pulse-x-15000-zuege-im-pulsmodus\/#breadcrumb"},"inLanguage":"et","potentialAction":[{"@type":"ReadAction","target":["https:\/\/www.elementvape.de\/produkt\/suesses-trifft-kuehles-strawberry-ice-elf-box-pulse-x-15000-zuege-im-pulsmodus\/"]}]},{"@type":"ImageObject","inLanguage":"et","@id":"https:\/\/www.elementvape.de\/produkt\/suesses-trifft-kuehles-strawberry-ice-elf-box-pulse-x-15000-zuege-im-pulsmodus\/#primaryimage","url":"https:\/\/www.elementvape.de\/wp-content\/uploads\/2024\/08\/01.jpg","contentUrl":"https:\/\/www.elementvape.de\/wp-content\/uploads\/2024\/08\/01.jpg","width":1000,"height":1000,"caption":"Strawberry Ice"},{"@type":"BreadcrumbList","@id":"https:\/\/www.elementvape.de\/produkt\/suesses-trifft-kuehles-strawberry-ice-elf-box-pulse-x-15000-zuege-im-pulsmodus\/#breadcrumb","itemListElement":[{"@type":"ListItem","position":1,"name":"Home","item":"https:\/\/www.elementvape.de\/"},{"@type":"ListItem","position":2,"name":"Shop","item":"https:\/\/www.elementvape.de\/shop\/"},{"@type":"ListItem","position":3,"name":"S\u00fc\u00dfes trifft k\u00fchles Strawberry Ice ELF BOX PULSE X \u2013 15000 Z\u00fcge im Pulsmodus"}]},{"@type":"WebSite","@id":"https:\/\/www.elementvape.de\/#website","url":"https:\/\/www.elementvape.de\/","name":"ElementVape.de","description":"","publisher":{"@id":"https:\/\/www.elementvape.de\/#organization"},"potentialAction":[{"@type":"SearchAction","target":{"@type":"EntryPoint","urlTemplate":"https:\/\/www.elementvape.de\/?s={search_term_string}"},"query-input":"required name=search_term_string"}],"inLanguage":"et"},{"@type":"Organization","@id":"https:\/\/www.elementvape.de\/#organization","name":"ElementVape.DE","url":"https:\/\/www.elementvape.de\/","logo":{"@type":"ImageObject","inLanguage":"et","@id":"https:\/\/www.elementvape.de\/#\/schema\/logo\/image\/","url":"https:\/\/www.elementvape.de\/wp-content\/uploads\/2024\/09\/cropped-1elementvape-3.png","contentUrl":"https:\/\/www.elementvape.de\/wp-content\/uploads\/2024\/09\/cropped-1elementvape-3.png","width":285,"height":228,"caption":"ElementVape.DE"},"image":{"@id":"https:\/\/www.elementvape.de\/#\/schema\/logo\/image\/"}}]}},"_links":{"self":[{"href":"https:\/\/www.elementvape.de\/et\/wp-json\/wp\/v2\/product\/13786"}],"collection":[{"href":"https:\/\/www.elementvape.de\/et\/wp-json\/wp\/v2\/product"}],"about":[{"href":"https:\/\/www.elementvape.de\/et\/wp-json\/wp\/v2\/types\/product"}],"wp:featuredmedia":[{"embeddable":true,"href":"https:\/\/www.elementvape.de\/et\/wp-json\/wp\/v2\/media\/13787"}],"wp:attachment":[{"href":"https:\/\/www.elementvape.de\/et\/wp-json\/wp\/v2\/media?parent=13786"}],"wp:term":[{"taxonomy":"product_cat","embeddable":true,"href":"https:\/\/www.elementvape.de\/et\/wp-json\/wp\/v2\/product_cat?post=13786"},{"taxonomy":"product_tag","embeddable":true,"href":"https:\/\/www.elementvape.de\/et\/wp-json\/wp\/v2\/product_tag?post=13786"}],"curies":[{"name":"wp","href":"https:\/\/api.w.org\/{rel}","templated":true}]}}