{"id":13765,"date":"2024-08-15T08:56:02","date_gmt":"2024-08-15T08:56:02","guid":{"rendered":"https:\/\/www.elementvape.de\/?post_type=product&#038;p=13765"},"modified":"2024-12-12T06:34:56","modified_gmt":"2024-12-12T06:34:56","slug":"erleben-sie-die-eisige-frische-von-peach-ice-15000-zuege-im-pulsmodus","status":"publish","type":"product","link":"https:\/\/www.elementvape.de\/et\/produkt\/erleben-sie-die-eisige-frische-von-peach-ice-15000-zuege-im-pulsmodus\/","title":{"rendered":"Koge j\u00e4\u00e4k\u00fclma Peach Ice 15000 suitsu pulsre\u017eiimis"},"content":{"rendered":"<table style=\"font-size: 16px;\">\n<thead>\n<tr>\n<th>Omadus<\/th>\n<th>Spetsifikatsioon<\/th>\n<\/tr>\n<\/thead>\n<tbody>\n<tr>\n<td>Mahvid (tavaline)<\/td>\n<td>25.000<\/td>\n<\/tr>\n<tr>\n<td>Mahvid (impulss)<\/td>\n<td>15.000<\/td>\n<\/tr>\n<tr>\n<td>Topeltv\u00f5rk-kerise<\/td>\n<td>0,8ohm + 0,8ohm<\/td>\n<\/tr>\n<tr>\n<td>E-vedelik<\/td>\n<td>18ml<\/td>\n<\/tr>\n<tr>\n<td>N<\/td>\n<td>2%\u00a0 \/ 5%<\/td>\n<\/tr>\n<tr>\n<td>Aku<\/td>\n<td>13500-750mAh<\/td>\n<\/tr>\n<tr>\n<td>Ekraan<\/td>\n<td>3D k\u00f5ver ekraan, tehisintellekti v\u00f5imsuse reguleerimine<\/td>\n<\/tr>\n<tr>\n<td>Tehnoloogia<\/td>\n<td>Pulsiv\u00f5imsus, Super Boost VPU sees<\/td>\n<\/tr>\n<tr>\n<td>Taask\u00e4ivitatav<\/td>\n<td>T\u00fc\u00fcp-C<\/td>\n<\/tr>\n<tr>\n<td>Toote kaal<\/td>\n<td>100g<\/td>\n<\/tr>\n<tr>\n<td>Toote suurus<\/td>\n<td>91.5<em>56.5<\/em>28,5mm<\/td>\n<\/tr>\n<\/tbody>\n<\/table>\n<h3>Kogege Peach Ice j\u00e4\u00e4k\u00fclma v\u00e4rskust \u2013 15 000 t\u00f5mmet pulssre\u017eiimis<\/h3>\n<p>Sukelduge Peach Ice ELF BOX PULSE X v\u00e4rskendavasse maailma ja kogete suitsutamiskogemust, mis viib teid iga t\u00f5mbega jahedasse, mahlasesse virsiku v\u00e4rskusesse. Magusa virsiku maitse ja j\u00e4\u00e4k\u00fclma noodiga kombinatsioon pakub v\u00f5rreldamatut maitseelamust, mis \u00e4ratab teie meeled ja annab tunde v\u00e4rskusest ja eluj\u00f5ust.<\/p>\n<p>ELF BOX PULSE X-ga saate mitte ainult v\u00e4rskendava maitseelamuse, vaid ka muljetavaldava j\u00f5udluse 15 000 t\u00f5mmet pulssre\u017eiimis. See funktsioon tugevdab iga t\u00f5mmet ja tagab, et saate nautida Peach Ice t\u00e4isv\u00e4\u00e4rtuslikku, intensiivset maitset pikka aega. Pulssre\u017eiim optimeerib j\u00f5udlust, et iga t\u00f5mme oleks mitte ainult maitsev, vaid ka v\u00f5imas.<\/p>\n<h3>Super Boost VPU \u2013 Maksimaalne v\u00e4rskus ja maitse<\/h3>\n<p>Arenenud Super Boost VPU tehnoloogia ELF BOX PULSE X-is suurendab maitset ja tagab rikkaliku aurutootmise. See tehnoloogia muudab iga t\u00f5mbe veelgi v\u00e4rskemaks ja maitsevaks, v\u00f5imaldades teil kogeda Peach Ice j\u00e4\u00e4k\u00fclma v\u00e4rskust kogu oma intensiivsuses. Nautige pikaajalist, v\u00e4rskendavat suitsutamiskogemust, mis j\u00e4tab soovid rahuldamata.<\/p>\n<p>Peach Ice ELF BOX PULSE X on ideaalne valik k\u00f5igile, kes otsivad v\u00e4rskendavat, pikaajalist ja intensiivset suitsutamiskogemust. 15 000 t\u00f5mmet pulssre\u017eiimis pakub v\u00f5rreldamatut maitseelamust, mis iga t\u00f5mbega teid uuesti ja uuesti r\u00f5\u00f5mustab.<\/p>","protected":false},"excerpt":{"rendered":"<p>Omadused Spetsifikatsioonid S\u00f5rmed (Regulaarne) 25 000 s\u00f5rme (Pulse) 15 000 Topeltv\u00f5rkspiraal 0,8ohm + 0,8ohm E-vedelik 18ml N 2%\/ 5% Aku 13500-750mAh Ekraan 3D k\u00f5ver ekraan, AI v\u00f5imsuse reguleerimise tehnoloogia Pulse Power, Super Boost VPU sees Laetav Type-C Toote kaal 100g Toote suurus 91.55 x 6.52 x 8.5 mm Kogege j\u00e4\u00e4k\u00fclma v\u00e4rskust Peach Ice \u2013 15 000 s\u00f5itu pulsire\u017eiimis [\u2026]<\/p>","protected":false},"featured_media":13766,"template":"","meta":{"inline_featured_image":false},"product_cat":[15,78,747,740,734,753,717,732],"product_tag":[710,674],"tiered_pricing_type":"fixed","tiered_pricing_fixed_rules":{"110":"12.39","200":"11.02","500":"9.64"},"tiered_pricing_percentage_rules":[],"tiered_pricing_minimum":1,"_administrator_tiered_pricing_type":"fixed","_administrator_tiered_pricing_fixed_rules":[],"_editor_tiered_pricing_type":"fixed","_editor_tiered_pricing_fixed_rules":[],"_author_tiered_pricing_type":"fixed","_author_tiered_pricing_fixed_rules":[],"_contributor_tiered_pricing_type":"fixed","_contributor_tiered_pricing_fixed_rules":[],"_subscriber_tiered_pricing_type":"fixed","_subscriber_tiered_pricing_fixed_rules":[],"_customer_tiered_pricing_type":"fixed","_customer_tiered_pricing_fixed_rules":[],"_shop_manager_tiered_pricing_type":"fixed","_shop_manager_tiered_pricing_fixed_rules":[],"_wpseo_manager_tiered_pricing_type":"fixed","_wpseo_manager_tiered_pricing_fixed_rules":[],"_wpseo_editor_tiered_pricing_type":"fixed","_wpseo_editor_tiered_pricing_fixed_rules":[],"_wholesale_customer_tiered_pricing_type":"fixed","_wholesale_customer_tiered_pricing_fixed_rules":[],"_marketer_tiered_pricing_type":"fixed","_marketer_tiered_pricing_fixed_rules":[],"_sales_manager_tiered_pricing_type":"fixed","_sales_manager_tiered_pricing_fixed_rules":[],"_sales_rep_tiered_pricing_type":"fixed","_sales_rep_tiered_pricing_fixed_rules":[],"yoast_head":"<!-- This site is optimized with the Yoast SEO plugin v23.3 - https:\/\/yoast.com\/wordpress\/plugins\/seo\/ -->\n<title>Erleben Sie die eisige Frische von Peach Ice 15000 Z\u00fcge im Pulsmodus | ElementVape.de<\/title>\n<meta name=\"description\" content=\"Wir bieten Erleben Sie die eisige Frische von Peach Ice 15000 Z\u00fcge im Pulsmodus , Elementvape.de akzeptieren Gro\u00df-und Einzelhandel Bestellungen.\" \/>\n<meta name=\"robots\" content=\"index, follow, max-snippet:-1, max-image-preview:large, max-video-preview:-1\" \/>\n<link rel=\"canonical\" href=\"https:\/\/www.elementvape.de\/et\/produkt\/erleben-sie-die-eisige-frische-von-peach-ice-15000-zuege-im-pulsmodus\/\" \/>\n<meta property=\"og:locale\" content=\"et_EE\" \/>\n<meta property=\"og:type\" content=\"article\" \/>\n<meta property=\"og:title\" content=\"Erleben Sie die eisige Frische von Peach Ice 15000 Z\u00fcge im Pulsmodus | ElementVape.de\" \/>\n<meta property=\"og:description\" content=\"Wir bieten Erleben Sie die eisige Frische von Peach Ice 15000 Z\u00fcge im Pulsmodus , Elementvape.de akzeptieren Gro\u00df-und Einzelhandel Bestellungen.\" \/>\n<meta property=\"og:url\" content=\"https:\/\/www.elementvape.de\/et\/produkt\/erleben-sie-die-eisige-frische-von-peach-ice-15000-zuege-im-pulsmodus\/\" \/>\n<meta property=\"og:site_name\" content=\"ElementVape.de\" \/>\n<meta property=\"article:modified_time\" content=\"2024-12-12T06:34:56+00:00\" \/>\n<meta property=\"og:image\" content=\"https:\/\/www.elementvape.de\/wp-content\/uploads\/2024\/08\/05.jpg\" \/>\n\t<meta property=\"og:image:width\" content=\"1000\" \/>\n\t<meta property=\"og:image:height\" content=\"1000\" \/>\n\t<meta property=\"og:image:type\" content=\"image\/jpeg\" \/>\n<meta name=\"twitter:card\" content=\"summary_large_image\" \/>\n<meta name=\"twitter:label1\" content=\"Est. reading time\" \/>\n\t<meta name=\"twitter:data1\" content=\"2 minutit\" \/>\n<script type=\"application\/ld+json\" class=\"yoast-schema-graph\">{\"@context\":\"https:\/\/schema.org\",\"@graph\":[{\"@type\":\"WebPage\",\"@id\":\"https:\/\/www.elementvape.de\/produkt\/erleben-sie-die-eisige-frische-von-peach-ice-15000-zuege-im-pulsmodus\/\",\"url\":\"https:\/\/www.elementvape.de\/produkt\/erleben-sie-die-eisige-frische-von-peach-ice-15000-zuege-im-pulsmodus\/\",\"name\":\"Erleben Sie die eisige Frische von Peach Ice 15000 Z\u00fcge im Pulsmodus | ElementVape.de\",\"isPartOf\":{\"@id\":\"https:\/\/www.elementvape.de\/#website\"},\"primaryImageOfPage\":{\"@id\":\"https:\/\/www.elementvape.de\/produkt\/erleben-sie-die-eisige-frische-von-peach-ice-15000-zuege-im-pulsmodus\/#primaryimage\"},\"image\":{\"@id\":\"https:\/\/www.elementvape.de\/produkt\/erleben-sie-die-eisige-frische-von-peach-ice-15000-zuege-im-pulsmodus\/#primaryimage\"},\"thumbnailUrl\":\"https:\/\/www.elementvape.de\/wp-content\/uploads\/2024\/08\/05.jpg\",\"datePublished\":\"2024-08-15T08:56:02+00:00\",\"dateModified\":\"2024-12-12T06:34:56+00:00\",\"description\":\"Wir bieten Erleben Sie die eisige Frische von Peach Ice 15000 Z\u00fcge im Pulsmodus , Elementvape.de akzeptieren Gro\u00df-und Einzelhandel Bestellungen.\",\"breadcrumb\":{\"@id\":\"https:\/\/www.elementvape.de\/produkt\/erleben-sie-die-eisige-frische-von-peach-ice-15000-zuege-im-pulsmodus\/#breadcrumb\"},\"inLanguage\":\"et\",\"potentialAction\":[{\"@type\":\"ReadAction\",\"target\":[\"https:\/\/www.elementvape.de\/produkt\/erleben-sie-die-eisige-frische-von-peach-ice-15000-zuege-im-pulsmodus\/\"]}]},{\"@type\":\"ImageObject\",\"inLanguage\":\"et\",\"@id\":\"https:\/\/www.elementvape.de\/produkt\/erleben-sie-die-eisige-frische-von-peach-ice-15000-zuege-im-pulsmodus\/#primaryimage\",\"url\":\"https:\/\/www.elementvape.de\/wp-content\/uploads\/2024\/08\/05.jpg\",\"contentUrl\":\"https:\/\/www.elementvape.de\/wp-content\/uploads\/2024\/08\/05.jpg\",\"width\":1000,\"height\":1000,\"caption\":\"Peach ice\"},{\"@type\":\"BreadcrumbList\",\"@id\":\"https:\/\/www.elementvape.de\/produkt\/erleben-sie-die-eisige-frische-von-peach-ice-15000-zuege-im-pulsmodus\/#breadcrumb\",\"itemListElement\":[{\"@type\":\"ListItem\",\"position\":1,\"name\":\"Home\",\"item\":\"https:\/\/www.elementvape.de\/\"},{\"@type\":\"ListItem\",\"position\":2,\"name\":\"Shop\",\"item\":\"https:\/\/www.elementvape.de\/shop\/\"},{\"@type\":\"ListItem\",\"position\":3,\"name\":\"Erleben Sie die eisige Frische von Peach Ice 15000 Z\u00fcge im Pulsmodus\"}]},{\"@type\":\"WebSite\",\"@id\":\"https:\/\/www.elementvape.de\/#website\",\"url\":\"https:\/\/www.elementvape.de\/\",\"name\":\"ElementVape.de\",\"description\":\"\",\"publisher\":{\"@id\":\"https:\/\/www.elementvape.de\/#organization\"},\"potentialAction\":[{\"@type\":\"SearchAction\",\"target\":{\"@type\":\"EntryPoint\",\"urlTemplate\":\"https:\/\/www.elementvape.de\/?s={search_term_string}\"},\"query-input\":\"required name=search_term_string\"}],\"inLanguage\":\"et\"},{\"@type\":\"Organization\",\"@id\":\"https:\/\/www.elementvape.de\/#organization\",\"name\":\"ElementVape.DE\",\"url\":\"https:\/\/www.elementvape.de\/\",\"logo\":{\"@type\":\"ImageObject\",\"inLanguage\":\"et\",\"@id\":\"https:\/\/www.elementvape.de\/#\/schema\/logo\/image\/\",\"url\":\"https:\/\/www.elementvape.de\/wp-content\/uploads\/2024\/09\/cropped-1elementvape-3.png\",\"contentUrl\":\"https:\/\/www.elementvape.de\/wp-content\/uploads\/2024\/09\/cropped-1elementvape-3.png\",\"width\":285,\"height\":228,\"caption\":\"ElementVape.DE\"},\"image\":{\"@id\":\"https:\/\/www.elementvape.de\/#\/schema\/logo\/image\/\"}}]}<\/script>\n<!-- \/ Yoast SEO plugin. -->","yoast_head_json":{"title":"Erleben Sie die eisige Frische von Peach Ice 15000 Z\u00fcge im Pulsmodus | ElementVape.de","description":"Wir bieten Erleben Sie die eisige Frische von Peach Ice 15000 Z\u00fcge im Pulsmodus , Elementvape.de akzeptieren Gro\u00df-und Einzelhandel Bestellungen.","robots":{"index":"index","follow":"follow","max-snippet":"max-snippet:-1","max-image-preview":"max-image-preview:large","max-video-preview":"max-video-preview:-1"},"canonical":"https:\/\/www.elementvape.de\/et\/produkt\/erleben-sie-die-eisige-frische-von-peach-ice-15000-zuege-im-pulsmodus\/","og_locale":"et_EE","og_type":"article","og_title":"Erleben Sie die eisige Frische von Peach Ice 15000 Z\u00fcge im Pulsmodus | ElementVape.de","og_description":"Wir bieten Erleben Sie die eisige Frische von Peach Ice 15000 Z\u00fcge im Pulsmodus , Elementvape.de akzeptieren Gro\u00df-und Einzelhandel Bestellungen.","og_url":"https:\/\/www.elementvape.de\/et\/produkt\/erleben-sie-die-eisige-frische-von-peach-ice-15000-zuege-im-pulsmodus\/","og_site_name":"ElementVape.de","article_modified_time":"2024-12-12T06:34:56+00:00","og_image":[{"width":1000,"height":1000,"url":"https:\/\/www.elementvape.de\/wp-content\/uploads\/2024\/08\/05.jpg","type":"image\/jpeg"}],"twitter_card":"summary_large_image","twitter_misc":{"Est. reading time":"2 minutit"},"schema":{"@context":"https:\/\/schema.org","@graph":[{"@type":"WebPage","@id":"https:\/\/www.elementvape.de\/produkt\/erleben-sie-die-eisige-frische-von-peach-ice-15000-zuege-im-pulsmodus\/","url":"https:\/\/www.elementvape.de\/produkt\/erleben-sie-die-eisige-frische-von-peach-ice-15000-zuege-im-pulsmodus\/","name":"Erleben Sie die eisige Frische von Peach Ice 15000 Z\u00fcge im Pulsmodus | ElementVape.de","isPartOf":{"@id":"https:\/\/www.elementvape.de\/#website"},"primaryImageOfPage":{"@id":"https:\/\/www.elementvape.de\/produkt\/erleben-sie-die-eisige-frische-von-peach-ice-15000-zuege-im-pulsmodus\/#primaryimage"},"image":{"@id":"https:\/\/www.elementvape.de\/produkt\/erleben-sie-die-eisige-frische-von-peach-ice-15000-zuege-im-pulsmodus\/#primaryimage"},"thumbnailUrl":"https:\/\/www.elementvape.de\/wp-content\/uploads\/2024\/08\/05.jpg","datePublished":"2024-08-15T08:56:02+00:00","dateModified":"2024-12-12T06:34:56+00:00","description":"Wir bieten Erleben Sie die eisige Frische von Peach Ice 15000 Z\u00fcge im Pulsmodus , Elementvape.de akzeptieren Gro\u00df-und Einzelhandel Bestellungen.","breadcrumb":{"@id":"https:\/\/www.elementvape.de\/produkt\/erleben-sie-die-eisige-frische-von-peach-ice-15000-zuege-im-pulsmodus\/#breadcrumb"},"inLanguage":"et","potentialAction":[{"@type":"ReadAction","target":["https:\/\/www.elementvape.de\/produkt\/erleben-sie-die-eisige-frische-von-peach-ice-15000-zuege-im-pulsmodus\/"]}]},{"@type":"ImageObject","inLanguage":"et","@id":"https:\/\/www.elementvape.de\/produkt\/erleben-sie-die-eisige-frische-von-peach-ice-15000-zuege-im-pulsmodus\/#primaryimage","url":"https:\/\/www.elementvape.de\/wp-content\/uploads\/2024\/08\/05.jpg","contentUrl":"https:\/\/www.elementvape.de\/wp-content\/uploads\/2024\/08\/05.jpg","width":1000,"height":1000,"caption":"Peach ice"},{"@type":"BreadcrumbList","@id":"https:\/\/www.elementvape.de\/produkt\/erleben-sie-die-eisige-frische-von-peach-ice-15000-zuege-im-pulsmodus\/#breadcrumb","itemListElement":[{"@type":"ListItem","position":1,"name":"Home","item":"https:\/\/www.elementvape.de\/"},{"@type":"ListItem","position":2,"name":"Shop","item":"https:\/\/www.elementvape.de\/shop\/"},{"@type":"ListItem","position":3,"name":"Erleben Sie die eisige Frische von Peach Ice 15000 Z\u00fcge im Pulsmodus"}]},{"@type":"WebSite","@id":"https:\/\/www.elementvape.de\/#website","url":"https:\/\/www.elementvape.de\/","name":"ElementVape.de","description":"","publisher":{"@id":"https:\/\/www.elementvape.de\/#organization"},"potentialAction":[{"@type":"SearchAction","target":{"@type":"EntryPoint","urlTemplate":"https:\/\/www.elementvape.de\/?s={search_term_string}"},"query-input":"required name=search_term_string"}],"inLanguage":"et"},{"@type":"Organization","@id":"https:\/\/www.elementvape.de\/#organization","name":"ElementVape.DE","url":"https:\/\/www.elementvape.de\/","logo":{"@type":"ImageObject","inLanguage":"et","@id":"https:\/\/www.elementvape.de\/#\/schema\/logo\/image\/","url":"https:\/\/www.elementvape.de\/wp-content\/uploads\/2024\/09\/cropped-1elementvape-3.png","contentUrl":"https:\/\/www.elementvape.de\/wp-content\/uploads\/2024\/09\/cropped-1elementvape-3.png","width":285,"height":228,"caption":"ElementVape.DE"},"image":{"@id":"https:\/\/www.elementvape.de\/#\/schema\/logo\/image\/"}}]}},"_links":{"self":[{"href":"https:\/\/www.elementvape.de\/et\/wp-json\/wp\/v2\/product\/13765"}],"collection":[{"href":"https:\/\/www.elementvape.de\/et\/wp-json\/wp\/v2\/product"}],"about":[{"href":"https:\/\/www.elementvape.de\/et\/wp-json\/wp\/v2\/types\/product"}],"wp:featuredmedia":[{"embeddable":true,"href":"https:\/\/www.elementvape.de\/et\/wp-json\/wp\/v2\/media\/13766"}],"wp:attachment":[{"href":"https:\/\/www.elementvape.de\/et\/wp-json\/wp\/v2\/media?parent=13765"}],"wp:term":[{"taxonomy":"product_cat","embeddable":true,"href":"https:\/\/www.elementvape.de\/et\/wp-json\/wp\/v2\/product_cat?post=13765"},{"taxonomy":"product_tag","embeddable":true,"href":"https:\/\/www.elementvape.de\/et\/wp-json\/wp\/v2\/product_tag?post=13765"}],"curies":[{"name":"wp","href":"https:\/\/api.w.org\/{rel}","templated":true}]}}