{"id":13719,"date":"2024-08-09T09:50:02","date_gmt":"2024-08-09T09:50:02","guid":{"rendered":"https:\/\/www.elementvape.de\/?post_type=product&#038;p=13719"},"modified":"2024-12-12T06:35:00","modified_gmt":"2024-12-12T06:35:00","slug":"strawberry-ice-elf-box-ls15000-grosshandel-erleben-high-end-glueck-15000-puffs-heisser-verkauf","status":"publish","type":"product","link":"https:\/\/www.elementvape.de\/et\/produkt\/strawberry-ice-elf-box-ls15000-grosshandel-erleben-high-end-glueck-15000-puffs-heisser-verkauf\/","title":{"rendered":"Strawberry ice ELF BOX LS15000 hulgim\u00fc\u00fck, kogemused k\u00f5rgklassi \u00f5nne, 15000 suitsu kuum m\u00fc\u00fck"},"content":{"rendered":"<p>Strawberry Ice ELF BOX LS15000 pakub teile v\u00e4rskendavat maitseelamust, mis viib teid k\u00f5rgkvaliteetsete suitsuelamuste maailma. Maitse \u00fchendab k\u00fcpsete maasikate magusa mahlakuse ja jahutava j\u00e4\u00e4h\u00f5nguga, mis pakub v\u00f5rreldamatut ergutavat tunnet. Iga t\u00f5mme on nauding, mis v\u00e4rskendab teie meeli ja annab tunde, nagu sukelduksite suvesse suve ajal.<\/p>\n<p>Naudi t\u00e4iuslikku tasakaalu maasikate loomuliku magususe ja v\u00e4rskendava jaheduse vahel, mis muudab selle maitse eriti eriliseks. Strawberry Ice E-suitsetis muudab iga hetke luksuslikuks suitsuelamuseks ning tagab, et iga t\u00f5mme tundub eriline ja hellitatud.<\/p>\n<h3>15 000 suitsu eelised<\/h3>\n<h4>L\u00f5plik vastupidavus k\u00f5rgeima mugavuse jaoks<\/h4>\n<p>Strawberry Ice ELF BOX LS15000 on m\u00f5eldud kuni 15 000 t\u00f5mbeni. See erakordne suitsu arv t\u00e4hendab, et saate nautida pikaajalist ja j\u00e4rjepidevat suitsuelamust ilma pideva t\u00e4itmise v\u00f5i sagedase vahetuseta. K\u00f5rge vastupidavus muudab selle ideaalseks valikuks neile, kes otsivad esmaklassilist ja pikaajalist suitsuelamust.<\/p>\n<p>Selle suure suitsu arvuga saate mitte ainult pikaajalist kasutamist, vaid ka alati usaldusv\u00e4\u00e4rset maitseelamust. ELF BOX LS15000 annab teile vabaduse nautida suitsuelamust ilma katkestusteta v\u00f5i kompromissideta, muutes selle eriti atraktiivseks igap\u00e4evaseks kasutamiseks.<\/p>\n<h4>Tipptehnoloogia mesh-coil tehnoloogia<\/h4>\n<p>15 000 t\u00f5mmet v\u00f5imaldab kaasaegne mesh-coil tehnoloogia, mis tagab \u00fchtlase kuumuse ja j\u00e4rjepideva k\u00f5rge kvaliteediga suitsuelamuse. 0,6 ohmi mesh-coilid optimeerivad E-vedeliku kasutamist ja tagavad tiheda, maitseka auru, mis on iga kord nauditav. See tehnoloogia maksimeerib t\u00f5hususe ja eluea, muutes selle eriti usaldusv\u00e4\u00e4rseks.<\/p>\n<p>Kogege mesh-coilide erakordset j\u00f5udlust, mis tagab \u00fchtlase kuumuse ja seega ideaalse suitsu segu. Edasij\u00f5udnud tehnoloogia garanteerib, et saate kogu suitsu eluea jooksul nautida j\u00e4rjepidevalt k\u00f5rget maitseelamust.<\/p>\n<h3>Hulgihinnad ja kvaliteetne teenindus<\/h3>\n<h4>Eksklusiivsed hulgihinnad edasim\u00fc\u00fcjatele<\/h4>\n<p>Kasuta Strawberry Ice ELF BOX LS15000 eksklusiivseid hulgihindu ja koge, kui lihtne on pakkuda esmaklassilisi tooteid konkurentsiv\u00f5imelise hinnaga. Konkurentsiv\u00f5imelised hinnad v\u00f5imaldavad sul pakkuda klientidele kvaliteetset toodet suurep\u00e4rase hinna ja kvaliteedi suhtega. See muudab selle E-suitseti suurep\u00e4raseks valikuks jaem\u00fc\u00fcjatele ning hulgim\u00fc\u00fcjatele, kes soovivad pakkuda klientidele k\u00f5rgekvaliteedilisi suitsuelamusi.<\/p>\n<h4>Turvaline ja usaldusv\u00e4\u00e4rne saatmine<\/h4>\n<p>Lisaks suurep\u00e4rastele hindadele tagab meie esmaklassiline teenindus ka turvalise ja usaldusv\u00e4\u00e4rse kohaletoimetamise. Strawberry Ice ELF BOX LS15000 pakitakse hoolikalt ja toimetatakse \u00f5igeaegselt, et saaksite tooteid laitmatus seisukorras. Usalda meie t\u00f5husat logistikat, et tagada sujuv ja stressivaba kohaletoimetamine, mis vastab sinu ootustele.<\/p>\n<p>Strawberry Ice 15000 suitsu ELF BOX LS15000 pakub teile mitte ainult erakordset maitseelamust, vaid ka silmapaistvat j\u00f5udlust ja esmaklassilisi hulgihindu. Koge luksust ja mugavust kvaliteetse E-suitseti abil ning muuda see oma j\u00e4rgmise parimaks m\u00fc\u00fcgiartikliks.<\/p>","protected":false},"excerpt":{"rendered":"<p>Die Strawberry Ice ELF BOX LS15000 bietet Ihnen ein erfrischendes Geschmackserlebnis, das Sie in die Welt der hochwertigen Dampferlebnisse entf\u00fchrt. Der Geschmack vereint die s\u00fc\u00dfe Fruchtigkeit reifer Erdbeeren mit einem k\u00fchlenden Hauch von Eis, der ein unvergleichlich belebendes Gef\u00fchl bietet. Jeder Zug ist ein Genuss, der Ihre Sinne erfrischt und Ihnen das Gef\u00fchl gibt, als [&hellip;]<\/p>","protected":false},"featured_media":13720,"template":"","meta":{"inline_featured_image":false},"product_cat":[15,78,747,740,734,753,716,732],"product_tag":[710,674],"tiered_pricing_type":"fixed","tiered_pricing_fixed_rules":{"110":"7.54","200":"6.68","500":"5.85"},"tiered_pricing_percentage_rules":[],"tiered_pricing_minimum":1,"_administrator_tiered_pricing_type":"fixed","_administrator_tiered_pricing_fixed_rules":[],"_editor_tiered_pricing_type":"fixed","_editor_tiered_pricing_fixed_rules":[],"_author_tiered_pricing_type":"fixed","_author_tiered_pricing_fixed_rules":[],"_contributor_tiered_pricing_type":"fixed","_contributor_tiered_pricing_fixed_rules":[],"_subscriber_tiered_pricing_type":"fixed","_subscriber_tiered_pricing_fixed_rules":[],"_customer_tiered_pricing_type":"fixed","_customer_tiered_pricing_fixed_rules":[],"_shop_manager_tiered_pricing_type":"fixed","_shop_manager_tiered_pricing_fixed_rules":[],"_wpseo_manager_tiered_pricing_type":"fixed","_wpseo_manager_tiered_pricing_fixed_rules":[],"_wpseo_editor_tiered_pricing_type":"fixed","_wpseo_editor_tiered_pricing_fixed_rules":[],"_wholesale_customer_tiered_pricing_type":"fixed","_wholesale_customer_tiered_pricing_fixed_rules":[],"_marketer_tiered_pricing_type":"fixed","_marketer_tiered_pricing_fixed_rules":[],"_sales_manager_tiered_pricing_type":"fixed","_sales_manager_tiered_pricing_fixed_rules":[],"_sales_rep_tiered_pricing_type":"fixed","_sales_rep_tiered_pricing_fixed_rules":[],"yoast_head":"<!-- This site is optimized with the Yoast SEO plugin v23.3 - https:\/\/yoast.com\/wordpress\/plugins\/seo\/ -->\n<title>Strawberry ice ELF BOX LS15000 Gro\u00dfhandel erleben High-End-Gl\u00fcck 15000 Puffs hei\u00dfer Verkauf | ElementVape.de<\/title>\n<meta name=\"description\" content=\"Wir bieten Strawberry ice ELF BOX LS15000 Gro\u00dfhandel erleben High-End-Gl\u00fcck 15000 Puffs hei\u00dfer Verkauf , Elementvape.de akzeptieren Gro\u00df-und Einzelhandel Bestellungen.\" \/>\n<meta name=\"robots\" content=\"index, follow, max-snippet:-1, max-image-preview:large, max-video-preview:-1\" \/>\n<link rel=\"canonical\" href=\"https:\/\/www.elementvape.de\/et\/produkt\/strawberry-ice-elf-box-ls15000-grosshandel-erleben-high-end-glueck-15000-puffs-heisser-verkauf\/\" \/>\n<meta property=\"og:locale\" content=\"et_EE\" \/>\n<meta property=\"og:type\" content=\"article\" \/>\n<meta property=\"og:title\" content=\"Strawberry ice ELF BOX LS15000 Gro\u00dfhandel erleben High-End-Gl\u00fcck 15000 Puffs hei\u00dfer Verkauf | ElementVape.de\" \/>\n<meta property=\"og:description\" content=\"Wir bieten Strawberry ice ELF BOX LS15000 Gro\u00dfhandel erleben High-End-Gl\u00fcck 15000 Puffs hei\u00dfer Verkauf , Elementvape.de akzeptieren Gro\u00df-und Einzelhandel Bestellungen.\" \/>\n<meta property=\"og:url\" content=\"https:\/\/www.elementvape.de\/et\/produkt\/strawberry-ice-elf-box-ls15000-grosshandel-erleben-high-end-glueck-15000-puffs-heisser-verkauf\/\" \/>\n<meta property=\"og:site_name\" content=\"ElementVape.de\" \/>\n<meta property=\"article:modified_time\" content=\"2024-12-12T06:35:00+00:00\" \/>\n<meta property=\"og:image\" content=\"https:\/\/www.elementvape.de\/wp-content\/uploads\/2024\/08\/Strawberry-ice.png\" \/>\n\t<meta property=\"og:image:width\" content=\"1000\" \/>\n\t<meta property=\"og:image:height\" content=\"1000\" \/>\n\t<meta property=\"og:image:type\" content=\"image\/png\" \/>\n<meta name=\"twitter:card\" content=\"summary_large_image\" \/>\n<meta name=\"twitter:label1\" content=\"Est. reading time\" \/>\n\t<meta name=\"twitter:data1\" content=\"3 minutit\" \/>\n<script type=\"application\/ld+json\" class=\"yoast-schema-graph\">{\"@context\":\"https:\/\/schema.org\",\"@graph\":[{\"@type\":\"WebPage\",\"@id\":\"https:\/\/www.elementvape.de\/el\/produkt\/strawberry-ice-elf-box-ls15000-grosshandel-erleben-high-end-glueck-15000-puffs-heisser-verkauf\/\",\"url\":\"https:\/\/www.elementvape.de\/el\/produkt\/strawberry-ice-elf-box-ls15000-grosshandel-erleben-high-end-glueck-15000-puffs-heisser-verkauf\/\",\"name\":\"Strawberry ice ELF BOX LS15000 Gro\u00dfhandel erleben High-End-Gl\u00fcck 15000 Puffs hei\u00dfer Verkauf | ElementVape.de\",\"isPartOf\":{\"@id\":\"https:\/\/www.elementvape.de\/#website\"},\"primaryImageOfPage\":{\"@id\":\"https:\/\/www.elementvape.de\/el\/produkt\/strawberry-ice-elf-box-ls15000-grosshandel-erleben-high-end-glueck-15000-puffs-heisser-verkauf\/#primaryimage\"},\"image\":{\"@id\":\"https:\/\/www.elementvape.de\/el\/produkt\/strawberry-ice-elf-box-ls15000-grosshandel-erleben-high-end-glueck-15000-puffs-heisser-verkauf\/#primaryimage\"},\"thumbnailUrl\":\"https:\/\/www.elementvape.de\/wp-content\/uploads\/2024\/08\/Strawberry-ice.png\",\"datePublished\":\"2024-08-09T09:50:02+00:00\",\"dateModified\":\"2024-12-12T06:35:00+00:00\",\"description\":\"Wir bieten Strawberry ice ELF BOX LS15000 Gro\u00dfhandel erleben High-End-Gl\u00fcck 15000 Puffs hei\u00dfer Verkauf , Elementvape.de akzeptieren Gro\u00df-und Einzelhandel Bestellungen.\",\"breadcrumb\":{\"@id\":\"https:\/\/www.elementvape.de\/el\/produkt\/strawberry-ice-elf-box-ls15000-grosshandel-erleben-high-end-glueck-15000-puffs-heisser-verkauf\/#breadcrumb\"},\"inLanguage\":\"et\",\"potentialAction\":[{\"@type\":\"ReadAction\",\"target\":[\"https:\/\/www.elementvape.de\/el\/produkt\/strawberry-ice-elf-box-ls15000-grosshandel-erleben-high-end-glueck-15000-puffs-heisser-verkauf\/\"]}]},{\"@type\":\"ImageObject\",\"inLanguage\":\"et\",\"@id\":\"https:\/\/www.elementvape.de\/el\/produkt\/strawberry-ice-elf-box-ls15000-grosshandel-erleben-high-end-glueck-15000-puffs-heisser-verkauf\/#primaryimage\",\"url\":\"https:\/\/www.elementvape.de\/wp-content\/uploads\/2024\/08\/Strawberry-ice.png\",\"contentUrl\":\"https:\/\/www.elementvape.de\/wp-content\/uploads\/2024\/08\/Strawberry-ice.png\",\"width\":1000,\"height\":1000,\"caption\":\"Strawberry ice\"},{\"@type\":\"BreadcrumbList\",\"@id\":\"https:\/\/www.elementvape.de\/el\/produkt\/strawberry-ice-elf-box-ls15000-grosshandel-erleben-high-end-glueck-15000-puffs-heisser-verkauf\/#breadcrumb\",\"itemListElement\":[{\"@type\":\"ListItem\",\"position\":1,\"name\":\"Home\",\"item\":\"https:\/\/www.elementvape.de\/\"},{\"@type\":\"ListItem\",\"position\":2,\"name\":\"Shop\",\"item\":\"https:\/\/www.elementvape.de\/shop\/\"},{\"@type\":\"ListItem\",\"position\":3,\"name\":\"Strawberry ice ELF BOX LS15000 Gro\u00dfhandel erleben High-End-Gl\u00fcck 15000 Puffs hei\u00dfer Verkauf\"}]},{\"@type\":\"WebSite\",\"@id\":\"https:\/\/www.elementvape.de\/#website\",\"url\":\"https:\/\/www.elementvape.de\/\",\"name\":\"ElementVape.de\",\"description\":\"\",\"publisher\":{\"@id\":\"https:\/\/www.elementvape.de\/#organization\"},\"potentialAction\":[{\"@type\":\"SearchAction\",\"target\":{\"@type\":\"EntryPoint\",\"urlTemplate\":\"https:\/\/www.elementvape.de\/?s={search_term_string}\"},\"query-input\":\"required name=search_term_string\"}],\"inLanguage\":\"et\"},{\"@type\":\"Organization\",\"@id\":\"https:\/\/www.elementvape.de\/#organization\",\"name\":\"ElementVape.DE\",\"url\":\"https:\/\/www.elementvape.de\/\",\"logo\":{\"@type\":\"ImageObject\",\"inLanguage\":\"et\",\"@id\":\"https:\/\/www.elementvape.de\/#\/schema\/logo\/image\/\",\"url\":\"https:\/\/www.elementvape.de\/wp-content\/uploads\/2024\/09\/cropped-1elementvape-3.png\",\"contentUrl\":\"https:\/\/www.elementvape.de\/wp-content\/uploads\/2024\/09\/cropped-1elementvape-3.png\",\"width\":285,\"height\":228,\"caption\":\"ElementVape.DE\"},\"image\":{\"@id\":\"https:\/\/www.elementvape.de\/#\/schema\/logo\/image\/\"}}]}<\/script>\n<!-- \/ Yoast SEO plugin. -->","yoast_head_json":{"title":"Strawberry ice ELF BOX LS15000 Gro\u00dfhandel erleben High-End-Gl\u00fcck 15000 Puffs hei\u00dfer Verkauf | ElementVape.de","description":"Wir bieten Strawberry ice ELF BOX LS15000 Gro\u00dfhandel erleben High-End-Gl\u00fcck 15000 Puffs hei\u00dfer Verkauf , Elementvape.de akzeptieren Gro\u00df-und Einzelhandel Bestellungen.","robots":{"index":"index","follow":"follow","max-snippet":"max-snippet:-1","max-image-preview":"max-image-preview:large","max-video-preview":"max-video-preview:-1"},"canonical":"https:\/\/www.elementvape.de\/et\/produkt\/strawberry-ice-elf-box-ls15000-grosshandel-erleben-high-end-glueck-15000-puffs-heisser-verkauf\/","og_locale":"et_EE","og_type":"article","og_title":"Strawberry ice ELF BOX LS15000 Gro\u00dfhandel erleben High-End-Gl\u00fcck 15000 Puffs hei\u00dfer Verkauf | ElementVape.de","og_description":"Wir bieten Strawberry ice ELF BOX LS15000 Gro\u00dfhandel erleben High-End-Gl\u00fcck 15000 Puffs hei\u00dfer Verkauf , Elementvape.de akzeptieren Gro\u00df-und Einzelhandel Bestellungen.","og_url":"https:\/\/www.elementvape.de\/et\/produkt\/strawberry-ice-elf-box-ls15000-grosshandel-erleben-high-end-glueck-15000-puffs-heisser-verkauf\/","og_site_name":"ElementVape.de","article_modified_time":"2024-12-12T06:35:00+00:00","og_image":[{"width":1000,"height":1000,"url":"https:\/\/www.elementvape.de\/wp-content\/uploads\/2024\/08\/Strawberry-ice.png","type":"image\/png"}],"twitter_card":"summary_large_image","twitter_misc":{"Est. reading time":"3 minutit"},"schema":{"@context":"https:\/\/schema.org","@graph":[{"@type":"WebPage","@id":"https:\/\/www.elementvape.de\/el\/produkt\/strawberry-ice-elf-box-ls15000-grosshandel-erleben-high-end-glueck-15000-puffs-heisser-verkauf\/","url":"https:\/\/www.elementvape.de\/el\/produkt\/strawberry-ice-elf-box-ls15000-grosshandel-erleben-high-end-glueck-15000-puffs-heisser-verkauf\/","name":"Strawberry ice ELF BOX LS15000 Gro\u00dfhandel erleben High-End-Gl\u00fcck 15000 Puffs hei\u00dfer Verkauf | ElementVape.de","isPartOf":{"@id":"https:\/\/www.elementvape.de\/#website"},"primaryImageOfPage":{"@id":"https:\/\/www.elementvape.de\/el\/produkt\/strawberry-ice-elf-box-ls15000-grosshandel-erleben-high-end-glueck-15000-puffs-heisser-verkauf\/#primaryimage"},"image":{"@id":"https:\/\/www.elementvape.de\/el\/produkt\/strawberry-ice-elf-box-ls15000-grosshandel-erleben-high-end-glueck-15000-puffs-heisser-verkauf\/#primaryimage"},"thumbnailUrl":"https:\/\/www.elementvape.de\/wp-content\/uploads\/2024\/08\/Strawberry-ice.png","datePublished":"2024-08-09T09:50:02+00:00","dateModified":"2024-12-12T06:35:00+00:00","description":"Wir bieten Strawberry ice ELF BOX LS15000 Gro\u00dfhandel erleben High-End-Gl\u00fcck 15000 Puffs hei\u00dfer Verkauf , Elementvape.de akzeptieren Gro\u00df-und Einzelhandel Bestellungen.","breadcrumb":{"@id":"https:\/\/www.elementvape.de\/el\/produkt\/strawberry-ice-elf-box-ls15000-grosshandel-erleben-high-end-glueck-15000-puffs-heisser-verkauf\/#breadcrumb"},"inLanguage":"et","potentialAction":[{"@type":"ReadAction","target":["https:\/\/www.elementvape.de\/el\/produkt\/strawberry-ice-elf-box-ls15000-grosshandel-erleben-high-end-glueck-15000-puffs-heisser-verkauf\/"]}]},{"@type":"ImageObject","inLanguage":"et","@id":"https:\/\/www.elementvape.de\/el\/produkt\/strawberry-ice-elf-box-ls15000-grosshandel-erleben-high-end-glueck-15000-puffs-heisser-verkauf\/#primaryimage","url":"https:\/\/www.elementvape.de\/wp-content\/uploads\/2024\/08\/Strawberry-ice.png","contentUrl":"https:\/\/www.elementvape.de\/wp-content\/uploads\/2024\/08\/Strawberry-ice.png","width":1000,"height":1000,"caption":"Strawberry ice"},{"@type":"BreadcrumbList","@id":"https:\/\/www.elementvape.de\/el\/produkt\/strawberry-ice-elf-box-ls15000-grosshandel-erleben-high-end-glueck-15000-puffs-heisser-verkauf\/#breadcrumb","itemListElement":[{"@type":"ListItem","position":1,"name":"Home","item":"https:\/\/www.elementvape.de\/"},{"@type":"ListItem","position":2,"name":"Shop","item":"https:\/\/www.elementvape.de\/shop\/"},{"@type":"ListItem","position":3,"name":"Strawberry ice ELF BOX LS15000 Gro\u00dfhandel erleben High-End-Gl\u00fcck 15000 Puffs hei\u00dfer Verkauf"}]},{"@type":"WebSite","@id":"https:\/\/www.elementvape.de\/#website","url":"https:\/\/www.elementvape.de\/","name":"ElementVape.de","description":"","publisher":{"@id":"https:\/\/www.elementvape.de\/#organization"},"potentialAction":[{"@type":"SearchAction","target":{"@type":"EntryPoint","urlTemplate":"https:\/\/www.elementvape.de\/?s={search_term_string}"},"query-input":"required name=search_term_string"}],"inLanguage":"et"},{"@type":"Organization","@id":"https:\/\/www.elementvape.de\/#organization","name":"ElementVape.DE","url":"https:\/\/www.elementvape.de\/","logo":{"@type":"ImageObject","inLanguage":"et","@id":"https:\/\/www.elementvape.de\/#\/schema\/logo\/image\/","url":"https:\/\/www.elementvape.de\/wp-content\/uploads\/2024\/09\/cropped-1elementvape-3.png","contentUrl":"https:\/\/www.elementvape.de\/wp-content\/uploads\/2024\/09\/cropped-1elementvape-3.png","width":285,"height":228,"caption":"ElementVape.DE"},"image":{"@id":"https:\/\/www.elementvape.de\/#\/schema\/logo\/image\/"}}]}},"_links":{"self":[{"href":"https:\/\/www.elementvape.de\/et\/wp-json\/wp\/v2\/product\/13719"}],"collection":[{"href":"https:\/\/www.elementvape.de\/et\/wp-json\/wp\/v2\/product"}],"about":[{"href":"https:\/\/www.elementvape.de\/et\/wp-json\/wp\/v2\/types\/product"}],"wp:featuredmedia":[{"embeddable":true,"href":"https:\/\/www.elementvape.de\/et\/wp-json\/wp\/v2\/media\/13720"}],"wp:attachment":[{"href":"https:\/\/www.elementvape.de\/et\/wp-json\/wp\/v2\/media?parent=13719"}],"wp:term":[{"taxonomy":"product_cat","embeddable":true,"href":"https:\/\/www.elementvape.de\/et\/wp-json\/wp\/v2\/product_cat?post=13719"},{"taxonomy":"product_tag","embeddable":true,"href":"https:\/\/www.elementvape.de\/et\/wp-json\/wp\/v2\/product_tag?post=13719"}],"curies":[{"name":"wp","href":"https:\/\/api.w.org\/{rel}","templated":true}]}}