{"id":13697,"date":"2024-08-08T03:48:30","date_gmt":"2024-08-08T03:48:30","guid":{"rendered":"https:\/\/www.elementvape.de\/?post_type=product&#038;p=13697"},"modified":"2024-12-12T06:35:05","modified_gmt":"2024-12-12T06:35:05","slug":"blackberry-ice-15000-puffs-elf-box-ls15000-fabrik-grosshandelspreis-weltweiter-versand-zollfreie-produkte","status":"publish","type":"product","link":"https:\/\/www.elementvape.de\/et\/produkt\/blackberry-ice-15000-puffs-elf-box-ls15000-fabrik-grosshandelspreis-weltweiter-versand-zollfreie-produkte\/","title":{"rendered":"Blackberry ice 15000 t\u00f5mmet ELF BOX LS15000 tehasehinnaga \u00fclemaailmne saatmine tollivabad tooted"},"content":{"rendered":"<h2>Musts\u00f5stra J\u00e4\u00e4tis 15000 Puhangut ELF BOX LS15000<\/h2>\n<table>\n<thead>\n<tr>\n<th>Omadus<\/th>\n<th>Spetsifikatsioon<\/th>\n<\/tr>\n<\/thead>\n<tbody>\n<tr>\n<td>Puffid<\/td>\n<td>15000<\/td>\n<\/tr>\n<tr>\n<td>S\u00fcdamik<\/td>\n<td>v\u00f5rgspiraal 0.6ohm<\/td>\n<\/tr>\n<tr>\n<td>E-vedelik<\/td>\n<td>26ml<\/td>\n<\/tr>\n<tr>\n<td>N<\/td>\n<td>2% \/ 5%<\/td>\n<\/tr>\n<tr>\n<td>Aku<\/td>\n<td>18250-600mAh<\/td>\n<\/tr>\n<tr>\n<td>Taask\u00e4ivitatav<\/td>\n<td>T\u00fc\u00fcp-C<\/td>\n<\/tr>\n<tr>\n<td>Toote kaal<\/td>\n<td>91g<\/td>\n<\/tr>\n<tr>\n<td>Toote suurus<\/td>\n<td>124,5*31,5mm<\/td>\n<\/tr>\n<\/tbody>\n<\/table>\n<p>Brombeeri j\u00e4\u00e4tise maitse on harmooniline segu looduslikust magususest ja kerge hapukusest v\u00e4rskete musts\u00f5starde maitses, kombineeritud jaheda, v\u00e4rskendava j\u00e4\u00e4tise komponendiga. See maitsekooslus pakub erakordset suitsutamiskogemust, mis on nii puuviljane kui ka v\u00e4rskendav, ideaalne neile, kes otsivad vaheldust traditsiooniliste tubaka- v\u00f5i \u00fchtlaselt magusate e-vedelike vahel. ELF BOX LS15000 musts\u00f5straj\u00e4\u00e4tise maitse on loodud nii, et iga t\u00f5mme pakub intensiivset, aromaatset kogemust.<\/p>\n<h3>15 000 t\u00f5mbe eelised:<\/h3>\n<h4>Pikem kasutusiga:<\/h4>\n<p>Blackberry Ice ELF BOX LS15000 on disainitud kuni 15 000 t\u00f5mbe pakkumiseks, mis teeb sellest \u00fche vastupidavama \u00fchekordse e-sigareti turul. See suur t\u00f5mbe arv tagab kasutajatele pikema aja nautimise, ilma et peaks muretsema sagedase vahetamise v\u00f5i t\u00e4itmise p\u00e4rast. See muudab ELF BOX LS15000 eriti praktiliseks ja kulut\u00f5husaks.<\/p>\n<h4>Tipptehnoloogia Mesh-Coil tehnoloogia:<\/h4>\n<p>Veel \u00fcheks 15 000 t\u00f5mbe eeliseks on kasutusel arenenud Mesh-Coil tehnoloogia. 0,6 oomi Mesh-Coilid pakuvad \u00fchtlast ja t\u00f5husat kuumuse jaotust, mis tagab j\u00e4rjepideva maitseelamuse ja tihedama auru. See tehnoloogia maksimeerib e-vedeliku ja aku kasutusaja, v\u00f5imaldades nii suure puffide arvu.<\/p>\n<h4>Suur e-vedeliku maht:<\/h4>\n<p>Blackberry Ice ELF BOX LS15000 sisaldab 26 ml e-vedelikku, mis m\u00e4ngib olulist rolli 15 000 t\u00f5mbe pakkumisel. See suur maht tagab kasutajatele pikema aja jooksul intensiivse ja maitseka suitsutamiskogemuse, ilma et e-vedelik kiiresti otsa saaks. Suur e-vedeliku maht ja t\u00f5husa coil-tehnoloogia kombinatsioon muudab selle <strong><a href=\"https:\/\/www.elementvape.de\/et\/\">E-sigarett<\/a><\/strong> eriti vastupidavaks ja usaldusv\u00e4\u00e4rseks.<\/p>\n<h3>Tehnoloogiline \u00fcleolek:<\/h3>\n<h4>V\u00f5imas aku:<\/h4>\n<p>ELF BOX LS15000 on varustatud v\u00f5imsa 18250-600mAh akuga, mis on m\u00f5eldud 15 000 t\u00f5mbamise jaoks. See aku tagab stabiilse j\u00f5udluse ja v\u00f5imaldab pikaajalist kasutamist ilma sagedase laadimiseta. Taastatav Type-C \u00fchendus pakub t\u00e4iendavat mugavust ja paindlikkust.<\/p>\n<h4>Kasutajas\u00f5bralik disain:<\/h4>\n<p>Ainult 91g kaaluga ja kompaktse m\u00f5\u00f5tmetega 124,5*31,5mm on ELF BOX LS15000 \u00e4\u00e4rmiselt kaasaskantav ja lihtne k\u00e4sitleda. Kasutajas\u00f5bralik disain muudab selle ideaalseks valikuks liikvel olles, ilma et ohverdatakse j\u00f5udlust v\u00f5i maitset.<\/p>\n<p>Blackberry Ice 15000 Puffs ELF BOX LS15000 on ideaalne valik k\u00f5igile, kes otsivad vastupidavat, maitsekat ja kvaliteetset suitsutamiskogemust. Oma eristuva musts\u00f5straj\u00e4\u00e4tise maitse ja tehnoloogiliste eelistega seab ta uusi standardeid \u00fchekordsete e-sigarettide valdkonnas.<\/p>","protected":false},"excerpt":{"rendered":"<p>Blackberry Ice 15000 Puffs ELF BOX LS15000 Merkmal Spezifikation Puffs 15000 Core Mesh coil 0.6ohm E-Liquid 26ml N 2% \/ 5% Batterie 18250-600mAh Wiederaufladbar Type-C Produktgewicht 91g Produktgr\u00f6\u00dfe 124.5*31.5mm Der Geschmack von Brombeereis ist eine harmonische Mischung aus der nat\u00fcrlichen S\u00fc\u00dfe und leicht s\u00e4uerlichen Note von frischen Brombeeren, kombiniert mit einer k\u00fchlen, erfrischenden Eis-Komponente. Diese [&hellip;]<\/p>","protected":false},"featured_media":13695,"template":"","meta":{"inline_featured_image":false},"product_cat":[15,78,747,740,734,753,716,732],"product_tag":[710,674],"tiered_pricing_type":"fixed","tiered_pricing_fixed_rules":{"110":"7.54","200":"6.68","500":"5.85"},"tiered_pricing_percentage_rules":[],"tiered_pricing_minimum":1,"_administrator_tiered_pricing_type":"fixed","_administrator_tiered_pricing_fixed_rules":[],"_editor_tiered_pricing_type":"fixed","_editor_tiered_pricing_fixed_rules":[],"_author_tiered_pricing_type":"fixed","_author_tiered_pricing_fixed_rules":[],"_contributor_tiered_pricing_type":"fixed","_contributor_tiered_pricing_fixed_rules":[],"_subscriber_tiered_pricing_type":"fixed","_subscriber_tiered_pricing_fixed_rules":[],"_customer_tiered_pricing_type":"fixed","_customer_tiered_pricing_fixed_rules":[],"_shop_manager_tiered_pricing_type":"fixed","_shop_manager_tiered_pricing_fixed_rules":[],"_wpseo_manager_tiered_pricing_type":"fixed","_wpseo_manager_tiered_pricing_fixed_rules":[],"_wpseo_editor_tiered_pricing_type":"fixed","_wpseo_editor_tiered_pricing_fixed_rules":[],"_wholesale_customer_tiered_pricing_type":"fixed","_wholesale_customer_tiered_pricing_fixed_rules":[],"_marketer_tiered_pricing_type":"fixed","_marketer_tiered_pricing_fixed_rules":[],"_sales_manager_tiered_pricing_type":"fixed","_sales_manager_tiered_pricing_fixed_rules":[],"_sales_rep_tiered_pricing_type":"fixed","_sales_rep_tiered_pricing_fixed_rules":[],"yoast_head":"<!-- This site is optimized with the Yoast SEO plugin v23.3 - https:\/\/yoast.com\/wordpress\/plugins\/seo\/ -->\n<title>Blackberry ice 15000 Puffs ELF BOX LS15000 Fabrik-Gro\u00dfhandelspreis weltweiter Versand zollfreie Produkte | ElementVape.de<\/title>\n<meta name=\"description\" content=\"Wir bieten Blackberry ice 15000 Puffs ELF BOX LS15000 Fabrik-Gro\u00dfhandelspreis weltweiter Versand zollfreie Produkte , Elementvape.de akzeptieren Gro\u00df-und Einzelhandel Bestellungen.\" \/>\n<meta name=\"robots\" content=\"index, follow, max-snippet:-1, max-image-preview:large, max-video-preview:-1\" \/>\n<link rel=\"canonical\" href=\"https:\/\/www.elementvape.de\/et\/produkt\/blackberry-ice-15000-puffs-elf-box-ls15000-fabrik-grosshandelspreis-weltweiter-versand-zollfreie-produkte\/\" \/>\n<meta property=\"og:locale\" content=\"et_EE\" \/>\n<meta property=\"og:type\" content=\"article\" \/>\n<meta property=\"og:title\" content=\"Blackberry ice 15000 Puffs ELF BOX LS15000 Fabrik-Gro\u00dfhandelspreis weltweiter Versand zollfreie Produkte | ElementVape.de\" \/>\n<meta property=\"og:description\" content=\"Wir bieten Blackberry ice 15000 Puffs ELF BOX LS15000 Fabrik-Gro\u00dfhandelspreis weltweiter Versand zollfreie Produkte , Elementvape.de akzeptieren Gro\u00df-und Einzelhandel Bestellungen.\" \/>\n<meta property=\"og:url\" content=\"https:\/\/www.elementvape.de\/et\/produkt\/blackberry-ice-15000-puffs-elf-box-ls15000-fabrik-grosshandelspreis-weltweiter-versand-zollfreie-produkte\/\" \/>\n<meta property=\"og:site_name\" content=\"ElementVape.de\" \/>\n<meta property=\"article:modified_time\" content=\"2024-12-12T06:35:05+00:00\" \/>\n<meta property=\"og:image\" content=\"https:\/\/www.elementvape.de\/wp-content\/uploads\/2024\/08\/Blackberry-ice.png\" \/>\n\t<meta property=\"og:image:width\" content=\"1000\" \/>\n\t<meta property=\"og:image:height\" content=\"1000\" \/>\n\t<meta property=\"og:image:type\" content=\"image\/png\" \/>\n<meta name=\"twitter:card\" content=\"summary_large_image\" \/>\n<meta name=\"twitter:label1\" content=\"Est. reading time\" \/>\n\t<meta name=\"twitter:data1\" content=\"3 minutit\" \/>\n<script type=\"application\/ld+json\" class=\"yoast-schema-graph\">{\"@context\":\"https:\/\/schema.org\",\"@graph\":[{\"@type\":\"WebPage\",\"@id\":\"https:\/\/www.elementvape.de\/produkt\/blackberry-ice-15000-puffs-elf-box-ls15000-fabrik-grosshandelspreis-weltweiter-versand-zollfreie-produkte\/\",\"url\":\"https:\/\/www.elementvape.de\/produkt\/blackberry-ice-15000-puffs-elf-box-ls15000-fabrik-grosshandelspreis-weltweiter-versand-zollfreie-produkte\/\",\"name\":\"Blackberry ice 15000 Puffs ELF BOX LS15000 Fabrik-Gro\u00dfhandelspreis weltweiter Versand zollfreie Produkte | ElementVape.de\",\"isPartOf\":{\"@id\":\"https:\/\/www.elementvape.de\/#website\"},\"primaryImageOfPage\":{\"@id\":\"https:\/\/www.elementvape.de\/produkt\/blackberry-ice-15000-puffs-elf-box-ls15000-fabrik-grosshandelspreis-weltweiter-versand-zollfreie-produkte\/#primaryimage\"},\"image\":{\"@id\":\"https:\/\/www.elementvape.de\/produkt\/blackberry-ice-15000-puffs-elf-box-ls15000-fabrik-grosshandelspreis-weltweiter-versand-zollfreie-produkte\/#primaryimage\"},\"thumbnailUrl\":\"https:\/\/www.elementvape.de\/wp-content\/uploads\/2024\/08\/Blackberry-ice.png\",\"datePublished\":\"2024-08-08T03:48:30+00:00\",\"dateModified\":\"2024-12-12T06:35:05+00:00\",\"description\":\"Wir bieten Blackberry ice 15000 Puffs ELF BOX LS15000 Fabrik-Gro\u00dfhandelspreis weltweiter Versand zollfreie Produkte , Elementvape.de akzeptieren Gro\u00df-und Einzelhandel Bestellungen.\",\"breadcrumb\":{\"@id\":\"https:\/\/www.elementvape.de\/produkt\/blackberry-ice-15000-puffs-elf-box-ls15000-fabrik-grosshandelspreis-weltweiter-versand-zollfreie-produkte\/#breadcrumb\"},\"inLanguage\":\"et\",\"potentialAction\":[{\"@type\":\"ReadAction\",\"target\":[\"https:\/\/www.elementvape.de\/produkt\/blackberry-ice-15000-puffs-elf-box-ls15000-fabrik-grosshandelspreis-weltweiter-versand-zollfreie-produkte\/\"]}]},{\"@type\":\"ImageObject\",\"inLanguage\":\"et\",\"@id\":\"https:\/\/www.elementvape.de\/produkt\/blackberry-ice-15000-puffs-elf-box-ls15000-fabrik-grosshandelspreis-weltweiter-versand-zollfreie-produkte\/#primaryimage\",\"url\":\"https:\/\/www.elementvape.de\/wp-content\/uploads\/2024\/08\/Blackberry-ice.png\",\"contentUrl\":\"https:\/\/www.elementvape.de\/wp-content\/uploads\/2024\/08\/Blackberry-ice.png\",\"width\":1000,\"height\":1000,\"caption\":\"Blackberry ice\"},{\"@type\":\"BreadcrumbList\",\"@id\":\"https:\/\/www.elementvape.de\/produkt\/blackberry-ice-15000-puffs-elf-box-ls15000-fabrik-grosshandelspreis-weltweiter-versand-zollfreie-produkte\/#breadcrumb\",\"itemListElement\":[{\"@type\":\"ListItem\",\"position\":1,\"name\":\"Home\",\"item\":\"https:\/\/www.elementvape.de\/\"},{\"@type\":\"ListItem\",\"position\":2,\"name\":\"Shop\",\"item\":\"https:\/\/www.elementvape.de\/shop\/\"},{\"@type\":\"ListItem\",\"position\":3,\"name\":\"Blackberry ice 15000 Puffs ELF BOX LS15000 Fabrik-Gro\u00dfhandelspreis weltweiter Versand zollfreie Produkte\"}]},{\"@type\":\"WebSite\",\"@id\":\"https:\/\/www.elementvape.de\/#website\",\"url\":\"https:\/\/www.elementvape.de\/\",\"name\":\"ElementVape.de\",\"description\":\"\",\"publisher\":{\"@id\":\"https:\/\/www.elementvape.de\/#organization\"},\"potentialAction\":[{\"@type\":\"SearchAction\",\"target\":{\"@type\":\"EntryPoint\",\"urlTemplate\":\"https:\/\/www.elementvape.de\/?s={search_term_string}\"},\"query-input\":\"required name=search_term_string\"}],\"inLanguage\":\"et\"},{\"@type\":\"Organization\",\"@id\":\"https:\/\/www.elementvape.de\/#organization\",\"name\":\"ElementVape.DE\",\"url\":\"https:\/\/www.elementvape.de\/\",\"logo\":{\"@type\":\"ImageObject\",\"inLanguage\":\"et\",\"@id\":\"https:\/\/www.elementvape.de\/#\/schema\/logo\/image\/\",\"url\":\"https:\/\/www.elementvape.de\/wp-content\/uploads\/2024\/09\/cropped-1elementvape-3.png\",\"contentUrl\":\"https:\/\/www.elementvape.de\/wp-content\/uploads\/2024\/09\/cropped-1elementvape-3.png\",\"width\":285,\"height\":228,\"caption\":\"ElementVape.DE\"},\"image\":{\"@id\":\"https:\/\/www.elementvape.de\/#\/schema\/logo\/image\/\"}}]}<\/script>\n<!-- \/ Yoast SEO plugin. -->","yoast_head_json":{"title":"Blackberry ice 15000 Puffs ELF BOX LS15000 Fabrik-Gro\u00dfhandelspreis weltweiter Versand zollfreie Produkte | ElementVape.de","description":"Wir bieten Blackberry ice 15000 Puffs ELF BOX LS15000 Fabrik-Gro\u00dfhandelspreis weltweiter Versand zollfreie Produkte , Elementvape.de akzeptieren Gro\u00df-und Einzelhandel Bestellungen.","robots":{"index":"index","follow":"follow","max-snippet":"max-snippet:-1","max-image-preview":"max-image-preview:large","max-video-preview":"max-video-preview:-1"},"canonical":"https:\/\/www.elementvape.de\/et\/produkt\/blackberry-ice-15000-puffs-elf-box-ls15000-fabrik-grosshandelspreis-weltweiter-versand-zollfreie-produkte\/","og_locale":"et_EE","og_type":"article","og_title":"Blackberry ice 15000 Puffs ELF BOX LS15000 Fabrik-Gro\u00dfhandelspreis weltweiter Versand zollfreie Produkte | ElementVape.de","og_description":"Wir bieten Blackberry ice 15000 Puffs ELF BOX LS15000 Fabrik-Gro\u00dfhandelspreis weltweiter Versand zollfreie Produkte , Elementvape.de akzeptieren Gro\u00df-und Einzelhandel Bestellungen.","og_url":"https:\/\/www.elementvape.de\/et\/produkt\/blackberry-ice-15000-puffs-elf-box-ls15000-fabrik-grosshandelspreis-weltweiter-versand-zollfreie-produkte\/","og_site_name":"ElementVape.de","article_modified_time":"2024-12-12T06:35:05+00:00","og_image":[{"width":1000,"height":1000,"url":"https:\/\/www.elementvape.de\/wp-content\/uploads\/2024\/08\/Blackberry-ice.png","type":"image\/png"}],"twitter_card":"summary_large_image","twitter_misc":{"Est. reading time":"3 minutit"},"schema":{"@context":"https:\/\/schema.org","@graph":[{"@type":"WebPage","@id":"https:\/\/www.elementvape.de\/produkt\/blackberry-ice-15000-puffs-elf-box-ls15000-fabrik-grosshandelspreis-weltweiter-versand-zollfreie-produkte\/","url":"https:\/\/www.elementvape.de\/produkt\/blackberry-ice-15000-puffs-elf-box-ls15000-fabrik-grosshandelspreis-weltweiter-versand-zollfreie-produkte\/","name":"Blackberry ice 15000 Puffs ELF BOX LS15000 Fabrik-Gro\u00dfhandelspreis weltweiter Versand zollfreie Produkte | ElementVape.de","isPartOf":{"@id":"https:\/\/www.elementvape.de\/#website"},"primaryImageOfPage":{"@id":"https:\/\/www.elementvape.de\/produkt\/blackberry-ice-15000-puffs-elf-box-ls15000-fabrik-grosshandelspreis-weltweiter-versand-zollfreie-produkte\/#primaryimage"},"image":{"@id":"https:\/\/www.elementvape.de\/produkt\/blackberry-ice-15000-puffs-elf-box-ls15000-fabrik-grosshandelspreis-weltweiter-versand-zollfreie-produkte\/#primaryimage"},"thumbnailUrl":"https:\/\/www.elementvape.de\/wp-content\/uploads\/2024\/08\/Blackberry-ice.png","datePublished":"2024-08-08T03:48:30+00:00","dateModified":"2024-12-12T06:35:05+00:00","description":"Wir bieten Blackberry ice 15000 Puffs ELF BOX LS15000 Fabrik-Gro\u00dfhandelspreis weltweiter Versand zollfreie Produkte , Elementvape.de akzeptieren Gro\u00df-und Einzelhandel Bestellungen.","breadcrumb":{"@id":"https:\/\/www.elementvape.de\/produkt\/blackberry-ice-15000-puffs-elf-box-ls15000-fabrik-grosshandelspreis-weltweiter-versand-zollfreie-produkte\/#breadcrumb"},"inLanguage":"et","potentialAction":[{"@type":"ReadAction","target":["https:\/\/www.elementvape.de\/produkt\/blackberry-ice-15000-puffs-elf-box-ls15000-fabrik-grosshandelspreis-weltweiter-versand-zollfreie-produkte\/"]}]},{"@type":"ImageObject","inLanguage":"et","@id":"https:\/\/www.elementvape.de\/produkt\/blackberry-ice-15000-puffs-elf-box-ls15000-fabrik-grosshandelspreis-weltweiter-versand-zollfreie-produkte\/#primaryimage","url":"https:\/\/www.elementvape.de\/wp-content\/uploads\/2024\/08\/Blackberry-ice.png","contentUrl":"https:\/\/www.elementvape.de\/wp-content\/uploads\/2024\/08\/Blackberry-ice.png","width":1000,"height":1000,"caption":"Blackberry ice"},{"@type":"BreadcrumbList","@id":"https:\/\/www.elementvape.de\/produkt\/blackberry-ice-15000-puffs-elf-box-ls15000-fabrik-grosshandelspreis-weltweiter-versand-zollfreie-produkte\/#breadcrumb","itemListElement":[{"@type":"ListItem","position":1,"name":"Home","item":"https:\/\/www.elementvape.de\/"},{"@type":"ListItem","position":2,"name":"Shop","item":"https:\/\/www.elementvape.de\/shop\/"},{"@type":"ListItem","position":3,"name":"Blackberry ice 15000 Puffs ELF BOX LS15000 Fabrik-Gro\u00dfhandelspreis weltweiter Versand zollfreie Produkte"}]},{"@type":"WebSite","@id":"https:\/\/www.elementvape.de\/#website","url":"https:\/\/www.elementvape.de\/","name":"ElementVape.de","description":"","publisher":{"@id":"https:\/\/www.elementvape.de\/#organization"},"potentialAction":[{"@type":"SearchAction","target":{"@type":"EntryPoint","urlTemplate":"https:\/\/www.elementvape.de\/?s={search_term_string}"},"query-input":"required name=search_term_string"}],"inLanguage":"et"},{"@type":"Organization","@id":"https:\/\/www.elementvape.de\/#organization","name":"ElementVape.DE","url":"https:\/\/www.elementvape.de\/","logo":{"@type":"ImageObject","inLanguage":"et","@id":"https:\/\/www.elementvape.de\/#\/schema\/logo\/image\/","url":"https:\/\/www.elementvape.de\/wp-content\/uploads\/2024\/09\/cropped-1elementvape-3.png","contentUrl":"https:\/\/www.elementvape.de\/wp-content\/uploads\/2024\/09\/cropped-1elementvape-3.png","width":285,"height":228,"caption":"ElementVape.DE"},"image":{"@id":"https:\/\/www.elementvape.de\/#\/schema\/logo\/image\/"}}]}},"_links":{"self":[{"href":"https:\/\/www.elementvape.de\/et\/wp-json\/wp\/v2\/product\/13697"}],"collection":[{"href":"https:\/\/www.elementvape.de\/et\/wp-json\/wp\/v2\/product"}],"about":[{"href":"https:\/\/www.elementvape.de\/et\/wp-json\/wp\/v2\/types\/product"}],"wp:featuredmedia":[{"embeddable":true,"href":"https:\/\/www.elementvape.de\/et\/wp-json\/wp\/v2\/media\/13695"}],"wp:attachment":[{"href":"https:\/\/www.elementvape.de\/et\/wp-json\/wp\/v2\/media?parent=13697"}],"wp:term":[{"taxonomy":"product_cat","embeddable":true,"href":"https:\/\/www.elementvape.de\/et\/wp-json\/wp\/v2\/product_cat?post=13697"},{"taxonomy":"product_tag","embeddable":true,"href":"https:\/\/www.elementvape.de\/et\/wp-json\/wp\/v2\/product_tag?post=13697"}],"curies":[{"name":"wp","href":"https:\/\/api.w.org\/{rel}","templated":true}]}}