{"id":13689,"date":"2024-08-07T08:54:01","date_gmt":"2024-08-07T08:54:01","guid":{"rendered":"https:\/\/www.elementvape.de\/?post_type=product&#038;p=13689"},"modified":"2024-12-12T06:35:06","modified_gmt":"2024-12-12T06:35:06","slug":"coconut-melon-12000-puffs-rabatt-grosshandel-weltweiter-versand-elf-box-digital-12000-vape","status":"publish","type":"product","link":"https:\/\/www.elementvape.de\/et\/produkt\/coconut-melon-12000-puffs-rabatt-grosshandel-weltweiter-versand-elf-box-digital-12000-vape\/","title":{"rendered":"Kookosp\u00e4hkel Melon 12000 suitsu allahindlus, hulgim\u00fc\u00fck, \u00fclemaailmne saatmine ELF BOX Digital 12000 Vape"},"content":{"rendered":"<table>\n<thead>\n<tr>\n<th>Spetsifikatsioon<\/th>\n<th>Detailid<\/th>\n<\/tr>\n<\/thead>\n<tbody>\n<tr>\n<td>Puffid<\/td>\n<td>12000 t\u00f5mmet<\/td>\n<\/tr>\n<tr>\n<td>S\u00fcdamik<\/td>\n<td>Mesh-keermega, 0,8 Ohm<\/td>\n<\/tr>\n<tr>\n<td>E-vedeliku maht<\/td>\n<td>25 ml<\/td>\n<\/tr>\n<tr>\n<td>N<\/td>\n<td>2%,\u00a0 5%<\/td>\n<\/tr>\n<tr>\n<td>Aku<\/td>\n<td>13350-500mAh, uuesti laaditav Type-C kaudu<\/td>\n<\/tr>\n<tr>\n<td>N\u00e4idik<\/td>\n<td>Digitaalne, n\u00e4itab \u00f5li- ja akutaset<\/td>\n<\/tr>\n<tr>\n<td>Toote kaal<\/td>\n<td>82 grammi<\/td>\n<\/tr>\n<tr>\n<td>Toote suurus<\/td>\n<td>30 mm x 57 mm x 101 mm<\/td>\n<\/tr>\n<tr>\n<td>Kasti m\u00f5\u00f5tmed<\/td>\n<td>615 mm x 223 mm x 330 mm<\/td>\n<\/tr>\n<\/tbody>\n<\/table>\n<p>Coconut Melon ELF BOX Digital 12000 pakub ainulaadset suitsu kogemust ning sobib suurem\u00fc\u00fcgiks. See e-s\u00fc\u00fctaja \u00fchendab tipptasemel tehnoloogia troopilise kookose-meloni maitsega, mis hellitab teie meeli. Muljetavaldava 12 000 t\u00f5mbega mahutavusega on see ideaalne suitsu-entusiastidele, kes otsivad pikaajalist ja intensiivset kogemust.<\/p>\n<p>Hulgim\u00fc\u00fcjatele on Coconut Melon ELF BOX Digital 12000 eriti atraktiivne. Tehas pakub atraktiivseid allahindlusi suurem\u00fc\u00fcgile, v\u00f5imaldades m\u00fc\u00fcjatel maksimeerida oma marginaali ning pakkuda samal ajal kvaliteetset toodet klientidele. Maailmast saadav saatmine tagab, et need e-s\u00fc\u00fctajad j\u00f5uavad igale poole, v\u00f5imaldades laiendada klientuuri.<\/p>\n<h4>Suurep\u00e4rane tehnoloogia ja troopiline maitse<\/h4>\n<p>ELF BOX Digital 12000 kasutab 0,8 Ohmi v\u00f5rgu-k\u00fctust, mis tagab \u00fchtlase ja t\u00f5husa E-vedeliku aurustamise. See tehnoloogia tagab, et iga t\u00f5mme pakub intensiivset ja maitseelamust. Suur E-vedeliku maht 25 ml ning erinevad N (2%, 5%) v\u00f5imaldavad kasutajatel kohandada oma suitsu kogemust isikup\u00e4raselt.<\/p>\n<p>V\u00f5imas 13350-500mAh aku on taaskasutatav ning koos Type-C laadimisv\u00f5imalusega tagab kiire ja lihtsa laadimise. Digitaalne n\u00e4idik, mis n\u00e4itab \u00f5li ja aku taset, muudab kasutamise mugavamaks ning tagab, et olete alati informeeritud. See arenenud tehnoloogia ja kasutajas\u00f5bralikkus teevad ELF BOX Digital 12000 suurep\u00e4raseks valikuks iga suitsuarmastaja jaoks.<\/p>\n<p>Ainult 82 grammi kaaluv ja m\u00f5\u00f5tmetega 30 mm x 57 mm x 101 mm on Coconut Melon ELF BOX Digital 12000 ideaalne kaasaskantavaks kasutamiseks. See kerge ja mugav e-s\u00fc\u00fctaja sobib igap\u00e4evaseks kasutamiseks, olenemata sellest, kas olete teel t\u00f6\u00f6le v\u00f5i reisil. Kompaktne suurus v\u00f5imaldab seda mugavalt taskusse v\u00f5i k\u00e4ekotti panna.<\/p>\n<p>Tugev karbist pakend 200 t\u00fckki ja kogukaaluga 17,5 kg tagab, et toode j\u00f5uab turvaliselt ja laitmatus seisukorras, olgu tegemist \u00fcksikostja v\u00f5i suurem\u00fc\u00fcgiga. See t\u00f5hus ja turvaline pakkimine tagab, et e-s\u00fc\u00fctajad l\u00e4bivad transporti kahjustusteta ning on kohe kasutusvalmis.<\/p>\n<h4>Maitseelamus<\/h4>\n<p>Coconut Meloni maitse pakub v\u00e4rskendavat segu magusast melonist ja kreemjasest kookosest, muutes iga t\u00f5mbe intensiivseks ja meeldivaks kogemuseks. See suurep\u00e4rase j\u00f5udluse ja maitsva kombinatsiooni \u00fchendus teeb Coconut Melon ELF BOX Digital 12000 parimaks valikuks k\u00f5igile suitsuentusiastidele.<\/p>\n<p>Olgu sa algaja v\u00f5i kogenud <strong><a href=\"https:\/\/www.elementvape.de\/et\/\">Aurusti<\/a><\/strong>, see seade \u00fcletab teie ootusi ja pakub unustamatut suitsukogemust. Oma suure mahutavuse ja kasutajas\u00f5bralike funktsioonidega on ELF BOX Digital 12000 suurep\u00e4rane valik suurem\u00fc\u00fcgile, kes soovib pakkuda oma klientidele esmaklassilist suitsu toodet. Kasutage atraktiivseid allahindlusi suurem\u00fc\u00fcgile ning kasutage \u00fclemaailmset saatmist, et see kvaliteetne e-s\u00fc\u00fctaja j\u00f5uaks igale poole.<\/p>","protected":false},"excerpt":{"rendered":"<p>Spezifikation Details Puffs 12000 Z\u00fcge Core Mesh-Coil, 0,8 Ohm E-Liquid Kapazit\u00e4t 25 ml N 2%,\u00a0 5% Batterie 13350-500mAh, wiederaufladbar via Type-C Anzeige Digital, zeigt \u00d6l- und Batteriestand Produktgewicht 82 Gramm Produktgr\u00f6\u00dfe 30 mm x 57 mm x 101 mm Kartonma\u00dfe 615 mm x 223 mm x 330 mm Die Coconut Melon ELF BOX Digital 12000 [&hellip;]<\/p>","protected":false},"featured_media":13690,"template":"","meta":{"inline_featured_image":false},"product_cat":[15,78,747,740,734,753,715,732],"product_tag":[710,673],"tiered_pricing_type":"fixed","tiered_pricing_fixed_rules":{"110":"7.00","200":"6.22","500":"5.45"},"tiered_pricing_percentage_rules":[],"tiered_pricing_minimum":1,"_administrator_tiered_pricing_type":"fixed","_administrator_tiered_pricing_fixed_rules":[],"_editor_tiered_pricing_type":"fixed","_editor_tiered_pricing_fixed_rules":[],"_author_tiered_pricing_type":"fixed","_author_tiered_pricing_fixed_rules":[],"_contributor_tiered_pricing_type":"fixed","_contributor_tiered_pricing_fixed_rules":[],"_subscriber_tiered_pricing_type":"fixed","_subscriber_tiered_pricing_fixed_rules":[],"_customer_tiered_pricing_type":"fixed","_customer_tiered_pricing_fixed_rules":[],"_shop_manager_tiered_pricing_type":"fixed","_shop_manager_tiered_pricing_fixed_rules":[],"_wpseo_manager_tiered_pricing_type":"fixed","_wpseo_manager_tiered_pricing_fixed_rules":[],"_wpseo_editor_tiered_pricing_type":"fixed","_wpseo_editor_tiered_pricing_fixed_rules":[],"_wholesale_customer_tiered_pricing_type":"fixed","_wholesale_customer_tiered_pricing_fixed_rules":[],"_marketer_tiered_pricing_type":"fixed","_marketer_tiered_pricing_fixed_rules":[],"_sales_manager_tiered_pricing_type":"fixed","_sales_manager_tiered_pricing_fixed_rules":[],"_sales_rep_tiered_pricing_type":"fixed","_sales_rep_tiered_pricing_fixed_rules":[],"yoast_head":"<!-- This site is optimized with the Yoast SEO plugin v23.3 - https:\/\/yoast.com\/wordpress\/plugins\/seo\/ -->\n<title>Coconut Melon 12000 Puffs Rabatt Gro\u00dfhandel Weltweiter Versand ELF BOX Digital 12000 Vape | ElementVape.de<\/title>\n<meta name=\"description\" content=\"Wir bieten Coconut Melon 12000 Puffs Rabatt Gro\u00dfhandel Weltweiter Versand ELF BOX Digital 12000 Vape , Elementvape.de akzeptieren Gro\u00df-und Einzelhandel Bestellungen.\" \/>\n<meta name=\"robots\" content=\"index, follow, max-snippet:-1, max-image-preview:large, max-video-preview:-1\" \/>\n<link rel=\"canonical\" href=\"https:\/\/www.elementvape.de\/et\/produkt\/coconut-melon-12000-puffs-rabatt-grosshandel-weltweiter-versand-elf-box-digital-12000-vape\/\" \/>\n<meta property=\"og:locale\" content=\"et_EE\" \/>\n<meta property=\"og:type\" content=\"article\" \/>\n<meta property=\"og:title\" content=\"Coconut Melon 12000 Puffs Rabatt Gro\u00dfhandel Weltweiter Versand ELF BOX Digital 12000 Vape | ElementVape.de\" \/>\n<meta property=\"og:description\" content=\"Wir bieten Coconut Melon 12000 Puffs Rabatt Gro\u00dfhandel Weltweiter Versand ELF BOX Digital 12000 Vape , Elementvape.de akzeptieren Gro\u00df-und Einzelhandel Bestellungen.\" \/>\n<meta property=\"og:url\" content=\"https:\/\/www.elementvape.de\/et\/produkt\/coconut-melon-12000-puffs-rabatt-grosshandel-weltweiter-versand-elf-box-digital-12000-vape\/\" \/>\n<meta property=\"og:site_name\" content=\"ElementVape.de\" \/>\n<meta property=\"article:modified_time\" content=\"2024-12-12T06:35:06+00:00\" \/>\n<meta property=\"og:image\" content=\"https:\/\/www.elementvape.de\/wp-content\/uploads\/2024\/08\/Coconut-Melon-\u6930\u6c41\u751c\u74dc.jpg\" \/>\n\t<meta property=\"og:image:width\" content=\"1000\" \/>\n\t<meta property=\"og:image:height\" content=\"1000\" \/>\n\t<meta property=\"og:image:type\" content=\"image\/jpeg\" \/>\n<meta name=\"twitter:card\" content=\"summary_large_image\" \/>\n<meta name=\"twitter:label1\" content=\"Est. reading time\" \/>\n\t<meta name=\"twitter:data1\" content=\"4 minutit\" \/>\n<script type=\"application\/ld+json\" class=\"yoast-schema-graph\">{\"@context\":\"https:\/\/schema.org\",\"@graph\":[{\"@type\":\"WebPage\",\"@id\":\"https:\/\/www.elementvape.de\/en\/produkt\/coconut-melon-12000-puffs-rabatt-grosshandel-weltweiter-versand-elf-box-digital-12000-vape\/\",\"url\":\"https:\/\/www.elementvape.de\/en\/produkt\/coconut-melon-12000-puffs-rabatt-grosshandel-weltweiter-versand-elf-box-digital-12000-vape\/\",\"name\":\"Coconut Melon 12000 Puffs Rabatt Gro\u00dfhandel Weltweiter Versand ELF BOX Digital 12000 Vape | ElementVape.de\",\"isPartOf\":{\"@id\":\"https:\/\/www.elementvape.de\/#website\"},\"primaryImageOfPage\":{\"@id\":\"https:\/\/www.elementvape.de\/en\/produkt\/coconut-melon-12000-puffs-rabatt-grosshandel-weltweiter-versand-elf-box-digital-12000-vape\/#primaryimage\"},\"image\":{\"@id\":\"https:\/\/www.elementvape.de\/en\/produkt\/coconut-melon-12000-puffs-rabatt-grosshandel-weltweiter-versand-elf-box-digital-12000-vape\/#primaryimage\"},\"thumbnailUrl\":\"https:\/\/www.elementvape.de\/wp-content\/uploads\/2024\/08\/Coconut-Melon-\u6930\u6c41\u751c\u74dc.jpg\",\"datePublished\":\"2024-08-07T08:54:01+00:00\",\"dateModified\":\"2024-12-12T06:35:06+00:00\",\"description\":\"Wir bieten Coconut Melon 12000 Puffs Rabatt Gro\u00dfhandel Weltweiter Versand ELF BOX Digital 12000 Vape , Elementvape.de akzeptieren Gro\u00df-und Einzelhandel Bestellungen.\",\"breadcrumb\":{\"@id\":\"https:\/\/www.elementvape.de\/en\/produkt\/coconut-melon-12000-puffs-rabatt-grosshandel-weltweiter-versand-elf-box-digital-12000-vape\/#breadcrumb\"},\"inLanguage\":\"et\",\"potentialAction\":[{\"@type\":\"ReadAction\",\"target\":[\"https:\/\/www.elementvape.de\/en\/produkt\/coconut-melon-12000-puffs-rabatt-grosshandel-weltweiter-versand-elf-box-digital-12000-vape\/\"]}]},{\"@type\":\"ImageObject\",\"inLanguage\":\"et\",\"@id\":\"https:\/\/www.elementvape.de\/en\/produkt\/coconut-melon-12000-puffs-rabatt-grosshandel-weltweiter-versand-elf-box-digital-12000-vape\/#primaryimage\",\"url\":\"https:\/\/www.elementvape.de\/wp-content\/uploads\/2024\/08\/Coconut-Melon-\u6930\u6c41\u751c\u74dc.jpg\",\"contentUrl\":\"https:\/\/www.elementvape.de\/wp-content\/uploads\/2024\/08\/Coconut-Melon-\u6930\u6c41\u751c\u74dc.jpg\",\"width\":1000,\"height\":1000,\"caption\":\"Coconut Melon\"},{\"@type\":\"BreadcrumbList\",\"@id\":\"https:\/\/www.elementvape.de\/en\/produkt\/coconut-melon-12000-puffs-rabatt-grosshandel-weltweiter-versand-elf-box-digital-12000-vape\/#breadcrumb\",\"itemListElement\":[{\"@type\":\"ListItem\",\"position\":1,\"name\":\"Home\",\"item\":\"https:\/\/www.elementvape.de\/\"},{\"@type\":\"ListItem\",\"position\":2,\"name\":\"Shop\",\"item\":\"https:\/\/www.elementvape.de\/shop\/\"},{\"@type\":\"ListItem\",\"position\":3,\"name\":\"Coconut Melon 12000 Puffs Rabatt Gro\u00dfhandel Weltweiter Versand ELF BOX Digital 12000 Vape\"}]},{\"@type\":\"WebSite\",\"@id\":\"https:\/\/www.elementvape.de\/#website\",\"url\":\"https:\/\/www.elementvape.de\/\",\"name\":\"ElementVape.de\",\"description\":\"\",\"publisher\":{\"@id\":\"https:\/\/www.elementvape.de\/#organization\"},\"potentialAction\":[{\"@type\":\"SearchAction\",\"target\":{\"@type\":\"EntryPoint\",\"urlTemplate\":\"https:\/\/www.elementvape.de\/?s={search_term_string}\"},\"query-input\":\"required name=search_term_string\"}],\"inLanguage\":\"et\"},{\"@type\":\"Organization\",\"@id\":\"https:\/\/www.elementvape.de\/#organization\",\"name\":\"ElementVape.DE\",\"url\":\"https:\/\/www.elementvape.de\/\",\"logo\":{\"@type\":\"ImageObject\",\"inLanguage\":\"et\",\"@id\":\"https:\/\/www.elementvape.de\/#\/schema\/logo\/image\/\",\"url\":\"https:\/\/www.elementvape.de\/wp-content\/uploads\/2024\/09\/cropped-1elementvape-3.png\",\"contentUrl\":\"https:\/\/www.elementvape.de\/wp-content\/uploads\/2024\/09\/cropped-1elementvape-3.png\",\"width\":285,\"height\":228,\"caption\":\"ElementVape.DE\"},\"image\":{\"@id\":\"https:\/\/www.elementvape.de\/#\/schema\/logo\/image\/\"}}]}<\/script>\n<!-- \/ Yoast SEO plugin. -->","yoast_head_json":{"title":"Coconut Melon 12000 Puffs Rabatt Gro\u00dfhandel Weltweiter Versand ELF BOX Digital 12000 Vape | ElementVape.de","description":"Wir bieten Coconut Melon 12000 Puffs Rabatt Gro\u00dfhandel Weltweiter Versand ELF BOX Digital 12000 Vape , Elementvape.de akzeptieren Gro\u00df-und Einzelhandel Bestellungen.","robots":{"index":"index","follow":"follow","max-snippet":"max-snippet:-1","max-image-preview":"max-image-preview:large","max-video-preview":"max-video-preview:-1"},"canonical":"https:\/\/www.elementvape.de\/et\/produkt\/coconut-melon-12000-puffs-rabatt-grosshandel-weltweiter-versand-elf-box-digital-12000-vape\/","og_locale":"et_EE","og_type":"article","og_title":"Coconut Melon 12000 Puffs Rabatt Gro\u00dfhandel Weltweiter Versand ELF BOX Digital 12000 Vape | ElementVape.de","og_description":"Wir bieten Coconut Melon 12000 Puffs Rabatt Gro\u00dfhandel Weltweiter Versand ELF BOX Digital 12000 Vape , Elementvape.de akzeptieren Gro\u00df-und Einzelhandel Bestellungen.","og_url":"https:\/\/www.elementvape.de\/et\/produkt\/coconut-melon-12000-puffs-rabatt-grosshandel-weltweiter-versand-elf-box-digital-12000-vape\/","og_site_name":"ElementVape.de","article_modified_time":"2024-12-12T06:35:06+00:00","og_image":[{"width":1000,"height":1000,"url":"https:\/\/www.elementvape.de\/wp-content\/uploads\/2024\/08\/Coconut-Melon-\u6930\u6c41\u751c\u74dc.jpg","type":"image\/jpeg"}],"twitter_card":"summary_large_image","twitter_misc":{"Est. reading time":"4 minutit"},"schema":{"@context":"https:\/\/schema.org","@graph":[{"@type":"WebPage","@id":"https:\/\/www.elementvape.de\/en\/produkt\/coconut-melon-12000-puffs-rabatt-grosshandel-weltweiter-versand-elf-box-digital-12000-vape\/","url":"https:\/\/www.elementvape.de\/en\/produkt\/coconut-melon-12000-puffs-rabatt-grosshandel-weltweiter-versand-elf-box-digital-12000-vape\/","name":"Coconut Melon 12000 Puffs Rabatt Gro\u00dfhandel Weltweiter Versand ELF BOX Digital 12000 Vape | ElementVape.de","isPartOf":{"@id":"https:\/\/www.elementvape.de\/#website"},"primaryImageOfPage":{"@id":"https:\/\/www.elementvape.de\/en\/produkt\/coconut-melon-12000-puffs-rabatt-grosshandel-weltweiter-versand-elf-box-digital-12000-vape\/#primaryimage"},"image":{"@id":"https:\/\/www.elementvape.de\/en\/produkt\/coconut-melon-12000-puffs-rabatt-grosshandel-weltweiter-versand-elf-box-digital-12000-vape\/#primaryimage"},"thumbnailUrl":"https:\/\/www.elementvape.de\/wp-content\/uploads\/2024\/08\/Coconut-Melon-\u6930\u6c41\u751c\u74dc.jpg","datePublished":"2024-08-07T08:54:01+00:00","dateModified":"2024-12-12T06:35:06+00:00","description":"Wir bieten Coconut Melon 12000 Puffs Rabatt Gro\u00dfhandel Weltweiter Versand ELF BOX Digital 12000 Vape , Elementvape.de akzeptieren Gro\u00df-und Einzelhandel Bestellungen.","breadcrumb":{"@id":"https:\/\/www.elementvape.de\/en\/produkt\/coconut-melon-12000-puffs-rabatt-grosshandel-weltweiter-versand-elf-box-digital-12000-vape\/#breadcrumb"},"inLanguage":"et","potentialAction":[{"@type":"ReadAction","target":["https:\/\/www.elementvape.de\/en\/produkt\/coconut-melon-12000-puffs-rabatt-grosshandel-weltweiter-versand-elf-box-digital-12000-vape\/"]}]},{"@type":"ImageObject","inLanguage":"et","@id":"https:\/\/www.elementvape.de\/en\/produkt\/coconut-melon-12000-puffs-rabatt-grosshandel-weltweiter-versand-elf-box-digital-12000-vape\/#primaryimage","url":"https:\/\/www.elementvape.de\/wp-content\/uploads\/2024\/08\/Coconut-Melon-\u6930\u6c41\u751c\u74dc.jpg","contentUrl":"https:\/\/www.elementvape.de\/wp-content\/uploads\/2024\/08\/Coconut-Melon-\u6930\u6c41\u751c\u74dc.jpg","width":1000,"height":1000,"caption":"Coconut Melon"},{"@type":"BreadcrumbList","@id":"https:\/\/www.elementvape.de\/en\/produkt\/coconut-melon-12000-puffs-rabatt-grosshandel-weltweiter-versand-elf-box-digital-12000-vape\/#breadcrumb","itemListElement":[{"@type":"ListItem","position":1,"name":"Home","item":"https:\/\/www.elementvape.de\/"},{"@type":"ListItem","position":2,"name":"Shop","item":"https:\/\/www.elementvape.de\/shop\/"},{"@type":"ListItem","position":3,"name":"Coconut Melon 12000 Puffs Rabatt Gro\u00dfhandel Weltweiter Versand ELF BOX Digital 12000 Vape"}]},{"@type":"WebSite","@id":"https:\/\/www.elementvape.de\/#website","url":"https:\/\/www.elementvape.de\/","name":"ElementVape.de","description":"","publisher":{"@id":"https:\/\/www.elementvape.de\/#organization"},"potentialAction":[{"@type":"SearchAction","target":{"@type":"EntryPoint","urlTemplate":"https:\/\/www.elementvape.de\/?s={search_term_string}"},"query-input":"required name=search_term_string"}],"inLanguage":"et"},{"@type":"Organization","@id":"https:\/\/www.elementvape.de\/#organization","name":"ElementVape.DE","url":"https:\/\/www.elementvape.de\/","logo":{"@type":"ImageObject","inLanguage":"et","@id":"https:\/\/www.elementvape.de\/#\/schema\/logo\/image\/","url":"https:\/\/www.elementvape.de\/wp-content\/uploads\/2024\/09\/cropped-1elementvape-3.png","contentUrl":"https:\/\/www.elementvape.de\/wp-content\/uploads\/2024\/09\/cropped-1elementvape-3.png","width":285,"height":228,"caption":"ElementVape.DE"},"image":{"@id":"https:\/\/www.elementvape.de\/#\/schema\/logo\/image\/"}}]}},"_links":{"self":[{"href":"https:\/\/www.elementvape.de\/et\/wp-json\/wp\/v2\/product\/13689"}],"collection":[{"href":"https:\/\/www.elementvape.de\/et\/wp-json\/wp\/v2\/product"}],"about":[{"href":"https:\/\/www.elementvape.de\/et\/wp-json\/wp\/v2\/types\/product"}],"wp:featuredmedia":[{"embeddable":true,"href":"https:\/\/www.elementvape.de\/et\/wp-json\/wp\/v2\/media\/13690"}],"wp:attachment":[{"href":"https:\/\/www.elementvape.de\/et\/wp-json\/wp\/v2\/media?parent=13689"}],"wp:term":[{"taxonomy":"product_cat","embeddable":true,"href":"https:\/\/www.elementvape.de\/et\/wp-json\/wp\/v2\/product_cat?post=13689"},{"taxonomy":"product_tag","embeddable":true,"href":"https:\/\/www.elementvape.de\/et\/wp-json\/wp\/v2\/product_tag?post=13689"}],"curies":[{"name":"wp","href":"https:\/\/api.w.org\/{rel}","templated":true}]}}