{"id":13662,"date":"2024-08-06T03:03:26","date_gmt":"2024-08-06T03:03:26","guid":{"rendered":"https:\/\/www.elementvape.de\/?post_type=product&#038;p=13662"},"modified":"2024-12-12T06:35:12","modified_gmt":"2024-12-12T06:35:12","slug":"strawberry-ice-kleinserienbestellung-fabrik-direktverkauf-1200-puffs-e-zigarette-elf-box-digital-12000","status":"publish","type":"product","link":"https:\/\/www.elementvape.de\/et\/produkt\/strawberry-ice-kleinserienbestellung-fabrik-direktverkauf-1200-puffs-e-zigarette-elf-box-digital-12000\/","title":{"rendered":"Strawberry Ice V\u00e4ikese partii tellimus Tehasest otse m\u00fc\u00fck 1200 t\u00f5mmet E-sigarett ELF BOX Digitaal 12000"},"content":{"rendered":"<div class=\"flex-shrink-0 flex flex-col relative items-end\">\n<div>\n<div class=\"pt-0\">\n<div class=\"gizmo-bot-avatar flex h-8 w-8 items-center justify-center overflow-hidden rounded-full\">\n<div class=\"relative p-1 rounded-sm flex items-center justify-center bg-token-main-surface-primary text-token-text-primary h-8 w-8\"><\/div>\n<\/div>\n<\/div>\n<\/div>\n<\/div>\n<div class=\"group\/conversation-turn relative flex w-full min-w-0 flex-col agent-turn\">\n<div class=\"flex-col gap-1 md:gap-3\">\n<div class=\"flex max-w-full flex-col flex-grow\">\n<div class=\"min-h-8 text-message flex w-full flex-col items-end gap-2 whitespace-normal break-words [.text-message+&amp;]:mt-5\" dir=\"auto\" data-message-author-role=\"assistant\" data-message-id=\"6bab1be1-3b39-42f6-beac-64e5baabfcfb\" data-message-model-slug=\"gpt-4o-mini\">\n<div class=\"flex w-full flex-col gap-1 empty:hidden first:pt-[3px]\">\n<div class=\"markdown prose w-full break-words dark:prose-invert light\">\n<h2><strong>Toote kirjeldus ELF BOX Digital 12000 Strawberry Ice<\/strong><\/h2>\n<p>E-sigarettide maailm on viimastel aastatel oluliselt arenenud ning pakub t\u00e4nap\u00e4eval mitmeid innovatiivseid tooteid, mis vastavad suitsutajate vajadustele. \u00dcks neist uuendustest on the <strong>ELF BOX Digitaalne 12000<\/strong> v\u00e4rskendava <strong>Maasika j\u00e4\u00e4<\/strong>Maitse. See toode \u00fchendab kaasaegseima tehnoloogia, l\u00e4bim\u00f5eldud disaini ja kasutajas\u00f5bralikkuse, mis teeb sellest suurep\u00e4rase valiku k\u00f5igile aurutajatele, olenemata kogemusest. Muljetavaldava suitsupaki arvuga kuni <a href=\"https:\/\/www.elementvape.de\/et\/p-tag\/groesser-oder-gleich-12000-zuege\/\"><strong>12 000 rongi<\/strong><\/a>, \u00fcks <strong>25 ml E-vedeliku maht<\/strong>, \u00fche <strong>v\u00f5rgutoru-s\u00fcsteem<\/strong> ja \u00fcks <strong>500 mAh aku<\/strong>, on ELF BOX Digital 12000 mitte mitte ainult v\u00f5imas, vaid ka \u00e4\u00e4rmiselt kasutajas\u00f5bralik. Vaatame selle toote k\u00f5ige olulisemad omadused ja eelised \u00fcksikasjalikult l\u00e4bi.<\/p>\n<p><strong>Puffide arv ja tehnoloogia: \u00dcletamatu j\u00f5udlus<\/strong><\/p>\n<p>\u00dclemaailmse t\u00e4htsusega omadus on <strong>ELF BOX Digitaalne 12000<\/strong> on erakordselt suur puffide arv kuni 12 000 t\u00f5mmet. See muljetavaldav eluea tagab, et saate nautida kauem ilma, et peaksite muretsema E-sigareti t\u00e4itmise v\u00f5i vahetamise p\u00e4rast. Olenemata sellest, kas kasutate toodet igap\u00e4evaseks kasutamiseks v\u00f5i pikemateks perioodideks teel, on 12 000 t\u00f5mmetega teid h\u00e4sti varustatud.<\/p>\n<p>Nad <strong>Mesh-kooli tehnoloogia<\/strong> on samuti oluline tegur silmapaistva aurutamiskogemuse jaoks. V\u00f5rreldes tavaliste k\u00fcttekehadega tagab v\u00f5rguk\u00fcte \u00fchtlasema e-vedeliku soojendamise ning seega intensiivsema ja \u00fchtlasema auru v\u00e4ljastamise. Vastupanu v\u00e4\u00e4rtusega <strong>http\/1.1 503 error<\/strong> koge veel maitsvama ja intensiivsema aurutamise kogemuse, mis r\u00f5hutab maitset <strong>Maasika j\u00e4\u00e4<\/strong>E-vedelikud toovad ideaalselt esile. See tehnoloogia tagab, et iga t\u00f5mme j\u00e4\u00e4b v\u00e4rske ja maitsek\u00fcllane, muutes ELF BOX Digital 12000 \u00fcheks parimaks <a href=\"https:\/\/www.elementvape.de\/et\/c\/einweg-zigarette\/\">\u00dchekordselt kasutatavad e-sigaretid<\/a> turul teeb.<\/p>\n<p><strong>2. E-Liquid ja nikotiin: Maitse ja paindlikkus<\/strong><\/p>\n<p>See <strong>Maasika j\u00e4\u00e4<\/strong>-Liquid ELF BOX Digital 12000 pakub unikaalset maitseelamust. V\u00e4rskete maasikate magus maitse on meeldiva, v\u00e4rskendava mentooli noodiga, mis annab iga t\u00f5mbega jahutava efekti. See maitse on eriti populaarne aurutajate seas, kes otsivad magusat ja samal ajal v\u00e4rskendavat kogemust. Maasikate ja j\u00e4\u00e4 kombinatsioon pakub tasakaalustatud ja maitset pakkuva elamuse, mida saab nautida kogu p\u00e4eva jooksul.<\/p>\n<p>Lisaks maitsele pakub <a href=\"https:\/\/www.elementvape.de\/et\/c\/elf-box-digital-12000\/\"><strong>ELF BOX Digitaalne 12000<\/strong><\/a> valik <strong>nikotiini tasemeid<\/strong> \u2013 <strong>2%<\/strong> v\u00f5i <strong>5% nikotiini<\/strong>. See valik pakub suurep\u00e4rast paindlikkust aurutajatele, kes soovivad nikotiini sisaldust isikup\u00e4raselt kohandada. K\u00f5rgem nikotiini sisaldus sobib eriti kogenud aurutajatele v\u00f5i neile, kes soovivad nikotiini m\u00f5ju intensiivsemalt kogeda, samas kui 2% valik on ideaalne algajatele v\u00f5i neile, kes eelistavad v\u00e4hem intensiivset kogemust.<\/p>\n<p><strong>3. Aku ja laadimisfunktsioonid: Pikem nauding usaldusv\u00e4\u00e4rse j\u00f5udlusega<\/strong><\/p>\n<p>ELF BOX Digital 12000 on varustatud <strong>500 mAh aku<\/strong> ga, mis pakub piisavalt energiat 12 000 t\u00f5mbega kogemuse jaoks. See t\u00e4hendab, et elektrooniline sigaret t\u00f6\u00f6tab kuni viimase t\u00f5mbeni stabiilse j\u00f5udlusega, ilma et peaksite muretsema aku t\u00fchjenemise p\u00e4rast. <strong>Type-C-\u00fchendus<\/strong> pakub eriti kiiret ja mugavat laadimisv\u00f5imalust, nii et saate oma elektroonilise sigareti kiiresti uuesti laadida, kui aku otsa saab.<\/p>\n<p>Tugeva aku ja kiire laadimisv\u00f5imaluse kombinatsioon muudab ELF BOX Digital 12000 v\u00e4ga praktiliseks ja usaldusv\u00e4\u00e4rseks seadmed, mis on alati k\u00e4ep\u00e4rast. Olenemata sellest, kas kasutate seda kodus v\u00f5i teel, tagab usaldusv\u00e4\u00e4rne aku, et te ei s\u00f5ltu laadimisajast ja olete alati valmis j\u00e4rgmise t\u00f5mbega.<\/p>\n<p><strong>4. Digitaalne ekraan: Kontroll \u00fche pilguga<\/strong><\/p>\n<p>Veel \u00fcks silmapaistev funktsioon ELF BOX Digital 12000 on <strong>digitaalne ekraan<\/strong>, mis n\u00e4itab teile k\u00f5iki olulisi andmeid \u00fche pilguga. Ekraan n\u00e4itab nii <strong>\u00f5li taset<\/strong> kui ka <strong>aku olekut<\/strong> nii et te teate alati t\u00e4pselt, kui palju vedelikku on veel alles ja kui palju energiat on teie akul. See funktsioon suurendab oluliselt kasutajas\u00f5bralikkust, kuna te ei koge ebameeldivaid \u00fcllatusi, nagu n\u00e4iteks ootamatu t\u00e4itmine v\u00f5i aku ootamatu t\u00fchjenemine.<\/p>\n<p>T\u00e4nu digitaalsele ekraanile saate oma aurustamiskogemust igal ajal vastavalt vajadusele kohandada. See tagab t\u00e4iendava paindlikkuse ja mugavuse, eriti kui kasutate seadet pikema aja jooksul.<\/p>\n<p><strong>5. Toote m\u00f5\u00f5tmed ja pakend: Kompaktne ja praktiline<\/strong><\/p>\n<p>Koos <strong>m\u00f5\u00f5tmetega 30 mm x 57 mm x 101 mm<\/strong> ja kaaluga vaid <strong>82 g<\/strong> on <strong>ELF BOX Digitaalne 12000<\/strong> uskumatult kompaktne ja kerge. Need omadused muudavad seadme \u00e4\u00e4rmiselt k\u00e4ep\u00e4raseks ja mugavaks transportida, nii et see mahub h\u00f5lpsasti igasse taskusse. Kui olete palju liikvel, on see e-sigaret ideaalne kaaslane. See on loodud sobima teie igap\u00e4evaellu, ilma et see oleks mahukas v\u00f5i kohmakas.<\/p>\n<p>Nad <strong>Pakend\u00fchik<\/strong> ELF BOX Digital 12000 koosneb <strong>200 t\u00fckist karbis<\/strong>, mis teeb sellest suurep\u00e4rase valiku jaem\u00fc\u00fcjatele v\u00f5i hulgim\u00fc\u00fcjatele, kes otsivad toodet, mis on nii kvaliteetne kui ka kuluefektiivne. Selle <strong>pakendi suurus<\/strong> on <strong>615 mm x 223 mm x 330 mm<\/strong>ja <strong>brutokaal karbi kohta<\/strong> on <strong>17,5 kg<\/strong>. See muudab toodete ladustamise ja saatmise eriti lihtsaks ja t\u00f5husaks.<\/p>\n<p><strong>6. Otsem\u00fc\u00fck tehasest: maksimeerige oma s\u00e4\u00e4stud<\/strong><\/p>\n<p>\u00dche parimatest v\u00f5imalustest, kuidas <strong>ELF BOX Digitaalne 12000<\/strong> tulu saada, on <strong>Otsem\u00fc\u00fck tehasest<\/strong>. Otse tootjalt ostes saate mitte ainult parima hinna, vaid ka kiirema tarne. Vahetut vahendajateta v\u00f5ite olla kindel, et saate kvaliteetse toote \u00f5iglase hinnaga. Lisaks ei maksa te <strong>tolli<\/strong> maksud, mis v\u00f5imaldab teil s\u00e4\u00e4sta veelgi rohkem.<\/p>\n<p><strong>7. Saadetis Euroopa riikidesse: kiire tarne ja usaldusv\u00e4\u00e4rne teenus<\/strong><\/p>\n<p>Veel \u00fcks ELF BOX Digital 12000 otsem\u00fc\u00fcgi eelis on kiire ja usaldusv\u00e4\u00e4rne <strong>tarne k\u00f5igisse Euroopa riikidesse<\/strong>. Olgu te asukohaga Saksamaal, Prantsusmaal, Itaalias v\u00f5i muus Euroopa riigis, tarne toimub kiiresti ja ilma keerukusteta. Saadetise korraldab otse tootja, nii et saate oma tellimuse k\u00e4tte v\u00f5imalikult kiiresti.<\/p>\n<p>Nad <strong>ELF BOX Digital 12000 Maasikaj\u00e4\u00e4tis<\/strong> on suurep\u00e4rane toode, mis pakub k\u00f5iki neid omadusi, mida suitsutajad soovivad: k\u00f5rge suitsu kogus, suurep\u00e4rane maitseintensiivsus, usaldusv\u00e4\u00e4rne aku, kaasaegne disain ja kasutajas\u00f5bralik kasutus. Olgu te kogenud suitsutaja v\u00f5i alles alustav, see e-s\u00fc\u00fctaja pakub teile k\u00f5ike, mida vajate suurep\u00e4rase suitsutamiskogemuse saamiseks.<\/p>\n<p>V\u00f5imalusega kohandada nikotiini sisaldust, digitaalse ekraani abil parema kontrolli ja praktilise, kompaktse suurusega on <strong>ELF BOX Digital 12000 Maasikaj\u00e4\u00e4tis<\/strong> \u00fcks parimaid \u00fchekordseid e-s\u00fc\u00fctajaid turul. Kasutage otsem\u00fc\u00fcgi eeliseid ja nautige selle kvaliteetse ja maitseka e-s\u00fc\u00fctaja kvaliteeti ning mugavust, mis j\u00e4rgneb teile k\u00f5ikjale.<\/p>\n<p>Kingituseks t\u00e4iuslik suitsutamiskogemus <strong>ELF BOX Digital 12000 Maasikaj\u00e4\u00e4tis<\/strong> \u2013 toode, millest te enam loobuda ei soovi!<\/p>\n<\/div>\n<\/div>\n<\/div>\n<\/div>\n<\/div>\n<\/div>","protected":false},"excerpt":{"rendered":"<p>Produktbeschreibung ELF BOX Digital 12000 Strawberry Ice Die Welt der E-Zigaretten hat sich in den letzten Jahren enorm weiterentwickelt und bietet heute eine Vielzahl an innovativen Produkten, die den Bed\u00fcrfnissen der Dampfer gerecht werden. Eine dieser Innovationen ist die ELF BOX Digital 12000 mit dem erfrischenden Strawberry Ice-Geschmack. Dieses Produkt vereint modernste Technologie, ein durchdachtes [&hellip;]<\/p>","protected":false},"featured_media":13664,"template":"","meta":{"inline_featured_image":false},"product_cat":[78,747,740,734,753,715,732],"product_tag":[710,673],"tiered_pricing_type":"fixed","tiered_pricing_fixed_rules":{"110":"7.00","200":"6.22","500":"5.45"},"tiered_pricing_percentage_rules":[],"tiered_pricing_minimum":1,"_administrator_tiered_pricing_type":"fixed","_administrator_tiered_pricing_fixed_rules":[],"_editor_tiered_pricing_type":"fixed","_editor_tiered_pricing_fixed_rules":[],"_author_tiered_pricing_type":"fixed","_author_tiered_pricing_fixed_rules":[],"_contributor_tiered_pricing_type":"fixed","_contributor_tiered_pricing_fixed_rules":[],"_subscriber_tiered_pricing_type":"fixed","_subscriber_tiered_pricing_fixed_rules":[],"_customer_tiered_pricing_type":"fixed","_customer_tiered_pricing_fixed_rules":[],"_shop_manager_tiered_pricing_type":"fixed","_shop_manager_tiered_pricing_fixed_rules":[],"_wpseo_manager_tiered_pricing_type":"fixed","_wpseo_manager_tiered_pricing_fixed_rules":[],"_wpseo_editor_tiered_pricing_type":"fixed","_wpseo_editor_tiered_pricing_fixed_rules":[],"_wholesale_customer_tiered_pricing_type":"fixed","_wholesale_customer_tiered_pricing_fixed_rules":[],"_marketer_tiered_pricing_type":"fixed","_marketer_tiered_pricing_fixed_rules":[],"_sales_manager_tiered_pricing_type":"fixed","_sales_manager_tiered_pricing_fixed_rules":[],"_sales_rep_tiered_pricing_type":"fixed","_sales_rep_tiered_pricing_fixed_rules":[],"yoast_head":"<!-- This site is optimized with the Yoast SEO plugin v23.3 - https:\/\/yoast.com\/wordpress\/plugins\/seo\/ -->\n<title>Strawberry Ice Kleinserienbestellung Fabrik Direktverkauf 1200 Puffs E Zigarette ELF BOX Digital 12000 | ElementVape.de<\/title>\n<meta name=\"description\" content=\"Wir bieten Strawberry Ice Kleinserienbestellung Fabrik Direktverkauf 1200 Puffs E Zigarette ELF BOX Digital 12000 , Elementvape.de akzeptieren Gro\u00df-und Einzelhandel Bestellungen.\" \/>\n<meta name=\"robots\" content=\"index, follow, max-snippet:-1, max-image-preview:large, max-video-preview:-1\" \/>\n<link rel=\"canonical\" href=\"https:\/\/www.elementvape.de\/et\/produkt\/strawberry-ice-kleinserienbestellung-fabrik-direktverkauf-1200-puffs-e-zigarette-elf-box-digital-12000\/\" \/>\n<meta property=\"og:locale\" content=\"et_EE\" \/>\n<meta property=\"og:type\" content=\"article\" \/>\n<meta property=\"og:title\" content=\"Strawberry Ice Kleinserienbestellung Fabrik Direktverkauf 1200 Puffs E Zigarette ELF BOX Digital 12000 | ElementVape.de\" \/>\n<meta property=\"og:description\" content=\"Wir bieten Strawberry Ice Kleinserienbestellung Fabrik Direktverkauf 1200 Puffs E Zigarette ELF BOX Digital 12000 , Elementvape.de akzeptieren Gro\u00df-und Einzelhandel Bestellungen.\" \/>\n<meta property=\"og:url\" content=\"https:\/\/www.elementvape.de\/et\/produkt\/strawberry-ice-kleinserienbestellung-fabrik-direktverkauf-1200-puffs-e-zigarette-elf-box-digital-12000\/\" \/>\n<meta property=\"og:site_name\" content=\"ElementVape.de\" \/>\n<meta property=\"article:modified_time\" content=\"2024-12-12T06:35:12+00:00\" \/>\n<meta property=\"og:image\" content=\"https:\/\/www.elementvape.de\/wp-content\/uploads\/2024\/08\/Strawberry-Ice-\u8349\u8393\u51b0-1.jpg\" \/>\n\t<meta property=\"og:image:width\" content=\"1000\" \/>\n\t<meta property=\"og:image:height\" content=\"1000\" \/>\n\t<meta property=\"og:image:type\" content=\"image\/jpeg\" \/>\n<meta name=\"twitter:card\" content=\"summary_large_image\" \/>\n<meta name=\"twitter:label1\" content=\"Est. reading time\" \/>\n\t<meta name=\"twitter:data1\" content=\"7 minutit\" \/>\n<script type=\"application\/ld+json\" class=\"yoast-schema-graph\">{\"@context\":\"https:\/\/schema.org\",\"@graph\":[{\"@type\":\"WebPage\",\"@id\":\"https:\/\/www.elementvape.de\/en\/produkt\/strawberry-ice-kleinserienbestellung-fabrik-direktverkauf-1200-puffs-e-zigarette-elf-box-digital-12000\/\",\"url\":\"https:\/\/www.elementvape.de\/en\/produkt\/strawberry-ice-kleinserienbestellung-fabrik-direktverkauf-1200-puffs-e-zigarette-elf-box-digital-12000\/\",\"name\":\"Strawberry Ice Kleinserienbestellung Fabrik Direktverkauf 1200 Puffs E Zigarette ELF BOX Digital 12000 | ElementVape.de\",\"isPartOf\":{\"@id\":\"https:\/\/www.elementvape.de\/#website\"},\"primaryImageOfPage\":{\"@id\":\"https:\/\/www.elementvape.de\/en\/produkt\/strawberry-ice-kleinserienbestellung-fabrik-direktverkauf-1200-puffs-e-zigarette-elf-box-digital-12000\/#primaryimage\"},\"image\":{\"@id\":\"https:\/\/www.elementvape.de\/en\/produkt\/strawberry-ice-kleinserienbestellung-fabrik-direktverkauf-1200-puffs-e-zigarette-elf-box-digital-12000\/#primaryimage\"},\"thumbnailUrl\":\"https:\/\/www.elementvape.de\/wp-content\/uploads\/2024\/08\/Strawberry-Ice-\u8349\u8393\u51b0-1.jpg\",\"datePublished\":\"2024-08-06T03:03:26+00:00\",\"dateModified\":\"2024-12-12T06:35:12+00:00\",\"description\":\"Wir bieten Strawberry Ice Kleinserienbestellung Fabrik Direktverkauf 1200 Puffs E Zigarette ELF BOX Digital 12000 , Elementvape.de akzeptieren Gro\u00df-und Einzelhandel Bestellungen.\",\"breadcrumb\":{\"@id\":\"https:\/\/www.elementvape.de\/en\/produkt\/strawberry-ice-kleinserienbestellung-fabrik-direktverkauf-1200-puffs-e-zigarette-elf-box-digital-12000\/#breadcrumb\"},\"inLanguage\":\"et\",\"potentialAction\":[{\"@type\":\"ReadAction\",\"target\":[\"https:\/\/www.elementvape.de\/en\/produkt\/strawberry-ice-kleinserienbestellung-fabrik-direktverkauf-1200-puffs-e-zigarette-elf-box-digital-12000\/\"]}]},{\"@type\":\"ImageObject\",\"inLanguage\":\"et\",\"@id\":\"https:\/\/www.elementvape.de\/en\/produkt\/strawberry-ice-kleinserienbestellung-fabrik-direktverkauf-1200-puffs-e-zigarette-elf-box-digital-12000\/#primaryimage\",\"url\":\"https:\/\/www.elementvape.de\/wp-content\/uploads\/2024\/08\/Strawberry-Ice-\u8349\u8393\u51b0-1.jpg\",\"contentUrl\":\"https:\/\/www.elementvape.de\/wp-content\/uploads\/2024\/08\/Strawberry-Ice-\u8349\u8393\u51b0-1.jpg\",\"width\":1000,\"height\":1000,\"caption\":\"Strawberry Ice\"},{\"@type\":\"BreadcrumbList\",\"@id\":\"https:\/\/www.elementvape.de\/en\/produkt\/strawberry-ice-kleinserienbestellung-fabrik-direktverkauf-1200-puffs-e-zigarette-elf-box-digital-12000\/#breadcrumb\",\"itemListElement\":[{\"@type\":\"ListItem\",\"position\":1,\"name\":\"Home\",\"item\":\"https:\/\/www.elementvape.de\/\"},{\"@type\":\"ListItem\",\"position\":2,\"name\":\"Shop\",\"item\":\"https:\/\/www.elementvape.de\/shop\/\"},{\"@type\":\"ListItem\",\"position\":3,\"name\":\"Strawberry Ice Kleinserienbestellung Fabrik Direktverkauf 1200 Puffs E Zigarette ELF BOX Digital 12000\"}]},{\"@type\":\"WebSite\",\"@id\":\"https:\/\/www.elementvape.de\/#website\",\"url\":\"https:\/\/www.elementvape.de\/\",\"name\":\"ElementVape.de\",\"description\":\"\",\"publisher\":{\"@id\":\"https:\/\/www.elementvape.de\/#organization\"},\"potentialAction\":[{\"@type\":\"SearchAction\",\"target\":{\"@type\":\"EntryPoint\",\"urlTemplate\":\"https:\/\/www.elementvape.de\/?s={search_term_string}\"},\"query-input\":\"required name=search_term_string\"}],\"inLanguage\":\"et\"},{\"@type\":\"Organization\",\"@id\":\"https:\/\/www.elementvape.de\/#organization\",\"name\":\"ElementVape.DE\",\"url\":\"https:\/\/www.elementvape.de\/\",\"logo\":{\"@type\":\"ImageObject\",\"inLanguage\":\"et\",\"@id\":\"https:\/\/www.elementvape.de\/#\/schema\/logo\/image\/\",\"url\":\"https:\/\/www.elementvape.de\/wp-content\/uploads\/2024\/09\/cropped-1elementvape-3.png\",\"contentUrl\":\"https:\/\/www.elementvape.de\/wp-content\/uploads\/2024\/09\/cropped-1elementvape-3.png\",\"width\":285,\"height\":228,\"caption\":\"ElementVape.DE\"},\"image\":{\"@id\":\"https:\/\/www.elementvape.de\/#\/schema\/logo\/image\/\"}}]}<\/script>\n<!-- \/ Yoast SEO plugin. -->","yoast_head_json":{"title":"Strawberry Ice Kleinserienbestellung Fabrik Direktverkauf 1200 Puffs E Zigarette ELF BOX Digital 12000 | ElementVape.de","description":"Wir bieten Strawberry Ice Kleinserienbestellung Fabrik Direktverkauf 1200 Puffs E Zigarette ELF BOX Digital 12000 , Elementvape.de akzeptieren Gro\u00df-und Einzelhandel Bestellungen.","robots":{"index":"index","follow":"follow","max-snippet":"max-snippet:-1","max-image-preview":"max-image-preview:large","max-video-preview":"max-video-preview:-1"},"canonical":"https:\/\/www.elementvape.de\/et\/produkt\/strawberry-ice-kleinserienbestellung-fabrik-direktverkauf-1200-puffs-e-zigarette-elf-box-digital-12000\/","og_locale":"et_EE","og_type":"article","og_title":"Strawberry Ice Kleinserienbestellung Fabrik Direktverkauf 1200 Puffs E Zigarette ELF BOX Digital 12000 | ElementVape.de","og_description":"Wir bieten Strawberry Ice Kleinserienbestellung Fabrik Direktverkauf 1200 Puffs E Zigarette ELF BOX Digital 12000 , Elementvape.de akzeptieren Gro\u00df-und Einzelhandel Bestellungen.","og_url":"https:\/\/www.elementvape.de\/et\/produkt\/strawberry-ice-kleinserienbestellung-fabrik-direktverkauf-1200-puffs-e-zigarette-elf-box-digital-12000\/","og_site_name":"ElementVape.de","article_modified_time":"2024-12-12T06:35:12+00:00","og_image":[{"width":1000,"height":1000,"url":"https:\/\/www.elementvape.de\/wp-content\/uploads\/2024\/08\/Strawberry-Ice-\u8349\u8393\u51b0-1.jpg","type":"image\/jpeg"}],"twitter_card":"summary_large_image","twitter_misc":{"Est. reading time":"7 minutit"},"schema":{"@context":"https:\/\/schema.org","@graph":[{"@type":"WebPage","@id":"https:\/\/www.elementvape.de\/en\/produkt\/strawberry-ice-kleinserienbestellung-fabrik-direktverkauf-1200-puffs-e-zigarette-elf-box-digital-12000\/","url":"https:\/\/www.elementvape.de\/en\/produkt\/strawberry-ice-kleinserienbestellung-fabrik-direktverkauf-1200-puffs-e-zigarette-elf-box-digital-12000\/","name":"Strawberry Ice Kleinserienbestellung Fabrik Direktverkauf 1200 Puffs E Zigarette ELF BOX Digital 12000 | ElementVape.de","isPartOf":{"@id":"https:\/\/www.elementvape.de\/#website"},"primaryImageOfPage":{"@id":"https:\/\/www.elementvape.de\/en\/produkt\/strawberry-ice-kleinserienbestellung-fabrik-direktverkauf-1200-puffs-e-zigarette-elf-box-digital-12000\/#primaryimage"},"image":{"@id":"https:\/\/www.elementvape.de\/en\/produkt\/strawberry-ice-kleinserienbestellung-fabrik-direktverkauf-1200-puffs-e-zigarette-elf-box-digital-12000\/#primaryimage"},"thumbnailUrl":"https:\/\/www.elementvape.de\/wp-content\/uploads\/2024\/08\/Strawberry-Ice-\u8349\u8393\u51b0-1.jpg","datePublished":"2024-08-06T03:03:26+00:00","dateModified":"2024-12-12T06:35:12+00:00","description":"Wir bieten Strawberry Ice Kleinserienbestellung Fabrik Direktverkauf 1200 Puffs E Zigarette ELF BOX Digital 12000 , Elementvape.de akzeptieren Gro\u00df-und Einzelhandel Bestellungen.","breadcrumb":{"@id":"https:\/\/www.elementvape.de\/en\/produkt\/strawberry-ice-kleinserienbestellung-fabrik-direktverkauf-1200-puffs-e-zigarette-elf-box-digital-12000\/#breadcrumb"},"inLanguage":"et","potentialAction":[{"@type":"ReadAction","target":["https:\/\/www.elementvape.de\/en\/produkt\/strawberry-ice-kleinserienbestellung-fabrik-direktverkauf-1200-puffs-e-zigarette-elf-box-digital-12000\/"]}]},{"@type":"ImageObject","inLanguage":"et","@id":"https:\/\/www.elementvape.de\/en\/produkt\/strawberry-ice-kleinserienbestellung-fabrik-direktverkauf-1200-puffs-e-zigarette-elf-box-digital-12000\/#primaryimage","url":"https:\/\/www.elementvape.de\/wp-content\/uploads\/2024\/08\/Strawberry-Ice-\u8349\u8393\u51b0-1.jpg","contentUrl":"https:\/\/www.elementvape.de\/wp-content\/uploads\/2024\/08\/Strawberry-Ice-\u8349\u8393\u51b0-1.jpg","width":1000,"height":1000,"caption":"Strawberry Ice"},{"@type":"BreadcrumbList","@id":"https:\/\/www.elementvape.de\/en\/produkt\/strawberry-ice-kleinserienbestellung-fabrik-direktverkauf-1200-puffs-e-zigarette-elf-box-digital-12000\/#breadcrumb","itemListElement":[{"@type":"ListItem","position":1,"name":"Home","item":"https:\/\/www.elementvape.de\/"},{"@type":"ListItem","position":2,"name":"Shop","item":"https:\/\/www.elementvape.de\/shop\/"},{"@type":"ListItem","position":3,"name":"Strawberry Ice Kleinserienbestellung Fabrik Direktverkauf 1200 Puffs E Zigarette ELF BOX Digital 12000"}]},{"@type":"WebSite","@id":"https:\/\/www.elementvape.de\/#website","url":"https:\/\/www.elementvape.de\/","name":"ElementVape.de","description":"","publisher":{"@id":"https:\/\/www.elementvape.de\/#organization"},"potentialAction":[{"@type":"SearchAction","target":{"@type":"EntryPoint","urlTemplate":"https:\/\/www.elementvape.de\/?s={search_term_string}"},"query-input":"required name=search_term_string"}],"inLanguage":"et"},{"@type":"Organization","@id":"https:\/\/www.elementvape.de\/#organization","name":"ElementVape.DE","url":"https:\/\/www.elementvape.de\/","logo":{"@type":"ImageObject","inLanguage":"et","@id":"https:\/\/www.elementvape.de\/#\/schema\/logo\/image\/","url":"https:\/\/www.elementvape.de\/wp-content\/uploads\/2024\/09\/cropped-1elementvape-3.png","contentUrl":"https:\/\/www.elementvape.de\/wp-content\/uploads\/2024\/09\/cropped-1elementvape-3.png","width":285,"height":228,"caption":"ElementVape.DE"},"image":{"@id":"https:\/\/www.elementvape.de\/#\/schema\/logo\/image\/"}}]}},"_links":{"self":[{"href":"https:\/\/www.elementvape.de\/et\/wp-json\/wp\/v2\/product\/13662"}],"collection":[{"href":"https:\/\/www.elementvape.de\/et\/wp-json\/wp\/v2\/product"}],"about":[{"href":"https:\/\/www.elementvape.de\/et\/wp-json\/wp\/v2\/types\/product"}],"wp:featuredmedia":[{"embeddable":true,"href":"https:\/\/www.elementvape.de\/et\/wp-json\/wp\/v2\/media\/13664"}],"wp:attachment":[{"href":"https:\/\/www.elementvape.de\/et\/wp-json\/wp\/v2\/media?parent=13662"}],"wp:term":[{"taxonomy":"product_cat","embeddable":true,"href":"https:\/\/www.elementvape.de\/et\/wp-json\/wp\/v2\/product_cat?post=13662"},{"taxonomy":"product_tag","embeddable":true,"href":"https:\/\/www.elementvape.de\/et\/wp-json\/wp\/v2\/product_tag?post=13662"}],"curies":[{"name":"wp","href":"https:\/\/api.w.org\/{rel}","templated":true}]}}