{"id":13478,"date":"2024-07-01T07:35:08","date_gmt":"2024-07-01T07:35:08","guid":{"rendered":"https:\/\/www.elementvape.de\/?post_type=product&#038;p=13478"},"modified":"2024-09-12T10:28:41","modified_gmt":"2024-09-12T10:28:41","slug":"oxva-xlim-c-pod-kit-900mah","status":"publish","type":"product","link":"https:\/\/www.elementvape.de\/et\/produkt\/oxva-xlim-c-pod-kit-900mah\/","title":{"rendered":"OXVA XLIM C Pod komplekt 900mAh"},"content":{"rendered":"<div class=\"flex-shrink-0 flex flex-col relative items-end\">\n<div>\n<div class=\"pt-0.5 juice:pt-0\">\n<div class=\"gizmo-bot-avatar flex h-6 w-6 items-center justify-center overflow-hidden rounded-full juice:h-8 juice:w-8\">\n<div class=\"relative p-1 rounded-sm flex items-center justify-center bg-token-main-surface-primary text-token-text-primary h-8 w-8\">OXVA XLIM C Pod komplekt on populaarse XLIM-seeria laiendus ning on loodud pakkuma silmapaistvat suitsutamiskogemust. Selle sisseehitatud 900 mAh aku ja XLIM C-kartusiga on see saadaval 10 stiilse v\u00e4rvivalikuga ning pakub t\u00e4iustatud v\u00f5imalust nautida X-treme maitset.<\/div>\n<\/div>\n<\/div>\n<\/div>\n<\/div>\n<div class=\"group\/conversation-turn relative flex w-full min-w-0 flex-col agent-turn\">\n<div class=\"flex-col gap-1 md:gap-3\">\n<div class=\"flex flex-grow flex-col max-w-full\">\n<div class=\"min-h-[20px] text-message flex flex-col items-start whitespace-pre-wrap break-words [.text-message+&amp;]:mt-5 juice:w-full juice:items-end overflow-x-auto gap-2\" dir=\"auto\" data-message-author-role=\"assistant\" data-message-id=\"bc1b3654-7cf8-4161-b9ce-d1c9d944a695\">\n<div class=\"flex w-full flex-col gap-1 juice:empty:hidden juice:first:pt-[3px]\">\n<div class=\"markdown prose w-full break-words dark:prose-invert light\">\n<h3>Tehnilised parameetrid<\/h3>\n<ul>\n<li><strong>V\u00e4ljundv\u00f5imsus:<\/strong> Maks. 25 W<\/li>\n<li><strong>Kartus\u0161i maht:<\/strong> 2 ml<\/li>\n<li><strong>Aku maht:<\/strong> 900 mAh<\/li>\n<li><strong>Materjal:<\/strong> Alumiiniumisulam + PCTG<\/li>\n<li><strong>Laadimine:<\/strong> DC 5 V\/2 A, t\u00fc\u00fcpi C<\/li>\n<li><strong>M\u00f5\u00f5tmed:<\/strong> 114,5 mm x 14 mm x 24 mm<\/li>\n<li><strong>Kaal:<\/strong> 40 g<\/li>\n<li><strong>Kiled:<\/strong> KA1 MESH (0,6 \u03a9 \/ 0,8 \u03a9 \/ 1,2 \u03a9)<\/li>\n<\/ul>\n<h3>Peamised funktsioonid<\/h3>\n<ol>\n<li><strong>X-TREME MAITSE:<\/strong> Vahetatavad Xlim C-kiled (0,6 \u03a9 \/ 0,8 \u03a9 \/ 1,2 \u03a9) koos KA1 MESH-ga intensiivse maitse jaoks.<\/li>\n<li><strong>Automaatne t\u00f5mbamine + nupp:<\/strong> V\u00f5imaldab nii automaatset t\u00f5mbamist kui ka nuppu kasutada.<\/li>\n<li><strong>3-tasemeline nutikas re\u017eiim:<\/strong> Pakub paindlikkust v\u00e4ljundv\u00f5imsuse seadistamisel.<\/li>\n<li><strong>Ergonoomiline k\u00fclgventilaatori reguleerimine:<\/strong> V\u00f5imaldab t\u00e4pset \u00f5huvoolu kohandamist.<\/li>\n<li><strong>Sisemine 900 mAh aku:<\/strong> Pikk kasutusiga.<\/li>\n<li><strong>Maksimaalne v\u00e4ljundv\u00f5imsus 25 W:<\/strong> Pakub piisavat j\u00f5udlust rahuldava aurustamise kogemuse jaoks.<\/li>\n<li><strong>K\u00fclgkandmine:<\/strong> Lihtne t\u00e4ita karburaatorit.<\/li>\n<li><strong>Type C 5 V\/2 A kiire laadimine:<\/strong> Kiire seadme laadimine.<\/li>\n<li><strong>10 v\u00e4rvivalikut:<\/strong> Must, Pruun vask, Punane, Gradientsinine, Lilla, l\u00e4ikiv must h\u00f5be, l\u00e4ikiv kuld h\u00f5be, l\u00e4ikiv roheline h\u00f5be, roheline kamuflaa\u017e, must kamuflaa\u017e.<\/li>\n<\/ol>\n<h3>Komplekt sisaldab<\/h3>\n<ul>\n<li>1 x XLIM C-seade<\/li>\n<li>1 x XLIM C-kate 0,6 \u03a9<\/li>\n<li>1 x T\u00fc\u00fcp-C-kaabel<\/li>\n<li>1 x Kasutusjuhend<\/li>\n<li>1 x XLIM C-toru 2 ml<\/li>\n<li>1 x XLIM C-kate 0,8 \u03a9<\/li>\n<li>1 x Kandekott<\/li>\n<\/ul>\n<p>OXVA XLIM C Pod komplekt on ideaalne suitsutajatele, kes hindavad kompaktset suurust, lihtsat kasutamist ja suurep\u00e4rast maitset. Oma mitmek\u00fclgsete funktsioonide ja stiilse disainiga on see suurep\u00e4rane valik igap\u00e4evaseks kasutamiseks.<\/p>\n<\/div>\n<\/div>\n<\/div>\n<\/div>\n<\/div>\n<\/div>","protected":false},"excerpt":{"rendered":"<p>Das OXVA XLIM C Pod Kit ist eine Erweiterung der beliebten XLIM-Serie und wurde entwickelt, um ein herausragendes Dampferlebnis zu bieten. Mit seinem eingebauten 900 mAh Akku und der XLIM C-Kartusche ist es in 10 stilvollen Farboptionen erh\u00e4ltlich und bietet eine verbesserte M\u00f6glichkeit, X-treme-Geschmack zu genie\u00dfen. Technische Parameter Ausgangsleistung: Max. 25 W Kartuschenkapazit\u00e4t: 2 ml [&hellip;]<\/p>","protected":false},"featured_media":13489,"template":"","meta":{"inline_featured_image":false},"product_cat":[747,740,734,753,76],"product_tag":[],"tiered_pricing_type":"fixed","tiered_pricing_fixed_rules":[],"tiered_pricing_percentage_rules":[],"tiered_pricing_minimum":1,"_administrator_tiered_pricing_type":"fixed","_administrator_tiered_pricing_fixed_rules":[],"_editor_tiered_pricing_type":"fixed","_editor_tiered_pricing_fixed_rules":[],"_author_tiered_pricing_type":"fixed","_author_tiered_pricing_fixed_rules":[],"_contributor_tiered_pricing_type":"fixed","_contributor_tiered_pricing_fixed_rules":[],"_subscriber_tiered_pricing_type":"fixed","_subscriber_tiered_pricing_fixed_rules":[],"_customer_tiered_pricing_type":"fixed","_customer_tiered_pricing_fixed_rules":[],"_shop_manager_tiered_pricing_type":"fixed","_shop_manager_tiered_pricing_fixed_rules":[],"_wpseo_manager_tiered_pricing_type":"fixed","_wpseo_manager_tiered_pricing_fixed_rules":[],"_wpseo_editor_tiered_pricing_type":"fixed","_wpseo_editor_tiered_pricing_fixed_rules":[],"_wholesale_customer_tiered_pricing_type":"fixed","_wholesale_customer_tiered_pricing_fixed_rules":[],"_marketer_tiered_pricing_type":"fixed","_marketer_tiered_pricing_fixed_rules":[],"_sales_manager_tiered_pricing_type":"fixed","_sales_manager_tiered_pricing_fixed_rules":[],"_sales_rep_tiered_pricing_type":"fixed","_sales_rep_tiered_pricing_fixed_rules":[],"yoast_head":"<!-- This site is optimized with the Yoast SEO plugin v23.3 - https:\/\/yoast.com\/wordpress\/plugins\/seo\/ -->\n<title>OXVA XLIM C Pod Kit 900mAh | ElementVape.de<\/title>\n<meta name=\"description\" content=\"Wir bieten OXVA XLIM C Pod Kit 900mAh , Elementvape.de akzeptieren Gro\u00df-und Einzelhandel Bestellungen.\" \/>\n<meta name=\"robots\" content=\"index, follow, max-snippet:-1, max-image-preview:large, max-video-preview:-1\" \/>\n<link rel=\"canonical\" href=\"https:\/\/www.elementvape.de\/et\/produkt\/oxva-xlim-c-pod-kit-900mah\/\" \/>\n<meta property=\"og:locale\" content=\"et_EE\" \/>\n<meta property=\"og:type\" content=\"article\" \/>\n<meta property=\"og:title\" content=\"OXVA XLIM C Pod Kit 900mAh | ElementVape.de\" \/>\n<meta property=\"og:description\" content=\"Wir bieten OXVA XLIM C Pod Kit 900mAh , Elementvape.de akzeptieren Gro\u00df-und Einzelhandel Bestellungen.\" \/>\n<meta property=\"og:url\" content=\"https:\/\/www.elementvape.de\/et\/produkt\/oxva-xlim-c-pod-kit-900mah\/\" \/>\n<meta property=\"og:site_name\" content=\"ElementVape.de\" \/>\n<meta property=\"article:modified_time\" content=\"2024-09-12T10:28:41+00:00\" \/>\n<meta property=\"og:image\" content=\"https:\/\/www.elementvape.de\/wp-content\/uploads\/2024\/07\/OXVA-XLIM-C-Kit-_19.webp\" \/>\n\t<meta property=\"og:image:width\" content=\"800\" \/>\n\t<meta property=\"og:image:height\" content=\"800\" \/>\n\t<meta property=\"og:image:type\" content=\"image\/webp\" \/>\n<meta name=\"twitter:card\" content=\"summary_large_image\" \/>\n<meta name=\"twitter:label1\" content=\"Est. reading time\" \/>\n\t<meta name=\"twitter:data1\" content=\"2 minutit\" \/>\n<script type=\"application\/ld+json\" class=\"yoast-schema-graph\">{\"@context\":\"https:\/\/schema.org\",\"@graph\":[{\"@type\":\"WebPage\",\"@id\":\"https:\/\/www.elementvape.de\/da\/produkt\/oxva-xlim-c-pod-kit-900mah\/\",\"url\":\"https:\/\/www.elementvape.de\/da\/produkt\/oxva-xlim-c-pod-kit-900mah\/\",\"name\":\"OXVA XLIM C Pod Kit 900mAh | ElementVape.de\",\"isPartOf\":{\"@id\":\"https:\/\/www.elementvape.de\/#website\"},\"primaryImageOfPage\":{\"@id\":\"https:\/\/www.elementvape.de\/da\/produkt\/oxva-xlim-c-pod-kit-900mah\/#primaryimage\"},\"image\":{\"@id\":\"https:\/\/www.elementvape.de\/da\/produkt\/oxva-xlim-c-pod-kit-900mah\/#primaryimage\"},\"thumbnailUrl\":\"https:\/\/www.elementvape.de\/wp-content\/uploads\/2024\/07\/OXVA-XLIM-C-Kit-_19.webp\",\"datePublished\":\"2024-07-01T07:35:08+00:00\",\"dateModified\":\"2024-09-12T10:28:41+00:00\",\"description\":\"Wir bieten OXVA XLIM C Pod Kit 900mAh , Elementvape.de akzeptieren Gro\u00df-und Einzelhandel Bestellungen.\",\"breadcrumb\":{\"@id\":\"https:\/\/www.elementvape.de\/da\/produkt\/oxva-xlim-c-pod-kit-900mah\/#breadcrumb\"},\"inLanguage\":\"et\",\"potentialAction\":[{\"@type\":\"ReadAction\",\"target\":[\"https:\/\/www.elementvape.de\/da\/produkt\/oxva-xlim-c-pod-kit-900mah\/\"]}]},{\"@type\":\"ImageObject\",\"inLanguage\":\"et\",\"@id\":\"https:\/\/www.elementvape.de\/da\/produkt\/oxva-xlim-c-pod-kit-900mah\/#primaryimage\",\"url\":\"https:\/\/www.elementvape.de\/wp-content\/uploads\/2024\/07\/OXVA-XLIM-C-Kit-_19.webp\",\"contentUrl\":\"https:\/\/www.elementvape.de\/wp-content\/uploads\/2024\/07\/OXVA-XLIM-C-Kit-_19.webp\",\"width\":800,\"height\":800,\"caption\":\"OXVA-XLIM-C-Kit-_19\"},{\"@type\":\"BreadcrumbList\",\"@id\":\"https:\/\/www.elementvape.de\/da\/produkt\/oxva-xlim-c-pod-kit-900mah\/#breadcrumb\",\"itemListElement\":[{\"@type\":\"ListItem\",\"position\":1,\"name\":\"Home\",\"item\":\"https:\/\/www.elementvape.de\/\"},{\"@type\":\"ListItem\",\"position\":2,\"name\":\"Shop\",\"item\":\"https:\/\/www.elementvape.de\/shop\/\"},{\"@type\":\"ListItem\",\"position\":3,\"name\":\"OXVA XLIM C Pod Kit 900mAh\"}]},{\"@type\":\"WebSite\",\"@id\":\"https:\/\/www.elementvape.de\/#website\",\"url\":\"https:\/\/www.elementvape.de\/\",\"name\":\"ElementVape.de\",\"description\":\"\",\"publisher\":{\"@id\":\"https:\/\/www.elementvape.de\/#organization\"},\"potentialAction\":[{\"@type\":\"SearchAction\",\"target\":{\"@type\":\"EntryPoint\",\"urlTemplate\":\"https:\/\/www.elementvape.de\/?s={search_term_string}\"},\"query-input\":\"required name=search_term_string\"}],\"inLanguage\":\"et\"},{\"@type\":\"Organization\",\"@id\":\"https:\/\/www.elementvape.de\/#organization\",\"name\":\"ElementVape.DE\",\"url\":\"https:\/\/www.elementvape.de\/\",\"logo\":{\"@type\":\"ImageObject\",\"inLanguage\":\"et\",\"@id\":\"https:\/\/www.elementvape.de\/#\/schema\/logo\/image\/\",\"url\":\"https:\/\/www.elementvape.de\/wp-content\/uploads\/2024\/09\/cropped-1elementvape-3.png\",\"contentUrl\":\"https:\/\/www.elementvape.de\/wp-content\/uploads\/2024\/09\/cropped-1elementvape-3.png\",\"width\":285,\"height\":228,\"caption\":\"ElementVape.DE\"},\"image\":{\"@id\":\"https:\/\/www.elementvape.de\/#\/schema\/logo\/image\/\"}}]}<\/script>\n<!-- \/ Yoast SEO plugin. -->","yoast_head_json":{"title":"OXVA XLIM C Pod Kit 900mAh | ElementVape.de","description":"Wir bieten OXVA XLIM C Pod Kit 900mAh , Elementvape.de akzeptieren Gro\u00df-und Einzelhandel Bestellungen.","robots":{"index":"index","follow":"follow","max-snippet":"max-snippet:-1","max-image-preview":"max-image-preview:large","max-video-preview":"max-video-preview:-1"},"canonical":"https:\/\/www.elementvape.de\/et\/produkt\/oxva-xlim-c-pod-kit-900mah\/","og_locale":"et_EE","og_type":"article","og_title":"OXVA XLIM C Pod Kit 900mAh | ElementVape.de","og_description":"Wir bieten OXVA XLIM C Pod Kit 900mAh , Elementvape.de akzeptieren Gro\u00df-und Einzelhandel Bestellungen.","og_url":"https:\/\/www.elementvape.de\/et\/produkt\/oxva-xlim-c-pod-kit-900mah\/","og_site_name":"ElementVape.de","article_modified_time":"2024-09-12T10:28:41+00:00","og_image":[{"width":800,"height":800,"url":"https:\/\/www.elementvape.de\/wp-content\/uploads\/2024\/07\/OXVA-XLIM-C-Kit-_19.webp","type":"image\/webp"}],"twitter_card":"summary_large_image","twitter_misc":{"Est. reading time":"2 minutit"},"schema":{"@context":"https:\/\/schema.org","@graph":[{"@type":"WebPage","@id":"https:\/\/www.elementvape.de\/da\/produkt\/oxva-xlim-c-pod-kit-900mah\/","url":"https:\/\/www.elementvape.de\/da\/produkt\/oxva-xlim-c-pod-kit-900mah\/","name":"OXVA XLIM C Pod Kit 900mAh | ElementVape.de","isPartOf":{"@id":"https:\/\/www.elementvape.de\/#website"},"primaryImageOfPage":{"@id":"https:\/\/www.elementvape.de\/da\/produkt\/oxva-xlim-c-pod-kit-900mah\/#primaryimage"},"image":{"@id":"https:\/\/www.elementvape.de\/da\/produkt\/oxva-xlim-c-pod-kit-900mah\/#primaryimage"},"thumbnailUrl":"https:\/\/www.elementvape.de\/wp-content\/uploads\/2024\/07\/OXVA-XLIM-C-Kit-_19.webp","datePublished":"2024-07-01T07:35:08+00:00","dateModified":"2024-09-12T10:28:41+00:00","description":"Wir bieten OXVA XLIM C Pod Kit 900mAh , Elementvape.de akzeptieren Gro\u00df-und Einzelhandel Bestellungen.","breadcrumb":{"@id":"https:\/\/www.elementvape.de\/da\/produkt\/oxva-xlim-c-pod-kit-900mah\/#breadcrumb"},"inLanguage":"et","potentialAction":[{"@type":"ReadAction","target":["https:\/\/www.elementvape.de\/da\/produkt\/oxva-xlim-c-pod-kit-900mah\/"]}]},{"@type":"ImageObject","inLanguage":"et","@id":"https:\/\/www.elementvape.de\/da\/produkt\/oxva-xlim-c-pod-kit-900mah\/#primaryimage","url":"https:\/\/www.elementvape.de\/wp-content\/uploads\/2024\/07\/OXVA-XLIM-C-Kit-_19.webp","contentUrl":"https:\/\/www.elementvape.de\/wp-content\/uploads\/2024\/07\/OXVA-XLIM-C-Kit-_19.webp","width":800,"height":800,"caption":"OXVA-XLIM-C-Kit-_19"},{"@type":"BreadcrumbList","@id":"https:\/\/www.elementvape.de\/da\/produkt\/oxva-xlim-c-pod-kit-900mah\/#breadcrumb","itemListElement":[{"@type":"ListItem","position":1,"name":"Home","item":"https:\/\/www.elementvape.de\/"},{"@type":"ListItem","position":2,"name":"Shop","item":"https:\/\/www.elementvape.de\/shop\/"},{"@type":"ListItem","position":3,"name":"OXVA XLIM C Pod Kit 900mAh"}]},{"@type":"WebSite","@id":"https:\/\/www.elementvape.de\/#website","url":"https:\/\/www.elementvape.de\/","name":"ElementVape.de","description":"","publisher":{"@id":"https:\/\/www.elementvape.de\/#organization"},"potentialAction":[{"@type":"SearchAction","target":{"@type":"EntryPoint","urlTemplate":"https:\/\/www.elementvape.de\/?s={search_term_string}"},"query-input":"required name=search_term_string"}],"inLanguage":"et"},{"@type":"Organization","@id":"https:\/\/www.elementvape.de\/#organization","name":"ElementVape.DE","url":"https:\/\/www.elementvape.de\/","logo":{"@type":"ImageObject","inLanguage":"et","@id":"https:\/\/www.elementvape.de\/#\/schema\/logo\/image\/","url":"https:\/\/www.elementvape.de\/wp-content\/uploads\/2024\/09\/cropped-1elementvape-3.png","contentUrl":"https:\/\/www.elementvape.de\/wp-content\/uploads\/2024\/09\/cropped-1elementvape-3.png","width":285,"height":228,"caption":"ElementVape.DE"},"image":{"@id":"https:\/\/www.elementvape.de\/#\/schema\/logo\/image\/"}}]}},"_links":{"self":[{"href":"https:\/\/www.elementvape.de\/et\/wp-json\/wp\/v2\/product\/13478"}],"collection":[{"href":"https:\/\/www.elementvape.de\/et\/wp-json\/wp\/v2\/product"}],"about":[{"href":"https:\/\/www.elementvape.de\/et\/wp-json\/wp\/v2\/types\/product"}],"wp:featuredmedia":[{"embeddable":true,"href":"https:\/\/www.elementvape.de\/et\/wp-json\/wp\/v2\/media\/13489"}],"wp:attachment":[{"href":"https:\/\/www.elementvape.de\/et\/wp-json\/wp\/v2\/media?parent=13478"}],"wp:term":[{"taxonomy":"product_cat","embeddable":true,"href":"https:\/\/www.elementvape.de\/et\/wp-json\/wp\/v2\/product_cat?post=13478"},{"taxonomy":"product_tag","embeddable":true,"href":"https:\/\/www.elementvape.de\/et\/wp-json\/wp\/v2\/product_tag?post=13478"}],"curies":[{"name":"wp","href":"https:\/\/api.w.org\/{rel}","templated":true}]}}