{"id":12868,"date":"2024-06-22T10:18:37","date_gmt":"2024-06-22T10:18:37","guid":{"rendered":"https:\/\/www.elementvape.de\/?post_type=product&#038;p=12868"},"modified":"2024-09-12T10:29:49","modified_gmt":"2024-09-12T10:29:49","slug":"elux-legend-3500-einweg-e-zigarette-3500-zuege","status":"publish","type":"product","link":"https:\/\/www.elementvape.de\/et\/produkt\/elux-legend-3500-einweg-e-zigarette-3500-zuege\/","title":{"rendered":"Elux Legend 3500 \u00dchekordne E-s\u00fc\u00fctaja 3500 Puhangut"},"content":{"rendered":"<h3>Elux Legend 3500 puffs \u00fchekordse e-sigareti kirjeldus<\/h3>\n<p>Me tarnime Elux \u00fchekordsed vape-tooted k\u00f5rgeima kvaliteediga ning pakume klientidele parimat vape-pakkumist, sealhulgas elektroonilisi sigarette, mahlasid ja tarvikuid. Elux Legend 3500 puffs \u00fchekordne vape on oma p\u00f5nevate funktsioonide t\u00f5ttu \u00fcks oodatumaid ja populaarsemaid vape tooteid turul.<\/p>\n<h3>Peamised omadused:<\/h3>\n<ul>\n<li><strong>Elegantne disain<\/strong>: T\u00e4idetav \u00fchekordne pod-s\u00fcsteem on tuntud oma \u00f5hukese keha ja kompaktse disaini poolest, mis muudab selle taskukohaseks ja kergesti kaasaskantavaks.<\/li>\n<li><strong>V\u00f5imas aku<\/strong>: Sisseehitatud 1500-mAh aku v\u00f5imaldab kuni 3500 t\u00f5mmet, mis on piisav peaaegu n\u00e4dala kasutamiseks ilma uue seadmeta.<\/li>\n<li><strong>Suur E-vedeliku maht<\/strong>: 10 ml mahutavusega pakub seade pikaajalist aurutamisnaudingut.<\/li>\n<\/ul>\n<h3>Tehnilised spetsifikatsioonid:<\/h3>\n<ul>\n<li><strong>T\u00f5mbekapatsiteet<\/strong>: Kuni 3500 t\u00f5mmet<\/li>\n<li><strong>Aku maht<\/strong>: 1500 mAh (sisseehitatud aku)<\/li>\n<li><strong>Nikotiini kontsentratsioon<\/strong>: 2 %, 5 %<\/li>\n<li><strong>E-vedeliku maht<\/strong>: 10 ml<\/li>\n<\/ul>\n<h3>Saadaval maitsed:<\/h3>\n<ol>\n<li>Mustikas vaarikas<\/li>\n<li>Fuji arbuus<\/li>\n<li>Mustikas-granaat\u00f5un<\/li>\n<li>Hr. Blue<\/li>\n<li>Musts\u00f5star Mentool<\/li>\n<li>Tiigris\u00fcda<\/li>\n<li>Valge virsik<\/li>\n<li>Vaarika virsik<\/li>\n<li>Mustikakomm<\/li>\n<li>V\u00e4rske piparm\u00fcnt<\/li>\n<li>Banaani-puding<\/li>\n<li>Vattpall<\/li>\n<li>Arbuusij\u00e4\u00e4tis<\/li>\n<li>Virsiku mangov\u00f5ie<\/li>\n<li>Unicorni smuuti<\/li>\n<li>Oliivi virsiku pirn<\/li>\n<li>Punane \u00f5unaj\u00e4\u00e4tis<\/li>\n<li>S\u00fcgismarjad<\/li>\n<li>Roosa limonaad<\/li>\n<li>Selge maasikas<\/li>\n<li>Vesimeloni n\u00e4rimiskumm<\/li>\n<li>Mustik N\u00e4rimiskumm<\/li>\n<li>Mustikas<\/li>\n<li>Hapu vaarikas<\/li>\n<li>Saurer \u00f5un<\/li>\n<li>Maasikaj\u00e4\u00e4tis<\/li>\n<\/ol>\n<h3>Komplekt sisaldab:<\/h3>\n<ul>\n<li><strong>1 x Elux Legend 3500 \u00fchekordne vape<\/strong><\/li>\n<\/ul>\n<h3>Elux Legend 3500 puffs \u00fchekordse vape eelised:<\/h3>\n<ul>\n<li><strong>Kasutajas\u00f5bralik<\/strong>: Ei vaja laadimist ega t\u00e4itmist, lihtsalt v\u00e4lja pakkida ja nautida.<\/li>\n<li><strong>P\u00fcsiv aurustamiskogemus<\/strong>: 3500 t\u00f5mmet ja suure 1500-mAh aku t\u00f5ttu pakub seade pikaajalist kasutamist.<\/li>\n<li><strong>Suur maitsevalik<\/strong>: Lai valik maitseid tagab mitmekesisuse ja isikup\u00e4rase suitsutamise kogemuse.<\/li>\n<li><strong>Kompaktne ja kaasaskantav<\/strong>: Ideaalne liikvel olles, mahub h\u00f5lpsasti taskusse v\u00f5i k\u00e4ekotti.<\/li>\n<\/ul>\n<p>Elux Legend 3500 puffs \u00fchekordne vape on ideaalne valik suitsutajatele, kes otsivad v\u00f5imsat, lihtsasti kasutatavat ja kaasaskantavat seadet.<\/p>","protected":false},"excerpt":{"rendered":"<p>Beschreibung des Elux Legend 3500 Puffs Einweg-E-Zigarette Wir liefern Elux Disposable Vapes in h\u00f6chster Qualit\u00e4t und bieten unseren Kunden das beste Vape-Angebot, einschlie\u00dflich elektronischer Zigaretten, S\u00e4fte und Zubeh\u00f6r. Der Elux Legend 3500 Puffs Einweg-Vape ist aufgrund seiner faszinierenden Funktionen eines der am meisten erwarteten und beliebtesten Vapes auf dem Markt. Haupteigenschaften: Elegantes Design: Das vorgef\u00fcllte [&hellip;]<\/p>","protected":false},"featured_media":12869,"template":"","meta":{"inline_featured_image":false},"product_cat":[78,754,745,742,748],"product_tag":[],"tiered_pricing_type":"fixed","tiered_pricing_fixed_rules":[],"tiered_pricing_percentage_rules":[],"tiered_pricing_minimum":1,"_administrator_tiered_pricing_type":"fixed","_administrator_tiered_pricing_fixed_rules":[],"_editor_tiered_pricing_type":"fixed","_editor_tiered_pricing_fixed_rules":[],"_author_tiered_pricing_type":"fixed","_author_tiered_pricing_fixed_rules":[],"_contributor_tiered_pricing_type":"fixed","_contributor_tiered_pricing_fixed_rules":[],"_subscriber_tiered_pricing_type":"fixed","_subscriber_tiered_pricing_fixed_rules":[],"_customer_tiered_pricing_type":"fixed","_customer_tiered_pricing_fixed_rules":[],"_shop_manager_tiered_pricing_type":"fixed","_shop_manager_tiered_pricing_fixed_rules":[],"_wpseo_manager_tiered_pricing_type":"fixed","_wpseo_manager_tiered_pricing_fixed_rules":[],"_wpseo_editor_tiered_pricing_type":"fixed","_wpseo_editor_tiered_pricing_fixed_rules":[],"_wholesale_customer_tiered_pricing_type":"fixed","_wholesale_customer_tiered_pricing_fixed_rules":[],"_marketer_tiered_pricing_type":"fixed","_marketer_tiered_pricing_fixed_rules":[],"_sales_manager_tiered_pricing_type":"fixed","_sales_manager_tiered_pricing_fixed_rules":[],"_sales_rep_tiered_pricing_type":"fixed","_sales_rep_tiered_pricing_fixed_rules":[],"yoast_head":"<!-- This site is optimized with the Yoast SEO plugin v23.3 - https:\/\/yoast.com\/wordpress\/plugins\/seo\/ -->\n<title>Elux Legend 3500 Einweg-E-Zigarette 3500 Z\u00fcge | ElementVape.de<\/title>\n<meta name=\"description\" content=\"Wir bieten Elux Legend 3500 Einweg-E-Zigarette 3500 Z\u00fcge , Elementvape.de akzeptieren Gro\u00df-und Einzelhandel Bestellungen.\" \/>\n<meta name=\"robots\" content=\"index, follow, max-snippet:-1, max-image-preview:large, max-video-preview:-1\" \/>\n<link rel=\"canonical\" href=\"https:\/\/www.elementvape.de\/et\/produkt\/elux-legend-3500-einweg-e-zigarette-3500-zuege\/\" \/>\n<meta property=\"og:locale\" content=\"et_EE\" \/>\n<meta property=\"og:type\" content=\"article\" \/>\n<meta property=\"og:title\" content=\"Elux Legend 3500 Einweg-E-Zigarette 3500 Z\u00fcge | ElementVape.de\" \/>\n<meta property=\"og:description\" content=\"Wir bieten Elux Legend 3500 Einweg-E-Zigarette 3500 Z\u00fcge , Elementvape.de akzeptieren Gro\u00df-und Einzelhandel Bestellungen.\" \/>\n<meta property=\"og:url\" content=\"https:\/\/www.elementvape.de\/et\/produkt\/elux-legend-3500-einweg-e-zigarette-3500-zuege\/\" \/>\n<meta property=\"og:site_name\" content=\"ElementVape.de\" \/>\n<meta property=\"article:modified_time\" content=\"2024-09-12T10:29:49+00:00\" \/>\n<meta property=\"og:image\" content=\"https:\/\/www.elementvape.de\/wp-content\/uploads\/2024\/06\/Elux-Legend-3500-Disposable-Vape-3500-Puffs-605224.webp\" \/>\n\t<meta property=\"og:image:width\" content=\"800\" \/>\n\t<meta property=\"og:image:height\" content=\"800\" \/>\n\t<meta property=\"og:image:type\" content=\"image\/webp\" \/>\n<meta name=\"twitter:card\" content=\"summary_large_image\" \/>\n<meta name=\"twitter:label1\" content=\"Est. reading time\" \/>\n\t<meta name=\"twitter:data1\" content=\"2 minutit\" \/>\n<script type=\"application\/ld+json\" class=\"yoast-schema-graph\">{\"@context\":\"https:\/\/schema.org\",\"@graph\":[{\"@type\":\"WebPage\",\"@id\":\"https:\/\/www.elementvape.de\/produkt\/elux-legend-3500-einweg-e-zigarette-3500-zuege\/\",\"url\":\"https:\/\/www.elementvape.de\/produkt\/elux-legend-3500-einweg-e-zigarette-3500-zuege\/\",\"name\":\"Elux Legend 3500 Einweg-E-Zigarette 3500 Z\u00fcge | ElementVape.de\",\"isPartOf\":{\"@id\":\"https:\/\/www.elementvape.de\/#website\"},\"primaryImageOfPage\":{\"@id\":\"https:\/\/www.elementvape.de\/produkt\/elux-legend-3500-einweg-e-zigarette-3500-zuege\/#primaryimage\"},\"image\":{\"@id\":\"https:\/\/www.elementvape.de\/produkt\/elux-legend-3500-einweg-e-zigarette-3500-zuege\/#primaryimage\"},\"thumbnailUrl\":\"https:\/\/www.elementvape.de\/wp-content\/uploads\/2024\/06\/Elux-Legend-3500-Disposable-Vape-3500-Puffs-605224.webp\",\"datePublished\":\"2024-06-22T10:18:37+00:00\",\"dateModified\":\"2024-09-12T10:29:49+00:00\",\"description\":\"Wir bieten Elux Legend 3500 Einweg-E-Zigarette 3500 Z\u00fcge , Elementvape.de akzeptieren Gro\u00df-und Einzelhandel Bestellungen.\",\"breadcrumb\":{\"@id\":\"https:\/\/www.elementvape.de\/produkt\/elux-legend-3500-einweg-e-zigarette-3500-zuege\/#breadcrumb\"},\"inLanguage\":\"et\",\"potentialAction\":[{\"@type\":\"ReadAction\",\"target\":[\"https:\/\/www.elementvape.de\/produkt\/elux-legend-3500-einweg-e-zigarette-3500-zuege\/\"]}]},{\"@type\":\"ImageObject\",\"inLanguage\":\"et\",\"@id\":\"https:\/\/www.elementvape.de\/produkt\/elux-legend-3500-einweg-e-zigarette-3500-zuege\/#primaryimage\",\"url\":\"https:\/\/www.elementvape.de\/wp-content\/uploads\/2024\/06\/Elux-Legend-3500-Disposable-Vape-3500-Puffs-605224.webp\",\"contentUrl\":\"https:\/\/www.elementvape.de\/wp-content\/uploads\/2024\/06\/Elux-Legend-3500-Disposable-Vape-3500-Puffs-605224.webp\",\"width\":800,\"height\":800,\"caption\":\"Elux-Legend-3500-Disposable-Vape-3500-Puffs-605224\"},{\"@type\":\"BreadcrumbList\",\"@id\":\"https:\/\/www.elementvape.de\/produkt\/elux-legend-3500-einweg-e-zigarette-3500-zuege\/#breadcrumb\",\"itemListElement\":[{\"@type\":\"ListItem\",\"position\":1,\"name\":\"Home\",\"item\":\"https:\/\/www.elementvape.de\/\"},{\"@type\":\"ListItem\",\"position\":2,\"name\":\"Shop\",\"item\":\"https:\/\/www.elementvape.de\/shop\/\"},{\"@type\":\"ListItem\",\"position\":3,\"name\":\"Elux Legend 3500 Einweg-E-Zigarette 3500 Z\u00fcge\"}]},{\"@type\":\"WebSite\",\"@id\":\"https:\/\/www.elementvape.de\/#website\",\"url\":\"https:\/\/www.elementvape.de\/\",\"name\":\"ElementVape.de\",\"description\":\"\",\"publisher\":{\"@id\":\"https:\/\/www.elementvape.de\/#organization\"},\"potentialAction\":[{\"@type\":\"SearchAction\",\"target\":{\"@type\":\"EntryPoint\",\"urlTemplate\":\"https:\/\/www.elementvape.de\/?s={search_term_string}\"},\"query-input\":\"required name=search_term_string\"}],\"inLanguage\":\"et\"},{\"@type\":\"Organization\",\"@id\":\"https:\/\/www.elementvape.de\/#organization\",\"name\":\"ElementVape.DE\",\"url\":\"https:\/\/www.elementvape.de\/\",\"logo\":{\"@type\":\"ImageObject\",\"inLanguage\":\"et\",\"@id\":\"https:\/\/www.elementvape.de\/#\/schema\/logo\/image\/\",\"url\":\"https:\/\/www.elementvape.de\/wp-content\/uploads\/2024\/09\/cropped-1elementvape-3.png\",\"contentUrl\":\"https:\/\/www.elementvape.de\/wp-content\/uploads\/2024\/09\/cropped-1elementvape-3.png\",\"width\":285,\"height\":228,\"caption\":\"ElementVape.DE\"},\"image\":{\"@id\":\"https:\/\/www.elementvape.de\/#\/schema\/logo\/image\/\"}}]}<\/script>\n<!-- \/ Yoast SEO plugin. -->","yoast_head_json":{"title":"Elux Legend 3500 Einweg-E-Zigarette 3500 Z\u00fcge | ElementVape.de","description":"Wir bieten Elux Legend 3500 Einweg-E-Zigarette 3500 Z\u00fcge , Elementvape.de akzeptieren Gro\u00df-und Einzelhandel Bestellungen.","robots":{"index":"index","follow":"follow","max-snippet":"max-snippet:-1","max-image-preview":"max-image-preview:large","max-video-preview":"max-video-preview:-1"},"canonical":"https:\/\/www.elementvape.de\/et\/produkt\/elux-legend-3500-einweg-e-zigarette-3500-zuege\/","og_locale":"et_EE","og_type":"article","og_title":"Elux Legend 3500 Einweg-E-Zigarette 3500 Z\u00fcge | ElementVape.de","og_description":"Wir bieten Elux Legend 3500 Einweg-E-Zigarette 3500 Z\u00fcge , Elementvape.de akzeptieren Gro\u00df-und Einzelhandel Bestellungen.","og_url":"https:\/\/www.elementvape.de\/et\/produkt\/elux-legend-3500-einweg-e-zigarette-3500-zuege\/","og_site_name":"ElementVape.de","article_modified_time":"2024-09-12T10:29:49+00:00","og_image":[{"width":800,"height":800,"url":"https:\/\/www.elementvape.de\/wp-content\/uploads\/2024\/06\/Elux-Legend-3500-Disposable-Vape-3500-Puffs-605224.webp","type":"image\/webp"}],"twitter_card":"summary_large_image","twitter_misc":{"Est. reading time":"2 minutit"},"schema":{"@context":"https:\/\/schema.org","@graph":[{"@type":"WebPage","@id":"https:\/\/www.elementvape.de\/produkt\/elux-legend-3500-einweg-e-zigarette-3500-zuege\/","url":"https:\/\/www.elementvape.de\/produkt\/elux-legend-3500-einweg-e-zigarette-3500-zuege\/","name":"Elux Legend 3500 Einweg-E-Zigarette 3500 Z\u00fcge | ElementVape.de","isPartOf":{"@id":"https:\/\/www.elementvape.de\/#website"},"primaryImageOfPage":{"@id":"https:\/\/www.elementvape.de\/produkt\/elux-legend-3500-einweg-e-zigarette-3500-zuege\/#primaryimage"},"image":{"@id":"https:\/\/www.elementvape.de\/produkt\/elux-legend-3500-einweg-e-zigarette-3500-zuege\/#primaryimage"},"thumbnailUrl":"https:\/\/www.elementvape.de\/wp-content\/uploads\/2024\/06\/Elux-Legend-3500-Disposable-Vape-3500-Puffs-605224.webp","datePublished":"2024-06-22T10:18:37+00:00","dateModified":"2024-09-12T10:29:49+00:00","description":"Wir bieten Elux Legend 3500 Einweg-E-Zigarette 3500 Z\u00fcge , Elementvape.de akzeptieren Gro\u00df-und Einzelhandel Bestellungen.","breadcrumb":{"@id":"https:\/\/www.elementvape.de\/produkt\/elux-legend-3500-einweg-e-zigarette-3500-zuege\/#breadcrumb"},"inLanguage":"et","potentialAction":[{"@type":"ReadAction","target":["https:\/\/www.elementvape.de\/produkt\/elux-legend-3500-einweg-e-zigarette-3500-zuege\/"]}]},{"@type":"ImageObject","inLanguage":"et","@id":"https:\/\/www.elementvape.de\/produkt\/elux-legend-3500-einweg-e-zigarette-3500-zuege\/#primaryimage","url":"https:\/\/www.elementvape.de\/wp-content\/uploads\/2024\/06\/Elux-Legend-3500-Disposable-Vape-3500-Puffs-605224.webp","contentUrl":"https:\/\/www.elementvape.de\/wp-content\/uploads\/2024\/06\/Elux-Legend-3500-Disposable-Vape-3500-Puffs-605224.webp","width":800,"height":800,"caption":"Elux-Legend-3500-Disposable-Vape-3500-Puffs-605224"},{"@type":"BreadcrumbList","@id":"https:\/\/www.elementvape.de\/produkt\/elux-legend-3500-einweg-e-zigarette-3500-zuege\/#breadcrumb","itemListElement":[{"@type":"ListItem","position":1,"name":"Home","item":"https:\/\/www.elementvape.de\/"},{"@type":"ListItem","position":2,"name":"Shop","item":"https:\/\/www.elementvape.de\/shop\/"},{"@type":"ListItem","position":3,"name":"Elux Legend 3500 Einweg-E-Zigarette 3500 Z\u00fcge"}]},{"@type":"WebSite","@id":"https:\/\/www.elementvape.de\/#website","url":"https:\/\/www.elementvape.de\/","name":"ElementVape.de","description":"","publisher":{"@id":"https:\/\/www.elementvape.de\/#organization"},"potentialAction":[{"@type":"SearchAction","target":{"@type":"EntryPoint","urlTemplate":"https:\/\/www.elementvape.de\/?s={search_term_string}"},"query-input":"required name=search_term_string"}],"inLanguage":"et"},{"@type":"Organization","@id":"https:\/\/www.elementvape.de\/#organization","name":"ElementVape.DE","url":"https:\/\/www.elementvape.de\/","logo":{"@type":"ImageObject","inLanguage":"et","@id":"https:\/\/www.elementvape.de\/#\/schema\/logo\/image\/","url":"https:\/\/www.elementvape.de\/wp-content\/uploads\/2024\/09\/cropped-1elementvape-3.png","contentUrl":"https:\/\/www.elementvape.de\/wp-content\/uploads\/2024\/09\/cropped-1elementvape-3.png","width":285,"height":228,"caption":"ElementVape.DE"},"image":{"@id":"https:\/\/www.elementvape.de\/#\/schema\/logo\/image\/"}}]}},"_links":{"self":[{"href":"https:\/\/www.elementvape.de\/et\/wp-json\/wp\/v2\/product\/12868"}],"collection":[{"href":"https:\/\/www.elementvape.de\/et\/wp-json\/wp\/v2\/product"}],"about":[{"href":"https:\/\/www.elementvape.de\/et\/wp-json\/wp\/v2\/types\/product"}],"wp:featuredmedia":[{"embeddable":true,"href":"https:\/\/www.elementvape.de\/et\/wp-json\/wp\/v2\/media\/12869"}],"wp:attachment":[{"href":"https:\/\/www.elementvape.de\/et\/wp-json\/wp\/v2\/media?parent=12868"}],"wp:term":[{"taxonomy":"product_cat","embeddable":true,"href":"https:\/\/www.elementvape.de\/et\/wp-json\/wp\/v2\/product_cat?post=12868"},{"taxonomy":"product_tag","embeddable":true,"href":"https:\/\/www.elementvape.de\/et\/wp-json\/wp\/v2\/product_tag?post=12868"}],"curies":[{"name":"wp","href":"https:\/\/api.w.org\/{rel}","templated":true}]}}