{"id":12770,"date":"2024-06-21T10:35:12","date_gmt":"2024-06-21T10:35:12","guid":{"rendered":"https:\/\/www.elementvape.de\/?post_type=product&#038;p=12770"},"modified":"2024-09-12T10:35:44","modified_gmt":"2024-09-12T10:35:44","slug":"elux-cube-600-puffs-einweg-e-zigarette","status":"publish","type":"product","link":"https:\/\/www.elementvape.de\/et\/produkt\/elux-cube-600-puffs-einweg-e-zigarette\/","title":{"rendered":"Elux Cube 600 Puhangut \u00dchekordne E-s\u00fc\u00fctaja"},"content":{"rendered":"<h3>Kirjeldus<\/h3>\n<p><strong>Ostke Elux Cube 600 \u00fchekordsed vape 600 t\u00f5mmet parimatest hulgihindadest.<\/strong><\/p>\n<p>Elux Cube 600 \u00fchekordne aurustaja on lihtne valik, mis mahub teie taskusse. Ei ole vaja eelnevaid teadmisi, kuna see on v\u00e4ga lihtne kasutada ning teil ei ole vaja vahetada k\u00fcttekehi ega laadida seda. Samuti ei pea muretsema musta t\u00e4itmise p\u00e4rast, kuna Cube 600 on disainitud nii, et seda saab v\u00e4lja vahetada, kui E-vedelik on otsas. Iga seade on eelnevalt t\u00e4idetud 2 ml nikotiinisoolaga E-vedelikuga ning pakub umbes 600 t\u00f5mmet, mis on vabalt rohkem kui 20 sigareti pakend.<\/p>\n<h3>Spetsifikatsioonid:<\/h3>\n<ul>\n<li><strong>\u00dchekordne aurustaja algajatele<\/strong><\/li>\n<li><strong>600 t\u00f5mmet<\/strong> \u2013 kestab kauem kui 20 sigaretti<\/li>\n<li><strong>Sisseehitatud 500-mAh aku<\/strong><\/li>\n<li><strong>Inhaleerimisega aktiveeritud maitsed<\/strong><\/li>\n<li><strong>20 mg nikotiinisoolat<\/strong><\/li>\n<li><strong>2 ml E-vedelikku<\/strong><\/li>\n<\/ul>\n<h3>Komplekt sisaldab:<\/h3>\n<ul>\n<li>1 x \u00fchekordne aurustaja Elux Cube 600 t\u00f5mmet<\/li>\n<\/ul>","protected":false},"excerpt":{"rendered":"<p>Beschreibung Kaufen Sie Elux Cube 600 Disposable Vape 600 Puffs zu den besten Gro\u00dfhandelspreisen. Der Einweg-Vaporizer Elux Cube 600 ist eine einfache Option, die in Ihre Tasche passt. Es sind keine Vorkenntnisse erforderlich, da er sehr einfach zu verwenden ist und Sie die Spulen nicht wechseln oder ihn aufladen m\u00fcssen. Sie m\u00fcssen sich auch keine [&hellip;]<\/p>","protected":false},"featured_media":12771,"template":"","meta":{"inline_featured_image":false},"product_cat":[78,754,745,742,748,744,755,738,751],"product_tag":[],"tiered_pricing_type":"fixed","tiered_pricing_fixed_rules":[],"tiered_pricing_percentage_rules":[],"tiered_pricing_minimum":1,"_administrator_tiered_pricing_type":"fixed","_administrator_tiered_pricing_fixed_rules":[],"_editor_tiered_pricing_type":"fixed","_editor_tiered_pricing_fixed_rules":[],"_author_tiered_pricing_type":"fixed","_author_tiered_pricing_fixed_rules":[],"_contributor_tiered_pricing_type":"fixed","_contributor_tiered_pricing_fixed_rules":[],"_subscriber_tiered_pricing_type":"fixed","_subscriber_tiered_pricing_fixed_rules":[],"_customer_tiered_pricing_type":"fixed","_customer_tiered_pricing_fixed_rules":[],"_shop_manager_tiered_pricing_type":"fixed","_shop_manager_tiered_pricing_fixed_rules":[],"_wpseo_manager_tiered_pricing_type":"fixed","_wpseo_manager_tiered_pricing_fixed_rules":[],"_wpseo_editor_tiered_pricing_type":"fixed","_wpseo_editor_tiered_pricing_fixed_rules":[],"_wholesale_customer_tiered_pricing_type":"fixed","_wholesale_customer_tiered_pricing_fixed_rules":[],"_marketer_tiered_pricing_type":"fixed","_marketer_tiered_pricing_fixed_rules":[],"_sales_manager_tiered_pricing_type":"fixed","_sales_manager_tiered_pricing_fixed_rules":[],"_sales_rep_tiered_pricing_type":"fixed","_sales_rep_tiered_pricing_fixed_rules":[],"yoast_head":"<!-- This site is optimized with the Yoast SEO plugin v23.3 - https:\/\/yoast.com\/wordpress\/plugins\/seo\/ -->\n<title>Elux Cube 600 Puffs Einweg-E-Zigarette | ElementVape.de<\/title>\n<meta name=\"description\" content=\"Wir bieten Elux Cube 600 Puffs Einweg-E-Zigarette , Elementvape.de akzeptieren Gro\u00df-und Einzelhandel Bestellungen.\" \/>\n<meta name=\"robots\" content=\"index, follow, max-snippet:-1, max-image-preview:large, max-video-preview:-1\" \/>\n<link rel=\"canonical\" href=\"https:\/\/www.elementvape.de\/et\/produkt\/elux-cube-600-puffs-einweg-e-zigarette\/\" \/>\n<meta property=\"og:locale\" content=\"et_EE\" \/>\n<meta property=\"og:type\" content=\"article\" \/>\n<meta property=\"og:title\" content=\"Elux Cube 600 Puffs Einweg-E-Zigarette | ElementVape.de\" \/>\n<meta property=\"og:description\" content=\"Wir bieten Elux Cube 600 Puffs Einweg-E-Zigarette , Elementvape.de akzeptieren Gro\u00df-und Einzelhandel Bestellungen.\" \/>\n<meta property=\"og:url\" content=\"https:\/\/www.elementvape.de\/et\/produkt\/elux-cube-600-puffs-einweg-e-zigarette\/\" \/>\n<meta property=\"og:site_name\" content=\"ElementVape.de\" \/>\n<meta property=\"article:modified_time\" content=\"2024-09-12T10:35:44+00:00\" \/>\n<meta property=\"og:image\" content=\"https:\/\/www.elementvape.de\/wp-content\/uploads\/2024\/06\/EluxCube600_1.webp\" \/>\n\t<meta property=\"og:image:width\" content=\"800\" \/>\n\t<meta property=\"og:image:height\" content=\"800\" \/>\n\t<meta property=\"og:image:type\" content=\"image\/webp\" \/>\n<meta name=\"twitter:card\" content=\"summary_large_image\" \/>\n<meta name=\"twitter:label1\" content=\"Est. reading time\" \/>\n\t<meta name=\"twitter:data1\" content=\"1 minut\" \/>\n<script type=\"application\/ld+json\" class=\"yoast-schema-graph\">{\"@context\":\"https:\/\/schema.org\",\"@graph\":[{\"@type\":\"WebPage\",\"@id\":\"https:\/\/www.elementvape.de\/produkt\/elux-cube-600-puffs-einweg-e-zigarette\/\",\"url\":\"https:\/\/www.elementvape.de\/produkt\/elux-cube-600-puffs-einweg-e-zigarette\/\",\"name\":\"Elux Cube 600 Puffs Einweg-E-Zigarette | ElementVape.de\",\"isPartOf\":{\"@id\":\"https:\/\/www.elementvape.de\/#website\"},\"primaryImageOfPage\":{\"@id\":\"https:\/\/www.elementvape.de\/produkt\/elux-cube-600-puffs-einweg-e-zigarette\/#primaryimage\"},\"image\":{\"@id\":\"https:\/\/www.elementvape.de\/produkt\/elux-cube-600-puffs-einweg-e-zigarette\/#primaryimage\"},\"thumbnailUrl\":\"https:\/\/www.elementvape.de\/wp-content\/uploads\/2024\/06\/EluxCube600_1.webp\",\"datePublished\":\"2024-06-21T10:35:12+00:00\",\"dateModified\":\"2024-09-12T10:35:44+00:00\",\"description\":\"Wir bieten Elux Cube 600 Puffs Einweg-E-Zigarette , Elementvape.de akzeptieren Gro\u00df-und Einzelhandel Bestellungen.\",\"breadcrumb\":{\"@id\":\"https:\/\/www.elementvape.de\/produkt\/elux-cube-600-puffs-einweg-e-zigarette\/#breadcrumb\"},\"inLanguage\":\"et\",\"potentialAction\":[{\"@type\":\"ReadAction\",\"target\":[\"https:\/\/www.elementvape.de\/produkt\/elux-cube-600-puffs-einweg-e-zigarette\/\"]}]},{\"@type\":\"ImageObject\",\"inLanguage\":\"et\",\"@id\":\"https:\/\/www.elementvape.de\/produkt\/elux-cube-600-puffs-einweg-e-zigarette\/#primaryimage\",\"url\":\"https:\/\/www.elementvape.de\/wp-content\/uploads\/2024\/06\/EluxCube600_1.webp\",\"contentUrl\":\"https:\/\/www.elementvape.de\/wp-content\/uploads\/2024\/06\/EluxCube600_1.webp\",\"width\":800,\"height\":800,\"caption\":\"EluxCube600_1\"},{\"@type\":\"BreadcrumbList\",\"@id\":\"https:\/\/www.elementvape.de\/produkt\/elux-cube-600-puffs-einweg-e-zigarette\/#breadcrumb\",\"itemListElement\":[{\"@type\":\"ListItem\",\"position\":1,\"name\":\"Home\",\"item\":\"https:\/\/www.elementvape.de\/\"},{\"@type\":\"ListItem\",\"position\":2,\"name\":\"Shop\",\"item\":\"https:\/\/www.elementvape.de\/shop\/\"},{\"@type\":\"ListItem\",\"position\":3,\"name\":\"Elux Cube 600 Puffs Einweg-E-Zigarette\"}]},{\"@type\":\"WebSite\",\"@id\":\"https:\/\/www.elementvape.de\/#website\",\"url\":\"https:\/\/www.elementvape.de\/\",\"name\":\"ElementVape.de\",\"description\":\"\",\"publisher\":{\"@id\":\"https:\/\/www.elementvape.de\/#organization\"},\"potentialAction\":[{\"@type\":\"SearchAction\",\"target\":{\"@type\":\"EntryPoint\",\"urlTemplate\":\"https:\/\/www.elementvape.de\/?s={search_term_string}\"},\"query-input\":\"required name=search_term_string\"}],\"inLanguage\":\"et\"},{\"@type\":\"Organization\",\"@id\":\"https:\/\/www.elementvape.de\/#organization\",\"name\":\"ElementVape.DE\",\"url\":\"https:\/\/www.elementvape.de\/\",\"logo\":{\"@type\":\"ImageObject\",\"inLanguage\":\"et\",\"@id\":\"https:\/\/www.elementvape.de\/#\/schema\/logo\/image\/\",\"url\":\"https:\/\/www.elementvape.de\/wp-content\/uploads\/2024\/09\/cropped-1elementvape-3.png\",\"contentUrl\":\"https:\/\/www.elementvape.de\/wp-content\/uploads\/2024\/09\/cropped-1elementvape-3.png\",\"width\":285,\"height\":228,\"caption\":\"ElementVape.DE\"},\"image\":{\"@id\":\"https:\/\/www.elementvape.de\/#\/schema\/logo\/image\/\"}}]}<\/script>\n<!-- \/ Yoast SEO plugin. -->","yoast_head_json":{"title":"Elux Cube 600 Puffs Einweg-E-Zigarette | ElementVape.de","description":"Wir bieten Elux Cube 600 Puffs Einweg-E-Zigarette , Elementvape.de akzeptieren Gro\u00df-und Einzelhandel Bestellungen.","robots":{"index":"index","follow":"follow","max-snippet":"max-snippet:-1","max-image-preview":"max-image-preview:large","max-video-preview":"max-video-preview:-1"},"canonical":"https:\/\/www.elementvape.de\/et\/produkt\/elux-cube-600-puffs-einweg-e-zigarette\/","og_locale":"et_EE","og_type":"article","og_title":"Elux Cube 600 Puffs Einweg-E-Zigarette | ElementVape.de","og_description":"Wir bieten Elux Cube 600 Puffs Einweg-E-Zigarette , Elementvape.de akzeptieren Gro\u00df-und Einzelhandel Bestellungen.","og_url":"https:\/\/www.elementvape.de\/et\/produkt\/elux-cube-600-puffs-einweg-e-zigarette\/","og_site_name":"ElementVape.de","article_modified_time":"2024-09-12T10:35:44+00:00","og_image":[{"width":800,"height":800,"url":"https:\/\/www.elementvape.de\/wp-content\/uploads\/2024\/06\/EluxCube600_1.webp","type":"image\/webp"}],"twitter_card":"summary_large_image","twitter_misc":{"Est. reading time":"1 minut"},"schema":{"@context":"https:\/\/schema.org","@graph":[{"@type":"WebPage","@id":"https:\/\/www.elementvape.de\/produkt\/elux-cube-600-puffs-einweg-e-zigarette\/","url":"https:\/\/www.elementvape.de\/produkt\/elux-cube-600-puffs-einweg-e-zigarette\/","name":"Elux Cube 600 Puffs Einweg-E-Zigarette | ElementVape.de","isPartOf":{"@id":"https:\/\/www.elementvape.de\/#website"},"primaryImageOfPage":{"@id":"https:\/\/www.elementvape.de\/produkt\/elux-cube-600-puffs-einweg-e-zigarette\/#primaryimage"},"image":{"@id":"https:\/\/www.elementvape.de\/produkt\/elux-cube-600-puffs-einweg-e-zigarette\/#primaryimage"},"thumbnailUrl":"https:\/\/www.elementvape.de\/wp-content\/uploads\/2024\/06\/EluxCube600_1.webp","datePublished":"2024-06-21T10:35:12+00:00","dateModified":"2024-09-12T10:35:44+00:00","description":"Wir bieten Elux Cube 600 Puffs Einweg-E-Zigarette , Elementvape.de akzeptieren Gro\u00df-und Einzelhandel Bestellungen.","breadcrumb":{"@id":"https:\/\/www.elementvape.de\/produkt\/elux-cube-600-puffs-einweg-e-zigarette\/#breadcrumb"},"inLanguage":"et","potentialAction":[{"@type":"ReadAction","target":["https:\/\/www.elementvape.de\/produkt\/elux-cube-600-puffs-einweg-e-zigarette\/"]}]},{"@type":"ImageObject","inLanguage":"et","@id":"https:\/\/www.elementvape.de\/produkt\/elux-cube-600-puffs-einweg-e-zigarette\/#primaryimage","url":"https:\/\/www.elementvape.de\/wp-content\/uploads\/2024\/06\/EluxCube600_1.webp","contentUrl":"https:\/\/www.elementvape.de\/wp-content\/uploads\/2024\/06\/EluxCube600_1.webp","width":800,"height":800,"caption":"EluxCube600_1"},{"@type":"BreadcrumbList","@id":"https:\/\/www.elementvape.de\/produkt\/elux-cube-600-puffs-einweg-e-zigarette\/#breadcrumb","itemListElement":[{"@type":"ListItem","position":1,"name":"Home","item":"https:\/\/www.elementvape.de\/"},{"@type":"ListItem","position":2,"name":"Shop","item":"https:\/\/www.elementvape.de\/shop\/"},{"@type":"ListItem","position":3,"name":"Elux Cube 600 Puffs Einweg-E-Zigarette"}]},{"@type":"WebSite","@id":"https:\/\/www.elementvape.de\/#website","url":"https:\/\/www.elementvape.de\/","name":"ElementVape.de","description":"","publisher":{"@id":"https:\/\/www.elementvape.de\/#organization"},"potentialAction":[{"@type":"SearchAction","target":{"@type":"EntryPoint","urlTemplate":"https:\/\/www.elementvape.de\/?s={search_term_string}"},"query-input":"required name=search_term_string"}],"inLanguage":"et"},{"@type":"Organization","@id":"https:\/\/www.elementvape.de\/#organization","name":"ElementVape.DE","url":"https:\/\/www.elementvape.de\/","logo":{"@type":"ImageObject","inLanguage":"et","@id":"https:\/\/www.elementvape.de\/#\/schema\/logo\/image\/","url":"https:\/\/www.elementvape.de\/wp-content\/uploads\/2024\/09\/cropped-1elementvape-3.png","contentUrl":"https:\/\/www.elementvape.de\/wp-content\/uploads\/2024\/09\/cropped-1elementvape-3.png","width":285,"height":228,"caption":"ElementVape.DE"},"image":{"@id":"https:\/\/www.elementvape.de\/#\/schema\/logo\/image\/"}}]}},"_links":{"self":[{"href":"https:\/\/www.elementvape.de\/et\/wp-json\/wp\/v2\/product\/12770"}],"collection":[{"href":"https:\/\/www.elementvape.de\/et\/wp-json\/wp\/v2\/product"}],"about":[{"href":"https:\/\/www.elementvape.de\/et\/wp-json\/wp\/v2\/types\/product"}],"wp:featuredmedia":[{"embeddable":true,"href":"https:\/\/www.elementvape.de\/et\/wp-json\/wp\/v2\/media\/12771"}],"wp:attachment":[{"href":"https:\/\/www.elementvape.de\/et\/wp-json\/wp\/v2\/media?parent=12770"}],"wp:term":[{"taxonomy":"product_cat","embeddable":true,"href":"https:\/\/www.elementvape.de\/et\/wp-json\/wp\/v2\/product_cat?post=12770"},{"taxonomy":"product_tag","embeddable":true,"href":"https:\/\/www.elementvape.de\/et\/wp-json\/wp\/v2\/product_tag?post=12770"}],"curies":[{"name":"wp","href":"https:\/\/api.w.org\/{rel}","templated":true}]}}