{"id":12501,"date":"2024-06-18T09:42:37","date_gmt":"2024-06-18T09:42:37","guid":{"rendered":"https:\/\/www.elementvape.de\/?post_type=product&#038;p=12501"},"modified":"2024-09-12T10:35:56","modified_gmt":"2024-09-12T10:35:56","slug":"horizontech-binaries-6k-einweg-e-zigarette-6000-zuege","status":"publish","type":"product","link":"https:\/\/www.elementvape.de\/et\/produkt\/horizontech-binaries-6k-einweg-e-zigarette-6000-zuege\/","title":{"rendered":"HorizonTech Binaries 6K \u00dchekordne E-sigarett 6000 t\u00f5mmet"},"content":{"rendered":"<div class=\"flex-shrink-0 flex flex-col relative items-end\">\n<div>\n<div class=\"pt-0.5 juice:pt-0\">\n<div class=\"gizmo-bot-avatar flex h-6 w-6 items-center justify-center overflow-hidden rounded-full juice:h-8 juice:w-8\">\n<h2 class=\"relative p-1 rounded-sm flex items-center justify-center bg-token-main-surface-primary text-token-text-primary h-8 w-8\"><span style=\"font-size: 1.618em;\">HorizonTech Binaries 6K \u00dchekordne Vape Toote Kirjeldus<\/span><\/h2>\n<\/div>\n<\/div>\n<\/div>\n<\/div>\n<div class=\"group\/conversation-turn relative flex w-full min-w-0 flex-col agent-turn\">\n<div class=\"flex-col gap-1 md:gap-3\">\n<div class=\"flex flex-grow flex-col max-w-full\">\n<div class=\"min-h-[20px] text-message flex flex-col items-start whitespace-pre-wrap break-words [.text-message+&amp;]:mt-5 juice:w-full juice:items-end overflow-x-auto gap-2\" dir=\"auto\" data-message-author-role=\"assistant\" data-message-id=\"dc791423-500b-4598-b8ee-1c402d1c8afa\">\n<div class=\"flex w-full flex-col gap-1 juice:empty:hidden juice:first:pt-[3px]\">\n<div class=\"markdown prose w-full break-words dark:prose-invert light\">\n<p>See <strong>HorizonTech Binaries 6K \u00dchekordne Vape<\/strong> on ideaalne vape komplekt inimestele, kes palju teel on. See on kompaktne, kerge ja lihtne kasutada, mis teeb selle ideaalseks aktiivse eluviisi jaoks. Varustatud 650-mAh akuga ja suure 15 ml E-vedeliku mahutavusega, pakub see seade kuni 6000 t\u00f5mmet, ilma et oleks vaja sageli t\u00e4ita v\u00f5i laadida.<\/p>\n<h3>Peamised omadused<\/h3>\n<ol>\n<li><strong>E-vedeliku maht:<\/strong> 15 ml t\u00e4idetud E-vedelikku pikaajalise aurustamise jaoks<\/li>\n<li><strong>Nikotiini tugevus:<\/strong> 5 % (50 mg) nikotiini intensiivseks vape kogemuseks<\/li>\n<li><strong>Taaskasutatav:<\/strong> Type-C \u00fchendus kiireks ja lihtsaks laadimiseks<\/li>\n<li><strong>K\u00f5rge t\u00f5mbe maht:<\/strong> Kuni 6000 t\u00f5mmet seadme kohta<\/li>\n<li><strong>Aku maht:<\/strong> Integreeritud 650 mAh aku vastupidavaks aurustamiseks<\/li>\n<li><strong>Mesh-k\u00fc\u00fcnal:<\/strong> 1,0 Ohm pehme ja intensiivse auru jaoks<\/li>\n<li><strong>T\u00f5mbe aktiveerimine:<\/strong> Lihtne kasutada ilma nuppudeta, lihtne t\u00f5mme aktiveerib seadme<\/li>\n<li><strong>MTL-vape:<\/strong> Sobib suu-kuni-kopsu aurustamiseks<\/li>\n<li><strong>Kindelivaba \u00f5hutusventiil:<\/strong> Takistab E-vedeliku lekkimist<\/li>\n<\/ol>\n<h3>F\u00fc\u00fcsikalised parameetrid<\/h3>\n<ul>\n<li><strong>E-vedeliku maht:<\/strong> 15 ml<\/li>\n<li><strong>Nikotiini tugevus:<\/strong> 5 % (50 mg\/ml)<\/li>\n<li><strong>T\u00f5mbed:<\/strong> Umbes 6000 t\u00f5mmet<\/li>\n<li><strong>Aku maht:<\/strong> 650 mAh<\/li>\n<li><strong>Vastupidavus:<\/strong> 1,0 Ohmi v\u00f5rgus\u00fcdamik<\/li>\n<li><strong>Laadimine:<\/strong> Type-C \u00fchendus<\/li>\n<li><strong>Aktiveerimine:<\/strong> T\u00f5mmetega aktiveeritud<\/li>\n<\/ul>\n<h3>Maitsevalik<\/h3>\n<ul>\n<li>Aloe-viinamarja<\/li>\n<li>Aperoli Spritz-j\u00e4\u00e4tis<\/li>\n<li>\u00f5unakook<\/li>\n<li>Mustikumiim<\/li>\n<li>Marja-Margarita<\/li>\n<li>Sinine vaarika-roosa limonaad<\/li>\n<li>Blue Razz<\/li>\n<li>Blue Razz sidrunimuffinid<\/li>\n<li>K\u00fcpsetatud mustikadonuts<\/li>\n<li>V\u00f5i karamell<\/li>\n<li>Kirssikook<\/li>\n<li>Selge<\/li>\n<li>Kreemised karamellid<\/li>\n<li>V\u00f5rtsed portugali pudingitordid<\/li>\n<li>Piparkoogimannid<\/li>\n<li>Sidrunim\u00e4hi-tort<\/li>\n<li>Mango-Colada-j\u00e4\u00e4tis<\/li>\n<li>Marshmallow<\/li>\n<li>M\u00fcnt<\/li>\n<li>Oran\u017ei-viinamarja-ananas-j\u00e4\u00e4tis<\/li>\n<li>Virguti-mango-apelsini-j\u00e4\u00e4tis<\/li>\n<li>P\u00f6\u00f6ratud ananassikook<\/li>\n<li>Vikerkaare kommid<\/li>\n<li>Red Fuji \u00f5unaj\u00e4\u00e4tis<\/li>\n<li>Maasikas<\/li>\n<li>Maasika-banaani-j\u00e4\u00e4tis<\/li>\n<li>Maasika-toorjuustukook<\/li>\n<li>Maasikas-viinamarja<\/li>\n<li>Maasika-p\u00e4rnijogurt<\/li>\n<li>Kolme Marja Kr\u00f5mps<\/li>\n<li>Vanilje vaniljapuding<\/li>\n<li>Arbuusij\u00e4\u00e4tis<\/li>\n<li>Viinamarja-viinamarja-viilutatud smuuti<\/li>\n<\/ul>\n<h3>Pakilisti<\/h3>\n<ul>\n<li>1 x HorizonTech Binaries 6000 \u00fchekordne vape 6000 t\u00f5mmet<\/li>\n<\/ul>\n<h3>Kokkuv\u00f5te<\/h3>\n<p>See <strong>HorizonTech Binaries 6K \u00dchekordne Vape<\/strong> on ideaalne vape'ijatele, kes otsivad lihtsat ja t\u00f5husat vape-kogemust. Suure valiku maitsete, k\u00f5rge t\u00f5mbev\u00f5imsuse ja kasutajas\u00f5braliku disainiga pakub see \u00fchekordne seade k\u00f5ike, mida vajate meeldivaks vape'imiseks.<\/p>\n<\/div>\n<\/div>\n<\/div>\n<\/div>\n<\/div>\n<\/div>","protected":false},"excerpt":{"rendered":"<p>HorizonTech Binaries 6K Disposable Vape Produktbeschreibung Der HorizonTech Binaries 6K Disposable Vape ist das ideale Vaping-Kit f\u00fcr Menschen, die viel unterwegs sind. Es ist kompakt, leicht und einfach zu bedienen, was es perfekt f\u00fcr einen aktiven Lebensstil macht. Ausgestattet mit einem 650-mAh-Akku und einer gro\u00dfz\u00fcgigen 15-ml-E-Liquid-Kapazit\u00e4t, bietet dieses Ger\u00e4t bis zu 6000 Z\u00fcge, ohne dass [&hellip;]<\/p>","protected":false},"featured_media":12502,"template":"","meta":{"inline_featured_image":false},"product_cat":[78,754,745,742,748,744,755,738,751],"product_tag":[],"tiered_pricing_type":"fixed","tiered_pricing_fixed_rules":[],"tiered_pricing_percentage_rules":[],"tiered_pricing_minimum":1,"_administrator_tiered_pricing_type":"fixed","_administrator_tiered_pricing_fixed_rules":[],"_editor_tiered_pricing_type":"fixed","_editor_tiered_pricing_fixed_rules":[],"_author_tiered_pricing_type":"fixed","_author_tiered_pricing_fixed_rules":[],"_contributor_tiered_pricing_type":"fixed","_contributor_tiered_pricing_fixed_rules":[],"_subscriber_tiered_pricing_type":"fixed","_subscriber_tiered_pricing_fixed_rules":[],"_customer_tiered_pricing_type":"fixed","_customer_tiered_pricing_fixed_rules":[],"_shop_manager_tiered_pricing_type":"fixed","_shop_manager_tiered_pricing_fixed_rules":[],"_wpseo_manager_tiered_pricing_type":"fixed","_wpseo_manager_tiered_pricing_fixed_rules":[],"_wpseo_editor_tiered_pricing_type":"fixed","_wpseo_editor_tiered_pricing_fixed_rules":[],"_wholesale_customer_tiered_pricing_type":"fixed","_wholesale_customer_tiered_pricing_fixed_rules":[],"_marketer_tiered_pricing_type":"fixed","_marketer_tiered_pricing_fixed_rules":[],"_sales_manager_tiered_pricing_type":"fixed","_sales_manager_tiered_pricing_fixed_rules":[],"_sales_rep_tiered_pricing_type":"fixed","_sales_rep_tiered_pricing_fixed_rules":[],"yoast_head":"<!-- This site is optimized with the Yoast SEO plugin v23.3 - https:\/\/yoast.com\/wordpress\/plugins\/seo\/ -->\n<title>HorizonTech Binaries 6K Einweg-E-Zigarette 6000 Z\u00fcge | ElementVape.de<\/title>\n<meta name=\"description\" content=\"Wir bieten HorizonTech Binaries 6K Einweg-E-Zigarette 6000 Z\u00fcge , Elementvape.de akzeptieren Gro\u00df-und Einzelhandel Bestellungen.\" \/>\n<meta name=\"robots\" content=\"index, follow, max-snippet:-1, max-image-preview:large, max-video-preview:-1\" \/>\n<link rel=\"canonical\" href=\"https:\/\/www.elementvape.de\/et\/produkt\/horizontech-binaries-6k-einweg-e-zigarette-6000-zuege\/\" \/>\n<meta property=\"og:locale\" content=\"et_EE\" \/>\n<meta property=\"og:type\" content=\"article\" \/>\n<meta property=\"og:title\" content=\"HorizonTech Binaries 6K Einweg-E-Zigarette 6000 Z\u00fcge | ElementVape.de\" \/>\n<meta property=\"og:description\" content=\"Wir bieten HorizonTech Binaries 6K Einweg-E-Zigarette 6000 Z\u00fcge , Elementvape.de akzeptieren Gro\u00df-und Einzelhandel Bestellungen.\" \/>\n<meta property=\"og:url\" content=\"https:\/\/www.elementvape.de\/et\/produkt\/horizontech-binaries-6k-einweg-e-zigarette-6000-zuege\/\" \/>\n<meta property=\"og:site_name\" content=\"ElementVape.de\" \/>\n<meta property=\"article:modified_time\" content=\"2024-09-12T10:35:56+00:00\" \/>\n<meta property=\"og:image\" content=\"https:\/\/www.elementvape.de\/wp-content\/uploads\/2024\/06\/HorizonBinaries6KDisposableVapeKit6000Puffs__1.webp\" \/>\n\t<meta property=\"og:image:width\" content=\"800\" \/>\n\t<meta property=\"og:image:height\" content=\"800\" \/>\n\t<meta property=\"og:image:type\" content=\"image\/webp\" \/>\n<meta name=\"twitter:card\" content=\"summary_large_image\" \/>\n<meta name=\"twitter:label1\" content=\"Est. reading time\" \/>\n\t<meta name=\"twitter:data1\" content=\"2 minutit\" \/>\n<script type=\"application\/ld+json\" class=\"yoast-schema-graph\">{\"@context\":\"https:\/\/schema.org\",\"@graph\":[{\"@type\":\"WebPage\",\"@id\":\"https:\/\/www.elementvape.de\/fi\/produkt\/horizontech-binaries-6k-einweg-e-zigarette-6000-zuege\/\",\"url\":\"https:\/\/www.elementvape.de\/fi\/produkt\/horizontech-binaries-6k-einweg-e-zigarette-6000-zuege\/\",\"name\":\"HorizonTech Binaries 6K Einweg-E-Zigarette 6000 Z\u00fcge | ElementVape.de\",\"isPartOf\":{\"@id\":\"https:\/\/www.elementvape.de\/#website\"},\"primaryImageOfPage\":{\"@id\":\"https:\/\/www.elementvape.de\/fi\/produkt\/horizontech-binaries-6k-einweg-e-zigarette-6000-zuege\/#primaryimage\"},\"image\":{\"@id\":\"https:\/\/www.elementvape.de\/fi\/produkt\/horizontech-binaries-6k-einweg-e-zigarette-6000-zuege\/#primaryimage\"},\"thumbnailUrl\":\"https:\/\/www.elementvape.de\/wp-content\/uploads\/2024\/06\/HorizonBinaries6KDisposableVapeKit6000Puffs__1.webp\",\"datePublished\":\"2024-06-18T09:42:37+00:00\",\"dateModified\":\"2024-09-12T10:35:56+00:00\",\"description\":\"Wir bieten HorizonTech Binaries 6K Einweg-E-Zigarette 6000 Z\u00fcge , Elementvape.de akzeptieren Gro\u00df-und Einzelhandel Bestellungen.\",\"breadcrumb\":{\"@id\":\"https:\/\/www.elementvape.de\/fi\/produkt\/horizontech-binaries-6k-einweg-e-zigarette-6000-zuege\/#breadcrumb\"},\"inLanguage\":\"et\",\"potentialAction\":[{\"@type\":\"ReadAction\",\"target\":[\"https:\/\/www.elementvape.de\/fi\/produkt\/horizontech-binaries-6k-einweg-e-zigarette-6000-zuege\/\"]}]},{\"@type\":\"ImageObject\",\"inLanguage\":\"et\",\"@id\":\"https:\/\/www.elementvape.de\/fi\/produkt\/horizontech-binaries-6k-einweg-e-zigarette-6000-zuege\/#primaryimage\",\"url\":\"https:\/\/www.elementvape.de\/wp-content\/uploads\/2024\/06\/HorizonBinaries6KDisposableVapeKit6000Puffs__1.webp\",\"contentUrl\":\"https:\/\/www.elementvape.de\/wp-content\/uploads\/2024\/06\/HorizonBinaries6KDisposableVapeKit6000Puffs__1.webp\",\"width\":800,\"height\":800,\"caption\":\"HorizonBinaries6KDisposableVapeKit6000Puffs__1\"},{\"@type\":\"BreadcrumbList\",\"@id\":\"https:\/\/www.elementvape.de\/fi\/produkt\/horizontech-binaries-6k-einweg-e-zigarette-6000-zuege\/#breadcrumb\",\"itemListElement\":[{\"@type\":\"ListItem\",\"position\":1,\"name\":\"Home\",\"item\":\"https:\/\/www.elementvape.de\/\"},{\"@type\":\"ListItem\",\"position\":2,\"name\":\"Shop\",\"item\":\"https:\/\/www.elementvape.de\/shop\/\"},{\"@type\":\"ListItem\",\"position\":3,\"name\":\"HorizonTech Binaries 6K Einweg-E-Zigarette 6000 Z\u00fcge\"}]},{\"@type\":\"WebSite\",\"@id\":\"https:\/\/www.elementvape.de\/#website\",\"url\":\"https:\/\/www.elementvape.de\/\",\"name\":\"ElementVape.de\",\"description\":\"\",\"publisher\":{\"@id\":\"https:\/\/www.elementvape.de\/#organization\"},\"potentialAction\":[{\"@type\":\"SearchAction\",\"target\":{\"@type\":\"EntryPoint\",\"urlTemplate\":\"https:\/\/www.elementvape.de\/?s={search_term_string}\"},\"query-input\":\"required name=search_term_string\"}],\"inLanguage\":\"et\"},{\"@type\":\"Organization\",\"@id\":\"https:\/\/www.elementvape.de\/#organization\",\"name\":\"ElementVape.DE\",\"url\":\"https:\/\/www.elementvape.de\/\",\"logo\":{\"@type\":\"ImageObject\",\"inLanguage\":\"et\",\"@id\":\"https:\/\/www.elementvape.de\/#\/schema\/logo\/image\/\",\"url\":\"https:\/\/www.elementvape.de\/wp-content\/uploads\/2024\/09\/cropped-1elementvape-3.png\",\"contentUrl\":\"https:\/\/www.elementvape.de\/wp-content\/uploads\/2024\/09\/cropped-1elementvape-3.png\",\"width\":285,\"height\":228,\"caption\":\"ElementVape.DE\"},\"image\":{\"@id\":\"https:\/\/www.elementvape.de\/#\/schema\/logo\/image\/\"}}]}<\/script>\n<!-- \/ Yoast SEO plugin. -->","yoast_head_json":{"title":"HorizonTech Binaries 6K Einweg-E-Zigarette 6000 Z\u00fcge | ElementVape.de","description":"Wir bieten HorizonTech Binaries 6K Einweg-E-Zigarette 6000 Z\u00fcge , Elementvape.de akzeptieren Gro\u00df-und Einzelhandel Bestellungen.","robots":{"index":"index","follow":"follow","max-snippet":"max-snippet:-1","max-image-preview":"max-image-preview:large","max-video-preview":"max-video-preview:-1"},"canonical":"https:\/\/www.elementvape.de\/et\/produkt\/horizontech-binaries-6k-einweg-e-zigarette-6000-zuege\/","og_locale":"et_EE","og_type":"article","og_title":"HorizonTech Binaries 6K Einweg-E-Zigarette 6000 Z\u00fcge | ElementVape.de","og_description":"Wir bieten HorizonTech Binaries 6K Einweg-E-Zigarette 6000 Z\u00fcge , Elementvape.de akzeptieren Gro\u00df-und Einzelhandel Bestellungen.","og_url":"https:\/\/www.elementvape.de\/et\/produkt\/horizontech-binaries-6k-einweg-e-zigarette-6000-zuege\/","og_site_name":"ElementVape.de","article_modified_time":"2024-09-12T10:35:56+00:00","og_image":[{"width":800,"height":800,"url":"https:\/\/www.elementvape.de\/wp-content\/uploads\/2024\/06\/HorizonBinaries6KDisposableVapeKit6000Puffs__1.webp","type":"image\/webp"}],"twitter_card":"summary_large_image","twitter_misc":{"Est. reading time":"2 minutit"},"schema":{"@context":"https:\/\/schema.org","@graph":[{"@type":"WebPage","@id":"https:\/\/www.elementvape.de\/fi\/produkt\/horizontech-binaries-6k-einweg-e-zigarette-6000-zuege\/","url":"https:\/\/www.elementvape.de\/fi\/produkt\/horizontech-binaries-6k-einweg-e-zigarette-6000-zuege\/","name":"HorizonTech Binaries 6K Einweg-E-Zigarette 6000 Z\u00fcge | ElementVape.de","isPartOf":{"@id":"https:\/\/www.elementvape.de\/#website"},"primaryImageOfPage":{"@id":"https:\/\/www.elementvape.de\/fi\/produkt\/horizontech-binaries-6k-einweg-e-zigarette-6000-zuege\/#primaryimage"},"image":{"@id":"https:\/\/www.elementvape.de\/fi\/produkt\/horizontech-binaries-6k-einweg-e-zigarette-6000-zuege\/#primaryimage"},"thumbnailUrl":"https:\/\/www.elementvape.de\/wp-content\/uploads\/2024\/06\/HorizonBinaries6KDisposableVapeKit6000Puffs__1.webp","datePublished":"2024-06-18T09:42:37+00:00","dateModified":"2024-09-12T10:35:56+00:00","description":"Wir bieten HorizonTech Binaries 6K Einweg-E-Zigarette 6000 Z\u00fcge , Elementvape.de akzeptieren Gro\u00df-und Einzelhandel Bestellungen.","breadcrumb":{"@id":"https:\/\/www.elementvape.de\/fi\/produkt\/horizontech-binaries-6k-einweg-e-zigarette-6000-zuege\/#breadcrumb"},"inLanguage":"et","potentialAction":[{"@type":"ReadAction","target":["https:\/\/www.elementvape.de\/fi\/produkt\/horizontech-binaries-6k-einweg-e-zigarette-6000-zuege\/"]}]},{"@type":"ImageObject","inLanguage":"et","@id":"https:\/\/www.elementvape.de\/fi\/produkt\/horizontech-binaries-6k-einweg-e-zigarette-6000-zuege\/#primaryimage","url":"https:\/\/www.elementvape.de\/wp-content\/uploads\/2024\/06\/HorizonBinaries6KDisposableVapeKit6000Puffs__1.webp","contentUrl":"https:\/\/www.elementvape.de\/wp-content\/uploads\/2024\/06\/HorizonBinaries6KDisposableVapeKit6000Puffs__1.webp","width":800,"height":800,"caption":"HorizonBinaries6KDisposableVapeKit6000Puffs__1"},{"@type":"BreadcrumbList","@id":"https:\/\/www.elementvape.de\/fi\/produkt\/horizontech-binaries-6k-einweg-e-zigarette-6000-zuege\/#breadcrumb","itemListElement":[{"@type":"ListItem","position":1,"name":"Home","item":"https:\/\/www.elementvape.de\/"},{"@type":"ListItem","position":2,"name":"Shop","item":"https:\/\/www.elementvape.de\/shop\/"},{"@type":"ListItem","position":3,"name":"HorizonTech Binaries 6K Einweg-E-Zigarette 6000 Z\u00fcge"}]},{"@type":"WebSite","@id":"https:\/\/www.elementvape.de\/#website","url":"https:\/\/www.elementvape.de\/","name":"ElementVape.de","description":"","publisher":{"@id":"https:\/\/www.elementvape.de\/#organization"},"potentialAction":[{"@type":"SearchAction","target":{"@type":"EntryPoint","urlTemplate":"https:\/\/www.elementvape.de\/?s={search_term_string}"},"query-input":"required name=search_term_string"}],"inLanguage":"et"},{"@type":"Organization","@id":"https:\/\/www.elementvape.de\/#organization","name":"ElementVape.DE","url":"https:\/\/www.elementvape.de\/","logo":{"@type":"ImageObject","inLanguage":"et","@id":"https:\/\/www.elementvape.de\/#\/schema\/logo\/image\/","url":"https:\/\/www.elementvape.de\/wp-content\/uploads\/2024\/09\/cropped-1elementvape-3.png","contentUrl":"https:\/\/www.elementvape.de\/wp-content\/uploads\/2024\/09\/cropped-1elementvape-3.png","width":285,"height":228,"caption":"ElementVape.DE"},"image":{"@id":"https:\/\/www.elementvape.de\/#\/schema\/logo\/image\/"}}]}},"_links":{"self":[{"href":"https:\/\/www.elementvape.de\/et\/wp-json\/wp\/v2\/product\/12501"}],"collection":[{"href":"https:\/\/www.elementvape.de\/et\/wp-json\/wp\/v2\/product"}],"about":[{"href":"https:\/\/www.elementvape.de\/et\/wp-json\/wp\/v2\/types\/product"}],"wp:featuredmedia":[{"embeddable":true,"href":"https:\/\/www.elementvape.de\/et\/wp-json\/wp\/v2\/media\/12502"}],"wp:attachment":[{"href":"https:\/\/www.elementvape.de\/et\/wp-json\/wp\/v2\/media?parent=12501"}],"wp:term":[{"taxonomy":"product_cat","embeddable":true,"href":"https:\/\/www.elementvape.de\/et\/wp-json\/wp\/v2\/product_cat?post=12501"},{"taxonomy":"product_tag","embeddable":true,"href":"https:\/\/www.elementvape.de\/et\/wp-json\/wp\/v2\/product_tag?post=12501"}],"curies":[{"name":"wp","href":"https:\/\/api.w.org\/{rel}","templated":true}]}}