{"id":12232,"date":"2024-06-17T08:51:51","date_gmt":"2024-06-17T08:51:51","guid":{"rendered":"https:\/\/www.elementvape.de\/?post_type=product&#038;p=12232"},"modified":"2024-09-12T10:36:05","modified_gmt":"2024-09-12T10:36:05","slug":"voopoo-argus-xt-mod","status":"publish","type":"product","link":"https:\/\/www.elementvape.de\/et\/produkt\/voopoo-argus-xt-mod\/","title":{"rendered":"VOOPOO Argus XT Mod"},"content":{"rendered":"<h2>Tootekirjeldus: Voopoo Argus XT Mod Vape<\/h2>\n<h4>Tooteandmed<\/h4>\n<p>Voopoo Argus XT&amp;MT Mod on mitmek\u00fclgne ja v\u00f5imas seade, mis v\u00f5ib kasutada kas \u00fchte 18650- v\u00f5i 21700-akut (XT jaoks) v\u00f5i sisseehitatud 3000-mAh akut (MT jaoks). V\u00f5imsusega 5 kuni 100 W ja 0,96-tollise TFT-v\u00e4rvilise ekraaniga pakub see erinevaid re\u017eiime: VW (RBA), SMART, TC (Ni, SS, Ti) ja Turbo. Turbo-re\u017eiim pakub esimese t\u00f5mbega v\u00f5imsuse t\u00f5usu suurema auru jaoks. GENE TT 2.0 kiibistik tagab stabiilse vattide arvu ja pakub 7 p\u00f5hjalikku kaitsefunktsiooni. QS-lukustus, millel on liugur, saab lukustada k\u00f5ik nupud, pakkudes t\u00e4iendavat turvalisust.<\/p>\n<h4>Funktsioonid<\/h4>\n<ul>\n<li><strong>100 W maksimaalne v\u00e4ljundv\u00f5imsus<\/strong>: Pakub laia valikut v\u00f5imsusvalikuid erinevate auruvajaduste jaoks.<\/li>\n<li><strong>IP68 sertifitseeritud<\/strong>: Tugev ja vastupidav disain, mis on veekindel, tolmukindel ja l\u00f6\u00f6gikindel.<\/li>\n<li><strong>Aukudeta disain<\/strong>: Kaasaegne ja esteetiline disain ilma n\u00e4htavate aukudeta.<\/li>\n<li><strong>GENE.TT 2.0 kiibistik<\/strong>: Edasij\u00f5udnud kiibistik optimaalse j\u00f5udluse ja kaitse jaoks.<\/li>\n<li><strong>Turbo-re\u017eiim<\/strong>: Pakub algset v\u00f5imsuse t\u00f5usu intensiivseks auru jaoks.<\/li>\n<li><strong>3A t\u00fc\u00fcpkasvatus-C laadimine<\/strong>: Kiire ja t\u00f5hus laadimine.<\/li>\n<\/ul>\n<h4>Spetsifikatsioonid<\/h4>\n<ul>\n<li><strong>Toote nimi<\/strong>: ARGUS XT Mod<\/li>\n<li><strong>Suurus<\/strong>: 94,7 x 34,5 x 37 mm<\/li>\n<li><strong>V\u00f5imsusvahemik<\/strong>: 5 \u2013 100 W<\/li>\n<li><strong>Takistuse vahemik<\/strong>: 0,05 \u2013 3,0 \u03a9<\/li>\n<li><strong>V\u00e4ljundpinge<\/strong>: Max. 8,5 V<\/li>\n<li><strong>Aku<\/strong>: \u00dcksik 21700\/18650 (ei kuulu komplekti)<\/li>\n<li><strong>Sobivad k\u00fcttekehad<\/strong>: TPP-DM1, TPP-DM2, TPP-DM3, TPP-DM4<\/li>\n<\/ul>\n<h4>Soovitatavad mahutid<\/h4>\n<ul>\n<li><strong>Maat Tank Uus<\/strong><\/li>\n<li><strong>TPP-X Pod Tank<\/strong>\n<ul>\n<li>M\u00e4rkus: Palun kasutage l\u00e4bim\u00f5\u00f5duga v\u00e4hem kui 28 mm auruveekannu.<\/li>\n<\/ul>\n<\/li>\n<\/ul>\n<h4>Pakendi sisu<\/h4>\n<ul>\n<li>1 x ARGUS XT mod-seade<\/li>\n<li>1 x 18650 akuadapter<\/li>\n<li>1 x T\u00fc\u00fcp-C-kaabel<\/li>\n<li>1 x Kasutusjuhend<\/li>\n<\/ul>\n<p>Kogege t\u00e4iustatud tehnoloogia, vastupidava disaini ja k\u00f5rge j\u00f5udlusega t\u00e4iuslikku kombinatsiooni Voopoo Argus XT modiga. Osta n\u00fc\u00fcd suuremates kogustes Vapewholesaleglobalist ja kasutage meie parimaid hulgihinnapakkumisi!<\/p>","protected":false},"excerpt":{"rendered":"<p>Produktbeschreibung: Voopoo Argus XT Mod Vape Produktdetails Der Voopoo Argus XT&amp;MT Mod ist ein vielseitiges und leistungsstarkes Ger\u00e4t, das entweder einen einzelnen 18650- oder 21700-Akku (f\u00fcr XT) oder einen eingebauten 3000-mAh-Akku (f\u00fcr MT) verwenden kann. Mit einer Leistung von 5 bis 100 W und einem 0,96-Zoll-TFT-Farbdisplay bietet es verschiedene Modi: VW (RBA), SMART, TC (Ni, [&hellip;]<\/p>","protected":false},"featured_media":12234,"template":"","meta":{"inline_featured_image":false},"product_cat":[754,745,742,748,744,755,738,751,77],"product_tag":[],"tiered_pricing_type":"fixed","tiered_pricing_fixed_rules":[],"tiered_pricing_percentage_rules":[],"tiered_pricing_minimum":1,"_administrator_tiered_pricing_type":"fixed","_administrator_tiered_pricing_fixed_rules":[],"_editor_tiered_pricing_type":"fixed","_editor_tiered_pricing_fixed_rules":[],"_author_tiered_pricing_type":"fixed","_author_tiered_pricing_fixed_rules":[],"_contributor_tiered_pricing_type":"fixed","_contributor_tiered_pricing_fixed_rules":[],"_subscriber_tiered_pricing_type":"fixed","_subscriber_tiered_pricing_fixed_rules":[],"_customer_tiered_pricing_type":"fixed","_customer_tiered_pricing_fixed_rules":[],"_shop_manager_tiered_pricing_type":"fixed","_shop_manager_tiered_pricing_fixed_rules":[],"_wpseo_manager_tiered_pricing_type":"fixed","_wpseo_manager_tiered_pricing_fixed_rules":[],"_wpseo_editor_tiered_pricing_type":"fixed","_wpseo_editor_tiered_pricing_fixed_rules":[],"_wholesale_customer_tiered_pricing_type":"fixed","_wholesale_customer_tiered_pricing_fixed_rules":[],"_marketer_tiered_pricing_type":"fixed","_marketer_tiered_pricing_fixed_rules":[],"_sales_manager_tiered_pricing_type":"fixed","_sales_manager_tiered_pricing_fixed_rules":[],"_sales_rep_tiered_pricing_type":"fixed","_sales_rep_tiered_pricing_fixed_rules":[],"yoast_head":"<!-- This site is optimized with the Yoast SEO plugin v23.3 - https:\/\/yoast.com\/wordpress\/plugins\/seo\/ -->\n<title>VOOPOO Argus XT Mod | ElementVape.de<\/title>\n<meta name=\"description\" content=\"Wir bieten VOOPOO Argus XT Mod , Elementvape.de akzeptieren Gro\u00df-und Einzelhandel Bestellungen.\" \/>\n<meta name=\"robots\" content=\"index, follow, max-snippet:-1, max-image-preview:large, max-video-preview:-1\" \/>\n<link rel=\"canonical\" href=\"https:\/\/www.elementvape.de\/et\/produkt\/voopoo-argus-xt-mod\/\" \/>\n<meta property=\"og:locale\" content=\"et_EE\" \/>\n<meta property=\"og:type\" content=\"article\" \/>\n<meta property=\"og:title\" content=\"VOOPOO Argus XT Mod | ElementVape.de\" \/>\n<meta property=\"og:description\" content=\"Wir bieten VOOPOO Argus XT Mod , Elementvape.de akzeptieren Gro\u00df-und Einzelhandel Bestellungen.\" \/>\n<meta property=\"og:url\" content=\"https:\/\/www.elementvape.de\/et\/produkt\/voopoo-argus-xt-mod\/\" \/>\n<meta property=\"og:site_name\" content=\"ElementVape.de\" \/>\n<meta property=\"article:modified_time\" content=\"2024-09-12T10:36:05+00:00\" \/>\n<meta property=\"og:image\" content=\"https:\/\/www.elementvape.de\/wp-content\/uploads\/2024\/06\/VOOPOOArgusXTMod_9.webp\" \/>\n\t<meta property=\"og:image:width\" content=\"800\" \/>\n\t<meta property=\"og:image:height\" content=\"800\" \/>\n\t<meta property=\"og:image:type\" content=\"image\/webp\" \/>\n<meta name=\"twitter:card\" content=\"summary_large_image\" \/>\n<meta name=\"twitter:label1\" content=\"Est. reading time\" \/>\n\t<meta name=\"twitter:data1\" content=\"2 minutit\" \/>\n<script type=\"application\/ld+json\" class=\"yoast-schema-graph\">{\"@context\":\"https:\/\/schema.org\",\"@graph\":[{\"@type\":\"WebPage\",\"@id\":\"https:\/\/www.elementvape.de\/es\/produkt\/voopoo-argus-xt-mod\/\",\"url\":\"https:\/\/www.elementvape.de\/es\/produkt\/voopoo-argus-xt-mod\/\",\"name\":\"VOOPOO Argus XT Mod | ElementVape.de\",\"isPartOf\":{\"@id\":\"https:\/\/www.elementvape.de\/#website\"},\"primaryImageOfPage\":{\"@id\":\"https:\/\/www.elementvape.de\/es\/produkt\/voopoo-argus-xt-mod\/#primaryimage\"},\"image\":{\"@id\":\"https:\/\/www.elementvape.de\/es\/produkt\/voopoo-argus-xt-mod\/#primaryimage\"},\"thumbnailUrl\":\"https:\/\/www.elementvape.de\/wp-content\/uploads\/2024\/06\/VOOPOOArgusXTMod_9.webp\",\"datePublished\":\"2024-06-17T08:51:51+00:00\",\"dateModified\":\"2024-09-12T10:36:05+00:00\",\"description\":\"Wir bieten VOOPOO Argus XT Mod , Elementvape.de akzeptieren Gro\u00df-und Einzelhandel Bestellungen.\",\"breadcrumb\":{\"@id\":\"https:\/\/www.elementvape.de\/es\/produkt\/voopoo-argus-xt-mod\/#breadcrumb\"},\"inLanguage\":\"et\",\"potentialAction\":[{\"@type\":\"ReadAction\",\"target\":[\"https:\/\/www.elementvape.de\/es\/produkt\/voopoo-argus-xt-mod\/\"]}]},{\"@type\":\"ImageObject\",\"inLanguage\":\"et\",\"@id\":\"https:\/\/www.elementvape.de\/es\/produkt\/voopoo-argus-xt-mod\/#primaryimage\",\"url\":\"https:\/\/www.elementvape.de\/wp-content\/uploads\/2024\/06\/VOOPOOArgusXTMod_9.webp\",\"contentUrl\":\"https:\/\/www.elementvape.de\/wp-content\/uploads\/2024\/06\/VOOPOOArgusXTMod_9.webp\",\"width\":800,\"height\":800,\"caption\":\"VOOPOOArgusXTMod_9\"},{\"@type\":\"BreadcrumbList\",\"@id\":\"https:\/\/www.elementvape.de\/es\/produkt\/voopoo-argus-xt-mod\/#breadcrumb\",\"itemListElement\":[{\"@type\":\"ListItem\",\"position\":1,\"name\":\"Home\",\"item\":\"https:\/\/www.elementvape.de\/\"},{\"@type\":\"ListItem\",\"position\":2,\"name\":\"Shop\",\"item\":\"https:\/\/www.elementvape.de\/shop\/\"},{\"@type\":\"ListItem\",\"position\":3,\"name\":\"VOOPOO Argus XT Mod\"}]},{\"@type\":\"WebSite\",\"@id\":\"https:\/\/www.elementvape.de\/#website\",\"url\":\"https:\/\/www.elementvape.de\/\",\"name\":\"ElementVape.de\",\"description\":\"\",\"publisher\":{\"@id\":\"https:\/\/www.elementvape.de\/#organization\"},\"potentialAction\":[{\"@type\":\"SearchAction\",\"target\":{\"@type\":\"EntryPoint\",\"urlTemplate\":\"https:\/\/www.elementvape.de\/?s={search_term_string}\"},\"query-input\":\"required name=search_term_string\"}],\"inLanguage\":\"et\"},{\"@type\":\"Organization\",\"@id\":\"https:\/\/www.elementvape.de\/#organization\",\"name\":\"ElementVape.DE\",\"url\":\"https:\/\/www.elementvape.de\/\",\"logo\":{\"@type\":\"ImageObject\",\"inLanguage\":\"et\",\"@id\":\"https:\/\/www.elementvape.de\/#\/schema\/logo\/image\/\",\"url\":\"https:\/\/www.elementvape.de\/wp-content\/uploads\/2024\/09\/cropped-1elementvape-3.png\",\"contentUrl\":\"https:\/\/www.elementvape.de\/wp-content\/uploads\/2024\/09\/cropped-1elementvape-3.png\",\"width\":285,\"height\":228,\"caption\":\"ElementVape.DE\"},\"image\":{\"@id\":\"https:\/\/www.elementvape.de\/#\/schema\/logo\/image\/\"}}]}<\/script>\n<!-- \/ Yoast SEO plugin. -->","yoast_head_json":{"title":"VOOPOO Argus XT Mod | ElementVape.de","description":"Wir bieten VOOPOO Argus XT Mod , Elementvape.de akzeptieren Gro\u00df-und Einzelhandel Bestellungen.","robots":{"index":"index","follow":"follow","max-snippet":"max-snippet:-1","max-image-preview":"max-image-preview:large","max-video-preview":"max-video-preview:-1"},"canonical":"https:\/\/www.elementvape.de\/et\/produkt\/voopoo-argus-xt-mod\/","og_locale":"et_EE","og_type":"article","og_title":"VOOPOO Argus XT Mod | ElementVape.de","og_description":"Wir bieten VOOPOO Argus XT Mod , Elementvape.de akzeptieren Gro\u00df-und Einzelhandel Bestellungen.","og_url":"https:\/\/www.elementvape.de\/et\/produkt\/voopoo-argus-xt-mod\/","og_site_name":"ElementVape.de","article_modified_time":"2024-09-12T10:36:05+00:00","og_image":[{"width":800,"height":800,"url":"https:\/\/www.elementvape.de\/wp-content\/uploads\/2024\/06\/VOOPOOArgusXTMod_9.webp","type":"image\/webp"}],"twitter_card":"summary_large_image","twitter_misc":{"Est. reading time":"2 minutit"},"schema":{"@context":"https:\/\/schema.org","@graph":[{"@type":"WebPage","@id":"https:\/\/www.elementvape.de\/es\/produkt\/voopoo-argus-xt-mod\/","url":"https:\/\/www.elementvape.de\/es\/produkt\/voopoo-argus-xt-mod\/","name":"VOOPOO Argus XT Mod | ElementVape.de","isPartOf":{"@id":"https:\/\/www.elementvape.de\/#website"},"primaryImageOfPage":{"@id":"https:\/\/www.elementvape.de\/es\/produkt\/voopoo-argus-xt-mod\/#primaryimage"},"image":{"@id":"https:\/\/www.elementvape.de\/es\/produkt\/voopoo-argus-xt-mod\/#primaryimage"},"thumbnailUrl":"https:\/\/www.elementvape.de\/wp-content\/uploads\/2024\/06\/VOOPOOArgusXTMod_9.webp","datePublished":"2024-06-17T08:51:51+00:00","dateModified":"2024-09-12T10:36:05+00:00","description":"Wir bieten VOOPOO Argus XT Mod , Elementvape.de akzeptieren Gro\u00df-und Einzelhandel Bestellungen.","breadcrumb":{"@id":"https:\/\/www.elementvape.de\/es\/produkt\/voopoo-argus-xt-mod\/#breadcrumb"},"inLanguage":"et","potentialAction":[{"@type":"ReadAction","target":["https:\/\/www.elementvape.de\/es\/produkt\/voopoo-argus-xt-mod\/"]}]},{"@type":"ImageObject","inLanguage":"et","@id":"https:\/\/www.elementvape.de\/es\/produkt\/voopoo-argus-xt-mod\/#primaryimage","url":"https:\/\/www.elementvape.de\/wp-content\/uploads\/2024\/06\/VOOPOOArgusXTMod_9.webp","contentUrl":"https:\/\/www.elementvape.de\/wp-content\/uploads\/2024\/06\/VOOPOOArgusXTMod_9.webp","width":800,"height":800,"caption":"VOOPOOArgusXTMod_9"},{"@type":"BreadcrumbList","@id":"https:\/\/www.elementvape.de\/es\/produkt\/voopoo-argus-xt-mod\/#breadcrumb","itemListElement":[{"@type":"ListItem","position":1,"name":"Home","item":"https:\/\/www.elementvape.de\/"},{"@type":"ListItem","position":2,"name":"Shop","item":"https:\/\/www.elementvape.de\/shop\/"},{"@type":"ListItem","position":3,"name":"VOOPOO Argus XT Mod"}]},{"@type":"WebSite","@id":"https:\/\/www.elementvape.de\/#website","url":"https:\/\/www.elementvape.de\/","name":"ElementVape.de","description":"","publisher":{"@id":"https:\/\/www.elementvape.de\/#organization"},"potentialAction":[{"@type":"SearchAction","target":{"@type":"EntryPoint","urlTemplate":"https:\/\/www.elementvape.de\/?s={search_term_string}"},"query-input":"required name=search_term_string"}],"inLanguage":"et"},{"@type":"Organization","@id":"https:\/\/www.elementvape.de\/#organization","name":"ElementVape.DE","url":"https:\/\/www.elementvape.de\/","logo":{"@type":"ImageObject","inLanguage":"et","@id":"https:\/\/www.elementvape.de\/#\/schema\/logo\/image\/","url":"https:\/\/www.elementvape.de\/wp-content\/uploads\/2024\/09\/cropped-1elementvape-3.png","contentUrl":"https:\/\/www.elementvape.de\/wp-content\/uploads\/2024\/09\/cropped-1elementvape-3.png","width":285,"height":228,"caption":"ElementVape.DE"},"image":{"@id":"https:\/\/www.elementvape.de\/#\/schema\/logo\/image\/"}}]}},"_links":{"self":[{"href":"https:\/\/www.elementvape.de\/et\/wp-json\/wp\/v2\/product\/12232"}],"collection":[{"href":"https:\/\/www.elementvape.de\/et\/wp-json\/wp\/v2\/product"}],"about":[{"href":"https:\/\/www.elementvape.de\/et\/wp-json\/wp\/v2\/types\/product"}],"wp:featuredmedia":[{"embeddable":true,"href":"https:\/\/www.elementvape.de\/et\/wp-json\/wp\/v2\/media\/12234"}],"wp:attachment":[{"href":"https:\/\/www.elementvape.de\/et\/wp-json\/wp\/v2\/media?parent=12232"}],"wp:term":[{"taxonomy":"product_cat","embeddable":true,"href":"https:\/\/www.elementvape.de\/et\/wp-json\/wp\/v2\/product_cat?post=12232"},{"taxonomy":"product_tag","embeddable":true,"href":"https:\/\/www.elementvape.de\/et\/wp-json\/wp\/v2\/product_tag?post=12232"}],"curies":[{"name":"wp","href":"https:\/\/api.w.org\/{rel}","templated":true}]}}