{"id":11285,"date":"2024-05-31T07:54:44","date_gmt":"2024-05-31T07:54:44","guid":{"rendered":"https:\/\/www.elementvape.de\/?post_type=product&#038;p=11285"},"modified":"2024-09-12T10:36:37","modified_gmt":"2024-09-12T10:36:37","slug":"flerbar-pods-kaufen-20-mg-ml-2-stueck","status":"publish","type":"product","link":"https:\/\/www.elementvape.de\/et\/produkt\/flerbar-pods-kaufen-20-mg-ml-2-stueck\/","title":{"rendered":"Flerbar Pods Osta 20 mg\/ml 2 t\u00fckki"},"content":{"rendered":"<h2>Flerbar Pod :<\/h2>\n<p>Flerbar M eelnehtud podid<br \/>\nFlerbar Podid on sobivad vedelikupodid Flerbar korduskasutusbaasi seadmele. Podid on t\u00e4idetud 2ml nikotiinisoola vedelikega 20mg tugevusega, \u00fches pakendis on kaks podi. Iga pood kestab kuni 600 t\u00f5mmet, seega \u00fche pakendiga on v\u00f5imalik kuni 1200 t\u00f5mmet.<\/p>\n<h3>Topeltv\u00f5rgu k\u00fcttekeha parima maitse jaoks:<\/h3>\n<p>Flerbar M podide erip\u00e4ra on see, et kasutatakse topeltv\u00f5rgu k\u00fcttekeha tehnoloogiat. Siin kasutatakse kahte v\u00f5rgu k\u00fcttekeha, mis tagavad v\u00f5rreldamatu intensiivse ja tiheda auru. Seda tehnikat on juba tuntud \u00fchekordsete vape'ide puhul, kuid topeltv\u00f5rgu k\u00fcttekeha podid polnud varem saadaval.<\/p>\n<p>Saate sama intensiivse maitse nagu Flerbar M \u00fchekordsetel vape'idel eelnehtud podide variandina, mis on juba vedelikuga t\u00e4idetud ning mida saab p\u00e4rast 600 t\u00f5mmet lihtsalt \u00e4ra visata ja uue podi asemele panna. Sobiv Flerbar korduskasutusaku (eraldi saadaval) saab alati kiiresti ja turvaliselt USB-C \u00fchenduse kaudu laadida.<\/p>\n<p>Millised Flerbar Podide sordid on saadaval?<br \/>\nK\u00f5ik Flerbar sordid on n\u00fc\u00fcd saadaval ka t\u00e4idetud podidena:<\/p>\n<h3>Maitse:<\/h3>\n<p>\u00f5un J\u00e4\u00e4<br \/>\nMustikas<br \/>\nBlue Razz<br \/>\nMaasika j\u00e4\u00e4<br \/>\nMaasika limonaad<br \/>\nN\u00e4ri V\u00e4rske Arbuus<br \/>\nRoosa Arbuus<br \/>\nViinamarjad<br \/>\nSidrun<br \/>\nMango J\u00e4\u00e4<br \/>\nAnanass J\u00e4\u00e4tis<br \/>\nVerine H\u00e4rg<br \/>\nPassion Fruit<br \/>\nBanaan J\u00e4\u00e4tis<br \/>\nGuaja J\u00e4\u00e4tis<br \/>\nVaarikas<br \/>\nJ\u00e4\u00e4 Piparm\u00fcnt<br \/>\nOran\u017e<br \/>\nVirsi J\u00e4\u00e4<br \/>\nTopelt \u00f5un<br \/>\nRoosa Limonaad<br \/>\nArbuusi J\u00e4\u00e4<br \/>\nLitshee J\u00e4\u00e4<br \/>\nKirss Kola<\/p>\n<p>Kas Flerbar podid sobivad teiste seadmetega?<br \/>\nEi, Flerbar eelnehtud podid sobivad ainult spetsiaalselt v\u00e4lja t\u00f6\u00f6tatud Flerbar baaseadmesse.<\/p>\n<p>Komplekt sisaldab: 1 x Flerbar Pod 20mg (2-pakk)<\/p>","protected":false},"excerpt":{"rendered":"<p>Flerbar Pod : Flerbar M Prefilled Pods Die Flerbar Pods sind die passenden Liquid Pods f\u00fcr das Flerbar Mehrweg Basisger\u00e4t. Die Pods sind bef\u00fcllt mit 2ml Nikotinsalz Liquids in 20mg St\u00e4rke, in einer Packung werden zwei Pods geliefert. Jeder Pod h\u00e4lt bis zu 600 Z\u00fcge, somit sind mit einer Packung bis zu 1200 Z\u00fcge m\u00f6glich. [&hellip;]<\/p>","protected":false},"featured_media":11286,"template":"","meta":{"inline_featured_image":false},"product_cat":[754,745,742,748,744,755,738,751,76],"product_tag":[675],"tiered_pricing_type":"fixed","tiered_pricing_fixed_rules":[],"tiered_pricing_percentage_rules":[],"tiered_pricing_minimum":1,"_administrator_tiered_pricing_type":"fixed","_administrator_tiered_pricing_fixed_rules":[],"_editor_tiered_pricing_type":"fixed","_editor_tiered_pricing_fixed_rules":[],"_author_tiered_pricing_type":"fixed","_author_tiered_pricing_fixed_rules":[],"_contributor_tiered_pricing_type":"fixed","_contributor_tiered_pricing_fixed_rules":[],"_subscriber_tiered_pricing_type":"fixed","_subscriber_tiered_pricing_fixed_rules":[],"_customer_tiered_pricing_type":"fixed","_customer_tiered_pricing_fixed_rules":[],"_shop_manager_tiered_pricing_type":"fixed","_shop_manager_tiered_pricing_fixed_rules":[],"_wpseo_manager_tiered_pricing_type":"fixed","_wpseo_manager_tiered_pricing_fixed_rules":[],"_wpseo_editor_tiered_pricing_type":"fixed","_wpseo_editor_tiered_pricing_fixed_rules":[],"_wholesale_customer_tiered_pricing_type":"fixed","_wholesale_customer_tiered_pricing_fixed_rules":[],"_marketer_tiered_pricing_type":"fixed","_marketer_tiered_pricing_fixed_rules":[],"_sales_manager_tiered_pricing_type":"fixed","_sales_manager_tiered_pricing_fixed_rules":[],"_sales_rep_tiered_pricing_type":"fixed","_sales_rep_tiered_pricing_fixed_rules":[],"yoast_head":"<!-- This site is optimized with the Yoast SEO plugin v23.3 - https:\/\/yoast.com\/wordpress\/plugins\/seo\/ -->\n<title>Flerbar Pods Kaufen 20 mg\/ml 2 St\u00fcck | ElementVape.de<\/title>\n<meta name=\"description\" content=\"Wir bieten Flerbar Pods Kaufen 20 mg\/ml 2 St\u00fcck , Elementvape.de akzeptieren Gro\u00df-und Einzelhandel Bestellungen.\" \/>\n<meta name=\"robots\" content=\"index, follow, max-snippet:-1, max-image-preview:large, max-video-preview:-1\" \/>\n<link rel=\"canonical\" href=\"https:\/\/www.elementvape.de\/et\/produkt\/flerbar-pods-kaufen-20-mg-ml-2-stueck\/\" \/>\n<meta property=\"og:locale\" content=\"et_EE\" \/>\n<meta property=\"og:type\" content=\"article\" \/>\n<meta property=\"og:title\" content=\"Flerbar Pods Kaufen 20 mg\/ml 2 St\u00fcck | ElementVape.de\" \/>\n<meta property=\"og:description\" content=\"Wir bieten Flerbar Pods Kaufen 20 mg\/ml 2 St\u00fcck , Elementvape.de akzeptieren Gro\u00df-und Einzelhandel Bestellungen.\" \/>\n<meta property=\"og:url\" content=\"https:\/\/www.elementvape.de\/et\/produkt\/flerbar-pods-kaufen-20-mg-ml-2-stueck\/\" \/>\n<meta property=\"og:site_name\" content=\"ElementVape.de\" \/>\n<meta property=\"article:modified_time\" content=\"2024-09-12T10:36:37+00:00\" \/>\n<meta property=\"og:image\" content=\"https:\/\/www.elementvape.de\/wp-content\/uploads\/2024\/05\/flerbar-pod-banana-ice-prefilled-pods-2x2ml-20mg-45.webp\" \/>\n\t<meta property=\"og:image:width\" content=\"1080\" \/>\n\t<meta property=\"og:image:height\" content=\"1080\" \/>\n\t<meta property=\"og:image:type\" content=\"image\/webp\" \/>\n<meta name=\"twitter:card\" content=\"summary_large_image\" \/>\n<meta name=\"twitter:label1\" content=\"Est. reading time\" \/>\n\t<meta name=\"twitter:data1\" content=\"2 minutit\" \/>\n<script type=\"application\/ld+json\" class=\"yoast-schema-graph\">{\"@context\":\"https:\/\/schema.org\",\"@graph\":[{\"@type\":\"WebPage\",\"@id\":\"https:\/\/www.elementvape.de\/et\/produkt\/flerbar-pods-kaufen-20-mg-ml-2-stueck\/\",\"url\":\"https:\/\/www.elementvape.de\/et\/produkt\/flerbar-pods-kaufen-20-mg-ml-2-stueck\/\",\"name\":\"Flerbar Pods Kaufen 20 mg\/ml 2 St\u00fcck | ElementVape.de\",\"isPartOf\":{\"@id\":\"https:\/\/www.elementvape.de\/#website\"},\"primaryImageOfPage\":{\"@id\":\"https:\/\/www.elementvape.de\/et\/produkt\/flerbar-pods-kaufen-20-mg-ml-2-stueck\/#primaryimage\"},\"image\":{\"@id\":\"https:\/\/www.elementvape.de\/et\/produkt\/flerbar-pods-kaufen-20-mg-ml-2-stueck\/#primaryimage\"},\"thumbnailUrl\":\"https:\/\/www.elementvape.de\/wp-content\/uploads\/2024\/05\/flerbar-pod-banana-ice-prefilled-pods-2x2ml-20mg-45.webp\",\"datePublished\":\"2024-05-31T07:54:44+00:00\",\"dateModified\":\"2024-09-12T10:36:37+00:00\",\"description\":\"Wir bieten Flerbar Pods Kaufen 20 mg\/ml 2 St\u00fcck , Elementvape.de akzeptieren Gro\u00df-und Einzelhandel Bestellungen.\",\"breadcrumb\":{\"@id\":\"https:\/\/www.elementvape.de\/et\/produkt\/flerbar-pods-kaufen-20-mg-ml-2-stueck\/#breadcrumb\"},\"inLanguage\":\"et\",\"potentialAction\":[{\"@type\":\"ReadAction\",\"target\":[\"https:\/\/www.elementvape.de\/et\/produkt\/flerbar-pods-kaufen-20-mg-ml-2-stueck\/\"]}]},{\"@type\":\"ImageObject\",\"inLanguage\":\"et\",\"@id\":\"https:\/\/www.elementvape.de\/et\/produkt\/flerbar-pods-kaufen-20-mg-ml-2-stueck\/#primaryimage\",\"url\":\"https:\/\/www.elementvape.de\/wp-content\/uploads\/2024\/05\/flerbar-pod-banana-ice-prefilled-pods-2x2ml-20mg-45.webp\",\"contentUrl\":\"https:\/\/www.elementvape.de\/wp-content\/uploads\/2024\/05\/flerbar-pod-banana-ice-prefilled-pods-2x2ml-20mg-45.webp\",\"width\":1080,\"height\":1080,\"caption\":\"flerbar-pod-banana-ice-prefilled-pods-2x2ml-20mg-45\"},{\"@type\":\"BreadcrumbList\",\"@id\":\"https:\/\/www.elementvape.de\/et\/produkt\/flerbar-pods-kaufen-20-mg-ml-2-stueck\/#breadcrumb\",\"itemListElement\":[{\"@type\":\"ListItem\",\"position\":1,\"name\":\"Home\",\"item\":\"https:\/\/www.elementvape.de\/\"},{\"@type\":\"ListItem\",\"position\":2,\"name\":\"Shop\",\"item\":\"https:\/\/www.elementvape.de\/shop\/\"},{\"@type\":\"ListItem\",\"position\":3,\"name\":\"Flerbar Pods Kaufen 20 mg\/ml 2 St\u00fcck\"}]},{\"@type\":\"WebSite\",\"@id\":\"https:\/\/www.elementvape.de\/#website\",\"url\":\"https:\/\/www.elementvape.de\/\",\"name\":\"ElementVape.de\",\"description\":\"\",\"publisher\":{\"@id\":\"https:\/\/www.elementvape.de\/#organization\"},\"potentialAction\":[{\"@type\":\"SearchAction\",\"target\":{\"@type\":\"EntryPoint\",\"urlTemplate\":\"https:\/\/www.elementvape.de\/?s={search_term_string}\"},\"query-input\":\"required name=search_term_string\"}],\"inLanguage\":\"et\"},{\"@type\":\"Organization\",\"@id\":\"https:\/\/www.elementvape.de\/#organization\",\"name\":\"ElementVape.DE\",\"url\":\"https:\/\/www.elementvape.de\/\",\"logo\":{\"@type\":\"ImageObject\",\"inLanguage\":\"et\",\"@id\":\"https:\/\/www.elementvape.de\/#\/schema\/logo\/image\/\",\"url\":\"https:\/\/www.elementvape.de\/wp-content\/uploads\/2024\/09\/cropped-1elementvape-3.png\",\"contentUrl\":\"https:\/\/www.elementvape.de\/wp-content\/uploads\/2024\/09\/cropped-1elementvape-3.png\",\"width\":285,\"height\":228,\"caption\":\"ElementVape.DE\"},\"image\":{\"@id\":\"https:\/\/www.elementvape.de\/#\/schema\/logo\/image\/\"}}]}<\/script>\n<!-- \/ Yoast SEO plugin. -->","yoast_head_json":{"title":"Flerbar Pods Kaufen 20 mg\/ml 2 St\u00fcck | ElementVape.de","description":"Wir bieten Flerbar Pods Kaufen 20 mg\/ml 2 St\u00fcck , Elementvape.de akzeptieren Gro\u00df-und Einzelhandel Bestellungen.","robots":{"index":"index","follow":"follow","max-snippet":"max-snippet:-1","max-image-preview":"max-image-preview:large","max-video-preview":"max-video-preview:-1"},"canonical":"https:\/\/www.elementvape.de\/et\/produkt\/flerbar-pods-kaufen-20-mg-ml-2-stueck\/","og_locale":"et_EE","og_type":"article","og_title":"Flerbar Pods Kaufen 20 mg\/ml 2 St\u00fcck | ElementVape.de","og_description":"Wir bieten Flerbar Pods Kaufen 20 mg\/ml 2 St\u00fcck , Elementvape.de akzeptieren Gro\u00df-und Einzelhandel Bestellungen.","og_url":"https:\/\/www.elementvape.de\/et\/produkt\/flerbar-pods-kaufen-20-mg-ml-2-stueck\/","og_site_name":"ElementVape.de","article_modified_time":"2024-09-12T10:36:37+00:00","og_image":[{"width":1080,"height":1080,"url":"https:\/\/www.elementvape.de\/wp-content\/uploads\/2024\/05\/flerbar-pod-banana-ice-prefilled-pods-2x2ml-20mg-45.webp","type":"image\/webp"}],"twitter_card":"summary_large_image","twitter_misc":{"Est. reading time":"2 minutit"},"schema":{"@context":"https:\/\/schema.org","@graph":[{"@type":"WebPage","@id":"https:\/\/www.elementvape.de\/et\/produkt\/flerbar-pods-kaufen-20-mg-ml-2-stueck\/","url":"https:\/\/www.elementvape.de\/et\/produkt\/flerbar-pods-kaufen-20-mg-ml-2-stueck\/","name":"Flerbar Pods Kaufen 20 mg\/ml 2 St\u00fcck | ElementVape.de","isPartOf":{"@id":"https:\/\/www.elementvape.de\/#website"},"primaryImageOfPage":{"@id":"https:\/\/www.elementvape.de\/et\/produkt\/flerbar-pods-kaufen-20-mg-ml-2-stueck\/#primaryimage"},"image":{"@id":"https:\/\/www.elementvape.de\/et\/produkt\/flerbar-pods-kaufen-20-mg-ml-2-stueck\/#primaryimage"},"thumbnailUrl":"https:\/\/www.elementvape.de\/wp-content\/uploads\/2024\/05\/flerbar-pod-banana-ice-prefilled-pods-2x2ml-20mg-45.webp","datePublished":"2024-05-31T07:54:44+00:00","dateModified":"2024-09-12T10:36:37+00:00","description":"Wir bieten Flerbar Pods Kaufen 20 mg\/ml 2 St\u00fcck , Elementvape.de akzeptieren Gro\u00df-und Einzelhandel Bestellungen.","breadcrumb":{"@id":"https:\/\/www.elementvape.de\/et\/produkt\/flerbar-pods-kaufen-20-mg-ml-2-stueck\/#breadcrumb"},"inLanguage":"et","potentialAction":[{"@type":"ReadAction","target":["https:\/\/www.elementvape.de\/et\/produkt\/flerbar-pods-kaufen-20-mg-ml-2-stueck\/"]}]},{"@type":"ImageObject","inLanguage":"et","@id":"https:\/\/www.elementvape.de\/et\/produkt\/flerbar-pods-kaufen-20-mg-ml-2-stueck\/#primaryimage","url":"https:\/\/www.elementvape.de\/wp-content\/uploads\/2024\/05\/flerbar-pod-banana-ice-prefilled-pods-2x2ml-20mg-45.webp","contentUrl":"https:\/\/www.elementvape.de\/wp-content\/uploads\/2024\/05\/flerbar-pod-banana-ice-prefilled-pods-2x2ml-20mg-45.webp","width":1080,"height":1080,"caption":"flerbar-pod-banana-ice-prefilled-pods-2x2ml-20mg-45"},{"@type":"BreadcrumbList","@id":"https:\/\/www.elementvape.de\/et\/produkt\/flerbar-pods-kaufen-20-mg-ml-2-stueck\/#breadcrumb","itemListElement":[{"@type":"ListItem","position":1,"name":"Home","item":"https:\/\/www.elementvape.de\/"},{"@type":"ListItem","position":2,"name":"Shop","item":"https:\/\/www.elementvape.de\/shop\/"},{"@type":"ListItem","position":3,"name":"Flerbar Pods Kaufen 20 mg\/ml 2 St\u00fcck"}]},{"@type":"WebSite","@id":"https:\/\/www.elementvape.de\/#website","url":"https:\/\/www.elementvape.de\/","name":"ElementVape.de","description":"","publisher":{"@id":"https:\/\/www.elementvape.de\/#organization"},"potentialAction":[{"@type":"SearchAction","target":{"@type":"EntryPoint","urlTemplate":"https:\/\/www.elementvape.de\/?s={search_term_string}"},"query-input":"required name=search_term_string"}],"inLanguage":"et"},{"@type":"Organization","@id":"https:\/\/www.elementvape.de\/#organization","name":"ElementVape.DE","url":"https:\/\/www.elementvape.de\/","logo":{"@type":"ImageObject","inLanguage":"et","@id":"https:\/\/www.elementvape.de\/#\/schema\/logo\/image\/","url":"https:\/\/www.elementvape.de\/wp-content\/uploads\/2024\/09\/cropped-1elementvape-3.png","contentUrl":"https:\/\/www.elementvape.de\/wp-content\/uploads\/2024\/09\/cropped-1elementvape-3.png","width":285,"height":228,"caption":"ElementVape.DE"},"image":{"@id":"https:\/\/www.elementvape.de\/#\/schema\/logo\/image\/"}}]}},"_links":{"self":[{"href":"https:\/\/www.elementvape.de\/et\/wp-json\/wp\/v2\/product\/11285"}],"collection":[{"href":"https:\/\/www.elementvape.de\/et\/wp-json\/wp\/v2\/product"}],"about":[{"href":"https:\/\/www.elementvape.de\/et\/wp-json\/wp\/v2\/types\/product"}],"wp:featuredmedia":[{"embeddable":true,"href":"https:\/\/www.elementvape.de\/et\/wp-json\/wp\/v2\/media\/11286"}],"wp:attachment":[{"href":"https:\/\/www.elementvape.de\/et\/wp-json\/wp\/v2\/media?parent=11285"}],"wp:term":[{"taxonomy":"product_cat","embeddable":true,"href":"https:\/\/www.elementvape.de\/et\/wp-json\/wp\/v2\/product_cat?post=11285"},{"taxonomy":"product_tag","embeddable":true,"href":"https:\/\/www.elementvape.de\/et\/wp-json\/wp\/v2\/product_tag?post=11285"}],"curies":[{"name":"wp","href":"https:\/\/api.w.org\/{rel}","templated":true}]}}