{"id":11238,"date":"2024-05-31T06:56:40","date_gmt":"2024-05-31T06:56:40","guid":{"rendered":"https:\/\/www.elementvape.de\/?post_type=product&#038;p=11238"},"modified":"2024-09-12T10:36:38","modified_gmt":"2024-09-12T10:36:38","slug":"187-stick-v2-e-shisha-kaufen","status":"publish","type":"product","link":"https:\/\/www.elementvape.de\/et\/produkt\/187-stick-v2-e-shisha-kaufen\/","title":{"rendered":"187 Tikk V2 E-sheisha Osta"},"content":{"rendered":"<p>187 V2 elektrooniline \u00fchekordne sigaret<\/p>\n<p>187 Stra\u00dfenbande \u00fchekordne E-sigarett tagab v\u00e4rskendava suitsetamiskogemuse. See 187 \u00fchekordne E-sigarett haarab ideaalselt populaarsed maitsed shisha tubaka ja vedeliku sortimendist ning pakub oma arenenud Mesh-Coil-tehnoloogia ja tugeva akutoitega intensiivset auru nautimist kuni 600 t\u00f5mbeni ilma maitset kaotamata.<\/p>\n<p>187 V2 \u00fchekordse E-sigareti eelised ja omadused<\/p>\n<p>Kasutajas\u00f5bralikkus:<br \/>\nEi vaja eriteadmisi: T\u00e4iuslik algajatele ja professionaalidele, kuna ei n\u00f5ua varustust ega erilisi teadmisi.<br \/>\nKoheselt kasutusvalmis: Kasutage oma E-sigaretti igal ajal ja igal pool, ilma et peaksite seda laadima v\u00f5i t\u00e4itma.<br \/>\nPuhas ja praktiline: Ei sisalda t\u00e4rklist, s\u00fcsinikmonooksiidi ega j\u00e4\u00e4tmeid t\u00e4itmise v\u00f5i puhastamise t\u00f5ttu.<\/p>\n<p>V\u00f5imas maitse:<br \/>\nMesh-Coil-tehnoloogia: Tagab meeldiva ja rikkaliku maitse.<\/p>\n<p>L\u00e4bipaistvus:<br \/>\nVedelikutaseme n\u00e4idik: L\u00e4bipaistva imemise toru kaudu saab vedelikutaset igal ajal kontrollida.<\/p>\n<p>Miks valida 187 Vape V2?<\/p>\n<p>187 V2 on ideaalne k\u00f5igile, kes otsivad praktilist ja lihtsat \u00fchekordset E-sigaretti. Tugeva akutoitega ja kvaliteetse Mesh-Coil-tehnoloogiaga pakub ta pikaajalist, intensiivset suitsetamiskogemust ilma keerulise seadistuse v\u00f5i varustuseta.<\/p>\n<p>Tehnilised andmed ja omadused<\/p>\n<p>Akulaadija v\u00f5imsus: 500 mAh, pikk r\u00f5\u00f5m elektrsigarettide nautimisest.<br \/>\nS\u00fc\u00fctamiste arv: Iga seade suudab vastu v\u00f5tta kuni 600 s\u00fc\u00fctamist, ilma maitse kaotamata.<\/p>\n<p>E-vedeliku maht: 2,0 ml, nikotiini sisaldus 20 mg\/ml.<br \/>\nP\u00f5leti: Integreeritud Fresor-mesh-p\u00f5leti parema aroomi jaotumise jaoks.<br \/>\nDisain: Abstraktne disain, parim v\u00e4limus klassikalises 187-stiilis.<br \/>\nM\u00f5\u00f5tmed: K\u00f5rgus umbes 10,5 cm, v\u00e4limine l\u00e4bim\u00f5\u00f5t umbes 1,7 cm, kaal 29 grammi.<\/p>\n<p>187 V2 \u00fchekordne elektrsigaret \u00fchendab v\u00e4rskendava maitse ja k\u00f5rge kasutusmugavuse ning tehnilise kvaliteedi. Ideaalne suitsutajatele, kes otsivad stressivaba ja intensiivset suitsutamiskogemust. T\u00e4nu arenenud mesh-p\u00f5leti tehnoloogiale ja v\u00f5imsale akule pakub 187 V2 pikaajalist, rikkalikku maitset ilma maitsekompromissideta ning on lihtne k\u00e4sitleda ja kasutada.<\/p>","protected":false},"excerpt":{"rendered":"<p>187 V2 elektronische Einweg zigarette Die Einweg-E-Zigarette 187 V2 sorgt f\u00fcr ein erfrischendes Raucherlebnis. Diese Einweg-E-Zigarette von 187 Stra\u00dfenbande f\u00e4ngt die beliebten Aromen des Shisha-Tabak- und Liquid-Sortiments perfekt ein und sorgt mit ihrer fortschrittlichen Mesh-Coil-Technologie und der starken Akkuleistung f\u00fcr intensiven Dampfgenuss f\u00fcr bis zu 600 Z\u00fcge ohne Einbu\u00dfen jeglichen Geschmacks. Highlights und Vorteile der [&hellip;]<\/p>","protected":false},"featured_media":11239,"template":"","meta":{"inline_featured_image":false},"product_cat":[78,754,745,742,748,744,755,738,751],"product_tag":[679],"tiered_pricing_type":"fixed","tiered_pricing_fixed_rules":[],"tiered_pricing_percentage_rules":[],"tiered_pricing_minimum":1,"_administrator_tiered_pricing_type":"fixed","_administrator_tiered_pricing_fixed_rules":[],"_editor_tiered_pricing_type":"fixed","_editor_tiered_pricing_fixed_rules":[],"_author_tiered_pricing_type":"fixed","_author_tiered_pricing_fixed_rules":[],"_contributor_tiered_pricing_type":"fixed","_contributor_tiered_pricing_fixed_rules":[],"_subscriber_tiered_pricing_type":"fixed","_subscriber_tiered_pricing_fixed_rules":[],"_customer_tiered_pricing_type":"fixed","_customer_tiered_pricing_fixed_rules":[],"_shop_manager_tiered_pricing_type":"fixed","_shop_manager_tiered_pricing_fixed_rules":[],"_wpseo_manager_tiered_pricing_type":"fixed","_wpseo_manager_tiered_pricing_fixed_rules":[],"_wpseo_editor_tiered_pricing_type":"fixed","_wpseo_editor_tiered_pricing_fixed_rules":[],"_wholesale_customer_tiered_pricing_type":"fixed","_wholesale_customer_tiered_pricing_fixed_rules":[],"_marketer_tiered_pricing_type":"fixed","_marketer_tiered_pricing_fixed_rules":[],"_sales_manager_tiered_pricing_type":"fixed","_sales_manager_tiered_pricing_fixed_rules":[],"_sales_rep_tiered_pricing_type":"fixed","_sales_rep_tiered_pricing_fixed_rules":[],"yoast_head":"<!-- This site is optimized with the Yoast SEO plugin v23.3 - https:\/\/yoast.com\/wordpress\/plugins\/seo\/ -->\n<title>187 Stick V2 E-Shisha Kaufen | ElementVape.de<\/title>\n<meta name=\"description\" content=\"Wir bieten 187 Stick V2 E-Shisha Kaufen , Elementvape.de akzeptieren Gro\u00df-und Einzelhandel Bestellungen.\" \/>\n<meta name=\"robots\" content=\"index, follow, max-snippet:-1, max-image-preview:large, max-video-preview:-1\" \/>\n<link rel=\"canonical\" href=\"https:\/\/www.elementvape.de\/et\/produkt\/187-stick-v2-e-shisha-kaufen\/\" \/>\n<meta property=\"og:locale\" content=\"et_EE\" \/>\n<meta property=\"og:type\" content=\"article\" \/>\n<meta property=\"og:title\" content=\"187 Stick V2 E-Shisha Kaufen | ElementVape.de\" \/>\n<meta property=\"og:description\" content=\"Wir bieten 187 Stick V2 E-Shisha Kaufen , Elementvape.de akzeptieren Gro\u00df-und Einzelhandel Bestellungen.\" \/>\n<meta property=\"og:url\" content=\"https:\/\/www.elementvape.de\/et\/produkt\/187-stick-v2-e-shisha-kaufen\/\" \/>\n<meta property=\"og:site_name\" content=\"ElementVape.de\" \/>\n<meta property=\"article:modified_time\" content=\"2024-09-12T10:36:38+00:00\" \/>\n<meta property=\"og:image\" content=\"https:\/\/www.elementvape.de\/wp-content\/uploads\/2024\/05\/187-stick-v2-e-shisha-tropicana-20mg.jpg\" \/>\n\t<meta property=\"og:image:width\" content=\"1120\" \/>\n\t<meta property=\"og:image:height\" content=\"1120\" \/>\n\t<meta property=\"og:image:type\" content=\"image\/jpeg\" \/>\n<meta name=\"twitter:card\" content=\"summary_large_image\" \/>\n<meta name=\"twitter:label1\" content=\"Est. reading time\" \/>\n\t<meta name=\"twitter:data1\" content=\"2 minutit\" \/>\n<script type=\"application\/ld+json\" class=\"yoast-schema-graph\">{\"@context\":\"https:\/\/schema.org\",\"@graph\":[{\"@type\":\"WebPage\",\"@id\":\"https:\/\/www.elementvape.de\/es\/produkt\/187-stick-v2-e-shisha-kaufen\/\",\"url\":\"https:\/\/www.elementvape.de\/es\/produkt\/187-stick-v2-e-shisha-kaufen\/\",\"name\":\"187 Stick V2 E-Shisha Kaufen | ElementVape.de\",\"isPartOf\":{\"@id\":\"https:\/\/www.elementvape.de\/#website\"},\"primaryImageOfPage\":{\"@id\":\"https:\/\/www.elementvape.de\/es\/produkt\/187-stick-v2-e-shisha-kaufen\/#primaryimage\"},\"image\":{\"@id\":\"https:\/\/www.elementvape.de\/es\/produkt\/187-stick-v2-e-shisha-kaufen\/#primaryimage\"},\"thumbnailUrl\":\"https:\/\/www.elementvape.de\/wp-content\/uploads\/2024\/05\/187-stick-v2-e-shisha-tropicana-20mg.jpg\",\"datePublished\":\"2024-05-31T06:56:40+00:00\",\"dateModified\":\"2024-09-12T10:36:38+00:00\",\"description\":\"Wir bieten 187 Stick V2 E-Shisha Kaufen , Elementvape.de akzeptieren Gro\u00df-und Einzelhandel Bestellungen.\",\"breadcrumb\":{\"@id\":\"https:\/\/www.elementvape.de\/es\/produkt\/187-stick-v2-e-shisha-kaufen\/#breadcrumb\"},\"inLanguage\":\"et\",\"potentialAction\":[{\"@type\":\"ReadAction\",\"target\":[\"https:\/\/www.elementvape.de\/es\/produkt\/187-stick-v2-e-shisha-kaufen\/\"]}]},{\"@type\":\"ImageObject\",\"inLanguage\":\"et\",\"@id\":\"https:\/\/www.elementvape.de\/es\/produkt\/187-stick-v2-e-shisha-kaufen\/#primaryimage\",\"url\":\"https:\/\/www.elementvape.de\/wp-content\/uploads\/2024\/05\/187-stick-v2-e-shisha-tropicana-20mg.jpg\",\"contentUrl\":\"https:\/\/www.elementvape.de\/wp-content\/uploads\/2024\/05\/187-stick-v2-e-shisha-tropicana-20mg.jpg\",\"width\":1120,\"height\":1120,\"caption\":\"187-stick-v2-e-shisha-tropicana-20mg\"},{\"@type\":\"BreadcrumbList\",\"@id\":\"https:\/\/www.elementvape.de\/es\/produkt\/187-stick-v2-e-shisha-kaufen\/#breadcrumb\",\"itemListElement\":[{\"@type\":\"ListItem\",\"position\":1,\"name\":\"Home\",\"item\":\"https:\/\/www.elementvape.de\/\"},{\"@type\":\"ListItem\",\"position\":2,\"name\":\"Shop\",\"item\":\"https:\/\/www.elementvape.de\/shop\/\"},{\"@type\":\"ListItem\",\"position\":3,\"name\":\"187 Stick V2 E-Shisha Kaufen\"}]},{\"@type\":\"WebSite\",\"@id\":\"https:\/\/www.elementvape.de\/#website\",\"url\":\"https:\/\/www.elementvape.de\/\",\"name\":\"ElementVape.de\",\"description\":\"\",\"publisher\":{\"@id\":\"https:\/\/www.elementvape.de\/#organization\"},\"potentialAction\":[{\"@type\":\"SearchAction\",\"target\":{\"@type\":\"EntryPoint\",\"urlTemplate\":\"https:\/\/www.elementvape.de\/?s={search_term_string}\"},\"query-input\":\"required name=search_term_string\"}],\"inLanguage\":\"et\"},{\"@type\":\"Organization\",\"@id\":\"https:\/\/www.elementvape.de\/#organization\",\"name\":\"ElementVape.DE\",\"url\":\"https:\/\/www.elementvape.de\/\",\"logo\":{\"@type\":\"ImageObject\",\"inLanguage\":\"et\",\"@id\":\"https:\/\/www.elementvape.de\/#\/schema\/logo\/image\/\",\"url\":\"https:\/\/www.elementvape.de\/wp-content\/uploads\/2024\/09\/cropped-1elementvape-3.png\",\"contentUrl\":\"https:\/\/www.elementvape.de\/wp-content\/uploads\/2024\/09\/cropped-1elementvape-3.png\",\"width\":285,\"height\":228,\"caption\":\"ElementVape.DE\"},\"image\":{\"@id\":\"https:\/\/www.elementvape.de\/#\/schema\/logo\/image\/\"}}]}<\/script>\n<!-- \/ Yoast SEO plugin. -->","yoast_head_json":{"title":"187 Stick V2 E-Shisha Kaufen | ElementVape.de","description":"Wir bieten 187 Stick V2 E-Shisha Kaufen , Elementvape.de akzeptieren Gro\u00df-und Einzelhandel Bestellungen.","robots":{"index":"index","follow":"follow","max-snippet":"max-snippet:-1","max-image-preview":"max-image-preview:large","max-video-preview":"max-video-preview:-1"},"canonical":"https:\/\/www.elementvape.de\/et\/produkt\/187-stick-v2-e-shisha-kaufen\/","og_locale":"et_EE","og_type":"article","og_title":"187 Stick V2 E-Shisha Kaufen | ElementVape.de","og_description":"Wir bieten 187 Stick V2 E-Shisha Kaufen , Elementvape.de akzeptieren Gro\u00df-und Einzelhandel Bestellungen.","og_url":"https:\/\/www.elementvape.de\/et\/produkt\/187-stick-v2-e-shisha-kaufen\/","og_site_name":"ElementVape.de","article_modified_time":"2024-09-12T10:36:38+00:00","og_image":[{"width":1120,"height":1120,"url":"https:\/\/www.elementvape.de\/wp-content\/uploads\/2024\/05\/187-stick-v2-e-shisha-tropicana-20mg.jpg","type":"image\/jpeg"}],"twitter_card":"summary_large_image","twitter_misc":{"Est. reading time":"2 minutit"},"schema":{"@context":"https:\/\/schema.org","@graph":[{"@type":"WebPage","@id":"https:\/\/www.elementvape.de\/es\/produkt\/187-stick-v2-e-shisha-kaufen\/","url":"https:\/\/www.elementvape.de\/es\/produkt\/187-stick-v2-e-shisha-kaufen\/","name":"187 Stick V2 E-Shisha Kaufen | ElementVape.de","isPartOf":{"@id":"https:\/\/www.elementvape.de\/#website"},"primaryImageOfPage":{"@id":"https:\/\/www.elementvape.de\/es\/produkt\/187-stick-v2-e-shisha-kaufen\/#primaryimage"},"image":{"@id":"https:\/\/www.elementvape.de\/es\/produkt\/187-stick-v2-e-shisha-kaufen\/#primaryimage"},"thumbnailUrl":"https:\/\/www.elementvape.de\/wp-content\/uploads\/2024\/05\/187-stick-v2-e-shisha-tropicana-20mg.jpg","datePublished":"2024-05-31T06:56:40+00:00","dateModified":"2024-09-12T10:36:38+00:00","description":"Wir bieten 187 Stick V2 E-Shisha Kaufen , Elementvape.de akzeptieren Gro\u00df-und Einzelhandel Bestellungen.","breadcrumb":{"@id":"https:\/\/www.elementvape.de\/es\/produkt\/187-stick-v2-e-shisha-kaufen\/#breadcrumb"},"inLanguage":"et","potentialAction":[{"@type":"ReadAction","target":["https:\/\/www.elementvape.de\/es\/produkt\/187-stick-v2-e-shisha-kaufen\/"]}]},{"@type":"ImageObject","inLanguage":"et","@id":"https:\/\/www.elementvape.de\/es\/produkt\/187-stick-v2-e-shisha-kaufen\/#primaryimage","url":"https:\/\/www.elementvape.de\/wp-content\/uploads\/2024\/05\/187-stick-v2-e-shisha-tropicana-20mg.jpg","contentUrl":"https:\/\/www.elementvape.de\/wp-content\/uploads\/2024\/05\/187-stick-v2-e-shisha-tropicana-20mg.jpg","width":1120,"height":1120,"caption":"187-stick-v2-e-shisha-tropicana-20mg"},{"@type":"BreadcrumbList","@id":"https:\/\/www.elementvape.de\/es\/produkt\/187-stick-v2-e-shisha-kaufen\/#breadcrumb","itemListElement":[{"@type":"ListItem","position":1,"name":"Home","item":"https:\/\/www.elementvape.de\/"},{"@type":"ListItem","position":2,"name":"Shop","item":"https:\/\/www.elementvape.de\/shop\/"},{"@type":"ListItem","position":3,"name":"187 Stick V2 E-Shisha Kaufen"}]},{"@type":"WebSite","@id":"https:\/\/www.elementvape.de\/#website","url":"https:\/\/www.elementvape.de\/","name":"ElementVape.de","description":"","publisher":{"@id":"https:\/\/www.elementvape.de\/#organization"},"potentialAction":[{"@type":"SearchAction","target":{"@type":"EntryPoint","urlTemplate":"https:\/\/www.elementvape.de\/?s={search_term_string}"},"query-input":"required name=search_term_string"}],"inLanguage":"et"},{"@type":"Organization","@id":"https:\/\/www.elementvape.de\/#organization","name":"ElementVape.DE","url":"https:\/\/www.elementvape.de\/","logo":{"@type":"ImageObject","inLanguage":"et","@id":"https:\/\/www.elementvape.de\/#\/schema\/logo\/image\/","url":"https:\/\/www.elementvape.de\/wp-content\/uploads\/2024\/09\/cropped-1elementvape-3.png","contentUrl":"https:\/\/www.elementvape.de\/wp-content\/uploads\/2024\/09\/cropped-1elementvape-3.png","width":285,"height":228,"caption":"ElementVape.DE"},"image":{"@id":"https:\/\/www.elementvape.de\/#\/schema\/logo\/image\/"}}]}},"_links":{"self":[{"href":"https:\/\/www.elementvape.de\/et\/wp-json\/wp\/v2\/product\/11238"}],"collection":[{"href":"https:\/\/www.elementvape.de\/et\/wp-json\/wp\/v2\/product"}],"about":[{"href":"https:\/\/www.elementvape.de\/et\/wp-json\/wp\/v2\/types\/product"}],"wp:featuredmedia":[{"embeddable":true,"href":"https:\/\/www.elementvape.de\/et\/wp-json\/wp\/v2\/media\/11239"}],"wp:attachment":[{"href":"https:\/\/www.elementvape.de\/et\/wp-json\/wp\/v2\/media?parent=11238"}],"wp:term":[{"taxonomy":"product_cat","embeddable":true,"href":"https:\/\/www.elementvape.de\/et\/wp-json\/wp\/v2\/product_cat?post=11238"},{"taxonomy":"product_tag","embeddable":true,"href":"https:\/\/www.elementvape.de\/et\/wp-json\/wp\/v2\/product_tag?post=11238"}],"curies":[{"name":"wp","href":"https:\/\/api.w.org\/{rel}","templated":true}]}}