{"id":10807,"date":"2024-05-27T06:54:48","date_gmt":"2024-05-27T06:54:48","guid":{"rendered":"https:\/\/www.elementvape.de\/?post_type=product&#038;p=10807"},"modified":"2024-09-12T10:31:37","modified_gmt":"2024-09-12T10:31:37","slug":"elf-bar-airo-max-einweg-vape-5000-zuege","status":"publish","type":"product","link":"https:\/\/www.elementvape.de\/et\/produkt\/elf-bar-airo-max-einweg-vape-5000-zuege\/","title":{"rendered":"Elf Bar Airo Max \u00fchekordne vape 5000 t\u00f5mmet"},"content":{"rendered":"<div class=\"card__header\">\n<h2 class=\"card__title heading h3\"><span>Kirjeldus<\/span><\/h2>\n<\/div>\n<div class=\"card__section\">\n<div class=\"rte text--pull\"><span>Der Elf Bar Airo Max \u00fchekordne vape pakub 5 % (50 mg) nikotiinisoola nikotiini ning rahuldab 5000 t\u00f5mmet. Lisaks on tal v\u00f5rgusilma k\u00fcttekeha ja t\u00f5mbamisega aktiveeritav s\u00fc\u00fcde, mis on \u00fchendatud USB-C laadimisliidesega. Nautige pehmet, mugavat ja vastupidavat \u00fchekordset aurustit.<\/span><\/p>\n<p><span>Parameetrid:<\/span><br \/>\n<span>T\u00f5mbed: 5000<\/span><br \/>\n<span>Nikotiin: 5 % (50 mg)<\/span><br \/>\n<span>Nikotiinit\u00fc\u00fcp: Nikotiinisool<\/span><br \/>\n<span>Laadimine: USB-C<\/span><br \/>\n<span>K\u00fcttekeha takistus: V\u00f5rgusilma k\u00fcttekeha<\/span><\/p>\n<p><span>Aroomid:<\/span><br \/>\n\u2022 Banaan Ananass<br \/>\n\u2022 Marja plahvatus<br \/>\n\u2022 Sinine Sidrun<br \/>\n\u2022 Sinine Razz J\u00e4\u00e4<br \/>\n\u2022 Kirsisidrun Limonaad<br \/>\n\u2022 Jahe piparm\u00fcnt<br \/>\n\u2022 j\u00f5hvikamarja viinamarja<br \/>\n\u2022 Florida Purjus<br \/>\n\u2022 Viinamarja J\u00e4\u00e4<br \/>\n\u2022 Guajaava J\u00e4\u00e4<br \/>\n\u2022 Kiwil\u00f5hnaline Guajaava<br \/>\n\u2022 Sidruni-Laim J\u00e4\u00e4<br \/>\n\u2022 Mango Ananass<br \/>\n\u2022 Virsiku J\u00e4\u00e4<br \/>\n\u2022 Virsiku Mango Arbuus<br \/>\n\u2022 Ananassi Limonaad<br \/>\n\u2022 Roosa Sidrun<br \/>\n\u2022 Vaarika Virsiku Sidruni Limonaad<br \/>\n\u2022 Sakura Viinamarja<br \/>\n\u2022 Skit J\u00e4\u00e4<br \/>\n\u2022 Maasika Kiwij\u00e4\u00e4<br \/>\n\u2022 V\u00e4rskekurk J\u00e4\u00e4tis<br \/>\n\u2022 V\u00e4rskekurk-Kiivi J\u00e4\u00e4tis<br \/>\n\u2022 Maitsev Karu J\u00e4\u00e4tis<\/p>\n<p><span>Pakkimise nimekiri:<\/span><br \/>\n<span>1 x Elf Bar Airo Max \u00dchekordne Vape, 5000 t\u00f5mmet<\/span><\/div>\n<\/div>","protected":false},"excerpt":{"rendered":"<p>Beschreibung Der Elf Bar Airo Max Disposable Vape bietet mit seinem 5 % (50 mg) Nikotinsalz-Nikotin die Befriedigung von 5000 Z\u00fcgen. Dar\u00fcber hinaus verf\u00fcgt er \u00fcber eine Mesh-Spule und einen durch Ziehen aktivierten Z\u00fcndmechanismus, der \u00fcber einen USB-C-Ladeanschluss mit Strom versorgt wird. Genie\u00dfen Sie sanfte, praktische und langlebige Einweg-Vaporizer. Parameter: Z\u00fcge: 5000 Nikotin: 5 % [&hellip;]<\/p>","protected":false},"featured_media":10808,"template":"","meta":{"inline_featured_image":false},"product_cat":[78,750,737,736,749],"product_tag":[678],"tiered_pricing_type":"fixed","tiered_pricing_fixed_rules":[],"tiered_pricing_percentage_rules":[],"tiered_pricing_minimum":1,"_administrator_tiered_pricing_type":"fixed","_administrator_tiered_pricing_fixed_rules":[],"_editor_tiered_pricing_type":"fixed","_editor_tiered_pricing_fixed_rules":[],"_author_tiered_pricing_type":"fixed","_author_tiered_pricing_fixed_rules":[],"_contributor_tiered_pricing_type":"fixed","_contributor_tiered_pricing_fixed_rules":[],"_subscriber_tiered_pricing_type":"fixed","_subscriber_tiered_pricing_fixed_rules":[],"_customer_tiered_pricing_type":"fixed","_customer_tiered_pricing_fixed_rules":[],"_shop_manager_tiered_pricing_type":"fixed","_shop_manager_tiered_pricing_fixed_rules":[],"_wpseo_manager_tiered_pricing_type":"fixed","_wpseo_manager_tiered_pricing_fixed_rules":[],"_wpseo_editor_tiered_pricing_type":"fixed","_wpseo_editor_tiered_pricing_fixed_rules":[],"_wholesale_customer_tiered_pricing_type":"fixed","_wholesale_customer_tiered_pricing_fixed_rules":[],"_marketer_tiered_pricing_type":"fixed","_marketer_tiered_pricing_fixed_rules":[],"_sales_manager_tiered_pricing_type":"fixed","_sales_manager_tiered_pricing_fixed_rules":[],"_sales_rep_tiered_pricing_type":"fixed","_sales_rep_tiered_pricing_fixed_rules":[],"yoast_head":"<!-- This site is optimized with the Yoast SEO plugin v23.3 - https:\/\/yoast.com\/wordpress\/plugins\/seo\/ -->\n<title>Elf Bar Airo Max Einweg-Vape 5000 Z\u00fcge | ElementVape.de<\/title>\n<meta name=\"description\" content=\"Wir bieten Elf Bar Airo Max Einweg-Vape 5000 Z\u00fcge , Elementvape.de akzeptieren Gro\u00df-und Einzelhandel Bestellungen.\" \/>\n<meta name=\"robots\" content=\"index, follow, max-snippet:-1, max-image-preview:large, max-video-preview:-1\" \/>\n<link rel=\"canonical\" href=\"https:\/\/www.elementvape.de\/et\/produkt\/elf-bar-airo-max-einweg-vape-5000-zuege\/\" \/>\n<meta property=\"og:locale\" content=\"et_EE\" \/>\n<meta property=\"og:type\" content=\"article\" \/>\n<meta property=\"og:title\" content=\"Elf Bar Airo Max Einweg-Vape 5000 Z\u00fcge | ElementVape.de\" \/>\n<meta property=\"og:description\" content=\"Wir bieten Elf Bar Airo Max Einweg-Vape 5000 Z\u00fcge , Elementvape.de akzeptieren Gro\u00df-und Einzelhandel Bestellungen.\" \/>\n<meta property=\"og:url\" content=\"https:\/\/www.elementvape.de\/et\/produkt\/elf-bar-airo-max-einweg-vape-5000-zuege\/\" \/>\n<meta property=\"og:site_name\" content=\"ElementVape.de\" \/>\n<meta property=\"article:modified_time\" content=\"2024-09-12T10:31:37+00:00\" \/>\n<meta property=\"og:image\" content=\"https:\/\/www.elementvape.de\/wp-content\/uploads\/2024\/05\/Elf-Bar-Airo-Max-Disposable-Vape-5000-puffs-9.jpg\" \/>\n\t<meta property=\"og:image:width\" content=\"800\" \/>\n\t<meta property=\"og:image:height\" content=\"800\" \/>\n\t<meta property=\"og:image:type\" content=\"image\/jpeg\" \/>\n<meta name=\"twitter:card\" content=\"summary_large_image\" \/>\n<meta name=\"twitter:label1\" content=\"Est. reading time\" \/>\n\t<meta name=\"twitter:data1\" content=\"2 minutit\" \/>\n<script type=\"application\/ld+json\" class=\"yoast-schema-graph\">{\"@context\":\"https:\/\/schema.org\",\"@graph\":[{\"@type\":\"WebPage\",\"@id\":\"https:\/\/www.elementvape.de\/produkt\/elf-bar-airo-max-einweg-vape-5000-zuege\/\",\"url\":\"https:\/\/www.elementvape.de\/produkt\/elf-bar-airo-max-einweg-vape-5000-zuege\/\",\"name\":\"Elf Bar Airo Max Einweg-Vape 5000 Z\u00fcge | ElementVape.de\",\"isPartOf\":{\"@id\":\"https:\/\/www.elementvape.de\/#website\"},\"primaryImageOfPage\":{\"@id\":\"https:\/\/www.elementvape.de\/produkt\/elf-bar-airo-max-einweg-vape-5000-zuege\/#primaryimage\"},\"image\":{\"@id\":\"https:\/\/www.elementvape.de\/produkt\/elf-bar-airo-max-einweg-vape-5000-zuege\/#primaryimage\"},\"thumbnailUrl\":\"https:\/\/www.elementvape.de\/wp-content\/uploads\/2024\/05\/Elf-Bar-Airo-Max-Disposable-Vape-5000-puffs-9.jpg\",\"datePublished\":\"2024-05-27T06:54:48+00:00\",\"dateModified\":\"2024-09-12T10:31:37+00:00\",\"description\":\"Wir bieten Elf Bar Airo Max Einweg-Vape 5000 Z\u00fcge , Elementvape.de akzeptieren Gro\u00df-und Einzelhandel Bestellungen.\",\"breadcrumb\":{\"@id\":\"https:\/\/www.elementvape.de\/produkt\/elf-bar-airo-max-einweg-vape-5000-zuege\/#breadcrumb\"},\"inLanguage\":\"et\",\"potentialAction\":[{\"@type\":\"ReadAction\",\"target\":[\"https:\/\/www.elementvape.de\/produkt\/elf-bar-airo-max-einweg-vape-5000-zuege\/\"]}]},{\"@type\":\"ImageObject\",\"inLanguage\":\"et\",\"@id\":\"https:\/\/www.elementvape.de\/produkt\/elf-bar-airo-max-einweg-vape-5000-zuege\/#primaryimage\",\"url\":\"https:\/\/www.elementvape.de\/wp-content\/uploads\/2024\/05\/Elf-Bar-Airo-Max-Disposable-Vape-5000-puffs-9.jpg\",\"contentUrl\":\"https:\/\/www.elementvape.de\/wp-content\/uploads\/2024\/05\/Elf-Bar-Airo-Max-Disposable-Vape-5000-puffs-9.jpg\",\"width\":800,\"height\":800,\"caption\":\"Elf-Bar-Airo-Max-Disposable-Vape-5000-puffs-9\"},{\"@type\":\"BreadcrumbList\",\"@id\":\"https:\/\/www.elementvape.de\/produkt\/elf-bar-airo-max-einweg-vape-5000-zuege\/#breadcrumb\",\"itemListElement\":[{\"@type\":\"ListItem\",\"position\":1,\"name\":\"Home\",\"item\":\"https:\/\/www.elementvape.de\/\"},{\"@type\":\"ListItem\",\"position\":2,\"name\":\"Shop\",\"item\":\"https:\/\/www.elementvape.de\/shop\/\"},{\"@type\":\"ListItem\",\"position\":3,\"name\":\"Elf Bar Airo Max Einweg-Vape 5000 Z\u00fcge\"}]},{\"@type\":\"WebSite\",\"@id\":\"https:\/\/www.elementvape.de\/#website\",\"url\":\"https:\/\/www.elementvape.de\/\",\"name\":\"ElementVape.de\",\"description\":\"\",\"publisher\":{\"@id\":\"https:\/\/www.elementvape.de\/#organization\"},\"potentialAction\":[{\"@type\":\"SearchAction\",\"target\":{\"@type\":\"EntryPoint\",\"urlTemplate\":\"https:\/\/www.elementvape.de\/?s={search_term_string}\"},\"query-input\":\"required name=search_term_string\"}],\"inLanguage\":\"et\"},{\"@type\":\"Organization\",\"@id\":\"https:\/\/www.elementvape.de\/#organization\",\"name\":\"ElementVape.DE\",\"url\":\"https:\/\/www.elementvape.de\/\",\"logo\":{\"@type\":\"ImageObject\",\"inLanguage\":\"et\",\"@id\":\"https:\/\/www.elementvape.de\/#\/schema\/logo\/image\/\",\"url\":\"https:\/\/www.elementvape.de\/wp-content\/uploads\/2024\/09\/cropped-1elementvape-3.png\",\"contentUrl\":\"https:\/\/www.elementvape.de\/wp-content\/uploads\/2024\/09\/cropped-1elementvape-3.png\",\"width\":285,\"height\":228,\"caption\":\"ElementVape.DE\"},\"image\":{\"@id\":\"https:\/\/www.elementvape.de\/#\/schema\/logo\/image\/\"}}]}<\/script>\n<!-- \/ Yoast SEO plugin. -->","yoast_head_json":{"title":"Elf Bar Airo Max Einweg-Vape 5000 Z\u00fcge | ElementVape.de","description":"Wir bieten Elf Bar Airo Max Einweg-Vape 5000 Z\u00fcge , Elementvape.de akzeptieren Gro\u00df-und Einzelhandel Bestellungen.","robots":{"index":"index","follow":"follow","max-snippet":"max-snippet:-1","max-image-preview":"max-image-preview:large","max-video-preview":"max-video-preview:-1"},"canonical":"https:\/\/www.elementvape.de\/et\/produkt\/elf-bar-airo-max-einweg-vape-5000-zuege\/","og_locale":"et_EE","og_type":"article","og_title":"Elf Bar Airo Max Einweg-Vape 5000 Z\u00fcge | ElementVape.de","og_description":"Wir bieten Elf Bar Airo Max Einweg-Vape 5000 Z\u00fcge , Elementvape.de akzeptieren Gro\u00df-und Einzelhandel Bestellungen.","og_url":"https:\/\/www.elementvape.de\/et\/produkt\/elf-bar-airo-max-einweg-vape-5000-zuege\/","og_site_name":"ElementVape.de","article_modified_time":"2024-09-12T10:31:37+00:00","og_image":[{"width":800,"height":800,"url":"https:\/\/www.elementvape.de\/wp-content\/uploads\/2024\/05\/Elf-Bar-Airo-Max-Disposable-Vape-5000-puffs-9.jpg","type":"image\/jpeg"}],"twitter_card":"summary_large_image","twitter_misc":{"Est. reading time":"2 minutit"},"schema":{"@context":"https:\/\/schema.org","@graph":[{"@type":"WebPage","@id":"https:\/\/www.elementvape.de\/produkt\/elf-bar-airo-max-einweg-vape-5000-zuege\/","url":"https:\/\/www.elementvape.de\/produkt\/elf-bar-airo-max-einweg-vape-5000-zuege\/","name":"Elf Bar Airo Max Einweg-Vape 5000 Z\u00fcge | ElementVape.de","isPartOf":{"@id":"https:\/\/www.elementvape.de\/#website"},"primaryImageOfPage":{"@id":"https:\/\/www.elementvape.de\/produkt\/elf-bar-airo-max-einweg-vape-5000-zuege\/#primaryimage"},"image":{"@id":"https:\/\/www.elementvape.de\/produkt\/elf-bar-airo-max-einweg-vape-5000-zuege\/#primaryimage"},"thumbnailUrl":"https:\/\/www.elementvape.de\/wp-content\/uploads\/2024\/05\/Elf-Bar-Airo-Max-Disposable-Vape-5000-puffs-9.jpg","datePublished":"2024-05-27T06:54:48+00:00","dateModified":"2024-09-12T10:31:37+00:00","description":"Wir bieten Elf Bar Airo Max Einweg-Vape 5000 Z\u00fcge , Elementvape.de akzeptieren Gro\u00df-und Einzelhandel Bestellungen.","breadcrumb":{"@id":"https:\/\/www.elementvape.de\/produkt\/elf-bar-airo-max-einweg-vape-5000-zuege\/#breadcrumb"},"inLanguage":"et","potentialAction":[{"@type":"ReadAction","target":["https:\/\/www.elementvape.de\/produkt\/elf-bar-airo-max-einweg-vape-5000-zuege\/"]}]},{"@type":"ImageObject","inLanguage":"et","@id":"https:\/\/www.elementvape.de\/produkt\/elf-bar-airo-max-einweg-vape-5000-zuege\/#primaryimage","url":"https:\/\/www.elementvape.de\/wp-content\/uploads\/2024\/05\/Elf-Bar-Airo-Max-Disposable-Vape-5000-puffs-9.jpg","contentUrl":"https:\/\/www.elementvape.de\/wp-content\/uploads\/2024\/05\/Elf-Bar-Airo-Max-Disposable-Vape-5000-puffs-9.jpg","width":800,"height":800,"caption":"Elf-Bar-Airo-Max-Disposable-Vape-5000-puffs-9"},{"@type":"BreadcrumbList","@id":"https:\/\/www.elementvape.de\/produkt\/elf-bar-airo-max-einweg-vape-5000-zuege\/#breadcrumb","itemListElement":[{"@type":"ListItem","position":1,"name":"Home","item":"https:\/\/www.elementvape.de\/"},{"@type":"ListItem","position":2,"name":"Shop","item":"https:\/\/www.elementvape.de\/shop\/"},{"@type":"ListItem","position":3,"name":"Elf Bar Airo Max Einweg-Vape 5000 Z\u00fcge"}]},{"@type":"WebSite","@id":"https:\/\/www.elementvape.de\/#website","url":"https:\/\/www.elementvape.de\/","name":"ElementVape.de","description":"","publisher":{"@id":"https:\/\/www.elementvape.de\/#organization"},"potentialAction":[{"@type":"SearchAction","target":{"@type":"EntryPoint","urlTemplate":"https:\/\/www.elementvape.de\/?s={search_term_string}"},"query-input":"required name=search_term_string"}],"inLanguage":"et"},{"@type":"Organization","@id":"https:\/\/www.elementvape.de\/#organization","name":"ElementVape.DE","url":"https:\/\/www.elementvape.de\/","logo":{"@type":"ImageObject","inLanguage":"et","@id":"https:\/\/www.elementvape.de\/#\/schema\/logo\/image\/","url":"https:\/\/www.elementvape.de\/wp-content\/uploads\/2024\/09\/cropped-1elementvape-3.png","contentUrl":"https:\/\/www.elementvape.de\/wp-content\/uploads\/2024\/09\/cropped-1elementvape-3.png","width":285,"height":228,"caption":"ElementVape.DE"},"image":{"@id":"https:\/\/www.elementvape.de\/#\/schema\/logo\/image\/"}}]}},"_links":{"self":[{"href":"https:\/\/www.elementvape.de\/et\/wp-json\/wp\/v2\/product\/10807"}],"collection":[{"href":"https:\/\/www.elementvape.de\/et\/wp-json\/wp\/v2\/product"}],"about":[{"href":"https:\/\/www.elementvape.de\/et\/wp-json\/wp\/v2\/types\/product"}],"wp:featuredmedia":[{"embeddable":true,"href":"https:\/\/www.elementvape.de\/et\/wp-json\/wp\/v2\/media\/10808"}],"wp:attachment":[{"href":"https:\/\/www.elementvape.de\/et\/wp-json\/wp\/v2\/media?parent=10807"}],"wp:term":[{"taxonomy":"product_cat","embeddable":true,"href":"https:\/\/www.elementvape.de\/et\/wp-json\/wp\/v2\/product_cat?post=10807"},{"taxonomy":"product_tag","embeddable":true,"href":"https:\/\/www.elementvape.de\/et\/wp-json\/wp\/v2\/product_tag?post=10807"}],"curies":[{"name":"wp","href":"https:\/\/api.w.org\/{rel}","templated":true}]}}