{"id":10701,"date":"2024-05-27T02:50:21","date_gmt":"2024-05-27T02:50:21","guid":{"rendered":"https:\/\/www.elementvape.de\/?post_type=product&#038;p=10701"},"modified":"2024-09-12T10:31:40","modified_gmt":"2024-09-12T10:31:40","slug":"elf-bar-t600-einweg-vape-550-mah-600-zuege","status":"publish","type":"product","link":"https:\/\/www.elementvape.de\/et\/produkt\/elf-bar-t600-einweg-vape-550-mah-600-zuege\/","title":{"rendered":"Elf Bar T600 \u00fchekordne vape 550 mAh 600 t\u00f5mmet"},"content":{"rendered":"<div class=\"card__header\">\n<h2 class=\"card__title heading h3\"><span>Kirjeldus<\/span><\/h2>\n<\/div>\n<div class=\"card__section\">\n<div class=\"rte text--pull\">\n<p><span>Hulgim\u00fc\u00fck See\u00a0<\/span><a title=\"Elf bar\" href=\"https:\/\/www.elementvape.de\/et\/product-brand\/elfbar\/\"><span>Elf Bar<\/span><\/a><span>\u00a0T600 \u00dchekordsed Vape-Puff-Bar Kollektsioon sisaldab 12 suurep\u00e4rast maitset. Valige arbuus-sidrun, maasikas-kiivi, virsik-mango-kiivi, mahlane virsik, maasikaj\u00e4\u00e4tis ja palju muud. Iga \u00fchekordne e-sigareti riba on t\u00e4idetud 2 ml kvaliteetse 20 mg nikotiinisoola e-vedelikuga, mida toidab 550-mAh aku, mis tekitab umbes 600 aktiveeritud t\u00f5mmet.<\/span><\/p>\n<p><span>Ostke Elf Bar T600 \u00fchekordsed vape tooted parimate hulgihindadega.<\/span><\/p>\n<h2>Maitsed<\/h2>\n<ul>\n<li><strong><span>Banaani Piim<\/span><\/strong>\u00a0<span>\u00a0\u2013 Banaanipiim on sujuv ja kreemjas piimakokteil magusate banaanidega!<\/span><\/li>\n<li><strong><span>Blue Razz Limonaad<\/span><\/strong>\u00a0<span>\u00a0\u2013 V\u00e4rskendav limonaad koos suurep\u00e4rase sinihallitusjuustu kombinatsiooniga annab sellele ahvatleva maitse.<\/span><\/li>\n<li><strong><span>Mahlakas Virsik<\/span><\/strong>\u00a0<span>\u00a0\u2013 Mahlakas virsik on maitsev segu parimatest virsikutest.<\/span><\/li>\n<li><strong><span>Kiivi-Passioonivilja-Kiivi<\/span><\/strong>\u00a0<span>\u00a0\u2013 V\u00e4rsked kiivid, magusad passioniviljad ja kiivid eksootilises segus!<\/span><\/li>\n<li><strong><span>Mangov<\/span><\/strong>\u00a0<span>\u00a0\u2013 Mango on ideaalne mango-s\u00f5pradele, kuna see omab mangode loomulikku magusust.<\/span><\/li>\n<li><strong><span>Mango-Virsik-Arbuus<\/span><\/strong>\u00a0<span>\u00a0\u2013 Mango-virsiku-arbuus on maitsev segu magusatest mangodest, mahlakatest virsikutest ja mahlakatest arbuusidest.<\/span><\/li>\n<li><strong><span>Virsiiku-Mango-Guaja<\/span><\/strong>\u00a0<span>\u00a0\u2013 Virsiiku-Mango-Guaja on troopiline segu magusatest virsikutest, mahlakatest mangodest ja eksootilistest guajavatest, mis pakub fantastilist suitsu kogemust!<\/span><\/li>\n<li><strong><span>Ananassi-virsiku-mango<\/span><\/strong>\u00a0<span>\u00a0\u2013 Mahlakad mangod segunevad magusate virsikute ja maitsva ananassiga, et saavutada imeline maitse.<\/span><\/li>\n<li><strong><span>Maasika-toorjuustukook<\/span><\/strong>\u00a0<span>\u00a0\u2013 Klassikalise magustoidu jaoks katab kreemjas juustukook magusa maasikate t\u00e4idisega.<\/span><\/li>\n<li><strong><span>Maasikaj\u00e4\u00e4tis<\/span><\/strong>\u00a0<span>\u00a0\u2013 Mahlakad maasikad segunevad kreemja, v\u00e4rskendava j\u00e4\u00e4tisega, millel on maitsev maitse.<\/span><\/li>\n<li><strong><span>Maasika-Kiwi<\/span><\/strong>\u00a0<span>\u00a0\u2013 Magusad maasikad ja eksootilised kiivid moodustavad maitsva kombinatsiooni!<\/span><\/li>\n<li><strong><span>Arbuusi-Sidrun<\/span><\/strong>\u00a0<span>\u00a0\u2013 Maitseplahvatus tekib, kui magus arbuusisegu seguneb hapu sidrunitega!<\/span><\/li>\n<\/ul>\n<h2>Omadused<\/h2>\n<ul>\n<li><span>Unikaalne disain \u2013 filtritoru sigareti stiilis<\/span><\/li>\n<li><span>Sissehingamine aktiveerub<\/span><\/li>\n<li><span>MTL suitsutamine<\/span><\/li>\n<li><span>\u00d5huke, kompaktne ja mahub h\u00f5lpsasti taskusse<\/span><\/li>\n<\/ul>\n<h2><span>Spetsifikatsioonid<\/span><\/h2>\n<ul>\n<li><span>Aku: 550 mAh sisseehitatud aku<\/span><\/li>\n<li><span>Pudeli maht: 2 ml t\u00e4idetud mahl<\/span><\/li>\n<li><span>S\u00fc\u00fcted: \u2265600 s\u00fc\u00fcdet<\/span><\/li>\n<li><span>Nikotiinisisaldus: 2% Nic Salt<\/span><\/li>\n<\/ul>\n<h2><span>Pakendi sisu<\/span><\/h2>\n<ul>\n<li><span>1 x Elf Bar T600 \u00fchekordne vape<\/span><\/li>\n<\/ul>\n<\/div>\n<\/div>","protected":false},"excerpt":{"rendered":"<p>Beschreibung Gro\u00dfhandel Die\u00a0Elf Bar\u00a0T600 Einweg-Vape-Puff-Bar-Kollektion enth\u00e4lt 12 fantastische Geschmacksrichtungen. W\u00e4hlen Sie zwischen Wassermelone-Zitrone, Erdbeer-Kiwi, Pfirsich-Mango-Guave, saftigem Pfirsich, Erdbeereis und vielem mehr. Jeder Einweg-E-Zigarettenriegel ist mit 2 ml erstklassiger 20 mg Nikotinsalz-E-Fl\u00fcssigkeit vorgef\u00fcllt, die von einer 550-mAh-Batterie angetrieben wird, die ungef\u00e4hr 600 zugaktivierte Z\u00fcge erzeugt. Kaufen Sie Elf Bar T600 Einweg-Vapes zu den besten Gro\u00dfhandelspreisen. Geschmacksrichtungen [&hellip;]<\/p>","protected":false},"featured_media":10702,"template":"","meta":{"inline_featured_image":false},"product_cat":[78,750,737,736,749],"product_tag":[679],"tiered_pricing_type":"fixed","tiered_pricing_fixed_rules":[],"tiered_pricing_percentage_rules":[],"tiered_pricing_minimum":1,"_administrator_tiered_pricing_type":"fixed","_administrator_tiered_pricing_fixed_rules":[],"_editor_tiered_pricing_type":"fixed","_editor_tiered_pricing_fixed_rules":[],"_author_tiered_pricing_type":"fixed","_author_tiered_pricing_fixed_rules":[],"_contributor_tiered_pricing_type":"fixed","_contributor_tiered_pricing_fixed_rules":[],"_subscriber_tiered_pricing_type":"fixed","_subscriber_tiered_pricing_fixed_rules":[],"_customer_tiered_pricing_type":"fixed","_customer_tiered_pricing_fixed_rules":[],"_shop_manager_tiered_pricing_type":"fixed","_shop_manager_tiered_pricing_fixed_rules":[],"_wpseo_manager_tiered_pricing_type":"fixed","_wpseo_manager_tiered_pricing_fixed_rules":[],"_wpseo_editor_tiered_pricing_type":"fixed","_wpseo_editor_tiered_pricing_fixed_rules":[],"_wholesale_customer_tiered_pricing_type":"fixed","_wholesale_customer_tiered_pricing_fixed_rules":[],"_marketer_tiered_pricing_type":"fixed","_marketer_tiered_pricing_fixed_rules":[],"_sales_manager_tiered_pricing_type":"fixed","_sales_manager_tiered_pricing_fixed_rules":[],"_sales_rep_tiered_pricing_type":"fixed","_sales_rep_tiered_pricing_fixed_rules":[],"yoast_head":"<!-- This site is optimized with the Yoast SEO plugin v23.3 - https:\/\/yoast.com\/wordpress\/plugins\/seo\/ -->\n<title>Elf Bar T600 Einweg-Vape 550 mAh 600 Z\u00fcge | ElementVape.de<\/title>\n<meta name=\"description\" content=\"Wir bieten Elf Bar T600 Einweg-Vape 550 mAh 600 Z\u00fcge , Elementvape.de akzeptieren Gro\u00df-und Einzelhandel Bestellungen.\" \/>\n<meta name=\"robots\" content=\"index, follow, max-snippet:-1, max-image-preview:large, max-video-preview:-1\" \/>\n<link rel=\"canonical\" href=\"https:\/\/www.elementvape.de\/et\/produkt\/elf-bar-t600-einweg-vape-550-mah-600-zuege\/\" \/>\n<meta property=\"og:locale\" content=\"et_EE\" \/>\n<meta property=\"og:type\" content=\"article\" \/>\n<meta property=\"og:title\" content=\"Elf Bar T600 Einweg-Vape 550 mAh 600 Z\u00fcge | ElementVape.de\" \/>\n<meta property=\"og:description\" content=\"Wir bieten Elf Bar T600 Einweg-Vape 550 mAh 600 Z\u00fcge , Elementvape.de akzeptieren Gro\u00df-und Einzelhandel Bestellungen.\" \/>\n<meta property=\"og:url\" content=\"https:\/\/www.elementvape.de\/et\/produkt\/elf-bar-t600-einweg-vape-550-mah-600-zuege\/\" \/>\n<meta property=\"og:site_name\" content=\"ElementVape.de\" \/>\n<meta property=\"article:modified_time\" content=\"2024-09-12T10:31:40+00:00\" \/>\n<meta property=\"og:image\" content=\"https:\/\/www.elementvape.de\/wp-content\/uploads\/2024\/05\/Elf-Bar-T600-Disposable-Vape-600-Puffs-928695.webp\" \/>\n\t<meta property=\"og:image:width\" content=\"800\" \/>\n\t<meta property=\"og:image:height\" content=\"800\" \/>\n\t<meta property=\"og:image:type\" content=\"image\/webp\" \/>\n<meta name=\"twitter:card\" content=\"summary_large_image\" \/>\n<meta name=\"twitter:label1\" content=\"Est. reading time\" \/>\n\t<meta name=\"twitter:data1\" content=\"2 minutit\" \/>\n<script type=\"application\/ld+json\" class=\"yoast-schema-graph\">{\"@context\":\"https:\/\/schema.org\",\"@graph\":[{\"@type\":\"WebPage\",\"@id\":\"https:\/\/www.elementvape.de\/produkt\/elf-bar-t600-einweg-vape-550-mah-600-zuege\/\",\"url\":\"https:\/\/www.elementvape.de\/produkt\/elf-bar-t600-einweg-vape-550-mah-600-zuege\/\",\"name\":\"Elf Bar T600 Einweg-Vape 550 mAh 600 Z\u00fcge | ElementVape.de\",\"isPartOf\":{\"@id\":\"https:\/\/www.elementvape.de\/#website\"},\"primaryImageOfPage\":{\"@id\":\"https:\/\/www.elementvape.de\/produkt\/elf-bar-t600-einweg-vape-550-mah-600-zuege\/#primaryimage\"},\"image\":{\"@id\":\"https:\/\/www.elementvape.de\/produkt\/elf-bar-t600-einweg-vape-550-mah-600-zuege\/#primaryimage\"},\"thumbnailUrl\":\"https:\/\/www.elementvape.de\/wp-content\/uploads\/2024\/05\/Elf-Bar-T600-Disposable-Vape-600-Puffs-928695.webp\",\"datePublished\":\"2024-05-27T02:50:21+00:00\",\"dateModified\":\"2024-09-12T10:31:40+00:00\",\"description\":\"Wir bieten Elf Bar T600 Einweg-Vape 550 mAh 600 Z\u00fcge , Elementvape.de akzeptieren Gro\u00df-und Einzelhandel Bestellungen.\",\"breadcrumb\":{\"@id\":\"https:\/\/www.elementvape.de\/produkt\/elf-bar-t600-einweg-vape-550-mah-600-zuege\/#breadcrumb\"},\"inLanguage\":\"et\",\"potentialAction\":[{\"@type\":\"ReadAction\",\"target\":[\"https:\/\/www.elementvape.de\/produkt\/elf-bar-t600-einweg-vape-550-mah-600-zuege\/\"]}]},{\"@type\":\"ImageObject\",\"inLanguage\":\"et\",\"@id\":\"https:\/\/www.elementvape.de\/produkt\/elf-bar-t600-einweg-vape-550-mah-600-zuege\/#primaryimage\",\"url\":\"https:\/\/www.elementvape.de\/wp-content\/uploads\/2024\/05\/Elf-Bar-T600-Disposable-Vape-600-Puffs-928695.webp\",\"contentUrl\":\"https:\/\/www.elementvape.de\/wp-content\/uploads\/2024\/05\/Elf-Bar-T600-Disposable-Vape-600-Puffs-928695.webp\",\"width\":800,\"height\":800,\"caption\":\"Elf-Bar-T600-Disposable-Vape-600-Puffs-928695\"},{\"@type\":\"BreadcrumbList\",\"@id\":\"https:\/\/www.elementvape.de\/produkt\/elf-bar-t600-einweg-vape-550-mah-600-zuege\/#breadcrumb\",\"itemListElement\":[{\"@type\":\"ListItem\",\"position\":1,\"name\":\"Home\",\"item\":\"https:\/\/www.elementvape.de\/\"},{\"@type\":\"ListItem\",\"position\":2,\"name\":\"Shop\",\"item\":\"https:\/\/www.elementvape.de\/shop\/\"},{\"@type\":\"ListItem\",\"position\":3,\"name\":\"Elf Bar T600 Einweg-Vape 550 mAh 600 Z\u00fcge\"}]},{\"@type\":\"WebSite\",\"@id\":\"https:\/\/www.elementvape.de\/#website\",\"url\":\"https:\/\/www.elementvape.de\/\",\"name\":\"ElementVape.de\",\"description\":\"\",\"publisher\":{\"@id\":\"https:\/\/www.elementvape.de\/#organization\"},\"potentialAction\":[{\"@type\":\"SearchAction\",\"target\":{\"@type\":\"EntryPoint\",\"urlTemplate\":\"https:\/\/www.elementvape.de\/?s={search_term_string}\"},\"query-input\":\"required name=search_term_string\"}],\"inLanguage\":\"et\"},{\"@type\":\"Organization\",\"@id\":\"https:\/\/www.elementvape.de\/#organization\",\"name\":\"ElementVape.DE\",\"url\":\"https:\/\/www.elementvape.de\/\",\"logo\":{\"@type\":\"ImageObject\",\"inLanguage\":\"et\",\"@id\":\"https:\/\/www.elementvape.de\/#\/schema\/logo\/image\/\",\"url\":\"https:\/\/www.elementvape.de\/wp-content\/uploads\/2024\/09\/cropped-1elementvape-3.png\",\"contentUrl\":\"https:\/\/www.elementvape.de\/wp-content\/uploads\/2024\/09\/cropped-1elementvape-3.png\",\"width\":285,\"height\":228,\"caption\":\"ElementVape.DE\"},\"image\":{\"@id\":\"https:\/\/www.elementvape.de\/#\/schema\/logo\/image\/\"}}]}<\/script>\n<!-- \/ Yoast SEO plugin. -->","yoast_head_json":{"title":"Elf Bar T600 Einweg-Vape 550 mAh 600 Z\u00fcge | ElementVape.de","description":"Wir bieten Elf Bar T600 Einweg-Vape 550 mAh 600 Z\u00fcge , Elementvape.de akzeptieren Gro\u00df-und Einzelhandel Bestellungen.","robots":{"index":"index","follow":"follow","max-snippet":"max-snippet:-1","max-image-preview":"max-image-preview:large","max-video-preview":"max-video-preview:-1"},"canonical":"https:\/\/www.elementvape.de\/et\/produkt\/elf-bar-t600-einweg-vape-550-mah-600-zuege\/","og_locale":"et_EE","og_type":"article","og_title":"Elf Bar T600 Einweg-Vape 550 mAh 600 Z\u00fcge | ElementVape.de","og_description":"Wir bieten Elf Bar T600 Einweg-Vape 550 mAh 600 Z\u00fcge , Elementvape.de akzeptieren Gro\u00df-und Einzelhandel Bestellungen.","og_url":"https:\/\/www.elementvape.de\/et\/produkt\/elf-bar-t600-einweg-vape-550-mah-600-zuege\/","og_site_name":"ElementVape.de","article_modified_time":"2024-09-12T10:31:40+00:00","og_image":[{"width":800,"height":800,"url":"https:\/\/www.elementvape.de\/wp-content\/uploads\/2024\/05\/Elf-Bar-T600-Disposable-Vape-600-Puffs-928695.webp","type":"image\/webp"}],"twitter_card":"summary_large_image","twitter_misc":{"Est. reading time":"2 minutit"},"schema":{"@context":"https:\/\/schema.org","@graph":[{"@type":"WebPage","@id":"https:\/\/www.elementvape.de\/produkt\/elf-bar-t600-einweg-vape-550-mah-600-zuege\/","url":"https:\/\/www.elementvape.de\/produkt\/elf-bar-t600-einweg-vape-550-mah-600-zuege\/","name":"Elf Bar T600 Einweg-Vape 550 mAh 600 Z\u00fcge | ElementVape.de","isPartOf":{"@id":"https:\/\/www.elementvape.de\/#website"},"primaryImageOfPage":{"@id":"https:\/\/www.elementvape.de\/produkt\/elf-bar-t600-einweg-vape-550-mah-600-zuege\/#primaryimage"},"image":{"@id":"https:\/\/www.elementvape.de\/produkt\/elf-bar-t600-einweg-vape-550-mah-600-zuege\/#primaryimage"},"thumbnailUrl":"https:\/\/www.elementvape.de\/wp-content\/uploads\/2024\/05\/Elf-Bar-T600-Disposable-Vape-600-Puffs-928695.webp","datePublished":"2024-05-27T02:50:21+00:00","dateModified":"2024-09-12T10:31:40+00:00","description":"Wir bieten Elf Bar T600 Einweg-Vape 550 mAh 600 Z\u00fcge , Elementvape.de akzeptieren Gro\u00df-und Einzelhandel Bestellungen.","breadcrumb":{"@id":"https:\/\/www.elementvape.de\/produkt\/elf-bar-t600-einweg-vape-550-mah-600-zuege\/#breadcrumb"},"inLanguage":"et","potentialAction":[{"@type":"ReadAction","target":["https:\/\/www.elementvape.de\/produkt\/elf-bar-t600-einweg-vape-550-mah-600-zuege\/"]}]},{"@type":"ImageObject","inLanguage":"et","@id":"https:\/\/www.elementvape.de\/produkt\/elf-bar-t600-einweg-vape-550-mah-600-zuege\/#primaryimage","url":"https:\/\/www.elementvape.de\/wp-content\/uploads\/2024\/05\/Elf-Bar-T600-Disposable-Vape-600-Puffs-928695.webp","contentUrl":"https:\/\/www.elementvape.de\/wp-content\/uploads\/2024\/05\/Elf-Bar-T600-Disposable-Vape-600-Puffs-928695.webp","width":800,"height":800,"caption":"Elf-Bar-T600-Disposable-Vape-600-Puffs-928695"},{"@type":"BreadcrumbList","@id":"https:\/\/www.elementvape.de\/produkt\/elf-bar-t600-einweg-vape-550-mah-600-zuege\/#breadcrumb","itemListElement":[{"@type":"ListItem","position":1,"name":"Home","item":"https:\/\/www.elementvape.de\/"},{"@type":"ListItem","position":2,"name":"Shop","item":"https:\/\/www.elementvape.de\/shop\/"},{"@type":"ListItem","position":3,"name":"Elf Bar T600 Einweg-Vape 550 mAh 600 Z\u00fcge"}]},{"@type":"WebSite","@id":"https:\/\/www.elementvape.de\/#website","url":"https:\/\/www.elementvape.de\/","name":"ElementVape.de","description":"","publisher":{"@id":"https:\/\/www.elementvape.de\/#organization"},"potentialAction":[{"@type":"SearchAction","target":{"@type":"EntryPoint","urlTemplate":"https:\/\/www.elementvape.de\/?s={search_term_string}"},"query-input":"required name=search_term_string"}],"inLanguage":"et"},{"@type":"Organization","@id":"https:\/\/www.elementvape.de\/#organization","name":"ElementVape.DE","url":"https:\/\/www.elementvape.de\/","logo":{"@type":"ImageObject","inLanguage":"et","@id":"https:\/\/www.elementvape.de\/#\/schema\/logo\/image\/","url":"https:\/\/www.elementvape.de\/wp-content\/uploads\/2024\/09\/cropped-1elementvape-3.png","contentUrl":"https:\/\/www.elementvape.de\/wp-content\/uploads\/2024\/09\/cropped-1elementvape-3.png","width":285,"height":228,"caption":"ElementVape.DE"},"image":{"@id":"https:\/\/www.elementvape.de\/#\/schema\/logo\/image\/"}}]}},"_links":{"self":[{"href":"https:\/\/www.elementvape.de\/et\/wp-json\/wp\/v2\/product\/10701"}],"collection":[{"href":"https:\/\/www.elementvape.de\/et\/wp-json\/wp\/v2\/product"}],"about":[{"href":"https:\/\/www.elementvape.de\/et\/wp-json\/wp\/v2\/types\/product"}],"wp:featuredmedia":[{"embeddable":true,"href":"https:\/\/www.elementvape.de\/et\/wp-json\/wp\/v2\/media\/10702"}],"wp:attachment":[{"href":"https:\/\/www.elementvape.de\/et\/wp-json\/wp\/v2\/media?parent=10701"}],"wp:term":[{"taxonomy":"product_cat","embeddable":true,"href":"https:\/\/www.elementvape.de\/et\/wp-json\/wp\/v2\/product_cat?post=10701"},{"taxonomy":"product_tag","embeddable":true,"href":"https:\/\/www.elementvape.de\/et\/wp-json\/wp\/v2\/product_tag?post=10701"}],"curies":[{"name":"wp","href":"https:\/\/api.w.org\/{rel}","templated":true}]}}