{"id":10493,"date":"2024-05-16T09:27:51","date_gmt":"2024-05-16T09:27:51","guid":{"rendered":"https:\/\/www.elementvape.de\/?post_type=product&#038;p=10493"},"modified":"2025-12-06T05:56:08","modified_gmt":"2025-12-06T05:56:08","slug":"randm-tornado-15000-vape","status":"publish","type":"product","link":"https:\/\/www.elementvape.de\/et\/produkt\/randm-tornado-15000-vape\/","title":{"rendered":"RANDM TORNADO 15000 t\u00f5mmet VAPE"},"content":{"rendered":"<h2>RandM Tornado 15000 \u2013 Uus maailm E-sigaretid<\/h2>\n<p>RandM Tornado 15000 tutvustus<br \/>\nRandM Tornado 15000 t\u00e4histab verstaposti kui uusim seade RandM-i mainekas Tornado-seerias. Muljetavaldava 15 000 t\u00f5mbega seab see seade uue standardi vastupidavusele ja j\u00f5udlusele.<\/p>\n<h2>RandM Tornado 15000 funktsioonid<\/h2>\n<p>RandM Tornado 15000 omab palju m\u00e4rkimisv\u00e4\u00e4rseid omadusi, mis teevad sellest parima Tornado E-sigareti.<\/p>\n<p>25 ml pudel, mahutab 15 000 t\u00f5mmet: Suure 25 ml pudeliga saate nautida kuni 15 000 t\u00f5mmet. Seega on RandM Tornado 15000 ideaalne pikaajalise naudingu ja pideva suitsetamise jaoks.<\/p>\n<p>Digitaalne j\u00f5udluse n\u00e4idik: Digitaalse j\u00f5udluse n\u00e4idiku abil saate alati j\u00e4lgida aku j\u00f5udlust ja laadida seda \u00f5igeaegselt, et nautida katkestusteta suitsetamiskogemust.<\/p>\n<p>Type-C laadimispesa: Kaasaegne Type-C laadimispesa v\u00f5imaldab seadet kiiresti ja mugavalt laadida, v\u00e4hendades ootamise aega ja suurendades aurustamise aega.<\/p>\n<p>850-mAh aku: RandM Tornado 15000 on varustatud v\u00f5imsa 850-mAh akuga, mis pakub piisavalt energiat pikaajaliseks suitsetamiseks ilma laadimise p\u00e4rast muretsemata.<\/p>\n<p>Mesh-k\u00fc\u00fcnal (0,90 Ohm): Sisseehitatud Mesh-k\u00fc\u00fcnal, mille takistus on 0,90 Ohm, tagab, et teie lemmikvedelikud aurustuvad \u00fchtlaselt ja t\u00f5husalt, mis toob kaasa rikkaliku maitse ja tihedad aurupilved.<\/p>\n<p>UUSIM VEDELIK JA PARIM MAITSE: T\u00e4nu oma t\u00e4iustatud aurustustehnoloogiale, mis toob esile vedeliku t\u00e4iusliku maitse ja aroomi, on RandM Tornado 15000 uusim vedelik k\u00f5ige maitsvama maitsega.<\/p>\n<h3>RandM Tornado 15000 eelised<\/h3>\n<p>Pikaajaline aurustamiskogemus: Suure mahutavusega paak ja v\u00f5imas aku pakuvad teile pikaajalist aurustamislusti, mida saate nautida kogu p\u00e4eva jooksul.<\/p>\n<p>V\u00d5RKEV TULEMUS: Edasij\u00f5udnud tehnoloogia abil pakub RandM Tornado 15000 silmapaistvat j\u00f5udlust, mis rahuldab isegi k\u00f5ige n\u00f5udlikumaid aurutajaid.<\/p>\n<p>KASUTAJAS\u00d5BRALIK DISAIN: Oma kasutajas\u00f5braliku disaini ja lihtsa kasutamisega sobib RandM Tornado 15000 nii algajatele kui ka kogenud aurutajatele.<\/p>\n<h3>Rakendus ja kasutamine RandM Tornado 15000<\/h3>\n<p>Mitmek\u00fclgsus: RandM Tornado 15000 sobib ideaalselt koduseks kasutamiseks, teel olles v\u00f5i sotsiaalsetes \u00fcritustes.<\/p>\n<p>Lihtne kasutada: Oma kasutajas\u00f5braliku disainiga on RandM Tornado 15000 lihtne kasutada, v\u00f5imaldades teil keskenduda ainult aurutamisele.<\/p>\n<p>Miks valida RandM Tornado 15000?<br \/>\nKVALITEETNE BR\u00c4ND RANDM: Tuntud br\u00e4ndi RandM osana t\u00e4histab RandM Tornado 15000 kvaliteeti ja innovatsiooni ning pakub teile esmaklassilist aurutamiskogemust, millele v\u00f5ite kindel olla.<\/p>\n<p>INNOVATIIVNE TEHNOLOOGIA: Edasij\u00f5udnud tehnoloogia abil seab RandM Tornado 15000 uue standardi aurutamisel ning pakub teile ainulaadset, v\u00f5rreldamatut aurutamism\u00f5nu.<\/p>\n<p>KLIENDI RAHULOLU GARANTII: RandM Tornado 15000-ga v\u00f5ite loota esmaklassilisele j\u00f5udlusele ja suurep\u00e4rasele kliendirahulolule.<\/p>\n<h3>Pakume j\u00e4rgmisi maitseid RandM Tornado 15000-ga<\/h3>\n<p>\u00d5un-Kiivi-Pear<br \/>\nBanaani J\u00e4\u00e4<br \/>\nMarja Limonaad<br \/>\nSinine Razz Kirss<br \/>\nMustikakumm<br \/>\nMustika Kirss j\u00f5hvikaga<br \/>\nMustikas-granaat\u00f5un<br \/>\nSinine s\u00f5star Vaarikas<br \/>\nKirss Kola<br \/>\nGummy Bear<br \/>\nJ\u00e4\u00e4pop<br \/>\nKiwipassioonivili Guava<br \/>\nSidrun &amp; Laim<br \/>\nLuch J\u00e4\u00e4<br \/>\nMango J\u00e4\u00e4ga<br \/>\nHr Blue<br \/>\nVirapuuvilja Blueberry Komm<br \/>\nPunane Energia J\u00e4\u00e4<br \/>\nMaasika-Banaani<br \/>\nMaasikas Viinamarja<br \/>\nMaasika-Kiwi<br \/>\nMaasikas Red Bull<br \/>\nMaasikas Arbuus Limonaad<\/p>","protected":false},"excerpt":{"rendered":"<p>RandM Tornado 15000 \u2013 Eine neue Welt E-Zigaretten RandM Tornado 15000 Einf\u00fchrung Der RandM Tornado 15000 markiert einen Meilenstein als neuestes Ger\u00e4t in der renommierten RandM Tornado-Reihe von RandM. Mit beeindruckenden 15.000 Z\u00fcgen setzt dieses Ger\u00e4t einen neuen Standard f\u00fcr Haltbarkeit und Leistung. RandM Tornado 15000 Funktionen Die RandM Tornado 15000 verf\u00fcgt \u00fcber viele bemerkenswerte [&hellip;]<\/p>","protected":false},"featured_media":10490,"template":"","meta":{"inline_featured_image":false},"product_cat":[15,78,735,746,741,733,747,740,734,753,754,745,742,748,750,737,736,749,752,756,739,743,744,755,738,751],"product_tag":[710,709,674],"tiered_pricing_type":"fixed","tiered_pricing_fixed_rules":{"50":"8.09","110":"7.64","210":"7.19","510":"6.74","1100":"6.29"},"tiered_pricing_percentage_rules":[],"tiered_pricing_minimum":1,"_administrator_tiered_pricing_type":"fixed","_administrator_tiered_pricing_fixed_rules":[],"_editor_tiered_pricing_type":"fixed","_editor_tiered_pricing_fixed_rules":[],"_author_tiered_pricing_type":"fixed","_author_tiered_pricing_fixed_rules":[],"_contributor_tiered_pricing_type":"fixed","_contributor_tiered_pricing_fixed_rules":[],"_subscriber_tiered_pricing_type":"fixed","_subscriber_tiered_pricing_fixed_rules":[],"_customer_tiered_pricing_type":"fixed","_customer_tiered_pricing_fixed_rules":[],"_shop_manager_tiered_pricing_type":"fixed","_shop_manager_tiered_pricing_fixed_rules":[],"_wpseo_manager_tiered_pricing_type":"fixed","_wpseo_manager_tiered_pricing_fixed_rules":[],"_wpseo_editor_tiered_pricing_type":"fixed","_wpseo_editor_tiered_pricing_fixed_rules":[],"_wholesale_customer_tiered_pricing_type":"fixed","_wholesale_customer_tiered_pricing_fixed_rules":[],"_marketer_tiered_pricing_type":"fixed","_marketer_tiered_pricing_fixed_rules":[],"_sales_manager_tiered_pricing_type":"fixed","_sales_manager_tiered_pricing_fixed_rules":[],"_sales_rep_tiered_pricing_type":"fixed","_sales_rep_tiered_pricing_fixed_rules":[],"yoast_head":"<!-- This site is optimized with the Yoast SEO plugin v23.3 - https:\/\/yoast.com\/wordpress\/plugins\/seo\/ -->\n<title>RANDM TORNADO 15000 Puffs VAPE | ElementVape.de<\/title>\n<meta name=\"description\" content=\"Wir bieten RANDM TORNADO 15000 Puffs VAPE , Elementvape.de akzeptieren Gro\u00df-und Einzelhandel Bestellungen.\" \/>\n<meta name=\"robots\" content=\"index, follow, max-snippet:-1, max-image-preview:large, max-video-preview:-1\" \/>\n<link rel=\"canonical\" href=\"https:\/\/www.elementvape.de\/et\/produkt\/randm-tornado-15000-vape\/\" \/>\n<meta property=\"og:locale\" content=\"et_EE\" \/>\n<meta property=\"og:type\" content=\"article\" \/>\n<meta property=\"og:title\" content=\"RANDM TORNADO 15000 Puffs VAPE | ElementVape.de\" \/>\n<meta property=\"og:description\" content=\"Wir bieten RANDM TORNADO 15000 Puffs VAPE , Elementvape.de akzeptieren Gro\u00df-und Einzelhandel Bestellungen.\" \/>\n<meta property=\"og:url\" content=\"https:\/\/www.elementvape.de\/et\/produkt\/randm-tornado-15000-vape\/\" \/>\n<meta property=\"og:site_name\" content=\"ElementVape.de\" \/>\n<meta property=\"article:modified_time\" content=\"2025-12-06T05:56:08+00:00\" \/>\n<meta property=\"og:image\" content=\"https:\/\/www.elementvape.de\/wp-content\/uploads\/2024\/05\/Fumot-Randm-Tornado-15000-Disposable-Vape-15000-Puffs-9.webp\" \/>\n\t<meta property=\"og:image:width\" content=\"800\" \/>\n\t<meta property=\"og:image:height\" content=\"800\" \/>\n\t<meta property=\"og:image:type\" content=\"image\/webp\" \/>\n<meta name=\"twitter:card\" content=\"summary_large_image\" \/>\n<meta name=\"twitter:label1\" content=\"Est. reading time\" \/>\n\t<meta name=\"twitter:data1\" content=\"3 minutit\" \/>\n<script type=\"application\/ld+json\" class=\"yoast-schema-graph\">{\"@context\":\"https:\/\/schema.org\",\"@graph\":[{\"@type\":\"WebPage\",\"@id\":\"https:\/\/www.elementvape.de\/da\/produkt\/randm-tornado-15000-vape\/\",\"url\":\"https:\/\/www.elementvape.de\/da\/produkt\/randm-tornado-15000-vape\/\",\"name\":\"RANDM TORNADO 15000 Puffs VAPE | ElementVape.de\",\"isPartOf\":{\"@id\":\"https:\/\/www.elementvape.de\/#website\"},\"primaryImageOfPage\":{\"@id\":\"https:\/\/www.elementvape.de\/da\/produkt\/randm-tornado-15000-vape\/#primaryimage\"},\"image\":{\"@id\":\"https:\/\/www.elementvape.de\/da\/produkt\/randm-tornado-15000-vape\/#primaryimage\"},\"thumbnailUrl\":\"https:\/\/www.elementvape.de\/wp-content\/uploads\/2024\/05\/Fumot-Randm-Tornado-15000-Disposable-Vape-15000-Puffs-9.webp\",\"datePublished\":\"2024-05-16T09:27:51+00:00\",\"dateModified\":\"2025-12-06T05:56:08+00:00\",\"description\":\"Wir bieten RANDM TORNADO 15000 Puffs VAPE , Elementvape.de akzeptieren Gro\u00df-und Einzelhandel Bestellungen.\",\"breadcrumb\":{\"@id\":\"https:\/\/www.elementvape.de\/da\/produkt\/randm-tornado-15000-vape\/#breadcrumb\"},\"inLanguage\":\"et\",\"potentialAction\":[{\"@type\":\"ReadAction\",\"target\":[\"https:\/\/www.elementvape.de\/da\/produkt\/randm-tornado-15000-vape\/\"]}]},{\"@type\":\"ImageObject\",\"inLanguage\":\"et\",\"@id\":\"https:\/\/www.elementvape.de\/da\/produkt\/randm-tornado-15000-vape\/#primaryimage\",\"url\":\"https:\/\/www.elementvape.de\/wp-content\/uploads\/2024\/05\/Fumot-Randm-Tornado-15000-Disposable-Vape-15000-Puffs-9.webp\",\"contentUrl\":\"https:\/\/www.elementvape.de\/wp-content\/uploads\/2024\/05\/Fumot-Randm-Tornado-15000-Disposable-Vape-15000-Puffs-9.webp\",\"width\":800,\"height\":800},{\"@type\":\"BreadcrumbList\",\"@id\":\"https:\/\/www.elementvape.de\/da\/produkt\/randm-tornado-15000-vape\/#breadcrumb\",\"itemListElement\":[{\"@type\":\"ListItem\",\"position\":1,\"name\":\"Home\",\"item\":\"https:\/\/www.elementvape.de\/\"},{\"@type\":\"ListItem\",\"position\":2,\"name\":\"Shop\",\"item\":\"https:\/\/www.elementvape.de\/shop\/\"},{\"@type\":\"ListItem\",\"position\":3,\"name\":\"RANDM TORNADO 15000 Puffs VAPE\"}]},{\"@type\":\"WebSite\",\"@id\":\"https:\/\/www.elementvape.de\/#website\",\"url\":\"https:\/\/www.elementvape.de\/\",\"name\":\"ElementVape.de\",\"description\":\"\",\"publisher\":{\"@id\":\"https:\/\/www.elementvape.de\/#organization\"},\"potentialAction\":[{\"@type\":\"SearchAction\",\"target\":{\"@type\":\"EntryPoint\",\"urlTemplate\":\"https:\/\/www.elementvape.de\/?s={search_term_string}\"},\"query-input\":\"required name=search_term_string\"}],\"inLanguage\":\"et\"},{\"@type\":\"Organization\",\"@id\":\"https:\/\/www.elementvape.de\/#organization\",\"name\":\"ElementVape.DE\",\"url\":\"https:\/\/www.elementvape.de\/\",\"logo\":{\"@type\":\"ImageObject\",\"inLanguage\":\"et\",\"@id\":\"https:\/\/www.elementvape.de\/#\/schema\/logo\/image\/\",\"url\":\"https:\/\/www.elementvape.de\/wp-content\/uploads\/2024\/09\/cropped-1elementvape-3.png\",\"contentUrl\":\"https:\/\/www.elementvape.de\/wp-content\/uploads\/2024\/09\/cropped-1elementvape-3.png\",\"width\":285,\"height\":228,\"caption\":\"ElementVape.DE\"},\"image\":{\"@id\":\"https:\/\/www.elementvape.de\/#\/schema\/logo\/image\/\"}}]}<\/script>\n<!-- \/ Yoast SEO plugin. -->","yoast_head_json":{"title":"RANDM TORNADO 15000 Puffs VAPE | ElementVape.de","description":"Wir bieten RANDM TORNADO 15000 Puffs VAPE , Elementvape.de akzeptieren Gro\u00df-und Einzelhandel Bestellungen.","robots":{"index":"index","follow":"follow","max-snippet":"max-snippet:-1","max-image-preview":"max-image-preview:large","max-video-preview":"max-video-preview:-1"},"canonical":"https:\/\/www.elementvape.de\/et\/produkt\/randm-tornado-15000-vape\/","og_locale":"et_EE","og_type":"article","og_title":"RANDM TORNADO 15000 Puffs VAPE | ElementVape.de","og_description":"Wir bieten RANDM TORNADO 15000 Puffs VAPE , Elementvape.de akzeptieren Gro\u00df-und Einzelhandel Bestellungen.","og_url":"https:\/\/www.elementvape.de\/et\/produkt\/randm-tornado-15000-vape\/","og_site_name":"ElementVape.de","article_modified_time":"2025-12-06T05:56:08+00:00","og_image":[{"width":800,"height":800,"url":"https:\/\/www.elementvape.de\/wp-content\/uploads\/2024\/05\/Fumot-Randm-Tornado-15000-Disposable-Vape-15000-Puffs-9.webp","type":"image\/webp"}],"twitter_card":"summary_large_image","twitter_misc":{"Est. reading time":"3 minutit"},"schema":{"@context":"https:\/\/schema.org","@graph":[{"@type":"WebPage","@id":"https:\/\/www.elementvape.de\/da\/produkt\/randm-tornado-15000-vape\/","url":"https:\/\/www.elementvape.de\/da\/produkt\/randm-tornado-15000-vape\/","name":"RANDM TORNADO 15000 Puffs VAPE | ElementVape.de","isPartOf":{"@id":"https:\/\/www.elementvape.de\/#website"},"primaryImageOfPage":{"@id":"https:\/\/www.elementvape.de\/da\/produkt\/randm-tornado-15000-vape\/#primaryimage"},"image":{"@id":"https:\/\/www.elementvape.de\/da\/produkt\/randm-tornado-15000-vape\/#primaryimage"},"thumbnailUrl":"https:\/\/www.elementvape.de\/wp-content\/uploads\/2024\/05\/Fumot-Randm-Tornado-15000-Disposable-Vape-15000-Puffs-9.webp","datePublished":"2024-05-16T09:27:51+00:00","dateModified":"2025-12-06T05:56:08+00:00","description":"Wir bieten RANDM TORNADO 15000 Puffs VAPE , Elementvape.de akzeptieren Gro\u00df-und Einzelhandel Bestellungen.","breadcrumb":{"@id":"https:\/\/www.elementvape.de\/da\/produkt\/randm-tornado-15000-vape\/#breadcrumb"},"inLanguage":"et","potentialAction":[{"@type":"ReadAction","target":["https:\/\/www.elementvape.de\/da\/produkt\/randm-tornado-15000-vape\/"]}]},{"@type":"ImageObject","inLanguage":"et","@id":"https:\/\/www.elementvape.de\/da\/produkt\/randm-tornado-15000-vape\/#primaryimage","url":"https:\/\/www.elementvape.de\/wp-content\/uploads\/2024\/05\/Fumot-Randm-Tornado-15000-Disposable-Vape-15000-Puffs-9.webp","contentUrl":"https:\/\/www.elementvape.de\/wp-content\/uploads\/2024\/05\/Fumot-Randm-Tornado-15000-Disposable-Vape-15000-Puffs-9.webp","width":800,"height":800},{"@type":"BreadcrumbList","@id":"https:\/\/www.elementvape.de\/da\/produkt\/randm-tornado-15000-vape\/#breadcrumb","itemListElement":[{"@type":"ListItem","position":1,"name":"Home","item":"https:\/\/www.elementvape.de\/"},{"@type":"ListItem","position":2,"name":"Shop","item":"https:\/\/www.elementvape.de\/shop\/"},{"@type":"ListItem","position":3,"name":"RANDM TORNADO 15000 Puffs VAPE"}]},{"@type":"WebSite","@id":"https:\/\/www.elementvape.de\/#website","url":"https:\/\/www.elementvape.de\/","name":"ElementVape.de","description":"","publisher":{"@id":"https:\/\/www.elementvape.de\/#organization"},"potentialAction":[{"@type":"SearchAction","target":{"@type":"EntryPoint","urlTemplate":"https:\/\/www.elementvape.de\/?s={search_term_string}"},"query-input":"required name=search_term_string"}],"inLanguage":"et"},{"@type":"Organization","@id":"https:\/\/www.elementvape.de\/#organization","name":"ElementVape.DE","url":"https:\/\/www.elementvape.de\/","logo":{"@type":"ImageObject","inLanguage":"et","@id":"https:\/\/www.elementvape.de\/#\/schema\/logo\/image\/","url":"https:\/\/www.elementvape.de\/wp-content\/uploads\/2024\/09\/cropped-1elementvape-3.png","contentUrl":"https:\/\/www.elementvape.de\/wp-content\/uploads\/2024\/09\/cropped-1elementvape-3.png","width":285,"height":228,"caption":"ElementVape.DE"},"image":{"@id":"https:\/\/www.elementvape.de\/#\/schema\/logo\/image\/"}}]}},"_links":{"self":[{"href":"https:\/\/www.elementvape.de\/et\/wp-json\/wp\/v2\/product\/10493"}],"collection":[{"href":"https:\/\/www.elementvape.de\/et\/wp-json\/wp\/v2\/product"}],"about":[{"href":"https:\/\/www.elementvape.de\/et\/wp-json\/wp\/v2\/types\/product"}],"wp:featuredmedia":[{"embeddable":true,"href":"https:\/\/www.elementvape.de\/et\/wp-json\/wp\/v2\/media\/10490"}],"wp:attachment":[{"href":"https:\/\/www.elementvape.de\/et\/wp-json\/wp\/v2\/media?parent=10493"}],"wp:term":[{"taxonomy":"product_cat","embeddable":true,"href":"https:\/\/www.elementvape.de\/et\/wp-json\/wp\/v2\/product_cat?post=10493"},{"taxonomy":"product_tag","embeddable":true,"href":"https:\/\/www.elementvape.de\/et\/wp-json\/wp\/v2\/product_tag?post=10493"}],"curies":[{"name":"wp","href":"https:\/\/api.w.org\/{rel}","templated":true}]}}