{"id":3,"date":"2024-04-18T07:42:08","date_gmt":"2024-04-18T07:42:08","guid":{"rendered":"http:\/\/elementvape.de\/?page_id=3"},"modified":"2025-12-11T06:57:14","modified_gmt":"2025-12-11T06:57:14","slug":"privacy-policy","status":"publish","type":"page","link":"https:\/\/www.elementvape.de\/et\/privacy-policy\/","title":{"rendered":"Andmekaitse eeskirjad"},"content":{"rendered":"<p>See privaatsuspoliitika selgitab, kuidas teie isikuandmeid kogutakse, kasutatakse ja jagatakse, kui te <strong>Elementvape<\/strong> (edaspidi \u201eveebisait\u201c) k\u00fclastate v\u00f5i seal ostu sooritate.<\/p>\n\n\n\n<h2 class=\"wp-block-heading\">1. Milliseid isikuandmeid me kogume<\/h2>\n\n\n\n<p>Kui te k\u00fclastate veebisaiti, kogume automaatselt teatud teavet teie seadme kohta, sealhulgas teavet teie veebibrauseri, IP-aadressi, ajav\u00f6\u00f6ndi ning m\u00f5nede teie seadmesse installitud k\u00fcpsiste kohta.<\/p>\n\n\n\n<p>Lisaks kogume sirvides veebisaidil teavet selle kohta, milliseid \u00fcksikuid veebilehti v\u00f5i tooteid te vaatate, milliste veebisaitide v\u00f5i otsingus\u00f5nade kaudu te meie veebisaidile j\u00f5udsite ning kuidas te veebisaidiga suhtlete. Seda automaatselt kogutud teavet nimetame <strong>\u201eSeadmeandmeteks\u201c<\/strong>.<\/p>\n\n\n\n<h3 class=\"wp-block-heading\">1.1 Andmekogumise tehnoloogiad<\/h3>\n\n\n\n<p>Me kogume seadmeandmeid j\u00e4rgmiste tehnoloogiate abil:<\/p>\n\n\n\n<ul>\n<li><strong>K\u00fcpsised:<\/strong> Need on andmefailid, mis salvestatakse teie seadmesse v\u00f5i arvutisse ning tavaliselt sisaldavad anon\u00fc\u00fcmset, unikaalset identifikaatorit. Lisateavet k\u00fcpsiste kohta ning kuidas neid keelata, leiate siit.<\/li>\n\n\n\n<li><strong>Logifailid (protokollifailid):<\/strong> Need logivad tegevusi veebisaidil ning koguvad andmeid nagu teie IP-aadress, brauserit\u00fc\u00fcp, internetiteenuse pakkuja, viite-\/v\u00e4ljumislehed ning kuup\u00e4eva- ja kellaajam\u00e4rgid.<\/li>\n\n\n\n<li><strong>Veebim\u00e4rgid, sildid ja pikslid:<\/strong> Need on elektroonilised failid, mida kasutatakse selleks, et registreerida teavet selle kohta, kuidas te veebisaidil navigeerite.<\/li>\n<\/ul>\n\n\n\n<h3 class=\"wp-block-heading\">1.2 Tellimusteave<\/h3>\n\n\n\n<p>Kui te sooritate ostu v\u00f5i p\u00fc\u00fcate veebisaidi kaudu ostu teha, kogume teilt lisaks teatud teavet. Nendeks on:<\/p>\n\n\n\n<ul>\n<li>Nimi<\/li>\n\n\n\n<li>Arve aadress<\/li>\n\n\n\n<li>Tarneaadress<\/li>\n\n\n\n<li>Makseandmed (sh krediitkaardinumber)<\/li>\n\n\n\n<li>E-posti aadress<\/li>\n\n\n\n<li>Telefoninumber<\/li>\n<\/ul>\n\n\n\n<p>Seda teavet nimetame <strong>\u201eTellimusteave\u201c<\/strong>. Nii kaua kui me selles privaatsuspoliitikas r\u00e4\u00e4gime \u201eisikuandmetest\u201c, viitame nii seadmeandmetele kui ka tellimuste andmetele.<\/p>\n\n\n\n<h2 class=\"wp-block-heading\">2. Kuidas me kasutame teie isikuandmeid<\/h2>\n\n\n\n<p>Me kasutame kogutud <strong>tellimusteavet<\/strong> \u00fcldiselt tellimuste t\u00e4itmiseks, mis on tehtud veebisaidi kaudu (sealhulgas teie makseandmete t\u00f6\u00f6tlemine, saatmise korraldamine ning arvete ja\/v\u00f5i tellimust\u00f5endite esitamine).<\/p>\n\n\n\n<p>Lisaks kasutame seda tellimusteavet, et:<\/p>\n\n\n\n<ul>\n<li>suhelda teiega;<\/li>\n\n\n\n<li>kontrollida meie tellimusi v\u00f5imalike riskide v\u00f5i pettuste suhtes; ning<\/li>\n\n\n\n<li>saata teile \u2013 kui see vastab teie teavitatud eelistustele \u2013 teavet v\u00f5i reklaame meie toodete v\u00f5i teenuste kohta.<\/li>\n<\/ul>\n\n\n\n<p>Me kogume <strong>seadmeandmeid<\/strong> kasutame, et tuvastada v\u00f5imalikke riske ja pettusi (eriti teie IP-aadressi) ning \u00fcldiselt meie veebisaiti parandada ja optimeerida (n\u00e4iteks anal\u00fc\u00fcsides, kuidas meie kliendid veebisaidil navigeerivad ja suhtlevad, ning hindamaks meie turundus- ja reklaamikampaaniate edu).<\/p>\n\n\n\n<h2 class=\"wp-block-heading\">3. Teie isikuandmete edastamine<\/h2>\n\n\n\n<p>Me edastame teie isikuandmeid kolmandatele osapooltele, kes aitavad meil teie andmeid kasutada nagu eespool kirjeldatud.<\/p>\n\n\n\n<ul>\n<li><strong>Teenusepakkujad:<\/strong> Me kasutame v\u00e4liseid teenusepakkujaid majutuse, saatmise ja maksete t\u00f6\u00f6tlemise jaoks.<\/li>\n\n\n\n<li><strong>Anal\u00fc\u00fcsit\u00f6\u00f6riistad:<\/strong> Me kasutame <strong>Google Analyticsit<\/strong>, et m\u00f5ista, kuidas meie kliendid veebisaiti kasutavad.<\/li>\n<\/ul>\n\n\n\n<p>L\u00f5puks v\u00f5ime teie isikuandmeid jagada ka seadusandluse ja regulatsioonide j\u00e4rgimiseks, reageerimaks kohtum\u00e4\u00e4rustele, l\u00e4biotsimisk\u00e4skudele v\u00f5i muudele seaduslikele teabe p\u00e4ringutele, mida saame, v\u00f5i muul viisil oma \u00f5iguste kaitsmiseks.<\/p>\n\n\n\n<h2 class=\"wp-block-heading\">4. Kuidas me teie andmeid kaitseme?<\/h2>\n\n\n\n<p>Teie isikuandmeid s\u00e4ilitatakse turvatud v\u00f5rkudes ja neile p\u00e4\u00e4seb ligi ainult piiratud arv inimesi, kellel on sellistele s\u00fcsteemidele juurdep\u00e4\u00e4su eriline \u00f5igus ja kes on kohustatud tagama konfidentsiaalsuse.<\/p>\n\n\n\n<p>Lisaks edastatakse k\u00f5ik teie esitatud tundlikud andmed v\u00f5i krediidiandmed <strong>Secure Socket Layer (SSL\/TLS) tehnoloogia<\/strong> abil kr\u00fcpteeritult.<\/p>\n\n\n\n<p>Me rakendame mitmeid turvameetmeid, kui te esitate tellimuse, sisestate, edastate v\u00f5i p\u00e4\u00e4sete oma andmetele ligi, et tagada teie isikuandmete turvalisus. K\u00f5iki tehinguid t\u00f6\u00f6deldakse gateway-teenuse pakkuja kaudu ning neid ei salvestata ega t\u00f6\u00f6delda meie enda serverites.<\/p>\n\n\n\n<h2 class=\"wp-block-heading\">5. K\u00e4itumisp\u00f5hine reklaam ja Do Not Track<\/h2>\n\n\n\n<p>Nagu eespool kirjeldatud, kasutame teie isikuandmeid, et saata teile sihitud reklaame v\u00f5i turundusteateid, millest arvame, et need v\u00f5ivad teile huvi pakkuda.<\/p>\n\n\n\n<p><strong>Do Not Track (\u00c4ra j\u00e4lgi)<\/strong> Pange t\u00e4hele, et me ei muuda oma veebisaidi andmete kogumise ja kasutamise praktikaid, kui saame teie brauserilt signaali \u201eDo Not Track\u201c.<\/p>\n\n\n\n<h2 class=\"wp-block-heading\">6. Teie \u00f5igused (Euroopa elanikele)<\/h2>\n\n\n\n<p>Kui te elate Euroopas, on teil \u00f5igus p\u00e4\u00e4seda ligi isikuandmetele, mida me teie kohta s\u00e4ilitame, ning n\u00f5uda nende andmete parandamist, uuendamist v\u00f5i kustutamist. Kui soovite seda \u00f5igust kasutada, v\u00f5tke meiega \u00fchendust allpool toodud kontaktandmete kaudu.<\/p>\n\n\n\n<p>T\u00e4iendav m\u00e4rkus Euroopa elanikele: me t\u00f6\u00f6tleme teie andmeid, et t\u00e4ita lepinguid, mis meil teiega v\u00f5ivad olla (nt kui te esitate veebisaidi kaudu tellimuse), v\u00f5i et j\u00e4rgida meie eespool nimetatud \u00f5igustatud \u00e4rihuve. Palun pange ka t\u00e4hele, et teie andmeid v\u00f5idakse edastada v\u00e4ljapoole Euroopat, sealhulgas Kanadasse ja Ameerika \u00dchendriikidesse.<\/p>\n\n\n\n<h2 class=\"wp-block-heading\">7. Andmete s\u00e4ilitamine<\/h2>\n\n\n\n<p>Kui te esitate veebisaidi kaudu tellimuse, s\u00e4ilitame teie tellimuse teavet oma arhiivis, v\u00e4lja arvatud juhul, kui te palute meil see teave kustutada.<\/p>\n\n\n\n<h2 class=\"wp-block-heading\">8. Alaealised<\/h2>\n\n\n\n<p>Veebisait ei ole m\u00f5eldud alla 18-aastastele isikutele. Me ei kogu teadlikult laste v\u00f5i noorte isikuandmeid.<\/p>\n\n\n\n<h2 class=\"wp-block-heading\">9. Muudatused<\/h2>\n\n\n\n<p>Me v\u00f5ime seda privaatsuspoliitikat aeg-ajalt uuendada, et peegeldada meie tavade muudatusi v\u00f5i muid \u00e4ritegevusega, \u00f5iguslike v\u00f5i regulatiivsete p\u00f5hjuste t\u00f5ttu.<\/p>","protected":false},"excerpt":{"rendered":"<p>Diese Datenschutzerkl\u00e4rung erl\u00e4utert, wie Ihre personenbezogenen Daten erhoben, verwendet und weitergegeben werden, wenn Sie Elementvape (nachfolgend die \u201eWebsite\u201c) besuchen oder dort einen Einkauf t\u00e4tigen. 1. Welche personenbezogenen Daten wir erheben Wenn Sie die Website besuchen, erfassen wir automatisch bestimmte Informationen \u00fcber Ihr Ger\u00e4t, darunter Informationen zu Ihrem Webbrowser, Ihrer IP-Adresse, Ihrer Zeitzone sowie einigen der [&hellip;]<\/p>","protected":false},"author":1,"featured_media":0,"parent":0,"menu_order":0,"comment_status":"closed","ping_status":"open","template":"","meta":{"inline_featured_image":false,"footnotes":""},"yoast_head":"<!-- This site is optimized with the Yoast SEO plugin v23.3 - https:\/\/yoast.com\/wordpress\/plugins\/seo\/ -->\n<title>Datenschutzrichtlinie<\/title>\n<meta name=\"description\" content=\"Unsere Datenschutzrichtlinie erkl\u00e4rt, wie wir Ihre Daten erfassen, nutzen und sch\u00fctzen, wenn Sie unsere Website besuchen oder einkaufen.\" \/>\n<meta name=\"robots\" content=\"index, follow, max-snippet:-1, max-image-preview:large, max-video-preview:-1\" \/>\n<link rel=\"canonical\" href=\"https:\/\/www.elementvape.de\/et\/privacy-policy\/\" \/>\n<meta property=\"og:locale\" content=\"et_EE\" \/>\n<meta property=\"og:type\" content=\"article\" \/>\n<meta property=\"og:title\" content=\"Datenschutzrichtlinie\" \/>\n<meta property=\"og:description\" content=\"Unsere Datenschutzrichtlinie erkl\u00e4rt, wie wir Ihre Daten erfassen, nutzen und sch\u00fctzen, wenn Sie unsere Website besuchen oder einkaufen.\" \/>\n<meta property=\"og:url\" content=\"https:\/\/www.elementvape.de\/et\/privacy-policy\/\" \/>\n<meta property=\"og:site_name\" content=\"ElementVape.de\" \/>\n<meta property=\"article:modified_time\" content=\"2025-12-11T06:57:14+00:00\" \/>\n<meta name=\"twitter:card\" content=\"summary_large_image\" \/>\n<meta name=\"twitter:label1\" content=\"Est. reading time\" \/>\n\t<meta name=\"twitter:data1\" content=\"5 minutit\" \/>\n<script type=\"application\/ld+json\" class=\"yoast-schema-graph\">{\"@context\":\"https:\/\/schema.org\",\"@graph\":[{\"@type\":\"WebPage\",\"@id\":\"https:\/\/www.elementvape.de\/privacy-policy\/\",\"url\":\"https:\/\/www.elementvape.de\/privacy-policy\/\",\"name\":\"Datenschutzrichtlinie\",\"isPartOf\":{\"@id\":\"https:\/\/www.elementvape.de\/#website\"},\"datePublished\":\"2024-04-18T07:42:08+00:00\",\"dateModified\":\"2025-12-11T06:57:14+00:00\",\"description\":\"Unsere Datenschutzrichtlinie erkl\u00e4rt, wie wir Ihre Daten erfassen, nutzen und sch\u00fctzen, wenn Sie unsere Website besuchen oder einkaufen.\",\"breadcrumb\":{\"@id\":\"https:\/\/www.elementvape.de\/privacy-policy\/#breadcrumb\"},\"inLanguage\":\"et\",\"potentialAction\":[{\"@type\":\"ReadAction\",\"target\":[\"https:\/\/www.elementvape.de\/privacy-policy\/\"]}]},{\"@type\":\"BreadcrumbList\",\"@id\":\"https:\/\/www.elementvape.de\/privacy-policy\/#breadcrumb\",\"itemListElement\":[{\"@type\":\"ListItem\",\"position\":1,\"name\":\"Home\",\"item\":\"https:\/\/www.elementvape.de\/\"},{\"@type\":\"ListItem\",\"position\":2,\"name\":\"Datenschutzrichtlinie\"}]},{\"@type\":\"WebSite\",\"@id\":\"https:\/\/www.elementvape.de\/#website\",\"url\":\"https:\/\/www.elementvape.de\/\",\"name\":\"ElementVape.de\",\"description\":\"\",\"publisher\":{\"@id\":\"https:\/\/www.elementvape.de\/#organization\"},\"potentialAction\":[{\"@type\":\"SearchAction\",\"target\":{\"@type\":\"EntryPoint\",\"urlTemplate\":\"https:\/\/www.elementvape.de\/?s={search_term_string}\"},\"query-input\":\"required name=search_term_string\"}],\"inLanguage\":\"et\"},{\"@type\":\"Organization\",\"@id\":\"https:\/\/www.elementvape.de\/#organization\",\"name\":\"ElementVape.DE\",\"url\":\"https:\/\/www.elementvape.de\/\",\"logo\":{\"@type\":\"ImageObject\",\"inLanguage\":\"et\",\"@id\":\"https:\/\/www.elementvape.de\/#\/schema\/logo\/image\/\",\"url\":\"https:\/\/www.elementvape.de\/wp-content\/uploads\/2024\/09\/cropped-1elementvape-3.png\",\"contentUrl\":\"https:\/\/www.elementvape.de\/wp-content\/uploads\/2024\/09\/cropped-1elementvape-3.png\",\"width\":285,\"height\":228,\"caption\":\"ElementVape.DE\"},\"image\":{\"@id\":\"https:\/\/www.elementvape.de\/#\/schema\/logo\/image\/\"}}]}<\/script>\n<!-- \/ Yoast SEO plugin. -->","yoast_head_json":{"title":"Datenschutzrichtlinie","description":"Unsere Datenschutzrichtlinie erkl\u00e4rt, wie wir Ihre Daten erfassen, nutzen und sch\u00fctzen, wenn Sie unsere Website besuchen oder einkaufen.","robots":{"index":"index","follow":"follow","max-snippet":"max-snippet:-1","max-image-preview":"max-image-preview:large","max-video-preview":"max-video-preview:-1"},"canonical":"https:\/\/www.elementvape.de\/et\/privacy-policy\/","og_locale":"et_EE","og_type":"article","og_title":"Datenschutzrichtlinie","og_description":"Unsere Datenschutzrichtlinie erkl\u00e4rt, wie wir Ihre Daten erfassen, nutzen und sch\u00fctzen, wenn Sie unsere Website besuchen oder einkaufen.","og_url":"https:\/\/www.elementvape.de\/et\/privacy-policy\/","og_site_name":"ElementVape.de","article_modified_time":"2025-12-11T06:57:14+00:00","twitter_card":"summary_large_image","twitter_misc":{"Est. reading time":"5 minutit"},"schema":{"@context":"https:\/\/schema.org","@graph":[{"@type":"WebPage","@id":"https:\/\/www.elementvape.de\/privacy-policy\/","url":"https:\/\/www.elementvape.de\/privacy-policy\/","name":"Datenschutzrichtlinie","isPartOf":{"@id":"https:\/\/www.elementvape.de\/#website"},"datePublished":"2024-04-18T07:42:08+00:00","dateModified":"2025-12-11T06:57:14+00:00","description":"Unsere Datenschutzrichtlinie erkl\u00e4rt, wie wir Ihre Daten erfassen, nutzen und sch\u00fctzen, wenn Sie unsere Website besuchen oder einkaufen.","breadcrumb":{"@id":"https:\/\/www.elementvape.de\/privacy-policy\/#breadcrumb"},"inLanguage":"et","potentialAction":[{"@type":"ReadAction","target":["https:\/\/www.elementvape.de\/privacy-policy\/"]}]},{"@type":"BreadcrumbList","@id":"https:\/\/www.elementvape.de\/privacy-policy\/#breadcrumb","itemListElement":[{"@type":"ListItem","position":1,"name":"Home","item":"https:\/\/www.elementvape.de\/"},{"@type":"ListItem","position":2,"name":"Datenschutzrichtlinie"}]},{"@type":"WebSite","@id":"https:\/\/www.elementvape.de\/#website","url":"https:\/\/www.elementvape.de\/","name":"ElementVape.de","description":"","publisher":{"@id":"https:\/\/www.elementvape.de\/#organization"},"potentialAction":[{"@type":"SearchAction","target":{"@type":"EntryPoint","urlTemplate":"https:\/\/www.elementvape.de\/?s={search_term_string}"},"query-input":"required name=search_term_string"}],"inLanguage":"et"},{"@type":"Organization","@id":"https:\/\/www.elementvape.de\/#organization","name":"ElementVape.DE","url":"https:\/\/www.elementvape.de\/","logo":{"@type":"ImageObject","inLanguage":"et","@id":"https:\/\/www.elementvape.de\/#\/schema\/logo\/image\/","url":"https:\/\/www.elementvape.de\/wp-content\/uploads\/2024\/09\/cropped-1elementvape-3.png","contentUrl":"https:\/\/www.elementvape.de\/wp-content\/uploads\/2024\/09\/cropped-1elementvape-3.png","width":285,"height":228,"caption":"ElementVape.DE"},"image":{"@id":"https:\/\/www.elementvape.de\/#\/schema\/logo\/image\/"}}]}},"_links":{"self":[{"href":"https:\/\/www.elementvape.de\/et\/wp-json\/wp\/v2\/pages\/3"}],"collection":[{"href":"https:\/\/www.elementvape.de\/et\/wp-json\/wp\/v2\/pages"}],"about":[{"href":"https:\/\/www.elementvape.de\/et\/wp-json\/wp\/v2\/types\/page"}],"author":[{"embeddable":true,"href":"https:\/\/www.elementvape.de\/et\/wp-json\/wp\/v2\/users\/1"}],"replies":[{"embeddable":true,"href":"https:\/\/www.elementvape.de\/et\/wp-json\/wp\/v2\/comments?post=3"}],"version-history":[{"count":3,"href":"https:\/\/www.elementvape.de\/et\/wp-json\/wp\/v2\/pages\/3\/revisions"}],"predecessor-version":[{"id":16681,"href":"https:\/\/www.elementvape.de\/et\/wp-json\/wp\/v2\/pages\/3\/revisions\/16681"}],"wp:attachment":[{"href":"https:\/\/www.elementvape.de\/et\/wp-json\/wp\/v2\/media?parent=3"}],"curies":[{"name":"wp","href":"https:\/\/api.w.org\/{rel}","templated":true}]}}