{"id":14267,"date":"2024-09-10T07:57:34","date_gmt":"2024-09-10T07:57:34","guid":{"rendered":"https:\/\/www.elementvape.de\/?page_id=14267"},"modified":"2024-09-10T07:57:37","modified_gmt":"2024-09-10T07:57:37","slug":"versandart","status":"publish","type":"page","link":"https:\/\/www.elementvape.de\/et\/versandart\/","title":{"rendered":"Saadetist\u00fc\u00fcp"},"content":{"rendered":"<h2 class=\"wp-block-heading has-text-align-center\">Saatmistingimused Elementvape.de-s<\/h2>\n\n\n\n<p class=\"has-medium-font-size\">K\u00f5igi saatmisviiside puhul arvutab Elementvape.de ainult saatmiskulud, ilma v\u00f5imalikud maksud ja tollid. Palun pange t\u00e4hele, et k\u00f5ik sihtriigis tekkivad maksud ja tollid on kliendi vastutusel.<\/p>\n\n\n\n<p class=\"has-medium-font-size\">Kui teil on oma saatmisviis v\u00f5i kuller Hiinas, v\u00f5tke meiega \u00fchendust ja andke vastavad andmed. Saadame tellimuse siis teie laosse v\u00f5i kullerile.<\/p>\n\n\n\n<h3 class=\"wp-block-heading has-text-align-center\">Euroopa laoseeved<\/h3>\n\n\n\n<ul>\n<li class=\"has-medium-font-size\"><strong>Saadetist\u00fc\u00fcp<\/strong>: DHL, UPS<\/li>\n\n\n\n<li class=\"has-medium-font-size\"><strong>Tarneaeg Eestisse<\/strong>: 2-3 t\u00f6\u00f6p\u00e4eva<\/li>\n\n\n\n<li class=\"has-medium-font-size\"><strong>Tarneaeg Euroopa Liidu riikides<\/strong>: 3-4 t\u00f6\u00f6p\u00e4eva<\/li>\n<\/ul>\n\n\n\n<h3 class=\"wp-block-heading has-text-align-center\">V\u00e4lis-EU laoseeved<\/h3>\n\n\n\n<ul>\n<li class=\"has-medium-font-size\"><strong>Saadetist\u00fc\u00fcp<\/strong>: DHL, UPS<\/li>\n\n\n\n<li class=\"has-medium-font-size\"><strong>Sihtriigid<\/strong>: Euroopa Liidu riigid<\/li>\n\n\n\n<li class=\"has-medium-font-size\"><strong>Hinnanguline tarneaeg<\/strong>: 12-20 t\u00f6\u00f6p\u00e4eva<\/li>\n<\/ul>\n\n\n\n<p class=\"has-medium-font-size\"><strong>M\u00e4rkus:<\/strong> Tasuta saatmine Euroopa Liidu riikides tellimustel \u00fcle 3000 \u20ac.<\/p>\n\n\n\n<h3 class=\"wp-block-heading has-text-align-center\">Kuidas kontrollida saatmiskulusid sihtkohta?<\/h3>\n\n\n\n<p class=\"has-medium-font-size\">Saatmiskulud varieeruvad s\u00f5ltuvalt toote kaalust, sihtkohast, saatmisviisist ja muudest teguritest. \u00dcksikasjalikud hinnateabe leiate kassas. Palun sisestage esmalt oma tarne aadress, et n\u00e4ha t\u00e4pseid kulusid.<\/p>\n\n\n\n<h3 class=\"wp-block-heading has-text-align-center\">Tollide ja impordimaksude korraldamine<\/h3>\n\n\n\n<p class=\"has-medium-font-size\">Soovitame teil enne tellimuse esitamist uurida kohalike tolliasutuste kaudu v\u00f5imalikke imporditollimakse, makse ja makse. Teatud toodete importimiseks v\u00f5ib olla vaja erilube v\u00f5i litsentse.<\/p>\n\n\n\n<p class=\"has-medium-font-size\"><strong>Elementvapee<\/strong> Ei v\u00f5ta vastutust kaupade eest, mida teie riigi toll tagasi l\u00fckkab, konfiskeerib v\u00f5i h\u00e4vitab. Kuna saatmine toimub Hongkongist (vabahoonest), ei kehti Hongkongi valitsusel k\u00e4ibemaksu ega tollimakse. Sihtkoha riigis kehtivad maksud klienti.<\/p>","protected":false},"excerpt":{"rendered":"<p>Versandbedingungen bei Elementvape.de F\u00fcr alle Versandarten berechnet Elementvape.de lediglich die Versandkosten, exklusive etwaiger Steuern und Z\u00f6lle. Bitte beachten Sie, dass alle im Zielland anfallenden Steuern und Z\u00f6lle in der Verantwortung des Kunden liegen. Falls Sie \u00fcber eine eigene Versandart oder einen eigenen Spediteur in China verf\u00fcgen, setzen Sie sich bitte mit uns in Verbindung und [&hellip;]<\/p>","protected":false},"author":3,"featured_media":0,"parent":0,"menu_order":0,"comment_status":"closed","ping_status":"closed","template":"","meta":{"inline_featured_image":false,"footnotes":""},"yoast_head":"<!-- This site is optimized with the Yoast SEO plugin v23.3 - https:\/\/yoast.com\/wordpress\/plugins\/seo\/ -->\n<title>Versandart<\/title>\n<meta name=\"description\" content=\"Bereitgestellt vom ElementVape.de -Team, damit Sie die internationale Politik von E-Zigaretten verstehen, unser Verst\u00e4ndnis von E-Zigaretten verbessern und einige Tipps zur richtigen Verwendung von E-Zigaretten erhalten. Wenn Sie mehr wissen m\u00f6chten, k\u00f6nnen Sie unseren Kanal abonnieren\" \/>\n<meta name=\"robots\" content=\"index, follow, max-snippet:-1, max-image-preview:large, max-video-preview:-1\" \/>\n<link rel=\"canonical\" href=\"https:\/\/www.elementvape.de\/et\/versandart\/\" \/>\n<meta property=\"og:locale\" content=\"et_EE\" \/>\n<meta property=\"og:type\" content=\"article\" \/>\n<meta property=\"og:title\" content=\"Versandart\" \/>\n<meta property=\"og:description\" content=\"Bereitgestellt vom ElementVape.de -Team, damit Sie die internationale Politik von E-Zigaretten verstehen, unser Verst\u00e4ndnis von E-Zigaretten verbessern und einige Tipps zur richtigen Verwendung von E-Zigaretten erhalten. Wenn Sie mehr wissen m\u00f6chten, k\u00f6nnen Sie unseren Kanal abonnieren\" \/>\n<meta property=\"og:url\" content=\"https:\/\/www.elementvape.de\/et\/versandart\/\" \/>\n<meta property=\"og:site_name\" content=\"ElementVape.de\" \/>\n<meta property=\"article:modified_time\" content=\"2024-09-10T07:57:37+00:00\" \/>\n<meta name=\"twitter:card\" content=\"summary_large_image\" \/>\n<meta name=\"twitter:label1\" content=\"Est. reading time\" \/>\n\t<meta name=\"twitter:data1\" content=\"2 minutit\" \/>\n<script type=\"application\/ld+json\" class=\"yoast-schema-graph\">{\"@context\":\"https:\/\/schema.org\",\"@graph\":[{\"@type\":\"WebPage\",\"@id\":\"https:\/\/www.elementvape.de\/versandart\/\",\"url\":\"https:\/\/www.elementvape.de\/versandart\/\",\"name\":\"Versandart\",\"isPartOf\":{\"@id\":\"https:\/\/www.elementvape.de\/#website\"},\"datePublished\":\"2024-09-10T07:57:34+00:00\",\"dateModified\":\"2024-09-10T07:57:37+00:00\",\"description\":\"Bereitgestellt vom ElementVape.de -Team, damit Sie die internationale Politik von E-Zigaretten verstehen, unser Verst\u00e4ndnis von E-Zigaretten verbessern und einige Tipps zur richtigen Verwendung von E-Zigaretten erhalten. Wenn Sie mehr wissen m\u00f6chten, k\u00f6nnen Sie unseren Kanal abonnieren\",\"breadcrumb\":{\"@id\":\"https:\/\/www.elementvape.de\/versandart\/#breadcrumb\"},\"inLanguage\":\"et\",\"potentialAction\":[{\"@type\":\"ReadAction\",\"target\":[\"https:\/\/www.elementvape.de\/versandart\/\"]}]},{\"@type\":\"BreadcrumbList\",\"@id\":\"https:\/\/www.elementvape.de\/versandart\/#breadcrumb\",\"itemListElement\":[{\"@type\":\"ListItem\",\"position\":1,\"name\":\"Home\",\"item\":\"https:\/\/www.elementvape.de\/\"},{\"@type\":\"ListItem\",\"position\":2,\"name\":\"Versandart\"}]},{\"@type\":\"WebSite\",\"@id\":\"https:\/\/www.elementvape.de\/#website\",\"url\":\"https:\/\/www.elementvape.de\/\",\"name\":\"ElementVape.de\",\"description\":\"\",\"publisher\":{\"@id\":\"https:\/\/www.elementvape.de\/#organization\"},\"potentialAction\":[{\"@type\":\"SearchAction\",\"target\":{\"@type\":\"EntryPoint\",\"urlTemplate\":\"https:\/\/www.elementvape.de\/?s={search_term_string}\"},\"query-input\":\"required name=search_term_string\"}],\"inLanguage\":\"et\"},{\"@type\":\"Organization\",\"@id\":\"https:\/\/www.elementvape.de\/#organization\",\"name\":\"ElementVape.DE\",\"url\":\"https:\/\/www.elementvape.de\/\",\"logo\":{\"@type\":\"ImageObject\",\"inLanguage\":\"et\",\"@id\":\"https:\/\/www.elementvape.de\/#\/schema\/logo\/image\/\",\"url\":\"https:\/\/www.elementvape.de\/wp-content\/uploads\/2024\/09\/cropped-1elementvape-3.png\",\"contentUrl\":\"https:\/\/www.elementvape.de\/wp-content\/uploads\/2024\/09\/cropped-1elementvape-3.png\",\"width\":285,\"height\":228,\"caption\":\"ElementVape.DE\"},\"image\":{\"@id\":\"https:\/\/www.elementvape.de\/#\/schema\/logo\/image\/\"}}]}<\/script>\n<!-- \/ Yoast SEO plugin. -->","yoast_head_json":{"title":"Versandart","description":"Bereitgestellt vom ElementVape.de -Team, damit Sie die internationale Politik von E-Zigaretten verstehen, unser Verst\u00e4ndnis von E-Zigaretten verbessern und einige Tipps zur richtigen Verwendung von E-Zigaretten erhalten. Wenn Sie mehr wissen m\u00f6chten, k\u00f6nnen Sie unseren Kanal abonnieren","robots":{"index":"index","follow":"follow","max-snippet":"max-snippet:-1","max-image-preview":"max-image-preview:large","max-video-preview":"max-video-preview:-1"},"canonical":"https:\/\/www.elementvape.de\/et\/versandart\/","og_locale":"et_EE","og_type":"article","og_title":"Versandart","og_description":"Bereitgestellt vom ElementVape.de -Team, damit Sie die internationale Politik von E-Zigaretten verstehen, unser Verst\u00e4ndnis von E-Zigaretten verbessern und einige Tipps zur richtigen Verwendung von E-Zigaretten erhalten. Wenn Sie mehr wissen m\u00f6chten, k\u00f6nnen Sie unseren Kanal abonnieren","og_url":"https:\/\/www.elementvape.de\/et\/versandart\/","og_site_name":"ElementVape.de","article_modified_time":"2024-09-10T07:57:37+00:00","twitter_card":"summary_large_image","twitter_misc":{"Est. reading time":"2 minutit"},"schema":{"@context":"https:\/\/schema.org","@graph":[{"@type":"WebPage","@id":"https:\/\/www.elementvape.de\/versandart\/","url":"https:\/\/www.elementvape.de\/versandart\/","name":"Versandart","isPartOf":{"@id":"https:\/\/www.elementvape.de\/#website"},"datePublished":"2024-09-10T07:57:34+00:00","dateModified":"2024-09-10T07:57:37+00:00","description":"Bereitgestellt vom ElementVape.de -Team, damit Sie die internationale Politik von E-Zigaretten verstehen, unser Verst\u00e4ndnis von E-Zigaretten verbessern und einige Tipps zur richtigen Verwendung von E-Zigaretten erhalten. Wenn Sie mehr wissen m\u00f6chten, k\u00f6nnen Sie unseren Kanal abonnieren","breadcrumb":{"@id":"https:\/\/www.elementvape.de\/versandart\/#breadcrumb"},"inLanguage":"et","potentialAction":[{"@type":"ReadAction","target":["https:\/\/www.elementvape.de\/versandart\/"]}]},{"@type":"BreadcrumbList","@id":"https:\/\/www.elementvape.de\/versandart\/#breadcrumb","itemListElement":[{"@type":"ListItem","position":1,"name":"Home","item":"https:\/\/www.elementvape.de\/"},{"@type":"ListItem","position":2,"name":"Versandart"}]},{"@type":"WebSite","@id":"https:\/\/www.elementvape.de\/#website","url":"https:\/\/www.elementvape.de\/","name":"ElementVape.de","description":"","publisher":{"@id":"https:\/\/www.elementvape.de\/#organization"},"potentialAction":[{"@type":"SearchAction","target":{"@type":"EntryPoint","urlTemplate":"https:\/\/www.elementvape.de\/?s={search_term_string}"},"query-input":"required name=search_term_string"}],"inLanguage":"et"},{"@type":"Organization","@id":"https:\/\/www.elementvape.de\/#organization","name":"ElementVape.DE","url":"https:\/\/www.elementvape.de\/","logo":{"@type":"ImageObject","inLanguage":"et","@id":"https:\/\/www.elementvape.de\/#\/schema\/logo\/image\/","url":"https:\/\/www.elementvape.de\/wp-content\/uploads\/2024\/09\/cropped-1elementvape-3.png","contentUrl":"https:\/\/www.elementvape.de\/wp-content\/uploads\/2024\/09\/cropped-1elementvape-3.png","width":285,"height":228,"caption":"ElementVape.DE"},"image":{"@id":"https:\/\/www.elementvape.de\/#\/schema\/logo\/image\/"}}]}},"_links":{"self":[{"href":"https:\/\/www.elementvape.de\/et\/wp-json\/wp\/v2\/pages\/14267"}],"collection":[{"href":"https:\/\/www.elementvape.de\/et\/wp-json\/wp\/v2\/pages"}],"about":[{"href":"https:\/\/www.elementvape.de\/et\/wp-json\/wp\/v2\/types\/page"}],"author":[{"embeddable":true,"href":"https:\/\/www.elementvape.de\/et\/wp-json\/wp\/v2\/users\/3"}],"replies":[{"embeddable":true,"href":"https:\/\/www.elementvape.de\/et\/wp-json\/wp\/v2\/comments?post=14267"}],"version-history":[{"count":1,"href":"https:\/\/www.elementvape.de\/et\/wp-json\/wp\/v2\/pages\/14267\/revisions"}],"predecessor-version":[{"id":14268,"href":"https:\/\/www.elementvape.de\/et\/wp-json\/wp\/v2\/pages\/14267\/revisions\/14268"}],"wp:attachment":[{"href":"https:\/\/www.elementvape.de\/et\/wp-json\/wp\/v2\/media?parent=14267"}],"curies":[{"name":"wp","href":"https:\/\/api.w.org\/{rel}","templated":true}]}}