{"id":14259,"date":"2024-09-10T07:29:15","date_gmt":"2024-09-10T07:29:15","guid":{"rendered":"https:\/\/www.elementvape.de\/?page_id=14259"},"modified":"2025-12-11T07:00:30","modified_gmt":"2025-12-11T07:00:30","slug":"terms-conditions","status":"publish","type":"page","link":"https:\/\/www.elementvape.de\/et\/terms-conditions\/","title":{"rendered":"\u00c4rireeglid"},"content":{"rendered":"<h2 class=\"wp-block-heading\"><strong>\u00dcldtingimused (AGB) ja kasutustingimused<\/strong><\/h2>\n\n\n\n<p><strong>PALUN LOE SELLEID KASUTUSLINGI HOOLEGA, ENNE KUI SA KASUTAD SEDA VEEBISAITI.<\/strong> KASUTADES SEDA VEEBISAITI JA SEDA JUURDEP\u00c4\u00c4SU, T\u00d5ENDAD, ET OLETE LUGENUD JA Saanud NENDE TINGIMUSTEGA N\u00d5USOLEKUL, ning n\u00f5ustute nendega. Kui te ei n\u00f5ustu nende tingimustega, ei tohi te seda veebisaiti kasutada.<\/p>\n\n\n\n<h3 class=\"wp-block-heading\">1. N\u00f5usolek tingimustega<\/h3>\n\n\n\n<p>Kasutades veebisaiti <strong>Elementvape<\/strong> (edaspidi \u201eveebisait\u201c) v\u00f5i klikkides \u201eN\u00f5ustun\u201c, n\u00f5ustute te nende \u00fcldtingimustega. Elementvape j\u00e4tab endale \u00f5iguse piirata v\u00f5i l\u00f5petada teie juurdep\u00e4\u00e4s veebisaidile igal ajal ja ette teatamata, eriti rikkumiste korral nende tingimuste v\u00f5i kehtivate juhiste vastu.<\/p>\n\n\n\n<h3 class=\"wp-block-heading\">2. Vanusepiirang (noorte kaitse)<\/h3>\n\n\n\n<p><strong>OLULINE TEAVE: TE PEATE OLEMA SAANUD SEADUSLIKU ALAMISEST V\u00c4LJASPOOLT, ET OSTA TABAKE, E-SIGARETTEID V\u00d5I NENDE TOOTEID.<\/strong><\/p>\n\n\n\n<p>See leping ja veebisaidi kasutamine on ette n\u00e4htud ainult isikutele, kes on saavutanud seadusliku alampiiri (paljudes jurisdiktsioonides 18 v\u00f5i 21 aastat). Kui te seda n\u00f5uet ei t\u00e4ida, lahkuge palun kohe veebisaidilt. Me ei luba selle reegli erandeid.<\/p>\n\n\n\n<p><em>M\u00e4rkus: Elementvape m\u00fc\u00fcb oma tooteid ja teenuseid ainult t\u00e4iskasvanutele. Kui me tuvastame, et te ei vasta vanuse n\u00f5uetele (v\u00e4hemalt 21 aastat, v\u00e4lja arvatud seadusest tulenevalt teisiti), keeldub Elementvape teenusest ja sulgeb teie konto kohe.<\/em><\/p>\n\n\n\n<h3 class=\"wp-block-heading\">3. Andmekaitse<\/h3>\n\n\n\n<p>Selleks, et t\u00e4ielikult m\u00f5ista meie \u00e4ritavasid ja teie andmete t\u00f6\u00f6tlemist, lugege palun meie <strong>[Andmekaitse deklaratsioon]<\/strong> (Link andmekaitse lehele), mis kehtib ka teie selle veebisaidi k\u00fclastuse puhul.<\/p>\n\n\n\n<h3 class=\"wp-block-heading\">4. Kasutuslitsents ja veebisaidi juurdep\u00e4\u00e4s<\/h3>\n\n\n\n<p>Teie n\u00f5usolekul selle lepinguga annab Elementvape teile piiratud, mitte-eksklusiivse ja \u00fcleantava litsentsi selle veebisaidi kasutamiseks isiklikeks ostueesm\u00e4rkideks.<\/p>\n\n\n\n<ul>\n<li>Te n\u00f5ustute, et te ei esita vale- ega petlikke andmeid selle veebisaidi ligip\u00e4\u00e4su saamiseks.<\/li>\n\n\n\n<li>Te tunnistate, et k\u00f5ik selle veebisaidi sisu, disain ja teenused on Elementvape intellektuaalomand ning neid kaitsevad autori\u00f5igused, kaubam\u00e4rgid ning teised rahvusvahelised kaitse\u00f5igused.<\/li>\n\n\n\n<li>K\u00f5ik \u00f5igused, mis teile siin selges\u00f5naliselt ei anta, j\u00e4\u00e4vad Elementvape omandiks.<\/li>\n<\/ul>\n\n\n\n<h3 class=\"wp-block-heading\">5. Teie kasutajakonto<\/h3>\n\n\n\n<p>Kui loote sellel veebisaidil konto, olete vastutav oma kontoandmete ja parooli konfidentsiaalsuse s\u00e4ilitamise ning juurdep\u00e4\u00e4su piiramise eest oma arvutis. Te n\u00f5ustute v\u00f5tma vastutuse k\u00f5igi tegevuste eest, mis toimuvad teie konto v\u00f5i parooli all.<\/p>\n\n\n\n<h3 class=\"wp-block-heading\">6. Kasutajate panused ja suhtlus<\/h3>\n\n\n\n<p>K\u00f5ik materjalid, teave, ideed v\u00f5i muu suhtlus, mille te sellele veebisaidile edastate v\u00f5i avaldate, k\u00e4sitletakse kui mitte-konfidentsiaalseid ja mitteautori\u00f5igustega kaitstud. Elementvapeil on \u00f5igus kasutada neid sisu mis tahes kommertseesm\u00e4rkidel v\u00f5i mitte-kommerntseesm\u00e4rkidel piiramata.<\/p>\n\n\n\n<h3 class=\"wp-block-heading\">7. Garantii, saatmine ja tagastamine<\/h3>\n\n\n\n<p>Meie garantiitingimuste, saatmisjuhiste ja tagastamisprotsesside kohta leiate teavet meie eraldi lehelt <strong>\u201eGarantii, saatmine ja tagastamine\u201c<\/strong>. Need juhised on selle kasutustingimuste osa.<\/p>\n\n\n\n<h3 class=\"wp-block-heading\">8. Autori\u00f5igus (Copyright)<\/h3>\n\n\n\n<p>Kogu selle veebisaidi sisu (sh tekstid, graafika, logod, pildid) kuulub Elementvape'ile. \u00dckski materjal ei tohi ilma Elementvape'i selges\u00f5nalise kirjaliku loata kopeerida, reprodutseerida, uuesti avaldada, \u00fcles laadida ega muul viisil levitada.<\/p>\n\n\n\n<h3 class=\"wp-block-heading\">9. Vastuolulisus<\/h3>\n\n\n\n<p>See veebisait ja k\u00f5ik sellel olevad teave, sisud, materjalid ja tooted on Elementvape poolt esitatud \u201enagu on\u201c (\u201eas is\u201c) ja \u201ek\u00e4ttesaadaval\u201c alusel. Elementvape ei v\u00f5ta otseseid ega kaudseid garantiisid veebisaidi toimimise v\u00f5i selle sisu \u00f5igsuse kohta, nii palju kui seadus seda lubab.<\/p>\n\n\n\n<h3 class=\"wp-block-heading\">10. Kehtiv \u00f5igus ja kohtukohus<\/h3>\n\n\n\n<p>Seda veebisaiti haldab <strong>Hiina<\/strong> . Need kasutustingimused ja k\u00f5ik vaidlused, mis tulenevad veebisaidi kasutamisest, alluvad Hiina Vabariigi seadustele, olenemata v\u00f5imalike kollisiooniseaduste s\u00e4tetest.<\/p>\n\n\n\n<h3 class=\"wp-block-heading\">11. Kasutustingimuste muutmine<\/h3>\n\n\n\n<p>Elementvape j\u00e4tab endale \u00f5iguse neid kasutustingimusi igal ajal ja oma \u00e4ran\u00e4gemise j\u00e4rgi uuendada v\u00f5i muuta. Teie vastutus on regulaarselt seda lehte kontrollida muudatuste osas. Teie veebisaidi kasutamise j\u00e4tkamine p\u00e4rast muudatuste avaldamist loetakse nende muudatuste n\u00f5ustumiseks.<\/p>\n\n\n\n<h3 class=\"wp-block-heading\">12. T\u00f5lgenduskeel<\/h3>\n\n\n\n<p>L\u00f5plik \u00f5igus nende tingimuste ja veebisaidi sisu t\u00f5lgendamiseks kuulub, nii palju kui seadus seda lubab, Elementvape'ile.<\/p>","protected":false},"excerpt":{"rendered":"<p>Allgemeine Gesch\u00e4ftsbedingungen (AGB) &amp; Nutzungsbedingungen BITTE LESEN SIE DIESE NUTZUNGSBEDINGUNGEN SORGF\u00c4LTIG DURCH, BEVOR SIE DIESE WEBSITE NUTZEN. DURCH DEN ZUGRIFF AUF UND DIE NUTZUNG DIESER WEBSITE BEST\u00c4TIGEN SIE, DASS SIE DIESE BEDINGUNGEN GELESEN UND VERSTANDEN HABEN UND DIESEN ZUSTIMMEN. WENN SIE DIESEN BEDINGUNGEN NICHT ZUSTIMMEN, D\u00dcRFEN SIE DIE WEBSITE NICHT NUTZEN. 1. Zustimmung zu den [&hellip;]<\/p>","protected":false},"author":3,"featured_media":0,"parent":0,"menu_order":0,"comment_status":"closed","ping_status":"closed","template":"","meta":{"inline_featured_image":false,"footnotes":""},"yoast_head":"<!-- This site is optimized with the Yoast SEO plugin v23.3 - https:\/\/yoast.com\/wordpress\/plugins\/seo\/ -->\n<title>Gesch\u00e4ftsbedingungen<\/title>\n<meta name=\"description\" content=\"Unsere Nutzungsbedingungen regeln Altersanforderungen, Datenschutz, Rechte und Pflichten f\u00fcr eine sichere und rechtskonforme Nutzung unserer Website.\" \/>\n<meta name=\"robots\" content=\"index, follow, max-snippet:-1, max-image-preview:large, max-video-preview:-1\" \/>\n<link rel=\"canonical\" href=\"https:\/\/www.elementvape.de\/et\/terms-conditions\/\" \/>\n<meta property=\"og:locale\" content=\"et_EE\" \/>\n<meta property=\"og:type\" content=\"article\" \/>\n<meta property=\"og:title\" content=\"Gesch\u00e4ftsbedingungen\" \/>\n<meta property=\"og:description\" content=\"Unsere Nutzungsbedingungen regeln Altersanforderungen, Datenschutz, Rechte und Pflichten f\u00fcr eine sichere und rechtskonforme Nutzung unserer Website.\" \/>\n<meta property=\"og:url\" content=\"https:\/\/www.elementvape.de\/et\/terms-conditions\/\" \/>\n<meta property=\"og:site_name\" content=\"ElementVape.de\" \/>\n<meta property=\"article:modified_time\" content=\"2025-12-11T07:00:30+00:00\" \/>\n<meta name=\"twitter:card\" content=\"summary_large_image\" \/>\n<meta name=\"twitter:label1\" content=\"Est. reading time\" \/>\n\t<meta name=\"twitter:data1\" content=\"4 minutit\" \/>\n<script type=\"application\/ld+json\" class=\"yoast-schema-graph\">{\"@context\":\"https:\/\/schema.org\",\"@graph\":[{\"@type\":\"WebPage\",\"@id\":\"https:\/\/www.elementvape.de\/terms-conditions\/\",\"url\":\"https:\/\/www.elementvape.de\/terms-conditions\/\",\"name\":\"Gesch\u00e4ftsbedingungen\",\"isPartOf\":{\"@id\":\"https:\/\/www.elementvape.de\/#website\"},\"datePublished\":\"2024-09-10T07:29:15+00:00\",\"dateModified\":\"2025-12-11T07:00:30+00:00\",\"description\":\"Unsere Nutzungsbedingungen regeln Altersanforderungen, Datenschutz, Rechte und Pflichten f\u00fcr eine sichere und rechtskonforme Nutzung unserer Website.\",\"breadcrumb\":{\"@id\":\"https:\/\/www.elementvape.de\/terms-conditions\/#breadcrumb\"},\"inLanguage\":\"et\",\"potentialAction\":[{\"@type\":\"ReadAction\",\"target\":[\"https:\/\/www.elementvape.de\/terms-conditions\/\"]}]},{\"@type\":\"BreadcrumbList\",\"@id\":\"https:\/\/www.elementvape.de\/terms-conditions\/#breadcrumb\",\"itemListElement\":[{\"@type\":\"ListItem\",\"position\":1,\"name\":\"Home\",\"item\":\"https:\/\/www.elementvape.de\/\"},{\"@type\":\"ListItem\",\"position\":2,\"name\":\"Gesch\u00e4ftsbedingungen\"}]},{\"@type\":\"WebSite\",\"@id\":\"https:\/\/www.elementvape.de\/#website\",\"url\":\"https:\/\/www.elementvape.de\/\",\"name\":\"ElementVape.de\",\"description\":\"\",\"publisher\":{\"@id\":\"https:\/\/www.elementvape.de\/#organization\"},\"potentialAction\":[{\"@type\":\"SearchAction\",\"target\":{\"@type\":\"EntryPoint\",\"urlTemplate\":\"https:\/\/www.elementvape.de\/?s={search_term_string}\"},\"query-input\":\"required name=search_term_string\"}],\"inLanguage\":\"et\"},{\"@type\":\"Organization\",\"@id\":\"https:\/\/www.elementvape.de\/#organization\",\"name\":\"ElementVape.DE\",\"url\":\"https:\/\/www.elementvape.de\/\",\"logo\":{\"@type\":\"ImageObject\",\"inLanguage\":\"et\",\"@id\":\"https:\/\/www.elementvape.de\/#\/schema\/logo\/image\/\",\"url\":\"https:\/\/www.elementvape.de\/wp-content\/uploads\/2024\/09\/cropped-1elementvape-3.png\",\"contentUrl\":\"https:\/\/www.elementvape.de\/wp-content\/uploads\/2024\/09\/cropped-1elementvape-3.png\",\"width\":285,\"height\":228,\"caption\":\"ElementVape.DE\"},\"image\":{\"@id\":\"https:\/\/www.elementvape.de\/#\/schema\/logo\/image\/\"}}]}<\/script>\n<!-- \/ Yoast SEO plugin. -->","yoast_head_json":{"title":"Gesch\u00e4ftsbedingungen","description":"Unsere Nutzungsbedingungen regeln Altersanforderungen, Datenschutz, Rechte und Pflichten f\u00fcr eine sichere und rechtskonforme Nutzung unserer Website.","robots":{"index":"index","follow":"follow","max-snippet":"max-snippet:-1","max-image-preview":"max-image-preview:large","max-video-preview":"max-video-preview:-1"},"canonical":"https:\/\/www.elementvape.de\/et\/terms-conditions\/","og_locale":"et_EE","og_type":"article","og_title":"Gesch\u00e4ftsbedingungen","og_description":"Unsere Nutzungsbedingungen regeln Altersanforderungen, Datenschutz, Rechte und Pflichten f\u00fcr eine sichere und rechtskonforme Nutzung unserer Website.","og_url":"https:\/\/www.elementvape.de\/et\/terms-conditions\/","og_site_name":"ElementVape.de","article_modified_time":"2025-12-11T07:00:30+00:00","twitter_card":"summary_large_image","twitter_misc":{"Est. reading time":"4 minutit"},"schema":{"@context":"https:\/\/schema.org","@graph":[{"@type":"WebPage","@id":"https:\/\/www.elementvape.de\/terms-conditions\/","url":"https:\/\/www.elementvape.de\/terms-conditions\/","name":"Gesch\u00e4ftsbedingungen","isPartOf":{"@id":"https:\/\/www.elementvape.de\/#website"},"datePublished":"2024-09-10T07:29:15+00:00","dateModified":"2025-12-11T07:00:30+00:00","description":"Unsere Nutzungsbedingungen regeln Altersanforderungen, Datenschutz, Rechte und Pflichten f\u00fcr eine sichere und rechtskonforme Nutzung unserer Website.","breadcrumb":{"@id":"https:\/\/www.elementvape.de\/terms-conditions\/#breadcrumb"},"inLanguage":"et","potentialAction":[{"@type":"ReadAction","target":["https:\/\/www.elementvape.de\/terms-conditions\/"]}]},{"@type":"BreadcrumbList","@id":"https:\/\/www.elementvape.de\/terms-conditions\/#breadcrumb","itemListElement":[{"@type":"ListItem","position":1,"name":"Home","item":"https:\/\/www.elementvape.de\/"},{"@type":"ListItem","position":2,"name":"Gesch\u00e4ftsbedingungen"}]},{"@type":"WebSite","@id":"https:\/\/www.elementvape.de\/#website","url":"https:\/\/www.elementvape.de\/","name":"ElementVape.de","description":"","publisher":{"@id":"https:\/\/www.elementvape.de\/#organization"},"potentialAction":[{"@type":"SearchAction","target":{"@type":"EntryPoint","urlTemplate":"https:\/\/www.elementvape.de\/?s={search_term_string}"},"query-input":"required name=search_term_string"}],"inLanguage":"et"},{"@type":"Organization","@id":"https:\/\/www.elementvape.de\/#organization","name":"ElementVape.DE","url":"https:\/\/www.elementvape.de\/","logo":{"@type":"ImageObject","inLanguage":"et","@id":"https:\/\/www.elementvape.de\/#\/schema\/logo\/image\/","url":"https:\/\/www.elementvape.de\/wp-content\/uploads\/2024\/09\/cropped-1elementvape-3.png","contentUrl":"https:\/\/www.elementvape.de\/wp-content\/uploads\/2024\/09\/cropped-1elementvape-3.png","width":285,"height":228,"caption":"ElementVape.DE"},"image":{"@id":"https:\/\/www.elementvape.de\/#\/schema\/logo\/image\/"}}]}},"_links":{"self":[{"href":"https:\/\/www.elementvape.de\/et\/wp-json\/wp\/v2\/pages\/14259"}],"collection":[{"href":"https:\/\/www.elementvape.de\/et\/wp-json\/wp\/v2\/pages"}],"about":[{"href":"https:\/\/www.elementvape.de\/et\/wp-json\/wp\/v2\/types\/page"}],"author":[{"embeddable":true,"href":"https:\/\/www.elementvape.de\/et\/wp-json\/wp\/v2\/users\/3"}],"replies":[{"embeddable":true,"href":"https:\/\/www.elementvape.de\/et\/wp-json\/wp\/v2\/comments?post=14259"}],"version-history":[{"count":5,"href":"https:\/\/www.elementvape.de\/et\/wp-json\/wp\/v2\/pages\/14259\/revisions"}],"predecessor-version":[{"id":16683,"href":"https:\/\/www.elementvape.de\/et\/wp-json\/wp\/v2\/pages\/14259\/revisions\/16683"}],"wp:attachment":[{"href":"https:\/\/www.elementvape.de\/et\/wp-json\/wp\/v2\/media?parent=14259"}],"curies":[{"name":"wp","href":"https:\/\/api.w.org\/{rel}","templated":true}]}}