{"id":8258,"date":"2024-04-20T08:03:35","date_gmt":"2024-04-20T08:03:35","guid":{"rendered":"https:\/\/www.elementvape.de\/?post_type=product&#038;p=8258"},"modified":"2024-09-12T10:31:58","modified_gmt":"2024-09-12T10:31:58","slug":"vandy-vape-pulse-aio-v2-kit-e-zigaretten-cartomizer","status":"publish","type":"product","link":"https:\/\/www.elementvape.de\/es\/produkt\/vandy-vape-pulse-aio-v2-kit-e-zigaretten-cartomizer\/","title":{"rendered":"Vandy Vape Pulse Aio V2 Kit, cigarrillos electr\u00f3nicos, cartomizador"},"content":{"rendered":"<p>&nbsp;<\/p>\n<div class=\"product-specs-list-container\">\n<ul class=\"product-specs-list util-clearfix\">\n<li class=\"product-prop line-limit-length\"><span class=\"property-title\">Apariencia:\u00a0<\/span><span class=\"property-desc line-limit-length\">Forma de caja<\/span><\/li>\n<li class=\"product-prop line-limit-length\"><span class=\"property-title\">Bater\u00eda compatible:\u00a0<\/span><span class=\"property-desc line-limit-length\">18650<\/span><\/li>\n<li class=\"product-prop line-limit-length\"><span class=\"property-title\">Funci\u00f3n de monitoreo de la cantidad de humo:\u00a0<\/span><span class=\"property-desc line-limit-length\">No<\/span><\/li>\n<li class=\"product-prop line-limit-length\"><span class=\"property-title\">Funda de silicona:\u00a0<\/span><span class=\"property-desc line-limit-length\">No<\/span><\/li>\n<li class=\"product-prop line-limit-length\"><span class=\"property-title\">Regulaci\u00f3n de temperatura:\u00a0<\/span><span class=\"property-desc line-limit-length\">No<\/span><\/li>\n<li class=\"product-prop line-limit-length\"><span class=\"property-title\">Bater\u00eda incorporada o externa:\u00a0<\/span><span class=\"property-desc line-limit-length\">Externo<\/span><\/li>\n<li class=\"product-prop line-limit-length\"><span class=\"property-title\">Funci\u00f3n de protecci\u00f3n contra cortocircuitos:\u00a0<\/span><span class=\"property-desc line-limit-length\">Ja<\/span><\/li>\n<li class=\"product-prop line-limit-length\"><span class=\"property-title\">Funci\u00f3n de protecci\u00f3n contra sobrecalentamiento:\u00a0<\/span><span class=\"property-desc line-limit-length\">No<\/span><\/li>\n<li class=\"product-prop line-limit-length\"><span class=\"property-title\">Funci\u00f3n de alarma de bajo voltaje:\u00a0<\/span><span class=\"property-desc line-limit-length\">No<\/span><\/li>\n<li class=\"product-prop line-limit-length\"><span class=\"property-title\">Funci\u00f3n de identificaci\u00f3n del atomizador:\u00a0<\/span><span class=\"property-desc line-limit-length\">Ja<\/span><\/li>\n<li class=\"product-prop line-limit-length\"><span class=\"property-title\">Modos de ajuste TCR:\u00a0<\/span><span class=\"property-desc line-limit-length\">No<\/span><\/li>\n<li class=\"product-prop line-limit-length\"><span class=\"property-title\">Capacidad nominal:\u00a0<\/span><span class=\"property-desc line-limit-length\">Ninguna<\/span><\/li>\n<li class=\"product-prop line-limit-length\"><span class=\"property-title\">Material:\u00a0<\/span><span class=\"property-desc line-limit-length\">Metal<\/span><\/li>\n<li class=\"product-prop line-limit-length\"><span class=\"property-title\">Modelo compatible:\u00a0<\/span><span class=\"property-desc line-limit-length\">Vape de cigarrillo electr\u00f3nico<\/span><\/li>\n<li class=\"product-prop line-limit-length\"><span class=\"property-title\">N\u00famero de modelo:\u00a0<\/span><span class=\"property-desc line-limit-length\">Kit Vandy Vape Pulse AIO V2<\/span><\/li>\n<li class=\"product-prop line-limit-length\"><span class=\"property-title\">Cargador USB:\u00a0<\/span><span class=\"property-desc line-limit-length\">Ja<\/span><\/li>\n<li class=\"product-prop line-limit-length\"><span class=\"property-title\">Actualizaci\u00f3n de firmware:\u00a0<\/span><span class=\"property-desc line-limit-length\">No<\/span><\/li>\n<li class=\"product-prop line-limit-length\"><span class=\"property-title\">Pantalla:\u00a0<\/span><span class=\"property-desc line-limit-length\">Ja<\/span><\/li>\n<li class=\"product-prop line-limit-length\"><span class=\"property-title\">Tipo:\u00a0<\/span><span class=\"property-desc line-limit-length\">Sin Bater\u00eda<\/span><\/li>\n<li class=\"product-prop line-limit-length\"><span class=\"property-title\">Nombre de la marca:\u00a0<\/span><span class=\"property-desc line-limit-length\">Hapyan<\/span><\/li>\n<li class=\"product-prop line-limit-length\"><span class=\"property-title\">Origen:\u00a0<\/span><span class=\"property-desc line-limit-length\">CN (origen)<\/span><\/li>\n<li class=\"product-prop line-limit-length\"><span class=\"property-title\">Rango de salida:\u00a0<\/span><span class=\"property-desc line-limit-length\">5-80W<\/span><\/li>\n<li class=\"product-prop line-limit-length\"><span class=\"property-title\">Rango de resistencia:\u00a0<\/span><span class=\"property-desc line-limit-length\">0.05-3.0ohm<\/span><\/li>\n<li class=\"product-prop line-limit-length\"><span class=\"property-title\">Placa:\u00a0<\/span><span class=\"property-desc line-limit-length\">Placa de circuito impermeable IP67 PCBA<\/span><\/li>\n<\/ul>\n<\/div>\n<div class=\"detailmodule_html\">\n<div class=\"detail-desc-decorate-richtext\">\n<div class=\"detailmodule_text\">\n<p id=\"tl_1\" class=\"detail-desc-decorate-title\" style=\"font-family: OpenSans; font-size: 20px; font-weight: 900; line-height: 28px; color: #000000; margin-bottom: 12px;\">Kit original Vandy Vape Puls Aio V2 de 80W con mod de caja y vaporizador con cartucho RBA de 6ml, cigarrillo electr\u00f3nico vaporizer<\/p>\n<\/div>\n<div class=\"detailmodule_text\">\n<p id=\"tl_2\" class=\"detail-desc-decorate-title\" style=\"font-family: OpenSans; font-size: 20px; font-weight: 900; line-height: 28px; color: #000000; margin-bottom: 12px;\">Descripci\u00f3n:<\/p>\n<p id=\"tl_3\" class=\"detail-desc-decorate-content\" style=\"font-family: OpenSans; font-size: 14px; font-weight: 300; line-height: 20px; color: #000000; margin-bottom: 12px;\">El kit Vandy Vape Puls Aio V2 es compacto y port\u00e1til, alimentado por una sola bater\u00eda 18650 (no incluida) y equipado con un RBA de capacidad de 6ml y un bot\u00f3n para activar. La placa del Puls Aio V2 es resistente al agua. As\u00ed, es f\u00e1cil limpiar las manchas de jugo y el polvo. Si prefieres vapear en movimiento, este Aio es la mejor opci\u00f3n debido a la bater\u00eda intercambiable 18650 (no incluida) y su gran capacidad. Adem\u00e1s, Vandy Vape Puls Aio V2 tambi\u00e9n viene con un adaptador 510 para diferentes necesidades.<\/p>\n<\/div>\n<div class=\"detailmodule_text\">\n<p id=\"tl_4\" class=\"detail-desc-decorate-title\" style=\"font-family: OpenSans; font-size: 20px; font-weight: 900; line-height: 28px; color: #000000; margin-bottom: 12px;\">Caracter\u00edsticas:<\/p>\n<p id=\"tl_5\" class=\"detail-desc-decorate-content\" style=\"font-family: OpenSans; font-size: 14px; font-weight: 300; line-height: 20px; color: #000000; margin-bottom: 12px;\">\u2022 Bater\u00eda: bater\u00eda 18650 individual (no incluida)<br \/>\n\u2022 Rango de salida: 5-80w<br \/>\n\u2022 Capacidad del pod: 6ml<br \/>\n\u2022 Rango de resistencia: 0,05-3,0 Ohm<br \/>\n\u2022 Carga: puerto Tipo-C<br \/>\n\u2022 Operaci\u00f3n: activado por bot\u00f3n<br \/>\n\u2022 Sistema de llenado: sistema de llenado lateral<br \/>\n\u2022 Placa de circuito impermeable IP67 PCBA<br \/>\n\u2022 Material: PCTG + aleaci\u00f3n de aluminio + acero inoxidable<\/p>\n<\/div>\n<div class=\"detailmodule_text\">\n<p id=\"tl_6\" class=\"detail-desc-decorate-title\" style=\"font-family: OpenSans; font-size: 20px; font-weight: 900; line-height: 28px; color: #000000; margin-bottom: 12px;\">Lista de paquete<\/p>\n<p id=\"tl_7\" class=\"detail-desc-decorate-content\" style=\"font-family: OpenSans; font-size: 14px; font-weight: 300; line-height: 20px; color: #000000; margin-bottom: 12px;\">1 * kit Vandy Vape Puls Aio V2<br \/>\n4 * tubo de flujo de aire RBA<br \/>\n1 * Adaptador 510<br \/>\n2 * boquillas de goteo<br \/>\n1 * RBA<br \/>\n1 * bolsa de accesorios<br \/>\nTubo de flujo de aire de punta de gotas de 3 *<\/p>\n<\/div>\n<div class=\"detailmodule_image\"><img decoding=\"async\" loading=\"lazy\" class=\"detail-desc-decorate-image\" src=\"https:\/\/ae01.alicdn.com\/kf\/S3a71125efc8e4423b38730223729f248x.jpg\" \/><br \/>\n<img decoding=\"async\" loading=\"lazy\" class=\"detail-desc-decorate-image\" src=\"https:\/\/ae01.alicdn.com\/kf\/S0c6b704109f54243953d313ce2a522f1R.jpg\" \/><br \/>\n<img decoding=\"async\" loading=\"lazy\" class=\"detail-desc-decorate-image\" src=\"https:\/\/ae01.alicdn.com\/kf\/S638f7fcaf39f4f16b9ce8d7c35ec12d1Q.jpg\" \/><br \/>\n<img decoding=\"async\" loading=\"lazy\" class=\"detail-desc-decorate-image\" src=\"https:\/\/ae01.alicdn.com\/kf\/S555d4247bbfc4780911eef0c90169e91Q.jpg\" \/><br \/>\n<img decoding=\"async\" loading=\"lazy\" class=\"detail-desc-decorate-image\" src=\"https:\/\/ae01.alicdn.com\/kf\/Sa59a0a1fe11f4c82b7cb8213cd844691j.jpg\" \/><br \/>\n<img decoding=\"async\" loading=\"lazy\" class=\"detail-desc-decorate-image\" src=\"https:\/\/ae01.alicdn.com\/kf\/Sc04265c53c044381bc111ee0c5288083P.jpg\" \/><br \/>\n<img decoding=\"async\" loading=\"lazy\" class=\"detail-desc-decorate-image\" src=\"https:\/\/ae01.alicdn.com\/kf\/S3a0f2b6b51394301be1117fd496b2b2af.jpg\" \/><br \/>\n<img decoding=\"async\" loading=\"lazy\" class=\"detail-desc-decorate-image\" src=\"https:\/\/ae01.alicdn.com\/kf\/Sf167710361e54d87bde9e8676c5c15b5E.jpg\" \/><br \/>\n<img decoding=\"async\" loading=\"lazy\" class=\"detail-desc-decorate-image\" src=\"https:\/\/ae01.alicdn.com\/kf\/Sb9f2a656febc4189879e46fc10e02abd4.jpg\" \/><br \/>\n<img decoding=\"async\" loading=\"lazy\" class=\"detail-desc-decorate-image\" src=\"https:\/\/ae01.alicdn.com\/kf\/S9912a86be39e455d995191d0d3e946fai.jpg\" \/><\/div>\n<div class=\"detailmodule_image\"><img decoding=\"async\" loading=\"lazy\" class=\"detail-desc-decorate-image\" src=\"https:\/\/ae01.alicdn.com\/kf\/S78f18493b63d4f4d8cb9e11985969fdej.jpg\" \/><br \/>\n<img decoding=\"async\" loading=\"lazy\" class=\"detail-desc-decorate-image\" src=\"https:\/\/ae01.alicdn.com\/kf\/Sebee5a372b5842259f887e26c9f9f825F.jpg\" \/><br \/>\n<img decoding=\"async\" loading=\"lazy\" class=\"detail-desc-decorate-image\" src=\"https:\/\/ae01.alicdn.com\/kf\/S3ef2f7402dbe4835ab5568927b20924e2.jpg\" \/><\/div>\n<p>&nbsp;<\/p>\n<\/div>\n<\/div>","protected":false},"excerpt":{"rendered":"<p>&nbsp; Aussehen:\u00a0Box Form Kompatibler Akku:\u00a018650 \u00dcberwachung Funktion Von Rauchen Anzahl:\u00a0Nein Silikon Fall:\u00a0Nein Temperaturregelung:\u00a0Nein Eingebaute Oder Externe Batterie:\u00a0External Kurzschlussschutz Funktion:\u00a0Ja \u00dcberhitzungsschutz-funktion:\u00a0Nein Niederspannungsalarmfunktion:\u00a0Nein Zerst\u00e4uber Identifikation Funktion:\u00a0Ja TCR Einstellung Modi:\u00a0Nein Nominale Kapazit\u00e4t:\u00a0Kein Material:\u00a0Metall Compatible Model:\u00a0Electronic Cigarette Vape Modellnummer:\u00a0Vandy Vape Pulse AIO V2 Kit Usb-ladeger\u00e4t:\u00a0Ja Firmware-upgrade:\u00a0Nein Display:\u00a0Ja Art:\u00a0Ohne Batterie Markenname:\u00a0Hapyan Ursprung:\u00a0CN (Herkunft) Output Range:\u00a05-80W Resistance Range:\u00a00.05-3.0ohm Board:\u00a0IP67 PCBA Waterproof [&hellip;]<\/p>","protected":false},"featured_media":8259,"template":"","meta":{"inline_featured_image":false},"product_cat":[15,78,750,737,736,749,77],"product_tag":[],"tiered_pricing_type":"fixed","tiered_pricing_fixed_rules":[],"tiered_pricing_percentage_rules":[],"tiered_pricing_minimum":1,"_administrator_tiered_pricing_type":"fixed","_administrator_tiered_pricing_fixed_rules":[],"_editor_tiered_pricing_type":"fixed","_editor_tiered_pricing_fixed_rules":[],"_author_tiered_pricing_type":"fixed","_author_tiered_pricing_fixed_rules":[],"_contributor_tiered_pricing_type":"fixed","_contributor_tiered_pricing_fixed_rules":[],"_subscriber_tiered_pricing_type":"fixed","_subscriber_tiered_pricing_fixed_rules":[],"_customer_tiered_pricing_type":"fixed","_customer_tiered_pricing_fixed_rules":[],"_shop_manager_tiered_pricing_type":"fixed","_shop_manager_tiered_pricing_fixed_rules":[],"_wpseo_manager_tiered_pricing_type":"fixed","_wpseo_manager_tiered_pricing_fixed_rules":[],"_wpseo_editor_tiered_pricing_type":"fixed","_wpseo_editor_tiered_pricing_fixed_rules":[],"_wholesale_customer_tiered_pricing_type":"fixed","_wholesale_customer_tiered_pricing_fixed_rules":[],"_marketer_tiered_pricing_type":"fixed","_marketer_tiered_pricing_fixed_rules":[],"_sales_manager_tiered_pricing_type":"fixed","_sales_manager_tiered_pricing_fixed_rules":[],"_sales_rep_tiered_pricing_type":"fixed","_sales_rep_tiered_pricing_fixed_rules":[],"yoast_head":"<!-- This site is optimized with the Yoast SEO plugin v23.3 - https:\/\/yoast.com\/wordpress\/plugins\/seo\/ -->\n<title>Vandy Vape Pulse Aio V2 Kit E-Zigaretten-Cartomizer | ElementVape.de<\/title>\n<meta name=\"description\" content=\"Wir bieten Vandy Vape Pulse Aio V2 Kit E-Zigaretten-Cartomizer , Elementvape.de akzeptieren Gro\u00df-und Einzelhandel Bestellungen.\" \/>\n<meta name=\"robots\" content=\"index, follow, max-snippet:-1, max-image-preview:large, max-video-preview:-1\" \/>\n<link rel=\"canonical\" href=\"https:\/\/www.elementvape.de\/es\/produkt\/vandy-vape-pulse-aio-v2-kit-e-zigaretten-cartomizer\/\" \/>\n<meta property=\"og:locale\" content=\"es_ES\" \/>\n<meta property=\"og:type\" content=\"article\" \/>\n<meta property=\"og:title\" content=\"Vandy Vape Pulse Aio V2 Kit E-Zigaretten-Cartomizer | ElementVape.de\" \/>\n<meta property=\"og:description\" content=\"Wir bieten Vandy Vape Pulse Aio V2 Kit E-Zigaretten-Cartomizer , Elementvape.de akzeptieren Gro\u00df-und Einzelhandel Bestellungen.\" \/>\n<meta property=\"og:url\" content=\"https:\/\/www.elementvape.de\/es\/produkt\/vandy-vape-pulse-aio-v2-kit-e-zigaretten-cartomizer\/\" \/>\n<meta property=\"og:site_name\" content=\"ElementVape.de\" \/>\n<meta property=\"article:modified_time\" content=\"2024-09-12T10:31:58+00:00\" \/>\n<meta property=\"og:image\" content=\"https:\/\/ae01.alicdn.com\/kf\/Sc967bb874d5c47c7b23e61a174e4fefaD\/Original-Vandy-Vape-Puls-Aio-V2-Kit-80W-Box-Mod-Vape-mit-6ml-RBA-Pod-Patrone.jpg\" \/>\n\t<meta property=\"og:image:width\" content=\"800\" \/>\n\t<meta property=\"og:image:height\" content=\"800\" \/>\n\t<meta property=\"og:image:type\" content=\"image\/jpeg\" \/>\n<meta name=\"twitter:card\" content=\"summary_large_image\" \/>\n<meta name=\"twitter:label1\" content=\"Est. reading time\" \/>\n\t<meta name=\"twitter:data1\" content=\"5 minutos\" \/>\n<script type=\"application\/ld+json\" class=\"yoast-schema-graph\">{\"@context\":\"https:\/\/schema.org\",\"@graph\":[{\"@type\":\"WebPage\",\"@id\":\"https:\/\/www.elementvape.de\/el\/produkt\/vandy-vape-pulse-aio-v2-kit-e-zigaretten-cartomizer\/\",\"url\":\"https:\/\/www.elementvape.de\/el\/produkt\/vandy-vape-pulse-aio-v2-kit-e-zigaretten-cartomizer\/\",\"name\":\"Vandy Vape Pulse Aio V2 Kit E-Zigaretten-Cartomizer | ElementVape.de\",\"isPartOf\":{\"@id\":\"https:\/\/www.elementvape.de\/#website\"},\"primaryImageOfPage\":{\"@id\":\"https:\/\/www.elementvape.de\/el\/produkt\/vandy-vape-pulse-aio-v2-kit-e-zigaretten-cartomizer\/#primaryimage\"},\"image\":{\"@id\":\"https:\/\/www.elementvape.de\/el\/produkt\/vandy-vape-pulse-aio-v2-kit-e-zigaretten-cartomizer\/#primaryimage\"},\"thumbnailUrl\":\"https:\/\/ae01.alicdn.com\/kf\/Sc967bb874d5c47c7b23e61a174e4fefaD\/Original-Vandy-Vape-Puls-Aio-V2-Kit-80W-Box-Mod-Vape-mit-6ml-RBA-Pod-Patrone.jpg\",\"datePublished\":\"2024-04-20T08:03:35+00:00\",\"dateModified\":\"2024-09-12T10:31:58+00:00\",\"description\":\"Wir bieten Vandy Vape Pulse Aio V2 Kit E-Zigaretten-Cartomizer , Elementvape.de akzeptieren Gro\u00df-und Einzelhandel Bestellungen.\",\"breadcrumb\":{\"@id\":\"https:\/\/www.elementvape.de\/el\/produkt\/vandy-vape-pulse-aio-v2-kit-e-zigaretten-cartomizer\/#breadcrumb\"},\"inLanguage\":\"es\",\"potentialAction\":[{\"@type\":\"ReadAction\",\"target\":[\"https:\/\/www.elementvape.de\/el\/produkt\/vandy-vape-pulse-aio-v2-kit-e-zigaretten-cartomizer\/\"]}]},{\"@type\":\"ImageObject\",\"inLanguage\":\"es\",\"@id\":\"https:\/\/www.elementvape.de\/el\/produkt\/vandy-vape-pulse-aio-v2-kit-e-zigaretten-cartomizer\/#primaryimage\",\"url\":\"https:\/\/ae01.alicdn.com\/kf\/Sc967bb874d5c47c7b23e61a174e4fefaD\/Original-Vandy-Vape-Puls-Aio-V2-Kit-80W-Box-Mod-Vape-mit-6ml-RBA-Pod-Patrone.jpg\",\"contentUrl\":\"https:\/\/ae01.alicdn.com\/kf\/Sc967bb874d5c47c7b23e61a174e4fefaD\/Original-Vandy-Vape-Puls-Aio-V2-Kit-80W-Box-Mod-Vape-mit-6ml-RBA-Pod-Patrone.jpg\",\"width\":800,\"height\":800},{\"@type\":\"BreadcrumbList\",\"@id\":\"https:\/\/www.elementvape.de\/el\/produkt\/vandy-vape-pulse-aio-v2-kit-e-zigaretten-cartomizer\/#breadcrumb\",\"itemListElement\":[{\"@type\":\"ListItem\",\"position\":1,\"name\":\"Home\",\"item\":\"https:\/\/www.elementvape.de\/\"},{\"@type\":\"ListItem\",\"position\":2,\"name\":\"Shop\",\"item\":\"https:\/\/www.elementvape.de\/shop\/\"},{\"@type\":\"ListItem\",\"position\":3,\"name\":\"Vandy Vape Pulse Aio V2 Kit E-Zigaretten-Cartomizer\"}]},{\"@type\":\"WebSite\",\"@id\":\"https:\/\/www.elementvape.de\/#website\",\"url\":\"https:\/\/www.elementvape.de\/\",\"name\":\"ElementVape.de\",\"description\":\"\",\"publisher\":{\"@id\":\"https:\/\/www.elementvape.de\/#organization\"},\"potentialAction\":[{\"@type\":\"SearchAction\",\"target\":{\"@type\":\"EntryPoint\",\"urlTemplate\":\"https:\/\/www.elementvape.de\/?s={search_term_string}\"},\"query-input\":\"required name=search_term_string\"}],\"inLanguage\":\"es\"},{\"@type\":\"Organization\",\"@id\":\"https:\/\/www.elementvape.de\/#organization\",\"name\":\"ElementVape.DE\",\"url\":\"https:\/\/www.elementvape.de\/\",\"logo\":{\"@type\":\"ImageObject\",\"inLanguage\":\"es\",\"@id\":\"https:\/\/www.elementvape.de\/#\/schema\/logo\/image\/\",\"url\":\"https:\/\/www.elementvape.de\/wp-content\/uploads\/2024\/09\/cropped-1elementvape-3.png\",\"contentUrl\":\"https:\/\/www.elementvape.de\/wp-content\/uploads\/2024\/09\/cropped-1elementvape-3.png\",\"width\":285,\"height\":228,\"caption\":\"ElementVape.DE\"},\"image\":{\"@id\":\"https:\/\/www.elementvape.de\/#\/schema\/logo\/image\/\"}}]}<\/script>\n<!-- \/ Yoast SEO plugin. -->","yoast_head_json":{"title":"Vandy Vape Pulse Aio V2 Kit E-Zigaretten-Cartomizer | ElementVape.de","description":"Wir bieten Vandy Vape Pulse Aio V2 Kit E-Zigaretten-Cartomizer , Elementvape.de akzeptieren Gro\u00df-und Einzelhandel Bestellungen.","robots":{"index":"index","follow":"follow","max-snippet":"max-snippet:-1","max-image-preview":"max-image-preview:large","max-video-preview":"max-video-preview:-1"},"canonical":"https:\/\/www.elementvape.de\/es\/produkt\/vandy-vape-pulse-aio-v2-kit-e-zigaretten-cartomizer\/","og_locale":"es_ES","og_type":"article","og_title":"Vandy Vape Pulse Aio V2 Kit E-Zigaretten-Cartomizer | ElementVape.de","og_description":"Wir bieten Vandy Vape Pulse Aio V2 Kit E-Zigaretten-Cartomizer , Elementvape.de akzeptieren Gro\u00df-und Einzelhandel Bestellungen.","og_url":"https:\/\/www.elementvape.de\/es\/produkt\/vandy-vape-pulse-aio-v2-kit-e-zigaretten-cartomizer\/","og_site_name":"ElementVape.de","article_modified_time":"2024-09-12T10:31:58+00:00","og_image":[{"width":800,"height":800,"url":"https:\/\/ae01.alicdn.com\/kf\/Sc967bb874d5c47c7b23e61a174e4fefaD\/Original-Vandy-Vape-Puls-Aio-V2-Kit-80W-Box-Mod-Vape-mit-6ml-RBA-Pod-Patrone.jpg","type":"image\/jpeg"}],"twitter_card":"summary_large_image","twitter_misc":{"Est. reading time":"5 minutos"},"schema":{"@context":"https:\/\/schema.org","@graph":[{"@type":"WebPage","@id":"https:\/\/www.elementvape.de\/el\/produkt\/vandy-vape-pulse-aio-v2-kit-e-zigaretten-cartomizer\/","url":"https:\/\/www.elementvape.de\/el\/produkt\/vandy-vape-pulse-aio-v2-kit-e-zigaretten-cartomizer\/","name":"Vandy Vape Pulse Aio V2 Kit E-Zigaretten-Cartomizer | ElementVape.de","isPartOf":{"@id":"https:\/\/www.elementvape.de\/#website"},"primaryImageOfPage":{"@id":"https:\/\/www.elementvape.de\/el\/produkt\/vandy-vape-pulse-aio-v2-kit-e-zigaretten-cartomizer\/#primaryimage"},"image":{"@id":"https:\/\/www.elementvape.de\/el\/produkt\/vandy-vape-pulse-aio-v2-kit-e-zigaretten-cartomizer\/#primaryimage"},"thumbnailUrl":"https:\/\/ae01.alicdn.com\/kf\/Sc967bb874d5c47c7b23e61a174e4fefaD\/Original-Vandy-Vape-Puls-Aio-V2-Kit-80W-Box-Mod-Vape-mit-6ml-RBA-Pod-Patrone.jpg","datePublished":"2024-04-20T08:03:35+00:00","dateModified":"2024-09-12T10:31:58+00:00","description":"Wir bieten Vandy Vape Pulse Aio V2 Kit E-Zigaretten-Cartomizer , Elementvape.de akzeptieren Gro\u00df-und Einzelhandel Bestellungen.","breadcrumb":{"@id":"https:\/\/www.elementvape.de\/el\/produkt\/vandy-vape-pulse-aio-v2-kit-e-zigaretten-cartomizer\/#breadcrumb"},"inLanguage":"es","potentialAction":[{"@type":"ReadAction","target":["https:\/\/www.elementvape.de\/el\/produkt\/vandy-vape-pulse-aio-v2-kit-e-zigaretten-cartomizer\/"]}]},{"@type":"ImageObject","inLanguage":"es","@id":"https:\/\/www.elementvape.de\/el\/produkt\/vandy-vape-pulse-aio-v2-kit-e-zigaretten-cartomizer\/#primaryimage","url":"https:\/\/ae01.alicdn.com\/kf\/Sc967bb874d5c47c7b23e61a174e4fefaD\/Original-Vandy-Vape-Puls-Aio-V2-Kit-80W-Box-Mod-Vape-mit-6ml-RBA-Pod-Patrone.jpg","contentUrl":"https:\/\/ae01.alicdn.com\/kf\/Sc967bb874d5c47c7b23e61a174e4fefaD\/Original-Vandy-Vape-Puls-Aio-V2-Kit-80W-Box-Mod-Vape-mit-6ml-RBA-Pod-Patrone.jpg","width":800,"height":800},{"@type":"BreadcrumbList","@id":"https:\/\/www.elementvape.de\/el\/produkt\/vandy-vape-pulse-aio-v2-kit-e-zigaretten-cartomizer\/#breadcrumb","itemListElement":[{"@type":"ListItem","position":1,"name":"Home","item":"https:\/\/www.elementvape.de\/"},{"@type":"ListItem","position":2,"name":"Shop","item":"https:\/\/www.elementvape.de\/shop\/"},{"@type":"ListItem","position":3,"name":"Vandy Vape Pulse Aio V2 Kit E-Zigaretten-Cartomizer"}]},{"@type":"WebSite","@id":"https:\/\/www.elementvape.de\/#website","url":"https:\/\/www.elementvape.de\/","name":"ElementVape.de","description":"","publisher":{"@id":"https:\/\/www.elementvape.de\/#organization"},"potentialAction":[{"@type":"SearchAction","target":{"@type":"EntryPoint","urlTemplate":"https:\/\/www.elementvape.de\/?s={search_term_string}"},"query-input":"required name=search_term_string"}],"inLanguage":"es"},{"@type":"Organization","@id":"https:\/\/www.elementvape.de\/#organization","name":"ElementVape.DE","url":"https:\/\/www.elementvape.de\/","logo":{"@type":"ImageObject","inLanguage":"es","@id":"https:\/\/www.elementvape.de\/#\/schema\/logo\/image\/","url":"https:\/\/www.elementvape.de\/wp-content\/uploads\/2024\/09\/cropped-1elementvape-3.png","contentUrl":"https:\/\/www.elementvape.de\/wp-content\/uploads\/2024\/09\/cropped-1elementvape-3.png","width":285,"height":228,"caption":"ElementVape.DE"},"image":{"@id":"https:\/\/www.elementvape.de\/#\/schema\/logo\/image\/"}}]}},"_links":{"self":[{"href":"https:\/\/www.elementvape.de\/es\/wp-json\/wp\/v2\/product\/8258"}],"collection":[{"href":"https:\/\/www.elementvape.de\/es\/wp-json\/wp\/v2\/product"}],"about":[{"href":"https:\/\/www.elementvape.de\/es\/wp-json\/wp\/v2\/types\/product"}],"wp:featuredmedia":[{"embeddable":true,"href":"https:\/\/www.elementvape.de\/es\/wp-json\/wp\/v2\/media\/8259"}],"wp:attachment":[{"href":"https:\/\/www.elementvape.de\/es\/wp-json\/wp\/v2\/media?parent=8258"}],"wp:term":[{"taxonomy":"product_cat","embeddable":true,"href":"https:\/\/www.elementvape.de\/es\/wp-json\/wp\/v2\/product_cat?post=8258"},{"taxonomy":"product_tag","embeddable":true,"href":"https:\/\/www.elementvape.de\/es\/wp-json\/wp\/v2\/product_tag?post=8258"}],"curies":[{"name":"wp","href":"https:\/\/api.w.org\/{rel}","templated":true}]}}