{"id":8240,"date":"2024-04-20T08:01:31","date_gmt":"2024-04-20T08:01:31","guid":{"rendered":"https:\/\/www.elementvape.de\/?post_type=product&#038;p=8240"},"modified":"2024-09-12T10:31:59","modified_gmt":"2024-09-12T10:31:59","slug":"yocan-kodo-pro-batterie-e-zigarettenmodul-vape","status":"publish","type":"product","link":"https:\/\/www.elementvape.de\/es\/produkt\/yocan-kodo-pro-batterie-e-zigarettenmodul-vape\/","title":{"rendered":"M\u00f3dulo de bater\u00eda Yocan Kodo Pro, mod de cigarrillo electr\u00f3nico, vape"},"content":{"rendered":"<p>&nbsp;<\/p>\n<div class=\"product-specs-list-container\">\n<ul class=\"product-specs-list util-clearfix\">\n<li class=\"product-prop line-limit-length\"><span class=\"property-title\">Funci\u00f3n de monitoreo de la cantidad de humo:\u00a0<\/span><span class=\"property-desc line-limit-length\">No<\/span><\/li>\n<li class=\"product-prop line-limit-length\"><span class=\"property-title\">Funda de silicona:\u00a0<\/span><span class=\"property-desc line-limit-length\">No<\/span><\/li>\n<li class=\"product-prop line-limit-length\"><span class=\"property-title\">Funci\u00f3n de protecci\u00f3n contra cortocircuitos:\u00a0<\/span><span class=\"property-desc line-limit-length\">Ja<\/span><\/li>\n<li class=\"product-prop line-limit-length\"><span class=\"property-title\">Funci\u00f3n de protecci\u00f3n contra sobrecalentamiento:\u00a0<\/span><span class=\"property-desc line-limit-length\">Ja<\/span><\/li>\n<li class=\"product-prop line-limit-length\"><span class=\"property-title\">Funci\u00f3n de alarma de bajo voltaje:\u00a0<\/span><span class=\"property-desc line-limit-length\">Ja<\/span><\/li>\n<li class=\"product-prop line-limit-length\"><span class=\"property-title\">Funci\u00f3n de identificaci\u00f3n del atomizador:\u00a0<\/span><span class=\"property-desc line-limit-length\">Ja<\/span><\/li>\n<li class=\"product-prop line-limit-length\"><span class=\"property-title\">Regulaci\u00f3n de temperatura:\u00a0<\/span><span class=\"property-desc line-limit-length\">No<\/span><\/li>\n<li class=\"product-prop line-limit-length\"><span class=\"property-title\">Modos de ajuste TCR:\u00a0<\/span><span class=\"property-desc line-limit-length\">No<\/span><\/li>\n<li class=\"product-prop line-limit-length\"><span class=\"property-title\">Capacidad nominal:\u00a0<\/span><span class=\"property-desc line-limit-length\">Ninguna<\/span><\/li>\n<li class=\"product-prop line-limit-length\"><span class=\"property-title\">Modelo compatible:\u00a0<\/span><span class=\"property-desc line-limit-length\">Caja de cigarrillo electr\u00f3nico Mod Vape<\/span><\/li>\n<li class=\"product-prop line-limit-length\"><span class=\"property-title\">N\u00famero de modelo:\u00a0<\/span><span class=\"property-desc line-limit-length\">Bater\u00eda Yocan Kodo Pro 510<\/span><\/li>\n<li class=\"product-prop line-limit-length\"><span class=\"property-title\">Actualizaci\u00f3n de firmware:\u00a0<\/span><span class=\"property-desc line-limit-length\">No<\/span><\/li>\n<li class=\"product-prop line-limit-length\"><span class=\"property-title\">Cargador USB:\u00a0<\/span><span class=\"property-desc line-limit-length\">Ja<\/span><\/li>\n<li class=\"product-prop line-limit-length\"><span class=\"property-title\">Pantalla:\u00a0<\/span><span class=\"property-desc line-limit-length\">Ja<\/span><\/li>\n<li class=\"product-prop line-limit-length\"><span class=\"property-title\">Bater\u00eda incorporada o externa:\u00a0<\/span><span class=\"property-desc line-limit-length\">Ja<\/span><\/li>\n<li class=\"product-prop line-limit-length\"><span class=\"property-title\">Tipo:\u00a0<\/span><span class=\"property-desc line-limit-length\">Mod el\u00e9ctrico<\/span><\/li>\n<li class=\"product-prop line-limit-length\"><span class=\"property-title\">Nombre de la marca:\u00a0<\/span><span class=\"property-desc line-limit-length\">YOCAN<\/span><\/li>\n<li class=\"product-prop line-limit-length\"><span class=\"property-title\">Origen:\u00a0<\/span><span class=\"property-desc line-limit-length\">CN (origen)<\/span><\/li>\n<\/ul>\n<\/div>\n<div class=\"detailmodule_html\">\n<div class=\"detail-desc-decorate-richtext\">\n<div><\/div>\n<div><span id=\"tl_1\" style=\"font-size: 22px; font-family: arial, helvetica, sans-serif;\">Bater\u00eda original Yocan Kodo Pro 400mAh Rosca 10s precalentamiento cigarrillo electr\u00f3nico Mod Vape con pantalla OLED<\/span><\/div>\n<div><\/div>\n<div><span id=\"tl_2\" style=\"font-size: 18px; font-family: arial, helvetica, sans-serif;\">Descripci\u00f3n:<\/span><\/div>\n<div><span id=\"tl_3\" style=\"font-size: 18px; font-family: arial, helvetica, sans-serif;\">La bater\u00eda Kodo Pro es la bater\u00eda 510 de tama\u00f1o muy peque\u00f1o. Viene con funciones de precalentamiento de 10s, ajuste de voltaje, apagado de seguridad de 15s. El rango de voltaje ajustable est\u00e1 entre 1,8 V y 4,2 V. Adem\u00e1s, la bater\u00eda Kodo Pro est\u00e1 equipada con un contador de caladas y un temporizador, una pantalla OLED y carga Tipo-C.<\/span><\/div>\n<div><\/div>\n<div><\/div>\n<div><span id=\"tl_4\" style=\"font-size: 18px; font-family: arial, helvetica, sans-serif;\">Par\u00e1metros:<\/span><\/div>\n<div><span id=\"tl_5\" style=\"font-size: 18px; font-family: arial, helvetica, sans-serif;\">Marca: yocan<\/span><\/div>\n<div><span id=\"tl_6\" style=\"font-size: 18px; font-family: arial, helvetica, sans-serif;\">Nombre del producto: bater\u00eda kodo pro<\/span><\/div>\n<div><span id=\"tl_7\" style=\"font-size: 18px; font-family: arial, helvetica, sans-serif;\">Compatibilidad con cartuchos: &gt; 0,8 Ohm<\/span><\/div>\n<div><span id=\"tl_8\" style=\"font-size: 18px; font-family: arial, helvetica, sans-serif;\">Capacidad de la bater\u00eda: 400mAh<\/span><\/div>\n<div><span id=\"tl_9\" style=\"font-size: 18px; font-family: arial, helvetica, sans-serif;\">Rosca: 510<\/span><\/div>\n<div><span id=\"tl_10\" style=\"font-size: 18px; font-family: arial, helvetica, sans-serif;\">Ajuste de voltaje: 1,8 V-4,2 V<\/span><\/div>\n<div><span id=\"tl_11\" style=\"font-size: 18px; font-family: arial, helvetica, sans-serif;\">Carga: USB Tipo-C<\/span><\/div>\n<div><span id=\"tl_12\" style=\"font-size: 18px; font-family: arial, helvetica, sans-serif;\">Color: negro, blanco, amarillo, lila, rojo, azul claro<\/span><\/div>\n<div><\/div>\n<div><\/div>\n<div><span id=\"tl_13\" style=\"font-size: 18px; font-family: arial, helvetica, sans-serif;\">Detalles:<\/span><\/div>\n<div><span id=\"tl_14\" style=\"font-size: 18px; font-family: arial, helvetica, sans-serif;\">1. Tama\u00f1o muy peque\u00f1o pero bater\u00eda 510 ultra competitiva<\/span><\/div>\n<div><span id=\"tl_15\" style=\"font-size: 18px; font-family: arial, helvetica, sans-serif;\">2. Pantalla OLED, bater\u00eda de 400mAh<\/span><\/div>\n<div><span id=\"tl_16\" style=\"font-size: 18px; font-family: arial, helvetica, sans-serif;\">3. Ajuste de voltaje: 1,8 V-4,2 V<\/span><\/div>\n<div><span id=\"tl_17\" style=\"font-size: 18px; font-family: arial, helvetica, sans-serif;\">Conector de carga USB-C<\/span><\/div>\n<div><span id=\"tl_18\" style=\"font-size: 18px; font-family: arial, helvetica, sans-serif;\">Precalentamiento de 10 segundos, corte de seguridad de 15 segundos<\/span><\/div>\n<div><span id=\"tl_19\" style=\"font-size: 18px; font-family: arial, helvetica, sans-serif;\">El cartucho de vape es por separado<\/span><\/div>\n<div><span id=\"tl_20\" style=\"font-size: 18px; font-family: arial, helvetica, sans-serif;\">Contador de caladas y temporizador<\/span><\/div>\n<div><span id=\"tl_21\" style=\"font-size: 18px; font-family: arial, helvetica, sans-serif;\">Conexi\u00f3n de rosca 510<\/span><\/div>\n<div><\/div>\n<div><\/div>\n<div><span id=\"tl_22\" style=\"font-size: 18px; font-family: arial, helvetica, sans-serif;\">El paquete del mod de caja Yocan Kodo Pro incluye:<\/span><\/div>\n<div><span id=\"tl_23\" style=\"font-size: 18px; font-family: arial, helvetica, sans-serif;\">1 * bater\u00eda Yocan Kodo Pro<\/span><\/div>\n<p>&nbsp;<\/p>\n<p><img decoding=\"async\" loading=\"lazy\" src=\"https:\/\/ae01.alicdn.com\/kf\/S7e61eef806f14b758c2c15668dce5fd3a.jpg\" \/><img decoding=\"async\" loading=\"lazy\" src=\"https:\/\/ae01.alicdn.com\/kf\/S2b9c1a348ff742ec80e823ac0c37ad1aV.jpg\" \/><img decoding=\"async\" loading=\"lazy\" src=\"https:\/\/ae01.alicdn.com\/kf\/Sf41107e5aab0488a9077ade39280c14aa.jpg\" \/><img decoding=\"async\" loading=\"lazy\" src=\"https:\/\/ae01.alicdn.com\/kf\/Sf9b49dea62894336a08f924ca21084b7R.jpg\" \/><img decoding=\"async\" loading=\"lazy\" src=\"https:\/\/ae01.alicdn.com\/kf\/Sfe5984c01929459cbd8c4312a1a08eefx.jpg\" \/><img decoding=\"async\" loading=\"lazy\" src=\"https:\/\/ae01.alicdn.com\/kf\/Sf4307817e8744fe39134a1ac80636a8eg.jpg\" \/><img decoding=\"async\" loading=\"lazy\" src=\"https:\/\/ae01.alicdn.com\/kf\/S9e812d2906774cb99bd7c397b1870641q.jpg\" \/><img decoding=\"async\" loading=\"lazy\" src=\"https:\/\/ae01.alicdn.com\/kf\/S544371b76c294a418da4c8348bcae659P.jpg\" \/><img decoding=\"async\" loading=\"lazy\" src=\"https:\/\/ae01.alicdn.com\/kf\/S618a7ea2cf3849438a37c62a35f7cb22r.jpg\" \/><img decoding=\"async\" loading=\"lazy\" src=\"https:\/\/ae01.alicdn.com\/kf\/Sd1ddfc799087470fafc5a476b7d0884bu.jpg\" \/><\/p>\n<\/div>\n<\/div>","protected":false},"excerpt":{"rendered":"<p>&nbsp; \u00dcberwachung Funktion Von Rauchen Anzahl:\u00a0Nein Silikon Fall:\u00a0Nein Kurzschlussschutz Funktion:\u00a0Ja \u00dcberhitzungsschutz-funktion:\u00a0Ja Niederspannungsalarmfunktion:\u00a0Ja Zerst\u00e4uber Identifikation Funktion:\u00a0Ja Temperaturregelung:\u00a0Nein TCR Einstellung Modi:\u00a0Nein Nominale Kapazit\u00e4t:\u00a0Kein Compatible Model:\u00a0Electronic Cigarette Box Mod Vape Modellnummer:\u00a0Yocan Kodo Pro 510 Battery Firmware-upgrade:\u00a0Nein Usb-ladeger\u00e4t:\u00a0Ja Display:\u00a0Ja Eingebaute Oder Externe Batterie:\u00a0Ja Art:\u00a0Elektrische Mod Markenname:\u00a0YOCAN Ursprung:\u00a0CN (Herkunft) Original Yocan Kodo Pro Batterie 400mah Thread 10s vorheizen elektronische Zigarette [&hellip;]<\/p>","protected":false},"featured_media":8241,"template":"","meta":{"inline_featured_image":false},"product_cat":[15,78,750,737,736,749,77],"product_tag":[],"tiered_pricing_type":"fixed","tiered_pricing_fixed_rules":[],"tiered_pricing_percentage_rules":[],"tiered_pricing_minimum":1,"_administrator_tiered_pricing_type":"fixed","_administrator_tiered_pricing_fixed_rules":[],"_editor_tiered_pricing_type":"fixed","_editor_tiered_pricing_fixed_rules":[],"_author_tiered_pricing_type":"fixed","_author_tiered_pricing_fixed_rules":[],"_contributor_tiered_pricing_type":"fixed","_contributor_tiered_pricing_fixed_rules":[],"_subscriber_tiered_pricing_type":"fixed","_subscriber_tiered_pricing_fixed_rules":[],"_customer_tiered_pricing_type":"fixed","_customer_tiered_pricing_fixed_rules":[],"_shop_manager_tiered_pricing_type":"fixed","_shop_manager_tiered_pricing_fixed_rules":[],"_wpseo_manager_tiered_pricing_type":"fixed","_wpseo_manager_tiered_pricing_fixed_rules":[],"_wpseo_editor_tiered_pricing_type":"fixed","_wpseo_editor_tiered_pricing_fixed_rules":[],"_wholesale_customer_tiered_pricing_type":"fixed","_wholesale_customer_tiered_pricing_fixed_rules":[],"_marketer_tiered_pricing_type":"fixed","_marketer_tiered_pricing_fixed_rules":[],"_sales_manager_tiered_pricing_type":"fixed","_sales_manager_tiered_pricing_fixed_rules":[],"_sales_rep_tiered_pricing_type":"fixed","_sales_rep_tiered_pricing_fixed_rules":[],"yoast_head":"<!-- This site is optimized with the Yoast SEO plugin v23.3 - https:\/\/yoast.com\/wordpress\/plugins\/seo\/ -->\n<title>Yocan Kodo Pro Batterie E-Zigarettenmodul Vape | ElementVape.de<\/title>\n<meta name=\"description\" content=\"Wir bieten Yocan Kodo Pro Batterie E-Zigarettenmodul Vape , Elementvape.de akzeptieren Gro\u00df-und Einzelhandel Bestellungen.\" \/>\n<meta name=\"robots\" content=\"index, follow, max-snippet:-1, max-image-preview:large, max-video-preview:-1\" \/>\n<link rel=\"canonical\" href=\"https:\/\/www.elementvape.de\/es\/produkt\/yocan-kodo-pro-batterie-e-zigarettenmodul-vape\/\" \/>\n<meta property=\"og:locale\" content=\"es_ES\" \/>\n<meta property=\"og:type\" content=\"article\" \/>\n<meta property=\"og:title\" content=\"Yocan Kodo Pro Batterie E-Zigarettenmodul Vape | ElementVape.de\" \/>\n<meta property=\"og:description\" content=\"Wir bieten Yocan Kodo Pro Batterie E-Zigarettenmodul Vape , Elementvape.de akzeptieren Gro\u00df-und Einzelhandel Bestellungen.\" \/>\n<meta property=\"og:url\" content=\"https:\/\/www.elementvape.de\/es\/produkt\/yocan-kodo-pro-batterie-e-zigarettenmodul-vape\/\" \/>\n<meta property=\"og:site_name\" content=\"ElementVape.de\" \/>\n<meta property=\"article:modified_time\" content=\"2024-09-12T10:31:59+00:00\" \/>\n<meta property=\"og:image\" content=\"https:\/\/ae01.alicdn.com\/kf\/S8dd266bd2bf74a81a6f72b9334539997g\/Original-Yocan-Kodo-Pro-Batterie-400mAh-510-Gewinde-10s-Vorheizen-Elektronische-Zigarette-Mod-Vape-mit-Oled.jpg\" \/>\n\t<meta property=\"og:image:width\" content=\"800\" \/>\n\t<meta property=\"og:image:height\" content=\"800\" \/>\n\t<meta property=\"og:image:type\" content=\"image\/jpeg\" \/>\n<meta name=\"twitter:card\" content=\"summary_large_image\" \/>\n<meta name=\"twitter:label1\" content=\"Est. reading time\" \/>\n\t<meta name=\"twitter:data1\" content=\"4 minutos\" \/>\n<script type=\"application\/ld+json\" class=\"yoast-schema-graph\">{\"@context\":\"https:\/\/schema.org\",\"@graph\":[{\"@type\":\"WebPage\",\"@id\":\"https:\/\/www.elementvape.de\/sk\/produkt\/yocan-kodo-pro-batterie-e-zigarettenmodul-vape\/\",\"url\":\"https:\/\/www.elementvape.de\/sk\/produkt\/yocan-kodo-pro-batterie-e-zigarettenmodul-vape\/\",\"name\":\"Yocan Kodo Pro Batterie E-Zigarettenmodul Vape | ElementVape.de\",\"isPartOf\":{\"@id\":\"https:\/\/www.elementvape.de\/#website\"},\"primaryImageOfPage\":{\"@id\":\"https:\/\/www.elementvape.de\/sk\/produkt\/yocan-kodo-pro-batterie-e-zigarettenmodul-vape\/#primaryimage\"},\"image\":{\"@id\":\"https:\/\/www.elementvape.de\/sk\/produkt\/yocan-kodo-pro-batterie-e-zigarettenmodul-vape\/#primaryimage\"},\"thumbnailUrl\":\"https:\/\/ae01.alicdn.com\/kf\/S8dd266bd2bf74a81a6f72b9334539997g\/Original-Yocan-Kodo-Pro-Batterie-400mAh-510-Gewinde-10s-Vorheizen-Elektronische-Zigarette-Mod-Vape-mit-Oled.jpg\",\"datePublished\":\"2024-04-20T08:01:31+00:00\",\"dateModified\":\"2024-09-12T10:31:59+00:00\",\"description\":\"Wir bieten Yocan Kodo Pro Batterie E-Zigarettenmodul Vape , Elementvape.de akzeptieren Gro\u00df-und Einzelhandel Bestellungen.\",\"breadcrumb\":{\"@id\":\"https:\/\/www.elementvape.de\/sk\/produkt\/yocan-kodo-pro-batterie-e-zigarettenmodul-vape\/#breadcrumb\"},\"inLanguage\":\"es\",\"potentialAction\":[{\"@type\":\"ReadAction\",\"target\":[\"https:\/\/www.elementvape.de\/sk\/produkt\/yocan-kodo-pro-batterie-e-zigarettenmodul-vape\/\"]}]},{\"@type\":\"ImageObject\",\"inLanguage\":\"es\",\"@id\":\"https:\/\/www.elementvape.de\/sk\/produkt\/yocan-kodo-pro-batterie-e-zigarettenmodul-vape\/#primaryimage\",\"url\":\"https:\/\/ae01.alicdn.com\/kf\/S8dd266bd2bf74a81a6f72b9334539997g\/Original-Yocan-Kodo-Pro-Batterie-400mAh-510-Gewinde-10s-Vorheizen-Elektronische-Zigarette-Mod-Vape-mit-Oled.jpg\",\"contentUrl\":\"https:\/\/ae01.alicdn.com\/kf\/S8dd266bd2bf74a81a6f72b9334539997g\/Original-Yocan-Kodo-Pro-Batterie-400mAh-510-Gewinde-10s-Vorheizen-Elektronische-Zigarette-Mod-Vape-mit-Oled.jpg\",\"width\":800,\"height\":800},{\"@type\":\"BreadcrumbList\",\"@id\":\"https:\/\/www.elementvape.de\/sk\/produkt\/yocan-kodo-pro-batterie-e-zigarettenmodul-vape\/#breadcrumb\",\"itemListElement\":[{\"@type\":\"ListItem\",\"position\":1,\"name\":\"Home\",\"item\":\"https:\/\/www.elementvape.de\/\"},{\"@type\":\"ListItem\",\"position\":2,\"name\":\"Shop\",\"item\":\"https:\/\/www.elementvape.de\/shop\/\"},{\"@type\":\"ListItem\",\"position\":3,\"name\":\"Yocan Kodo Pro Batterie E-Zigarettenmodul Vape\"}]},{\"@type\":\"WebSite\",\"@id\":\"https:\/\/www.elementvape.de\/#website\",\"url\":\"https:\/\/www.elementvape.de\/\",\"name\":\"ElementVape.de\",\"description\":\"\",\"publisher\":{\"@id\":\"https:\/\/www.elementvape.de\/#organization\"},\"potentialAction\":[{\"@type\":\"SearchAction\",\"target\":{\"@type\":\"EntryPoint\",\"urlTemplate\":\"https:\/\/www.elementvape.de\/?s={search_term_string}\"},\"query-input\":\"required name=search_term_string\"}],\"inLanguage\":\"es\"},{\"@type\":\"Organization\",\"@id\":\"https:\/\/www.elementvape.de\/#organization\",\"name\":\"ElementVape.DE\",\"url\":\"https:\/\/www.elementvape.de\/\",\"logo\":{\"@type\":\"ImageObject\",\"inLanguage\":\"es\",\"@id\":\"https:\/\/www.elementvape.de\/#\/schema\/logo\/image\/\",\"url\":\"https:\/\/www.elementvape.de\/wp-content\/uploads\/2024\/09\/cropped-1elementvape-3.png\",\"contentUrl\":\"https:\/\/www.elementvape.de\/wp-content\/uploads\/2024\/09\/cropped-1elementvape-3.png\",\"width\":285,\"height\":228,\"caption\":\"ElementVape.DE\"},\"image\":{\"@id\":\"https:\/\/www.elementvape.de\/#\/schema\/logo\/image\/\"}}]}<\/script>\n<!-- \/ Yoast SEO plugin. -->","yoast_head_json":{"title":"Yocan Kodo Pro Batterie E-Zigarettenmodul Vape | ElementVape.de","description":"Wir bieten Yocan Kodo Pro Batterie E-Zigarettenmodul Vape , Elementvape.de akzeptieren Gro\u00df-und Einzelhandel Bestellungen.","robots":{"index":"index","follow":"follow","max-snippet":"max-snippet:-1","max-image-preview":"max-image-preview:large","max-video-preview":"max-video-preview:-1"},"canonical":"https:\/\/www.elementvape.de\/es\/produkt\/yocan-kodo-pro-batterie-e-zigarettenmodul-vape\/","og_locale":"es_ES","og_type":"article","og_title":"Yocan Kodo Pro Batterie E-Zigarettenmodul Vape | ElementVape.de","og_description":"Wir bieten Yocan Kodo Pro Batterie E-Zigarettenmodul Vape , Elementvape.de akzeptieren Gro\u00df-und Einzelhandel Bestellungen.","og_url":"https:\/\/www.elementvape.de\/es\/produkt\/yocan-kodo-pro-batterie-e-zigarettenmodul-vape\/","og_site_name":"ElementVape.de","article_modified_time":"2024-09-12T10:31:59+00:00","og_image":[{"width":800,"height":800,"url":"https:\/\/ae01.alicdn.com\/kf\/S8dd266bd2bf74a81a6f72b9334539997g\/Original-Yocan-Kodo-Pro-Batterie-400mAh-510-Gewinde-10s-Vorheizen-Elektronische-Zigarette-Mod-Vape-mit-Oled.jpg","type":"image\/jpeg"}],"twitter_card":"summary_large_image","twitter_misc":{"Est. reading time":"4 minutos"},"schema":{"@context":"https:\/\/schema.org","@graph":[{"@type":"WebPage","@id":"https:\/\/www.elementvape.de\/sk\/produkt\/yocan-kodo-pro-batterie-e-zigarettenmodul-vape\/","url":"https:\/\/www.elementvape.de\/sk\/produkt\/yocan-kodo-pro-batterie-e-zigarettenmodul-vape\/","name":"Yocan Kodo Pro Batterie E-Zigarettenmodul Vape | ElementVape.de","isPartOf":{"@id":"https:\/\/www.elementvape.de\/#website"},"primaryImageOfPage":{"@id":"https:\/\/www.elementvape.de\/sk\/produkt\/yocan-kodo-pro-batterie-e-zigarettenmodul-vape\/#primaryimage"},"image":{"@id":"https:\/\/www.elementvape.de\/sk\/produkt\/yocan-kodo-pro-batterie-e-zigarettenmodul-vape\/#primaryimage"},"thumbnailUrl":"https:\/\/ae01.alicdn.com\/kf\/S8dd266bd2bf74a81a6f72b9334539997g\/Original-Yocan-Kodo-Pro-Batterie-400mAh-510-Gewinde-10s-Vorheizen-Elektronische-Zigarette-Mod-Vape-mit-Oled.jpg","datePublished":"2024-04-20T08:01:31+00:00","dateModified":"2024-09-12T10:31:59+00:00","description":"Wir bieten Yocan Kodo Pro Batterie E-Zigarettenmodul Vape , Elementvape.de akzeptieren Gro\u00df-und Einzelhandel Bestellungen.","breadcrumb":{"@id":"https:\/\/www.elementvape.de\/sk\/produkt\/yocan-kodo-pro-batterie-e-zigarettenmodul-vape\/#breadcrumb"},"inLanguage":"es","potentialAction":[{"@type":"ReadAction","target":["https:\/\/www.elementvape.de\/sk\/produkt\/yocan-kodo-pro-batterie-e-zigarettenmodul-vape\/"]}]},{"@type":"ImageObject","inLanguage":"es","@id":"https:\/\/www.elementvape.de\/sk\/produkt\/yocan-kodo-pro-batterie-e-zigarettenmodul-vape\/#primaryimage","url":"https:\/\/ae01.alicdn.com\/kf\/S8dd266bd2bf74a81a6f72b9334539997g\/Original-Yocan-Kodo-Pro-Batterie-400mAh-510-Gewinde-10s-Vorheizen-Elektronische-Zigarette-Mod-Vape-mit-Oled.jpg","contentUrl":"https:\/\/ae01.alicdn.com\/kf\/S8dd266bd2bf74a81a6f72b9334539997g\/Original-Yocan-Kodo-Pro-Batterie-400mAh-510-Gewinde-10s-Vorheizen-Elektronische-Zigarette-Mod-Vape-mit-Oled.jpg","width":800,"height":800},{"@type":"BreadcrumbList","@id":"https:\/\/www.elementvape.de\/sk\/produkt\/yocan-kodo-pro-batterie-e-zigarettenmodul-vape\/#breadcrumb","itemListElement":[{"@type":"ListItem","position":1,"name":"Home","item":"https:\/\/www.elementvape.de\/"},{"@type":"ListItem","position":2,"name":"Shop","item":"https:\/\/www.elementvape.de\/shop\/"},{"@type":"ListItem","position":3,"name":"Yocan Kodo Pro Batterie E-Zigarettenmodul Vape"}]},{"@type":"WebSite","@id":"https:\/\/www.elementvape.de\/#website","url":"https:\/\/www.elementvape.de\/","name":"ElementVape.de","description":"","publisher":{"@id":"https:\/\/www.elementvape.de\/#organization"},"potentialAction":[{"@type":"SearchAction","target":{"@type":"EntryPoint","urlTemplate":"https:\/\/www.elementvape.de\/?s={search_term_string}"},"query-input":"required name=search_term_string"}],"inLanguage":"es"},{"@type":"Organization","@id":"https:\/\/www.elementvape.de\/#organization","name":"ElementVape.DE","url":"https:\/\/www.elementvape.de\/","logo":{"@type":"ImageObject","inLanguage":"es","@id":"https:\/\/www.elementvape.de\/#\/schema\/logo\/image\/","url":"https:\/\/www.elementvape.de\/wp-content\/uploads\/2024\/09\/cropped-1elementvape-3.png","contentUrl":"https:\/\/www.elementvape.de\/wp-content\/uploads\/2024\/09\/cropped-1elementvape-3.png","width":285,"height":228,"caption":"ElementVape.DE"},"image":{"@id":"https:\/\/www.elementvape.de\/#\/schema\/logo\/image\/"}}]}},"_links":{"self":[{"href":"https:\/\/www.elementvape.de\/es\/wp-json\/wp\/v2\/product\/8240"}],"collection":[{"href":"https:\/\/www.elementvape.de\/es\/wp-json\/wp\/v2\/product"}],"about":[{"href":"https:\/\/www.elementvape.de\/es\/wp-json\/wp\/v2\/types\/product"}],"wp:featuredmedia":[{"embeddable":true,"href":"https:\/\/www.elementvape.de\/es\/wp-json\/wp\/v2\/media\/8241"}],"wp:attachment":[{"href":"https:\/\/www.elementvape.de\/es\/wp-json\/wp\/v2\/media?parent=8240"}],"wp:term":[{"taxonomy":"product_cat","embeddable":true,"href":"https:\/\/www.elementvape.de\/es\/wp-json\/wp\/v2\/product_cat?post=8240"},{"taxonomy":"product_tag","embeddable":true,"href":"https:\/\/www.elementvape.de\/es\/wp-json\/wp\/v2\/product_tag?post=8240"}],"curies":[{"name":"wp","href":"https:\/\/api.w.org\/{rel}","templated":true}]}}