{"id":8150,"date":"2024-04-20T07:49:06","date_gmt":"2024-04-20T07:49:06","guid":{"rendered":"https:\/\/www.elementvape.de\/?post_type=product&#038;p=8150"},"modified":"2024-09-12T10:32:05","modified_gmt":"2024-09-12T10:32:05","slug":"voopoo-argus-pro-pod-mod-kit-pod-tank-e-zigarette","status":"publish","type":"product","link":"https:\/\/www.elementvape.de\/es\/produkt\/voopoo-argus-pro-pod-mod-kit-pod-tank-e-zigarette\/","title":{"rendered":"Kit de mod de pod Voopoo Argus Pro, tanque de pod, cigarrillo electr\u00f3nico"},"content":{"rendered":"<p>&nbsp;<\/p>\n<div class=\"product-specs-list-container\">\n<ul class=\"product-specs-list util-clearfix\">\n<li class=\"product-prop line-limit-length\"><span class=\"property-title\">Apariencia:\u00a0<\/span><span class=\"property-desc line-limit-length\">Forma cil\u00edndrica<\/span><\/li>\n<li class=\"product-prop line-limit-length\"><span class=\"property-title\">Regulaci\u00f3n de temperatura:\u00a0<\/span><span class=\"property-desc line-limit-length\">Ja<\/span><\/li>\n<li class=\"product-prop line-limit-length\"><span class=\"property-title\">Bater\u00eda incorporada o externa:\u00a0<\/span><span class=\"property-desc line-limit-length\">Incorporada<\/span><\/li>\n<li class=\"product-prop line-limit-length\"><span class=\"property-title\">Funci\u00f3n de protecci\u00f3n contra cortocircuitos:\u00a0<\/span><span class=\"property-desc line-limit-length\">Ja<\/span><\/li>\n<li class=\"product-prop line-limit-length\"><span class=\"property-title\">Funci\u00f3n de protecci\u00f3n contra sobrecalentamiento:\u00a0<\/span><span class=\"property-desc line-limit-length\">Ja<\/span><\/li>\n<li class=\"product-prop line-limit-length\"><span class=\"property-title\">Funci\u00f3n de alarma de bajo voltaje:\u00a0<\/span><span class=\"property-desc line-limit-length\">Ja<\/span><\/li>\n<li class=\"product-prop line-limit-length\"><span class=\"property-title\">Funci\u00f3n de identificaci\u00f3n del atomizador:\u00a0<\/span><span class=\"property-desc line-limit-length\">Ja<\/span><\/li>\n<li class=\"product-prop line-limit-length\"><span class=\"property-title\">Modos de ajuste TCR:\u00a0<\/span><span class=\"property-desc line-limit-length\">No<\/span><\/li>\n<li class=\"product-prop line-limit-length\"><span class=\"property-title\">Material:\u00a0<\/span><span class=\"property-desc line-limit-length\">Aleaci\u00f3n de Zinc Cuero PCTG<\/span><\/li>\n<li class=\"product-prop line-limit-length\"><span class=\"property-title\">Modelo compatible:\u00a0<\/span><span class=\"property-desc line-limit-length\">Tanque de c\u00e1psulas VOOPOO PnP, Tanque MTL, todos los bobinas PnP<\/span><\/li>\n<li class=\"product-prop line-limit-length\"><span class=\"property-title\">N\u00famero de modelo:\u00a0<\/span><span class=\"property-desc line-limit-length\">Kit Argus Pro VOOPOO<\/span><\/li>\n<li class=\"product-prop line-limit-length\"><span class=\"property-title\">Cargador USB:\u00a0<\/span><span class=\"property-desc line-limit-length\">Ja<\/span><\/li>\n<li class=\"product-prop line-limit-length\"><span class=\"property-title\">Actualizaci\u00f3n de firmware:\u00a0<\/span><span class=\"property-desc line-limit-length\">Ja<\/span><\/li>\n<li class=\"product-prop line-limit-length\"><span class=\"property-title\">Pantalla:\u00a0<\/span><span class=\"property-desc line-limit-length\">Ja<\/span><\/li>\n<li class=\"product-prop line-limit-length\"><span class=\"property-title\">Tipo:\u00a0<\/span><span class=\"property-desc line-limit-length\">Otros<\/span><\/li>\n<li class=\"product-prop line-limit-length\"><span class=\"property-title\">Nombre de la marca:\u00a0<\/span><span class=\"property-desc line-limit-length\">VOOPOO<\/span><\/li>\n<li class=\"product-prop line-limit-length\"><span class=\"property-title\">Origen:\u00a0<\/span><span class=\"property-desc line-limit-length\">CN (origen)<\/span><\/li>\n<li class=\"product-prop line-limit-length\"><span class=\"property-title\">Voltaje de salida:\u00a0<\/span><span class=\"property-desc line-limit-length\">3.2V-4.2V<\/span><\/li>\n<li class=\"product-prop line-limit-length\"><span class=\"property-title\">Capacidad de carga:\u00a0<\/span><span class=\"property-desc line-limit-length\">4.5ml<\/span><\/li>\n<li class=\"product-prop line-limit-length\"><span class=\"property-title\">Modelo de chip:\u00a0<\/span><span class=\"property-desc line-limit-length\">GENE.TT<\/span><\/li>\n<li class=\"product-prop line-limit-length\"><span class=\"property-title\">Rango de resistencia:\u00a0<\/span><span class=\"property-desc line-limit-length\">0.1ohm-3.0ohm<\/span><\/li>\n<li class=\"product-prop line-limit-length\"><span class=\"property-title\">Dise\u00f1o del pod:\u00a0<\/span><span class=\"property-desc line-limit-length\">Base magn\u00e9tica<\/span><\/li>\n<li class=\"product-prop line-limit-length\"><span class=\"property-title\">Bater\u00eda Argus Pro:\u00a0<\/span><span class=\"property-desc line-limit-length\">Bater\u00eda integrada de 3000mAh<\/span><\/li>\n<li class=\"product-prop line-limit-length\"><span class=\"property-title\">Bater\u00eda Argus X:\u00a0<\/span><span class=\"property-desc line-limit-length\">Bater\u00eda 18650 (No incluida)<\/span><\/li>\n<li class=\"product-prop line-limit-length\"><span class=\"property-title\">Resistencia de la bobina:\u00a0<\/span><span class=\"property-desc line-limit-length\">0.15ohm(PnP-VM6), 0.3ohm(PnP-VM1)<\/span><\/li>\n<li class=\"product-prop line-limit-length\"><span class=\"property-title\">Pantalla Argus Pro:\u00a0<\/span><span class=\"property-desc line-limit-length\">Pantalla TFT de 0,96 pulgadas<\/span><\/li>\n<li class=\"product-prop line-limit-length\"><span class=\"property-title\">Pantalla Argus X:\u00a0<\/span><span class=\"property-desc line-limit-length\">OLED de 0,87 pulgadas<\/span><\/li>\n<li class=\"product-prop line-limit-length\"><span class=\"property-title\">Carga:\u00a0<\/span><span class=\"property-desc line-limit-length\">Carga por USB<\/span><\/li>\n<li class=\"product-prop line-limit-length\"><span class=\"property-title\">Sugerencia de E-L\u00edquido:\u00a0<\/span><span class=\"property-desc line-limit-length\">E-L\u00edquido normal (menos de 10 mg de Nicotina)<\/span><\/li>\n<\/ul>\n<\/div>\n<div class=\"detailmodule_html\">\n<div class=\"detail-desc-decorate-richtext\">\n<div class=\"detailmodule_text\" style=\", roboto, arial, helvetica, sans-serif, simsun;font-size: 14px; font-weight: 400; letter-spacing: normal; text-align: start; margin: 0px; padding: 0px;\" align=\"start\">\n<div class=\"detailmodule_text\" style=\", roboto, arial, helvetica, sans-serif, simsun;font-size: 14px; font-weight: 400; letter-spacing: normal; text-align: start; margin: 0px; padding: 0px;\" align=\"start\">\n<p><span style=\"font-family: georgia, serif;\"><span style=\"font-family: georgia, serif;\"><strong id=\"tl_1\">\ud83d\udce3Buenas noticias\ud83d\udce3:<\/strong><\/span><\/span><span style=\"font-family: georgia, serif;\"><span style=\"font-family: georgia, serif;\"><span id=\"tl_2\" style=\"font-family: georgia, serif;\">\u00a1Nuestro almac\u00e9n en Europa ya est\u00e1 en funcionamiento! Todos los paquetes se env\u00edan desde Alemania, y el tiempo de entrega real dura solo de uno a siete d\u00edas laborables.<\/span><\/span><\/span><\/p>\n<\/div>\n<p><span style=\"font-family: georgia, serif;\"><span style=\"font-family: georgia, serif;\"><strong id=\"tl_3\">\u2705Disponible para\u2705:<\/strong><\/span><\/span><span id=\"tl_4\" style=\"font-family: georgia, serif;\">Espa\u00f1a, Francia, Italia, Austria, B\u00e9lgica, Bulgaria, Croacia, Portugal, Ruman\u00eda, Eslovaquia, Eslovenia y Suecia.<\/span><\/p>\n<\/div>\n<p><span style=\"font-family: arial, helvetica, sans-serif;\"><strong id=\"tl_5\">Voopoo Argus Pro<\/strong><\/span><\/p>\n<div class=\"detailmodule_text\" style=\", sans-serif;font-size: 14px; font-weight: 400; letter-spacing: normal; text-align: start;\" align=\"start\">\n<p class=\"detail-desc-decorate-title\" style=\"line-height: 1.4; margin: 0px 0px 1em 0px;\"><strong id=\"tl_6\">Lista de paquete<\/strong><\/p>\n<p id=\"tl_7\" class=\"detail-desc-decorate-content\" style=\"line-height: 1.4; margin: 0px 0px 1em 0px;\">1 * dispositivo argus pro<br \/>\n1 * cartucho PnP (4,5 ml)<br \/>\n1 * PnP-VM6, 0,15 Ohm<br \/>\n1 * PnP-VM1, 0,3 Ohm<br \/>\n1 * cable Tipo-C<br \/>\n1 * manual de usuario<\/p>\n<\/div>\n<div class=\"detailmodule_text\" style=\", sans-serif;font-size: 14px; font-weight: 400; letter-spacing: normal; text-align: start;\" align=\"start\">\n<p class=\"detail-desc-decorate-title\" style=\"line-height: 1.4; margin: 0px 0px 1em 0px;\"><strong id=\"tl_8\">Detalles:<\/strong><\/p>\n<p id=\"tl_9\" class=\"detail-desc-decorate-content\" style=\"line-height: 1.4; margin: 0px 0px 1em 0px;\">1. Dise\u00f1o artesanal de cuero met\u00e1lico<br \/>\n2. Bater\u00eda interna de 3000mAh y chip Gen. tt en el interior<br \/>\n3. Equipado con una pantalla a color de 100 pulgadas<br \/>\n4. Encendido en 0,001 segundos<br \/>\n5. Ofrece identificaci\u00f3n inteligente de la bobina, modo inteligente, modo RBA, etc.<br \/>\n6. Rango de potencia ajustable de 5-80W<br \/>\n7. Carga r\u00e1pida Tipo-C y 5V\/2A<br \/>\n8. 4,5 ml de tanque de c\u00e1psula PnP<br \/>\n9. sistema innovador de flujo de aire infinito<br \/>\n10. compatible con todas las bobinas PnP, incluido RBA<br \/>\n11. Siete protecciones de seguridad: protecci\u00f3n contra sobrecarga, protecci\u00f3n contra cortocircuito, protecci\u00f3n contra sobrecarga, protecci\u00f3n de potencia m\u00e1xima, protecci\u00f3n contra sobrecorriente de salida, protecci\u00f3n contra descarga excesiva, protecci\u00f3n contra temperatura excesiva<\/p>\n<\/div>\n<div class=\"detailmodule_text\" style=\", sans-serif;font-size: 14px; font-weight: 400; letter-spacing: normal; text-align: start;\" align=\"start\">\n<p class=\"detail-desc-decorate-title\" style=\"line-height: 1.4; margin: 0px 0px 1em 0px;\"><strong id=\"tl_10\">Par\u00e1metros:<\/strong><\/p>\n<ul>\n<li>\n<p id=\"tl_11\">Marca: voopoo<\/p>\n<\/li>\n<li>\n<p id=\"tl_12\">Nombre del producto: kit Argus Pro<\/p>\n<\/li>\n<li>\n<p id=\"tl_13\">Material: PCTG + aleaci\u00f3n + cuero<\/p>\n<\/li>\n<li>\n<p id=\"tl_14\">Capacidad de la c\u00e1psula: 4,5 ml<\/p>\n<\/li>\n<li>\n<p id=\"tl_15\">Resistencia: 0,15\u03a9 (PnP-VM6); 0,3\u03a9 (PnP-VM1)<\/p>\n<\/li>\n<li>\n<p id=\"tl_16\">Capacidad de la bater\u00eda: bater\u00eda incorporada de 3000mAh<\/p>\n<\/li>\n<li>\n<p id=\"tl_17\">Potencia de salida: 5-80w<\/p>\n<\/li>\n<li>\n<p id=\"tl_18\">Voltaje de salida: 3,2-4,2 V<\/p>\n<\/li>\n<li>\n<p id=\"tl_19\">Resistencia: 0,1-3,0 Ohmios<\/p>\n<\/li>\n<li>\n<p id=\"tl_20\">Chip: Gen. tt<\/p>\n<\/li>\n<li>\n<p id=\"tl_21\">Tama\u00f1o de la pantalla: 0,96 pulgadas<\/p>\n<\/li>\n<\/ul>\n<\/div>\n<p class=\"detailmodule_text-image\"><img decoding=\"async\" loading=\"lazy\" class=\"detail-desc-decorate-image\" src=\"https:\/\/ae04.alicdn.com\/kf\/H6901bc64846b4b59beff17e2bfde3395f.jpg\" \/><img decoding=\"async\" loading=\"lazy\" class=\"detail-desc-decorate-image\" src=\"https:\/\/ae04.alicdn.com\/kf\/H4e70ef33ad7841d38e4bfa30601e7f49j.jpg\" \/><img decoding=\"async\" loading=\"lazy\" class=\"detail-desc-decorate-image\" src=\"https:\/\/ae04.alicdn.com\/kf\/H5e4c244293b84b20bdcd579f6145290ds.jpg\" \/><img decoding=\"async\" loading=\"lazy\" class=\"detail-desc-decorate-image\" src=\"https:\/\/ae04.alicdn.com\/kf\/H97ef93d3c55d482f89d899c0b233b4abm.jpg\" \/><img decoding=\"async\" loading=\"lazy\" src=\"https:\/\/ae01.alicdn.com\/kf\/H3223cfcdbae64ae4ad5a3c6fd762e4dfV.jpg\" \/><img decoding=\"async\" loading=\"lazy\" src=\"https:\/\/ae01.alicdn.com\/kf\/Hec1af62767ee45ddbaf74ca94aa5d7a9f.jpg\" \/><img decoding=\"async\" loading=\"lazy\" src=\"https:\/\/ae01.alicdn.com\/kf\/H57386d51c9f242c6b0837bd7ea85a4a0w.jpg\" \/><img decoding=\"async\" loading=\"lazy\" src=\"https:\/\/ae01.alicdn.com\/kf\/H7b77676963da42d9938a9756b0a11b69y.jpg\" \/><img decoding=\"async\" loading=\"lazy\" src=\"https:\/\/ae01.alicdn.com\/kf\/H4c0f743d13c94dc09da02b10a9a1230cB.jpg\" \/><img decoding=\"async\" loading=\"lazy\" class=\"detail-desc-decorate-image\" src=\"https:\/\/ae04.alicdn.com\/kf\/H95475a7b2ed2461e9e18c5632eef2fffk.jpg\" \/><img decoding=\"async\" loading=\"lazy\" class=\"detail-desc-decorate-image\" src=\"https:\/\/ae04.alicdn.com\/kf\/Hf155c5aaa7f346b6b0b25d298067563e9.jpg\" \/><img decoding=\"async\" loading=\"lazy\" class=\"detail-desc-decorate-image\" src=\"https:\/\/ae04.alicdn.com\/kf\/H4916979132be46f7bedbddd0131d73118.jpg\" \/><img decoding=\"async\" loading=\"lazy\" class=\"detail-desc-decorate-image\" src=\"https:\/\/ae04.alicdn.com\/kf\/Hd84b5c829a2242d391612660fe9b81e3O.jpg\" \/><img decoding=\"async\" loading=\"lazy\" class=\"detail-desc-decorate-image\" src=\"https:\/\/ae04.alicdn.com\/kf\/H5f1ad5c0994e48a4b1e88bdb4587b0aat.jpg\" \/><img decoding=\"async\" loading=\"lazy\" src=\"https:\/\/ae01.alicdn.com\/kf\/H3475bf11c7ae4ec5ae03bbc1aa16a938g.png\" \/><img decoding=\"async\" loading=\"lazy\" src=\"https:\/\/ae01.alicdn.com\/kf\/H5144a823700b45a1ad6598fe44e5ca67p.png\" \/><img decoding=\"async\" loading=\"lazy\" class=\"detail-desc-decorate-image\" src=\"https:\/\/ae01.alicdn.com\/kf\/H4631de87c6124376873296c6f5dd0075n.jpg\" \/><\/p>\n<div class=\"detailmodule_image\"><img decoding=\"async\" loading=\"lazy\" class=\"detail-desc-decorate-image\" src=\"https:\/\/ae01.alicdn.com\/kf\/H278ed9397ecc40609653e795105e89aaH.jpg\" \/><br \/>\n<img decoding=\"async\" loading=\"lazy\" class=\"detail-desc-decorate-image\" src=\"https:\/\/ae01.alicdn.com\/kf\/H41ec718ebd6f491183cff1a2997a9682W.jpg\" \/><br \/>\n<img decoding=\"async\" loading=\"lazy\" class=\"detail-desc-decorate-image\" src=\"https:\/\/ae01.alicdn.com\/kf\/H0cbc333d6101443bad30d41b4b9177e6R.jpg\" \/><br \/>\n<img decoding=\"async\" loading=\"lazy\" class=\"detail-desc-decorate-image\" src=\"https:\/\/ae01.alicdn.com\/kf\/Hea760b4de13148e9ac56cb735eba93d4W.jpg\" \/><img decoding=\"async\" loading=\"lazy\" class=\"detail-desc-decorate-image\" src=\"https:\/\/ae01.alicdn.com\/kf\/H78c4821e5b96434b871d80696fb659c6n.jpg\" \/><br \/>\n<img decoding=\"async\" loading=\"lazy\" class=\"detail-desc-decorate-image\" src=\"https:\/\/ae01.alicdn.com\/kf\/H25f1535becc6495796e3ae153fa8b70aH.jpg\" \/><\/p>\n<\/div>\n<p>&nbsp;<\/p>\n<\/div>\n<\/div>","protected":false},"excerpt":{"rendered":"<p>&nbsp; Aussehen:\u00a0Zylindrische Form Temperaturregelung:\u00a0Ja Eingebaute Oder Externe Batterie:\u00a0Eingebaute Kurzschlussschutz Funktion:\u00a0Ja \u00dcberhitzungsschutz-funktion:\u00a0Ja Niederspannungsalarmfunktion:\u00a0Ja Zerst\u00e4uber Identifikation Funktion:\u00a0Ja TCR Einstellung Modi:\u00a0Nein Material:\u00a0Zinc Alloy Leather PCTG Compatible Model:\u00a0VOOPOO PnP Pod Tank, MTL Tank, all PnP coils Modellnummer:\u00a0VOOPOO Argus Pro Kit Usb-ladeger\u00e4t:\u00a0Ja Firmware-upgrade:\u00a0Ja Display:\u00a0Ja Art:\u00a0Andere Markenname:\u00a0VOOPOO Ursprung:\u00a0CN (Herkunft) Output Voltage:\u00a03.2V-4.2V Pod Capacity:\u00a04.5ml Chip Model:\u00a0GENE.TT Resistance Range:\u00a00.1ohm-3.0ohm Pod Design:\u00a0Magnetic Base Argus [&hellip;]<\/p>","protected":false},"featured_media":8152,"template":"","meta":{"inline_featured_image":false},"product_cat":[750,737,736,749,77],"product_tag":[],"tiered_pricing_type":"fixed","tiered_pricing_fixed_rules":[],"tiered_pricing_percentage_rules":[],"tiered_pricing_minimum":1,"_administrator_tiered_pricing_type":"fixed","_administrator_tiered_pricing_fixed_rules":[],"_editor_tiered_pricing_type":"fixed","_editor_tiered_pricing_fixed_rules":[],"_author_tiered_pricing_type":"fixed","_author_tiered_pricing_fixed_rules":[],"_contributor_tiered_pricing_type":"fixed","_contributor_tiered_pricing_fixed_rules":[],"_subscriber_tiered_pricing_type":"fixed","_subscriber_tiered_pricing_fixed_rules":[],"_customer_tiered_pricing_type":"fixed","_customer_tiered_pricing_fixed_rules":[],"_shop_manager_tiered_pricing_type":"fixed","_shop_manager_tiered_pricing_fixed_rules":[],"_wpseo_manager_tiered_pricing_type":"fixed","_wpseo_manager_tiered_pricing_fixed_rules":[],"_wpseo_editor_tiered_pricing_type":"fixed","_wpseo_editor_tiered_pricing_fixed_rules":[],"_wholesale_customer_tiered_pricing_type":"fixed","_wholesale_customer_tiered_pricing_fixed_rules":[],"_marketer_tiered_pricing_type":"fixed","_marketer_tiered_pricing_fixed_rules":[],"_sales_manager_tiered_pricing_type":"fixed","_sales_manager_tiered_pricing_fixed_rules":[],"_sales_rep_tiered_pricing_type":"fixed","_sales_rep_tiered_pricing_fixed_rules":[],"yoast_head":"<!-- This site is optimized with the Yoast SEO plugin v23.3 - https:\/\/yoast.com\/wordpress\/plugins\/seo\/ -->\n<title>Voopoo argus Pro pod mod kit pod tank E-Zigarette | ElementVape.de<\/title>\n<meta name=\"description\" content=\"Wir bieten Voopoo argus Pro pod mod kit pod tank E-Zigarette , Elementvape.de akzeptieren Gro\u00df-und Einzelhandel Bestellungen.\" \/>\n<meta name=\"robots\" content=\"index, follow, max-snippet:-1, max-image-preview:large, max-video-preview:-1\" \/>\n<link rel=\"canonical\" href=\"https:\/\/www.elementvape.de\/es\/produkt\/voopoo-argus-pro-pod-mod-kit-pod-tank-e-zigarette\/\" \/>\n<meta property=\"og:locale\" content=\"es_ES\" \/>\n<meta property=\"og:type\" content=\"article\" \/>\n<meta property=\"og:title\" content=\"Voopoo argus Pro pod mod kit pod tank E-Zigarette | ElementVape.de\" \/>\n<meta property=\"og:description\" content=\"Wir bieten Voopoo argus Pro pod mod kit pod tank E-Zigarette , Elementvape.de akzeptieren Gro\u00df-und Einzelhandel Bestellungen.\" \/>\n<meta property=\"og:url\" content=\"https:\/\/www.elementvape.de\/es\/produkt\/voopoo-argus-pro-pod-mod-kit-pod-tank-e-zigarette\/\" \/>\n<meta property=\"og:site_name\" content=\"ElementVape.de\" \/>\n<meta property=\"article:modified_time\" content=\"2024-09-12T10:32:05+00:00\" \/>\n<meta property=\"og:image\" content=\"https:\/\/ae01.alicdn.com\/kf\/Sfba7ffa4c9e1429aa3f066e823fb67a2W\/Voopoo-argus-pro-pod-mod-kit-80w-4-5-ml-pnp-pod-tank-3000mah-batterie-pod.jpg\" \/>\n\t<meta property=\"og:image:width\" content=\"1000\" \/>\n\t<meta property=\"og:image:height\" content=\"1000\" \/>\n\t<meta property=\"og:image:type\" content=\"image\/jpeg\" \/>\n<meta name=\"twitter:card\" content=\"summary_large_image\" \/>\n<meta name=\"twitter:label1\" content=\"Est. reading time\" \/>\n\t<meta name=\"twitter:data1\" content=\"7 minutos\" \/>\n<script type=\"application\/ld+json\" class=\"yoast-schema-graph\">{\"@context\":\"https:\/\/schema.org\",\"@graph\":[{\"@type\":\"WebPage\",\"@id\":\"https:\/\/www.elementvape.de\/produkt\/voopoo-argus-pro-pod-mod-kit-pod-tank-e-zigarette\/\",\"url\":\"https:\/\/www.elementvape.de\/produkt\/voopoo-argus-pro-pod-mod-kit-pod-tank-e-zigarette\/\",\"name\":\"Voopoo argus Pro pod mod kit pod tank E-Zigarette | ElementVape.de\",\"isPartOf\":{\"@id\":\"https:\/\/www.elementvape.de\/#website\"},\"primaryImageOfPage\":{\"@id\":\"https:\/\/www.elementvape.de\/produkt\/voopoo-argus-pro-pod-mod-kit-pod-tank-e-zigarette\/#primaryimage\"},\"image\":{\"@id\":\"https:\/\/www.elementvape.de\/produkt\/voopoo-argus-pro-pod-mod-kit-pod-tank-e-zigarette\/#primaryimage\"},\"thumbnailUrl\":\"https:\/\/ae01.alicdn.com\/kf\/Sfba7ffa4c9e1429aa3f066e823fb67a2W\/Voopoo-argus-pro-pod-mod-kit-80w-4-5-ml-pnp-pod-tank-3000mah-batterie-pod.jpg\",\"datePublished\":\"2024-04-20T07:49:06+00:00\",\"dateModified\":\"2024-09-12T10:32:05+00:00\",\"description\":\"Wir bieten Voopoo argus Pro pod mod kit pod tank E-Zigarette , Elementvape.de akzeptieren Gro\u00df-und Einzelhandel Bestellungen.\",\"breadcrumb\":{\"@id\":\"https:\/\/www.elementvape.de\/produkt\/voopoo-argus-pro-pod-mod-kit-pod-tank-e-zigarette\/#breadcrumb\"},\"inLanguage\":\"es\",\"potentialAction\":[{\"@type\":\"ReadAction\",\"target\":[\"https:\/\/www.elementvape.de\/produkt\/voopoo-argus-pro-pod-mod-kit-pod-tank-e-zigarette\/\"]}]},{\"@type\":\"ImageObject\",\"inLanguage\":\"es\",\"@id\":\"https:\/\/www.elementvape.de\/produkt\/voopoo-argus-pro-pod-mod-kit-pod-tank-e-zigarette\/#primaryimage\",\"url\":\"https:\/\/ae01.alicdn.com\/kf\/Sfba7ffa4c9e1429aa3f066e823fb67a2W\/Voopoo-argus-pro-pod-mod-kit-80w-4-5-ml-pnp-pod-tank-3000mah-batterie-pod.jpg\",\"contentUrl\":\"https:\/\/ae01.alicdn.com\/kf\/Sfba7ffa4c9e1429aa3f066e823fb67a2W\/Voopoo-argus-pro-pod-mod-kit-80w-4-5-ml-pnp-pod-tank-3000mah-batterie-pod.jpg\",\"width\":1000,\"height\":1000},{\"@type\":\"BreadcrumbList\",\"@id\":\"https:\/\/www.elementvape.de\/produkt\/voopoo-argus-pro-pod-mod-kit-pod-tank-e-zigarette\/#breadcrumb\",\"itemListElement\":[{\"@type\":\"ListItem\",\"position\":1,\"name\":\"Home\",\"item\":\"https:\/\/www.elementvape.de\/\"},{\"@type\":\"ListItem\",\"position\":2,\"name\":\"Shop\",\"item\":\"https:\/\/www.elementvape.de\/shop\/\"},{\"@type\":\"ListItem\",\"position\":3,\"name\":\"Voopoo argus Pro pod mod kit pod tank E-Zigarette\"}]},{\"@type\":\"WebSite\",\"@id\":\"https:\/\/www.elementvape.de\/#website\",\"url\":\"https:\/\/www.elementvape.de\/\",\"name\":\"ElementVape.de\",\"description\":\"\",\"publisher\":{\"@id\":\"https:\/\/www.elementvape.de\/#organization\"},\"potentialAction\":[{\"@type\":\"SearchAction\",\"target\":{\"@type\":\"EntryPoint\",\"urlTemplate\":\"https:\/\/www.elementvape.de\/?s={search_term_string}\"},\"query-input\":\"required name=search_term_string\"}],\"inLanguage\":\"es\"},{\"@type\":\"Organization\",\"@id\":\"https:\/\/www.elementvape.de\/#organization\",\"name\":\"ElementVape.DE\",\"url\":\"https:\/\/www.elementvape.de\/\",\"logo\":{\"@type\":\"ImageObject\",\"inLanguage\":\"es\",\"@id\":\"https:\/\/www.elementvape.de\/#\/schema\/logo\/image\/\",\"url\":\"https:\/\/www.elementvape.de\/wp-content\/uploads\/2024\/09\/cropped-1elementvape-3.png\",\"contentUrl\":\"https:\/\/www.elementvape.de\/wp-content\/uploads\/2024\/09\/cropped-1elementvape-3.png\",\"width\":285,\"height\":228,\"caption\":\"ElementVape.DE\"},\"image\":{\"@id\":\"https:\/\/www.elementvape.de\/#\/schema\/logo\/image\/\"}}]}<\/script>\n<!-- \/ Yoast SEO plugin. -->","yoast_head_json":{"title":"Voopoo argus Pro pod mod kit pod tank E-Zigarette | ElementVape.de","description":"Wir bieten Voopoo argus Pro pod mod kit pod tank E-Zigarette , Elementvape.de akzeptieren Gro\u00df-und Einzelhandel Bestellungen.","robots":{"index":"index","follow":"follow","max-snippet":"max-snippet:-1","max-image-preview":"max-image-preview:large","max-video-preview":"max-video-preview:-1"},"canonical":"https:\/\/www.elementvape.de\/es\/produkt\/voopoo-argus-pro-pod-mod-kit-pod-tank-e-zigarette\/","og_locale":"es_ES","og_type":"article","og_title":"Voopoo argus Pro pod mod kit pod tank E-Zigarette | ElementVape.de","og_description":"Wir bieten Voopoo argus Pro pod mod kit pod tank E-Zigarette , Elementvape.de akzeptieren Gro\u00df-und Einzelhandel Bestellungen.","og_url":"https:\/\/www.elementvape.de\/es\/produkt\/voopoo-argus-pro-pod-mod-kit-pod-tank-e-zigarette\/","og_site_name":"ElementVape.de","article_modified_time":"2024-09-12T10:32:05+00:00","og_image":[{"width":1000,"height":1000,"url":"https:\/\/ae01.alicdn.com\/kf\/Sfba7ffa4c9e1429aa3f066e823fb67a2W\/Voopoo-argus-pro-pod-mod-kit-80w-4-5-ml-pnp-pod-tank-3000mah-batterie-pod.jpg","type":"image\/jpeg"}],"twitter_card":"summary_large_image","twitter_misc":{"Est. reading time":"7 minutos"},"schema":{"@context":"https:\/\/schema.org","@graph":[{"@type":"WebPage","@id":"https:\/\/www.elementvape.de\/produkt\/voopoo-argus-pro-pod-mod-kit-pod-tank-e-zigarette\/","url":"https:\/\/www.elementvape.de\/produkt\/voopoo-argus-pro-pod-mod-kit-pod-tank-e-zigarette\/","name":"Voopoo argus Pro pod mod kit pod tank E-Zigarette | ElementVape.de","isPartOf":{"@id":"https:\/\/www.elementvape.de\/#website"},"primaryImageOfPage":{"@id":"https:\/\/www.elementvape.de\/produkt\/voopoo-argus-pro-pod-mod-kit-pod-tank-e-zigarette\/#primaryimage"},"image":{"@id":"https:\/\/www.elementvape.de\/produkt\/voopoo-argus-pro-pod-mod-kit-pod-tank-e-zigarette\/#primaryimage"},"thumbnailUrl":"https:\/\/ae01.alicdn.com\/kf\/Sfba7ffa4c9e1429aa3f066e823fb67a2W\/Voopoo-argus-pro-pod-mod-kit-80w-4-5-ml-pnp-pod-tank-3000mah-batterie-pod.jpg","datePublished":"2024-04-20T07:49:06+00:00","dateModified":"2024-09-12T10:32:05+00:00","description":"Wir bieten Voopoo argus Pro pod mod kit pod tank E-Zigarette , Elementvape.de akzeptieren Gro\u00df-und Einzelhandel Bestellungen.","breadcrumb":{"@id":"https:\/\/www.elementvape.de\/produkt\/voopoo-argus-pro-pod-mod-kit-pod-tank-e-zigarette\/#breadcrumb"},"inLanguage":"es","potentialAction":[{"@type":"ReadAction","target":["https:\/\/www.elementvape.de\/produkt\/voopoo-argus-pro-pod-mod-kit-pod-tank-e-zigarette\/"]}]},{"@type":"ImageObject","inLanguage":"es","@id":"https:\/\/www.elementvape.de\/produkt\/voopoo-argus-pro-pod-mod-kit-pod-tank-e-zigarette\/#primaryimage","url":"https:\/\/ae01.alicdn.com\/kf\/Sfba7ffa4c9e1429aa3f066e823fb67a2W\/Voopoo-argus-pro-pod-mod-kit-80w-4-5-ml-pnp-pod-tank-3000mah-batterie-pod.jpg","contentUrl":"https:\/\/ae01.alicdn.com\/kf\/Sfba7ffa4c9e1429aa3f066e823fb67a2W\/Voopoo-argus-pro-pod-mod-kit-80w-4-5-ml-pnp-pod-tank-3000mah-batterie-pod.jpg","width":1000,"height":1000},{"@type":"BreadcrumbList","@id":"https:\/\/www.elementvape.de\/produkt\/voopoo-argus-pro-pod-mod-kit-pod-tank-e-zigarette\/#breadcrumb","itemListElement":[{"@type":"ListItem","position":1,"name":"Home","item":"https:\/\/www.elementvape.de\/"},{"@type":"ListItem","position":2,"name":"Shop","item":"https:\/\/www.elementvape.de\/shop\/"},{"@type":"ListItem","position":3,"name":"Voopoo argus Pro pod mod kit pod tank E-Zigarette"}]},{"@type":"WebSite","@id":"https:\/\/www.elementvape.de\/#website","url":"https:\/\/www.elementvape.de\/","name":"ElementVape.de","description":"","publisher":{"@id":"https:\/\/www.elementvape.de\/#organization"},"potentialAction":[{"@type":"SearchAction","target":{"@type":"EntryPoint","urlTemplate":"https:\/\/www.elementvape.de\/?s={search_term_string}"},"query-input":"required name=search_term_string"}],"inLanguage":"es"},{"@type":"Organization","@id":"https:\/\/www.elementvape.de\/#organization","name":"ElementVape.DE","url":"https:\/\/www.elementvape.de\/","logo":{"@type":"ImageObject","inLanguage":"es","@id":"https:\/\/www.elementvape.de\/#\/schema\/logo\/image\/","url":"https:\/\/www.elementvape.de\/wp-content\/uploads\/2024\/09\/cropped-1elementvape-3.png","contentUrl":"https:\/\/www.elementvape.de\/wp-content\/uploads\/2024\/09\/cropped-1elementvape-3.png","width":285,"height":228,"caption":"ElementVape.DE"},"image":{"@id":"https:\/\/www.elementvape.de\/#\/schema\/logo\/image\/"}}]}},"_links":{"self":[{"href":"https:\/\/www.elementvape.de\/es\/wp-json\/wp\/v2\/product\/8150"}],"collection":[{"href":"https:\/\/www.elementvape.de\/es\/wp-json\/wp\/v2\/product"}],"about":[{"href":"https:\/\/www.elementvape.de\/es\/wp-json\/wp\/v2\/types\/product"}],"wp:featuredmedia":[{"embeddable":true,"href":"https:\/\/www.elementvape.de\/es\/wp-json\/wp\/v2\/media\/8152"}],"wp:attachment":[{"href":"https:\/\/www.elementvape.de\/es\/wp-json\/wp\/v2\/media?parent=8150"}],"wp:term":[{"taxonomy":"product_cat","embeddable":true,"href":"https:\/\/www.elementvape.de\/es\/wp-json\/wp\/v2\/product_cat?post=8150"},{"taxonomy":"product_tag","embeddable":true,"href":"https:\/\/www.elementvape.de\/es\/wp-json\/wp\/v2\/product_tag?post=8150"}],"curies":[{"name":"wp","href":"https:\/\/api.w.org\/{rel}","templated":true}]}}