{"id":8131,"date":"2024-04-20T07:45:48","date_gmt":"2024-04-20T07:45:48","guid":{"rendered":"https:\/\/www.elementvape.de\/?post_type=product&#038;p=8131"},"modified":"2024-09-12T10:32:06","modified_gmt":"2024-09-12T10:32:06","slug":"lost-vape-thelema-mini-mod-45w-vape-e-zigarettenkartusche","status":"publish","type":"product","link":"https:\/\/www.elementvape.de\/es\/produkt\/lost-vape-thelema-mini-mod-45w-vape-e-zigarettenkartusche\/","title":{"rendered":"Lost Vape Thelema Mini Mod 45W Vape Cartucho de cigarrillo electr\u00f3nico"},"content":{"rendered":"<p>&nbsp;<\/p>\n<div class=\"product-specs-list-container\">\n<ul class=\"product-specs-list util-clearfix\">\n<li class=\"product-prop line-limit-length\"><span class=\"property-title\">Funci\u00f3n de monitoreo de la cantidad de humo:\u00a0<\/span><span class=\"property-desc line-limit-length\">No<\/span><\/li>\n<li class=\"product-prop line-limit-length\"><span class=\"property-title\">Funda de silicona:\u00a0<\/span><span class=\"property-desc line-limit-length\">No<\/span><\/li>\n<li class=\"product-prop line-limit-length\"><span class=\"property-title\">Funci\u00f3n de protecci\u00f3n contra cortocircuitos:\u00a0<\/span><span class=\"property-desc line-limit-length\">Ja<\/span><\/li>\n<li class=\"product-prop line-limit-length\"><span class=\"property-title\">Funci\u00f3n de protecci\u00f3n contra sobrecalentamiento:\u00a0<\/span><span class=\"property-desc line-limit-length\">Ja<\/span><\/li>\n<li class=\"product-prop line-limit-length\"><span class=\"property-title\">Funci\u00f3n de alarma de bajo voltaje:\u00a0<\/span><span class=\"property-desc line-limit-length\">Ja<\/span><\/li>\n<li class=\"product-prop line-limit-length\"><span class=\"property-title\">Funci\u00f3n de identificaci\u00f3n del atomizador:\u00a0<\/span><span class=\"property-desc line-limit-length\">Ja<\/span><\/li>\n<li class=\"product-prop line-limit-length\"><span class=\"property-title\">Regulaci\u00f3n de temperatura:\u00a0<\/span><span class=\"property-desc line-limit-length\">Ja<\/span><\/li>\n<li class=\"product-prop line-limit-length\"><span class=\"property-title\">Modos de ajuste TCR:\u00a0<\/span><span class=\"property-desc line-limit-length\">No<\/span><\/li>\n<li class=\"product-prop line-limit-length\"><span class=\"property-title\">Capacidad nominal:\u00a0<\/span><span class=\"property-desc line-limit-length\">1500 mAh<\/span><\/li>\n<li class=\"product-prop line-limit-length\"><span class=\"property-title\">Bater\u00eda compatible:\u00a0<\/span><span class=\"property-desc line-limit-length\">18650<\/span><\/li>\n<li class=\"product-prop line-limit-length\"><span class=\"property-title\">Material:\u00a0<\/span><span class=\"property-desc line-limit-length\">Metal<\/span><\/li>\n<li class=\"product-prop line-limit-length\"><span class=\"property-title\">Modelo compatible:\u00a0<\/span><span class=\"property-desc line-limit-length\">Vaporizador de cigarrillo electr\u00f3nico<\/span><\/li>\n<li class=\"product-prop line-limit-length\"><span class=\"property-title\">N\u00famero de modelo:\u00a0<\/span><span class=\"property-desc line-limit-length\">Lostvape Thelema Mini Mod<\/span><\/li>\n<li class=\"product-prop line-limit-length\"><span class=\"property-title\">Actualizaci\u00f3n de firmware:\u00a0<\/span><span class=\"property-desc line-limit-length\">No<\/span><\/li>\n<li class=\"product-prop line-limit-length\"><span class=\"property-title\">Cargador USB:\u00a0<\/span><span class=\"property-desc line-limit-length\">Ja<\/span><\/li>\n<li class=\"product-prop line-limit-length\"><span class=\"property-title\">Pantalla:\u00a0<\/span><span class=\"property-desc line-limit-length\">Ja<\/span><\/li>\n<li class=\"product-prop line-limit-length\"><span class=\"property-title\">Bater\u00eda incorporada o externa:\u00a0<\/span><span class=\"property-desc line-limit-length\">Ja<\/span><\/li>\n<li class=\"product-prop line-limit-length\"><span class=\"property-title\">Tipo:\u00a0<\/span><span class=\"property-desc line-limit-length\">Mod el\u00e9ctrico<\/span><\/li>\n<li class=\"product-prop line-limit-length\"><span class=\"property-title\">Nombre de la marca:\u00a0<\/span><span class=\"property-desc line-limit-length\">LOST VAPE<\/span><\/li>\n<li class=\"product-prop line-limit-length\"><span class=\"property-title\">Origen:\u00a0<\/span><span class=\"property-desc line-limit-length\">CN (origen)<\/span><\/li>\n<\/ul>\n<\/div>\n<div class=\"detailmodule_html\">\n<div class=\"detail-desc-decorate-richtext\">\n<div class=\"detailmodule_text\">\n<p id=\"tl_1\" class=\"detail-desc-decorate-title\" style=\"font-family: OpenSans; font-size: 20px; font-weight: 900; line-height: 28px; margin-bottom: 12px;\">Mod Thelema Mini original de lostvape, 45w, vaporizador, bater\u00eda de 1500mAh, cigarrillos electr\u00f3nicos, atomizador, soporte de hilo, ub lite pod tank<\/p>\n<\/div>\n<div class=\"detailmodule_text\">\n<p id=\"tl_2\" class=\"detail-desc-decorate-title\" style=\"font-family: OpenSans; font-size: 20px; font-weight: 900; line-height: 28px; margin-bottom: 12px;\">Introducci\u00f3n:<\/p>\n<p id=\"tl_3\" class=\"detail-desc-decorate-content\" style=\"font-family: OpenSans; font-size: 14px; font-weight: 300; line-height: 20px; margin-bottom: 12px;\">El mod Thelema mini viene con un tama\u00f1o compacto y una bater\u00eda incorporada de 1500mAh. El mod ultra compacto de 510 es m\u00e1s peque\u00f1o que el 95% de los mods de 510 disponibles en el mercado. Tiene una potencia m\u00e1xima de 45W y carga tipo C.<\/p>\n<\/div>\n<div class=\"detailmodule_text\">\n<p id=\"tl_4\" class=\"detail-desc-decorate-title\" style=\"font-family: OpenSans; font-size: 20px; font-weight: 900; line-height: 28px; margin-bottom: 12px;\">Par\u00e1metros:<\/p>\n<p id=\"tl_5\" class=\"detail-desc-decorate-content\" style=\"font-family: OpenSans; font-size: 14px; font-weight: 300; line-height: 20px; margin-bottom: 12px;\">Marca: lostvape<br \/>\nNombre del producto: mod Thelema mini<br \/>\nRango de potencia: 5-45w<br \/>\nResistencia de las bobinas soportada: 0,2 Ohm - 5,0 Ohm<br \/>\nRango de corriente: 1a-15a<br \/>\nPantalla en p\u00edxeles: 0,69 pulgadas, 96*16<br \/>\nCapacidad de la bater\u00eda: 1500mAh<br \/>\nVoltaje de la bater\u00eda: 3,0 V-4,2 V<br \/>\nMaterial del cuerpo: aleaci\u00f3n de zinc y acero inoxidable<br \/>\nCarga: carga Tipo-C<br \/>\nColor: Plata espacial, fibra de carb\u00f3n, rojo m\u00edstico, capuchino, plata Selva, verde drag\u00f3n, sobreviviente rosa, sobreviviente lila<\/p>\n<\/div>\n<div class=\"detailmodule_text\">\n<p id=\"tl_6\" class=\"detail-desc-decorate-title\" style=\"font-family: OpenSans; font-size: 20px; font-weight: 900; line-height: 28px; margin-bottom: 12px;\">Paquete:<\/p>\n<p id=\"tl_7\" class=\"detail-desc-decorate-content\" style=\"font-family: OpenSans; font-size: 14px; font-weight: 300; line-height: 20px; margin-bottom: 12px;\">1 * mod mini de pod Thelema<br \/>\n1x cable Tipo-C<br \/>\nManual de usuario de 1x<br \/>\n1x tarjeta de garant\u00eda<\/p>\n<\/div>\n<div class=\"detailmodule_image\"><img decoding=\"async\" loading=\"lazy\" class=\"detail-desc-decorate-image\" src=\"https:\/\/ae01.alicdn.com\/kf\/Sb43b02e0820f4b62874373048aab09eeo.jpg\" \/><br \/>\n<img decoding=\"async\" loading=\"lazy\" class=\"detail-desc-decorate-image\" src=\"https:\/\/ae01.alicdn.com\/kf\/S87b69436314046568756050746d623237.jpg\" \/><\/div>\n<p>&nbsp;<\/p>\n<\/div>\n<\/div>","protected":false},"excerpt":{"rendered":"<p>&nbsp; Funci\u00f3n de monitoreo del n\u00famero de veces que se fuma: No. Funda de silicona: No. Funci\u00f3n de protecci\u00f3n contra cortocircuitos: S\u00ed. Funci\u00f3n de protecci\u00f3n contra sobrecalentamiento: S\u00ed. Alarma de bajo voltaje: S\u00ed. Funci\u00f3n de identificaci\u00f3n del atomizador: S\u00ed. Regulaci\u00f3n de temperatura: S\u00ed. Modos de ajuste TCR: No. Capacidad nominal: 1500 mAh. Bater\u00eda compatible: 18650. Material: Metal. Modelo compatible: Cigarrillo electr\u00f3nico vaporizador. N\u00famero de modelo: Lostvape Thelema Mini Mod. Actualizaci\u00f3n de firmware: No. Cargador USB: S\u00ed. Pantalla: S\u00ed. Bater\u00eda incorporada o externa: S\u00ed. Tipo: Mod el\u00e9ctrico. Marca: LOST VAPE. Origen: CN (origen). El mod Lostvape Thelema Mini original, 45w, vape, bater\u00eda de 1500mAh [\u2026]<\/p>","protected":false},"featured_media":8132,"template":"","meta":{"inline_featured_image":false},"product_cat":[78,750,737,736,749,77],"product_tag":[],"tiered_pricing_type":"fixed","tiered_pricing_fixed_rules":[],"tiered_pricing_percentage_rules":[],"tiered_pricing_minimum":1,"_administrator_tiered_pricing_type":"fixed","_administrator_tiered_pricing_fixed_rules":[],"_editor_tiered_pricing_type":"fixed","_editor_tiered_pricing_fixed_rules":[],"_author_tiered_pricing_type":"fixed","_author_tiered_pricing_fixed_rules":[],"_contributor_tiered_pricing_type":"fixed","_contributor_tiered_pricing_fixed_rules":[],"_subscriber_tiered_pricing_type":"fixed","_subscriber_tiered_pricing_fixed_rules":[],"_customer_tiered_pricing_type":"fixed","_customer_tiered_pricing_fixed_rules":[],"_shop_manager_tiered_pricing_type":"fixed","_shop_manager_tiered_pricing_fixed_rules":[],"_wpseo_manager_tiered_pricing_type":"fixed","_wpseo_manager_tiered_pricing_fixed_rules":[],"_wpseo_editor_tiered_pricing_type":"fixed","_wpseo_editor_tiered_pricing_fixed_rules":[],"_wholesale_customer_tiered_pricing_type":"fixed","_wholesale_customer_tiered_pricing_fixed_rules":[],"_marketer_tiered_pricing_type":"fixed","_marketer_tiered_pricing_fixed_rules":[],"_sales_manager_tiered_pricing_type":"fixed","_sales_manager_tiered_pricing_fixed_rules":[],"_sales_rep_tiered_pricing_type":"fixed","_sales_rep_tiered_pricing_fixed_rules":[],"yoast_head":"<!-- This site is optimized with the Yoast SEO plugin v23.3 - https:\/\/yoast.com\/wordpress\/plugins\/seo\/ -->\n<title>Lost Vape Thelema Mini Mod 45W Vape E-Zigarettenkartusche | ElementVape.de<\/title>\n<meta name=\"description\" content=\"Wir bieten Lost Vape Thelema Mini Mod 45W Vape E-Zigarettenkartusche , Elementvape.de akzeptieren Gro\u00df-und Einzelhandel Bestellungen.\" \/>\n<meta name=\"robots\" content=\"index, follow, max-snippet:-1, max-image-preview:large, max-video-preview:-1\" \/>\n<link rel=\"canonical\" href=\"https:\/\/www.elementvape.de\/es\/produkt\/lost-vape-thelema-mini-mod-45w-vape-e-zigarettenkartusche\/\" \/>\n<meta property=\"og:locale\" content=\"es_ES\" \/>\n<meta property=\"og:type\" content=\"article\" \/>\n<meta property=\"og:title\" content=\"Lost Vape Thelema Mini Mod 45W Vape E-Zigarettenkartusche | ElementVape.de\" \/>\n<meta property=\"og:description\" content=\"Wir bieten Lost Vape Thelema Mini Mod 45W Vape E-Zigarettenkartusche , Elementvape.de akzeptieren Gro\u00df-und Einzelhandel Bestellungen.\" \/>\n<meta property=\"og:url\" content=\"https:\/\/www.elementvape.de\/es\/produkt\/lost-vape-thelema-mini-mod-45w-vape-e-zigarettenkartusche\/\" \/>\n<meta property=\"og:site_name\" content=\"ElementVape.de\" \/>\n<meta property=\"article:modified_time\" content=\"2024-09-12T10:32:06+00:00\" \/>\n<meta property=\"og:image\" content=\"https:\/\/ae01.alicdn.com\/kf\/S2ab0a08ff7694959bb4f53e75e2853b1L\/Original-Verloren-Vape-Thelema-Mini-Mod-45W-Vape-1500mAh-Batterie-Elektronische-Zigarette-Verdampfer-510-Gewinde-Unterst.jpg\" \/>\n\t<meta property=\"og:image:width\" content=\"800\" \/>\n\t<meta property=\"og:image:height\" content=\"800\" \/>\n\t<meta property=\"og:image:type\" content=\"image\/jpeg\" \/>\n<meta name=\"twitter:card\" content=\"summary_large_image\" \/>\n<meta name=\"twitter:label1\" content=\"Est. reading time\" \/>\n\t<meta name=\"twitter:data1\" content=\"2 minutos\" \/>\n<script type=\"application\/ld+json\" class=\"yoast-schema-graph\">{\"@context\":\"https:\/\/schema.org\",\"@graph\":[{\"@type\":\"WebPage\",\"@id\":\"https:\/\/www.elementvape.de\/produkt\/lost-vape-thelema-mini-mod-45w-vape-e-zigarettenkartusche\/\",\"url\":\"https:\/\/www.elementvape.de\/produkt\/lost-vape-thelema-mini-mod-45w-vape-e-zigarettenkartusche\/\",\"name\":\"Lost Vape Thelema Mini Mod 45W Vape E-Zigarettenkartusche | ElementVape.de\",\"isPartOf\":{\"@id\":\"https:\/\/www.elementvape.de\/#website\"},\"primaryImageOfPage\":{\"@id\":\"https:\/\/www.elementvape.de\/produkt\/lost-vape-thelema-mini-mod-45w-vape-e-zigarettenkartusche\/#primaryimage\"},\"image\":{\"@id\":\"https:\/\/www.elementvape.de\/produkt\/lost-vape-thelema-mini-mod-45w-vape-e-zigarettenkartusche\/#primaryimage\"},\"thumbnailUrl\":\"https:\/\/ae01.alicdn.com\/kf\/S2ab0a08ff7694959bb4f53e75e2853b1L\/Original-Verloren-Vape-Thelema-Mini-Mod-45W-Vape-1500mAh-Batterie-Elektronische-Zigarette-Verdampfer-510-Gewinde-Unterst.jpg\",\"datePublished\":\"2024-04-20T07:45:48+00:00\",\"dateModified\":\"2024-09-12T10:32:06+00:00\",\"description\":\"Wir bieten Lost Vape Thelema Mini Mod 45W Vape E-Zigarettenkartusche , Elementvape.de akzeptieren Gro\u00df-und Einzelhandel Bestellungen.\",\"breadcrumb\":{\"@id\":\"https:\/\/www.elementvape.de\/produkt\/lost-vape-thelema-mini-mod-45w-vape-e-zigarettenkartusche\/#breadcrumb\"},\"inLanguage\":\"es\",\"potentialAction\":[{\"@type\":\"ReadAction\",\"target\":[\"https:\/\/www.elementvape.de\/produkt\/lost-vape-thelema-mini-mod-45w-vape-e-zigarettenkartusche\/\"]}]},{\"@type\":\"ImageObject\",\"inLanguage\":\"es\",\"@id\":\"https:\/\/www.elementvape.de\/produkt\/lost-vape-thelema-mini-mod-45w-vape-e-zigarettenkartusche\/#primaryimage\",\"url\":\"https:\/\/ae01.alicdn.com\/kf\/S2ab0a08ff7694959bb4f53e75e2853b1L\/Original-Verloren-Vape-Thelema-Mini-Mod-45W-Vape-1500mAh-Batterie-Elektronische-Zigarette-Verdampfer-510-Gewinde-Unterst.jpg\",\"contentUrl\":\"https:\/\/ae01.alicdn.com\/kf\/S2ab0a08ff7694959bb4f53e75e2853b1L\/Original-Verloren-Vape-Thelema-Mini-Mod-45W-Vape-1500mAh-Batterie-Elektronische-Zigarette-Verdampfer-510-Gewinde-Unterst.jpg\",\"width\":800,\"height\":800},{\"@type\":\"BreadcrumbList\",\"@id\":\"https:\/\/www.elementvape.de\/produkt\/lost-vape-thelema-mini-mod-45w-vape-e-zigarettenkartusche\/#breadcrumb\",\"itemListElement\":[{\"@type\":\"ListItem\",\"position\":1,\"name\":\"Home\",\"item\":\"https:\/\/www.elementvape.de\/\"},{\"@type\":\"ListItem\",\"position\":2,\"name\":\"Shop\",\"item\":\"https:\/\/www.elementvape.de\/shop\/\"},{\"@type\":\"ListItem\",\"position\":3,\"name\":\"Lost Vape Thelema Mini Mod 45W Vape E-Zigarettenkartusche\"}]},{\"@type\":\"WebSite\",\"@id\":\"https:\/\/www.elementvape.de\/#website\",\"url\":\"https:\/\/www.elementvape.de\/\",\"name\":\"ElementVape.de\",\"description\":\"\",\"publisher\":{\"@id\":\"https:\/\/www.elementvape.de\/#organization\"},\"potentialAction\":[{\"@type\":\"SearchAction\",\"target\":{\"@type\":\"EntryPoint\",\"urlTemplate\":\"https:\/\/www.elementvape.de\/?s={search_term_string}\"},\"query-input\":\"required name=search_term_string\"}],\"inLanguage\":\"es\"},{\"@type\":\"Organization\",\"@id\":\"https:\/\/www.elementvape.de\/#organization\",\"name\":\"ElementVape.DE\",\"url\":\"https:\/\/www.elementvape.de\/\",\"logo\":{\"@type\":\"ImageObject\",\"inLanguage\":\"es\",\"@id\":\"https:\/\/www.elementvape.de\/#\/schema\/logo\/image\/\",\"url\":\"https:\/\/www.elementvape.de\/wp-content\/uploads\/2024\/09\/cropped-1elementvape-3.png\",\"contentUrl\":\"https:\/\/www.elementvape.de\/wp-content\/uploads\/2024\/09\/cropped-1elementvape-3.png\",\"width\":285,\"height\":228,\"caption\":\"ElementVape.DE\"},\"image\":{\"@id\":\"https:\/\/www.elementvape.de\/#\/schema\/logo\/image\/\"}}]}<\/script>\n<!-- \/ Yoast SEO plugin. -->","yoast_head_json":{"title":"Lost Vape Thelema Mini Mod 45W Vape E-Zigarettenkartusche | ElementVape.de","description":"Wir bieten Lost Vape Thelema Mini Mod 45W Vape E-Zigarettenkartusche , Elementvape.de akzeptieren Gro\u00df-und Einzelhandel Bestellungen.","robots":{"index":"index","follow":"follow","max-snippet":"max-snippet:-1","max-image-preview":"max-image-preview:large","max-video-preview":"max-video-preview:-1"},"canonical":"https:\/\/www.elementvape.de\/es\/produkt\/lost-vape-thelema-mini-mod-45w-vape-e-zigarettenkartusche\/","og_locale":"es_ES","og_type":"article","og_title":"Lost Vape Thelema Mini Mod 45W Vape E-Zigarettenkartusche | ElementVape.de","og_description":"Wir bieten Lost Vape Thelema Mini Mod 45W Vape E-Zigarettenkartusche , Elementvape.de akzeptieren Gro\u00df-und Einzelhandel Bestellungen.","og_url":"https:\/\/www.elementvape.de\/es\/produkt\/lost-vape-thelema-mini-mod-45w-vape-e-zigarettenkartusche\/","og_site_name":"ElementVape.de","article_modified_time":"2024-09-12T10:32:06+00:00","og_image":[{"width":800,"height":800,"url":"https:\/\/ae01.alicdn.com\/kf\/S2ab0a08ff7694959bb4f53e75e2853b1L\/Original-Verloren-Vape-Thelema-Mini-Mod-45W-Vape-1500mAh-Batterie-Elektronische-Zigarette-Verdampfer-510-Gewinde-Unterst.jpg","type":"image\/jpeg"}],"twitter_card":"summary_large_image","twitter_misc":{"Est. reading time":"2 minutos"},"schema":{"@context":"https:\/\/schema.org","@graph":[{"@type":"WebPage","@id":"https:\/\/www.elementvape.de\/produkt\/lost-vape-thelema-mini-mod-45w-vape-e-zigarettenkartusche\/","url":"https:\/\/www.elementvape.de\/produkt\/lost-vape-thelema-mini-mod-45w-vape-e-zigarettenkartusche\/","name":"Lost Vape Thelema Mini Mod 45W Vape E-Zigarettenkartusche | ElementVape.de","isPartOf":{"@id":"https:\/\/www.elementvape.de\/#website"},"primaryImageOfPage":{"@id":"https:\/\/www.elementvape.de\/produkt\/lost-vape-thelema-mini-mod-45w-vape-e-zigarettenkartusche\/#primaryimage"},"image":{"@id":"https:\/\/www.elementvape.de\/produkt\/lost-vape-thelema-mini-mod-45w-vape-e-zigarettenkartusche\/#primaryimage"},"thumbnailUrl":"https:\/\/ae01.alicdn.com\/kf\/S2ab0a08ff7694959bb4f53e75e2853b1L\/Original-Verloren-Vape-Thelema-Mini-Mod-45W-Vape-1500mAh-Batterie-Elektronische-Zigarette-Verdampfer-510-Gewinde-Unterst.jpg","datePublished":"2024-04-20T07:45:48+00:00","dateModified":"2024-09-12T10:32:06+00:00","description":"Wir bieten Lost Vape Thelema Mini Mod 45W Vape E-Zigarettenkartusche , Elementvape.de akzeptieren Gro\u00df-und Einzelhandel Bestellungen.","breadcrumb":{"@id":"https:\/\/www.elementvape.de\/produkt\/lost-vape-thelema-mini-mod-45w-vape-e-zigarettenkartusche\/#breadcrumb"},"inLanguage":"es","potentialAction":[{"@type":"ReadAction","target":["https:\/\/www.elementvape.de\/produkt\/lost-vape-thelema-mini-mod-45w-vape-e-zigarettenkartusche\/"]}]},{"@type":"ImageObject","inLanguage":"es","@id":"https:\/\/www.elementvape.de\/produkt\/lost-vape-thelema-mini-mod-45w-vape-e-zigarettenkartusche\/#primaryimage","url":"https:\/\/ae01.alicdn.com\/kf\/S2ab0a08ff7694959bb4f53e75e2853b1L\/Original-Verloren-Vape-Thelema-Mini-Mod-45W-Vape-1500mAh-Batterie-Elektronische-Zigarette-Verdampfer-510-Gewinde-Unterst.jpg","contentUrl":"https:\/\/ae01.alicdn.com\/kf\/S2ab0a08ff7694959bb4f53e75e2853b1L\/Original-Verloren-Vape-Thelema-Mini-Mod-45W-Vape-1500mAh-Batterie-Elektronische-Zigarette-Verdampfer-510-Gewinde-Unterst.jpg","width":800,"height":800},{"@type":"BreadcrumbList","@id":"https:\/\/www.elementvape.de\/produkt\/lost-vape-thelema-mini-mod-45w-vape-e-zigarettenkartusche\/#breadcrumb","itemListElement":[{"@type":"ListItem","position":1,"name":"Home","item":"https:\/\/www.elementvape.de\/"},{"@type":"ListItem","position":2,"name":"Shop","item":"https:\/\/www.elementvape.de\/shop\/"},{"@type":"ListItem","position":3,"name":"Lost Vape Thelema Mini Mod 45W Vape E-Zigarettenkartusche"}]},{"@type":"WebSite","@id":"https:\/\/www.elementvape.de\/#website","url":"https:\/\/www.elementvape.de\/","name":"ElementVape.de","description":"","publisher":{"@id":"https:\/\/www.elementvape.de\/#organization"},"potentialAction":[{"@type":"SearchAction","target":{"@type":"EntryPoint","urlTemplate":"https:\/\/www.elementvape.de\/?s={search_term_string}"},"query-input":"required name=search_term_string"}],"inLanguage":"es"},{"@type":"Organization","@id":"https:\/\/www.elementvape.de\/#organization","name":"ElementVape.DE","url":"https:\/\/www.elementvape.de\/","logo":{"@type":"ImageObject","inLanguage":"es","@id":"https:\/\/www.elementvape.de\/#\/schema\/logo\/image\/","url":"https:\/\/www.elementvape.de\/wp-content\/uploads\/2024\/09\/cropped-1elementvape-3.png","contentUrl":"https:\/\/www.elementvape.de\/wp-content\/uploads\/2024\/09\/cropped-1elementvape-3.png","width":285,"height":228,"caption":"ElementVape.DE"},"image":{"@id":"https:\/\/www.elementvape.de\/#\/schema\/logo\/image\/"}}]}},"_links":{"self":[{"href":"https:\/\/www.elementvape.de\/es\/wp-json\/wp\/v2\/product\/8131"}],"collection":[{"href":"https:\/\/www.elementvape.de\/es\/wp-json\/wp\/v2\/product"}],"about":[{"href":"https:\/\/www.elementvape.de\/es\/wp-json\/wp\/v2\/types\/product"}],"wp:featuredmedia":[{"embeddable":true,"href":"https:\/\/www.elementvape.de\/es\/wp-json\/wp\/v2\/media\/8132"}],"wp:attachment":[{"href":"https:\/\/www.elementvape.de\/es\/wp-json\/wp\/v2\/media?parent=8131"}],"wp:term":[{"taxonomy":"product_cat","embeddable":true,"href":"https:\/\/www.elementvape.de\/es\/wp-json\/wp\/v2\/product_cat?post=8131"},{"taxonomy":"product_tag","embeddable":true,"href":"https:\/\/www.elementvape.de\/es\/wp-json\/wp\/v2\/product_tag?post=8131"}],"curies":[{"name":"wp","href":"https:\/\/api.w.org\/{rel}","templated":true}]}}