{"id":8053,"date":"2024-04-20T05:50:28","date_gmt":"2024-04-20T05:50:28","guid":{"rendered":"https:\/\/www.elementvape.de\/?post_type=product&#038;p=8053"},"modified":"2024-09-12T10:34:19","modified_gmt":"2024-09-12T10:34:19","slug":"dampf-storm-bypass-200w-tc-vape-box","status":"publish","type":"product","link":"https:\/\/www.elementvape.de\/es\/produkt\/dampf-storm-bypass-200w-tc-vape-box\/","title":{"rendered":"Dampf Storm Bypass 200W TC Vape Box Mod Dual 18650 Storm230 Mod Box Vape Cigarrillo electr\u00f3nico atomizador RDA RBA RDTA"},"content":{"rendered":"<p>&nbsp;<\/p>\n<div class=\"product-specs-list-container\">\n<ul class=\"product-specs-list util-clearfix\">\n<li class=\"product-prop line-limit-length\"><span class=\"property-title\">Funci\u00f3n de monitoreo de la cantidad de humo:\u00a0<\/span><span class=\"property-desc line-limit-length\">No<\/span><\/li>\n<li class=\"product-prop line-limit-length\"><span class=\"property-title\">Funda de silicona:\u00a0<\/span><span class=\"property-desc line-limit-length\">No<\/span><\/li>\n<li class=\"product-prop line-limit-length\"><span class=\"property-title\">Funci\u00f3n de protecci\u00f3n contra cortocircuitos:\u00a0<\/span><span class=\"property-desc line-limit-length\">Ja<\/span><\/li>\n<li class=\"product-prop line-limit-length\"><span class=\"property-title\">Funci\u00f3n de protecci\u00f3n contra sobrecalentamiento:\u00a0<\/span><span class=\"property-desc line-limit-length\">Ja<\/span><\/li>\n<li class=\"product-prop line-limit-length\"><span class=\"property-title\">Funci\u00f3n de alarma de bajo voltaje:\u00a0<\/span><span class=\"property-desc line-limit-length\">Ja<\/span><\/li>\n<li class=\"product-prop line-limit-length\"><span class=\"property-title\">Funci\u00f3n de identificaci\u00f3n del atomizador:\u00a0<\/span><span class=\"property-desc line-limit-length\">Ja<\/span><\/li>\n<li class=\"product-prop line-limit-length\"><span class=\"property-title\">Regulaci\u00f3n de temperatura:\u00a0<\/span><span class=\"property-desc line-limit-length\">Ja<\/span><\/li>\n<li class=\"product-prop line-limit-length\"><span class=\"property-title\">Modos de ajuste TCR:\u00a0<\/span><span class=\"property-desc line-limit-length\">Ja<\/span><\/li>\n<li class=\"product-prop line-limit-length\"><span class=\"property-title\">Capacidad nominal:\u00a0<\/span><span class=\"property-desc line-limit-length\">Ninguna<\/span><\/li>\n<li class=\"product-prop line-limit-length\"><span class=\"property-title\">Bater\u00eda compatible:\u00a0<\/span><span class=\"property-desc line-limit-length\">18650<\/span><\/li>\n<li class=\"product-prop line-limit-length\"><span class=\"property-title\">Material:\u00a0<\/span><span class=\"property-desc line-limit-length\">Pl\u00e1stico<\/span><\/li>\n<li class=\"product-prop line-limit-length\"><span class=\"property-title\">Modelo compatible:\u00a0<\/span><span class=\"property-desc line-limit-length\">Caja Mod de Cigarrillo Electr\u00f3nico Vape<\/span><\/li>\n<li class=\"product-prop line-limit-length\"><span class=\"property-title\">N\u00famero de modelo:\u00a0<\/span><span class=\"property-desc line-limit-length\">storm230 bypass<\/span><\/li>\n<li class=\"product-prop line-limit-length\"><span class=\"property-title\">Actualizaci\u00f3n de firmware:\u00a0<\/span><span class=\"property-desc line-limit-length\">No<\/span><\/li>\n<li class=\"product-prop line-limit-length\"><span class=\"property-title\">Cargador USB:\u00a0<\/span><span class=\"property-desc line-limit-length\">Ja<\/span><\/li>\n<li class=\"product-prop line-limit-length\"><span class=\"property-title\">Pantalla:\u00a0<\/span><span class=\"property-desc line-limit-length\">Ja<\/span><\/li>\n<li class=\"product-prop line-limit-length\"><span class=\"property-title\">Bater\u00eda incorporada o externa:\u00a0<\/span><span class=\"property-desc line-limit-length\">No<\/span><\/li>\n<li class=\"product-prop line-limit-length\"><span class=\"property-title\">Tipo:\u00a0<\/span><span class=\"property-desc line-limit-length\">Mod el\u00e9ctrico<\/span><\/li>\n<li class=\"product-prop line-limit-length\"><span class=\"property-title\">Nombre de la marca:\u00a0<\/span><span class=\"property-desc line-limit-length\">tormenta de vapor<\/span><\/li>\n<li class=\"product-prop line-limit-length\"><span class=\"property-title\">Origen:\u00a0<\/span><span class=\"property-desc line-limit-length\">CN (origen)<\/span><\/li>\n<li class=\"product-prop line-limit-length\"><span class=\"property-title\">potencia variable:\u00a0<\/span><span class=\"property-desc line-limit-length\">5-200W<\/span><\/li>\n<li class=\"product-prop line-limit-length\"><span class=\"property-title\">Control de temperatura:\u00a0<\/span><span class=\"property-desc line-limit-length\">212 \u00b0F \u2013 600 \u00b0F<\/span><\/li>\n<li class=\"product-prop line-limit-length\"><span class=\"property-title\">Hilo:\u00a0<\/span><span class=\"property-desc line-limit-length\">510<\/span><\/li>\n<li class=\"product-prop line-limit-length\"><span class=\"property-title\">Modelo:\u00a0<\/span><span class=\"property-desc line-limit-length\">Vapor Storm230 200W Bypass<\/span><\/li>\n<li class=\"product-prop line-limit-length\"><span class=\"property-title\">Bater\u00eda:\u00a0<\/span><span class=\"property-desc line-limit-length\">Soporta bater\u00eda doble 18650, bater\u00eda externa<\/span><\/li>\n<li class=\"product-prop line-limit-length\"><span class=\"property-title\">Funci\u00f3n especial:\u00a0<\/span><span class=\"property-desc line-limit-length\">Vape Bypass<\/span><\/li>\n<li class=\"product-prop line-limit-length\"><span class=\"property-title\">Funci\u00f3n 1:\u00a0<\/span><span class=\"property-desc line-limit-length\">caja mod vape<\/span><\/li>\n<li class=\"product-prop line-limit-length\"><span class=\"property-title\">Funci\u00f3n 2:\u00a0<\/span><span class=\"property-desc line-limit-length\">Caja mod de cigarrillo electr\u00f3nico<\/span><\/li>\n<\/ul>\n<\/div>\n<div class=\"detailmodule_html\">\n<div class=\"detail-desc-decorate-richtext\">\n<div class=\"detailmodule_dynamic\"><\/div>\n<div class=\"detailmodule_dynamic\"><\/div>\n<div class=\"detailmodule_html\">\n<div class=\"detail-desc-decorate-richtext\">\n<p>&nbsp;<\/p>\n<div class=\"detailmodule_text\">\n<p id=\"tl_1\" class=\"detail-desc-decorate-title\" style=\"font-family: OpenSans; font-size: 20px; font-weight: 900; line-height: 28px; margin-bottom: 12px;\">Dampfs turm Bypass 200w tc Vape Box Mod Dual Storm230 Mode Mods Box Vape cigarrillo electr\u00f3nico Vapor izer RDA RBA Rdta<\/p>\n<\/div>\n<div class=\"detailmodule_text\">\n<p id=\"tl_2\" class=\"detail-desc-decorate-title\" style=\"font-family: OpenSans; font-size: 20px; font-weight: 900; line-height: 28px; margin-bottom: 12px;\">Atenci\u00f3n:<\/p>\n<p id=\"tl_3\" class=\"detail-desc-decorate-content\" style=\"font-family: OpenSans; font-size: 14px; font-weight: 300; line-height: 20px; margin-bottom: 12px;\">No incluye bater\u00eda ni atomizador, por favor c\u00f3mprelo por separado!<\/p>\n<p>Y cada imagen de recubrimiento es \u00fanica, por lo que recibir\u00e1 diferentes mods de color.<\/p>\n<p>El cuerpo del mod en la parte delantera y trasera son dos im\u00e1genes diferentes.<\/p>\n<p>Este kit tiene bater\u00eda desmontable. Sin bater\u00eda 18650 incluida. Es recomendable que compre dos unidades de bater\u00eda 18650 (sonyvtc4\/vtc5\/vtc6, etc). El corriente de salida actual &gt; = 30a ser\u00eda mejor.<\/p>\n<\/div>\n<div class=\"detailmodule_text\">\n<p id=\"tl_4\" class=\"detail-desc-decorate-title\" style=\"font-family: OpenSans; font-size: 20px; font-weight: 900; line-height: 28px; margin-bottom: 12px;\">Nuevo modo de regulaci\u00f3n de temperatura TC:<\/p>\n<p id=\"tl_5\" class=\"detail-desc-decorate-content\" style=\"font-family: OpenSans; font-size: 14px; font-weight: 300; line-height: 20px; margin-bottom: 12px;\">Con modos opcionales TC (ni\/ti\/ss\/tcr), puede disfrutar de diferentes experiencias de vapeo bajo distintos modos y configuraciones.<br \/>\nSi no tiene la bobina ni\/ti, no le recomendamos vapear directamente en modo ni\/ti tc.<\/p>\n<\/div>\n<div class=\"detailmodule_text\">\n<p id=\"tl_6\" class=\"detail-desc-decorate-title\" style=\"font-family: OpenSans; font-size: 20px; font-weight: 900; line-height: 28px; margin-bottom: 12px;\">Modo Tcr (m1 m2):<\/p>\n<p id=\"tl_7\" class=\"detail-desc-decorate-content\" style=\"font-family: OpenSans; font-size: 14px; font-weight: 300; line-height: 20px; margin-bottom: 12px;\">En modo Tcr (coeficiente de temperatura de la resistencia), el dispositivo puede soportar diferentes bobinas de control de temperatura.<br \/>\nCon diferentes rangos de valores Tcr, puede ajustar el Tcr a diferentes valores con el rango correcto.<\/p>\n<p>Nota:<br \/>\n1. El valor Tcr en la hoja es 105 multiplicado por el Tcr real.<br \/>\n2. Nuestro rango completo de valores Tcr es de 1 a 1000.<\/p>\n<\/div>\n<div class=\"detailmodule_text\">\n<p id=\"tl_8\" class=\"detail-desc-decorate-title\" style=\"font-family: OpenSans; font-size: 20px; font-weight: 900; line-height: 28px; margin-bottom: 12px;\">Modo Bypass:<\/p>\n<p id=\"tl_9\" class=\"detail-desc-decorate-content\" style=\"font-family: OpenSans; font-size: 14px; font-weight: 300; line-height: 20px; margin-bottom: 12px;\">Cuando el dispositivo est\u00e1 configurado en modo Bypass, puede soportar una bobina cuya resistencia est\u00e9 en el rango de 0,1 ohmios a 3,0 ohmios.<br \/>\nEn este modo se establece un sistema de salida de voltaje directo.<br \/>\nCuanto mayor sea el nivel de bater\u00eda, mayor ser\u00e1 el voltaje de salida, la potencia m\u00e1xima es de 230W.<\/p>\n<\/div>\n<div class=\"detailmodule_text\">\n<p id=\"tl_10\" class=\"detail-desc-decorate-title\" style=\"font-family: OpenSans; font-size: 20px; font-weight: 900; line-height: 28px; margin-bottom: 12px;\">Paquete:<\/p>\n<p id=\"tl_11\" class=\"detail-desc-decorate-content\" style=\"font-family: OpenSans; font-size: 14px; font-weight: 300; line-height: 20px; margin-bottom: 12px;\">1 x mod Storm230 Puma (sin bater\u00eda)<br \/>\n1 x cable Micro-USB<br \/>\n1 x manual de usuario<\/p>\n<\/div>\n<div class=\"detailmodule_text-image\">\n<p id=\"tl_12\" class=\"detail-desc-decorate-title\" style=\"font-family: OpenSans; font-size: 20px; font-weight: 900; line-height: 28px; margin-bottom: 12px;\">Mostrar productos<\/p>\n<div><img decoding=\"async\" loading=\"lazy\" class=\"detail-desc-decorate-image\" style=\"margin-bottom: 10px;\" src=\"https:\/\/ae01.alicdn.com\/kf\/H644713091e50447982cb746dba5bc664f.jpg\" \/><br \/>\n<img decoding=\"async\" loading=\"lazy\" class=\"detail-desc-decorate-image\" style=\"margin-bottom: 10px;\" src=\"https:\/\/ae01.alicdn.com\/kf\/H5db976e549cf4307bd54c97df0fc7511w.jpg\" \/><br \/>\n<img decoding=\"async\" loading=\"lazy\" class=\"detail-desc-decorate-image\" style=\"margin-bottom: 10px;\" src=\"https:\/\/ae01.alicdn.com\/kf\/Hf91eac32e0324626814b2c2ee44274f6X.jpg\" \/><br \/>\n<img decoding=\"async\" loading=\"lazy\" class=\"detail-desc-decorate-image\" style=\"margin-bottom: 10px;\" src=\"https:\/\/ae01.alicdn.com\/kf\/Hf667d40933204d1b9ff561e0eb05bddd1.jpg\" \/><br \/>\n<img decoding=\"async\" loading=\"lazy\" class=\"detail-desc-decorate-image\" style=\"margin-bottom: 10px;\" src=\"https:\/\/ae01.alicdn.com\/kf\/Hf879506a386e467eaa6be44067c6624b1.jpg\" \/><br \/>\n<img decoding=\"async\" loading=\"lazy\" class=\"detail-desc-decorate-image\" style=\"margin-bottom: 10px;\" src=\"https:\/\/ae01.alicdn.com\/kf\/Hcda8535b03e240e9831e391182b569d7O.jpg\" \/><br \/>\n<img decoding=\"async\" loading=\"lazy\" class=\"detail-desc-decorate-image\" style=\"margin-bottom: 10px;\" src=\"https:\/\/ae01.alicdn.com\/kf\/He77a4752de4b49dba3a9f699f66ecbc50.jpg\" \/><br \/>\n<img decoding=\"async\" loading=\"lazy\" class=\"detail-desc-decorate-image\" style=\"margin-bottom: 10px;\" src=\"https:\/\/ae01.alicdn.com\/kf\/H72c938e212404247a1fbc7d3eea0b58e4.jpg\" \/><br \/>\n<img decoding=\"async\" loading=\"lazy\" class=\"detail-desc-decorate-image\" style=\"margin-bottom: 10px;\" src=\"https:\/\/ae01.alicdn.com\/kf\/Hbf80c80263e64d1ab41f08f58f867343K.jpg\" \/><br \/>\n<img decoding=\"async\" loading=\"lazy\" class=\"detail-desc-decorate-image\" style=\"margin-bottom: 10px;\" src=\"https:\/\/ae01.alicdn.com\/kf\/H33f531279710407b95f1135f6811f290L.jpg\" \/><\/div>\n<\/div>\n<div class=\"detailmodule_text-image\">\n<p id=\"tl_13\" class=\"detail-desc-decorate-title\" style=\"font-family: OpenSans; font-size: 20px; font-weight: 900; line-height: 28px; margin-bottom: 12px;\">Verificaci\u00f3n del c\u00f3digo de seguridad original<\/p>\n<div><img decoding=\"async\" loading=\"lazy\" class=\"detail-desc-decorate-image\" src=\"https:\/\/ae01.alicdn.com\/kf\/H0a6b2ed4fce84873aed2a92b6e0185e5t.jpg\" \/><\/div>\n<\/div>\n<p>&nbsp;<\/p>\n<\/div>\n<\/div>\n<div><\/div>\n<p>&nbsp;<\/p>\n<\/div>\n<\/div>","protected":false},"excerpt":{"rendered":"<p>&nbsp; \u00dcberwachung Funktion Von Rauchen Anzahl:\u00a0Nein Silikon Fall:\u00a0Nein Kurzschlussschutz Funktion:\u00a0Ja \u00dcberhitzungsschutz-funktion:\u00a0Ja Niederspannungsalarmfunktion:\u00a0Ja Zerst\u00e4uber Identifikation Funktion:\u00a0Ja Temperaturregelung:\u00a0Ja TCR Einstellung Modi:\u00a0Ja Nominale Kapazit\u00e4t:\u00a0Kein Kompatibler Akku:\u00a018650 Material:\u00a0Plastik Compatible Model:\u00a0Electronic Cigarette Vape Box Mod Modellnummer:\u00a0storm230 bypass Firmware-upgrade:\u00a0Nein Usb-ladeger\u00e4t:\u00a0Ja Display:\u00a0Ja Eingebaute Oder Externe Batterie:\u00a0Nein Art:\u00a0Elektrische Mod Markenname:\u00a0vapor storm Ursprung:\u00a0CN (Herkunft) variable power:\u00a05-200W Temperature Control:\u00a0212 F &#8211; 600 F Thread:\u00a0510 Model:\u00a0Vapor [&hellip;]<\/p>","protected":false},"featured_media":8054,"template":"","meta":{"inline_featured_image":false},"product_cat":[752,756,739,743,77],"product_tag":[],"tiered_pricing_type":"fixed","tiered_pricing_fixed_rules":[],"tiered_pricing_percentage_rules":[],"tiered_pricing_minimum":1,"_administrator_tiered_pricing_type":"fixed","_administrator_tiered_pricing_fixed_rules":[],"_editor_tiered_pricing_type":"fixed","_editor_tiered_pricing_fixed_rules":[],"_author_tiered_pricing_type":"fixed","_author_tiered_pricing_fixed_rules":[],"_contributor_tiered_pricing_type":"fixed","_contributor_tiered_pricing_fixed_rules":[],"_subscriber_tiered_pricing_type":"fixed","_subscriber_tiered_pricing_fixed_rules":[],"_customer_tiered_pricing_type":"fixed","_customer_tiered_pricing_fixed_rules":[],"_shop_manager_tiered_pricing_type":"fixed","_shop_manager_tiered_pricing_fixed_rules":[],"_wpseo_manager_tiered_pricing_type":"fixed","_wpseo_manager_tiered_pricing_fixed_rules":[],"_wpseo_editor_tiered_pricing_type":"fixed","_wpseo_editor_tiered_pricing_fixed_rules":[],"_wholesale_customer_tiered_pricing_type":"fixed","_wholesale_customer_tiered_pricing_fixed_rules":[],"_marketer_tiered_pricing_type":"fixed","_marketer_tiered_pricing_fixed_rules":[],"_sales_manager_tiered_pricing_type":"fixed","_sales_manager_tiered_pricing_fixed_rules":[],"_sales_rep_tiered_pricing_type":"fixed","_sales_rep_tiered_pricing_fixed_rules":[],"yoast_head":"<!-- This site is optimized with the Yoast SEO plugin v23.3 - https:\/\/yoast.com\/wordpress\/plugins\/seo\/ -->\n<title>Dampf Storm Bypass 200W TC Vape Box Mod Dual 18650 Storm230 Mode Mods Box Vape Elektronische Zigarette Verdampfer RDA RBA RDTA | ElementVape.de<\/title>\n<meta name=\"description\" content=\"Wir bieten Dampf Storm Bypass 200W TC Vape Box Mod Dual 18650 Storm230 Mode Mods Box Vape Elektronische Zigarette Verdampfer RDA RBA RDTA , Elementvape.de akzeptieren Gro\u00df-und Einzelhandel Bestellungen.\" \/>\n<meta name=\"robots\" content=\"index, follow, max-snippet:-1, max-image-preview:large, max-video-preview:-1\" \/>\n<link rel=\"canonical\" href=\"https:\/\/www.elementvape.de\/es\/produkt\/dampf-storm-bypass-200w-tc-vape-box\/\" \/>\n<meta property=\"og:locale\" content=\"es_ES\" \/>\n<meta property=\"og:type\" content=\"article\" \/>\n<meta property=\"og:title\" content=\"Dampf Storm Bypass 200W TC Vape Box Mod Dual 18650 Storm230 Mode Mods Box Vape Elektronische Zigarette Verdampfer RDA RBA RDTA | ElementVape.de\" \/>\n<meta property=\"og:description\" content=\"Wir bieten Dampf Storm Bypass 200W TC Vape Box Mod Dual 18650 Storm230 Mode Mods Box Vape Elektronische Zigarette Verdampfer RDA RBA RDTA , Elementvape.de akzeptieren Gro\u00df-und Einzelhandel Bestellungen.\" \/>\n<meta property=\"og:url\" content=\"https:\/\/www.elementvape.de\/es\/produkt\/dampf-storm-bypass-200w-tc-vape-box\/\" \/>\n<meta property=\"og:site_name\" content=\"ElementVape.de\" \/>\n<meta property=\"article:modified_time\" content=\"2024-09-12T10:34:19+00:00\" \/>\n<meta property=\"og:image\" content=\"https:\/\/ae01.alicdn.com\/kf\/Scf54b51f3d9748c289b2d24ceb41ba5dO\/Dampf-Storm-Bypass-200W-TC-Vape-Box-Mod-Dual-18650-Storm230-Mode-Mods-Box-Vape-Elektronische.jpg\" \/>\n\t<meta property=\"og:image:width\" content=\"800\" \/>\n\t<meta property=\"og:image:height\" content=\"800\" \/>\n\t<meta property=\"og:image:type\" content=\"image\/jpeg\" \/>\n<meta name=\"twitter:card\" content=\"summary_large_image\" \/>\n<meta name=\"twitter:label1\" content=\"Est. reading time\" \/>\n\t<meta name=\"twitter:data1\" content=\"5 minutos\" \/>\n<script type=\"application\/ld+json\" class=\"yoast-schema-graph\">{\"@context\":\"https:\/\/schema.org\",\"@graph\":[{\"@type\":\"WebPage\",\"@id\":\"https:\/\/www.elementvape.de\/produkt\/dampf-storm-bypass-200w-tc-vape-box\/\",\"url\":\"https:\/\/www.elementvape.de\/produkt\/dampf-storm-bypass-200w-tc-vape-box\/\",\"name\":\"Dampf Storm Bypass 200W TC Vape Box Mod Dual 18650 Storm230 Mode Mods Box Vape Elektronische Zigarette Verdampfer RDA RBA RDTA | ElementVape.de\",\"isPartOf\":{\"@id\":\"https:\/\/www.elementvape.de\/#website\"},\"primaryImageOfPage\":{\"@id\":\"https:\/\/www.elementvape.de\/produkt\/dampf-storm-bypass-200w-tc-vape-box\/#primaryimage\"},\"image\":{\"@id\":\"https:\/\/www.elementvape.de\/produkt\/dampf-storm-bypass-200w-tc-vape-box\/#primaryimage\"},\"thumbnailUrl\":\"https:\/\/ae01.alicdn.com\/kf\/Scf54b51f3d9748c289b2d24ceb41ba5dO\/Dampf-Storm-Bypass-200W-TC-Vape-Box-Mod-Dual-18650-Storm230-Mode-Mods-Box-Vape-Elektronische.jpg\",\"datePublished\":\"2024-04-20T05:50:28+00:00\",\"dateModified\":\"2024-09-12T10:34:19+00:00\",\"description\":\"Wir bieten Dampf Storm Bypass 200W TC Vape Box Mod Dual 18650 Storm230 Mode Mods Box Vape Elektronische Zigarette Verdampfer RDA RBA RDTA , Elementvape.de akzeptieren Gro\u00df-und Einzelhandel Bestellungen.\",\"breadcrumb\":{\"@id\":\"https:\/\/www.elementvape.de\/produkt\/dampf-storm-bypass-200w-tc-vape-box\/#breadcrumb\"},\"inLanguage\":\"es\",\"potentialAction\":[{\"@type\":\"ReadAction\",\"target\":[\"https:\/\/www.elementvape.de\/produkt\/dampf-storm-bypass-200w-tc-vape-box\/\"]}]},{\"@type\":\"ImageObject\",\"inLanguage\":\"es\",\"@id\":\"https:\/\/www.elementvape.de\/produkt\/dampf-storm-bypass-200w-tc-vape-box\/#primaryimage\",\"url\":\"https:\/\/ae01.alicdn.com\/kf\/Scf54b51f3d9748c289b2d24ceb41ba5dO\/Dampf-Storm-Bypass-200W-TC-Vape-Box-Mod-Dual-18650-Storm230-Mode-Mods-Box-Vape-Elektronische.jpg\",\"contentUrl\":\"https:\/\/ae01.alicdn.com\/kf\/Scf54b51f3d9748c289b2d24ceb41ba5dO\/Dampf-Storm-Bypass-200W-TC-Vape-Box-Mod-Dual-18650-Storm230-Mode-Mods-Box-Vape-Elektronische.jpg\",\"width\":800,\"height\":800},{\"@type\":\"BreadcrumbList\",\"@id\":\"https:\/\/www.elementvape.de\/produkt\/dampf-storm-bypass-200w-tc-vape-box\/#breadcrumb\",\"itemListElement\":[{\"@type\":\"ListItem\",\"position\":1,\"name\":\"Home\",\"item\":\"https:\/\/www.elementvape.de\/\"},{\"@type\":\"ListItem\",\"position\":2,\"name\":\"Shop\",\"item\":\"https:\/\/www.elementvape.de\/shop\/\"},{\"@type\":\"ListItem\",\"position\":3,\"name\":\"Dampf Storm Bypass 200W TC Vape Box Mod Dual 18650 Storm230 Mode Mods Box Vape Elektronische Zigarette Verdampfer RDA RBA RDTA\"}]},{\"@type\":\"WebSite\",\"@id\":\"https:\/\/www.elementvape.de\/#website\",\"url\":\"https:\/\/www.elementvape.de\/\",\"name\":\"ElementVape.de\",\"description\":\"\",\"publisher\":{\"@id\":\"https:\/\/www.elementvape.de\/#organization\"},\"potentialAction\":[{\"@type\":\"SearchAction\",\"target\":{\"@type\":\"EntryPoint\",\"urlTemplate\":\"https:\/\/www.elementvape.de\/?s={search_term_string}\"},\"query-input\":\"required name=search_term_string\"}],\"inLanguage\":\"es\"},{\"@type\":\"Organization\",\"@id\":\"https:\/\/www.elementvape.de\/#organization\",\"name\":\"ElementVape.DE\",\"url\":\"https:\/\/www.elementvape.de\/\",\"logo\":{\"@type\":\"ImageObject\",\"inLanguage\":\"es\",\"@id\":\"https:\/\/www.elementvape.de\/#\/schema\/logo\/image\/\",\"url\":\"https:\/\/www.elementvape.de\/wp-content\/uploads\/2024\/09\/cropped-1elementvape-3.png\",\"contentUrl\":\"https:\/\/www.elementvape.de\/wp-content\/uploads\/2024\/09\/cropped-1elementvape-3.png\",\"width\":285,\"height\":228,\"caption\":\"ElementVape.DE\"},\"image\":{\"@id\":\"https:\/\/www.elementvape.de\/#\/schema\/logo\/image\/\"}}]}<\/script>\n<!-- \/ Yoast SEO plugin. -->","yoast_head_json":{"title":"Dampf Storm Bypass 200W TC Vape Box Mod Dual 18650 Storm230 Mode Mods Box Vape Elektronische Zigarette Verdampfer RDA RBA RDTA | ElementVape.de","description":"Wir bieten Dampf Storm Bypass 200W TC Vape Box Mod Dual 18650 Storm230 Mode Mods Box Vape Elektronische Zigarette Verdampfer RDA RBA RDTA , Elementvape.de akzeptieren Gro\u00df-und Einzelhandel Bestellungen.","robots":{"index":"index","follow":"follow","max-snippet":"max-snippet:-1","max-image-preview":"max-image-preview:large","max-video-preview":"max-video-preview:-1"},"canonical":"https:\/\/www.elementvape.de\/es\/produkt\/dampf-storm-bypass-200w-tc-vape-box\/","og_locale":"es_ES","og_type":"article","og_title":"Dampf Storm Bypass 200W TC Vape Box Mod Dual 18650 Storm230 Mode Mods Box Vape Elektronische Zigarette Verdampfer RDA RBA RDTA | ElementVape.de","og_description":"Wir bieten Dampf Storm Bypass 200W TC Vape Box Mod Dual 18650 Storm230 Mode Mods Box Vape Elektronische Zigarette Verdampfer RDA RBA RDTA , Elementvape.de akzeptieren Gro\u00df-und Einzelhandel Bestellungen.","og_url":"https:\/\/www.elementvape.de\/es\/produkt\/dampf-storm-bypass-200w-tc-vape-box\/","og_site_name":"ElementVape.de","article_modified_time":"2024-09-12T10:34:19+00:00","og_image":[{"width":800,"height":800,"url":"https:\/\/ae01.alicdn.com\/kf\/Scf54b51f3d9748c289b2d24ceb41ba5dO\/Dampf-Storm-Bypass-200W-TC-Vape-Box-Mod-Dual-18650-Storm230-Mode-Mods-Box-Vape-Elektronische.jpg","type":"image\/jpeg"}],"twitter_card":"summary_large_image","twitter_misc":{"Est. reading time":"5 minutos"},"schema":{"@context":"https:\/\/schema.org","@graph":[{"@type":"WebPage","@id":"https:\/\/www.elementvape.de\/produkt\/dampf-storm-bypass-200w-tc-vape-box\/","url":"https:\/\/www.elementvape.de\/produkt\/dampf-storm-bypass-200w-tc-vape-box\/","name":"Dampf Storm Bypass 200W TC Vape Box Mod Dual 18650 Storm230 Mode Mods Box Vape Elektronische Zigarette Verdampfer RDA RBA RDTA | ElementVape.de","isPartOf":{"@id":"https:\/\/www.elementvape.de\/#website"},"primaryImageOfPage":{"@id":"https:\/\/www.elementvape.de\/produkt\/dampf-storm-bypass-200w-tc-vape-box\/#primaryimage"},"image":{"@id":"https:\/\/www.elementvape.de\/produkt\/dampf-storm-bypass-200w-tc-vape-box\/#primaryimage"},"thumbnailUrl":"https:\/\/ae01.alicdn.com\/kf\/Scf54b51f3d9748c289b2d24ceb41ba5dO\/Dampf-Storm-Bypass-200W-TC-Vape-Box-Mod-Dual-18650-Storm230-Mode-Mods-Box-Vape-Elektronische.jpg","datePublished":"2024-04-20T05:50:28+00:00","dateModified":"2024-09-12T10:34:19+00:00","description":"Wir bieten Dampf Storm Bypass 200W TC Vape Box Mod Dual 18650 Storm230 Mode Mods Box Vape Elektronische Zigarette Verdampfer RDA RBA RDTA , Elementvape.de akzeptieren Gro\u00df-und Einzelhandel Bestellungen.","breadcrumb":{"@id":"https:\/\/www.elementvape.de\/produkt\/dampf-storm-bypass-200w-tc-vape-box\/#breadcrumb"},"inLanguage":"es","potentialAction":[{"@type":"ReadAction","target":["https:\/\/www.elementvape.de\/produkt\/dampf-storm-bypass-200w-tc-vape-box\/"]}]},{"@type":"ImageObject","inLanguage":"es","@id":"https:\/\/www.elementvape.de\/produkt\/dampf-storm-bypass-200w-tc-vape-box\/#primaryimage","url":"https:\/\/ae01.alicdn.com\/kf\/Scf54b51f3d9748c289b2d24ceb41ba5dO\/Dampf-Storm-Bypass-200W-TC-Vape-Box-Mod-Dual-18650-Storm230-Mode-Mods-Box-Vape-Elektronische.jpg","contentUrl":"https:\/\/ae01.alicdn.com\/kf\/Scf54b51f3d9748c289b2d24ceb41ba5dO\/Dampf-Storm-Bypass-200W-TC-Vape-Box-Mod-Dual-18650-Storm230-Mode-Mods-Box-Vape-Elektronische.jpg","width":800,"height":800},{"@type":"BreadcrumbList","@id":"https:\/\/www.elementvape.de\/produkt\/dampf-storm-bypass-200w-tc-vape-box\/#breadcrumb","itemListElement":[{"@type":"ListItem","position":1,"name":"Home","item":"https:\/\/www.elementvape.de\/"},{"@type":"ListItem","position":2,"name":"Shop","item":"https:\/\/www.elementvape.de\/shop\/"},{"@type":"ListItem","position":3,"name":"Dampf Storm Bypass 200W TC Vape Box Mod Dual 18650 Storm230 Mode Mods Box Vape Elektronische Zigarette Verdampfer RDA RBA RDTA"}]},{"@type":"WebSite","@id":"https:\/\/www.elementvape.de\/#website","url":"https:\/\/www.elementvape.de\/","name":"ElementVape.de","description":"","publisher":{"@id":"https:\/\/www.elementvape.de\/#organization"},"potentialAction":[{"@type":"SearchAction","target":{"@type":"EntryPoint","urlTemplate":"https:\/\/www.elementvape.de\/?s={search_term_string}"},"query-input":"required name=search_term_string"}],"inLanguage":"es"},{"@type":"Organization","@id":"https:\/\/www.elementvape.de\/#organization","name":"ElementVape.DE","url":"https:\/\/www.elementvape.de\/","logo":{"@type":"ImageObject","inLanguage":"es","@id":"https:\/\/www.elementvape.de\/#\/schema\/logo\/image\/","url":"https:\/\/www.elementvape.de\/wp-content\/uploads\/2024\/09\/cropped-1elementvape-3.png","contentUrl":"https:\/\/www.elementvape.de\/wp-content\/uploads\/2024\/09\/cropped-1elementvape-3.png","width":285,"height":228,"caption":"ElementVape.DE"},"image":{"@id":"https:\/\/www.elementvape.de\/#\/schema\/logo\/image\/"}}]}},"_links":{"self":[{"href":"https:\/\/www.elementvape.de\/es\/wp-json\/wp\/v2\/product\/8053"}],"collection":[{"href":"https:\/\/www.elementvape.de\/es\/wp-json\/wp\/v2\/product"}],"about":[{"href":"https:\/\/www.elementvape.de\/es\/wp-json\/wp\/v2\/types\/product"}],"wp:featuredmedia":[{"embeddable":true,"href":"https:\/\/www.elementvape.de\/es\/wp-json\/wp\/v2\/media\/8054"}],"wp:attachment":[{"href":"https:\/\/www.elementvape.de\/es\/wp-json\/wp\/v2\/media?parent=8053"}],"wp:term":[{"taxonomy":"product_cat","embeddable":true,"href":"https:\/\/www.elementvape.de\/es\/wp-json\/wp\/v2\/product_cat?post=8053"},{"taxonomy":"product_tag","embeddable":true,"href":"https:\/\/www.elementvape.de\/es\/wp-json\/wp\/v2\/product_tag?post=8053"}],"curies":[{"name":"wp","href":"https:\/\/api.w.org\/{rel}","templated":true}]}}