{"id":7711,"date":"2024-04-20T07:29:29","date_gmt":"2024-04-20T07:29:29","guid":{"rendered":"https:\/\/www.elementvape.de\/?post_type=product&#038;p=7711"},"modified":"2024-09-12T10:32:15","modified_gmt":"2024-09-12T10:32:15","slug":"vapor-storm-eco-einwegdose-mod-vape-510-starter-kit","status":"publish","type":"product","link":"https:\/\/www.elementvape.de\/es\/produkt\/vapor-storm-eco-einwegdose-mod-vape-510-starter-kit\/","title":{"rendered":"Vapor Storm ECO Bater\u00eda desechable Mod Vape 510 Kit de inicio"},"content":{"rendered":"<p>&nbsp;<\/p>\n<div class=\"product-specs-list-container\">\n<ul class=\"product-specs-list util-clearfix\">\n<li class=\"product-prop line-limit-length\"><span class=\"property-title\">Apariencia:\u00a0<\/span><span class=\"property-desc line-limit-length\">Forma de caja<\/span><\/li>\n<li class=\"product-prop line-limit-length\"><span class=\"property-title\">Bater\u00eda compatible:\u00a0<\/span><span class=\"property-desc line-limit-length\">18650<\/span><\/li>\n<li class=\"product-prop line-limit-length\"><span class=\"property-title\">Funci\u00f3n de monitoreo de la cantidad de humo:\u00a0<\/span><span class=\"property-desc line-limit-length\">No<\/span><\/li>\n<li class=\"product-prop line-limit-length\"><span class=\"property-title\">Funda de silicona:\u00a0<\/span><span class=\"property-desc line-limit-length\">No<\/span><\/li>\n<li class=\"product-prop line-limit-length\"><span class=\"property-title\">Regulaci\u00f3n de temperatura:\u00a0<\/span><span class=\"property-desc line-limit-length\">No<\/span><\/li>\n<li class=\"product-prop line-limit-length\"><span class=\"property-title\">Bater\u00eda incorporada o externa:\u00a0<\/span><span class=\"property-desc line-limit-length\">Externo<\/span><\/li>\n<li class=\"product-prop line-limit-length\"><span class=\"property-title\">Funci\u00f3n de protecci\u00f3n contra cortocircuitos:\u00a0<\/span><span class=\"property-desc line-limit-length\">Ja<\/span><\/li>\n<li class=\"product-prop line-limit-length\"><span class=\"property-title\">Funci\u00f3n de protecci\u00f3n contra sobrecalentamiento:\u00a0<\/span><span class=\"property-desc line-limit-length\">Ja<\/span><\/li>\n<li class=\"product-prop line-limit-length\"><span class=\"property-title\">Funci\u00f3n de alarma de bajo voltaje:\u00a0<\/span><span class=\"property-desc line-limit-length\">Ja<\/span><\/li>\n<li class=\"product-prop line-limit-length\"><span class=\"property-title\">Funci\u00f3n de identificaci\u00f3n del atomizador:\u00a0<\/span><span class=\"property-desc line-limit-length\">Ja<\/span><\/li>\n<li class=\"product-prop line-limit-length\"><span class=\"property-title\">Modos de ajuste TCR:\u00a0<\/span><span class=\"property-desc line-limit-length\">No<\/span><\/li>\n<li class=\"product-prop line-limit-length\"><span class=\"property-title\">Capacidad nominal:\u00a0<\/span><span class=\"property-desc line-limit-length\">Ninguna<\/span><\/li>\n<li class=\"product-prop line-limit-length\"><span class=\"property-title\">Material:\u00a0<\/span><span class=\"property-desc line-limit-length\">Pl\u00e1stico<\/span><\/li>\n<li class=\"product-prop line-limit-length\"><span class=\"property-title\">Modelo compatible:\u00a0<\/span><span class=\"property-desc line-limit-length\">RDA RBA RDTA<\/span><\/li>\n<li class=\"product-prop line-limit-length\"><span class=\"property-title\">N\u00famero de modelo:\u00a0<\/span><span class=\"property-desc line-limit-length\">Kit Desechable Eco<\/span><\/li>\n<li class=\"product-prop line-limit-length\"><span class=\"property-title\">Cargador USB:\u00a0<\/span><span class=\"property-desc line-limit-length\">Ja<\/span><\/li>\n<li class=\"product-prop line-limit-length\"><span class=\"property-title\">Actualizaci\u00f3n de firmware:\u00a0<\/span><span class=\"property-desc line-limit-length\">No<\/span><\/li>\n<li class=\"product-prop line-limit-length\"><span class=\"property-title\">Pantalla:\u00a0<\/span><span class=\"property-desc line-limit-length\">No<\/span><\/li>\n<li class=\"product-prop line-limit-length\"><span class=\"property-title\">Tipo:\u00a0<\/span><span class=\"property-desc line-limit-length\">Sin Bater\u00eda<\/span><\/li>\n<li class=\"product-prop line-limit-length\"><span class=\"property-title\">Nombre de la marca:\u00a0<\/span><span class=\"property-desc line-limit-length\">tormenta de vapor<\/span><\/li>\n<li class=\"product-prop line-limit-length\"><span class=\"property-title\">Origen:\u00a0<\/span><span class=\"property-desc line-limit-length\">CN (origen)<\/span><\/li>\n<li class=\"product-prop line-limit-length\"><span class=\"property-title\">Bater\u00eda incorporada o externa: Incorporada\u00a0<\/span><span class=\"property-desc line-limit-length\">negro, blanco, rojo, azul, color Graffiti<\/span><\/li>\n<li class=\"product-prop line-limit-length\"><span class=\"property-title\">Potencia:\u00a0<\/span><span class=\"property-desc line-limit-length\">M\u00e1x 90W Modo Bypass<\/span><\/li>\n<li class=\"product-prop line-limit-length\"><span class=\"property-title\">Tanque atomizador:\u00a0<\/span><span class=\"property-desc line-limit-length\">Tanque Desechable D11 de 3.5ml<\/span><\/li>\n<li class=\"product-prop line-limit-length\"><span class=\"property-title\">Resistencia:\u00a0<\/span><span class=\"property-desc line-limit-length\">Bobina de malla de 0.16 ohmios<\/span><\/li>\n<li class=\"product-prop line-limit-length\"><span class=\"property-title\">Funci\u00f3n 1:\u00a0<\/span><span class=\"property-desc line-limit-length\">Kit de cigarrillo electr\u00f3nico desechable<\/span><\/li>\n<li class=\"product-prop line-limit-length\"><span class=\"property-title\">Funci\u00f3n 2:\u00a0<\/span><span class=\"property-desc line-limit-length\">Mod de caja desechable<\/span><\/li>\n<li class=\"product-prop line-limit-length\"><span class=\"property-title\">Funci\u00f3n 3:\u00a0<\/span><span class=\"property-desc line-limit-length\">Tanque de recarga para mod de vapeo<\/span><\/li>\n<\/ul>\n<\/div>\n<div class=\"detailmodule_html\">\n<div class=\"detail-desc-decorate-richtext\">\n<div class=\"detailmodule_dynamic\"><\/div>\n<div class=\"detailmodule_text\">\n<p id=\"tl_1\" class=\"detail-desc-decorate-title\" style=\"font-family: OpenSans; font-size: 20px; font-weight: 900; line-height: 28px; margin-bottom: 12px;\">Dampfs turm eco d11 3,5 ml tanque desechable cigarrillo electr\u00f3nico m\u00e1x 90w Graffiti Bypass Box Mod Kit de inicio de vape sin bater\u00eda<\/p>\n<\/div>\n<div class=\"detailmodule_text\">\n<p id=\"tl_2\" class=\"detail-desc-decorate-title\" style=\"font-family: OpenSans; font-size: 20px; font-weight: 900; line-height: 28px; margin-bottom: 12px;\">Atenci\u00f3n:<\/p>\n<p id=\"tl_3\" class=\"detail-desc-decorate-content\" style=\"font-family: OpenSans; font-size: 14px; font-weight: 300; line-height: 20px; margin-bottom: 12px;\">1.<br \/>\nEste tanque d11 es un tanque desechable, la bobina no es intercambiable. Este tanque puede rellenarse aproximadamente 10 veces, luego debe cambiarse por otro tanque. Por eso, recomendamos comprar m\u00e1s tanques d11 juntos.<br \/>\n2.<br \/>\nEste kit tiene la bater\u00eda desmontable. Sin bater\u00eda 18650 incluida. Es mejor que compres una bater\u00eda 18650 (sony VTC4\/VTC5, LG HE2, etc.) por tu cuenta.<br \/>\nAseg\u00farate de que la corriente de descarga continua sea &gt;= 30A<br \/>\n3.<br \/>\nY cada imagen de recubrimiento es \u00fanica, por lo que recibir\u00e1 diferentes mods de color.<br \/>\nEl cuerpo del mod en la parte delantera y trasera son dos im\u00e1genes diferentes.<\/p>\n<\/div>\n<div class=\"detailmodule_text\">\n<p id=\"tl_4\" class=\"detail-desc-decorate-title\" style=\"font-family: OpenSans; font-size: 20px; font-weight: 900; line-height: 28px; margin-bottom: 12px;\">Modo eco:<\/p>\n<p id=\"tl_5\" class=\"detail-desc-decorate-content\" style=\"font-family: OpenSans; font-size: 14px; font-weight: 300; line-height: 20px; margin-bottom: 12px;\">Tama\u00f1o: 40mm (longitud) * 25mm (ancho) * 82mm (alto)<br \/>\nPeso neto: 46g<br \/>\nMaterial: ABS<br \/>\nPotencia: 90w (m\u00e1x)<br \/>\nRosca: 510<br \/>\nRango de voltaje: 3,3 V-4,2 V<br \/>\nVoltaje de salida: 0-4,2 V<br \/>\nResistencia de la bobina: &gt;= 0,09 Ohm<br \/>\nTiempo de vapeo continuo: 10 segundos<br \/>\nCorriente en modo de reposo: &lt;5ua<br \/>\nCarga de corriente: 750ma<\/p>\n<\/div>\n<div class=\"detailmodule_text\">\n<p id=\"tl_6\" class=\"detail-desc-decorate-title\" style=\"font-family: OpenSans; font-size: 20px; font-weight: 900; line-height: 28px; margin-bottom: 12px;\">D11 desechable<\/p>\n<p id=\"tl_7\" class=\"detail-desc-decorate-content\" style=\"font-family: OpenSans; font-size: 14px; font-weight: 300; line-height: 20px; margin-bottom: 12px;\">Material: pl\u00e1stico y metal<br \/>\nDi\u00e1metro: 24mm<br \/>\nAltura: 44,5mm<br \/>\nCapacidad del tanque: 3,5 ml<br \/>\nResistencia de la bobina: 0,16 Ohm<br \/>\nEstructura de la bobina: bobina de malla<br \/>\nTipo de rosca: rosca 510<\/p>\n<\/div>\n<div class=\"detailmodule_text\">\n<p id=\"tl_8\" class=\"detail-desc-decorate-title\" style=\"font-family: OpenSans; font-size: 20px; font-weight: 900; line-height: 28px; margin-bottom: 12px;\">Paquete:<\/p>\n<p id=\"tl_9\" class=\"detail-desc-decorate-content\" style=\"font-family: OpenSans; font-size: 14px; font-weight: 300; line-height: 20px; margin-bottom: 12px;\">1x caja mod ecol\u00f3gica (sin bater\u00eda)<br \/>\n1x tanque D11<br \/>\nCargador USB de 1x<br \/>\nManual de usuario de 1x<\/p>\n<\/div>\n<div class=\"detailmodule_text-image\">\n<p id=\"tl_10\" class=\"detail-desc-decorate-title\" style=\"font-family: OpenSans; font-size: 20px; font-weight: 900; line-height: 28px; margin-bottom: 12px;\">Mostrar productos<\/p>\n<div><img decoding=\"async\" loading=\"lazy\" class=\"detail-desc-decorate-image\" src=\"https:\/\/ae01.alicdn.com\/kf\/H109e9808e54e44db9ac06bd2becf2f76Z.jpg\" \/><br \/>\n<img decoding=\"async\" loading=\"lazy\" class=\"detail-desc-decorate-image\" src=\"https:\/\/ae01.alicdn.com\/kf\/Hffa3d5e33e3149a583fb82936390e68ar.jpg\" \/><br \/>\n<img decoding=\"async\" loading=\"lazy\" class=\"detail-desc-decorate-image\" src=\"https:\/\/ae01.alicdn.com\/kf\/Hbab5f06e4bfa4f43bd5331279b92ce67V.jpg\" \/><br \/>\n<img decoding=\"async\" loading=\"lazy\" class=\"detail-desc-decorate-image\" src=\"https:\/\/ae01.alicdn.com\/kf\/H4dd8d410c64e453d815c32773c0661efr.jpg\" \/><br \/>\n<img decoding=\"async\" loading=\"lazy\" class=\"detail-desc-decorate-image\" src=\"https:\/\/ae01.alicdn.com\/kf\/H57f2b7a6917647f3ae98de33a66b4148Q.jpg\" \/><br \/>\n<img decoding=\"async\" loading=\"lazy\" class=\"detail-desc-decorate-image\" src=\"https:\/\/ae01.alicdn.com\/kf\/H9c7a70db749a4fee90c70fbdf7a18225Z.jpg\" \/><br \/>\n<img decoding=\"async\" loading=\"lazy\" class=\"detail-desc-decorate-image\" src=\"https:\/\/ae01.alicdn.com\/kf\/H374fecbc32b2411d87ded94f62563491z.jpg\" \/><br \/>\n<img decoding=\"async\" loading=\"lazy\" class=\"detail-desc-decorate-image\" src=\"https:\/\/ae01.alicdn.com\/kf\/H43772e11e7c04123bac1449f5daf26ab2.jpg\" \/><br \/>\n<img decoding=\"async\" loading=\"lazy\" class=\"detail-desc-decorate-image\" src=\"https:\/\/ae01.alicdn.com\/kf\/H7dbaa1ade38649dfb9bd6577da2330ebH.jpg\" \/><br \/>\n<img decoding=\"async\" loading=\"lazy\" class=\"detail-desc-decorate-image\" src=\"https:\/\/ae01.alicdn.com\/kf\/Hba549657a43041e8b18b92ba84751e9bV.jpg\" \/><\/div>\n<\/div>\n<div class=\"detailmodule_text-image\"><\/div>\n<p>&nbsp;<\/p>\n<\/div>\n<\/div>","protected":false},"excerpt":{"rendered":"<p>&nbsp; Aussehen:\u00a0Box Form Kompatibler Akku:\u00a018650 \u00dcberwachung Funktion Von Rauchen Anzahl:\u00a0Nein Silikon Fall:\u00a0Nein Temperaturregelung:\u00a0Nein Eingebaute Oder Externe Batterie:\u00a0External Kurzschlussschutz Funktion:\u00a0Ja \u00dcberhitzungsschutz-funktion:\u00a0Ja Niederspannungsalarmfunktion:\u00a0Ja Zerst\u00e4uber Identifikation Funktion:\u00a0Ja TCR Einstellung Modi:\u00a0Nein Nominale Kapazit\u00e4t:\u00a0Kein Material:\u00a0Plastik Compatible Model:\u00a0RDA RBA RDTA Modellnummer:\u00a0Eco Disposable Kit Usb-ladeger\u00e4t:\u00a0Ja Firmware-upgrade:\u00a0Nein Display:\u00a0Nein Art:\u00a0Ohne Batterie Markenname:\u00a0vapor storm Ursprung:\u00a0CN (Herkunft) Color:\u00a0black, white, red ,blue,Graffiti color Power:\u00a0Max 90W Bypass Mode [&hellip;]<\/p>","protected":false},"featured_media":7712,"template":"","meta":{"inline_featured_image":false},"product_cat":[78,750,737,736,749],"product_tag":[],"tiered_pricing_type":"fixed","tiered_pricing_fixed_rules":[],"tiered_pricing_percentage_rules":[],"tiered_pricing_minimum":1,"_administrator_tiered_pricing_type":"fixed","_administrator_tiered_pricing_fixed_rules":[],"_editor_tiered_pricing_type":"fixed","_editor_tiered_pricing_fixed_rules":[],"_author_tiered_pricing_type":"fixed","_author_tiered_pricing_fixed_rules":[],"_contributor_tiered_pricing_type":"fixed","_contributor_tiered_pricing_fixed_rules":[],"_subscriber_tiered_pricing_type":"fixed","_subscriber_tiered_pricing_fixed_rules":[],"_customer_tiered_pricing_type":"fixed","_customer_tiered_pricing_fixed_rules":[],"_shop_manager_tiered_pricing_type":"fixed","_shop_manager_tiered_pricing_fixed_rules":[],"_wpseo_manager_tiered_pricing_type":"fixed","_wpseo_manager_tiered_pricing_fixed_rules":[],"_wpseo_editor_tiered_pricing_type":"fixed","_wpseo_editor_tiered_pricing_fixed_rules":[],"_wholesale_customer_tiered_pricing_type":"fixed","_wholesale_customer_tiered_pricing_fixed_rules":[],"_marketer_tiered_pricing_type":"fixed","_marketer_tiered_pricing_fixed_rules":[],"_sales_manager_tiered_pricing_type":"fixed","_sales_manager_tiered_pricing_fixed_rules":[],"_sales_rep_tiered_pricing_type":"fixed","_sales_rep_tiered_pricing_fixed_rules":[],"yoast_head":"<!-- This site is optimized with the Yoast SEO plugin v23.3 - https:\/\/yoast.com\/wordpress\/plugins\/seo\/ -->\n<title>Vapor Storm ECO Einwegdose Mod Vape 510 Starter Kit | ElementVape.de<\/title>\n<meta name=\"description\" content=\"Wir bieten Vapor Storm ECO Einwegdose Mod Vape 510 Starter Kit , Elementvape.de akzeptieren Gro\u00df-und Einzelhandel Bestellungen.\" \/>\n<meta name=\"robots\" content=\"index, follow, max-snippet:-1, max-image-preview:large, max-video-preview:-1\" \/>\n<link rel=\"canonical\" href=\"https:\/\/www.elementvape.de\/es\/produkt\/vapor-storm-eco-einwegdose-mod-vape-510-starter-kit\/\" \/>\n<meta property=\"og:locale\" content=\"es_ES\" \/>\n<meta property=\"og:type\" content=\"article\" \/>\n<meta property=\"og:title\" content=\"Vapor Storm ECO Einwegdose Mod Vape 510 Starter Kit | ElementVape.de\" \/>\n<meta property=\"og:description\" content=\"Wir bieten Vapor Storm ECO Einwegdose Mod Vape 510 Starter Kit , Elementvape.de akzeptieren Gro\u00df-und Einzelhandel Bestellungen.\" \/>\n<meta property=\"og:url\" content=\"https:\/\/www.elementvape.de\/es\/produkt\/vapor-storm-eco-einwegdose-mod-vape-510-starter-kit\/\" \/>\n<meta property=\"og:site_name\" content=\"ElementVape.de\" \/>\n<meta property=\"article:modified_time\" content=\"2024-09-12T10:32:15+00:00\" \/>\n<meta property=\"og:image\" content=\"https:\/\/ae01.alicdn.com\/kf\/S924f462b6369484ea4737e15f327c03fy\/Dampf-Storm-ECO-Einweg-Tank-D11-3-5-ml-Elektronische-Zigarette-Max-90w-Graffiti-Bypass-Box.jpg\" \/>\n\t<meta property=\"og:image:width\" content=\"800\" \/>\n\t<meta property=\"og:image:height\" content=\"800\" \/>\n\t<meta property=\"og:image:type\" content=\"image\/jpeg\" \/>\n<meta name=\"twitter:card\" content=\"summary_large_image\" \/>\n<meta name=\"twitter:label1\" content=\"Est. reading time\" \/>\n\t<meta name=\"twitter:data1\" content=\"4 minutos\" \/>\n<script type=\"application\/ld+json\" class=\"yoast-schema-graph\">{\"@context\":\"https:\/\/schema.org\",\"@graph\":[{\"@type\":\"WebPage\",\"@id\":\"https:\/\/www.elementvape.de\/produkt\/vapor-storm-eco-einwegdose-mod-vape-510-starter-kit\/\",\"url\":\"https:\/\/www.elementvape.de\/produkt\/vapor-storm-eco-einwegdose-mod-vape-510-starter-kit\/\",\"name\":\"Vapor Storm ECO Einwegdose Mod Vape 510 Starter Kit | ElementVape.de\",\"isPartOf\":{\"@id\":\"https:\/\/www.elementvape.de\/#website\"},\"primaryImageOfPage\":{\"@id\":\"https:\/\/www.elementvape.de\/produkt\/vapor-storm-eco-einwegdose-mod-vape-510-starter-kit\/#primaryimage\"},\"image\":{\"@id\":\"https:\/\/www.elementvape.de\/produkt\/vapor-storm-eco-einwegdose-mod-vape-510-starter-kit\/#primaryimage\"},\"thumbnailUrl\":\"https:\/\/ae01.alicdn.com\/kf\/S924f462b6369484ea4737e15f327c03fy\/Dampf-Storm-ECO-Einweg-Tank-D11-3-5-ml-Elektronische-Zigarette-Max-90w-Graffiti-Bypass-Box.jpg\",\"datePublished\":\"2024-04-20T07:29:29+00:00\",\"dateModified\":\"2024-09-12T10:32:15+00:00\",\"description\":\"Wir bieten Vapor Storm ECO Einwegdose Mod Vape 510 Starter Kit , Elementvape.de akzeptieren Gro\u00df-und Einzelhandel Bestellungen.\",\"breadcrumb\":{\"@id\":\"https:\/\/www.elementvape.de\/produkt\/vapor-storm-eco-einwegdose-mod-vape-510-starter-kit\/#breadcrumb\"},\"inLanguage\":\"es\",\"potentialAction\":[{\"@type\":\"ReadAction\",\"target\":[\"https:\/\/www.elementvape.de\/produkt\/vapor-storm-eco-einwegdose-mod-vape-510-starter-kit\/\"]}]},{\"@type\":\"ImageObject\",\"inLanguage\":\"es\",\"@id\":\"https:\/\/www.elementvape.de\/produkt\/vapor-storm-eco-einwegdose-mod-vape-510-starter-kit\/#primaryimage\",\"url\":\"https:\/\/ae01.alicdn.com\/kf\/S924f462b6369484ea4737e15f327c03fy\/Dampf-Storm-ECO-Einweg-Tank-D11-3-5-ml-Elektronische-Zigarette-Max-90w-Graffiti-Bypass-Box.jpg\",\"contentUrl\":\"https:\/\/ae01.alicdn.com\/kf\/S924f462b6369484ea4737e15f327c03fy\/Dampf-Storm-ECO-Einweg-Tank-D11-3-5-ml-Elektronische-Zigarette-Max-90w-Graffiti-Bypass-Box.jpg\",\"width\":800,\"height\":800},{\"@type\":\"BreadcrumbList\",\"@id\":\"https:\/\/www.elementvape.de\/produkt\/vapor-storm-eco-einwegdose-mod-vape-510-starter-kit\/#breadcrumb\",\"itemListElement\":[{\"@type\":\"ListItem\",\"position\":1,\"name\":\"Home\",\"item\":\"https:\/\/www.elementvape.de\/\"},{\"@type\":\"ListItem\",\"position\":2,\"name\":\"Shop\",\"item\":\"https:\/\/www.elementvape.de\/shop\/\"},{\"@type\":\"ListItem\",\"position\":3,\"name\":\"Vapor Storm ECO Einwegdose Mod Vape 510 Starter Kit\"}]},{\"@type\":\"WebSite\",\"@id\":\"https:\/\/www.elementvape.de\/#website\",\"url\":\"https:\/\/www.elementvape.de\/\",\"name\":\"ElementVape.de\",\"description\":\"\",\"publisher\":{\"@id\":\"https:\/\/www.elementvape.de\/#organization\"},\"potentialAction\":[{\"@type\":\"SearchAction\",\"target\":{\"@type\":\"EntryPoint\",\"urlTemplate\":\"https:\/\/www.elementvape.de\/?s={search_term_string}\"},\"query-input\":\"required name=search_term_string\"}],\"inLanguage\":\"es\"},{\"@type\":\"Organization\",\"@id\":\"https:\/\/www.elementvape.de\/#organization\",\"name\":\"ElementVape.DE\",\"url\":\"https:\/\/www.elementvape.de\/\",\"logo\":{\"@type\":\"ImageObject\",\"inLanguage\":\"es\",\"@id\":\"https:\/\/www.elementvape.de\/#\/schema\/logo\/image\/\",\"url\":\"https:\/\/www.elementvape.de\/wp-content\/uploads\/2024\/09\/cropped-1elementvape-3.png\",\"contentUrl\":\"https:\/\/www.elementvape.de\/wp-content\/uploads\/2024\/09\/cropped-1elementvape-3.png\",\"width\":285,\"height\":228,\"caption\":\"ElementVape.DE\"},\"image\":{\"@id\":\"https:\/\/www.elementvape.de\/#\/schema\/logo\/image\/\"}}]}<\/script>\n<!-- \/ Yoast SEO plugin. -->","yoast_head_json":{"title":"Vapor Storm ECO Einwegdose Mod Vape 510 Starter Kit | ElementVape.de","description":"Wir bieten Vapor Storm ECO Einwegdose Mod Vape 510 Starter Kit , Elementvape.de akzeptieren Gro\u00df-und Einzelhandel Bestellungen.","robots":{"index":"index","follow":"follow","max-snippet":"max-snippet:-1","max-image-preview":"max-image-preview:large","max-video-preview":"max-video-preview:-1"},"canonical":"https:\/\/www.elementvape.de\/es\/produkt\/vapor-storm-eco-einwegdose-mod-vape-510-starter-kit\/","og_locale":"es_ES","og_type":"article","og_title":"Vapor Storm ECO Einwegdose Mod Vape 510 Starter Kit | ElementVape.de","og_description":"Wir bieten Vapor Storm ECO Einwegdose Mod Vape 510 Starter Kit , Elementvape.de akzeptieren Gro\u00df-und Einzelhandel Bestellungen.","og_url":"https:\/\/www.elementvape.de\/es\/produkt\/vapor-storm-eco-einwegdose-mod-vape-510-starter-kit\/","og_site_name":"ElementVape.de","article_modified_time":"2024-09-12T10:32:15+00:00","og_image":[{"width":800,"height":800,"url":"https:\/\/ae01.alicdn.com\/kf\/S924f462b6369484ea4737e15f327c03fy\/Dampf-Storm-ECO-Einweg-Tank-D11-3-5-ml-Elektronische-Zigarette-Max-90w-Graffiti-Bypass-Box.jpg","type":"image\/jpeg"}],"twitter_card":"summary_large_image","twitter_misc":{"Est. reading time":"4 minutos"},"schema":{"@context":"https:\/\/schema.org","@graph":[{"@type":"WebPage","@id":"https:\/\/www.elementvape.de\/produkt\/vapor-storm-eco-einwegdose-mod-vape-510-starter-kit\/","url":"https:\/\/www.elementvape.de\/produkt\/vapor-storm-eco-einwegdose-mod-vape-510-starter-kit\/","name":"Vapor Storm ECO Einwegdose Mod Vape 510 Starter Kit | ElementVape.de","isPartOf":{"@id":"https:\/\/www.elementvape.de\/#website"},"primaryImageOfPage":{"@id":"https:\/\/www.elementvape.de\/produkt\/vapor-storm-eco-einwegdose-mod-vape-510-starter-kit\/#primaryimage"},"image":{"@id":"https:\/\/www.elementvape.de\/produkt\/vapor-storm-eco-einwegdose-mod-vape-510-starter-kit\/#primaryimage"},"thumbnailUrl":"https:\/\/ae01.alicdn.com\/kf\/S924f462b6369484ea4737e15f327c03fy\/Dampf-Storm-ECO-Einweg-Tank-D11-3-5-ml-Elektronische-Zigarette-Max-90w-Graffiti-Bypass-Box.jpg","datePublished":"2024-04-20T07:29:29+00:00","dateModified":"2024-09-12T10:32:15+00:00","description":"Wir bieten Vapor Storm ECO Einwegdose Mod Vape 510 Starter Kit , Elementvape.de akzeptieren Gro\u00df-und Einzelhandel Bestellungen.","breadcrumb":{"@id":"https:\/\/www.elementvape.de\/produkt\/vapor-storm-eco-einwegdose-mod-vape-510-starter-kit\/#breadcrumb"},"inLanguage":"es","potentialAction":[{"@type":"ReadAction","target":["https:\/\/www.elementvape.de\/produkt\/vapor-storm-eco-einwegdose-mod-vape-510-starter-kit\/"]}]},{"@type":"ImageObject","inLanguage":"es","@id":"https:\/\/www.elementvape.de\/produkt\/vapor-storm-eco-einwegdose-mod-vape-510-starter-kit\/#primaryimage","url":"https:\/\/ae01.alicdn.com\/kf\/S924f462b6369484ea4737e15f327c03fy\/Dampf-Storm-ECO-Einweg-Tank-D11-3-5-ml-Elektronische-Zigarette-Max-90w-Graffiti-Bypass-Box.jpg","contentUrl":"https:\/\/ae01.alicdn.com\/kf\/S924f462b6369484ea4737e15f327c03fy\/Dampf-Storm-ECO-Einweg-Tank-D11-3-5-ml-Elektronische-Zigarette-Max-90w-Graffiti-Bypass-Box.jpg","width":800,"height":800},{"@type":"BreadcrumbList","@id":"https:\/\/www.elementvape.de\/produkt\/vapor-storm-eco-einwegdose-mod-vape-510-starter-kit\/#breadcrumb","itemListElement":[{"@type":"ListItem","position":1,"name":"Home","item":"https:\/\/www.elementvape.de\/"},{"@type":"ListItem","position":2,"name":"Shop","item":"https:\/\/www.elementvape.de\/shop\/"},{"@type":"ListItem","position":3,"name":"Vapor Storm ECO Einwegdose Mod Vape 510 Starter Kit"}]},{"@type":"WebSite","@id":"https:\/\/www.elementvape.de\/#website","url":"https:\/\/www.elementvape.de\/","name":"ElementVape.de","description":"","publisher":{"@id":"https:\/\/www.elementvape.de\/#organization"},"potentialAction":[{"@type":"SearchAction","target":{"@type":"EntryPoint","urlTemplate":"https:\/\/www.elementvape.de\/?s={search_term_string}"},"query-input":"required name=search_term_string"}],"inLanguage":"es"},{"@type":"Organization","@id":"https:\/\/www.elementvape.de\/#organization","name":"ElementVape.DE","url":"https:\/\/www.elementvape.de\/","logo":{"@type":"ImageObject","inLanguage":"es","@id":"https:\/\/www.elementvape.de\/#\/schema\/logo\/image\/","url":"https:\/\/www.elementvape.de\/wp-content\/uploads\/2024\/09\/cropped-1elementvape-3.png","contentUrl":"https:\/\/www.elementvape.de\/wp-content\/uploads\/2024\/09\/cropped-1elementvape-3.png","width":285,"height":228,"caption":"ElementVape.DE"},"image":{"@id":"https:\/\/www.elementvape.de\/#\/schema\/logo\/image\/"}}]}},"_links":{"self":[{"href":"https:\/\/www.elementvape.de\/es\/wp-json\/wp\/v2\/product\/7711"}],"collection":[{"href":"https:\/\/www.elementvape.de\/es\/wp-json\/wp\/v2\/product"}],"about":[{"href":"https:\/\/www.elementvape.de\/es\/wp-json\/wp\/v2\/types\/product"}],"wp:featuredmedia":[{"embeddable":true,"href":"https:\/\/www.elementvape.de\/es\/wp-json\/wp\/v2\/media\/7712"}],"wp:attachment":[{"href":"https:\/\/www.elementvape.de\/es\/wp-json\/wp\/v2\/media?parent=7711"}],"wp:term":[{"taxonomy":"product_cat","embeddable":true,"href":"https:\/\/www.elementvape.de\/es\/wp-json\/wp\/v2\/product_cat?post=7711"},{"taxonomy":"product_tag","embeddable":true,"href":"https:\/\/www.elementvape.de\/es\/wp-json\/wp\/v2\/product_tag?post=7711"}],"curies":[{"name":"wp","href":"https:\/\/api.w.org\/{rel}","templated":true}]}}