{"id":7684,"date":"2024-04-20T07:24:26","date_gmt":"2024-04-20T07:24:26","guid":{"rendered":"https:\/\/www.elementvape.de\/?post_type=product&#038;p=7684"},"modified":"2024-09-12T10:32:17","modified_gmt":"2024-09-12T10:32:17","slug":"vandy-vape-pulse-aio-v2-kit-80w-box-mod","status":"publish","type":"product","link":"https:\/\/www.elementvape.de\/es\/produkt\/vandy-vape-pulse-aio-v2-kit-80w-box-mod\/","title":{"rendered":"Vandy Vape Pulse Aio V2 Kit Mod de caja 80W"},"content":{"rendered":"<p>&nbsp;<\/p>\n<div class=\"product-specs-list-container\">\n<ul class=\"product-specs-list util-clearfix\">\n<li class=\"product-prop line-limit-length\"><span class=\"property-title\">Apariencia:\u00a0<\/span><span class=\"property-desc line-limit-length\">Forma de caja<\/span><\/li>\n<li class=\"product-prop line-limit-length\"><span class=\"property-title\">Bater\u00eda compatible:\u00a0<\/span><span class=\"property-desc line-limit-length\">Ninguna<\/span><\/li>\n<li class=\"product-prop line-limit-length\"><span class=\"property-title\">Funci\u00f3n de monitoreo de la cantidad de humo:\u00a0<\/span><span class=\"property-desc line-limit-length\">No<\/span><\/li>\n<li class=\"product-prop line-limit-length\"><span class=\"property-title\">Funda de silicona:\u00a0<\/span><span class=\"property-desc line-limit-length\">No<\/span><\/li>\n<li class=\"product-prop line-limit-length\"><span class=\"property-title\">Regulaci\u00f3n de temperatura:\u00a0<\/span><span class=\"property-desc line-limit-length\">No<\/span><\/li>\n<li class=\"product-prop line-limit-length\"><span class=\"property-title\">Bater\u00eda incorporada o externa:\u00a0<\/span><span class=\"property-desc line-limit-length\">Incorporada<\/span><\/li>\n<li class=\"product-prop line-limit-length\"><span class=\"property-title\">Funci\u00f3n de protecci\u00f3n contra cortocircuitos:\u00a0<\/span><span class=\"property-desc line-limit-length\">Ja<\/span><\/li>\n<li class=\"product-prop line-limit-length\"><span class=\"property-title\">Funci\u00f3n de protecci\u00f3n contra sobrecalentamiento:\u00a0<\/span><span class=\"property-desc line-limit-length\">Ja<\/span><\/li>\n<li class=\"product-prop line-limit-length\"><span class=\"property-title\">Funci\u00f3n de alarma de bajo voltaje:\u00a0<\/span><span class=\"property-desc line-limit-length\">Ja<\/span><\/li>\n<li class=\"product-prop line-limit-length\"><span class=\"property-title\">Funci\u00f3n de identificaci\u00f3n del atomizador:\u00a0<\/span><span class=\"property-desc line-limit-length\">Ja<\/span><\/li>\n<li class=\"product-prop line-limit-length\"><span class=\"property-title\">Modos de ajuste TCR:\u00a0<\/span><span class=\"property-desc line-limit-length\">No<\/span><\/li>\n<li class=\"product-prop line-limit-length\"><span class=\"property-title\">Capacidad nominal:\u00a0<\/span><span class=\"property-desc line-limit-length\">Ninguna<\/span><\/li>\n<li class=\"product-prop line-limit-length\"><span class=\"property-title\">Material:\u00a0<\/span><span class=\"property-desc line-limit-length\">Metal<\/span><\/li>\n<li class=\"product-prop line-limit-length\"><span class=\"property-title\">Modelo compatible:\u00a0<\/span><span class=\"property-desc line-limit-length\">Cigarrillo electr\u00f3nico Vape<\/span><\/li>\n<li class=\"product-prop line-limit-length\"><span class=\"property-title\">N\u00famero de modelo:\u00a0<\/span><span class=\"property-desc line-limit-length\">Kit Vandy Vape Pulse AIO V2<\/span><\/li>\n<li class=\"product-prop line-limit-length\"><span class=\"property-title\">Cargador USB:\u00a0<\/span><span class=\"property-desc line-limit-length\">Ja<\/span><\/li>\n<li class=\"product-prop line-limit-length\"><span class=\"property-title\">Actualizaci\u00f3n de firmware:\u00a0<\/span><span class=\"property-desc line-limit-length\">No<\/span><\/li>\n<li class=\"product-prop line-limit-length\"><span class=\"property-title\">Pantalla:\u00a0<\/span><span class=\"property-desc line-limit-length\">Ja<\/span><\/li>\n<li class=\"product-prop line-limit-length\"><span class=\"property-title\">Tipo:\u00a0<\/span><span class=\"property-desc line-limit-length\">Con bater\u00eda<\/span><\/li>\n<li class=\"product-prop line-limit-length\"><span class=\"property-title\">Nombre de la marca:\u00a0<\/span><span class=\"property-desc line-limit-length\">VANDY VAPE<\/span><\/li>\n<li class=\"product-prop line-limit-length\"><span class=\"property-title\">Origen:\u00a0<\/span><span class=\"property-desc line-limit-length\">CN (origen)<\/span><\/li>\n<\/ul>\n<\/div>\n<div class=\"detailmodule_html\">\n<div class=\"detail-desc-decorate-richtext\">\n<div class=\"detailmodule_text\">\n<p id=\"tl_1\" class=\"detail-desc-decorate-title\" style=\"font-family: OpenSans; font-size: 20px; font-weight: 900; line-height: 28px; margin-bottom: 12px;\">Kit original Vandy Vape Puls Aio V2 80W con mod de caja y cartucho RBA de 6ml, cigarrillo electr\u00f3nico vaporizador Vape<\/p>\n<p id=\"tl_2\" class=\"detail-desc-decorate-content\" style=\"font-family: OpenSans; font-size: 14px; font-weight: 300; line-height: 20px; margin-bottom: 12px;\">El kit Puls aio v2 est\u00e1 fabricado con una aleaci\u00f3n de aluminio, lo que lo hace ligero y compacto. Soporta una sola bater\u00eda 18650, con potencia ajustable de 5-80w. Con entrada de flujo de aire en forma de panal, puede generar un flujo de aire suave. Con dise\u00f1o impermeable IP67 con PCBA, es f\u00e1cil de limpiar de manchas de aceite y polvo. Puls aio v2 es a prueba de fugas y puede evitar que el aceite entre en la placa de circuito y da\u00f1e el dispositivo. Tres dise\u00f1os de accesorios est\u00e1n dise\u00f1ados para que los entusiastas disfruten m\u00e1s del vapeo. Se incluyen boquilla intercambiable y tubos de flujo de aire para la boquilla. Adem\u00e1s, puede disfrutar de una experiencia extraordinaria con el tanque RBA Puls aio v2 de 6ml. Tambi\u00e9n se incluyen 4 tubos de flujo de aire RBA.<\/p>\n<\/div>\n<div class=\"detailmodule_text\">\n<p id=\"tl_3\" class=\"detail-desc-decorate-title\" style=\"font-family: OpenSans; font-size: 20px; font-weight: 900; line-height: 28px; margin-bottom: 12px;\">Par\u00e1metros:<\/p>\n<p id=\"tl_4\" class=\"detail-desc-decorate-content\" style=\"font-family: OpenSans; font-size: 14px; font-weight: 300; line-height: 20px; margin-bottom: 12px;\">Marca: vandy vape<br \/>\nNombre del producto: Kit Puls aio v2<br \/>\nTama\u00f1o: 51*77.3*23,4mm<br \/>\nVoltaje de salida: 0,5-6,0 V<br \/>\nCorriente m\u00e1xima de salida: 32a<br \/>\nMaterial: aleaci\u00f3n de aluminio + acero inoxidable + pctg<br \/>\nTipo de bater\u00eda: compatible con bater\u00eda 18650 (no incluida)<br \/>\nCapacidad RBA: 6ml<br \/>\nRango de potencia: 5-80w<br \/>\nTipo de llenado: llenado lateral sencillo<br \/>\nRango de resistencia: 0,05-3.0\u03a9(\u00b1 5%)<br \/>\nPantalla: pantalla OLED de 0,42 pulgadas<br \/>\nTama\u00f1o del paquete: 95*34*122mm (1 pieza)<br \/>\nTama\u00f1o del cart\u00f3n: 494*257*203mm (50 piezas)<br \/>\nColor: negro, azul peque\u00f1o, violeta, rojo, celeste, rosa sakura<\/p>\n<\/div>\n<div class=\"detailmodule_text\">\n<p id=\"tl_5\" class=\"detail-desc-decorate-title\" style=\"font-family: OpenSans; font-size: 20px; font-weight: 900; line-height: 28px; margin-bottom: 12px;\">Detalles:<\/p>\n<p id=\"tl_6\" class=\"detail-desc-decorate-content\" style=\"font-family: OpenSans; font-size: 14px; font-weight: 300; line-height: 20px; margin-bottom: 12px;\">1. Evaluaci\u00f3n de impermeabilidad IP67 para PCBA<br \/>\n2. Bater\u00eda positiva a trav\u00e9s de la placa de circuito<br \/>\n3. Placa de circuito intercambiable para el interruptor de llave<br \/>\n4. Nuevo RBA y tanque<br \/>\n5. Tama\u00f1o compacto m\u00e1s peque\u00f1o<br \/>\n6. Material de aleaci\u00f3n de aluminio con grabado fino<br \/>\n7. Dibujos de accesorios m\u00faltiples para entusiastas<br \/>\n8. Con boquilla de goteo intercambiable y tubos de flujo de aire de la boquilla de goteo<br \/>\n9. Captaci\u00f3n de flujo de aire en panal<br \/>\n10. Ofrece una experiencia extraordinaria con Puls AIO V2 RBA<br \/>\n11. Potencia ajustable de 5-80W<\/p>\n<\/div>\n<div class=\"detailmodule_text\">\n<p id=\"tl_7\" class=\"detail-desc-decorate-title\" style=\"font-family: OpenSans; font-size: 20px; font-weight: 900; line-height: 28px; margin-bottom: 12px;\">El paquete incluye:<\/p>\n<p id=\"tl_8\" class=\"detail-desc-decorate-content\" style=\"font-family: OpenSans; font-size: 14px; font-weight: 300; line-height: 20px; margin-bottom: 12px;\">1 * Dispositivo Puls AIO V2<br \/>\n4 * tubo de flujo de aire RBA<br \/>\n1 * Manual de instrucciones<br \/>\n1 * Adaptador 510<br \/>\n2 * boquillas de goteo<br \/>\n1 * RBA<br \/>\n1 * bolsa de accesorios<br \/>\nTubo de flujo de aire de punta de gotas de 3 *<\/p>\n<\/div>\n<div class=\"detailmodule_image\"><img decoding=\"async\" loading=\"lazy\" class=\"detail-desc-decorate-image\" src=\"https:\/\/ae01.alicdn.com\/kf\/S8201add96de94285a267c648ea8a8e426.jpg\" \/><br \/>\n<img decoding=\"async\" loading=\"lazy\" class=\"detail-desc-decorate-image\" src=\"https:\/\/ae01.alicdn.com\/kf\/S81e806a230954e89b622a6926822f61eB.jpg\" \/><br \/>\n<img decoding=\"async\" loading=\"lazy\" class=\"detail-desc-decorate-image\" src=\"https:\/\/ae01.alicdn.com\/kf\/Sda4fb6ff18804b9e90baf24a4a3b448fC.jpg\" \/><br \/>\n<img decoding=\"async\" loading=\"lazy\" class=\"detail-desc-decorate-image\" src=\"https:\/\/ae01.alicdn.com\/kf\/S219674f6ebbf44e2877b6a5a8b9cc98fn.jpg\" \/><br \/>\n<img decoding=\"async\" loading=\"lazy\" class=\"detail-desc-decorate-image\" src=\"https:\/\/ae01.alicdn.com\/kf\/S0ea705d7290244b482d6662dc1acdc95y.jpg\" \/><br \/>\n<img decoding=\"async\" loading=\"lazy\" class=\"detail-desc-decorate-image\" src=\"https:\/\/ae01.alicdn.com\/kf\/S698a6c44c58148509892720c45fec765O.jpg\" \/><br \/>\n<img decoding=\"async\" loading=\"lazy\" class=\"detail-desc-decorate-image\" src=\"https:\/\/ae01.alicdn.com\/kf\/Sd7ecdca72e384c8bb45fd3f7c9fdd37aj.jpg\" \/><br \/>\n<img decoding=\"async\" loading=\"lazy\" class=\"detail-desc-decorate-image\" src=\"https:\/\/ae01.alicdn.com\/kf\/S45897e611ce043ed9ad65efba1844229K.jpg\" \/><br \/>\n<img decoding=\"async\" loading=\"lazy\" class=\"detail-desc-decorate-image\" src=\"https:\/\/ae01.alicdn.com\/kf\/Sfe51af21da1a4baca81a0a4beae56e1ch.jpg\" \/><br \/>\n<img decoding=\"async\" loading=\"lazy\" class=\"detail-desc-decorate-image\" src=\"https:\/\/ae01.alicdn.com\/kf\/Sfddf11c58f1744ef9f2ab821f762f84eg.jpg\" \/><\/div>\n<div class=\"detailmodule_image\"><img decoding=\"async\" loading=\"lazy\" class=\"detail-desc-decorate-image\" src=\"https:\/\/ae01.alicdn.com\/kf\/S4434bf694313490eb1e3efb0b7948fd7t.jpg\" \/><br \/>\n<img decoding=\"async\" loading=\"lazy\" class=\"detail-desc-decorate-image\" src=\"https:\/\/ae01.alicdn.com\/kf\/S20a7f1975b024b8492476c19969ce8c7q.jpg\" \/><br \/>\n<img decoding=\"async\" loading=\"lazy\" class=\"detail-desc-decorate-image\" src=\"https:\/\/ae01.alicdn.com\/kf\/S22bd010e02884c41a744c4f1920fda5ci.jpg\" \/><\/div>\n<p>&nbsp;<\/p>\n<\/div>\n<\/div>","protected":false},"excerpt":{"rendered":"<p>&nbsp; Aussehen:\u00a0Box Form Kompatibler Akku:\u00a0Kein \u00dcberwachung Funktion Von Rauchen Anzahl:\u00a0Nein Silikon Fall:\u00a0Nein Temperaturregelung:\u00a0Nein Eingebaute Oder Externe Batterie:\u00a0Eingebaute Kurzschlussschutz Funktion:\u00a0Ja \u00dcberhitzungsschutz-funktion:\u00a0Ja Niederspannungsalarmfunktion:\u00a0Ja Zerst\u00e4uber Identifikation Funktion:\u00a0Ja TCR Einstellung Modi:\u00a0Nein Nominale Kapazit\u00e4t:\u00a0Kein Material:\u00a0Metall Compatible Model:\u00a0Vape Electronic Cigarette Modellnummer:\u00a0Vandy Vape Pulse AIO V2 Kit Usb-ladeger\u00e4t:\u00a0Ja Firmware-upgrade:\u00a0Nein Display:\u00a0Ja Art:\u00a0Mit Batterie Markenname:\u00a0VANDY VAPE Ursprung:\u00a0CN (Herkunft) Original Vandy Vape Puls Aio V2 [&hellip;]<\/p>","protected":false},"featured_media":7685,"template":"","meta":{"inline_featured_image":false},"product_cat":[78,750,737,736,749,76],"product_tag":[],"tiered_pricing_type":"fixed","tiered_pricing_fixed_rules":[],"tiered_pricing_percentage_rules":[],"tiered_pricing_minimum":1,"_administrator_tiered_pricing_type":"fixed","_administrator_tiered_pricing_fixed_rules":[],"_editor_tiered_pricing_type":"fixed","_editor_tiered_pricing_fixed_rules":[],"_author_tiered_pricing_type":"fixed","_author_tiered_pricing_fixed_rules":[],"_contributor_tiered_pricing_type":"fixed","_contributor_tiered_pricing_fixed_rules":[],"_subscriber_tiered_pricing_type":"fixed","_subscriber_tiered_pricing_fixed_rules":[],"_customer_tiered_pricing_type":"fixed","_customer_tiered_pricing_fixed_rules":[],"_shop_manager_tiered_pricing_type":"fixed","_shop_manager_tiered_pricing_fixed_rules":[],"_wpseo_manager_tiered_pricing_type":"fixed","_wpseo_manager_tiered_pricing_fixed_rules":[],"_wpseo_editor_tiered_pricing_type":"fixed","_wpseo_editor_tiered_pricing_fixed_rules":[],"_wholesale_customer_tiered_pricing_type":"fixed","_wholesale_customer_tiered_pricing_fixed_rules":[],"_marketer_tiered_pricing_type":"fixed","_marketer_tiered_pricing_fixed_rules":[],"_sales_manager_tiered_pricing_type":"fixed","_sales_manager_tiered_pricing_fixed_rules":[],"_sales_rep_tiered_pricing_type":"fixed","_sales_rep_tiered_pricing_fixed_rules":[],"yoast_head":"<!-- This site is optimized with the Yoast SEO plugin v23.3 - https:\/\/yoast.com\/wordpress\/plugins\/seo\/ -->\n<title>Vandy Vape Pulse Aio V2 Kit 80W Box Mod | ElementVape.de<\/title>\n<meta name=\"description\" content=\"Wir bieten Vandy Vape Pulse Aio V2 Kit 80W Box Mod , Elementvape.de akzeptieren Gro\u00df-und Einzelhandel Bestellungen.\" \/>\n<meta name=\"robots\" content=\"index, follow, max-snippet:-1, max-image-preview:large, max-video-preview:-1\" \/>\n<link rel=\"canonical\" href=\"https:\/\/www.elementvape.de\/es\/produkt\/vandy-vape-pulse-aio-v2-kit-80w-box-mod\/\" \/>\n<meta property=\"og:locale\" content=\"es_ES\" \/>\n<meta property=\"og:type\" content=\"article\" \/>\n<meta property=\"og:title\" content=\"Vandy Vape Pulse Aio V2 Kit 80W Box Mod | ElementVape.de\" \/>\n<meta property=\"og:description\" content=\"Wir bieten Vandy Vape Pulse Aio V2 Kit 80W Box Mod , Elementvape.de akzeptieren Gro\u00df-und Einzelhandel Bestellungen.\" \/>\n<meta property=\"og:url\" content=\"https:\/\/www.elementvape.de\/es\/produkt\/vandy-vape-pulse-aio-v2-kit-80w-box-mod\/\" \/>\n<meta property=\"og:site_name\" content=\"ElementVape.de\" \/>\n<meta property=\"article:modified_time\" content=\"2024-09-12T10:32:17+00:00\" \/>\n<meta property=\"og:image\" content=\"https:\/\/ae01.alicdn.com\/kf\/Aee8ed31d774946168f034a13b30fc713X\/Original-Vandy-Vape-Puls-Aio-V2-Kit-80W-Box-Mod-mit-6ml-RBA-Pod-Patrone-IP67.jpg\" \/>\n\t<meta property=\"og:image:width\" content=\"800\" \/>\n\t<meta property=\"og:image:height\" content=\"800\" \/>\n\t<meta property=\"og:image:type\" content=\"image\/jpeg\" \/>\n<meta name=\"twitter:card\" content=\"summary_large_image\" \/>\n<meta name=\"twitter:label1\" content=\"Est. reading time\" \/>\n\t<meta name=\"twitter:data1\" content=\"5 minutos\" \/>\n<script type=\"application\/ld+json\" class=\"yoast-schema-graph\">{\"@context\":\"https:\/\/schema.org\",\"@graph\":[{\"@type\":\"WebPage\",\"@id\":\"https:\/\/www.elementvape.de\/ro\/produkt\/vandy-vape-pulse-aio-v2-kit-80w-box-mod\/\",\"url\":\"https:\/\/www.elementvape.de\/ro\/produkt\/vandy-vape-pulse-aio-v2-kit-80w-box-mod\/\",\"name\":\"Vandy Vape Pulse Aio V2 Kit 80W Box Mod | ElementVape.de\",\"isPartOf\":{\"@id\":\"https:\/\/www.elementvape.de\/#website\"},\"primaryImageOfPage\":{\"@id\":\"https:\/\/www.elementvape.de\/ro\/produkt\/vandy-vape-pulse-aio-v2-kit-80w-box-mod\/#primaryimage\"},\"image\":{\"@id\":\"https:\/\/www.elementvape.de\/ro\/produkt\/vandy-vape-pulse-aio-v2-kit-80w-box-mod\/#primaryimage\"},\"thumbnailUrl\":\"https:\/\/ae01.alicdn.com\/kf\/Aee8ed31d774946168f034a13b30fc713X\/Original-Vandy-Vape-Puls-Aio-V2-Kit-80W-Box-Mod-mit-6ml-RBA-Pod-Patrone-IP67.jpg\",\"datePublished\":\"2024-04-20T07:24:26+00:00\",\"dateModified\":\"2024-09-12T10:32:17+00:00\",\"description\":\"Wir bieten Vandy Vape Pulse Aio V2 Kit 80W Box Mod , Elementvape.de akzeptieren Gro\u00df-und Einzelhandel Bestellungen.\",\"breadcrumb\":{\"@id\":\"https:\/\/www.elementvape.de\/ro\/produkt\/vandy-vape-pulse-aio-v2-kit-80w-box-mod\/#breadcrumb\"},\"inLanguage\":\"es\",\"potentialAction\":[{\"@type\":\"ReadAction\",\"target\":[\"https:\/\/www.elementvape.de\/ro\/produkt\/vandy-vape-pulse-aio-v2-kit-80w-box-mod\/\"]}]},{\"@type\":\"ImageObject\",\"inLanguage\":\"es\",\"@id\":\"https:\/\/www.elementvape.de\/ro\/produkt\/vandy-vape-pulse-aio-v2-kit-80w-box-mod\/#primaryimage\",\"url\":\"https:\/\/ae01.alicdn.com\/kf\/Aee8ed31d774946168f034a13b30fc713X\/Original-Vandy-Vape-Puls-Aio-V2-Kit-80W-Box-Mod-mit-6ml-RBA-Pod-Patrone-IP67.jpg\",\"contentUrl\":\"https:\/\/ae01.alicdn.com\/kf\/Aee8ed31d774946168f034a13b30fc713X\/Original-Vandy-Vape-Puls-Aio-V2-Kit-80W-Box-Mod-mit-6ml-RBA-Pod-Patrone-IP67.jpg\",\"width\":800,\"height\":800},{\"@type\":\"BreadcrumbList\",\"@id\":\"https:\/\/www.elementvape.de\/ro\/produkt\/vandy-vape-pulse-aio-v2-kit-80w-box-mod\/#breadcrumb\",\"itemListElement\":[{\"@type\":\"ListItem\",\"position\":1,\"name\":\"Home\",\"item\":\"https:\/\/www.elementvape.de\/\"},{\"@type\":\"ListItem\",\"position\":2,\"name\":\"Shop\",\"item\":\"https:\/\/www.elementvape.de\/shop\/\"},{\"@type\":\"ListItem\",\"position\":3,\"name\":\"Vandy Vape Pulse Aio V2 Kit 80W Box Mod\"}]},{\"@type\":\"WebSite\",\"@id\":\"https:\/\/www.elementvape.de\/#website\",\"url\":\"https:\/\/www.elementvape.de\/\",\"name\":\"ElementVape.de\",\"description\":\"\",\"publisher\":{\"@id\":\"https:\/\/www.elementvape.de\/#organization\"},\"potentialAction\":[{\"@type\":\"SearchAction\",\"target\":{\"@type\":\"EntryPoint\",\"urlTemplate\":\"https:\/\/www.elementvape.de\/?s={search_term_string}\"},\"query-input\":\"required name=search_term_string\"}],\"inLanguage\":\"es\"},{\"@type\":\"Organization\",\"@id\":\"https:\/\/www.elementvape.de\/#organization\",\"name\":\"ElementVape.DE\",\"url\":\"https:\/\/www.elementvape.de\/\",\"logo\":{\"@type\":\"ImageObject\",\"inLanguage\":\"es\",\"@id\":\"https:\/\/www.elementvape.de\/#\/schema\/logo\/image\/\",\"url\":\"https:\/\/www.elementvape.de\/wp-content\/uploads\/2024\/09\/cropped-1elementvape-3.png\",\"contentUrl\":\"https:\/\/www.elementvape.de\/wp-content\/uploads\/2024\/09\/cropped-1elementvape-3.png\",\"width\":285,\"height\":228,\"caption\":\"ElementVape.DE\"},\"image\":{\"@id\":\"https:\/\/www.elementvape.de\/#\/schema\/logo\/image\/\"}}]}<\/script>\n<!-- \/ Yoast SEO plugin. -->","yoast_head_json":{"title":"Vandy Vape Pulse Aio V2 Kit 80W Box Mod | ElementVape.de","description":"Wir bieten Vandy Vape Pulse Aio V2 Kit 80W Box Mod , Elementvape.de akzeptieren Gro\u00df-und Einzelhandel Bestellungen.","robots":{"index":"index","follow":"follow","max-snippet":"max-snippet:-1","max-image-preview":"max-image-preview:large","max-video-preview":"max-video-preview:-1"},"canonical":"https:\/\/www.elementvape.de\/es\/produkt\/vandy-vape-pulse-aio-v2-kit-80w-box-mod\/","og_locale":"es_ES","og_type":"article","og_title":"Vandy Vape Pulse Aio V2 Kit 80W Box Mod | ElementVape.de","og_description":"Wir bieten Vandy Vape Pulse Aio V2 Kit 80W Box Mod , Elementvape.de akzeptieren Gro\u00df-und Einzelhandel Bestellungen.","og_url":"https:\/\/www.elementvape.de\/es\/produkt\/vandy-vape-pulse-aio-v2-kit-80w-box-mod\/","og_site_name":"ElementVape.de","article_modified_time":"2024-09-12T10:32:17+00:00","og_image":[{"width":800,"height":800,"url":"https:\/\/ae01.alicdn.com\/kf\/Aee8ed31d774946168f034a13b30fc713X\/Original-Vandy-Vape-Puls-Aio-V2-Kit-80W-Box-Mod-mit-6ml-RBA-Pod-Patrone-IP67.jpg","type":"image\/jpeg"}],"twitter_card":"summary_large_image","twitter_misc":{"Est. reading time":"5 minutos"},"schema":{"@context":"https:\/\/schema.org","@graph":[{"@type":"WebPage","@id":"https:\/\/www.elementvape.de\/ro\/produkt\/vandy-vape-pulse-aio-v2-kit-80w-box-mod\/","url":"https:\/\/www.elementvape.de\/ro\/produkt\/vandy-vape-pulse-aio-v2-kit-80w-box-mod\/","name":"Vandy Vape Pulse Aio V2 Kit 80W Box Mod | ElementVape.de","isPartOf":{"@id":"https:\/\/www.elementvape.de\/#website"},"primaryImageOfPage":{"@id":"https:\/\/www.elementvape.de\/ro\/produkt\/vandy-vape-pulse-aio-v2-kit-80w-box-mod\/#primaryimage"},"image":{"@id":"https:\/\/www.elementvape.de\/ro\/produkt\/vandy-vape-pulse-aio-v2-kit-80w-box-mod\/#primaryimage"},"thumbnailUrl":"https:\/\/ae01.alicdn.com\/kf\/Aee8ed31d774946168f034a13b30fc713X\/Original-Vandy-Vape-Puls-Aio-V2-Kit-80W-Box-Mod-mit-6ml-RBA-Pod-Patrone-IP67.jpg","datePublished":"2024-04-20T07:24:26+00:00","dateModified":"2024-09-12T10:32:17+00:00","description":"Wir bieten Vandy Vape Pulse Aio V2 Kit 80W Box Mod , Elementvape.de akzeptieren Gro\u00df-und Einzelhandel Bestellungen.","breadcrumb":{"@id":"https:\/\/www.elementvape.de\/ro\/produkt\/vandy-vape-pulse-aio-v2-kit-80w-box-mod\/#breadcrumb"},"inLanguage":"es","potentialAction":[{"@type":"ReadAction","target":["https:\/\/www.elementvape.de\/ro\/produkt\/vandy-vape-pulse-aio-v2-kit-80w-box-mod\/"]}]},{"@type":"ImageObject","inLanguage":"es","@id":"https:\/\/www.elementvape.de\/ro\/produkt\/vandy-vape-pulse-aio-v2-kit-80w-box-mod\/#primaryimage","url":"https:\/\/ae01.alicdn.com\/kf\/Aee8ed31d774946168f034a13b30fc713X\/Original-Vandy-Vape-Puls-Aio-V2-Kit-80W-Box-Mod-mit-6ml-RBA-Pod-Patrone-IP67.jpg","contentUrl":"https:\/\/ae01.alicdn.com\/kf\/Aee8ed31d774946168f034a13b30fc713X\/Original-Vandy-Vape-Puls-Aio-V2-Kit-80W-Box-Mod-mit-6ml-RBA-Pod-Patrone-IP67.jpg","width":800,"height":800},{"@type":"BreadcrumbList","@id":"https:\/\/www.elementvape.de\/ro\/produkt\/vandy-vape-pulse-aio-v2-kit-80w-box-mod\/#breadcrumb","itemListElement":[{"@type":"ListItem","position":1,"name":"Home","item":"https:\/\/www.elementvape.de\/"},{"@type":"ListItem","position":2,"name":"Shop","item":"https:\/\/www.elementvape.de\/shop\/"},{"@type":"ListItem","position":3,"name":"Vandy Vape Pulse Aio V2 Kit 80W Box Mod"}]},{"@type":"WebSite","@id":"https:\/\/www.elementvape.de\/#website","url":"https:\/\/www.elementvape.de\/","name":"ElementVape.de","description":"","publisher":{"@id":"https:\/\/www.elementvape.de\/#organization"},"potentialAction":[{"@type":"SearchAction","target":{"@type":"EntryPoint","urlTemplate":"https:\/\/www.elementvape.de\/?s={search_term_string}"},"query-input":"required name=search_term_string"}],"inLanguage":"es"},{"@type":"Organization","@id":"https:\/\/www.elementvape.de\/#organization","name":"ElementVape.DE","url":"https:\/\/www.elementvape.de\/","logo":{"@type":"ImageObject","inLanguage":"es","@id":"https:\/\/www.elementvape.de\/#\/schema\/logo\/image\/","url":"https:\/\/www.elementvape.de\/wp-content\/uploads\/2024\/09\/cropped-1elementvape-3.png","contentUrl":"https:\/\/www.elementvape.de\/wp-content\/uploads\/2024\/09\/cropped-1elementvape-3.png","width":285,"height":228,"caption":"ElementVape.DE"},"image":{"@id":"https:\/\/www.elementvape.de\/#\/schema\/logo\/image\/"}}]}},"_links":{"self":[{"href":"https:\/\/www.elementvape.de\/es\/wp-json\/wp\/v2\/product\/7684"}],"collection":[{"href":"https:\/\/www.elementvape.de\/es\/wp-json\/wp\/v2\/product"}],"about":[{"href":"https:\/\/www.elementvape.de\/es\/wp-json\/wp\/v2\/types\/product"}],"wp:featuredmedia":[{"embeddable":true,"href":"https:\/\/www.elementvape.de\/es\/wp-json\/wp\/v2\/media\/7685"}],"wp:attachment":[{"href":"https:\/\/www.elementvape.de\/es\/wp-json\/wp\/v2\/media?parent=7684"}],"wp:term":[{"taxonomy":"product_cat","embeddable":true,"href":"https:\/\/www.elementvape.de\/es\/wp-json\/wp\/v2\/product_cat?post=7684"},{"taxonomy":"product_tag","embeddable":true,"href":"https:\/\/www.elementvape.de\/es\/wp-json\/wp\/v2\/product_tag?post=7684"}],"curies":[{"name":"wp","href":"https:\/\/api.w.org\/{rel}","templated":true}]}}