{"id":7611,"date":"2024-04-20T07:05:08","date_gmt":"2024-04-20T07:05:08","guid":{"rendered":"https:\/\/www.elementvape.de\/?post_type=product&#038;p=7611"},"modified":"2024-09-12T10:32:21","modified_gmt":"2024-09-12T10:32:21","slug":"voopoo-argus-p1-kit-aromazerstaeuber","status":"publish","type":"product","link":"https:\/\/www.elementvape.de\/es\/produkt\/voopoo-argus-p1-kit-aromazerstaeuber\/","title":{"rendered":"Kit Argus P1 de Voopoo con atomizador arom\u00e1tico"},"content":{"rendered":"<p>&nbsp;<\/p>\n<div class=\"product-specs-list-container\">\n<ul class=\"product-specs-list util-clearfix\">\n<li class=\"product-prop line-limit-length\"><span class=\"property-title\">Apariencia:\u00a0<\/span><span class=\"property-desc line-limit-length\">Forma de caja<\/span><\/li>\n<li class=\"product-prop line-limit-length\"><span class=\"property-title\">Bater\u00eda compatible:\u00a0<\/span><span class=\"property-desc line-limit-length\">Ninguna<\/span><\/li>\n<li class=\"product-prop line-limit-length\"><span class=\"property-title\">Funci\u00f3n de monitoreo de la cantidad de humo:\u00a0<\/span><span class=\"property-desc line-limit-length\">No<\/span><\/li>\n<li class=\"product-prop line-limit-length\"><span class=\"property-title\">Funda de silicona:\u00a0<\/span><span class=\"property-desc line-limit-length\">No<\/span><\/li>\n<li class=\"product-prop line-limit-length\"><span class=\"property-title\">Regulaci\u00f3n de temperatura:\u00a0<\/span><span class=\"property-desc line-limit-length\">No<\/span><\/li>\n<li class=\"product-prop line-limit-length\"><span class=\"property-title\">Funci\u00f3n de protecci\u00f3n contra cortocircuitos:\u00a0<\/span><span class=\"property-desc line-limit-length\">No<\/span><\/li>\n<li class=\"product-prop line-limit-length\"><span class=\"property-title\">Funci\u00f3n de protecci\u00f3n contra sobrecalentamiento:\u00a0<\/span><span class=\"property-desc line-limit-length\">Ja<\/span><\/li>\n<li class=\"product-prop line-limit-length\"><span class=\"property-title\">Funci\u00f3n de alarma de bajo voltaje:\u00a0<\/span><span class=\"property-desc line-limit-length\">Ja<\/span><\/li>\n<li class=\"product-prop line-limit-length\"><span class=\"property-title\">Funci\u00f3n de identificaci\u00f3n del atomizador:\u00a0<\/span><span class=\"property-desc line-limit-length\">Ja<\/span><\/li>\n<li class=\"product-prop line-limit-length\"><span class=\"property-title\">Modos de ajuste TCR:\u00a0<\/span><span class=\"property-desc line-limit-length\">No<\/span><\/li>\n<li class=\"product-prop line-limit-length\"><span class=\"property-title\">Capacidad nominal:\u00a0<\/span><span class=\"property-desc line-limit-length\">Ninguna<\/span><\/li>\n<li class=\"product-prop line-limit-length\"><span class=\"property-title\">Material:\u00a0<\/span><span class=\"property-desc line-limit-length\">Metal<\/span><\/li>\n<li class=\"product-prop line-limit-length\"><span class=\"property-title\">Modelo compatible:\u00a0<\/span><span class=\"property-desc line-limit-length\">Vaporizador de cigarrillo electr\u00f3nico<\/span><\/li>\n<li class=\"product-prop line-limit-length\"><span class=\"property-title\">N\u00famero de modelo:\u00a0<\/span><span class=\"property-desc line-limit-length\">Kit VOOPOO Argus P1<\/span><\/li>\n<li class=\"product-prop line-limit-length\"><span class=\"property-title\">Cargador USB:\u00a0<\/span><span class=\"property-desc line-limit-length\">Ja<\/span><\/li>\n<li class=\"product-prop line-limit-length\"><span class=\"property-title\">Actualizaci\u00f3n de firmware:\u00a0<\/span><span class=\"property-desc line-limit-length\">No<\/span><\/li>\n<li class=\"product-prop line-limit-length\"><span class=\"property-title\">Pantalla:\u00a0<\/span><span class=\"property-desc line-limit-length\">No<\/span><\/li>\n<li class=\"product-prop line-limit-length\"><span class=\"property-title\">Tipo:\u00a0<\/span><span class=\"property-desc line-limit-length\">Con bater\u00eda<\/span><\/li>\n<li class=\"product-prop line-limit-length\"><span class=\"property-title\">Nombre de la marca:\u00a0<\/span><span class=\"property-desc line-limit-length\">VOOPOO<\/span><\/li>\n<li class=\"product-prop line-limit-length\"><span class=\"property-title\">Origen:\u00a0<\/span><span class=\"property-desc line-limit-length\">CN (origen)<\/span><\/li>\n<\/ul>\n<\/div>\n<div class=\"detailmodule_html\">\n<div class=\"detail-desc-decorate-richtext\">\n<div class=\"detailmodule_text\">\n<p id=\"tl_1\" class=\"detail-desc-decorate-title\" style=\"font-family: OpenSans; font-size: 20px; font-weight: 900; line-height: 28px; margin-bottom: 12px;\">Kit original Voopoo Argus P1 20W 800mAh Bater\u00eda Vape 2ml Argus Pod Cartucho 0,7 Ohm\/1,2 Ohm Resistencia Cigarrillo Electr\u00f3nico<\/p>\n<p id=\"tl_2\" class=\"detail-desc-decorate-content\" style=\"font-family: OpenSans; font-size: 14px; font-weight: 300; line-height: 20px; margin-bottom: 12px;\">El kit Argus P1 adopta un estilo mec\u00e1nico futurista con apariencia semi-met\u00e1lica y semi-transparente para demostrar belleza robusta y sofisticada. Funciona con una bater\u00eda incorporada de 800mAh con un m\u00e1ximo de 20W y carga Tipo-C. Tambi\u00e9n soporta carga r\u00e1pida PD de 15W para realizar una carga completa en 18 minutos. Es importante destacar que la resistencia de 1.2\u03a9 puede soportar 2 horas de vapeo con 5 minutos de carga despu\u00e9s de cargarla, permitiendo cada inhalaci\u00f3n durante cada minuto. Equipado con el chip inteligente Gen. Ai 1.2 en el lado transparente, el Argus P1 puede ajustar autom\u00e1ticamente las fuerzas adecuadas para ahorrar energ\u00eda y mantener la vida \u00fatil de la bater\u00eda. Adem\u00e1s, la tecnolog\u00eda de atomizaci\u00f3n ito puede brindarle el m\u00e1ximo disfrute de sabor y vapor. Tambi\u00e9n cuenta con ajuste lateral de aire para un flujo de aire desde ajustado hasta suelto y una entrada de aire de 4 orificios para un sabor suave. El Argus P1 es compatible con la cartucho Argus pod de 0.7\u03a9\/1.2\u03a9, cartucho vac\u00edo Argus pod y la resistencia Voopoo ito. Tiene una capacidad de 2ml, un sistema de llenado lateral sencillo y un dise\u00f1o patentado a prueba de fugas. El Argus P1 tambi\u00e9n cuenta con la boquilla ergon\u00f3mica avanzada que se ajusta perfectamente a tus labios. Simplemente cons\u00edguelo.<\/p>\n<\/div>\n<div class=\"detailmodule_text\">\n<p id=\"tl_3\" class=\"detail-desc-decorate-title\" style=\"font-family: OpenSans; font-size: 20px; font-weight: 900; line-height: 28px; margin-bottom: 12px;\">Par\u00e1metros:<\/p>\n<p id=\"tl_4\" class=\"detail-desc-decorate-content\" style=\"font-family: OpenSans; font-size: 14px; font-weight: 300; line-height: 20px; margin-bottom: 12px;\">Marca: voopoo<br \/>\nNombre del producto: kit argus p1<br \/>\nBater\u00eda: bater\u00eda incorporada de 800mah<br \/>\nPotencia de salida: 5-20w<br \/>\nVoltaje de salida: 3,2-4,2 V<br \/>\nTipo de carga: carga Tipo-C<br \/>\nM\u00e9todo de carga: carga r\u00e1pida PD de 15w<br \/>\nRango de resistencia: 0,5-3,0\u03a9<br \/>\nCapacidad del cartucho vac\u00edo: 2ml<br \/>\nRelleno: Relleno lateral<br \/>\nFlujo de aire: flujo de aire ajustable<br \/>\nCompatible con: cartucho Argus pod Voopoo de 0.7\u03a9\/1.2\u03a9<br \/>\nMaterial: aleaci\u00f3n de zinc + PC<br \/>\nTama\u00f1o del producto: 74.6*46.7*17,4mm<br \/>\nTama\u00f1o del embalaje: 103*103*40mm<br \/>\nTama\u00f1o de la caja: 540*225*230mm (9,3 kg \u00b1 0,4 kg), 50 unidades<br \/>\nColor: negro, plata, rojo, gun metal, verde<\/p>\n<\/div>\n<div class=\"detailmodule_text\">\n<p id=\"tl_5\" class=\"detail-desc-decorate-title\" style=\"font-family: OpenSans; font-size: 20px; font-weight: 900; line-height: 28px; margin-bottom: 12px;\">Detalles:<\/p>\n<p id=\"tl_6\" class=\"detail-desc-decorate-content\" style=\"font-family: OpenSans; font-size: 14px; font-weight: 300; line-height: 20px; margin-bottom: 12px;\">1. Estilo mec\u00e1nico futurista, semi met\u00e1lico y semi transparente<br \/>\n2. Bater\u00eda incorporada de 800mah con 20w m\u00e1ximo y carga Tipo-C<br \/>\n3. soportado por m\u00e9todo de carga r\u00e1pida pd<br \/>\n4. Gen. Ai 1,2 Chip y ajuste de salida de ai<br \/>\n5. ajuste de aire lateral y entrada de aire de 4 orificios<br \/>\n6. tecnolog\u00eda de atomizaci\u00f3n ito y dise\u00f1o patentado de salida de fuga<br \/>\n7. boquilla ergon\u00f3mica avanzada para que se ajuste perfectamente a sus labios<br \/>\n8. compatible con la c\u00e1psula Argus Pod 0.7\u03a9\/1.2\u03a9<br \/>\n9. capacidad vac\u00eda de 2ml, sistema de llenado lateral sencillo<br \/>\n10. de aleaci\u00f3n de zinc + material PC, duradero en uso<br \/>\n11. protecci\u00f3n de seguridad m\u00faltiple para garantizar un uso seguro<\/p>\n<\/div>\n<div class=\"detailmodule_text\">\n<p id=\"tl_7\" class=\"detail-desc-decorate-title\" style=\"font-family: OpenSans; font-size: 20px; font-weight: 900; line-height: 28px; margin-bottom: 12px;\">El paquete incluye:<\/p>\n<p id=\"tl_8\" class=\"detail-desc-decorate-content\" style=\"font-family: OpenSans; font-size: 14px; font-weight: 300; line-height: 20px; margin-bottom: 12px;\">1 * dispositivo Voopoo Argus P1<br \/>\n1 * c\u00e1psula Voopoo Argus Pod 0.7\u03a9<br \/>\n1 * c\u00e1psula Voopoo Argus Pod 1.2\u03a9<br \/>\n1 * cable Tipo-C<br \/>\n1 * manual de usuario<br \/>\n1 * cord\u00f3n<\/p>\n<\/div>\n<div class=\"detailmodule_image\"><img decoding=\"async\" loading=\"lazy\" class=\"detail-desc-decorate-image\" src=\"https:\/\/ae01.alicdn.com\/kf\/Sed1efa8abb024f419b12029d139efe890.jpg\" \/><br \/>\n<img decoding=\"async\" loading=\"lazy\" class=\"detail-desc-decorate-image\" src=\"https:\/\/ae01.alicdn.com\/kf\/S0c1487d884db4d0583b12618b1bed105q.jpg\" \/><br \/>\n<img decoding=\"async\" loading=\"lazy\" class=\"detail-desc-decorate-image\" src=\"https:\/\/ae01.alicdn.com\/kf\/Sa90ccfa5e64f44169b88e4bc301be5f22.jpg\" \/><br \/>\n<img decoding=\"async\" loading=\"lazy\" class=\"detail-desc-decorate-image\" src=\"https:\/\/ae01.alicdn.com\/kf\/S116118a193fa4c9394a78c6d74a6de307.jpg\" \/><br \/>\n<img decoding=\"async\" loading=\"lazy\" class=\"detail-desc-decorate-image\" src=\"https:\/\/ae01.alicdn.com\/kf\/S0103ac1922d34736963821b50b33e79aH.jpg\" \/><br \/>\n<img decoding=\"async\" loading=\"lazy\" class=\"detail-desc-decorate-image\" src=\"https:\/\/ae01.alicdn.com\/kf\/Sc93bdbdf920548a4b424e6816d874de3A.jpg\" \/><br \/>\n<img decoding=\"async\" loading=\"lazy\" class=\"detail-desc-decorate-image\" src=\"https:\/\/ae01.alicdn.com\/kf\/Sd79e485322e044259efa43ad20e1ed69B.jpg\" \/><br \/>\n<img decoding=\"async\" loading=\"lazy\" class=\"detail-desc-decorate-image\" src=\"https:\/\/ae01.alicdn.com\/kf\/S0fc79fe6d1314bd0baaf92940529e65bG.jpg\" \/><br \/>\n<img decoding=\"async\" loading=\"lazy\" class=\"detail-desc-decorate-image\" src=\"https:\/\/ae01.alicdn.com\/kf\/Sf8f2c56be84c44769aa12d8e4bb88dedR.jpg\" \/><br \/>\n<img decoding=\"async\" loading=\"lazy\" class=\"detail-desc-decorate-image\" src=\"https:\/\/ae01.alicdn.com\/kf\/Sf92ea93269854eafb90b1b70c9ce02f7J.jpg\" \/><\/div>\n<div class=\"detailmodule_image\"><img decoding=\"async\" loading=\"lazy\" class=\"detail-desc-decorate-image\" src=\"https:\/\/ae01.alicdn.com\/kf\/S8ef0f6b4a9804692abc297bbb26c5c8bT.jpg\" \/><br \/>\n<img decoding=\"async\" loading=\"lazy\" class=\"detail-desc-decorate-image\" src=\"https:\/\/ae01.alicdn.com\/kf\/S8246ff7c308c43038077b7d2bd8f89a6E.jpg\" \/><br \/>\n<img decoding=\"async\" loading=\"lazy\" class=\"detail-desc-decorate-image\" src=\"https:\/\/ae01.alicdn.com\/kf\/S0fe29fd38cbd4338be39672335e32e87Y.jpg\" \/><\/div>\n<p>&nbsp;<\/p>\n<\/div>\n<\/div>","protected":false},"excerpt":{"rendered":"<p>&nbsp; Aussehen:\u00a0Box Form Kompatibler Akku:\u00a0Kein \u00dcberwachung Funktion Von Rauchen Anzahl:\u00a0Nein Silikon Fall:\u00a0Nein Temperaturregelung:\u00a0Nein Kurzschlussschutz Funktion:\u00a0Nein \u00dcberhitzungsschutz-funktion:\u00a0Ja Niederspannungsalarmfunktion:\u00a0Ja Zerst\u00e4uber Identifikation Funktion:\u00a0Ja TCR Einstellung Modi:\u00a0Nein Nominale Kapazit\u00e4t:\u00a0Kein Material:\u00a0Metall Compatible Model:\u00a0Electronic Cigarette Vaporizer Modellnummer:\u00a0VOOPOO Argus P1 Kit Usb-ladeger\u00e4t:\u00a0Ja Firmware-upgrade:\u00a0Nein Display:\u00a0Nein Art:\u00a0Mit Batterie Markenname:\u00a0VOOPOO Ursprung:\u00a0CN (Herkunft) Original Voopoo Argus P1 Kit 20W 800mAh Batterie Vape 2ml Argus Pod Patrone [&hellip;]<\/p>","protected":false},"featured_media":7612,"template":"","meta":{"inline_featured_image":false},"product_cat":[78,750,737,736,749,76],"product_tag":[],"tiered_pricing_type":"fixed","tiered_pricing_fixed_rules":[],"tiered_pricing_percentage_rules":[],"tiered_pricing_minimum":1,"_administrator_tiered_pricing_type":"fixed","_administrator_tiered_pricing_fixed_rules":[],"_editor_tiered_pricing_type":"fixed","_editor_tiered_pricing_fixed_rules":[],"_author_tiered_pricing_type":"fixed","_author_tiered_pricing_fixed_rules":[],"_contributor_tiered_pricing_type":"fixed","_contributor_tiered_pricing_fixed_rules":[],"_subscriber_tiered_pricing_type":"fixed","_subscriber_tiered_pricing_fixed_rules":[],"_customer_tiered_pricing_type":"fixed","_customer_tiered_pricing_fixed_rules":[],"_shop_manager_tiered_pricing_type":"fixed","_shop_manager_tiered_pricing_fixed_rules":[],"_wpseo_manager_tiered_pricing_type":"fixed","_wpseo_manager_tiered_pricing_fixed_rules":[],"_wpseo_editor_tiered_pricing_type":"fixed","_wpseo_editor_tiered_pricing_fixed_rules":[],"_wholesale_customer_tiered_pricing_type":"fixed","_wholesale_customer_tiered_pricing_fixed_rules":[],"_marketer_tiered_pricing_type":"fixed","_marketer_tiered_pricing_fixed_rules":[],"_sales_manager_tiered_pricing_type":"fixed","_sales_manager_tiered_pricing_fixed_rules":[],"_sales_rep_tiered_pricing_type":"fixed","_sales_rep_tiered_pricing_fixed_rules":[],"yoast_head":"<!-- This site is optimized with the Yoast SEO plugin v23.3 - https:\/\/yoast.com\/wordpress\/plugins\/seo\/ -->\n<title>Voopoo Argus P1 Kit Aromazerst\u00e4uber | ElementVape.de<\/title>\n<meta name=\"description\" content=\"Wir bieten Voopoo Argus P1 Kit Aromazerst\u00e4uber , Elementvape.de akzeptieren Gro\u00df-und Einzelhandel Bestellungen.\" \/>\n<meta name=\"robots\" content=\"index, follow, max-snippet:-1, max-image-preview:large, max-video-preview:-1\" \/>\n<link rel=\"canonical\" href=\"https:\/\/www.elementvape.de\/es\/produkt\/voopoo-argus-p1-kit-aromazerstaeuber\/\" \/>\n<meta property=\"og:locale\" content=\"es_ES\" \/>\n<meta property=\"og:type\" content=\"article\" \/>\n<meta property=\"og:title\" content=\"Voopoo Argus P1 Kit Aromazerst\u00e4uber | ElementVape.de\" \/>\n<meta property=\"og:description\" content=\"Wir bieten Voopoo Argus P1 Kit Aromazerst\u00e4uber , Elementvape.de akzeptieren Gro\u00df-und Einzelhandel Bestellungen.\" \/>\n<meta property=\"og:url\" content=\"https:\/\/www.elementvape.de\/es\/produkt\/voopoo-argus-p1-kit-aromazerstaeuber\/\" \/>\n<meta property=\"og:site_name\" content=\"ElementVape.de\" \/>\n<meta property=\"article:modified_time\" content=\"2024-09-12T10:32:21+00:00\" \/>\n<meta property=\"og:image\" content=\"https:\/\/ae01.alicdn.com\/kf\/Sa7c42d84ca2748ffbae83df45e1a89d27\/Original-Voopoo-Argus-P1-Kit-20W-800mAh-Batterie-Vape-2ml-Argus-Pod-Patrone-0-7-Ohm.jpg\" \/>\n\t<meta property=\"og:image:width\" content=\"800\" \/>\n\t<meta property=\"og:image:height\" content=\"800\" \/>\n\t<meta property=\"og:image:type\" content=\"image\/jpeg\" \/>\n<meta name=\"twitter:card\" content=\"summary_large_image\" \/>\n<meta name=\"twitter:label1\" content=\"Est. reading time\" \/>\n\t<meta name=\"twitter:data1\" content=\"6 minutos\" \/>\n<script type=\"application\/ld+json\" class=\"yoast-schema-graph\">{\"@context\":\"https:\/\/schema.org\",\"@graph\":[{\"@type\":\"WebPage\",\"@id\":\"https:\/\/www.elementvape.de\/produkt\/voopoo-argus-p1-kit-aromazerstaeuber\/\",\"url\":\"https:\/\/www.elementvape.de\/produkt\/voopoo-argus-p1-kit-aromazerstaeuber\/\",\"name\":\"Voopoo Argus P1 Kit Aromazerst\u00e4uber | ElementVape.de\",\"isPartOf\":{\"@id\":\"https:\/\/www.elementvape.de\/#website\"},\"primaryImageOfPage\":{\"@id\":\"https:\/\/www.elementvape.de\/produkt\/voopoo-argus-p1-kit-aromazerstaeuber\/#primaryimage\"},\"image\":{\"@id\":\"https:\/\/www.elementvape.de\/produkt\/voopoo-argus-p1-kit-aromazerstaeuber\/#primaryimage\"},\"thumbnailUrl\":\"https:\/\/ae01.alicdn.com\/kf\/Sa7c42d84ca2748ffbae83df45e1a89d27\/Original-Voopoo-Argus-P1-Kit-20W-800mAh-Batterie-Vape-2ml-Argus-Pod-Patrone-0-7-Ohm.jpg\",\"datePublished\":\"2024-04-20T07:05:08+00:00\",\"dateModified\":\"2024-09-12T10:32:21+00:00\",\"description\":\"Wir bieten Voopoo Argus P1 Kit Aromazerst\u00e4uber , Elementvape.de akzeptieren Gro\u00df-und Einzelhandel Bestellungen.\",\"breadcrumb\":{\"@id\":\"https:\/\/www.elementvape.de\/produkt\/voopoo-argus-p1-kit-aromazerstaeuber\/#breadcrumb\"},\"inLanguage\":\"es\",\"potentialAction\":[{\"@type\":\"ReadAction\",\"target\":[\"https:\/\/www.elementvape.de\/produkt\/voopoo-argus-p1-kit-aromazerstaeuber\/\"]}]},{\"@type\":\"ImageObject\",\"inLanguage\":\"es\",\"@id\":\"https:\/\/www.elementvape.de\/produkt\/voopoo-argus-p1-kit-aromazerstaeuber\/#primaryimage\",\"url\":\"https:\/\/ae01.alicdn.com\/kf\/Sa7c42d84ca2748ffbae83df45e1a89d27\/Original-Voopoo-Argus-P1-Kit-20W-800mAh-Batterie-Vape-2ml-Argus-Pod-Patrone-0-7-Ohm.jpg\",\"contentUrl\":\"https:\/\/ae01.alicdn.com\/kf\/Sa7c42d84ca2748ffbae83df45e1a89d27\/Original-Voopoo-Argus-P1-Kit-20W-800mAh-Batterie-Vape-2ml-Argus-Pod-Patrone-0-7-Ohm.jpg\",\"width\":800,\"height\":800},{\"@type\":\"BreadcrumbList\",\"@id\":\"https:\/\/www.elementvape.de\/produkt\/voopoo-argus-p1-kit-aromazerstaeuber\/#breadcrumb\",\"itemListElement\":[{\"@type\":\"ListItem\",\"position\":1,\"name\":\"Home\",\"item\":\"https:\/\/www.elementvape.de\/\"},{\"@type\":\"ListItem\",\"position\":2,\"name\":\"Shop\",\"item\":\"https:\/\/www.elementvape.de\/shop\/\"},{\"@type\":\"ListItem\",\"position\":3,\"name\":\"Voopoo Argus P1 Kit Aromazerst\u00e4uber\"}]},{\"@type\":\"WebSite\",\"@id\":\"https:\/\/www.elementvape.de\/#website\",\"url\":\"https:\/\/www.elementvape.de\/\",\"name\":\"ElementVape.de\",\"description\":\"\",\"publisher\":{\"@id\":\"https:\/\/www.elementvape.de\/#organization\"},\"potentialAction\":[{\"@type\":\"SearchAction\",\"target\":{\"@type\":\"EntryPoint\",\"urlTemplate\":\"https:\/\/www.elementvape.de\/?s={search_term_string}\"},\"query-input\":\"required name=search_term_string\"}],\"inLanguage\":\"es\"},{\"@type\":\"Organization\",\"@id\":\"https:\/\/www.elementvape.de\/#organization\",\"name\":\"ElementVape.DE\",\"url\":\"https:\/\/www.elementvape.de\/\",\"logo\":{\"@type\":\"ImageObject\",\"inLanguage\":\"es\",\"@id\":\"https:\/\/www.elementvape.de\/#\/schema\/logo\/image\/\",\"url\":\"https:\/\/www.elementvape.de\/wp-content\/uploads\/2024\/09\/cropped-1elementvape-3.png\",\"contentUrl\":\"https:\/\/www.elementvape.de\/wp-content\/uploads\/2024\/09\/cropped-1elementvape-3.png\",\"width\":285,\"height\":228,\"caption\":\"ElementVape.DE\"},\"image\":{\"@id\":\"https:\/\/www.elementvape.de\/#\/schema\/logo\/image\/\"}}]}<\/script>\n<!-- \/ Yoast SEO plugin. -->","yoast_head_json":{"title":"Voopoo Argus P1 Kit Aromazerst\u00e4uber | ElementVape.de","description":"Wir bieten Voopoo Argus P1 Kit Aromazerst\u00e4uber , Elementvape.de akzeptieren Gro\u00df-und Einzelhandel Bestellungen.","robots":{"index":"index","follow":"follow","max-snippet":"max-snippet:-1","max-image-preview":"max-image-preview:large","max-video-preview":"max-video-preview:-1"},"canonical":"https:\/\/www.elementvape.de\/es\/produkt\/voopoo-argus-p1-kit-aromazerstaeuber\/","og_locale":"es_ES","og_type":"article","og_title":"Voopoo Argus P1 Kit Aromazerst\u00e4uber | ElementVape.de","og_description":"Wir bieten Voopoo Argus P1 Kit Aromazerst\u00e4uber , Elementvape.de akzeptieren Gro\u00df-und Einzelhandel Bestellungen.","og_url":"https:\/\/www.elementvape.de\/es\/produkt\/voopoo-argus-p1-kit-aromazerstaeuber\/","og_site_name":"ElementVape.de","article_modified_time":"2024-09-12T10:32:21+00:00","og_image":[{"width":800,"height":800,"url":"https:\/\/ae01.alicdn.com\/kf\/Sa7c42d84ca2748ffbae83df45e1a89d27\/Original-Voopoo-Argus-P1-Kit-20W-800mAh-Batterie-Vape-2ml-Argus-Pod-Patrone-0-7-Ohm.jpg","type":"image\/jpeg"}],"twitter_card":"summary_large_image","twitter_misc":{"Est. reading time":"6 minutos"},"schema":{"@context":"https:\/\/schema.org","@graph":[{"@type":"WebPage","@id":"https:\/\/www.elementvape.de\/produkt\/voopoo-argus-p1-kit-aromazerstaeuber\/","url":"https:\/\/www.elementvape.de\/produkt\/voopoo-argus-p1-kit-aromazerstaeuber\/","name":"Voopoo Argus P1 Kit Aromazerst\u00e4uber | ElementVape.de","isPartOf":{"@id":"https:\/\/www.elementvape.de\/#website"},"primaryImageOfPage":{"@id":"https:\/\/www.elementvape.de\/produkt\/voopoo-argus-p1-kit-aromazerstaeuber\/#primaryimage"},"image":{"@id":"https:\/\/www.elementvape.de\/produkt\/voopoo-argus-p1-kit-aromazerstaeuber\/#primaryimage"},"thumbnailUrl":"https:\/\/ae01.alicdn.com\/kf\/Sa7c42d84ca2748ffbae83df45e1a89d27\/Original-Voopoo-Argus-P1-Kit-20W-800mAh-Batterie-Vape-2ml-Argus-Pod-Patrone-0-7-Ohm.jpg","datePublished":"2024-04-20T07:05:08+00:00","dateModified":"2024-09-12T10:32:21+00:00","description":"Wir bieten Voopoo Argus P1 Kit Aromazerst\u00e4uber , Elementvape.de akzeptieren Gro\u00df-und Einzelhandel Bestellungen.","breadcrumb":{"@id":"https:\/\/www.elementvape.de\/produkt\/voopoo-argus-p1-kit-aromazerstaeuber\/#breadcrumb"},"inLanguage":"es","potentialAction":[{"@type":"ReadAction","target":["https:\/\/www.elementvape.de\/produkt\/voopoo-argus-p1-kit-aromazerstaeuber\/"]}]},{"@type":"ImageObject","inLanguage":"es","@id":"https:\/\/www.elementvape.de\/produkt\/voopoo-argus-p1-kit-aromazerstaeuber\/#primaryimage","url":"https:\/\/ae01.alicdn.com\/kf\/Sa7c42d84ca2748ffbae83df45e1a89d27\/Original-Voopoo-Argus-P1-Kit-20W-800mAh-Batterie-Vape-2ml-Argus-Pod-Patrone-0-7-Ohm.jpg","contentUrl":"https:\/\/ae01.alicdn.com\/kf\/Sa7c42d84ca2748ffbae83df45e1a89d27\/Original-Voopoo-Argus-P1-Kit-20W-800mAh-Batterie-Vape-2ml-Argus-Pod-Patrone-0-7-Ohm.jpg","width":800,"height":800},{"@type":"BreadcrumbList","@id":"https:\/\/www.elementvape.de\/produkt\/voopoo-argus-p1-kit-aromazerstaeuber\/#breadcrumb","itemListElement":[{"@type":"ListItem","position":1,"name":"Home","item":"https:\/\/www.elementvape.de\/"},{"@type":"ListItem","position":2,"name":"Shop","item":"https:\/\/www.elementvape.de\/shop\/"},{"@type":"ListItem","position":3,"name":"Voopoo Argus P1 Kit Aromazerst\u00e4uber"}]},{"@type":"WebSite","@id":"https:\/\/www.elementvape.de\/#website","url":"https:\/\/www.elementvape.de\/","name":"ElementVape.de","description":"","publisher":{"@id":"https:\/\/www.elementvape.de\/#organization"},"potentialAction":[{"@type":"SearchAction","target":{"@type":"EntryPoint","urlTemplate":"https:\/\/www.elementvape.de\/?s={search_term_string}"},"query-input":"required name=search_term_string"}],"inLanguage":"es"},{"@type":"Organization","@id":"https:\/\/www.elementvape.de\/#organization","name":"ElementVape.DE","url":"https:\/\/www.elementvape.de\/","logo":{"@type":"ImageObject","inLanguage":"es","@id":"https:\/\/www.elementvape.de\/#\/schema\/logo\/image\/","url":"https:\/\/www.elementvape.de\/wp-content\/uploads\/2024\/09\/cropped-1elementvape-3.png","contentUrl":"https:\/\/www.elementvape.de\/wp-content\/uploads\/2024\/09\/cropped-1elementvape-3.png","width":285,"height":228,"caption":"ElementVape.DE"},"image":{"@id":"https:\/\/www.elementvape.de\/#\/schema\/logo\/image\/"}}]}},"_links":{"self":[{"href":"https:\/\/www.elementvape.de\/es\/wp-json\/wp\/v2\/product\/7611"}],"collection":[{"href":"https:\/\/www.elementvape.de\/es\/wp-json\/wp\/v2\/product"}],"about":[{"href":"https:\/\/www.elementvape.de\/es\/wp-json\/wp\/v2\/types\/product"}],"wp:featuredmedia":[{"embeddable":true,"href":"https:\/\/www.elementvape.de\/es\/wp-json\/wp\/v2\/media\/7612"}],"wp:attachment":[{"href":"https:\/\/www.elementvape.de\/es\/wp-json\/wp\/v2\/media?parent=7611"}],"wp:term":[{"taxonomy":"product_cat","embeddable":true,"href":"https:\/\/www.elementvape.de\/es\/wp-json\/wp\/v2\/product_cat?post=7611"},{"taxonomy":"product_tag","embeddable":true,"href":"https:\/\/www.elementvape.de\/es\/wp-json\/wp\/v2\/product_tag?post=7611"}],"curies":[{"name":"wp","href":"https:\/\/api.w.org\/{rel}","templated":true}]}}