{"id":7308,"date":"2024-04-20T06:36:44","date_gmt":"2024-04-20T06:36:44","guid":{"rendered":"https:\/\/www.elementvape.de\/?post_type=product&#038;p=7308"},"modified":"2024-12-12T06:36:58","modified_gmt":"2024-12-12T06:36:58","slug":"vapor-esso-eco-nano-pod-kit-1000mah-e-zigarette","status":"publish","type":"product","link":"https:\/\/www.elementvape.de\/es\/produkt\/vapor-esso-eco-nano-pod-kit-1000mah-e-zigarette\/","title":{"rendered":"Kit de c\u00e1psulas Eco Nano Pod Vapor Esso 1000mAh"},"content":{"rendered":"<p>&nbsp;<\/p>\n<div class=\"product-specs-list-container\">\n<ul class=\"product-specs-list util-clearfix\">\n<li class=\"product-prop line-limit-length\"><span class=\"property-title\">Apariencia:\u00a0<\/span><span class=\"property-desc line-limit-length\">Forma de caja<\/span><\/li>\n<li class=\"product-prop line-limit-length\"><span class=\"property-title\">Funda de silicona:\u00a0<\/span><span class=\"property-desc line-limit-length\">No<\/span><\/li>\n<li class=\"product-prop line-limit-length\"><span class=\"property-title\">Regulaci\u00f3n de temperatura:\u00a0<\/span><span class=\"property-desc line-limit-length\">Ja<\/span><\/li>\n<li class=\"product-prop line-limit-length\"><span class=\"property-title\">Bater\u00eda incorporada o externa:\u00a0<\/span><span class=\"property-desc line-limit-length\">Incorporada<\/span><\/li>\n<li class=\"product-prop line-limit-length\"><span class=\"property-title\">Funci\u00f3n de protecci\u00f3n contra cortocircuitos:\u00a0<\/span><span class=\"property-desc line-limit-length\">Ja<\/span><\/li>\n<li class=\"product-prop line-limit-length\"><span class=\"property-title\">Funci\u00f3n de protecci\u00f3n contra sobrecalentamiento:\u00a0<\/span><span class=\"property-desc line-limit-length\">Ja<\/span><\/li>\n<li class=\"product-prop line-limit-length\"><span class=\"property-title\">Funci\u00f3n de alarma de bajo voltaje:\u00a0<\/span><span class=\"property-desc line-limit-length\">Ja<\/span><\/li>\n<li class=\"product-prop line-limit-length\"><span class=\"property-title\">Funci\u00f3n de identificaci\u00f3n del atomizador:\u00a0<\/span><span class=\"property-desc line-limit-length\">Ja<\/span><\/li>\n<li class=\"product-prop line-limit-length\"><span class=\"property-title\">Capacidad nominal:\u00a0<\/span><span class=\"property-desc line-limit-length\">1000mAh<\/span><\/li>\n<li class=\"product-prop line-limit-length\"><span class=\"property-title\">Material:\u00a0<\/span><span class=\"property-desc line-limit-length\">Metal<\/span><\/li>\n<li class=\"product-prop line-limit-length\"><span class=\"property-title\">Modelo compatible:\u00a0<\/span><span class=\"property-desc line-limit-length\">Vape de cigarrillo electr\u00f3nico<\/span><\/li>\n<li class=\"product-prop line-limit-length\"><span class=\"property-title\">N\u00famero de modelo:\u00a0<\/span><span class=\"property-desc line-limit-length\">Kit de Pods Vaporesso ECO Nano<\/span><\/li>\n<li class=\"product-prop line-limit-length\"><span class=\"property-title\">Cargador USB:\u00a0<\/span><span class=\"property-desc line-limit-length\">Ja<\/span><\/li>\n<li class=\"product-prop line-limit-length\"><span class=\"property-title\">Actualizaci\u00f3n de firmware:\u00a0<\/span><span class=\"property-desc line-limit-length\">Ja<\/span><\/li>\n<li class=\"product-prop line-limit-length\"><span class=\"property-title\">Pantalla:\u00a0<\/span><span class=\"property-desc line-limit-length\">No<\/span><\/li>\n<li class=\"product-prop line-limit-length\"><span class=\"property-title\">Tipo:\u00a0<\/span><span class=\"property-desc line-limit-length\">Con bater\u00eda<\/span><\/li>\n<li class=\"product-prop line-limit-length\"><span class=\"property-title\">Nombre de la marca:\u00a0<\/span><span class=\"property-desc line-limit-length\">vaporesso<\/span><\/li>\n<li class=\"product-prop line-limit-length\"><span class=\"property-title\">Origen:\u00a0<\/span><span class=\"property-desc line-limit-length\">CN (origen)<\/span><\/li>\n<\/ul>\n<\/div>\n<div class=\"detailmodule_html\">\n<div class=\"detail-desc-decorate-richtext\">\n<div class=\"detailmodule_text\">\n<p id=\"tl_1\" class=\"detail-desc-decorate-title\" style=\"font-family: OpenSans; font-size: 20px; font-weight: 900; line-height: 28px; margin-bottom: 12px;\">Kit de cigarrillo electr\u00f3nico Vapor esso Eco Nano Pod 1000mAh, cartucho vac\u00edo de 6ml, resistencia de 0,8 Ohm, Kit Vaporizer<\/p>\n<\/div>\n<div class=\"detailmodule_text\">\n<p id=\"tl_2\" class=\"detail-desc-decorate-title\" style=\"font-family: OpenSans; font-size: 20px; font-weight: 900; line-height: 28px; margin-bottom: 12px;\">Descripci\u00f3n del vapor esso eco nano kit:<\/p>\n<p id=\"tl_3\" class=\"detail-desc-decorate-content\" style=\"font-family: OpenSans; font-size: 14px; font-weight: 300; line-height: 20px; margin-bottom: 12px;\">El eco nano kit es un pod recargable y rellenable, que es una alternativa mucho m\u00e1s econ\u00f3mica a los art\u00edculos desechables, es un vapeador de pods mensual definitivo, ideal para principiantes. Puede proporcionar 13000 caladas. Con un solo pod de capacidad de 6 ml, puede disfrutar de m\u00e1s caladas y per\u00edodos m\u00e1s largos sin necesidad de recargas frecuentes. Adem\u00e1s, el eco nano puede garantizar un rendimiento duradero con una bater\u00eda potente de 1000mAh. Eco nano cuenta con tecnolog\u00eda sss y corex calefacci\u00f3n, que ofrecen un calentamiento m\u00e1s r\u00e1pido y uniforme, y prolongan la vida \u00fatil de las c\u00e1psulas hasta 50%. Vapor esso eco nano est\u00e1 empaquetado con material de embalaje ecol\u00f3gico para reducir la contaminaci\u00f3n pl\u00e1stica.<\/p>\n<\/div>\n<div class=\"detailmodule_text\">\n<p id=\"tl_4\" class=\"detail-desc-decorate-title\" style=\"font-family: OpenSans; font-size: 20px; font-weight: 900; line-height: 28px; margin-bottom: 12px;\">Par\u00e1metros del kit de pod vapor esso eco nano:<\/p>\n<p id=\"tl_5\" class=\"detail-desc-decorate-content\" style=\"font-family: OpenSans; font-size: 14px; font-weight: 300; line-height: 20px; margin-bottom: 12px;\">Marca: vaporesso<br \/>\nNombre del producto: eco nano kit<br \/>\nDimensiones: \u03a644.7*18*77mm<br \/>\nCapacidad del pod: 6ml<br \/>\nResistencia del pod: 0,8 Ohm \/ 1,2 Ohm<br \/>\nCapacidad de la bater\u00eda: 1000mAh<br \/>\nCarga: Tipo-C, 1A<br \/>\nCaladas: 13000 caladas<\/p>\n<\/div>\n<div class=\"detailmodule_text\">\n<p id=\"tl_6\" class=\"detail-desc-decorate-title\" style=\"font-family: OpenSans; font-size: 20px; font-weight: 900; line-height: 28px; margin-bottom: 12px;\">Detalles del vapor esso eco nano:<\/p>\n<p id=\"tl_7\" class=\"detail-desc-decorate-content\" style=\"font-family: OpenSans; font-size: 14px; font-weight: 300; line-height: 20px; margin-bottom: 12px;\">1. Un sistema de pods mensual definitivo, ideal para principiantes<br \/>\n2. Capacidad duradera del pod de 6ml<br \/>\n3. Capacidad duradera de la bater\u00eda de 1000mAh<br \/>\n4. Tecnolog\u00eda sss, tecnolog\u00eda de calefacci\u00f3n corex<br \/>\n5. Embalaje ecol\u00f3gico<br \/>\n6. Vitalidad en un dise\u00f1o port\u00e1til<br \/>\n7. 13000 caladas, una recarga para m\u00e1s caladas<\/p>\n<\/div>\n<div class=\"detailmodule_text\">\n<p id=\"tl_8\" class=\"detail-desc-decorate-title\" style=\"font-family: OpenSans; font-size: 20px; font-weight: 900; line-height: 28px; margin-bottom: 12px;\">El paquete del eco nano pod kit incluye:<\/p>\n<p id=\"tl_9\" class=\"detail-desc-decorate-content\" style=\"font-family: OpenSans; font-size: 14px; font-weight: 300; line-height: 20px; margin-bottom: 12px;\">1 * bater\u00eda vapor esso eco nano<br \/>\n1 * Pod vapor esso eco nano de 0,8 Ohm, 6ml<br \/>\n1 * manual de usuario<\/p>\n<\/div>\n<div class=\"detailmodule_image\"><img decoding=\"async\" loading=\"lazy\" class=\"detail-desc-decorate-image\" src=\"https:\/\/ae01.alicdn.com\/kf\/S05a3c61aac95494a81408a1d47d09ff5z.jpg\" \/><br \/>\n<img decoding=\"async\" loading=\"lazy\" class=\"detail-desc-decorate-image\" src=\"https:\/\/ae01.alicdn.com\/kf\/Sf1779ec602104cc0938338e417ef8b4fR.jpg\" \/><br \/>\n<img decoding=\"async\" loading=\"lazy\" class=\"detail-desc-decorate-image\" src=\"https:\/\/ae01.alicdn.com\/kf\/S0ff1af0daa0f400492cc555ac98ab8b3l.jpg\" \/><br \/>\n<img decoding=\"async\" loading=\"lazy\" class=\"detail-desc-decorate-image\" src=\"https:\/\/ae01.alicdn.com\/kf\/S72ebf2c3f12e45f6b95759bb7b3b114aE.jpg\" \/><br \/>\n<img decoding=\"async\" loading=\"lazy\" class=\"detail-desc-decorate-image\" src=\"https:\/\/ae01.alicdn.com\/kf\/Se20e1d4a4c304180ad34567841ca6761L.jpg\" \/><br \/>\n<img decoding=\"async\" loading=\"lazy\" class=\"detail-desc-decorate-image\" src=\"https:\/\/ae01.alicdn.com\/kf\/S022cc17cec8f4997be1b04e8ce288b0cO.jpg\" \/><\/div>\n<div class=\"detailmodule_image\"><img decoding=\"async\" loading=\"lazy\" class=\"detail-desc-decorate-image\" src=\"https:\/\/ae01.alicdn.com\/kf\/Sec5c6dcf5a6142078bd40bd5566974ebi.jpg\" \/><br \/>\n<img decoding=\"async\" loading=\"lazy\" class=\"detail-desc-decorate-image\" src=\"https:\/\/ae01.alicdn.com\/kf\/S144d4b32e9fc4e6e90dc029205ce7397C.jpg\" \/><br \/>\n<img decoding=\"async\" loading=\"lazy\" class=\"detail-desc-decorate-image\" src=\"https:\/\/ae01.alicdn.com\/kf\/Se13b04072c1749b3b08c9b92fe6474d2L.jpg\" \/><br \/>\n<img decoding=\"async\" loading=\"lazy\" class=\"detail-desc-decorate-image\" src=\"https:\/\/ae01.alicdn.com\/kf\/S52542f60ff0d42e7acf07344c727f62ep.jpg\" \/><br \/>\n<img decoding=\"async\" loading=\"lazy\" class=\"detail-desc-decorate-image\" src=\"https:\/\/ae01.alicdn.com\/kf\/Sdeb06e216f044eb38db253f8f6a76513d.jpg\" \/><br \/>\n<img decoding=\"async\" loading=\"lazy\" class=\"detail-desc-decorate-image\" src=\"https:\/\/ae01.alicdn.com\/kf\/Sfbdcf0988cca43e79581e90b5eaad0d2A.jpg\" \/><\/div>\n<p>&nbsp;<\/p>\n<\/div>\n<\/div>","protected":false},"excerpt":{"rendered":"<p>&nbsp; Aussehen:\u00a0Box Form Silikon Fall:\u00a0Nein Temperaturregelung:\u00a0Ja Eingebaute Oder Externe Batterie:\u00a0Eingebaute Kurzschlussschutz Funktion:\u00a0Ja \u00dcberhitzungsschutz-funktion:\u00a0Ja Niederspannungsalarmfunktion:\u00a0Ja Zerst\u00e4uber Identifikation Funktion:\u00a0Ja Nominale Kapazit\u00e4t:\u00a01000mAh Material:\u00a0Metall Compatible Model:\u00a0Electronic Cigarette Vape Modellnummer:\u00a0Vaporesso ECO Nano Pod Kit Usb-ladeger\u00e4t:\u00a0Ja Firmware-upgrade:\u00a0Ja Display:\u00a0Nein Art:\u00a0Mit Batterie Markenname:\u00a0vaporesso Ursprung:\u00a0CN (Herkunft) Original Vapor esso Eco Nano Pod Kit 1000mAh elektronische Zigarette Vape 6ml leere Patrone 0,8 Ohm Orex Heizung [&hellip;]<\/p>","protected":false},"featured_media":7309,"template":"","meta":{"inline_featured_image":false},"product_cat":[78,750,737,736,749,76,81],"product_tag":[],"tiered_pricing_type":"fixed","tiered_pricing_fixed_rules":[],"tiered_pricing_percentage_rules":[],"tiered_pricing_minimum":1,"_administrator_tiered_pricing_type":"fixed","_administrator_tiered_pricing_fixed_rules":[],"_editor_tiered_pricing_type":"fixed","_editor_tiered_pricing_fixed_rules":[],"_author_tiered_pricing_type":"fixed","_author_tiered_pricing_fixed_rules":[],"_contributor_tiered_pricing_type":"fixed","_contributor_tiered_pricing_fixed_rules":[],"_subscriber_tiered_pricing_type":"fixed","_subscriber_tiered_pricing_fixed_rules":[],"_customer_tiered_pricing_type":"fixed","_customer_tiered_pricing_fixed_rules":[],"_shop_manager_tiered_pricing_type":"fixed","_shop_manager_tiered_pricing_fixed_rules":[],"_wpseo_manager_tiered_pricing_type":"fixed","_wpseo_manager_tiered_pricing_fixed_rules":[],"_wpseo_editor_tiered_pricing_type":"fixed","_wpseo_editor_tiered_pricing_fixed_rules":[],"_wholesale_customer_tiered_pricing_type":"fixed","_wholesale_customer_tiered_pricing_fixed_rules":[],"_marketer_tiered_pricing_type":"fixed","_marketer_tiered_pricing_fixed_rules":[],"_sales_manager_tiered_pricing_type":"fixed","_sales_manager_tiered_pricing_fixed_rules":[],"_sales_rep_tiered_pricing_type":"fixed","_sales_rep_tiered_pricing_fixed_rules":[],"yoast_head":"<!-- This site is optimized with the Yoast SEO plugin v23.3 - https:\/\/yoast.com\/wordpress\/plugins\/seo\/ -->\n<title>Vapor esso Eco Nano Pod Kit 1000mAh E-Zigarette | ElementVape.de<\/title>\n<meta name=\"description\" content=\"Wir bieten Vapor esso Eco Nano Pod Kit 1000mAh E-Zigarette , Elementvape.de akzeptieren Gro\u00df-und Einzelhandel Bestellungen.\" \/>\n<meta name=\"robots\" content=\"index, follow, max-snippet:-1, max-image-preview:large, max-video-preview:-1\" \/>\n<link rel=\"canonical\" href=\"https:\/\/www.elementvape.de\/es\/produkt\/vapor-esso-eco-nano-pod-kit-1000mah-e-zigarette\/\" \/>\n<meta property=\"og:locale\" content=\"es_ES\" \/>\n<meta property=\"og:type\" content=\"article\" \/>\n<meta property=\"og:title\" content=\"Vapor esso Eco Nano Pod Kit 1000mAh E-Zigarette | ElementVape.de\" \/>\n<meta property=\"og:description\" content=\"Wir bieten Vapor esso Eco Nano Pod Kit 1000mAh E-Zigarette , Elementvape.de akzeptieren Gro\u00df-und Einzelhandel Bestellungen.\" \/>\n<meta property=\"og:url\" content=\"https:\/\/www.elementvape.de\/es\/produkt\/vapor-esso-eco-nano-pod-kit-1000mah-e-zigarette\/\" \/>\n<meta property=\"og:site_name\" content=\"ElementVape.de\" \/>\n<meta property=\"article:modified_time\" content=\"2024-12-12T06:36:58+00:00\" \/>\n<meta property=\"og:image\" content=\"https:\/\/ae01.alicdn.com\/kf\/Se394474cfff643ff9c1ecc4e0ba6ed4a8\/Original-Vapor-esso-Eco-Nano-Pod-Kit-1000mAh-elektronische-Zigarette-Vape-6ml-leere-Patrone-0-8.jpg\" \/>\n\t<meta property=\"og:image:width\" content=\"800\" \/>\n\t<meta property=\"og:image:height\" content=\"800\" \/>\n\t<meta property=\"og:image:type\" content=\"image\/jpeg\" \/>\n<meta name=\"twitter:card\" content=\"summary_large_image\" \/>\n<meta name=\"twitter:label1\" content=\"Est. reading time\" \/>\n\t<meta name=\"twitter:data1\" content=\"5 minutos\" \/>\n<script type=\"application\/ld+json\" class=\"yoast-schema-graph\">{\"@context\":\"https:\/\/schema.org\",\"@graph\":[{\"@type\":\"WebPage\",\"@id\":\"https:\/\/www.elementvape.de\/produkt\/vapor-esso-eco-nano-pod-kit-1000mah-e-zigarette\/\",\"url\":\"https:\/\/www.elementvape.de\/produkt\/vapor-esso-eco-nano-pod-kit-1000mah-e-zigarette\/\",\"name\":\"Vapor esso Eco Nano Pod Kit 1000mAh E-Zigarette | ElementVape.de\",\"isPartOf\":{\"@id\":\"https:\/\/www.elementvape.de\/#website\"},\"primaryImageOfPage\":{\"@id\":\"https:\/\/www.elementvape.de\/produkt\/vapor-esso-eco-nano-pod-kit-1000mah-e-zigarette\/#primaryimage\"},\"image\":{\"@id\":\"https:\/\/www.elementvape.de\/produkt\/vapor-esso-eco-nano-pod-kit-1000mah-e-zigarette\/#primaryimage\"},\"thumbnailUrl\":\"https:\/\/ae01.alicdn.com\/kf\/Se394474cfff643ff9c1ecc4e0ba6ed4a8\/Original-Vapor-esso-Eco-Nano-Pod-Kit-1000mAh-elektronische-Zigarette-Vape-6ml-leere-Patrone-0-8.jpg\",\"datePublished\":\"2024-04-20T06:36:44+00:00\",\"dateModified\":\"2024-12-12T06:36:58+00:00\",\"description\":\"Wir bieten Vapor esso Eco Nano Pod Kit 1000mAh E-Zigarette , Elementvape.de akzeptieren Gro\u00df-und Einzelhandel Bestellungen.\",\"breadcrumb\":{\"@id\":\"https:\/\/www.elementvape.de\/produkt\/vapor-esso-eco-nano-pod-kit-1000mah-e-zigarette\/#breadcrumb\"},\"inLanguage\":\"es\",\"potentialAction\":[{\"@type\":\"ReadAction\",\"target\":[\"https:\/\/www.elementvape.de\/produkt\/vapor-esso-eco-nano-pod-kit-1000mah-e-zigarette\/\"]}]},{\"@type\":\"ImageObject\",\"inLanguage\":\"es\",\"@id\":\"https:\/\/www.elementvape.de\/produkt\/vapor-esso-eco-nano-pod-kit-1000mah-e-zigarette\/#primaryimage\",\"url\":\"https:\/\/ae01.alicdn.com\/kf\/Se394474cfff643ff9c1ecc4e0ba6ed4a8\/Original-Vapor-esso-Eco-Nano-Pod-Kit-1000mAh-elektronische-Zigarette-Vape-6ml-leere-Patrone-0-8.jpg\",\"contentUrl\":\"https:\/\/ae01.alicdn.com\/kf\/Se394474cfff643ff9c1ecc4e0ba6ed4a8\/Original-Vapor-esso-Eco-Nano-Pod-Kit-1000mAh-elektronische-Zigarette-Vape-6ml-leere-Patrone-0-8.jpg\",\"width\":800,\"height\":800},{\"@type\":\"BreadcrumbList\",\"@id\":\"https:\/\/www.elementvape.de\/produkt\/vapor-esso-eco-nano-pod-kit-1000mah-e-zigarette\/#breadcrumb\",\"itemListElement\":[{\"@type\":\"ListItem\",\"position\":1,\"name\":\"Home\",\"item\":\"https:\/\/www.elementvape.de\/\"},{\"@type\":\"ListItem\",\"position\":2,\"name\":\"Shop\",\"item\":\"https:\/\/www.elementvape.de\/shop\/\"},{\"@type\":\"ListItem\",\"position\":3,\"name\":\"Vapor esso Eco Nano Pod Kit 1000mAh E-Zigarette\"}]},{\"@type\":\"WebSite\",\"@id\":\"https:\/\/www.elementvape.de\/#website\",\"url\":\"https:\/\/www.elementvape.de\/\",\"name\":\"ElementVape.de\",\"description\":\"\",\"publisher\":{\"@id\":\"https:\/\/www.elementvape.de\/#organization\"},\"potentialAction\":[{\"@type\":\"SearchAction\",\"target\":{\"@type\":\"EntryPoint\",\"urlTemplate\":\"https:\/\/www.elementvape.de\/?s={search_term_string}\"},\"query-input\":\"required name=search_term_string\"}],\"inLanguage\":\"es\"},{\"@type\":\"Organization\",\"@id\":\"https:\/\/www.elementvape.de\/#organization\",\"name\":\"ElementVape.DE\",\"url\":\"https:\/\/www.elementvape.de\/\",\"logo\":{\"@type\":\"ImageObject\",\"inLanguage\":\"es\",\"@id\":\"https:\/\/www.elementvape.de\/#\/schema\/logo\/image\/\",\"url\":\"https:\/\/www.elementvape.de\/wp-content\/uploads\/2024\/09\/cropped-1elementvape-3.png\",\"contentUrl\":\"https:\/\/www.elementvape.de\/wp-content\/uploads\/2024\/09\/cropped-1elementvape-3.png\",\"width\":285,\"height\":228,\"caption\":\"ElementVape.DE\"},\"image\":{\"@id\":\"https:\/\/www.elementvape.de\/#\/schema\/logo\/image\/\"}}]}<\/script>\n<!-- \/ Yoast SEO plugin. -->","yoast_head_json":{"title":"Vapor esso Eco Nano Pod Kit 1000mAh E-Zigarette | ElementVape.de","description":"Wir bieten Vapor esso Eco Nano Pod Kit 1000mAh E-Zigarette , Elementvape.de akzeptieren Gro\u00df-und Einzelhandel Bestellungen.","robots":{"index":"index","follow":"follow","max-snippet":"max-snippet:-1","max-image-preview":"max-image-preview:large","max-video-preview":"max-video-preview:-1"},"canonical":"https:\/\/www.elementvape.de\/es\/produkt\/vapor-esso-eco-nano-pod-kit-1000mah-e-zigarette\/","og_locale":"es_ES","og_type":"article","og_title":"Vapor esso Eco Nano Pod Kit 1000mAh E-Zigarette | ElementVape.de","og_description":"Wir bieten Vapor esso Eco Nano Pod Kit 1000mAh E-Zigarette , Elementvape.de akzeptieren Gro\u00df-und Einzelhandel Bestellungen.","og_url":"https:\/\/www.elementvape.de\/es\/produkt\/vapor-esso-eco-nano-pod-kit-1000mah-e-zigarette\/","og_site_name":"ElementVape.de","article_modified_time":"2024-12-12T06:36:58+00:00","og_image":[{"width":800,"height":800,"url":"https:\/\/ae01.alicdn.com\/kf\/Se394474cfff643ff9c1ecc4e0ba6ed4a8\/Original-Vapor-esso-Eco-Nano-Pod-Kit-1000mAh-elektronische-Zigarette-Vape-6ml-leere-Patrone-0-8.jpg","type":"image\/jpeg"}],"twitter_card":"summary_large_image","twitter_misc":{"Est. reading time":"5 minutos"},"schema":{"@context":"https:\/\/schema.org","@graph":[{"@type":"WebPage","@id":"https:\/\/www.elementvape.de\/produkt\/vapor-esso-eco-nano-pod-kit-1000mah-e-zigarette\/","url":"https:\/\/www.elementvape.de\/produkt\/vapor-esso-eco-nano-pod-kit-1000mah-e-zigarette\/","name":"Vapor esso Eco Nano Pod Kit 1000mAh E-Zigarette | ElementVape.de","isPartOf":{"@id":"https:\/\/www.elementvape.de\/#website"},"primaryImageOfPage":{"@id":"https:\/\/www.elementvape.de\/produkt\/vapor-esso-eco-nano-pod-kit-1000mah-e-zigarette\/#primaryimage"},"image":{"@id":"https:\/\/www.elementvape.de\/produkt\/vapor-esso-eco-nano-pod-kit-1000mah-e-zigarette\/#primaryimage"},"thumbnailUrl":"https:\/\/ae01.alicdn.com\/kf\/Se394474cfff643ff9c1ecc4e0ba6ed4a8\/Original-Vapor-esso-Eco-Nano-Pod-Kit-1000mAh-elektronische-Zigarette-Vape-6ml-leere-Patrone-0-8.jpg","datePublished":"2024-04-20T06:36:44+00:00","dateModified":"2024-12-12T06:36:58+00:00","description":"Wir bieten Vapor esso Eco Nano Pod Kit 1000mAh E-Zigarette , Elementvape.de akzeptieren Gro\u00df-und Einzelhandel Bestellungen.","breadcrumb":{"@id":"https:\/\/www.elementvape.de\/produkt\/vapor-esso-eco-nano-pod-kit-1000mah-e-zigarette\/#breadcrumb"},"inLanguage":"es","potentialAction":[{"@type":"ReadAction","target":["https:\/\/www.elementvape.de\/produkt\/vapor-esso-eco-nano-pod-kit-1000mah-e-zigarette\/"]}]},{"@type":"ImageObject","inLanguage":"es","@id":"https:\/\/www.elementvape.de\/produkt\/vapor-esso-eco-nano-pod-kit-1000mah-e-zigarette\/#primaryimage","url":"https:\/\/ae01.alicdn.com\/kf\/Se394474cfff643ff9c1ecc4e0ba6ed4a8\/Original-Vapor-esso-Eco-Nano-Pod-Kit-1000mAh-elektronische-Zigarette-Vape-6ml-leere-Patrone-0-8.jpg","contentUrl":"https:\/\/ae01.alicdn.com\/kf\/Se394474cfff643ff9c1ecc4e0ba6ed4a8\/Original-Vapor-esso-Eco-Nano-Pod-Kit-1000mAh-elektronische-Zigarette-Vape-6ml-leere-Patrone-0-8.jpg","width":800,"height":800},{"@type":"BreadcrumbList","@id":"https:\/\/www.elementvape.de\/produkt\/vapor-esso-eco-nano-pod-kit-1000mah-e-zigarette\/#breadcrumb","itemListElement":[{"@type":"ListItem","position":1,"name":"Home","item":"https:\/\/www.elementvape.de\/"},{"@type":"ListItem","position":2,"name":"Shop","item":"https:\/\/www.elementvape.de\/shop\/"},{"@type":"ListItem","position":3,"name":"Vapor esso Eco Nano Pod Kit 1000mAh E-Zigarette"}]},{"@type":"WebSite","@id":"https:\/\/www.elementvape.de\/#website","url":"https:\/\/www.elementvape.de\/","name":"ElementVape.de","description":"","publisher":{"@id":"https:\/\/www.elementvape.de\/#organization"},"potentialAction":[{"@type":"SearchAction","target":{"@type":"EntryPoint","urlTemplate":"https:\/\/www.elementvape.de\/?s={search_term_string}"},"query-input":"required name=search_term_string"}],"inLanguage":"es"},{"@type":"Organization","@id":"https:\/\/www.elementvape.de\/#organization","name":"ElementVape.DE","url":"https:\/\/www.elementvape.de\/","logo":{"@type":"ImageObject","inLanguage":"es","@id":"https:\/\/www.elementvape.de\/#\/schema\/logo\/image\/","url":"https:\/\/www.elementvape.de\/wp-content\/uploads\/2024\/09\/cropped-1elementvape-3.png","contentUrl":"https:\/\/www.elementvape.de\/wp-content\/uploads\/2024\/09\/cropped-1elementvape-3.png","width":285,"height":228,"caption":"ElementVape.DE"},"image":{"@id":"https:\/\/www.elementvape.de\/#\/schema\/logo\/image\/"}}]}},"_links":{"self":[{"href":"https:\/\/www.elementvape.de\/es\/wp-json\/wp\/v2\/product\/7308"}],"collection":[{"href":"https:\/\/www.elementvape.de\/es\/wp-json\/wp\/v2\/product"}],"about":[{"href":"https:\/\/www.elementvape.de\/es\/wp-json\/wp\/v2\/types\/product"}],"wp:featuredmedia":[{"embeddable":true,"href":"https:\/\/www.elementvape.de\/es\/wp-json\/wp\/v2\/media\/7309"}],"wp:attachment":[{"href":"https:\/\/www.elementvape.de\/es\/wp-json\/wp\/v2\/media?parent=7308"}],"wp:term":[{"taxonomy":"product_cat","embeddable":true,"href":"https:\/\/www.elementvape.de\/es\/wp-json\/wp\/v2\/product_cat?post=7308"},{"taxonomy":"product_tag","embeddable":true,"href":"https:\/\/www.elementvape.de\/es\/wp-json\/wp\/v2\/product_tag?post=7308"}],"curies":[{"name":"wp","href":"https:\/\/api.w.org\/{rel}","templated":true}]}}