{"id":7167,"date":"2024-04-20T06:31:37","date_gmt":"2024-04-20T06:31:37","guid":{"rendered":"https:\/\/www.elementvape.de\/?post_type=product&#038;p=7167"},"modified":"2024-12-12T06:37:06","modified_gmt":"2024-12-12T06:37:06","slug":"sc4-vape-pen-380mah-batterie-leer-pod-vape-starter-kits","status":"publish","type":"product","link":"https:\/\/www.elementvape.de\/es\/produkt\/sc4-vape-pen-380mah-batterie-leer-pod-vape-starter-kits\/","title":{"rendered":"Kit de inicio de vaporizadores SC4 Vape Pen con bater\u00eda de 380mAh y pods vac\u00edos"},"content":{"rendered":"<p>&nbsp;<\/p>\n<div class=\"product-specs-list-container\">\n<ul class=\"product-specs-list util-clearfix\">\n<li class=\"product-prop line-limit-length\"><span class=\"property-title\">Apariencia:\u00a0<\/span><span class=\"property-desc line-limit-length\">Forma cil\u00edndrica<\/span><\/li>\n<li class=\"product-prop line-limit-length\"><span class=\"property-title\">Bater\u00eda compatible:\u00a0<\/span><span class=\"property-desc line-limit-length\">18650<\/span><\/li>\n<li class=\"product-prop line-limit-length\"><span class=\"property-title\">Funci\u00f3n de monitoreo de la cantidad de humo:\u00a0<\/span><span class=\"property-desc line-limit-length\">No<\/span><\/li>\n<li class=\"product-prop line-limit-length\"><span class=\"property-title\">Funda de silicona:\u00a0<\/span><span class=\"property-desc line-limit-length\">No<\/span><\/li>\n<li class=\"product-prop line-limit-length\"><span class=\"property-title\">Regulaci\u00f3n de temperatura:\u00a0<\/span><span class=\"property-desc line-limit-length\">No<\/span><\/li>\n<li class=\"product-prop line-limit-length\"><span class=\"property-title\">Bater\u00eda incorporada o externa:\u00a0<\/span><span class=\"property-desc line-limit-length\">Incorporada<\/span><\/li>\n<li class=\"product-prop line-limit-length\"><span class=\"property-title\">Funci\u00f3n de protecci\u00f3n contra cortocircuitos:\u00a0<\/span><span class=\"property-desc line-limit-length\">Ja<\/span><\/li>\n<li class=\"product-prop line-limit-length\"><span class=\"property-title\">Funci\u00f3n de protecci\u00f3n contra sobrecalentamiento:\u00a0<\/span><span class=\"property-desc line-limit-length\">No<\/span><\/li>\n<li class=\"product-prop line-limit-length\"><span class=\"property-title\">Funci\u00f3n de alarma de bajo voltaje:\u00a0<\/span><span class=\"property-desc line-limit-length\">No<\/span><\/li>\n<li class=\"product-prop line-limit-length\"><span class=\"property-title\">Funci\u00f3n de identificaci\u00f3n del atomizador:\u00a0<\/span><span class=\"property-desc line-limit-length\">No<\/span><\/li>\n<li class=\"product-prop line-limit-length\"><span class=\"property-title\">Modos de ajuste TCR:\u00a0<\/span><span class=\"property-desc line-limit-length\">No<\/span><\/li>\n<li class=\"product-prop line-limit-length\"><span class=\"property-title\">Capacidad nominal:\u00a0<\/span><span class=\"property-desc line-limit-length\">&lt;700 mAh<\/span><\/li>\n<li class=\"product-prop line-limit-length\"><span class=\"property-title\">Material:\u00a0<\/span><span class=\"property-desc line-limit-length\">Metal<\/span><\/li>\n<li class=\"product-prop line-limit-length\"><span class=\"property-title\">Modelo compatible:\u00a0<\/span><span class=\"property-desc line-limit-length\">aceite espeso<\/span><\/li>\n<li class=\"product-prop line-limit-length\"><span class=\"property-title\">N\u00famero de modelo:\u00a0<\/span><span class=\"property-desc line-limit-length\">Bater\u00eda de vaporizador H20<\/span><\/li>\n<li class=\"product-prop line-limit-length\"><span class=\"property-title\">Cargador USB:\u00a0<\/span><span class=\"property-desc line-limit-length\">Ja<\/span><\/li>\n<li class=\"product-prop line-limit-length\"><span class=\"property-title\">Actualizaci\u00f3n de firmware:\u00a0<\/span><span class=\"property-desc line-limit-length\">No<\/span><\/li>\n<li class=\"product-prop line-limit-length\"><span class=\"property-title\">Pantalla:\u00a0<\/span><span class=\"property-desc line-limit-length\">No<\/span><\/li>\n<li class=\"product-prop line-limit-length\"><span class=\"property-title\">Tipo:\u00a0<\/span><span class=\"property-desc line-limit-length\">desechable<\/span><\/li>\n<li class=\"product-prop line-limit-length\"><span class=\"property-title\">Nombre de la marca:\u00a0<\/span><span class=\"property-desc line-limit-length\">SUB TWO<\/span><\/li>\n<li class=\"product-prop line-limit-length\"><span class=\"property-title\">Origen:\u00a0<\/span><span class=\"property-desc line-limit-length\">CN (origen)<\/span><\/li>\n<li class=\"product-prop line-limit-length\"><span class=\"property-title\">capacidad de la bater\u00eda:\u00a0<\/span><span class=\"property-desc line-limit-length\">E cigarrillo sc4 Vape Pen 380mAh bater\u00eda recargable bater\u00eda vac\u00eda de pod kits de inicio de vapeo con conexi\u00f3n USB para cartuchos de aceite grueso\\n\\nEspecificaciones:\\nTama\u00f1o: 4,6x0,8x0,8 pulgadas (11,5x20x20mm) tama\u00f1o m\u00e1ximo del atomizador: di\u00e1metro mm, longitud 59mm\\nCapacidad de la bater\u00eda: 320mAh\\nVoltaje: 3,0 V\/3,8 V (precalentamiento a 1,8 V)\\nCarga: USB-C\\nValor de resistencia del atomizador: 1,0-2,0 \u03a9\\nEncendido\/Apagado:\\nTire r\u00e1pidamente y succione 5 veces para encender o apagar la alimentaci\u00f3n.\\nLa luz parpadea una vez.\\nPrecalentamiento:\\nTire r\u00e1pidamente (dentro de 1,5 segundos) dos veces para activar la funci\u00f3n de precalentamiento.\\nCambiar configuraciones de voltaje:\\nTire r\u00e1pidamente (dentro de 1,5 segundos) 3 veces desde la boquilla para cambiar la configuraci\u00f3n.\\nLuz verde: 3,0 V, luz roja: 3,8 V\\nCarga:\\nLuz roja: cargando\\nLuz verde: cargado\\nBater\u00eda baja:\\nLa luz roja parpadea 10 veces para recordar al usuario que la bater\u00eda est\u00e1 d\u00e9bil y luego entra en modo de espera.\\nCargar antes de continuar usando.\\nFunci\u00f3n de protecci\u00f3n:\\nProtecci\u00f3n de duraci\u00f3n de la bater\u00eda\/cartucho de tinta: despu\u00e9s de 10 segundos de uso continuo, la luz roja se enciende.\\nParpadeo 4 veces, se activa el apagado autom\u00e1tico del cigarrillo electr\u00f3nico, apagando el calor (pero no la alimentaci\u00f3n).\\nProtecci\u00f3n contra sobretensi\u00f3n\/cortocircuito: la luz roja parpadea tres veces y el dispositivo se apaga completamente.<\/span><\/li>\n<li class=\"product-prop line-limit-length\"><span class=\"property-title\">capacidad del cartucho:\u00a0<\/span><span class=\"property-desc line-limit-length\">E cigarrillo sc4 Vape Pen 380mAh bater\u00eda recargable bater\u00eda vac\u00eda de pod kits de inicio de vapeo con conexi\u00f3n USB para cartuchos de aceite grueso\\n\\nEspecificaciones:\\nTama\u00f1o: 4,6x0,8x0,8 pulgadas (11,5x20x20mm) tama\u00f1o m\u00e1ximo del atomizador: di\u00e1metro mm, longitud 59mm\\nCapacidad de la bater\u00eda: 320mAh\\nVoltaje: 3,0 V\/3,8 V (precalentamiento a 1,8 V)\\nCarga: USB-C\\nValor de resistencia del atomizador: 1,0-2,0 \u03a9\\nEncendido\/Apagado:\\nTire r\u00e1pidamente y succione 5 veces para encender o apagar la alimentaci\u00f3n.\\nLa luz parpadea una vez.\\nPrecalentamiento:\\nTire r\u00e1pidamente (dentro de 1,5 segundos) dos veces para activar la funci\u00f3n de precalentamiento.\\nCambiar configuraciones de voltaje:\\nTire r\u00e1pidamente (dentro de 1,5 segundos) 3 veces desde la boquilla para cambiar la configuraci\u00f3n.\\nLuz verde: 3,0 V, luz roja: 3,8 V\\nCarga:\\nLuz roja: cargando\\nLuz verde: cargado\\nBater\u00eda baja:\\nLa luz roja parpadea 10 veces para recordar al usuario que la bater\u00eda est\u00e1 d\u00e9bil y luego entra en modo de espera.\\nCargar antes de continuar usando.\\nFunci\u00f3n de protecci\u00f3n:\\nProtecci\u00f3n de duraci\u00f3n de la bater\u00eda\/cartucho de tinta: despu\u00e9s de 10 segundos de uso continuo, la luz roja se enciende.\\nParpadeo 4 veces, se activa el apagado autom\u00e1tico del cigarrillo electr\u00f3nico, apagando el calor (pero no la alimentaci\u00f3n).\\nProtecci\u00f3n contra sobretensi\u00f3n\/cortocircuito: la luz roja parpadea tres veces y el dispositivo se apaga completamente.<\/span><\/li>\n<li class=\"product-prop line-limit-length\"><span class=\"property-title\">Usar para:\u00a0<\/span><span class=\"property-desc line-limit-length\">aceite espeso<\/span><\/li>\n<li class=\"product-prop line-limit-length\"><span class=\"property-title\">agujeros:\u00a0<\/span><span class=\"property-desc line-limit-length\">400mAh<\/span><\/li>\n<li class=\"product-prop line-limit-length\"><span class=\"property-title\">resistencia:\u00a0<\/span><span class=\"property-desc line-limit-length\">1.2ohm<\/span><\/li>\n<\/ul>\n<\/div>\n<div class=\"detailmodule_html\">\n<div class=\"detail-desc-decorate-richtext\">\n<div>\n<div>\n<div style=\"text-align: center;\" align=\"center\">\n<p><span id=\"tl_1\" style=\"font-size: 20px;\"><br \/>\nE cigarrillo sc4 vaporizador de bol\u00edgrafo 380mah bater\u00eda recargable cartucho vac\u00edo kits de inicio de vaporizador conector USB para cartuchos de aceite grueso<\/span><\/p>\n<\/div>\n<div>\n<p style=\"font-family: ns-r; font-size: 12px; font-weight: 400; letter-spacing: normal; text-align: start; margin: 0px 0px 15px 0px; padding: 0px 0px 10px 0px; width: 920px; height: auto;\" align=\"start\"><span id=\"tl_2\" style=\"font-size: 16px; font-family: ns-r;\">Especificaciones:<br \/>\nTama\u00f1o: 4,6\u00d70,8\u00d70,8 pulgadas (11,5x20x20mm) tama\u00f1o m\u00e1ximo del atomizador: di\u00e1metro mm, 59mm de longitud<br \/>\nCapacidad de la bater\u00eda: 320mah<br \/>\nVoltaje: 3,0 V\/3,8 V (1,8 V de precalentamiento) Carga: USB-C<br \/>\nValor de resistencia del atomizador: 1,0-2,0 \u03a9<br \/>\nEncendido\/apagado:<br \/>\nTira r\u00e1pidamente y succiona 5 veces para encender o apagar el suministro de energ\u00eda.<br \/>\nEl luz parpadea una vez.<br \/>\nPrecalentamiento:<br \/>\nTira r\u00e1pidamente la boquilla (dentro de 1,5 segundos) dos veces para activar la funci\u00f3n de precalentamiento.<br \/>\nCambiar configuraciones de voltaje:<br \/>\nPara cambiar la configuraci\u00f3n, tire 3 veces del tubo en menos de 1,5 segundos.<br \/>\nLuz verde: 3,0 V luz roja: 3,8 V<br \/>\nCarga:<br \/>\nLuz roja - cargando<br \/>\nLuz verde - completamente cargado<br \/>\nBater\u00eda baja:<br \/>\nLa luz roja parpadea 10 veces para recordar al usuario que la bater\u00eda est\u00e1 d\u00e9bil y luego entra en modo de espera.<br \/>\nCargar antes de seguir usando.<br \/>\nFunci\u00f3n de protecci\u00f3n:<br \/>\nProtecci\u00f3n de duraci\u00f3n de la bater\u00eda\/cartuchos de tinta: despu\u00e9s de 10 segundos de uso continuo, la luz roja se enciende.<br \/>\nParpadea 4 veces, se activa el apagado autom\u00e1tico del cigarrillo electr\u00f3nico, apagando el calor (pero no la alimentaci\u00f3n el\u00e9ctrica). Protecci\u00f3n contra sobretensi\u00f3n\/cortocircuito: la luz roja parpadea tres veces y el dispositivo se apaga completamente.<\/span><br \/>\n<img decoding=\"async\" loading=\"lazy\" style=\"width: 1000px;\" src=\"https:\/\/ae01.alicdn.com\/kf\/Se33a35d9f2194eb1bbaa201d671903778.jpg?width=1000&amp;height=1000&amp;hash=2000\" width=\"1000px\" \/><img decoding=\"async\" loading=\"lazy\" style=\"width: 1000px;\" src=\"https:\/\/ae01.alicdn.com\/kf\/Saedda29d3f8f42708a70a131959ebf0fO.jpg?width=1000&amp;height=1000&amp;hash=2000\" width=\"1000px\" \/><img decoding=\"async\" loading=\"lazy\" style=\"width: 1000px;\" src=\"https:\/\/ae01.alicdn.com\/kf\/S4953622beba749b19fb08c36f22985c6U.jpg?width=1000&amp;height=1000&amp;hash=2000\" width=\"1000px\" \/><img decoding=\"async\" loading=\"lazy\" style=\"width: 1000px;\" src=\"https:\/\/ae01.alicdn.com\/kf\/S57f3ddd1c58e4c8194393e8d6f1fd97bo.jpg?width=1000&amp;height=1000&amp;hash=2000\" width=\"1000px\" \/><img decoding=\"async\" loading=\"lazy\" style=\"width: 1000px;\" src=\"https:\/\/ae01.alicdn.com\/kf\/Se03537770b8547be966acea724cd5cbbh.jpg?width=1000&amp;height=1000&amp;hash=2000\" width=\"1000px\" \/><img decoding=\"async\" loading=\"lazy\" style=\"width: 1000px;\" src=\"https:\/\/ae01.alicdn.com\/kf\/S007b21114f3d4d22b87ece77f21a9041A.jpg?width=1000&amp;height=1000&amp;hash=2000\" width=\"1000px\" \/><img decoding=\"async\" loading=\"lazy\" style=\"width: 1000px;\" src=\"https:\/\/ae01.alicdn.com\/kf\/S93887948e29e4e938fb0d3d030d06833r.jpg?width=1000&amp;height=1000&amp;hash=2000\" width=\"1000px\" \/><img decoding=\"async\" loading=\"lazy\" style=\"width: 1000px;\" src=\"https:\/\/ae01.alicdn.com\/kf\/Sf6b07bd8dbb34092912d8c37db03b55d3.jpg?width=1000&amp;height=1000&amp;hash=2000\" width=\"1000px\" \/><img decoding=\"async\" loading=\"lazy\" style=\"width: 1000px;\" src=\"https:\/\/ae01.alicdn.com\/kf\/S92b5f22a37824acda794ea7933408877I.jpg?width=1000&amp;height=1000&amp;hash=2000\" width=\"1000px\" \/><img decoding=\"async\" loading=\"lazy\" style=\"width: 1000px;\" src=\"https:\/\/ae01.alicdn.com\/kf\/Sa5ab3e546d8649609f21d76cacbe1fe6U.jpg?width=1000&amp;height=1000&amp;hash=2000\" width=\"1000px\" \/><img decoding=\"async\" loading=\"lazy\" style=\"width: 1000px;\" src=\"https:\/\/ae01.alicdn.com\/kf\/S17d8676dba5c46b19e390be18d19bfbaS.jpg?width=1000&amp;height=1000&amp;hash=2000\" width=\"1000px\" \/><img decoding=\"async\" loading=\"lazy\" style=\"width: 1000px;\" src=\"https:\/\/ae01.alicdn.com\/kf\/S4de1fcbd60fa4424ad987aedcba5979ed.jpg?width=1000&amp;height=1000&amp;hash=2000\" width=\"1000px\" \/><img decoding=\"async\" loading=\"lazy\" style=\"width: 1000px;\" src=\"https:\/\/ae01.alicdn.com\/kf\/Sd4bb491bad0346338c477d1954094906b.jpg?width=1000&amp;height=1000&amp;hash=2000\" width=\"1000px\" \/><img decoding=\"async\" loading=\"lazy\" src=\"https:\/\/ae01.alicdn.com\/kf\/Scfb3efcfda554b4eb7b6d856c7814070L.jpg?width=800&amp;height=1333&amp;hash=2133\" \/><\/p>\n<\/div>\n<\/div>\n<\/div>\n<\/div>\n<\/div>","protected":false},"excerpt":{"rendered":"<p>&nbsp; Aussehen:\u00a0Zylindrische Form Kompatibler Akku:\u00a018650 \u00dcberwachung Funktion Von Rauchen Anzahl:\u00a0Nein Silikon Fall:\u00a0Nein Temperaturregelung:\u00a0Nein Eingebaute Oder Externe Batterie:\u00a0Eingebaute Kurzschlussschutz Funktion:\u00a0Ja \u00dcberhitzungsschutz-funktion:\u00a0Nein Niederspannungsalarmfunktion:\u00a0Nein Zerst\u00e4uber Identifikation Funktion:\u00a0Nein TCR Einstellung Modi:\u00a0Nein Nominale Kapazit\u00e4t:\u00a0&lt;700 mAh Material:\u00a0Metall Compatible Model:\u00a0thick oil Modellnummer:\u00a0H20 Vape Pen Usb-ladeger\u00e4t:\u00a0Ja Firmware-upgrade:\u00a0Nein Display:\u00a0Nein Art:\u00a0disposable Markenname:\u00a0SUB TWO Ursprung:\u00a0CN (Herkunft) battery capacity:\u00a0400mah pod capacity:\u00a0400mah use for:\u00a0thick oil holes:\u00a04*2.0mm resistance:\u00a01.2ohm E [&hellip;]<\/p>","protected":false},"featured_media":7168,"template":"","meta":{"inline_featured_image":false},"product_cat":[752,756,739,743,76,79,81],"product_tag":[],"tiered_pricing_type":"fixed","tiered_pricing_fixed_rules":[],"tiered_pricing_percentage_rules":[],"tiered_pricing_minimum":1,"_administrator_tiered_pricing_type":"fixed","_administrator_tiered_pricing_fixed_rules":[],"_editor_tiered_pricing_type":"fixed","_editor_tiered_pricing_fixed_rules":[],"_author_tiered_pricing_type":"fixed","_author_tiered_pricing_fixed_rules":[],"_contributor_tiered_pricing_type":"fixed","_contributor_tiered_pricing_fixed_rules":[],"_subscriber_tiered_pricing_type":"fixed","_subscriber_tiered_pricing_fixed_rules":[],"_customer_tiered_pricing_type":"fixed","_customer_tiered_pricing_fixed_rules":[],"_shop_manager_tiered_pricing_type":"fixed","_shop_manager_tiered_pricing_fixed_rules":[],"_wpseo_manager_tiered_pricing_type":"fixed","_wpseo_manager_tiered_pricing_fixed_rules":[],"_wpseo_editor_tiered_pricing_type":"fixed","_wpseo_editor_tiered_pricing_fixed_rules":[],"_wholesale_customer_tiered_pricing_type":"fixed","_wholesale_customer_tiered_pricing_fixed_rules":[],"_marketer_tiered_pricing_type":"fixed","_marketer_tiered_pricing_fixed_rules":[],"_sales_manager_tiered_pricing_type":"fixed","_sales_manager_tiered_pricing_fixed_rules":[],"_sales_rep_tiered_pricing_type":"fixed","_sales_rep_tiered_pricing_fixed_rules":[],"yoast_head":"<!-- This site is optimized with the Yoast SEO plugin v23.3 - https:\/\/yoast.com\/wordpress\/plugins\/seo\/ -->\n<title>sc4 Vape Pen 380mah Batterie leer Pod Vape Starter Kits | ElementVape.de<\/title>\n<meta name=\"description\" content=\"Wir bieten sc4 Vape Pen 380mah Batterie leer Pod Vape Starter Kits , Elementvape.de akzeptieren Gro\u00df-und Einzelhandel Bestellungen.\" \/>\n<meta name=\"robots\" content=\"index, follow, max-snippet:-1, max-image-preview:large, max-video-preview:-1\" \/>\n<link rel=\"canonical\" href=\"https:\/\/www.elementvape.de\/es\/produkt\/sc4-vape-pen-380mah-batterie-leer-pod-vape-starter-kits\/\" \/>\n<meta property=\"og:locale\" content=\"es_ES\" \/>\n<meta property=\"og:type\" content=\"article\" \/>\n<meta property=\"og:title\" content=\"sc4 Vape Pen 380mah Batterie leer Pod Vape Starter Kits | ElementVape.de\" \/>\n<meta property=\"og:description\" content=\"Wir bieten sc4 Vape Pen 380mah Batterie leer Pod Vape Starter Kits , Elementvape.de akzeptieren Gro\u00df-und Einzelhandel Bestellungen.\" \/>\n<meta property=\"og:url\" content=\"https:\/\/www.elementvape.de\/es\/produkt\/sc4-vape-pen-380mah-batterie-leer-pod-vape-starter-kits\/\" \/>\n<meta property=\"og:site_name\" content=\"ElementVape.de\" \/>\n<meta property=\"article:modified_time\" content=\"2024-12-12T06:37:06+00:00\" \/>\n<meta property=\"og:image\" content=\"https:\/\/ae01.alicdn.com\/kf\/Scf2354f198ff408abe1c0e75a90e724be\/E-Zigarette-sc4-Vape-Pen-380mah-Batterie-leer-Pod-Vape-Starter-Kits-USB-Ladeans-chluss-f.jpg\" \/>\n\t<meta property=\"og:image:width\" content=\"1000\" \/>\n\t<meta property=\"og:image:height\" content=\"1000\" \/>\n\t<meta property=\"og:image:type\" content=\"image\/jpeg\" \/>\n<meta name=\"twitter:card\" content=\"summary_large_image\" \/>\n<meta name=\"twitter:label1\" content=\"Est. reading time\" \/>\n\t<meta name=\"twitter:data1\" content=\"5 minutos\" \/>\n<script type=\"application\/ld+json\" class=\"yoast-schema-graph\">{\"@context\":\"https:\/\/schema.org\",\"@graph\":[{\"@type\":\"WebPage\",\"@id\":\"https:\/\/www.elementvape.de\/produkt\/sc4-vape-pen-380mah-batterie-leer-pod-vape-starter-kits\/\",\"url\":\"https:\/\/www.elementvape.de\/produkt\/sc4-vape-pen-380mah-batterie-leer-pod-vape-starter-kits\/\",\"name\":\"sc4 Vape Pen 380mah Batterie leer Pod Vape Starter Kits | ElementVape.de\",\"isPartOf\":{\"@id\":\"https:\/\/www.elementvape.de\/#website\"},\"primaryImageOfPage\":{\"@id\":\"https:\/\/www.elementvape.de\/produkt\/sc4-vape-pen-380mah-batterie-leer-pod-vape-starter-kits\/#primaryimage\"},\"image\":{\"@id\":\"https:\/\/www.elementvape.de\/produkt\/sc4-vape-pen-380mah-batterie-leer-pod-vape-starter-kits\/#primaryimage\"},\"thumbnailUrl\":\"https:\/\/ae01.alicdn.com\/kf\/Scf2354f198ff408abe1c0e75a90e724be\/E-Zigarette-sc4-Vape-Pen-380mah-Batterie-leer-Pod-Vape-Starter-Kits-USB-Ladeans-chluss-f.jpg\",\"datePublished\":\"2024-04-20T06:31:37+00:00\",\"dateModified\":\"2024-12-12T06:37:06+00:00\",\"description\":\"Wir bieten sc4 Vape Pen 380mah Batterie leer Pod Vape Starter Kits , Elementvape.de akzeptieren Gro\u00df-und Einzelhandel Bestellungen.\",\"breadcrumb\":{\"@id\":\"https:\/\/www.elementvape.de\/produkt\/sc4-vape-pen-380mah-batterie-leer-pod-vape-starter-kits\/#breadcrumb\"},\"inLanguage\":\"es\",\"potentialAction\":[{\"@type\":\"ReadAction\",\"target\":[\"https:\/\/www.elementvape.de\/produkt\/sc4-vape-pen-380mah-batterie-leer-pod-vape-starter-kits\/\"]}]},{\"@type\":\"ImageObject\",\"inLanguage\":\"es\",\"@id\":\"https:\/\/www.elementvape.de\/produkt\/sc4-vape-pen-380mah-batterie-leer-pod-vape-starter-kits\/#primaryimage\",\"url\":\"https:\/\/ae01.alicdn.com\/kf\/Scf2354f198ff408abe1c0e75a90e724be\/E-Zigarette-sc4-Vape-Pen-380mah-Batterie-leer-Pod-Vape-Starter-Kits-USB-Ladeans-chluss-f.jpg\",\"contentUrl\":\"https:\/\/ae01.alicdn.com\/kf\/Scf2354f198ff408abe1c0e75a90e724be\/E-Zigarette-sc4-Vape-Pen-380mah-Batterie-leer-Pod-Vape-Starter-Kits-USB-Ladeans-chluss-f.jpg\",\"width\":1000,\"height\":1000},{\"@type\":\"BreadcrumbList\",\"@id\":\"https:\/\/www.elementvape.de\/produkt\/sc4-vape-pen-380mah-batterie-leer-pod-vape-starter-kits\/#breadcrumb\",\"itemListElement\":[{\"@type\":\"ListItem\",\"position\":1,\"name\":\"Home\",\"item\":\"https:\/\/www.elementvape.de\/\"},{\"@type\":\"ListItem\",\"position\":2,\"name\":\"Shop\",\"item\":\"https:\/\/www.elementvape.de\/shop\/\"},{\"@type\":\"ListItem\",\"position\":3,\"name\":\"sc4 Vape Pen 380mah Batterie leer Pod Vape Starter Kits\"}]},{\"@type\":\"WebSite\",\"@id\":\"https:\/\/www.elementvape.de\/#website\",\"url\":\"https:\/\/www.elementvape.de\/\",\"name\":\"ElementVape.de\",\"description\":\"\",\"publisher\":{\"@id\":\"https:\/\/www.elementvape.de\/#organization\"},\"potentialAction\":[{\"@type\":\"SearchAction\",\"target\":{\"@type\":\"EntryPoint\",\"urlTemplate\":\"https:\/\/www.elementvape.de\/?s={search_term_string}\"},\"query-input\":\"required name=search_term_string\"}],\"inLanguage\":\"es\"},{\"@type\":\"Organization\",\"@id\":\"https:\/\/www.elementvape.de\/#organization\",\"name\":\"ElementVape.DE\",\"url\":\"https:\/\/www.elementvape.de\/\",\"logo\":{\"@type\":\"ImageObject\",\"inLanguage\":\"es\",\"@id\":\"https:\/\/www.elementvape.de\/#\/schema\/logo\/image\/\",\"url\":\"https:\/\/www.elementvape.de\/wp-content\/uploads\/2024\/09\/cropped-1elementvape-3.png\",\"contentUrl\":\"https:\/\/www.elementvape.de\/wp-content\/uploads\/2024\/09\/cropped-1elementvape-3.png\",\"width\":285,\"height\":228,\"caption\":\"ElementVape.DE\"},\"image\":{\"@id\":\"https:\/\/www.elementvape.de\/#\/schema\/logo\/image\/\"}}]}<\/script>\n<!-- \/ Yoast SEO plugin. -->","yoast_head_json":{"title":"sc4 Vape Pen 380mah Batterie leer Pod Vape Starter Kits | ElementVape.de","description":"Wir bieten sc4 Vape Pen 380mah Batterie leer Pod Vape Starter Kits , Elementvape.de akzeptieren Gro\u00df-und Einzelhandel Bestellungen.","robots":{"index":"index","follow":"follow","max-snippet":"max-snippet:-1","max-image-preview":"max-image-preview:large","max-video-preview":"max-video-preview:-1"},"canonical":"https:\/\/www.elementvape.de\/es\/produkt\/sc4-vape-pen-380mah-batterie-leer-pod-vape-starter-kits\/","og_locale":"es_ES","og_type":"article","og_title":"sc4 Vape Pen 380mah Batterie leer Pod Vape Starter Kits | ElementVape.de","og_description":"Wir bieten sc4 Vape Pen 380mah Batterie leer Pod Vape Starter Kits , Elementvape.de akzeptieren Gro\u00df-und Einzelhandel Bestellungen.","og_url":"https:\/\/www.elementvape.de\/es\/produkt\/sc4-vape-pen-380mah-batterie-leer-pod-vape-starter-kits\/","og_site_name":"ElementVape.de","article_modified_time":"2024-12-12T06:37:06+00:00","og_image":[{"width":1000,"height":1000,"url":"https:\/\/ae01.alicdn.com\/kf\/Scf2354f198ff408abe1c0e75a90e724be\/E-Zigarette-sc4-Vape-Pen-380mah-Batterie-leer-Pod-Vape-Starter-Kits-USB-Ladeans-chluss-f.jpg","type":"image\/jpeg"}],"twitter_card":"summary_large_image","twitter_misc":{"Est. reading time":"5 minutos"},"schema":{"@context":"https:\/\/schema.org","@graph":[{"@type":"WebPage","@id":"https:\/\/www.elementvape.de\/produkt\/sc4-vape-pen-380mah-batterie-leer-pod-vape-starter-kits\/","url":"https:\/\/www.elementvape.de\/produkt\/sc4-vape-pen-380mah-batterie-leer-pod-vape-starter-kits\/","name":"sc4 Vape Pen 380mah Batterie leer Pod Vape Starter Kits | ElementVape.de","isPartOf":{"@id":"https:\/\/www.elementvape.de\/#website"},"primaryImageOfPage":{"@id":"https:\/\/www.elementvape.de\/produkt\/sc4-vape-pen-380mah-batterie-leer-pod-vape-starter-kits\/#primaryimage"},"image":{"@id":"https:\/\/www.elementvape.de\/produkt\/sc4-vape-pen-380mah-batterie-leer-pod-vape-starter-kits\/#primaryimage"},"thumbnailUrl":"https:\/\/ae01.alicdn.com\/kf\/Scf2354f198ff408abe1c0e75a90e724be\/E-Zigarette-sc4-Vape-Pen-380mah-Batterie-leer-Pod-Vape-Starter-Kits-USB-Ladeans-chluss-f.jpg","datePublished":"2024-04-20T06:31:37+00:00","dateModified":"2024-12-12T06:37:06+00:00","description":"Wir bieten sc4 Vape Pen 380mah Batterie leer Pod Vape Starter Kits , Elementvape.de akzeptieren Gro\u00df-und Einzelhandel Bestellungen.","breadcrumb":{"@id":"https:\/\/www.elementvape.de\/produkt\/sc4-vape-pen-380mah-batterie-leer-pod-vape-starter-kits\/#breadcrumb"},"inLanguage":"es","potentialAction":[{"@type":"ReadAction","target":["https:\/\/www.elementvape.de\/produkt\/sc4-vape-pen-380mah-batterie-leer-pod-vape-starter-kits\/"]}]},{"@type":"ImageObject","inLanguage":"es","@id":"https:\/\/www.elementvape.de\/produkt\/sc4-vape-pen-380mah-batterie-leer-pod-vape-starter-kits\/#primaryimage","url":"https:\/\/ae01.alicdn.com\/kf\/Scf2354f198ff408abe1c0e75a90e724be\/E-Zigarette-sc4-Vape-Pen-380mah-Batterie-leer-Pod-Vape-Starter-Kits-USB-Ladeans-chluss-f.jpg","contentUrl":"https:\/\/ae01.alicdn.com\/kf\/Scf2354f198ff408abe1c0e75a90e724be\/E-Zigarette-sc4-Vape-Pen-380mah-Batterie-leer-Pod-Vape-Starter-Kits-USB-Ladeans-chluss-f.jpg","width":1000,"height":1000},{"@type":"BreadcrumbList","@id":"https:\/\/www.elementvape.de\/produkt\/sc4-vape-pen-380mah-batterie-leer-pod-vape-starter-kits\/#breadcrumb","itemListElement":[{"@type":"ListItem","position":1,"name":"Home","item":"https:\/\/www.elementvape.de\/"},{"@type":"ListItem","position":2,"name":"Shop","item":"https:\/\/www.elementvape.de\/shop\/"},{"@type":"ListItem","position":3,"name":"sc4 Vape Pen 380mah Batterie leer Pod Vape Starter Kits"}]},{"@type":"WebSite","@id":"https:\/\/www.elementvape.de\/#website","url":"https:\/\/www.elementvape.de\/","name":"ElementVape.de","description":"","publisher":{"@id":"https:\/\/www.elementvape.de\/#organization"},"potentialAction":[{"@type":"SearchAction","target":{"@type":"EntryPoint","urlTemplate":"https:\/\/www.elementvape.de\/?s={search_term_string}"},"query-input":"required name=search_term_string"}],"inLanguage":"es"},{"@type":"Organization","@id":"https:\/\/www.elementvape.de\/#organization","name":"ElementVape.DE","url":"https:\/\/www.elementvape.de\/","logo":{"@type":"ImageObject","inLanguage":"es","@id":"https:\/\/www.elementvape.de\/#\/schema\/logo\/image\/","url":"https:\/\/www.elementvape.de\/wp-content\/uploads\/2024\/09\/cropped-1elementvape-3.png","contentUrl":"https:\/\/www.elementvape.de\/wp-content\/uploads\/2024\/09\/cropped-1elementvape-3.png","width":285,"height":228,"caption":"ElementVape.DE"},"image":{"@id":"https:\/\/www.elementvape.de\/#\/schema\/logo\/image\/"}}]}},"_links":{"self":[{"href":"https:\/\/www.elementvape.de\/es\/wp-json\/wp\/v2\/product\/7167"}],"collection":[{"href":"https:\/\/www.elementvape.de\/es\/wp-json\/wp\/v2\/product"}],"about":[{"href":"https:\/\/www.elementvape.de\/es\/wp-json\/wp\/v2\/types\/product"}],"wp:featuredmedia":[{"embeddable":true,"href":"https:\/\/www.elementvape.de\/es\/wp-json\/wp\/v2\/media\/7168"}],"wp:attachment":[{"href":"https:\/\/www.elementvape.de\/es\/wp-json\/wp\/v2\/media?parent=7167"}],"wp:term":[{"taxonomy":"product_cat","embeddable":true,"href":"https:\/\/www.elementvape.de\/es\/wp-json\/wp\/v2\/product_cat?post=7167"},{"taxonomy":"product_tag","embeddable":true,"href":"https:\/\/www.elementvape.de\/es\/wp-json\/wp\/v2\/product_tag?post=7167"}],"curies":[{"name":"wp","href":"https:\/\/api.w.org\/{rel}","templated":true}]}}