{"id":6978,"date":"2024-04-20T05:53:37","date_gmt":"2024-04-20T05:53:37","guid":{"rendered":"https:\/\/www.elementvape.de\/?post_type=product&#038;p=6978"},"modified":"2024-12-12T06:37:23","modified_gmt":"2024-12-12T06:37:23","slug":"joyetech-widewick-air-kit-800mah-batterie-2ml-patrone-pod-e-zigarette-mtl-vape","status":"publish","type":"product","link":"https:\/\/www.elementvape.de\/es\/produkt\/joyetech-widewick-air-kit-800mah-batterie-2ml-patrone-pod-e-zigarette-mtl-vape\/","title":{"rendered":"Kit de aire Widewick Joyetech 800mAh bater\u00eda, cartucho de 2ml, vaporizador pod MTL"},"content":{"rendered":"<p>&nbsp;<\/p>\n<div class=\"product-specs-list-container\">\n<ul class=\"product-specs-list util-clearfix\">\n<li class=\"product-prop line-limit-length\"><span class=\"property-title\">Bater\u00eda compatible:\u00a0<\/span><span class=\"property-desc line-limit-length\">Ninguna<\/span><\/li>\n<li class=\"product-prop line-limit-length\"><span class=\"property-title\">Funci\u00f3n de monitoreo de la cantidad de humo:\u00a0<\/span><span class=\"property-desc line-limit-length\">No<\/span><\/li>\n<li class=\"product-prop line-limit-length\"><span class=\"property-title\">Funda de silicona:\u00a0<\/span><span class=\"property-desc line-limit-length\">No<\/span><\/li>\n<li class=\"product-prop line-limit-length\"><span class=\"property-title\">Regulaci\u00f3n de temperatura:\u00a0<\/span><span class=\"property-desc line-limit-length\">No<\/span><\/li>\n<li class=\"product-prop line-limit-length\"><span class=\"property-title\">Bater\u00eda incorporada o externa:\u00a0<\/span><span class=\"property-desc line-limit-length\">Incorporada<\/span><\/li>\n<li class=\"product-prop line-limit-length\"><span class=\"property-title\">Funci\u00f3n de protecci\u00f3n contra cortocircuitos:\u00a0<\/span><span class=\"property-desc line-limit-length\">Ja<\/span><\/li>\n<li class=\"product-prop line-limit-length\"><span class=\"property-title\">Funci\u00f3n de protecci\u00f3n contra sobrecalentamiento:\u00a0<\/span><span class=\"property-desc line-limit-length\">Ja<\/span><\/li>\n<li class=\"product-prop line-limit-length\"><span class=\"property-title\">Funci\u00f3n de alarma de bajo voltaje:\u00a0<\/span><span class=\"property-desc line-limit-length\">Ja<\/span><\/li>\n<li class=\"product-prop line-limit-length\"><span class=\"property-title\">Funci\u00f3n de identificaci\u00f3n del atomizador:\u00a0<\/span><span class=\"property-desc line-limit-length\">Ja<\/span><\/li>\n<li class=\"product-prop line-limit-length\"><span class=\"property-title\">Modos de ajuste TCR:\u00a0<\/span><span class=\"property-desc line-limit-length\">No<\/span><\/li>\n<li class=\"product-prop line-limit-length\"><span class=\"property-title\">Capacidad nominal:\u00a0<\/span><span class=\"property-desc line-limit-length\">800 mAh<\/span><\/li>\n<li class=\"product-prop line-limit-length\"><span class=\"property-title\">Material:\u00a0<\/span><span class=\"property-desc line-limit-length\">Metal<\/span><\/li>\n<li class=\"product-prop line-limit-length\"><span class=\"property-title\">Modelo compatible:\u00a0<\/span><span class=\"property-desc line-limit-length\">Cigarrillo electr\u00f3nico Vape pen<\/span><\/li>\n<li class=\"product-prop line-limit-length\"><span class=\"property-title\">N\u00famero de modelo:\u00a0<\/span><span class=\"property-desc line-limit-length\">Kit de aire WideWick de Joyetech<\/span><\/li>\n<li class=\"product-prop line-limit-length\"><span class=\"property-title\">Cargador USB:\u00a0<\/span><span class=\"property-desc line-limit-length\">Ja<\/span><\/li>\n<li class=\"product-prop line-limit-length\"><span class=\"property-title\">Actualizaci\u00f3n de firmware:\u00a0<\/span><span class=\"property-desc line-limit-length\">No<\/span><\/li>\n<li class=\"product-prop line-limit-length\"><span class=\"property-title\">Pantalla:\u00a0<\/span><span class=\"property-desc line-limit-length\">No<\/span><\/li>\n<li class=\"product-prop line-limit-length\"><span class=\"property-title\">Tipo:\u00a0<\/span><span class=\"property-desc line-limit-length\">Mod el\u00e9ctrico<\/span><\/li>\n<li class=\"product-prop line-limit-length\"><span class=\"property-title\">Nombre de la marca:\u00a0<\/span><span class=\"property-desc line-limit-length\">JOYETECH<\/span><\/li>\n<li class=\"product-prop line-limit-length\"><span class=\"property-title\">Origen:\u00a0<\/span><span class=\"property-desc line-limit-length\">CN (origen)<\/span><\/li>\n<\/ul>\n<\/div>\n<div class=\"detailmodule_html\">\n<div class=\"detail-desc-decorate-richtext\">\n<div class=\"detailmodule_dynamic\"><\/div>\n<p><span style=\"font-size: 22px;\"><span id=\"tl_1\" style=\"font-family: arial, helvetica, sans-serif;\">Kit de aire Widewick original de Joyetech, bater\u00eda de 800mAh, cartucho de 2ml, pod, resistencia de 1,2 ohmios, vaporizador electr\u00f3nico cigarrillo mtl vape<\/span><\/span><\/p>\n<p><span id=\"tl_2\" style=\"font-size: 18px; font-family: arial, helvetica, sans-serif;\">Descripci\u00f3n:<\/span><\/p>\n<p><span id=\"tl_3\" style=\"font-size: 18px; font-family: arial, helvetica, sans-serif;\">El kit Widewick Air presenta una apariencia m\u00e1s bonita y elegante, un cuerpo m\u00e1s ligero y la tecnolog\u00eda Widewick\u2122 m\u00e1s avanzada. Incluye la gran algod\u00f3n Widewick\u2122 en el interior, que absorbe el e-l\u00edquido de manera exhaustiva de todo el entorno, proporcionando un calentamiento equilibrado sin spitback. La gran cantidad de algod\u00f3n en el interior siempre almacena suficiente e-l\u00edquido para garantizar golpes sin sequedad, siempre y cuando vapear. Adem\u00e1s, el gran algod\u00f3n absorbe r\u00e1pidamente el e-l\u00edquido y lo sella, permiti\u00e9ndote disfrutar de un sabor puro despu\u00e9s de varias inhalaciones continuas. El kit Widewick Air est\u00e1 equipado con una resistencia de malla de 1,2 ohmios. Con dos entradas de flujo de aire en ambos lados, te ofrecer\u00e1 una gran experiencia de vapeo mensual. El kit Widewick Air de Joyetech viene con una bater\u00eda integrada de 800mAh y puerto de carga USB-C.<\/span><\/p>\n<p>&nbsp;<\/p>\n<p><span id=\"tl_4\" style=\"font-size: 18px; font-family: arial, helvetica, sans-serif;\">Par\u00e1metros:<\/span><\/p>\n<p><span id=\"tl_5\" style=\"font-size: 18px; font-family: arial, helvetica, sans-serif;\">Marca: joyetech<\/span><\/p>\n<p><span id=\"tl_6\" style=\"font-size: 18px; font-family: arial, helvetica, sans-serif;\">Nombre del producto: Kit Widewick Air<\/span><\/p>\n<p><span id=\"tl_7\" style=\"font-size: 18px; font-family: arial, helvetica, sans-serif;\">Tama\u00f1o: 26,5*16,5*114,5mm<\/span><\/p>\n<p><span id=\"tl_8\" style=\"font-size: 18px; font-family: arial, helvetica, sans-serif;\">Capacidad de la bater\u00eda: 800mAh<\/span><\/p>\n<p><span id=\"tl_9\" style=\"font-size: 18px; font-family: arial, helvetica, sans-serif;\">Capacidad del pod: 2ml<\/span><\/p>\n<p><span id=\"tl_10\" style=\"font-size: 18px; font-family: arial, helvetica, sans-serif;\">Resistencia de las bobinas: 1,2 Ohm<\/span><\/p>\n<p><span id=\"tl_11\" style=\"font-size: 18px; font-family: arial, helvetica, sans-serif;\">Di\u00e1metro del orificio de llenado: 3,2mm<\/span><\/p>\n<p><span id=\"tl_12\" style=\"font-size: 18px; font-family: arial, helvetica, sans-serif;\">Potencia m\u00e1xima: 12w<\/span><\/p>\n<p><span id=\"tl_13\" style=\"font-size: 18px; font-family: arial, helvetica, sans-serif;\">Corriente de carga: 5v\/0,5a (USB-C)<\/span><\/p>\n<p><span id=\"tl_14\" style=\"font-size: 18px; font-family: arial, helvetica, sans-serif;\">Tipo de llenado: llenado superior<\/span><\/p>\n<p><span id=\"tl_15\" style=\"font-size: 18px; font-family: arial, helvetica, sans-serif;\">Color: gris oscuro, azul marino, rosa rojo, blanco perla<\/span><\/p>\n<p>&nbsp;<\/p>\n<p><span id=\"tl_16\" style=\"font-size: 18px; font-family: arial, helvetica, sans-serif;\">Detalles:<\/span><\/p>\n<p><span id=\"tl_17\" style=\"font-size: 18px; font-family: arial, helvetica, sans-serif;\">1. Apariencia m\u00e1s bonita y elegante<\/span><\/p>\n<p><span id=\"tl_18\" style=\"font-size: 18px; font-family: arial, helvetica, sans-serif;\">2. Absorci\u00f3n completa de e-l\u00edquido<\/span><\/p>\n<p><span id=\"tl_19\" style=\"font-size: 18px; font-family: arial, helvetica, sans-serif;\">3. Calentamiento equilibrado sin spitback<\/span><\/p>\n<p><span id=\"tl_20\" style=\"font-size: 18px; font-family: arial, helvetica, sans-serif;\">4. Mecanismo de bloqueo de e-l\u00edquido<\/span><\/p>\n<p><span id=\"tl_21\" style=\"font-size: 18px; font-family: arial, helvetica, sans-serif;\">5. Dise\u00f1o de moldeo por inyecci\u00f3n de doble disparo<\/span><\/p>\n<p><span id=\"tl_22\" style=\"font-size: 18px; font-family: arial, helvetica, sans-serif;\">6. Ligero y c\u00f3modo<\/span><\/p>\n<p><span id=\"tl_23\" style=\"font-size: 18px; font-family: arial, helvetica, sans-serif;\">7. Combinado con resistencia de malla de 1,2 ohmios<\/span><\/p>\n<p><span id=\"tl_24\" style=\"font-size: 18px; font-family: arial, helvetica, sans-serif;\">8. Sistema de llenado superior<\/span><\/p>\n<p><span id=\"tl_25\" style=\"font-size: 18px; font-family: arial, helvetica, sans-serif;\">9. Entrada de flujo de aire refinada que proporciona vapeo mensual<\/span><\/p>\n<p><span id=\"tl_26\" style=\"font-size: 18px; font-family: arial, helvetica, sans-serif;\">10. Activa sin presionar el bot\u00f3n para vapear<\/span><\/p>\n<p><span id=\"tl_27\" style=\"font-size: 18px; font-family: arial, helvetica, sans-serif;\">11. Bater\u00eda integrada de 800mAh<\/span><\/p>\n<p><span id=\"tl_28\" style=\"font-size: 18px; font-family: arial, helvetica, sans-serif;\">12. Carga por USB-C<\/span><\/p>\n<p>&nbsp;<\/p>\n<p><span id=\"tl_29\" style=\"font-size: 18px; font-family: arial, helvetica, sans-serif;\">El paquete de joyetech widewick air pod kit viene con:<\/span><\/p>\n<p><span id=\"tl_30\" style=\"font-size: 18px; font-family: arial, helvetica, sans-serif;\">1 * Bater\u00eda Widewick Air<\/span><\/p>\n<p><span id=\"tl_31\" style=\"font-size: 18px; font-family: arial, helvetica, sans-serif;\">1 * Air Pod Widewick (1,2 Ohm)<\/span><\/p>\n<p><span id=\"tl_32\" style=\"font-size: 18px; font-family: arial, helvetica, sans-serif;\">1 * manual de usuario<\/span><\/p>\n<p><span id=\"tl_33\" style=\"font-size: 18px; font-family: arial, helvetica, sans-serif;\">1 * tarjeta de garant\u00eda<\/span><\/p>\n<p><span id=\"tl_34\" style=\"font-size: 18px; font-family: arial, helvetica, sans-serif;\">El e-l\u00edquido no est\u00e1 incluido.<\/span><\/p>\n<div><\/div>\n<p><img decoding=\"async\" loading=\"lazy\" src=\"https:\/\/ae01.alicdn.com\/kf\/S50790ddb65c94ec0aa1502cf9d6e1a71R.jpg\" \/><img decoding=\"async\" loading=\"lazy\" src=\"https:\/\/ae01.alicdn.com\/kf\/Sd478c41ee7f74e16aefc4778568f3ef2q.jpg\" \/><img decoding=\"async\" loading=\"lazy\" src=\"https:\/\/ae01.alicdn.com\/kf\/S67e12195fc7b4b54b3d6e406c3f31030r.jpg\" \/><img decoding=\"async\" loading=\"lazy\" src=\"https:\/\/ae01.alicdn.com\/kf\/S2a09672d30624bf8b59111afba9b98f5p.jpg\" \/><img decoding=\"async\" loading=\"lazy\" src=\"https:\/\/ae01.alicdn.com\/kf\/See990379e82044e6aef347f6634c5f44i.jpg\" \/><img decoding=\"async\" loading=\"lazy\" src=\"https:\/\/ae01.alicdn.com\/kf\/Sfaed8fbd481949c38cde1b6a53429747v.jpg\" \/><img decoding=\"async\" loading=\"lazy\" src=\"https:\/\/ae01.alicdn.com\/kf\/S39236cf165e44d54b5b6213aa7185e08T.jpg\" \/><img decoding=\"async\" loading=\"lazy\" src=\"https:\/\/ae01.alicdn.com\/kf\/S5e84210139c344bf9ecde552c68779c5D.jpg\" \/><img decoding=\"async\" loading=\"lazy\" src=\"https:\/\/ae01.alicdn.com\/kf\/S5c9e9d144bda4552b24cb35852fa8db4F.jpg\" \/><img decoding=\"async\" loading=\"lazy\" src=\"https:\/\/ae01.alicdn.com\/kf\/Sd9937d1b973b412ca9254aa751291fdbp.jpg\" \/><\/p>\n<\/div>\n<\/div>","protected":false},"excerpt":{"rendered":"<p>&nbsp; Kompatibler Akku:\u00a0Kein \u00dcberwachung Funktion Von Rauchen Anzahl:\u00a0Nein Silikon Fall:\u00a0Nein Temperaturregelung:\u00a0Nein Eingebaute Oder Externe Batterie:\u00a0Eingebaute Kurzschlussschutz Funktion:\u00a0Ja \u00dcberhitzungsschutz-funktion:\u00a0Ja Niederspannungsalarmfunktion:\u00a0Ja Zerst\u00e4uber Identifikation Funktion:\u00a0Ja TCR Einstellung Modi:\u00a0Nein Nominale Kapazit\u00e4t:\u00a0800 mAh Material:\u00a0Metall Compatible Model:\u00a0Electronic Cigarette Vape pen Modellnummer:\u00a0Joyetech WideWick Air Kit Usb-ladeger\u00e4t:\u00a0Ja Firmware-upgrade:\u00a0Nein Display:\u00a0Nein Art:\u00a0Elektrische Mod Markenname:\u00a0JOYETECH Ursprung:\u00a0CN (Herkunft) Original Joyetech Widewick Air Kit 800mAh Batterie 2ml Patrone [&hellip;]<\/p>","protected":false},"featured_media":6980,"template":"","meta":{"inline_featured_image":false},"product_cat":[752,756,739,743,76,79,81],"product_tag":[],"tiered_pricing_type":"fixed","tiered_pricing_fixed_rules":[],"tiered_pricing_percentage_rules":[],"tiered_pricing_minimum":1,"_administrator_tiered_pricing_type":"fixed","_administrator_tiered_pricing_fixed_rules":[],"_editor_tiered_pricing_type":"fixed","_editor_tiered_pricing_fixed_rules":[],"_author_tiered_pricing_type":"fixed","_author_tiered_pricing_fixed_rules":[],"_contributor_tiered_pricing_type":"fixed","_contributor_tiered_pricing_fixed_rules":[],"_subscriber_tiered_pricing_type":"fixed","_subscriber_tiered_pricing_fixed_rules":[],"_customer_tiered_pricing_type":"fixed","_customer_tiered_pricing_fixed_rules":[],"_shop_manager_tiered_pricing_type":"fixed","_shop_manager_tiered_pricing_fixed_rules":[],"_wpseo_manager_tiered_pricing_type":"fixed","_wpseo_manager_tiered_pricing_fixed_rules":[],"_wpseo_editor_tiered_pricing_type":"fixed","_wpseo_editor_tiered_pricing_fixed_rules":[],"_wholesale_customer_tiered_pricing_type":"fixed","_wholesale_customer_tiered_pricing_fixed_rules":[],"_marketer_tiered_pricing_type":"fixed","_marketer_tiered_pricing_fixed_rules":[],"_sales_manager_tiered_pricing_type":"fixed","_sales_manager_tiered_pricing_fixed_rules":[],"_sales_rep_tiered_pricing_type":"fixed","_sales_rep_tiered_pricing_fixed_rules":[],"yoast_head":"<!-- This site is optimized with the Yoast SEO plugin v23.3 - https:\/\/yoast.com\/wordpress\/plugins\/seo\/ -->\n<title>Joyetech Widewick Air Kit 800mAh Batterie 2ml Patrone Pod E-Zigarette mtl vape | ElementVape.de<\/title>\n<meta name=\"description\" content=\"Wir bieten Joyetech Widewick Air Kit 800mAh Batterie 2ml Patrone Pod E-Zigarette mtl vape , Elementvape.de akzeptieren Gro\u00df-und Einzelhandel Bestellungen.\" \/>\n<meta name=\"robots\" content=\"index, follow, max-snippet:-1, max-image-preview:large, max-video-preview:-1\" \/>\n<link rel=\"canonical\" href=\"https:\/\/www.elementvape.de\/es\/produkt\/joyetech-widewick-air-kit-800mah-batterie-2ml-patrone-pod-e-zigarette-mtl-vape\/\" \/>\n<meta property=\"og:locale\" content=\"es_ES\" \/>\n<meta property=\"og:type\" content=\"article\" \/>\n<meta property=\"og:title\" content=\"Joyetech Widewick Air Kit 800mAh Batterie 2ml Patrone Pod E-Zigarette mtl vape | ElementVape.de\" \/>\n<meta property=\"og:description\" content=\"Wir bieten Joyetech Widewick Air Kit 800mAh Batterie 2ml Patrone Pod E-Zigarette mtl vape , Elementvape.de akzeptieren Gro\u00df-und Einzelhandel Bestellungen.\" \/>\n<meta property=\"og:url\" content=\"https:\/\/www.elementvape.de\/es\/produkt\/joyetech-widewick-air-kit-800mah-batterie-2ml-patrone-pod-e-zigarette-mtl-vape\/\" \/>\n<meta property=\"og:site_name\" content=\"ElementVape.de\" \/>\n<meta property=\"article:modified_time\" content=\"2024-12-12T06:37:23+00:00\" \/>\n<meta property=\"og:image\" content=\"https:\/\/ae01.alicdn.com\/kf\/S8ee476a92a1748cfb9dacb8ea9bcd541r\/Original-Joyetech-Widewick-Air-Kit-800mAh-Batterie-2ml-Patrone-Pod-1-2-Ohm-Vapor-izer-elektronische.jpg\" \/>\n\t<meta property=\"og:image:width\" content=\"800\" \/>\n\t<meta property=\"og:image:height\" content=\"800\" \/>\n\t<meta property=\"og:image:type\" content=\"image\/jpeg\" \/>\n<meta name=\"twitter:card\" content=\"summary_large_image\" \/>\n<meta name=\"twitter:label1\" content=\"Est. reading time\" \/>\n\t<meta name=\"twitter:data1\" content=\"5 minutos\" \/>\n<script type=\"application\/ld+json\" class=\"yoast-schema-graph\">{\"@context\":\"https:\/\/schema.org\",\"@graph\":[{\"@type\":\"WebPage\",\"@id\":\"https:\/\/www.elementvape.de\/produkt\/joyetech-widewick-air-kit-800mah-batterie-2ml-patrone-pod-e-zigarette-mtl-vape\/\",\"url\":\"https:\/\/www.elementvape.de\/produkt\/joyetech-widewick-air-kit-800mah-batterie-2ml-patrone-pod-e-zigarette-mtl-vape\/\",\"name\":\"Joyetech Widewick Air Kit 800mAh Batterie 2ml Patrone Pod E-Zigarette mtl vape | ElementVape.de\",\"isPartOf\":{\"@id\":\"https:\/\/www.elementvape.de\/#website\"},\"primaryImageOfPage\":{\"@id\":\"https:\/\/www.elementvape.de\/produkt\/joyetech-widewick-air-kit-800mah-batterie-2ml-patrone-pod-e-zigarette-mtl-vape\/#primaryimage\"},\"image\":{\"@id\":\"https:\/\/www.elementvape.de\/produkt\/joyetech-widewick-air-kit-800mah-batterie-2ml-patrone-pod-e-zigarette-mtl-vape\/#primaryimage\"},\"thumbnailUrl\":\"https:\/\/ae01.alicdn.com\/kf\/S8ee476a92a1748cfb9dacb8ea9bcd541r\/Original-Joyetech-Widewick-Air-Kit-800mAh-Batterie-2ml-Patrone-Pod-1-2-Ohm-Vapor-izer-elektronische.jpg\",\"datePublished\":\"2024-04-20T05:53:37+00:00\",\"dateModified\":\"2024-12-12T06:37:23+00:00\",\"description\":\"Wir bieten Joyetech Widewick Air Kit 800mAh Batterie 2ml Patrone Pod E-Zigarette mtl vape , Elementvape.de akzeptieren Gro\u00df-und Einzelhandel Bestellungen.\",\"breadcrumb\":{\"@id\":\"https:\/\/www.elementvape.de\/produkt\/joyetech-widewick-air-kit-800mah-batterie-2ml-patrone-pod-e-zigarette-mtl-vape\/#breadcrumb\"},\"inLanguage\":\"es\",\"potentialAction\":[{\"@type\":\"ReadAction\",\"target\":[\"https:\/\/www.elementvape.de\/produkt\/joyetech-widewick-air-kit-800mah-batterie-2ml-patrone-pod-e-zigarette-mtl-vape\/\"]}]},{\"@type\":\"ImageObject\",\"inLanguage\":\"es\",\"@id\":\"https:\/\/www.elementvape.de\/produkt\/joyetech-widewick-air-kit-800mah-batterie-2ml-patrone-pod-e-zigarette-mtl-vape\/#primaryimage\",\"url\":\"https:\/\/ae01.alicdn.com\/kf\/S8ee476a92a1748cfb9dacb8ea9bcd541r\/Original-Joyetech-Widewick-Air-Kit-800mAh-Batterie-2ml-Patrone-Pod-1-2-Ohm-Vapor-izer-elektronische.jpg\",\"contentUrl\":\"https:\/\/ae01.alicdn.com\/kf\/S8ee476a92a1748cfb9dacb8ea9bcd541r\/Original-Joyetech-Widewick-Air-Kit-800mAh-Batterie-2ml-Patrone-Pod-1-2-Ohm-Vapor-izer-elektronische.jpg\",\"width\":800,\"height\":800},{\"@type\":\"BreadcrumbList\",\"@id\":\"https:\/\/www.elementvape.de\/produkt\/joyetech-widewick-air-kit-800mah-batterie-2ml-patrone-pod-e-zigarette-mtl-vape\/#breadcrumb\",\"itemListElement\":[{\"@type\":\"ListItem\",\"position\":1,\"name\":\"Home\",\"item\":\"https:\/\/www.elementvape.de\/\"},{\"@type\":\"ListItem\",\"position\":2,\"name\":\"Shop\",\"item\":\"https:\/\/www.elementvape.de\/shop\/\"},{\"@type\":\"ListItem\",\"position\":3,\"name\":\"Joyetech Widewick Air Kit 800mAh Batterie 2ml Patrone Pod E-Zigarette mtl vape\"}]},{\"@type\":\"WebSite\",\"@id\":\"https:\/\/www.elementvape.de\/#website\",\"url\":\"https:\/\/www.elementvape.de\/\",\"name\":\"ElementVape.de\",\"description\":\"\",\"publisher\":{\"@id\":\"https:\/\/www.elementvape.de\/#organization\"},\"potentialAction\":[{\"@type\":\"SearchAction\",\"target\":{\"@type\":\"EntryPoint\",\"urlTemplate\":\"https:\/\/www.elementvape.de\/?s={search_term_string}\"},\"query-input\":\"required name=search_term_string\"}],\"inLanguage\":\"es\"},{\"@type\":\"Organization\",\"@id\":\"https:\/\/www.elementvape.de\/#organization\",\"name\":\"ElementVape.DE\",\"url\":\"https:\/\/www.elementvape.de\/\",\"logo\":{\"@type\":\"ImageObject\",\"inLanguage\":\"es\",\"@id\":\"https:\/\/www.elementvape.de\/#\/schema\/logo\/image\/\",\"url\":\"https:\/\/www.elementvape.de\/wp-content\/uploads\/2024\/09\/cropped-1elementvape-3.png\",\"contentUrl\":\"https:\/\/www.elementvape.de\/wp-content\/uploads\/2024\/09\/cropped-1elementvape-3.png\",\"width\":285,\"height\":228,\"caption\":\"ElementVape.DE\"},\"image\":{\"@id\":\"https:\/\/www.elementvape.de\/#\/schema\/logo\/image\/\"}}]}<\/script>\n<!-- \/ Yoast SEO plugin. -->","yoast_head_json":{"title":"Joyetech Widewick Air Kit 800mAh Batterie 2ml Patrone Pod E-Zigarette mtl vape | ElementVape.de","description":"Wir bieten Joyetech Widewick Air Kit 800mAh Batterie 2ml Patrone Pod E-Zigarette mtl vape , Elementvape.de akzeptieren Gro\u00df-und Einzelhandel Bestellungen.","robots":{"index":"index","follow":"follow","max-snippet":"max-snippet:-1","max-image-preview":"max-image-preview:large","max-video-preview":"max-video-preview:-1"},"canonical":"https:\/\/www.elementvape.de\/es\/produkt\/joyetech-widewick-air-kit-800mah-batterie-2ml-patrone-pod-e-zigarette-mtl-vape\/","og_locale":"es_ES","og_type":"article","og_title":"Joyetech Widewick Air Kit 800mAh Batterie 2ml Patrone Pod E-Zigarette mtl vape | ElementVape.de","og_description":"Wir bieten Joyetech Widewick Air Kit 800mAh Batterie 2ml Patrone Pod E-Zigarette mtl vape , Elementvape.de akzeptieren Gro\u00df-und Einzelhandel Bestellungen.","og_url":"https:\/\/www.elementvape.de\/es\/produkt\/joyetech-widewick-air-kit-800mah-batterie-2ml-patrone-pod-e-zigarette-mtl-vape\/","og_site_name":"ElementVape.de","article_modified_time":"2024-12-12T06:37:23+00:00","og_image":[{"width":800,"height":800,"url":"https:\/\/ae01.alicdn.com\/kf\/S8ee476a92a1748cfb9dacb8ea9bcd541r\/Original-Joyetech-Widewick-Air-Kit-800mAh-Batterie-2ml-Patrone-Pod-1-2-Ohm-Vapor-izer-elektronische.jpg","type":"image\/jpeg"}],"twitter_card":"summary_large_image","twitter_misc":{"Est. reading time":"5 minutos"},"schema":{"@context":"https:\/\/schema.org","@graph":[{"@type":"WebPage","@id":"https:\/\/www.elementvape.de\/produkt\/joyetech-widewick-air-kit-800mah-batterie-2ml-patrone-pod-e-zigarette-mtl-vape\/","url":"https:\/\/www.elementvape.de\/produkt\/joyetech-widewick-air-kit-800mah-batterie-2ml-patrone-pod-e-zigarette-mtl-vape\/","name":"Joyetech Widewick Air Kit 800mAh Batterie 2ml Patrone Pod E-Zigarette mtl vape | ElementVape.de","isPartOf":{"@id":"https:\/\/www.elementvape.de\/#website"},"primaryImageOfPage":{"@id":"https:\/\/www.elementvape.de\/produkt\/joyetech-widewick-air-kit-800mah-batterie-2ml-patrone-pod-e-zigarette-mtl-vape\/#primaryimage"},"image":{"@id":"https:\/\/www.elementvape.de\/produkt\/joyetech-widewick-air-kit-800mah-batterie-2ml-patrone-pod-e-zigarette-mtl-vape\/#primaryimage"},"thumbnailUrl":"https:\/\/ae01.alicdn.com\/kf\/S8ee476a92a1748cfb9dacb8ea9bcd541r\/Original-Joyetech-Widewick-Air-Kit-800mAh-Batterie-2ml-Patrone-Pod-1-2-Ohm-Vapor-izer-elektronische.jpg","datePublished":"2024-04-20T05:53:37+00:00","dateModified":"2024-12-12T06:37:23+00:00","description":"Wir bieten Joyetech Widewick Air Kit 800mAh Batterie 2ml Patrone Pod E-Zigarette mtl vape , Elementvape.de akzeptieren Gro\u00df-und Einzelhandel Bestellungen.","breadcrumb":{"@id":"https:\/\/www.elementvape.de\/produkt\/joyetech-widewick-air-kit-800mah-batterie-2ml-patrone-pod-e-zigarette-mtl-vape\/#breadcrumb"},"inLanguage":"es","potentialAction":[{"@type":"ReadAction","target":["https:\/\/www.elementvape.de\/produkt\/joyetech-widewick-air-kit-800mah-batterie-2ml-patrone-pod-e-zigarette-mtl-vape\/"]}]},{"@type":"ImageObject","inLanguage":"es","@id":"https:\/\/www.elementvape.de\/produkt\/joyetech-widewick-air-kit-800mah-batterie-2ml-patrone-pod-e-zigarette-mtl-vape\/#primaryimage","url":"https:\/\/ae01.alicdn.com\/kf\/S8ee476a92a1748cfb9dacb8ea9bcd541r\/Original-Joyetech-Widewick-Air-Kit-800mAh-Batterie-2ml-Patrone-Pod-1-2-Ohm-Vapor-izer-elektronische.jpg","contentUrl":"https:\/\/ae01.alicdn.com\/kf\/S8ee476a92a1748cfb9dacb8ea9bcd541r\/Original-Joyetech-Widewick-Air-Kit-800mAh-Batterie-2ml-Patrone-Pod-1-2-Ohm-Vapor-izer-elektronische.jpg","width":800,"height":800},{"@type":"BreadcrumbList","@id":"https:\/\/www.elementvape.de\/produkt\/joyetech-widewick-air-kit-800mah-batterie-2ml-patrone-pod-e-zigarette-mtl-vape\/#breadcrumb","itemListElement":[{"@type":"ListItem","position":1,"name":"Home","item":"https:\/\/www.elementvape.de\/"},{"@type":"ListItem","position":2,"name":"Shop","item":"https:\/\/www.elementvape.de\/shop\/"},{"@type":"ListItem","position":3,"name":"Joyetech Widewick Air Kit 800mAh Batterie 2ml Patrone Pod E-Zigarette mtl vape"}]},{"@type":"WebSite","@id":"https:\/\/www.elementvape.de\/#website","url":"https:\/\/www.elementvape.de\/","name":"ElementVape.de","description":"","publisher":{"@id":"https:\/\/www.elementvape.de\/#organization"},"potentialAction":[{"@type":"SearchAction","target":{"@type":"EntryPoint","urlTemplate":"https:\/\/www.elementvape.de\/?s={search_term_string}"},"query-input":"required name=search_term_string"}],"inLanguage":"es"},{"@type":"Organization","@id":"https:\/\/www.elementvape.de\/#organization","name":"ElementVape.DE","url":"https:\/\/www.elementvape.de\/","logo":{"@type":"ImageObject","inLanguage":"es","@id":"https:\/\/www.elementvape.de\/#\/schema\/logo\/image\/","url":"https:\/\/www.elementvape.de\/wp-content\/uploads\/2024\/09\/cropped-1elementvape-3.png","contentUrl":"https:\/\/www.elementvape.de\/wp-content\/uploads\/2024\/09\/cropped-1elementvape-3.png","width":285,"height":228,"caption":"ElementVape.DE"},"image":{"@id":"https:\/\/www.elementvape.de\/#\/schema\/logo\/image\/"}}]}},"_links":{"self":[{"href":"https:\/\/www.elementvape.de\/es\/wp-json\/wp\/v2\/product\/6978"}],"collection":[{"href":"https:\/\/www.elementvape.de\/es\/wp-json\/wp\/v2\/product"}],"about":[{"href":"https:\/\/www.elementvape.de\/es\/wp-json\/wp\/v2\/types\/product"}],"wp:featuredmedia":[{"embeddable":true,"href":"https:\/\/www.elementvape.de\/es\/wp-json\/wp\/v2\/media\/6980"}],"wp:attachment":[{"href":"https:\/\/www.elementvape.de\/es\/wp-json\/wp\/v2\/media?parent=6978"}],"wp:term":[{"taxonomy":"product_cat","embeddable":true,"href":"https:\/\/www.elementvape.de\/es\/wp-json\/wp\/v2\/product_cat?post=6978"},{"taxonomy":"product_tag","embeddable":true,"href":"https:\/\/www.elementvape.de\/es\/wp-json\/wp\/v2\/product_tag?post=6978"}],"curies":[{"name":"wp","href":"https:\/\/api.w.org\/{rel}","templated":true}]}}