{"id":6866,"date":"2024-04-20T03:50:57","date_gmt":"2024-04-20T03:50:57","guid":{"rendered":"https:\/\/www.elementvape.de\/?post_type=product&#038;p=6866"},"modified":"2024-12-12T06:37:31","modified_gmt":"2024-12-12T06:37:31","slug":"joyetech-eroll-slim-kit-mit-pcc-box-13w-vape-mit","status":"publish","type":"product","link":"https:\/\/www.elementvape.de\/es\/produkt\/joyetech-eroll-slim-kit-mit-pcc-box-13w-vape-mit\/","title":{"rendered":"Kit Joyetech Eroll Slim con caja PCC, vapeo de 13W"},"content":{"rendered":"<p>&nbsp;<\/p>\n<div class=\"product-specs-list-container\">\n<ul class=\"product-specs-list util-clearfix\">\n<li class=\"product-prop line-limit-length\"><span class=\"property-title\">Apariencia:\u00a0<\/span><span class=\"property-desc line-limit-length\">Forma de caja<\/span><\/li>\n<li class=\"product-prop line-limit-length\"><span class=\"property-title\">Bater\u00eda compatible:\u00a0<\/span><span class=\"property-desc line-limit-length\">bater\u00eda integrada<\/span><\/li>\n<li class=\"product-prop line-limit-length\"><span class=\"property-title\">Funci\u00f3n de monitoreo de la cantidad de humo:\u00a0<\/span><span class=\"property-desc line-limit-length\">No<\/span><\/li>\n<li class=\"product-prop line-limit-length\"><span class=\"property-title\">Funda de silicona:\u00a0<\/span><span class=\"property-desc line-limit-length\">No<\/span><\/li>\n<li class=\"product-prop line-limit-length\"><span class=\"property-title\">Regulaci\u00f3n de temperatura:\u00a0<\/span><span class=\"property-desc line-limit-length\">No<\/span><\/li>\n<li class=\"product-prop line-limit-length\"><span class=\"property-title\">Bater\u00eda incorporada o externa:\u00a0<\/span><span class=\"property-desc line-limit-length\">Incorporada<\/span><\/li>\n<li class=\"product-prop line-limit-length\"><span class=\"property-title\">Funci\u00f3n de protecci\u00f3n contra cortocircuitos:\u00a0<\/span><span class=\"property-desc line-limit-length\">Ja<\/span><\/li>\n<li class=\"product-prop line-limit-length\"><span class=\"property-title\">Funci\u00f3n de protecci\u00f3n contra sobrecalentamiento:\u00a0<\/span><span class=\"property-desc line-limit-length\">Ja<\/span><\/li>\n<li class=\"product-prop line-limit-length\"><span class=\"property-title\">Funci\u00f3n de alarma de bajo voltaje:\u00a0<\/span><span class=\"property-desc line-limit-length\">Ja<\/span><\/li>\n<li class=\"product-prop line-limit-length\"><span class=\"property-title\">Funci\u00f3n de identificaci\u00f3n del atomizador:\u00a0<\/span><span class=\"property-desc line-limit-length\">Ja<\/span><\/li>\n<li class=\"product-prop line-limit-length\"><span class=\"property-title\">Modos de ajuste TCR:\u00a0<\/span><span class=\"property-desc line-limit-length\">No<\/span><\/li>\n<li class=\"product-prop line-limit-length\"><span class=\"property-title\">Capacidad nominal:\u00a0<\/span><span class=\"property-desc line-limit-length\">Ninguna<\/span><\/li>\n<li class=\"product-prop line-limit-length\"><span class=\"property-title\">Material:\u00a0<\/span><span class=\"property-desc line-limit-length\">Metal<\/span><\/li>\n<li class=\"product-prop line-limit-length\"><span class=\"property-title\">Modelo compatible:\u00a0<\/span><span class=\"property-desc line-limit-length\">Vapeador de Cigarrillo Electr\u00f3nico<\/span><\/li>\n<li class=\"product-prop line-limit-length\"><span class=\"property-title\">N\u00famero de modelo:\u00a0<\/span><span class=\"property-desc line-limit-length\">Kit Joyetech eRoll Slim con caja PCC<\/span><\/li>\n<li class=\"product-prop line-limit-length\"><span class=\"property-title\">Cargador USB:\u00a0<\/span><span class=\"property-desc line-limit-length\">Ja<\/span><\/li>\n<li class=\"product-prop line-limit-length\"><span class=\"property-title\">Actualizaci\u00f3n de firmware:\u00a0<\/span><span class=\"property-desc line-limit-length\">Ja<\/span><\/li>\n<li class=\"product-prop line-limit-length\"><span class=\"property-title\">Pantalla:\u00a0<\/span><span class=\"property-desc line-limit-length\">No<\/span><\/li>\n<li class=\"product-prop line-limit-length\"><span class=\"property-title\">Tipo:\u00a0<\/span><span class=\"property-desc line-limit-length\">Con bater\u00eda<\/span><\/li>\n<li class=\"product-prop line-limit-length\"><span class=\"property-title\">Nombre de la marca:\u00a0<\/span><span class=\"property-desc line-limit-length\">JOYETECH<\/span><\/li>\n<li class=\"product-prop line-limit-length\"><span class=\"property-title\">Origen:\u00a0<\/span><span class=\"property-desc line-limit-length\">CN (origen)<\/span><\/li>\n<li class=\"product-prop line-limit-length\"><span class=\"property-title\">Capacidad de la bater\u00eda:\u00a0<\/span><span class=\"property-desc line-limit-length\">Caja PCC: Bater\u00eda integrada de 1500mAh Kit eRoll Slim: Bater\u00eda integrada de 480mAh<\/span><\/li>\n<li class=\"product-prop line-limit-length\"><span class=\"property-title\">Tama\u00f1o:\u00a0<\/span><span class=\"property-desc line-limit-length\">Caja PCC: 23*44*107mm Kit eRoll Slim: 16*120mm<\/span><\/li>\n<li class=\"product-prop line-limit-length\"><span class=\"property-title\">Corriente de carga:\u00a0<\/span><span class=\"property-desc line-limit-length\">Caja PCC: USB-C (5V\/2A) Kit eRoll Slim: USB-C (5V\/1A)<\/span><\/li>\n<li class=\"product-prop line-limit-length\"><span class=\"property-title\">Potencia de salida:\u00a0<\/span><span class=\"property-desc line-limit-length\">13W m\u00e1x.<\/span><\/li>\n<li class=\"product-prop line-limit-length\"><span class=\"property-title\">Capacidad de carga:\u00a0<\/span><span class=\"property-desc line-limit-length\">2ml<\/span><\/li>\n<li class=\"product-prop line-limit-length\"><span class=\"property-title\">Bater\u00eda incorporada o externa: Incorporada\u00a0<\/span><span class=\"property-desc line-limit-length\">Azul, Rojo, Negro, Gunmetal Grey, Oro<\/span><\/li>\n<\/ul>\n<\/div>\n<div class=\"detailmodule_html\">\n<div class=\"detail-desc-decorate-richtext\">\n<div class=\"detailmodule_text\">\n<p id=\"tl_1\" class=\"detail-desc-decorate-title\" style=\"font-family: OpenSans; font-size: 20px; font-weight: 900; line-height: 28px; margin-bottom: 12px;\">Kit original Joyetech Eroll Slim con caja PCC, 13W, con bater\u00eda de 480mAh, cargador de 1500mAh, estuche de carga, 2ml, cartucho de 1,0 Ohm, cigarrillo electr\u00f3nico<\/p>\n<\/div>\n<div class=\"detailmodule_text\">\n<p id=\"tl_2\" class=\"detail-desc-decorate-title\" style=\"font-family: OpenSans; font-size: 20px; font-weight: 900; line-height: 28px; margin-bottom: 12px;\">Descripci\u00f3n:<\/p>\n<p id=\"tl_3\" class=\"detail-desc-decorate-content\" style=\"font-family: OpenSans; font-size: 14px; font-weight: 300; line-height: 20px; margin-bottom: 12px;\">El kit Eroll Slim est\u00e1 hecho de metal y cuero para ser elegante y con estilo. Funciona con una bater\u00eda integrada de 480mAh y una potencia m\u00e1xima de 13W, cargada por USB-C. Tambi\u00e9n incluye una caja de carga port\u00e1til de 1500mAh para soportar todo el d\u00eda de vapeo. Eroll Slim cuenta con un cartucho recargable de 2ml que ofrece una resistencia de 1.0\u03a9 de malla, brind\u00e1ndole un sabor puro incomparable y una experiencia de garganta perfecta. Incluye boquillas est\u00e1ndar\/estrechas de 510, que pueden ofrecerle diferentes experiencias de vapeo.<\/p>\n<\/div>\n<div class=\"detailmodule_text\">\n<p id=\"tl_4\" class=\"detail-desc-decorate-title\" style=\"font-family: OpenSans; font-size: 20px; font-weight: 900; line-height: 28px; margin-bottom: 12px;\">Par\u00e1metros:<\/p>\n<p id=\"tl_5\" class=\"detail-desc-decorate-content\" style=\"font-family: OpenSans; font-size: 14px; font-weight: 300; line-height: 20px; margin-bottom: 12px;\">Marca: joyetech<br \/>\nNombre del producto: kit eroll slim con caja pcc<br \/>\nTama\u00f1o de la caja pcc: 23*44*107mm<br \/>\nKit Eroll Slim: 16*120mm<br \/>\nCapacidad de la bater\u00eda: Caja PCC: bater\u00eda integrada de 1500mAh<br \/>\nKit Eroll Slim: bater\u00eda integrada de 480mAh<br \/>\nCorriente de carga de la caja pcc: USB-C (5V\/2A)<br \/>\nEroll kit delgado: USB-C (5v\/1a)<br \/>\nPotencia en vatios: 13w m\u00e1x<br \/>\nCapacidad del pod: 2ml<br \/>\nDi\u00e1metro del agujero de llenado: 3,5mm<br \/>\nRango de resistencia: 1\u03a9<br \/>\nColor: azul, rojo, negro, gris metal de arma, oro<\/p>\n<\/div>\n<div class=\"detailmodule_text\">\n<p id=\"tl_6\" class=\"detail-desc-decorate-title\" style=\"font-family: OpenSans; font-size: 20px; font-weight: 900; line-height: 28px; margin-bottom: 12px;\">Detalles:<\/p>\n<p id=\"tl_7\" class=\"detail-desc-decorate-content\" style=\"font-family: OpenSans; font-size: 14px; font-weight: 300; line-height: 20px; margin-bottom: 12px;\">1. acepta una bater\u00eda incorporada de 480mah para vaporizador con un m\u00e1ximo de 13w<br \/>\n2. equipado con estuche de carga port\u00e1til de 1500mah (PCC)<br \/>\n3. soporta carga inal\u00e1mbrica magn\u00e9tica y carga por USB-C<br \/>\n4. indicador de bater\u00eda de 3 colores para vaporizador delgado<br \/>\n5. indicador de bater\u00eda del PCC para conocer el nivel de bater\u00eda<br \/>\n6. dise\u00f1ado con alarma de vibraci\u00f3n inteligente<br \/>\n7. material de metal y cuero, dise\u00f1o ergon\u00f3mico<br \/>\n8. incluye cartucho recargable delgado eroll de 2ml<br \/>\n9. viene con boquilla est\u00e1ndar y estrecha de 510<br \/>\n10. acepta una bobina de malla de 1.0\u03a9 para un sabor puro<br \/>\n11. dise\u00f1ado con sistema activado por inhalaci\u00f3n<\/p>\n<\/div>\n<div class=\"detailmodule_text\">\n<p id=\"tl_8\" class=\"detail-desc-decorate-title\" style=\"font-family: OpenSans; font-size: 20px; font-weight: 900; line-height: 28px; margin-bottom: 12px;\">Paquete completo del kit:<\/p>\n<p id=\"tl_9\" class=\"detail-desc-decorate-content\" style=\"font-family: OpenSans; font-size: 14px; font-weight: 300; line-height: 20px; margin-bottom: 12px;\">1 * caja PCC<br \/>\n1 * bater\u00eda delgada eroll<br \/>\n1 * cartucho delgado eroll<br \/>\nPunta de goteo est\u00e1ndar 510 *<br \/>\nPunta de goteo estrecha 510 *<br \/>\n1 * cable USB tipo-C<br \/>\n1 * manual de usuario<br \/>\n1 * tarjeta de garant\u00eda<\/p>\n<\/div>\n<div class=\"detailmodule_image\"><img decoding=\"async\" loading=\"lazy\" class=\"detail-desc-decorate-image\" src=\"https:\/\/ae01.alicdn.com\/kf\/S27be604cd35e4b109e4d1ff1285a6b24h.jpg\" \/><br \/>\n<img decoding=\"async\" loading=\"lazy\" class=\"detail-desc-decorate-image\" src=\"https:\/\/ae01.alicdn.com\/kf\/Sfc2c19326cab48f4846dd7a5e9037b68n.jpg\" \/><br \/>\n<img decoding=\"async\" loading=\"lazy\" class=\"detail-desc-decorate-image\" src=\"https:\/\/ae01.alicdn.com\/kf\/Sc35e62aebb98478799d14d98da488a85e.jpg\" \/><br \/>\n<img decoding=\"async\" loading=\"lazy\" class=\"detail-desc-decorate-image\" src=\"https:\/\/ae01.alicdn.com\/kf\/S3f2d462acdf845928045051e9397302cc.jpg\" \/><br \/>\n<img decoding=\"async\" loading=\"lazy\" class=\"detail-desc-decorate-image\" src=\"https:\/\/ae01.alicdn.com\/kf\/Sc1fa826792834b37afaa8b13477119dcq.jpg\" \/><br \/>\n<img decoding=\"async\" loading=\"lazy\" class=\"detail-desc-decorate-image\" src=\"https:\/\/ae01.alicdn.com\/kf\/S8d2de2b536314e8fbf84ccc836c0e8e5D.jpg\" \/><br \/>\n<img decoding=\"async\" loading=\"lazy\" class=\"detail-desc-decorate-image\" src=\"https:\/\/ae01.alicdn.com\/kf\/S70d565d82cbe4490975e1cf87a098d8fT.jpg\" \/><br \/>\n<img decoding=\"async\" loading=\"lazy\" class=\"detail-desc-decorate-image\" src=\"https:\/\/ae01.alicdn.com\/kf\/S81048d2ac21f43c693b55070d63676e6I.jpg\" \/><br \/>\n<img decoding=\"async\" loading=\"lazy\" class=\"detail-desc-decorate-image\" src=\"https:\/\/ae01.alicdn.com\/kf\/S57958f6c12fe497c8913fc7f9275be03d.jpg\" \/><br \/>\n<img decoding=\"async\" loading=\"lazy\" class=\"detail-desc-decorate-image\" src=\"https:\/\/ae01.alicdn.com\/kf\/S04329ce0dce440a295332a1ba26e8390y.jpg\" \/><\/div>\n<div class=\"detailmodule_image\"><img decoding=\"async\" loading=\"lazy\" class=\"detail-desc-decorate-image\" src=\"https:\/\/ae01.alicdn.com\/kf\/S5c6f96c15e5348b8a03f747b32b331434.jpg\" \/><\/div>\n<p>&nbsp;<\/p>\n<\/div>\n<\/div>","protected":false},"excerpt":{"rendered":"<p>&nbsp; Aussehen:\u00a0Box Form Kompatibler Akku:\u00a0built-in battery \u00dcberwachung Funktion Von Rauchen Anzahl:\u00a0Nein Silikon Fall:\u00a0Nein Temperaturregelung:\u00a0Nein Eingebaute Oder Externe Batterie:\u00a0Eingebaute Kurzschlussschutz Funktion:\u00a0Ja \u00dcberhitzungsschutz-funktion:\u00a0Ja Niederspannungsalarmfunktion:\u00a0Ja Zerst\u00e4uber Identifikation Funktion:\u00a0Ja TCR Einstellung Modi:\u00a0Nein Nominale Kapazit\u00e4t:\u00a0Kein Material:\u00a0Metall Compatible Model:\u00a0Electronic Cigarette Vape Pen Modellnummer:\u00a0Joyetech eRoll Slim Kit with PCC Box Usb-ladeger\u00e4t:\u00a0Ja Firmware-upgrade:\u00a0Ja Display:\u00a0Nein Art:\u00a0Mit Batterie Markenname:\u00a0JOYETECH Ursprung:\u00a0CN (Herkunft) Battery Capacity:\u00a0PCC Box: Built-in [&hellip;]<\/p>","protected":false},"featured_media":6868,"template":"","meta":{"inline_featured_image":false},"product_cat":[752,756,739,743,76,79,81],"product_tag":[],"tiered_pricing_type":"fixed","tiered_pricing_fixed_rules":[],"tiered_pricing_percentage_rules":[],"tiered_pricing_minimum":1,"_administrator_tiered_pricing_type":"fixed","_administrator_tiered_pricing_fixed_rules":[],"_editor_tiered_pricing_type":"fixed","_editor_tiered_pricing_fixed_rules":[],"_author_tiered_pricing_type":"fixed","_author_tiered_pricing_fixed_rules":[],"_contributor_tiered_pricing_type":"fixed","_contributor_tiered_pricing_fixed_rules":[],"_subscriber_tiered_pricing_type":"fixed","_subscriber_tiered_pricing_fixed_rules":[],"_customer_tiered_pricing_type":"fixed","_customer_tiered_pricing_fixed_rules":[],"_shop_manager_tiered_pricing_type":"fixed","_shop_manager_tiered_pricing_fixed_rules":[],"_wpseo_manager_tiered_pricing_type":"fixed","_wpseo_manager_tiered_pricing_fixed_rules":[],"_wpseo_editor_tiered_pricing_type":"fixed","_wpseo_editor_tiered_pricing_fixed_rules":[],"_wholesale_customer_tiered_pricing_type":"fixed","_wholesale_customer_tiered_pricing_fixed_rules":[],"_marketer_tiered_pricing_type":"fixed","_marketer_tiered_pricing_fixed_rules":[],"_sales_manager_tiered_pricing_type":"fixed","_sales_manager_tiered_pricing_fixed_rules":[],"_sales_rep_tiered_pricing_type":"fixed","_sales_rep_tiered_pricing_fixed_rules":[],"yoast_head":"<!-- This site is optimized with the Yoast SEO plugin v23.3 - https:\/\/yoast.com\/wordpress\/plugins\/seo\/ -->\n<title>Joyetech Eroll Slim Kit mit PCC Box 13W Vape mit | ElementVape.de<\/title>\n<meta name=\"description\" content=\"Wir bieten Joyetech Eroll Slim Kit mit PCC Box 13W Vape mit , Elementvape.de akzeptieren Gro\u00df-und Einzelhandel Bestellungen.\" \/>\n<meta name=\"robots\" content=\"index, follow, max-snippet:-1, max-image-preview:large, max-video-preview:-1\" \/>\n<link rel=\"canonical\" href=\"https:\/\/www.elementvape.de\/es\/produkt\/joyetech-eroll-slim-kit-mit-pcc-box-13w-vape-mit\/\" \/>\n<meta property=\"og:locale\" content=\"es_ES\" \/>\n<meta property=\"og:type\" content=\"article\" \/>\n<meta property=\"og:title\" content=\"Joyetech Eroll Slim Kit mit PCC Box 13W Vape mit | ElementVape.de\" \/>\n<meta property=\"og:description\" content=\"Wir bieten Joyetech Eroll Slim Kit mit PCC Box 13W Vape mit , Elementvape.de akzeptieren Gro\u00df-und Einzelhandel Bestellungen.\" \/>\n<meta property=\"og:url\" content=\"https:\/\/www.elementvape.de\/es\/produkt\/joyetech-eroll-slim-kit-mit-pcc-box-13w-vape-mit\/\" \/>\n<meta property=\"og:site_name\" content=\"ElementVape.de\" \/>\n<meta property=\"article:modified_time\" content=\"2024-12-12T06:37:31+00:00\" \/>\n<meta property=\"og:image\" content=\"https:\/\/ae01.alicdn.com\/kf\/Sb094d586e6104294bd8cf3d84d707a5fM\/Original-Joyetech-Eroll-Slim-Kit-mit-PCC-Box-13W-Vape-mit-480mAh-Akku-1500mAh-Lade-koffer.jpg\" \/>\n\t<meta property=\"og:image:width\" content=\"800\" \/>\n\t<meta property=\"og:image:height\" content=\"800\" \/>\n\t<meta property=\"og:image:type\" content=\"image\/jpeg\" \/>\n<meta name=\"twitter:card\" content=\"summary_large_image\" \/>\n<meta name=\"twitter:label1\" content=\"Est. reading time\" \/>\n\t<meta name=\"twitter:data1\" content=\"5 minutos\" \/>\n<script type=\"application\/ld+json\" class=\"yoast-schema-graph\">{\"@context\":\"https:\/\/schema.org\",\"@graph\":[{\"@type\":\"WebPage\",\"@id\":\"https:\/\/www.elementvape.de\/produkt\/joyetech-eroll-slim-kit-mit-pcc-box-13w-vape-mit\/\",\"url\":\"https:\/\/www.elementvape.de\/produkt\/joyetech-eroll-slim-kit-mit-pcc-box-13w-vape-mit\/\",\"name\":\"Joyetech Eroll Slim Kit mit PCC Box 13W Vape mit | ElementVape.de\",\"isPartOf\":{\"@id\":\"https:\/\/www.elementvape.de\/#website\"},\"primaryImageOfPage\":{\"@id\":\"https:\/\/www.elementvape.de\/produkt\/joyetech-eroll-slim-kit-mit-pcc-box-13w-vape-mit\/#primaryimage\"},\"image\":{\"@id\":\"https:\/\/www.elementvape.de\/produkt\/joyetech-eroll-slim-kit-mit-pcc-box-13w-vape-mit\/#primaryimage\"},\"thumbnailUrl\":\"https:\/\/ae01.alicdn.com\/kf\/Sb094d586e6104294bd8cf3d84d707a5fM\/Original-Joyetech-Eroll-Slim-Kit-mit-PCC-Box-13W-Vape-mit-480mAh-Akku-1500mAh-Lade-koffer.jpg\",\"datePublished\":\"2024-04-20T03:50:57+00:00\",\"dateModified\":\"2024-12-12T06:37:31+00:00\",\"description\":\"Wir bieten Joyetech Eroll Slim Kit mit PCC Box 13W Vape mit , Elementvape.de akzeptieren Gro\u00df-und Einzelhandel Bestellungen.\",\"breadcrumb\":{\"@id\":\"https:\/\/www.elementvape.de\/produkt\/joyetech-eroll-slim-kit-mit-pcc-box-13w-vape-mit\/#breadcrumb\"},\"inLanguage\":\"es\",\"potentialAction\":[{\"@type\":\"ReadAction\",\"target\":[\"https:\/\/www.elementvape.de\/produkt\/joyetech-eroll-slim-kit-mit-pcc-box-13w-vape-mit\/\"]}]},{\"@type\":\"ImageObject\",\"inLanguage\":\"es\",\"@id\":\"https:\/\/www.elementvape.de\/produkt\/joyetech-eroll-slim-kit-mit-pcc-box-13w-vape-mit\/#primaryimage\",\"url\":\"https:\/\/ae01.alicdn.com\/kf\/Sb094d586e6104294bd8cf3d84d707a5fM\/Original-Joyetech-Eroll-Slim-Kit-mit-PCC-Box-13W-Vape-mit-480mAh-Akku-1500mAh-Lade-koffer.jpg\",\"contentUrl\":\"https:\/\/ae01.alicdn.com\/kf\/Sb094d586e6104294bd8cf3d84d707a5fM\/Original-Joyetech-Eroll-Slim-Kit-mit-PCC-Box-13W-Vape-mit-480mAh-Akku-1500mAh-Lade-koffer.jpg\",\"width\":800,\"height\":800},{\"@type\":\"BreadcrumbList\",\"@id\":\"https:\/\/www.elementvape.de\/produkt\/joyetech-eroll-slim-kit-mit-pcc-box-13w-vape-mit\/#breadcrumb\",\"itemListElement\":[{\"@type\":\"ListItem\",\"position\":1,\"name\":\"Home\",\"item\":\"https:\/\/www.elementvape.de\/\"},{\"@type\":\"ListItem\",\"position\":2,\"name\":\"Shop\",\"item\":\"https:\/\/www.elementvape.de\/shop\/\"},{\"@type\":\"ListItem\",\"position\":3,\"name\":\"Joyetech Eroll Slim Kit mit PCC Box 13W Vape mit\"}]},{\"@type\":\"WebSite\",\"@id\":\"https:\/\/www.elementvape.de\/#website\",\"url\":\"https:\/\/www.elementvape.de\/\",\"name\":\"ElementVape.de\",\"description\":\"\",\"publisher\":{\"@id\":\"https:\/\/www.elementvape.de\/#organization\"},\"potentialAction\":[{\"@type\":\"SearchAction\",\"target\":{\"@type\":\"EntryPoint\",\"urlTemplate\":\"https:\/\/www.elementvape.de\/?s={search_term_string}\"},\"query-input\":\"required name=search_term_string\"}],\"inLanguage\":\"es\"},{\"@type\":\"Organization\",\"@id\":\"https:\/\/www.elementvape.de\/#organization\",\"name\":\"ElementVape.DE\",\"url\":\"https:\/\/www.elementvape.de\/\",\"logo\":{\"@type\":\"ImageObject\",\"inLanguage\":\"es\",\"@id\":\"https:\/\/www.elementvape.de\/#\/schema\/logo\/image\/\",\"url\":\"https:\/\/www.elementvape.de\/wp-content\/uploads\/2024\/09\/cropped-1elementvape-3.png\",\"contentUrl\":\"https:\/\/www.elementvape.de\/wp-content\/uploads\/2024\/09\/cropped-1elementvape-3.png\",\"width\":285,\"height\":228,\"caption\":\"ElementVape.DE\"},\"image\":{\"@id\":\"https:\/\/www.elementvape.de\/#\/schema\/logo\/image\/\"}}]}<\/script>\n<!-- \/ Yoast SEO plugin. -->","yoast_head_json":{"title":"Joyetech Eroll Slim Kit mit PCC Box 13W Vape mit | ElementVape.de","description":"Wir bieten Joyetech Eroll Slim Kit mit PCC Box 13W Vape mit , Elementvape.de akzeptieren Gro\u00df-und Einzelhandel Bestellungen.","robots":{"index":"index","follow":"follow","max-snippet":"max-snippet:-1","max-image-preview":"max-image-preview:large","max-video-preview":"max-video-preview:-1"},"canonical":"https:\/\/www.elementvape.de\/es\/produkt\/joyetech-eroll-slim-kit-mit-pcc-box-13w-vape-mit\/","og_locale":"es_ES","og_type":"article","og_title":"Joyetech Eroll Slim Kit mit PCC Box 13W Vape mit | ElementVape.de","og_description":"Wir bieten Joyetech Eroll Slim Kit mit PCC Box 13W Vape mit , Elementvape.de akzeptieren Gro\u00df-und Einzelhandel Bestellungen.","og_url":"https:\/\/www.elementvape.de\/es\/produkt\/joyetech-eroll-slim-kit-mit-pcc-box-13w-vape-mit\/","og_site_name":"ElementVape.de","article_modified_time":"2024-12-12T06:37:31+00:00","og_image":[{"width":800,"height":800,"url":"https:\/\/ae01.alicdn.com\/kf\/Sb094d586e6104294bd8cf3d84d707a5fM\/Original-Joyetech-Eroll-Slim-Kit-mit-PCC-Box-13W-Vape-mit-480mAh-Akku-1500mAh-Lade-koffer.jpg","type":"image\/jpeg"}],"twitter_card":"summary_large_image","twitter_misc":{"Est. reading time":"5 minutos"},"schema":{"@context":"https:\/\/schema.org","@graph":[{"@type":"WebPage","@id":"https:\/\/www.elementvape.de\/produkt\/joyetech-eroll-slim-kit-mit-pcc-box-13w-vape-mit\/","url":"https:\/\/www.elementvape.de\/produkt\/joyetech-eroll-slim-kit-mit-pcc-box-13w-vape-mit\/","name":"Joyetech Eroll Slim Kit mit PCC Box 13W Vape mit | ElementVape.de","isPartOf":{"@id":"https:\/\/www.elementvape.de\/#website"},"primaryImageOfPage":{"@id":"https:\/\/www.elementvape.de\/produkt\/joyetech-eroll-slim-kit-mit-pcc-box-13w-vape-mit\/#primaryimage"},"image":{"@id":"https:\/\/www.elementvape.de\/produkt\/joyetech-eroll-slim-kit-mit-pcc-box-13w-vape-mit\/#primaryimage"},"thumbnailUrl":"https:\/\/ae01.alicdn.com\/kf\/Sb094d586e6104294bd8cf3d84d707a5fM\/Original-Joyetech-Eroll-Slim-Kit-mit-PCC-Box-13W-Vape-mit-480mAh-Akku-1500mAh-Lade-koffer.jpg","datePublished":"2024-04-20T03:50:57+00:00","dateModified":"2024-12-12T06:37:31+00:00","description":"Wir bieten Joyetech Eroll Slim Kit mit PCC Box 13W Vape mit , Elementvape.de akzeptieren Gro\u00df-und Einzelhandel Bestellungen.","breadcrumb":{"@id":"https:\/\/www.elementvape.de\/produkt\/joyetech-eroll-slim-kit-mit-pcc-box-13w-vape-mit\/#breadcrumb"},"inLanguage":"es","potentialAction":[{"@type":"ReadAction","target":["https:\/\/www.elementvape.de\/produkt\/joyetech-eroll-slim-kit-mit-pcc-box-13w-vape-mit\/"]}]},{"@type":"ImageObject","inLanguage":"es","@id":"https:\/\/www.elementvape.de\/produkt\/joyetech-eroll-slim-kit-mit-pcc-box-13w-vape-mit\/#primaryimage","url":"https:\/\/ae01.alicdn.com\/kf\/Sb094d586e6104294bd8cf3d84d707a5fM\/Original-Joyetech-Eroll-Slim-Kit-mit-PCC-Box-13W-Vape-mit-480mAh-Akku-1500mAh-Lade-koffer.jpg","contentUrl":"https:\/\/ae01.alicdn.com\/kf\/Sb094d586e6104294bd8cf3d84d707a5fM\/Original-Joyetech-Eroll-Slim-Kit-mit-PCC-Box-13W-Vape-mit-480mAh-Akku-1500mAh-Lade-koffer.jpg","width":800,"height":800},{"@type":"BreadcrumbList","@id":"https:\/\/www.elementvape.de\/produkt\/joyetech-eroll-slim-kit-mit-pcc-box-13w-vape-mit\/#breadcrumb","itemListElement":[{"@type":"ListItem","position":1,"name":"Home","item":"https:\/\/www.elementvape.de\/"},{"@type":"ListItem","position":2,"name":"Shop","item":"https:\/\/www.elementvape.de\/shop\/"},{"@type":"ListItem","position":3,"name":"Joyetech Eroll Slim Kit mit PCC Box 13W Vape mit"}]},{"@type":"WebSite","@id":"https:\/\/www.elementvape.de\/#website","url":"https:\/\/www.elementvape.de\/","name":"ElementVape.de","description":"","publisher":{"@id":"https:\/\/www.elementvape.de\/#organization"},"potentialAction":[{"@type":"SearchAction","target":{"@type":"EntryPoint","urlTemplate":"https:\/\/www.elementvape.de\/?s={search_term_string}"},"query-input":"required name=search_term_string"}],"inLanguage":"es"},{"@type":"Organization","@id":"https:\/\/www.elementvape.de\/#organization","name":"ElementVape.DE","url":"https:\/\/www.elementvape.de\/","logo":{"@type":"ImageObject","inLanguage":"es","@id":"https:\/\/www.elementvape.de\/#\/schema\/logo\/image\/","url":"https:\/\/www.elementvape.de\/wp-content\/uploads\/2024\/09\/cropped-1elementvape-3.png","contentUrl":"https:\/\/www.elementvape.de\/wp-content\/uploads\/2024\/09\/cropped-1elementvape-3.png","width":285,"height":228,"caption":"ElementVape.DE"},"image":{"@id":"https:\/\/www.elementvape.de\/#\/schema\/logo\/image\/"}}]}},"_links":{"self":[{"href":"https:\/\/www.elementvape.de\/es\/wp-json\/wp\/v2\/product\/6866"}],"collection":[{"href":"https:\/\/www.elementvape.de\/es\/wp-json\/wp\/v2\/product"}],"about":[{"href":"https:\/\/www.elementvape.de\/es\/wp-json\/wp\/v2\/types\/product"}],"wp:featuredmedia":[{"embeddable":true,"href":"https:\/\/www.elementvape.de\/es\/wp-json\/wp\/v2\/media\/6868"}],"wp:attachment":[{"href":"https:\/\/www.elementvape.de\/es\/wp-json\/wp\/v2\/media?parent=6866"}],"wp:term":[{"taxonomy":"product_cat","embeddable":true,"href":"https:\/\/www.elementvape.de\/es\/wp-json\/wp\/v2\/product_cat?post=6866"},{"taxonomy":"product_tag","embeddable":true,"href":"https:\/\/www.elementvape.de\/es\/wp-json\/wp\/v2\/product_tag?post=6866"}],"curies":[{"name":"wp","href":"https:\/\/api.w.org\/{rel}","templated":true}]}}