{"id":6842,"date":"2024-04-20T03:48:34","date_gmt":"2024-04-20T03:48:34","guid":{"rendered":"https:\/\/www.elementvape.de\/?post_type=product&#038;p=6842"},"modified":"2024-12-12T06:37:33","modified_gmt":"2024-12-12T06:37:33","slug":"uwell-caliburn-g3-pod-kit-integrierter-spulen-patrone-e-zigaretten-verdampfer","status":"publish","type":"product","link":"https:\/\/www.elementvape.de\/es\/produkt\/uwell-caliburn-g3-pod-kit-integrierter-spulen-patrone-e-zigaretten-verdampfer\/","title":{"rendered":"uwell caliburn g3 kit de c\u00e1psulas integrado con bobina vaporizador de cigarrillos electr\u00f3nicos"},"content":{"rendered":"<p>&nbsp;<\/p>\n<div class=\"product-specs-list-container\">\n<ul class=\"product-specs-list util-clearfix\">\n<li class=\"product-prop line-limit-length\"><span class=\"property-title\">Apariencia:\u00a0<\/span><span class=\"property-desc line-limit-length\">Forma de caja<\/span><\/li>\n<li class=\"product-prop line-limit-length\"><span class=\"property-title\">Bater\u00eda compatible:\u00a0<\/span><span class=\"property-desc line-limit-length\">Ninguna<\/span><\/li>\n<li class=\"product-prop line-limit-length\"><span class=\"property-title\">Funci\u00f3n de monitoreo de la cantidad de humo:\u00a0<\/span><span class=\"property-desc line-limit-length\">No<\/span><\/li>\n<li class=\"product-prop line-limit-length\"><span class=\"property-title\">Funda de silicona:\u00a0<\/span><span class=\"property-desc line-limit-length\">No<\/span><\/li>\n<li class=\"product-prop line-limit-length\"><span class=\"property-title\">Regulaci\u00f3n de temperatura:\u00a0<\/span><span class=\"property-desc line-limit-length\">No<\/span><\/li>\n<li class=\"product-prop line-limit-length\"><span class=\"property-title\">Bater\u00eda incorporada o externa:\u00a0<\/span><span class=\"property-desc line-limit-length\">Incorporada<\/span><\/li>\n<li class=\"product-prop line-limit-length\"><span class=\"property-title\">Funci\u00f3n de protecci\u00f3n contra cortocircuitos:\u00a0<\/span><span class=\"property-desc line-limit-length\">Ja<\/span><\/li>\n<li class=\"product-prop line-limit-length\"><span class=\"property-title\">Funci\u00f3n de protecci\u00f3n contra sobrecalentamiento:\u00a0<\/span><span class=\"property-desc line-limit-length\">Ja<\/span><\/li>\n<li class=\"product-prop line-limit-length\"><span class=\"property-title\">Funci\u00f3n de alarma de bajo voltaje:\u00a0<\/span><span class=\"property-desc line-limit-length\">Ja<\/span><\/li>\n<li class=\"product-prop line-limit-length\"><span class=\"property-title\">Funci\u00f3n de identificaci\u00f3n del atomizador:\u00a0<\/span><span class=\"property-desc line-limit-length\">Ja<\/span><\/li>\n<li class=\"product-prop line-limit-length\"><span class=\"property-title\">Modos de ajuste TCR:\u00a0<\/span><span class=\"property-desc line-limit-length\">No<\/span><\/li>\n<li class=\"product-prop line-limit-length\"><span class=\"property-title\">Capacidad nominal:\u00a0<\/span><span class=\"property-desc line-limit-length\">900 mAh<\/span><\/li>\n<li class=\"product-prop line-limit-length\"><span class=\"property-title\">Material:\u00a0<\/span><span class=\"property-desc line-limit-length\">Metal<\/span><\/li>\n<li class=\"product-prop line-limit-length\"><span class=\"property-title\">Modelo compatible:\u00a0<\/span><span class=\"property-desc line-limit-length\">Vapeador de Cigarrillo Electr\u00f3nico<\/span><\/li>\n<li class=\"product-prop line-limit-length\"><span class=\"property-title\">N\u00famero de modelo:\u00a0<\/span><span class=\"property-desc line-limit-length\">Kit de P\u00f3d Uwell Caliburn G3<\/span><\/li>\n<li class=\"product-prop line-limit-length\"><span class=\"property-title\">Cargador USB:\u00a0<\/span><span class=\"property-desc line-limit-length\">Ja<\/span><\/li>\n<li class=\"product-prop line-limit-length\"><span class=\"property-title\">Actualizaci\u00f3n de firmware:\u00a0<\/span><span class=\"property-desc line-limit-length\">No<\/span><\/li>\n<li class=\"product-prop line-limit-length\"><span class=\"property-title\">Pantalla:\u00a0<\/span><span class=\"property-desc line-limit-length\">Ja<\/span><\/li>\n<li class=\"product-prop line-limit-length\"><span class=\"property-title\">Tipo:\u00a0<\/span><span class=\"property-desc line-limit-length\">Con bater\u00eda<\/span><\/li>\n<li class=\"product-prop line-limit-length\"><span class=\"property-title\">Nombre de la marca:\u00a0<\/span><span class=\"property-desc line-limit-length\">UWELL<\/span><\/li>\n<li class=\"product-prop line-limit-length\"><span class=\"property-title\">Origen:\u00a0<\/span><span class=\"property-desc line-limit-length\">CN (origen)<\/span><\/li>\n<li class=\"product-prop line-limit-length\"><span class=\"property-title\">Dimensiones:\u00a0<\/span><span class=\"property-desc line-limit-length\">115,5 mm * 24 mm * 13,9 mm<\/span><\/li>\n<li class=\"product-prop line-limit-length\"><span class=\"property-title\">Materiales:\u00a0<\/span><span class=\"property-desc line-limit-length\">Cartucho: PCTG \/ Dispositivo: Aleaci\u00f3n de aluminio<\/span><\/li>\n<li class=\"product-prop line-limit-length\"><span class=\"property-title\">Capacidad del P\u00f3d Vac\u00edo:\u00a0<\/span><span class=\"property-desc line-limit-length\">2,5 ml<\/span><\/li>\n<li class=\"product-prop line-limit-length\"><span class=\"property-title\">Potencia de Salida:\u00a0<\/span><span class=\"property-desc line-limit-length\">25W<\/span><\/li>\n<\/ul>\n<\/div>\n<div class=\"detailmodule_html\">\n<div class=\"detail-desc-decorate-richtext\">\n<div class=\"detailmodule_text\">\n<p id=\"tl_1\" class=\"detail-desc-decorate-title\" style=\"font-family: OpenSans; font-size: 20px; font-weight: 900; line-height: 28px; margin-bottom: 12px;\">Kit de P\u00f3d Uwell Caliburn G3 original 25w vape 900mAh bater\u00eda con cartucho integrado de 2ml para resistencias, cigarrillos electr\u00f3nicos atomizador<\/p>\n<\/div>\n<div class=\"detailmodule_text\">\n<p id=\"tl_2\" class=\"detail-desc-decorate-title\" style=\"font-family: OpenSans; font-size: 20px; font-weight: 900; line-height: 28px; margin-bottom: 12px;\">Introducci\u00f3n<\/p>\n<p id=\"tl_3\" class=\"detail-desc-decorate-content\" style=\"font-family: OpenSans; font-size: 14px; font-weight: 300; line-height: 20px; margin-bottom: 12px;\">Caliburn G3 es el primer Caliburn de la serie G, que soporta 0,6 \u03a9, hasta 25w de potencia m\u00e1xima para usuarios de RDL de base libre y usuarios de sal nic MTL sueltos. Se ofrece una opci\u00f3n adicional de 0,9 \u03a9 para usuarios de MTL m\u00e1s ajustados con sal nic. La resistencia integrada en el cartucho proporciona un entorno herm\u00e9tico para una mejor durabilidad contra fugas. Los usuarios no necesitan reemplazar constantemente la resistencia ni lidiar con fugas de e-l\u00edquido, permitiendo una vaporizaci\u00f3n sin fugas, sin interrupciones y sin problemas. Este es el primer sistema de p\u00f3d bajo la serie Caliburn G con pantalla OLED. El Caliburn G3 ahora incluye un modo de bloqueo de bot\u00f3n de disparo, activaci\u00f3n autom\u00e1tica y ambos en funcionamiento. La capacidad de la bater\u00eda del Caliburn G3 se ha incrementado a 900 mAh en comparaci\u00f3n con el G2. Mantenemos un mecanismo de construcci\u00f3n de cuerpo de 3 capas para garantizar la m\u00e1xima protecci\u00f3n de todos los componentes internos.<\/p>\n<\/div>\n<div class=\"detailmodule_text\">\n<p id=\"tl_4\" class=\"detail-desc-decorate-title\" style=\"font-family: OpenSans; font-size: 20px; font-weight: 900; line-height: 28px; margin-bottom: 12px;\">Funciones<\/p>\n<p id=\"tl_5\" class=\"detail-desc-decorate-content\" style=\"font-family: OpenSans; font-size: 14px; font-weight: 300; line-height: 20px; margin-bottom: 12px;\">1. sistema de doble flujo de aire<br \/>\nCapacidad vac\u00eda de la cartucho de 2,2,5 ml<br \/>\n3. vista clara m\u00e1s ancha<br \/>\n4,2 carga r\u00e1pida<br \/>\n5. Tecnolog\u00eda de aroma Pro-Focs<\/p>\n<\/div>\n<div class=\"detailmodule_text\">\n<p id=\"tl_6\" class=\"detail-desc-decorate-title\" style=\"font-family: OpenSans; font-size: 20px; font-weight: 900; line-height: 28px; margin-bottom: 12px;\">Especificaci\u00f3n<\/p>\n<p id=\"tl_7\" class=\"detail-desc-decorate-content\" style=\"font-family: OpenSans; font-size: 14px; font-weight: 300; line-height: 20px; margin-bottom: 12px;\">Material del cartucho: pctg | Dispositivo: aleaci\u00f3n de aluminio<br \/>\nDimensiones: 115,5 mm * 24 mm * 13,9 mm<br \/>\nPeso neto: 47 g<br \/>\nCapacidad vac\u00eda: 2,5 ml (int.\/fda) | 2 ml (tpd)<br \/>\nPotencia de salida: m\u00e1ximo 25 W<br \/>\nEspecificaciones del cartucho (int.\/fda):<br \/>\nMalla de Fecral 0,6 \u03a9 cartucho integrado Caliburn G3 (recarga lateral)<br \/>\nMalla de Fecral 0,9 \u03a9 cartucho integrado Caliburn G3 (recarga lateral)<\/p>\n<\/div>\n<div class=\"detailmodule_text\">\n<p id=\"tl_8\" class=\"detail-desc-decorate-title\" style=\"font-family: OpenSans; font-size: 20px; font-weight: 900; line-height: 28px; margin-bottom: 12px;\">Lista de paquete<\/p>\n<p id=\"tl_9\" class=\"detail-desc-decorate-content\" style=\"font-family: OpenSans; font-size: 14px; font-weight: 300; line-height: 20px; margin-bottom: 12px;\">Dispositivo Caliburn G3 x 1<br \/>\nCartucho integrado Caliburn G3 de 0,6 ohmios (crc) x 1<br \/>\nCartucho integrado Caliburn G3 de 0,9 ohmios (crc) x 1<br \/>\nCable de carga Tipo-C x 1<br \/>\nLanyard x 1<br \/>\nManual de usuario x 1<\/p>\n<\/div>\n<div class=\"detailmodule_image\"><img decoding=\"async\" loading=\"lazy\" class=\"detail-desc-decorate-image\" src=\"https:\/\/ae01.alicdn.com\/kf\/S3e344c679bec472e84f4b7f30e58f024N.jpg\" \/><br \/>\n<img decoding=\"async\" loading=\"lazy\" class=\"detail-desc-decorate-image\" src=\"https:\/\/ae01.alicdn.com\/kf\/S1ccf8a613f39427189884efbea4ac14dH.jpg\" \/><br \/>\n<img decoding=\"async\" loading=\"lazy\" class=\"detail-desc-decorate-image\" src=\"https:\/\/ae01.alicdn.com\/kf\/Sac1fa914729c43ab89ba1e379129d6c1d.jpg\" \/><br \/>\n<img decoding=\"async\" loading=\"lazy\" class=\"detail-desc-decorate-image\" src=\"https:\/\/ae01.alicdn.com\/kf\/S1f12568fb3a042b1916e804d01579a92G.jpg\" \/><br \/>\n<img decoding=\"async\" loading=\"lazy\" class=\"detail-desc-decorate-image\" src=\"https:\/\/ae01.alicdn.com\/kf\/Sfb6403ca0f3040e59bfa60bf54248a1fY.jpg\" \/><\/div>\n<p>&nbsp;<\/p>\n<\/div>\n<\/div>","protected":false},"excerpt":{"rendered":"<p>&nbsp; Aussehen:\u00a0Box Form Kompatibler Akku:\u00a0Kein \u00dcberwachung Funktion Von Rauchen Anzahl:\u00a0Nein Silikon Fall:\u00a0Nein Temperaturregelung:\u00a0Nein Eingebaute Oder Externe Batterie:\u00a0Eingebaute Kurzschlussschutz Funktion:\u00a0Ja \u00dcberhitzungsschutz-funktion:\u00a0Ja Niederspannungsalarmfunktion:\u00a0Ja Zerst\u00e4uber Identifikation Funktion:\u00a0Ja TCR Einstellung Modi:\u00a0Nein Nominale Kapazit\u00e4t:\u00a0900 mAh Material:\u00a0Metall Compatible Model:\u00a0Electronic Cigarette Vape Pen Modellnummer:\u00a0Uwell Caliburn G3 Pod Kit Usb-ladeger\u00e4t:\u00a0Ja Firmware-upgrade:\u00a0Nein Display:\u00a0Ja Art:\u00a0Mit Batterie Markenname:\u00a0UWELL Ursprung:\u00a0CN (Herkunft) Dimensions:\u00a0115.5 mm * 24 mm * [&hellip;]<\/p>","protected":false},"featured_media":6844,"template":"","meta":{"inline_featured_image":false},"product_cat":[752,756,739,743,76,79,81],"product_tag":[],"tiered_pricing_type":"fixed","tiered_pricing_fixed_rules":[],"tiered_pricing_percentage_rules":[],"tiered_pricing_minimum":1,"_administrator_tiered_pricing_type":"fixed","_administrator_tiered_pricing_fixed_rules":[],"_editor_tiered_pricing_type":"fixed","_editor_tiered_pricing_fixed_rules":[],"_author_tiered_pricing_type":"fixed","_author_tiered_pricing_fixed_rules":[],"_contributor_tiered_pricing_type":"fixed","_contributor_tiered_pricing_fixed_rules":[],"_subscriber_tiered_pricing_type":"fixed","_subscriber_tiered_pricing_fixed_rules":[],"_customer_tiered_pricing_type":"fixed","_customer_tiered_pricing_fixed_rules":[],"_shop_manager_tiered_pricing_type":"fixed","_shop_manager_tiered_pricing_fixed_rules":[],"_wpseo_manager_tiered_pricing_type":"fixed","_wpseo_manager_tiered_pricing_fixed_rules":[],"_wpseo_editor_tiered_pricing_type":"fixed","_wpseo_editor_tiered_pricing_fixed_rules":[],"_wholesale_customer_tiered_pricing_type":"fixed","_wholesale_customer_tiered_pricing_fixed_rules":[],"_marketer_tiered_pricing_type":"fixed","_marketer_tiered_pricing_fixed_rules":[],"_sales_manager_tiered_pricing_type":"fixed","_sales_manager_tiered_pricing_fixed_rules":[],"_sales_rep_tiered_pricing_type":"fixed","_sales_rep_tiered_pricing_fixed_rules":[],"yoast_head":"<!-- This site is optimized with the Yoast SEO plugin v23.3 - https:\/\/yoast.com\/wordpress\/plugins\/seo\/ -->\n<title>uwell caliburn g3 pod kit integrierter spulen patrone e zigaretten verdampfer | ElementVape.de<\/title>\n<meta name=\"description\" content=\"Wir bieten uwell caliburn g3 pod kit integrierter spulen patrone e zigaretten verdampfer , Elementvape.de akzeptieren Gro\u00df-und Einzelhandel Bestellungen.\" \/>\n<meta name=\"robots\" content=\"index, follow, max-snippet:-1, max-image-preview:large, max-video-preview:-1\" \/>\n<link rel=\"canonical\" href=\"https:\/\/www.elementvape.de\/es\/produkt\/uwell-caliburn-g3-pod-kit-integrierter-spulen-patrone-e-zigaretten-verdampfer\/\" \/>\n<meta property=\"og:locale\" content=\"es_ES\" \/>\n<meta property=\"og:type\" content=\"article\" \/>\n<meta property=\"og:title\" content=\"uwell caliburn g3 pod kit integrierter spulen patrone e zigaretten verdampfer | ElementVape.de\" \/>\n<meta property=\"og:description\" content=\"Wir bieten uwell caliburn g3 pod kit integrierter spulen patrone e zigaretten verdampfer , Elementvape.de akzeptieren Gro\u00df-und Einzelhandel Bestellungen.\" \/>\n<meta property=\"og:url\" content=\"https:\/\/www.elementvape.de\/es\/produkt\/uwell-caliburn-g3-pod-kit-integrierter-spulen-patrone-e-zigaretten-verdampfer\/\" \/>\n<meta property=\"og:site_name\" content=\"ElementVape.de\" \/>\n<meta property=\"article:modified_time\" content=\"2024-12-12T06:37:33+00:00\" \/>\n<meta property=\"og:image\" content=\"https:\/\/ae01.alicdn.com\/kf\/Sc4e57aa713344c9da3dd351c52d62bf83\/Neue-Farbe-original-uwell-caliburn-g3-pod-kit-25w-vape-900mah-batterie-mit-2-5-ml.jpg\" \/>\n\t<meta property=\"og:image:width\" content=\"800\" \/>\n\t<meta property=\"og:image:height\" content=\"800\" \/>\n\t<meta property=\"og:image:type\" content=\"image\/jpeg\" \/>\n<meta name=\"twitter:card\" content=\"summary_large_image\" \/>\n<meta name=\"twitter:label1\" content=\"Est. reading time\" \/>\n\t<meta name=\"twitter:data1\" content=\"4 minutos\" \/>\n<script type=\"application\/ld+json\" class=\"yoast-schema-graph\">{\"@context\":\"https:\/\/schema.org\",\"@graph\":[{\"@type\":\"WebPage\",\"@id\":\"https:\/\/www.elementvape.de\/produkt\/uwell-caliburn-g3-pod-kit-integrierter-spulen-patrone-e-zigaretten-verdampfer\/\",\"url\":\"https:\/\/www.elementvape.de\/produkt\/uwell-caliburn-g3-pod-kit-integrierter-spulen-patrone-e-zigaretten-verdampfer\/\",\"name\":\"uwell caliburn g3 pod kit integrierter spulen patrone e zigaretten verdampfer | ElementVape.de\",\"isPartOf\":{\"@id\":\"https:\/\/www.elementvape.de\/#website\"},\"primaryImageOfPage\":{\"@id\":\"https:\/\/www.elementvape.de\/produkt\/uwell-caliburn-g3-pod-kit-integrierter-spulen-patrone-e-zigaretten-verdampfer\/#primaryimage\"},\"image\":{\"@id\":\"https:\/\/www.elementvape.de\/produkt\/uwell-caliburn-g3-pod-kit-integrierter-spulen-patrone-e-zigaretten-verdampfer\/#primaryimage\"},\"thumbnailUrl\":\"https:\/\/ae01.alicdn.com\/kf\/Sc4e57aa713344c9da3dd351c52d62bf83\/Neue-Farbe-original-uwell-caliburn-g3-pod-kit-25w-vape-900mah-batterie-mit-2-5-ml.jpg\",\"datePublished\":\"2024-04-20T03:48:34+00:00\",\"dateModified\":\"2024-12-12T06:37:33+00:00\",\"description\":\"Wir bieten uwell caliburn g3 pod kit integrierter spulen patrone e zigaretten verdampfer , Elementvape.de akzeptieren Gro\u00df-und Einzelhandel Bestellungen.\",\"breadcrumb\":{\"@id\":\"https:\/\/www.elementvape.de\/produkt\/uwell-caliburn-g3-pod-kit-integrierter-spulen-patrone-e-zigaretten-verdampfer\/#breadcrumb\"},\"inLanguage\":\"es\",\"potentialAction\":[{\"@type\":\"ReadAction\",\"target\":[\"https:\/\/www.elementvape.de\/produkt\/uwell-caliburn-g3-pod-kit-integrierter-spulen-patrone-e-zigaretten-verdampfer\/\"]}]},{\"@type\":\"ImageObject\",\"inLanguage\":\"es\",\"@id\":\"https:\/\/www.elementvape.de\/produkt\/uwell-caliburn-g3-pod-kit-integrierter-spulen-patrone-e-zigaretten-verdampfer\/#primaryimage\",\"url\":\"https:\/\/ae01.alicdn.com\/kf\/Sc4e57aa713344c9da3dd351c52d62bf83\/Neue-Farbe-original-uwell-caliburn-g3-pod-kit-25w-vape-900mah-batterie-mit-2-5-ml.jpg\",\"contentUrl\":\"https:\/\/ae01.alicdn.com\/kf\/Sc4e57aa713344c9da3dd351c52d62bf83\/Neue-Farbe-original-uwell-caliburn-g3-pod-kit-25w-vape-900mah-batterie-mit-2-5-ml.jpg\",\"width\":800,\"height\":800},{\"@type\":\"BreadcrumbList\",\"@id\":\"https:\/\/www.elementvape.de\/produkt\/uwell-caliburn-g3-pod-kit-integrierter-spulen-patrone-e-zigaretten-verdampfer\/#breadcrumb\",\"itemListElement\":[{\"@type\":\"ListItem\",\"position\":1,\"name\":\"Home\",\"item\":\"https:\/\/www.elementvape.de\/\"},{\"@type\":\"ListItem\",\"position\":2,\"name\":\"Shop\",\"item\":\"https:\/\/www.elementvape.de\/shop\/\"},{\"@type\":\"ListItem\",\"position\":3,\"name\":\"uwell caliburn g3 pod kit integrierter spulen patrone e zigaretten verdampfer\"}]},{\"@type\":\"WebSite\",\"@id\":\"https:\/\/www.elementvape.de\/#website\",\"url\":\"https:\/\/www.elementvape.de\/\",\"name\":\"ElementVape.de\",\"description\":\"\",\"publisher\":{\"@id\":\"https:\/\/www.elementvape.de\/#organization\"},\"potentialAction\":[{\"@type\":\"SearchAction\",\"target\":{\"@type\":\"EntryPoint\",\"urlTemplate\":\"https:\/\/www.elementvape.de\/?s={search_term_string}\"},\"query-input\":\"required name=search_term_string\"}],\"inLanguage\":\"es\"},{\"@type\":\"Organization\",\"@id\":\"https:\/\/www.elementvape.de\/#organization\",\"name\":\"ElementVape.DE\",\"url\":\"https:\/\/www.elementvape.de\/\",\"logo\":{\"@type\":\"ImageObject\",\"inLanguage\":\"es\",\"@id\":\"https:\/\/www.elementvape.de\/#\/schema\/logo\/image\/\",\"url\":\"https:\/\/www.elementvape.de\/wp-content\/uploads\/2024\/09\/cropped-1elementvape-3.png\",\"contentUrl\":\"https:\/\/www.elementvape.de\/wp-content\/uploads\/2024\/09\/cropped-1elementvape-3.png\",\"width\":285,\"height\":228,\"caption\":\"ElementVape.DE\"},\"image\":{\"@id\":\"https:\/\/www.elementvape.de\/#\/schema\/logo\/image\/\"}}]}<\/script>\n<!-- \/ Yoast SEO plugin. -->","yoast_head_json":{"title":"uwell caliburn g3 pod kit integrierter spulen patrone e zigaretten verdampfer | ElementVape.de","description":"Wir bieten uwell caliburn g3 pod kit integrierter spulen patrone e zigaretten verdampfer , Elementvape.de akzeptieren Gro\u00df-und Einzelhandel Bestellungen.","robots":{"index":"index","follow":"follow","max-snippet":"max-snippet:-1","max-image-preview":"max-image-preview:large","max-video-preview":"max-video-preview:-1"},"canonical":"https:\/\/www.elementvape.de\/es\/produkt\/uwell-caliburn-g3-pod-kit-integrierter-spulen-patrone-e-zigaretten-verdampfer\/","og_locale":"es_ES","og_type":"article","og_title":"uwell caliburn g3 pod kit integrierter spulen patrone e zigaretten verdampfer | ElementVape.de","og_description":"Wir bieten uwell caliburn g3 pod kit integrierter spulen patrone e zigaretten verdampfer , Elementvape.de akzeptieren Gro\u00df-und Einzelhandel Bestellungen.","og_url":"https:\/\/www.elementvape.de\/es\/produkt\/uwell-caliburn-g3-pod-kit-integrierter-spulen-patrone-e-zigaretten-verdampfer\/","og_site_name":"ElementVape.de","article_modified_time":"2024-12-12T06:37:33+00:00","og_image":[{"width":800,"height":800,"url":"https:\/\/ae01.alicdn.com\/kf\/Sc4e57aa713344c9da3dd351c52d62bf83\/Neue-Farbe-original-uwell-caliburn-g3-pod-kit-25w-vape-900mah-batterie-mit-2-5-ml.jpg","type":"image\/jpeg"}],"twitter_card":"summary_large_image","twitter_misc":{"Est. reading time":"4 minutos"},"schema":{"@context":"https:\/\/schema.org","@graph":[{"@type":"WebPage","@id":"https:\/\/www.elementvape.de\/produkt\/uwell-caliburn-g3-pod-kit-integrierter-spulen-patrone-e-zigaretten-verdampfer\/","url":"https:\/\/www.elementvape.de\/produkt\/uwell-caliburn-g3-pod-kit-integrierter-spulen-patrone-e-zigaretten-verdampfer\/","name":"uwell caliburn g3 pod kit integrierter spulen patrone e zigaretten verdampfer | ElementVape.de","isPartOf":{"@id":"https:\/\/www.elementvape.de\/#website"},"primaryImageOfPage":{"@id":"https:\/\/www.elementvape.de\/produkt\/uwell-caliburn-g3-pod-kit-integrierter-spulen-patrone-e-zigaretten-verdampfer\/#primaryimage"},"image":{"@id":"https:\/\/www.elementvape.de\/produkt\/uwell-caliburn-g3-pod-kit-integrierter-spulen-patrone-e-zigaretten-verdampfer\/#primaryimage"},"thumbnailUrl":"https:\/\/ae01.alicdn.com\/kf\/Sc4e57aa713344c9da3dd351c52d62bf83\/Neue-Farbe-original-uwell-caliburn-g3-pod-kit-25w-vape-900mah-batterie-mit-2-5-ml.jpg","datePublished":"2024-04-20T03:48:34+00:00","dateModified":"2024-12-12T06:37:33+00:00","description":"Wir bieten uwell caliburn g3 pod kit integrierter spulen patrone e zigaretten verdampfer , Elementvape.de akzeptieren Gro\u00df-und Einzelhandel Bestellungen.","breadcrumb":{"@id":"https:\/\/www.elementvape.de\/produkt\/uwell-caliburn-g3-pod-kit-integrierter-spulen-patrone-e-zigaretten-verdampfer\/#breadcrumb"},"inLanguage":"es","potentialAction":[{"@type":"ReadAction","target":["https:\/\/www.elementvape.de\/produkt\/uwell-caliburn-g3-pod-kit-integrierter-spulen-patrone-e-zigaretten-verdampfer\/"]}]},{"@type":"ImageObject","inLanguage":"es","@id":"https:\/\/www.elementvape.de\/produkt\/uwell-caliburn-g3-pod-kit-integrierter-spulen-patrone-e-zigaretten-verdampfer\/#primaryimage","url":"https:\/\/ae01.alicdn.com\/kf\/Sc4e57aa713344c9da3dd351c52d62bf83\/Neue-Farbe-original-uwell-caliburn-g3-pod-kit-25w-vape-900mah-batterie-mit-2-5-ml.jpg","contentUrl":"https:\/\/ae01.alicdn.com\/kf\/Sc4e57aa713344c9da3dd351c52d62bf83\/Neue-Farbe-original-uwell-caliburn-g3-pod-kit-25w-vape-900mah-batterie-mit-2-5-ml.jpg","width":800,"height":800},{"@type":"BreadcrumbList","@id":"https:\/\/www.elementvape.de\/produkt\/uwell-caliburn-g3-pod-kit-integrierter-spulen-patrone-e-zigaretten-verdampfer\/#breadcrumb","itemListElement":[{"@type":"ListItem","position":1,"name":"Home","item":"https:\/\/www.elementvape.de\/"},{"@type":"ListItem","position":2,"name":"Shop","item":"https:\/\/www.elementvape.de\/shop\/"},{"@type":"ListItem","position":3,"name":"uwell caliburn g3 pod kit integrierter spulen patrone e zigaretten verdampfer"}]},{"@type":"WebSite","@id":"https:\/\/www.elementvape.de\/#website","url":"https:\/\/www.elementvape.de\/","name":"ElementVape.de","description":"","publisher":{"@id":"https:\/\/www.elementvape.de\/#organization"},"potentialAction":[{"@type":"SearchAction","target":{"@type":"EntryPoint","urlTemplate":"https:\/\/www.elementvape.de\/?s={search_term_string}"},"query-input":"required name=search_term_string"}],"inLanguage":"es"},{"@type":"Organization","@id":"https:\/\/www.elementvape.de\/#organization","name":"ElementVape.DE","url":"https:\/\/www.elementvape.de\/","logo":{"@type":"ImageObject","inLanguage":"es","@id":"https:\/\/www.elementvape.de\/#\/schema\/logo\/image\/","url":"https:\/\/www.elementvape.de\/wp-content\/uploads\/2024\/09\/cropped-1elementvape-3.png","contentUrl":"https:\/\/www.elementvape.de\/wp-content\/uploads\/2024\/09\/cropped-1elementvape-3.png","width":285,"height":228,"caption":"ElementVape.DE"},"image":{"@id":"https:\/\/www.elementvape.de\/#\/schema\/logo\/image\/"}}]}},"_links":{"self":[{"href":"https:\/\/www.elementvape.de\/es\/wp-json\/wp\/v2\/product\/6842"}],"collection":[{"href":"https:\/\/www.elementvape.de\/es\/wp-json\/wp\/v2\/product"}],"about":[{"href":"https:\/\/www.elementvape.de\/es\/wp-json\/wp\/v2\/types\/product"}],"wp:featuredmedia":[{"embeddable":true,"href":"https:\/\/www.elementvape.de\/es\/wp-json\/wp\/v2\/media\/6844"}],"wp:attachment":[{"href":"https:\/\/www.elementvape.de\/es\/wp-json\/wp\/v2\/media?parent=6842"}],"wp:term":[{"taxonomy":"product_cat","embeddable":true,"href":"https:\/\/www.elementvape.de\/es\/wp-json\/wp\/v2\/product_cat?post=6842"},{"taxonomy":"product_tag","embeddable":true,"href":"https:\/\/www.elementvape.de\/es\/wp-json\/wp\/v2\/product_tag?post=6842"}],"curies":[{"name":"wp","href":"https:\/\/api.w.org\/{rel}","templated":true}]}}