{"id":6799,"date":"2024-04-20T03:39:35","date_gmt":"2024-04-20T03:39:35","guid":{"rendered":"https:\/\/www.elementvape.de\/?post_type=product&#038;p=6799"},"modified":"2024-12-12T06:37:38","modified_gmt":"2024-12-12T06:37:38","slug":"ersatz-vape-top-nachfuellung-1ml-leere-patrone-280mah-vapor-izer","status":"publish","type":"product","link":"https:\/\/www.elementvape.de\/es\/produkt\/ersatz-vape-top-nachfuellung-1ml-leere-patrone-280mah-vapor-izer\/","title":{"rendered":"Recambio de tapa de vape de repuesto 1ml cartucho vac\u00edo 280mah vaporizer"},"content":{"rendered":"<p>&nbsp;<\/p>\n<div class=\"product-specs-list-container\">\n<ul class=\"product-specs-list util-clearfix\">\n<li class=\"product-prop line-limit-length\"><span class=\"property-title\">Apariencia:\u00a0<\/span><span class=\"property-desc line-limit-length\">Forma de caja<\/span><\/li>\n<li class=\"product-prop line-limit-length\"><span class=\"property-title\">Bater\u00eda compatible:\u00a0<\/span><span class=\"property-desc line-limit-length\">18500<\/span><\/li>\n<li class=\"product-prop line-limit-length\"><span class=\"property-title\">Funci\u00f3n de monitoreo de la cantidad de humo:\u00a0<\/span><span class=\"property-desc line-limit-length\">No<\/span><\/li>\n<li class=\"product-prop line-limit-length\"><span class=\"property-title\">Funda de silicona:\u00a0<\/span><span class=\"property-desc line-limit-length\">No<\/span><\/li>\n<li class=\"product-prop line-limit-length\"><span class=\"property-title\">Regulaci\u00f3n de temperatura:\u00a0<\/span><span class=\"property-desc line-limit-length\">No<\/span><\/li>\n<li class=\"product-prop line-limit-length\"><span class=\"property-title\">Bater\u00eda incorporada o externa:\u00a0<\/span><span class=\"property-desc line-limit-length\">Incorporada<\/span><\/li>\n<li class=\"product-prop line-limit-length\"><span class=\"property-title\">Funci\u00f3n de protecci\u00f3n contra cortocircuitos:\u00a0<\/span><span class=\"property-desc line-limit-length\">Ja<\/span><\/li>\n<li class=\"product-prop line-limit-length\"><span class=\"property-title\">Funci\u00f3n de protecci\u00f3n contra sobrecalentamiento:\u00a0<\/span><span class=\"property-desc line-limit-length\">Ja<\/span><\/li>\n<li class=\"product-prop line-limit-length\"><span class=\"property-title\">Funci\u00f3n de alarma de bajo voltaje:\u00a0<\/span><span class=\"property-desc line-limit-length\">No<\/span><\/li>\n<li class=\"product-prop line-limit-length\"><span class=\"property-title\">Funci\u00f3n de identificaci\u00f3n del atomizador:\u00a0<\/span><span class=\"property-desc line-limit-length\">No<\/span><\/li>\n<li class=\"product-prop line-limit-length\"><span class=\"property-title\">Modos de ajuste TCR:\u00a0<\/span><span class=\"property-desc line-limit-length\">No<\/span><\/li>\n<li class=\"product-prop line-limit-length\"><span class=\"property-title\">Capacidad nominal:\u00a0<\/span><span class=\"property-desc line-limit-length\">&lt;700 mAh<\/span><\/li>\n<li class=\"product-prop line-limit-length\"><span class=\"property-title\">Material:\u00a0<\/span><span class=\"property-desc line-limit-length\">Pl\u00e1stico<\/span><\/li>\n<li class=\"product-prop line-limit-length\"><span class=\"property-title\">Modelo compatible:\u00a0<\/span><span class=\"property-desc line-limit-length\">aceite espeso<\/span><\/li>\n<li class=\"product-prop line-limit-length\"><span class=\"property-title\">N\u00famero de modelo:\u00a0<\/span><span class=\"property-desc line-limit-length\">Vape Pod MUHA MEDS<\/span><\/li>\n<li class=\"product-prop line-limit-length\"><span class=\"property-title\">Cargador USB:\u00a0<\/span><span class=\"property-desc line-limit-length\">Ja<\/span><\/li>\n<li class=\"product-prop line-limit-length\"><span class=\"property-title\">Actualizaci\u00f3n de firmware:\u00a0<\/span><span class=\"property-desc line-limit-length\">No<\/span><\/li>\n<li class=\"product-prop line-limit-length\"><span class=\"property-title\">Pantalla:\u00a0<\/span><span class=\"property-desc line-limit-length\">No<\/span><\/li>\n<li class=\"product-prop line-limit-length\"><span class=\"property-title\">Tipo:\u00a0<\/span><span class=\"property-desc line-limit-length\">desechable<\/span><\/li>\n<li class=\"product-prop line-limit-length\"><span class=\"property-title\">Nombre de la marca:\u00a0<\/span><span class=\"property-desc line-limit-length\">SUB TWO<\/span><\/li>\n<li class=\"product-prop line-limit-length\"><span class=\"property-title\">Origen:\u00a0<\/span><span class=\"property-desc line-limit-length\">CN (origen)<\/span><\/li>\n<li class=\"product-prop line-limit-length\"><span class=\"property-title\">color:\u00a0<\/span><span class=\"property-desc line-limit-length\">negro<\/span><\/li>\n<li class=\"product-prop line-limit-length\"><span class=\"property-title\">Capacidad de aceite:\u00a0<\/span><span class=\"property-desc line-limit-length\">1,0 ml<\/span><\/li>\n<li class=\"product-prop line-limit-length\"><span class=\"property-title\">Tama\u00f1o del orificio de aceite:\u00a0<\/span><span class=\"property-desc line-limit-length\">2*1.8mm<\/span><\/li>\n<li class=\"product-prop line-limit-length\"><span class=\"property-title\">Resistencia:\u00a0<\/span><span class=\"property-desc line-limit-length\">Resistencia cer\u00e1mica mejorada<\/span><\/li>\n<li class=\"product-prop line-limit-length\"><span class=\"property-title\">Resistencia:\u00a0<\/span><span class=\"property-desc line-limit-length\">1.4ohm<\/span><\/li>\n<li class=\"product-prop line-limit-length\"><span class=\"property-title\">Relleno:\u00a0<\/span><span class=\"property-desc line-limit-length\">Relleno superior<\/span><\/li>\n<li class=\"product-prop line-limit-length\"><span class=\"property-title\">capacidad de la bater\u00eda:\u00a0<\/span><span class=\"property-desc line-limit-length\">280 mah<\/span><\/li>\n<\/ul>\n<\/div>\n<div class=\"detailmodule_html\">\n<div class=\"detail-desc-decorate-richtext\">\n<div style=\"text-align: center;\" align=\"center\">\n<p style=\"text-align: left; margin: 0;\"><img decoding=\"async\" loading=\"lazy\" src=\"https:\/\/ae01.alicdn.com\/kf\/S1cac27e619c844d5871d2afd3bf900eaY.jpg?width=1000&amp;height=1000&amp;hash=2000\" \/><img decoding=\"async\" loading=\"lazy\" src=\"https:\/\/ae01.alicdn.com\/kf\/S41ae4bcdb4314c34a9f503a81b4f14eeo.jpg?width=1000&amp;height=1000&amp;hash=2000\" \/><img decoding=\"async\" loading=\"lazy\" src=\"https:\/\/ae01.alicdn.com\/kf\/S7c26f5b09e004685b5e28d0573c99cdbK.jpg?width=1000&amp;height=1000&amp;hash=2000\" \/><img decoding=\"async\" loading=\"lazy\" src=\"https:\/\/ae01.alicdn.com\/kf\/Sf60e4391c4e3448fbd77a358906ed7b5Z.jpg?width=1000&amp;height=1000&amp;hash=2000\" \/><img decoding=\"async\" loading=\"lazy\" src=\"https:\/\/ae01.alicdn.com\/kf\/S0c73b151077d4ca2b67c8ecf2454c0f9H.jpg?width=1000&amp;height=1000&amp;hash=2000\" \/><img decoding=\"async\" loading=\"lazy\" src=\"https:\/\/ae01.alicdn.com\/kf\/Sb9f2f2ea729644a9a45b541b225717a67.jpg?width=1000&amp;height=1000&amp;hash=2000\" \/><img decoding=\"async\" loading=\"lazy\" src=\"https:\/\/ae01.alicdn.com\/kf\/Sf6235fa062104900a31e15e11d909645h.jpg?width=1000&amp;height=1000&amp;hash=2000\" \/><img decoding=\"async\" loading=\"lazy\" src=\"https:\/\/ae01.alicdn.com\/kf\/S1faca045e3b446118bc00323fe1bf9e6N.jpg?width=1000&amp;height=1000&amp;hash=2000\" \/><\/p>\n<\/div>\n<\/div>\n<\/div>","protected":false},"excerpt":{"rendered":"<p>&nbsp; Aussehen:\u00a0Box Form Kompatibler Akku:\u00a018500 \u00dcberwachung Funktion Von Rauchen Anzahl:\u00a0Nein Silikon Fall:\u00a0Nein Temperaturregelung:\u00a0Nein Eingebaute Oder Externe Batterie:\u00a0Eingebaute Kurzschlussschutz Funktion:\u00a0Ja \u00dcberhitzungsschutz-funktion:\u00a0Ja Niederspannungsalarmfunktion:\u00a0Nein Zerst\u00e4uber Identifikation Funktion:\u00a0Nein TCR Einstellung Modi:\u00a0Nein Nominale Kapazit\u00e4t:\u00a0&lt;700 mAh Material:\u00a0Plastik Compatible Model:\u00a0thick oil Modellnummer:\u00a0MUHA MEDS Vape Pod Usb-ladeger\u00e4t:\u00a0Ja Firmware-upgrade:\u00a0Nein Display:\u00a0Nein Art:\u00a0disposable Markenname:\u00a0SUB TWO Ursprung:\u00a0CN (Herkunft) color:\u00a0black Oil Capacity:\u00a01.0ml Oil hole size:\u00a02*1.8mm Coil:\u00a0Upgraded ceramic coil [&hellip;]<\/p>","protected":false},"featured_media":6800,"template":"","meta":{"inline_featured_image":false},"product_cat":[752,756,739,743,76,79,81],"product_tag":[],"tiered_pricing_type":"fixed","tiered_pricing_fixed_rules":[],"tiered_pricing_percentage_rules":[],"tiered_pricing_minimum":1,"_administrator_tiered_pricing_type":"fixed","_administrator_tiered_pricing_fixed_rules":[],"_editor_tiered_pricing_type":"fixed","_editor_tiered_pricing_fixed_rules":[],"_author_tiered_pricing_type":"fixed","_author_tiered_pricing_fixed_rules":[],"_contributor_tiered_pricing_type":"fixed","_contributor_tiered_pricing_fixed_rules":[],"_subscriber_tiered_pricing_type":"fixed","_subscriber_tiered_pricing_fixed_rules":[],"_customer_tiered_pricing_type":"fixed","_customer_tiered_pricing_fixed_rules":[],"_shop_manager_tiered_pricing_type":"fixed","_shop_manager_tiered_pricing_fixed_rules":[],"_wpseo_manager_tiered_pricing_type":"fixed","_wpseo_manager_tiered_pricing_fixed_rules":[],"_wpseo_editor_tiered_pricing_type":"fixed","_wpseo_editor_tiered_pricing_fixed_rules":[],"_wholesale_customer_tiered_pricing_type":"fixed","_wholesale_customer_tiered_pricing_fixed_rules":[],"_marketer_tiered_pricing_type":"fixed","_marketer_tiered_pricing_fixed_rules":[],"_sales_manager_tiered_pricing_type":"fixed","_sales_manager_tiered_pricing_fixed_rules":[],"_sales_rep_tiered_pricing_type":"fixed","_sales_rep_tiered_pricing_fixed_rules":[],"yoast_head":"<!-- This site is optimized with the Yoast SEO plugin v23.3 - https:\/\/yoast.com\/wordpress\/plugins\/seo\/ -->\n<title>Ersatz Vape Top Nachf\u00fcllung 1ml leere Patrone 280mah Vapor izer | ElementVape.de<\/title>\n<meta name=\"description\" content=\"Wir bieten Ersatz Vape Top Nachf\u00fcllung 1ml leere Patrone 280mah Vapor izer , Elementvape.de akzeptieren Gro\u00df-und Einzelhandel Bestellungen.\" \/>\n<meta name=\"robots\" content=\"index, follow, max-snippet:-1, max-image-preview:large, max-video-preview:-1\" \/>\n<link rel=\"canonical\" href=\"https:\/\/www.elementvape.de\/es\/produkt\/ersatz-vape-top-nachfuellung-1ml-leere-patrone-280mah-vapor-izer\/\" \/>\n<meta property=\"og:locale\" content=\"es_ES\" \/>\n<meta property=\"og:type\" content=\"article\" \/>\n<meta property=\"og:title\" content=\"Ersatz Vape Top Nachf\u00fcllung 1ml leere Patrone 280mah Vapor izer | ElementVape.de\" \/>\n<meta property=\"og:description\" content=\"Wir bieten Ersatz Vape Top Nachf\u00fcllung 1ml leere Patrone 280mah Vapor izer , Elementvape.de akzeptieren Gro\u00df-und Einzelhandel Bestellungen.\" \/>\n<meta property=\"og:url\" content=\"https:\/\/www.elementvape.de\/es\/produkt\/ersatz-vape-top-nachfuellung-1ml-leere-patrone-280mah-vapor-izer\/\" \/>\n<meta property=\"og:site_name\" content=\"ElementVape.de\" \/>\n<meta property=\"article:modified_time\" content=\"2024-12-12T06:37:38+00:00\" \/>\n<meta property=\"og:image\" content=\"https:\/\/ae01.alicdn.com\/kf\/Sc961393d64ab430f81da0995fa452045U\/50-st-cke-Muha-Meds-Pod-System-Vape-Pen-Kit-Ersatz-Vape-Top-Nachf-llung-1ml.jpg\" \/>\n\t<meta property=\"og:image:width\" content=\"1000\" \/>\n\t<meta property=\"og:image:height\" content=\"1000\" \/>\n\t<meta property=\"og:image:type\" content=\"image\/jpeg\" \/>\n<meta name=\"twitter:card\" content=\"summary_large_image\" \/>\n<meta name=\"twitter:label1\" content=\"Est. reading time\" \/>\n\t<meta name=\"twitter:data1\" content=\"3 minutos\" \/>\n<script type=\"application\/ld+json\" class=\"yoast-schema-graph\">{\"@context\":\"https:\/\/schema.org\",\"@graph\":[{\"@type\":\"WebPage\",\"@id\":\"https:\/\/www.elementvape.de\/produkt\/ersatz-vape-top-nachfuellung-1ml-leere-patrone-280mah-vapor-izer\/\",\"url\":\"https:\/\/www.elementvape.de\/produkt\/ersatz-vape-top-nachfuellung-1ml-leere-patrone-280mah-vapor-izer\/\",\"name\":\"Ersatz Vape Top Nachf\u00fcllung 1ml leere Patrone 280mah Vapor izer | ElementVape.de\",\"isPartOf\":{\"@id\":\"https:\/\/www.elementvape.de\/#website\"},\"primaryImageOfPage\":{\"@id\":\"https:\/\/www.elementvape.de\/produkt\/ersatz-vape-top-nachfuellung-1ml-leere-patrone-280mah-vapor-izer\/#primaryimage\"},\"image\":{\"@id\":\"https:\/\/www.elementvape.de\/produkt\/ersatz-vape-top-nachfuellung-1ml-leere-patrone-280mah-vapor-izer\/#primaryimage\"},\"thumbnailUrl\":\"https:\/\/ae01.alicdn.com\/kf\/Sc961393d64ab430f81da0995fa452045U\/50-st-cke-Muha-Meds-Pod-System-Vape-Pen-Kit-Ersatz-Vape-Top-Nachf-llung-1ml.jpg\",\"datePublished\":\"2024-04-20T03:39:35+00:00\",\"dateModified\":\"2024-12-12T06:37:38+00:00\",\"description\":\"Wir bieten Ersatz Vape Top Nachf\u00fcllung 1ml leere Patrone 280mah Vapor izer , Elementvape.de akzeptieren Gro\u00df-und Einzelhandel Bestellungen.\",\"breadcrumb\":{\"@id\":\"https:\/\/www.elementvape.de\/produkt\/ersatz-vape-top-nachfuellung-1ml-leere-patrone-280mah-vapor-izer\/#breadcrumb\"},\"inLanguage\":\"es\",\"potentialAction\":[{\"@type\":\"ReadAction\",\"target\":[\"https:\/\/www.elementvape.de\/produkt\/ersatz-vape-top-nachfuellung-1ml-leere-patrone-280mah-vapor-izer\/\"]}]},{\"@type\":\"ImageObject\",\"inLanguage\":\"es\",\"@id\":\"https:\/\/www.elementvape.de\/produkt\/ersatz-vape-top-nachfuellung-1ml-leere-patrone-280mah-vapor-izer\/#primaryimage\",\"url\":\"https:\/\/ae01.alicdn.com\/kf\/Sc961393d64ab430f81da0995fa452045U\/50-st-cke-Muha-Meds-Pod-System-Vape-Pen-Kit-Ersatz-Vape-Top-Nachf-llung-1ml.jpg\",\"contentUrl\":\"https:\/\/ae01.alicdn.com\/kf\/Sc961393d64ab430f81da0995fa452045U\/50-st-cke-Muha-Meds-Pod-System-Vape-Pen-Kit-Ersatz-Vape-Top-Nachf-llung-1ml.jpg\",\"width\":1000,\"height\":1000},{\"@type\":\"BreadcrumbList\",\"@id\":\"https:\/\/www.elementvape.de\/produkt\/ersatz-vape-top-nachfuellung-1ml-leere-patrone-280mah-vapor-izer\/#breadcrumb\",\"itemListElement\":[{\"@type\":\"ListItem\",\"position\":1,\"name\":\"Home\",\"item\":\"https:\/\/www.elementvape.de\/\"},{\"@type\":\"ListItem\",\"position\":2,\"name\":\"Shop\",\"item\":\"https:\/\/www.elementvape.de\/shop\/\"},{\"@type\":\"ListItem\",\"position\":3,\"name\":\"Ersatz Vape Top Nachf\u00fcllung 1ml leere Patrone 280mah Vapor izer\"}]},{\"@type\":\"WebSite\",\"@id\":\"https:\/\/www.elementvape.de\/#website\",\"url\":\"https:\/\/www.elementvape.de\/\",\"name\":\"ElementVape.de\",\"description\":\"\",\"publisher\":{\"@id\":\"https:\/\/www.elementvape.de\/#organization\"},\"potentialAction\":[{\"@type\":\"SearchAction\",\"target\":{\"@type\":\"EntryPoint\",\"urlTemplate\":\"https:\/\/www.elementvape.de\/?s={search_term_string}\"},\"query-input\":\"required name=search_term_string\"}],\"inLanguage\":\"es\"},{\"@type\":\"Organization\",\"@id\":\"https:\/\/www.elementvape.de\/#organization\",\"name\":\"ElementVape.DE\",\"url\":\"https:\/\/www.elementvape.de\/\",\"logo\":{\"@type\":\"ImageObject\",\"inLanguage\":\"es\",\"@id\":\"https:\/\/www.elementvape.de\/#\/schema\/logo\/image\/\",\"url\":\"https:\/\/www.elementvape.de\/wp-content\/uploads\/2024\/09\/cropped-1elementvape-3.png\",\"contentUrl\":\"https:\/\/www.elementvape.de\/wp-content\/uploads\/2024\/09\/cropped-1elementvape-3.png\",\"width\":285,\"height\":228,\"caption\":\"ElementVape.DE\"},\"image\":{\"@id\":\"https:\/\/www.elementvape.de\/#\/schema\/logo\/image\/\"}}]}<\/script>\n<!-- \/ Yoast SEO plugin. -->","yoast_head_json":{"title":"Ersatz Vape Top Nachf\u00fcllung 1ml leere Patrone 280mah Vapor izer | ElementVape.de","description":"Wir bieten Ersatz Vape Top Nachf\u00fcllung 1ml leere Patrone 280mah Vapor izer , Elementvape.de akzeptieren Gro\u00df-und Einzelhandel Bestellungen.","robots":{"index":"index","follow":"follow","max-snippet":"max-snippet:-1","max-image-preview":"max-image-preview:large","max-video-preview":"max-video-preview:-1"},"canonical":"https:\/\/www.elementvape.de\/es\/produkt\/ersatz-vape-top-nachfuellung-1ml-leere-patrone-280mah-vapor-izer\/","og_locale":"es_ES","og_type":"article","og_title":"Ersatz Vape Top Nachf\u00fcllung 1ml leere Patrone 280mah Vapor izer | ElementVape.de","og_description":"Wir bieten Ersatz Vape Top Nachf\u00fcllung 1ml leere Patrone 280mah Vapor izer , Elementvape.de akzeptieren Gro\u00df-und Einzelhandel Bestellungen.","og_url":"https:\/\/www.elementvape.de\/es\/produkt\/ersatz-vape-top-nachfuellung-1ml-leere-patrone-280mah-vapor-izer\/","og_site_name":"ElementVape.de","article_modified_time":"2024-12-12T06:37:38+00:00","og_image":[{"width":1000,"height":1000,"url":"https:\/\/ae01.alicdn.com\/kf\/Sc961393d64ab430f81da0995fa452045U\/50-st-cke-Muha-Meds-Pod-System-Vape-Pen-Kit-Ersatz-Vape-Top-Nachf-llung-1ml.jpg","type":"image\/jpeg"}],"twitter_card":"summary_large_image","twitter_misc":{"Est. reading time":"3 minutos"},"schema":{"@context":"https:\/\/schema.org","@graph":[{"@type":"WebPage","@id":"https:\/\/www.elementvape.de\/produkt\/ersatz-vape-top-nachfuellung-1ml-leere-patrone-280mah-vapor-izer\/","url":"https:\/\/www.elementvape.de\/produkt\/ersatz-vape-top-nachfuellung-1ml-leere-patrone-280mah-vapor-izer\/","name":"Ersatz Vape Top Nachf\u00fcllung 1ml leere Patrone 280mah Vapor izer | ElementVape.de","isPartOf":{"@id":"https:\/\/www.elementvape.de\/#website"},"primaryImageOfPage":{"@id":"https:\/\/www.elementvape.de\/produkt\/ersatz-vape-top-nachfuellung-1ml-leere-patrone-280mah-vapor-izer\/#primaryimage"},"image":{"@id":"https:\/\/www.elementvape.de\/produkt\/ersatz-vape-top-nachfuellung-1ml-leere-patrone-280mah-vapor-izer\/#primaryimage"},"thumbnailUrl":"https:\/\/ae01.alicdn.com\/kf\/Sc961393d64ab430f81da0995fa452045U\/50-st-cke-Muha-Meds-Pod-System-Vape-Pen-Kit-Ersatz-Vape-Top-Nachf-llung-1ml.jpg","datePublished":"2024-04-20T03:39:35+00:00","dateModified":"2024-12-12T06:37:38+00:00","description":"Wir bieten Ersatz Vape Top Nachf\u00fcllung 1ml leere Patrone 280mah Vapor izer , Elementvape.de akzeptieren Gro\u00df-und Einzelhandel Bestellungen.","breadcrumb":{"@id":"https:\/\/www.elementvape.de\/produkt\/ersatz-vape-top-nachfuellung-1ml-leere-patrone-280mah-vapor-izer\/#breadcrumb"},"inLanguage":"es","potentialAction":[{"@type":"ReadAction","target":["https:\/\/www.elementvape.de\/produkt\/ersatz-vape-top-nachfuellung-1ml-leere-patrone-280mah-vapor-izer\/"]}]},{"@type":"ImageObject","inLanguage":"es","@id":"https:\/\/www.elementvape.de\/produkt\/ersatz-vape-top-nachfuellung-1ml-leere-patrone-280mah-vapor-izer\/#primaryimage","url":"https:\/\/ae01.alicdn.com\/kf\/Sc961393d64ab430f81da0995fa452045U\/50-st-cke-Muha-Meds-Pod-System-Vape-Pen-Kit-Ersatz-Vape-Top-Nachf-llung-1ml.jpg","contentUrl":"https:\/\/ae01.alicdn.com\/kf\/Sc961393d64ab430f81da0995fa452045U\/50-st-cke-Muha-Meds-Pod-System-Vape-Pen-Kit-Ersatz-Vape-Top-Nachf-llung-1ml.jpg","width":1000,"height":1000},{"@type":"BreadcrumbList","@id":"https:\/\/www.elementvape.de\/produkt\/ersatz-vape-top-nachfuellung-1ml-leere-patrone-280mah-vapor-izer\/#breadcrumb","itemListElement":[{"@type":"ListItem","position":1,"name":"Home","item":"https:\/\/www.elementvape.de\/"},{"@type":"ListItem","position":2,"name":"Shop","item":"https:\/\/www.elementvape.de\/shop\/"},{"@type":"ListItem","position":3,"name":"Ersatz Vape Top Nachf\u00fcllung 1ml leere Patrone 280mah Vapor izer"}]},{"@type":"WebSite","@id":"https:\/\/www.elementvape.de\/#website","url":"https:\/\/www.elementvape.de\/","name":"ElementVape.de","description":"","publisher":{"@id":"https:\/\/www.elementvape.de\/#organization"},"potentialAction":[{"@type":"SearchAction","target":{"@type":"EntryPoint","urlTemplate":"https:\/\/www.elementvape.de\/?s={search_term_string}"},"query-input":"required name=search_term_string"}],"inLanguage":"es"},{"@type":"Organization","@id":"https:\/\/www.elementvape.de\/#organization","name":"ElementVape.DE","url":"https:\/\/www.elementvape.de\/","logo":{"@type":"ImageObject","inLanguage":"es","@id":"https:\/\/www.elementvape.de\/#\/schema\/logo\/image\/","url":"https:\/\/www.elementvape.de\/wp-content\/uploads\/2024\/09\/cropped-1elementvape-3.png","contentUrl":"https:\/\/www.elementvape.de\/wp-content\/uploads\/2024\/09\/cropped-1elementvape-3.png","width":285,"height":228,"caption":"ElementVape.DE"},"image":{"@id":"https:\/\/www.elementvape.de\/#\/schema\/logo\/image\/"}}]}},"_links":{"self":[{"href":"https:\/\/www.elementvape.de\/es\/wp-json\/wp\/v2\/product\/6799"}],"collection":[{"href":"https:\/\/www.elementvape.de\/es\/wp-json\/wp\/v2\/product"}],"about":[{"href":"https:\/\/www.elementvape.de\/es\/wp-json\/wp\/v2\/types\/product"}],"wp:featuredmedia":[{"embeddable":true,"href":"https:\/\/www.elementvape.de\/es\/wp-json\/wp\/v2\/media\/6800"}],"wp:attachment":[{"href":"https:\/\/www.elementvape.de\/es\/wp-json\/wp\/v2\/media?parent=6799"}],"wp:term":[{"taxonomy":"product_cat","embeddable":true,"href":"https:\/\/www.elementvape.de\/es\/wp-json\/wp\/v2\/product_cat?post=6799"},{"taxonomy":"product_tag","embeddable":true,"href":"https:\/\/www.elementvape.de\/es\/wp-json\/wp\/v2\/product_tag?post=6799"}],"curies":[{"name":"wp","href":"https:\/\/api.w.org\/{rel}","templated":true}]}}