{"id":6783,"date":"2024-04-20T03:34:47","date_gmt":"2024-04-20T03:34:47","guid":{"rendered":"https:\/\/www.elementvape.de\/?post_type=product&#038;p=6783"},"modified":"2024-09-12T10:34:36","modified_gmt":"2024-09-12T10:34:36","slug":"vape-elektronische-zigarette-waerme-nicht-brennen-geladen-e-cig-vape","status":"publish","type":"product","link":"https:\/\/www.elementvape.de\/es\/produkt\/vape-elektronische-zigarette-waerme-nicht-brennen-geladen-e-cig-vape\/","title":{"rendered":"Vape cigarrillo electr\u00f3nico calor no quemar cargado adecuado"},"content":{"rendered":"<p>&nbsp;<\/p>\n<div class=\"product-specs-list-container\">\n<ul class=\"product-specs-list util-clearfix\">\n<li class=\"product-prop line-limit-length\"><span class=\"property-title\">Apariencia:\u00a0<\/span><span class=\"property-desc line-limit-length\">Forma cil\u00edndrica<\/span><\/li>\n<li class=\"product-prop line-limit-length\"><span class=\"property-title\">Bater\u00eda compatible:\u00a0<\/span><span class=\"property-desc line-limit-length\">18350<\/span><\/li>\n<li class=\"product-prop line-limit-length\"><span class=\"property-title\">Funci\u00f3n de monitoreo de la cantidad de humo:\u00a0<\/span><span class=\"property-desc line-limit-length\">No<\/span><\/li>\n<li class=\"product-prop line-limit-length\"><span class=\"property-title\">Funda de silicona:\u00a0<\/span><span class=\"property-desc line-limit-length\">No<\/span><\/li>\n<li class=\"product-prop line-limit-length\"><span class=\"property-title\">Regulaci\u00f3n de temperatura:\u00a0<\/span><span class=\"property-desc line-limit-length\">Ja<\/span><\/li>\n<li class=\"product-prop line-limit-length\"><span class=\"property-title\">Bater\u00eda incorporada o externa:\u00a0<\/span><span class=\"property-desc line-limit-length\">Incorporada<\/span><\/li>\n<li class=\"product-prop line-limit-length\"><span class=\"property-title\">Funci\u00f3n de protecci\u00f3n contra cortocircuitos:\u00a0<\/span><span class=\"property-desc line-limit-length\">Ja<\/span><\/li>\n<li class=\"product-prop line-limit-length\"><span class=\"property-title\">Funci\u00f3n de protecci\u00f3n contra sobrecalentamiento:\u00a0<\/span><span class=\"property-desc line-limit-length\">Ja<\/span><\/li>\n<li class=\"product-prop line-limit-length\"><span class=\"property-title\">Funci\u00f3n de alarma de bajo voltaje:\u00a0<\/span><span class=\"property-desc line-limit-length\">Ja<\/span><\/li>\n<li class=\"product-prop line-limit-length\"><span class=\"property-title\">Funci\u00f3n de identificaci\u00f3n del atomizador:\u00a0<\/span><span class=\"property-desc line-limit-length\">Ja<\/span><\/li>\n<li class=\"product-prop line-limit-length\"><span class=\"property-title\">Modos de ajuste TCR:\u00a0<\/span><span class=\"property-desc line-limit-length\">No<\/span><\/li>\n<li class=\"product-prop line-limit-length\"><span class=\"property-title\">Capacidad nominal:\u00a0<\/span><span class=\"property-desc line-limit-length\">2200mAh<\/span><\/li>\n<li class=\"product-prop line-limit-length\"><span class=\"property-title\">Material:\u00a0<\/span><span class=\"property-desc line-limit-length\">Metal<\/span><\/li>\n<li class=\"product-prop line-limit-length\"><span class=\"property-title\">Modelo compatible:\u00a0<\/span><span class=\"property-desc line-limit-length\">kit de vapeo YD 618 arenoso<\/span><\/li>\n<li class=\"product-prop line-limit-length\"><span class=\"property-title\">N\u00famero de modelo:\u00a0<\/span><span class=\"property-desc line-limit-length\">kit de vapeo YD 618 arenoso<\/span><\/li>\n<li class=\"product-prop line-limit-length\"><span class=\"property-title\">Cargador USB:\u00a0<\/span><span class=\"property-desc line-limit-length\">Ja<\/span><\/li>\n<li class=\"product-prop line-limit-length\"><span class=\"property-title\">Actualizaci\u00f3n de firmware:\u00a0<\/span><span class=\"property-desc line-limit-length\">No<\/span><\/li>\n<li class=\"product-prop line-limit-length\"><span class=\"property-title\">Pantalla:\u00a0<\/span><span class=\"property-desc line-limit-length\">Ja<\/span><\/li>\n<li class=\"product-prop line-limit-length\"><span class=\"property-title\">Tipo:\u00a0<\/span><span class=\"property-desc line-limit-length\">Con bater\u00eda<\/span><\/li>\n<li class=\"product-prop line-limit-length\"><span class=\"property-title\">Nombre de la marca:\u00a0<\/span><span class=\"property-desc line-limit-length\">SUB TWO<\/span><\/li>\n<li class=\"product-prop line-limit-length\"><span class=\"property-title\">Origen:\u00a0<\/span><span class=\"property-desc line-limit-length\">CN (origen)<\/span><\/li>\n<li class=\"product-prop line-limit-length\"><span class=\"property-title\">para:\u00a0<\/span><span class=\"property-desc line-limit-length\">palo iqos<\/span><\/li>\n<li class=\"product-prop line-limit-length\"><span class=\"property-title\">Calentamiento de cigarrillos electr\u00f3nicos:\u00a0<\/span><span class=\"property-desc line-limit-length\">kit de vapeo<\/span><\/li>\n<\/ul>\n<\/div>\n<div class=\"detailmodule_html\">\n<div class=\"detail-desc-decorate-richtext\">\n<div><\/div>\n<div><\/div>\n<div>\n<div>\n<div>\n<p id=\"tl_1\" class=\"detail-desc-decorate-title\" style=\"font-family: OpenSans; font-size: 20px; font-weight: 900; line-height: 28px; margin-bottom: 12px;\">Kit de vapeo aut\u00e9ntico, calor no quemado, cargado, cigarrillo electr\u00f3nico Vaper adecuado para iqo Stick Heets Sticks dispositivo vs Tabo 1, todav\u00eda estoy<\/p>\n<p id=\"tl_2\" class=\"detail-desc-decorate-content\" style=\"font-family: OpenSans; font-size: 14px; font-weight: 300; line-height: 20px; margin-bottom: 12px;\"><img decoding=\"async\" loading=\"lazy\" src=\"https:\/\/ae01.alicdn.com\/kf\/S6c69382fb7b2406cac7c10922ea0360d8.jpg?width=3653&amp;height=300&amp;hash=3953\" \/><\/p>\n<p>1,1 Inserte la bomba de humo en la compuerta (introduzca la bomba de humo hasta el fondo). Cuando la calefacci\u00f3n est\u00e9 lista, sostenga la boquilla de succi\u00f3n de la bomba de humo y ret\u00edrela directamente hacia la izquierda y derecha, como se muestra en la imagen de la derecha. El prop\u00f3sito de la rotaci\u00f3n es relajar la bomba de humo y la resistencia calefactora, para que toda la bomba de humo usada pueda ser retirada sin manchas residuales.<br \/>\n1,2 Presione el bot\u00f3n de encendido\/apagado durante 3 segundos para encender o apagar la m\u00e1quina. Presione el bot\u00f3n durante 3 segundos para que vibre. Despu\u00e9s de que la luz parpadee 8 veces, la luz se encender\u00e1 durante un largo per\u00edodo y entrar\u00e1 en modo de trabajo con humo. Despu\u00e9s de 4 minutos, la vibraci\u00f3n recordar\u00e1. La luz parpadea 20 veces y se apaga autom\u00e1ticamente. Todo el tiempo de calefacci\u00f3n es de 4 minutos y 30 segundos. Presione una vez el bot\u00f3n de encendido\/apagado para verificar la alimentaci\u00f3n a trav\u00e9s de la pantalla LCD.<br \/>\n1,3 Indicador luminoso de se\u00f1al (la luz de control parpadea durante la carga, parpadea cuando no hay energ\u00eda disponible y se apaga cuando est\u00e1 completamente cargada).<br \/>\nR 1,4 Bot\u00f3n de ajuste de temperatura + (cuando la calefacci\u00f3n entra en modo de trabajo, presione el bot\u00f3n \u201c+\u201d para aumentar la temperatura. Cada vez que aumenta un grado, el s\u00edmbolo de temperatura en la pantalla cambia r\u00e1pidamente y sube en un per\u00edodo prolongado. La temperatura m\u00e1xima puede configurarse en 360 grados. Este bot\u00f3n solo puede usarse para ajustar la temperatura cuando la m\u00e1quina est\u00e1 encendida y se inicia el fumar).<br \/>\n1,5 Bot\u00f3n de regulaci\u00f3n de temperatura - (presione el bot\u00f3n \u201c-\u201d cuando la calefacci\u00f3n entra en modo de trabajo, y la temperatura bajar\u00e1 un grado cada vez, y el s\u00edmbolo de temperatura en la pantalla cambiar\u00e1 r\u00e1pidamente en un per\u00edodo prolongado, y la temperatura m\u00ednima puede configurarse en 300 grados. Este bot\u00f3n solo puede ajustarse cuando la m\u00e1quina est\u00e1 detenida y se ha iniciado el fumar).<br \/>\n1,6 Conector de carga Micro-USB (seleccione una carga de m\u00e1s de 1,5 A) o el tiempo de carga ser\u00e1 afectado.<br \/>\n1,7 Pantalla LCD (mostrar temperatura y energ\u00eda, estado est\u00e1ndar en grados, ajuste la temperatura con el bot\u00f3n \u201c-\u201d, para que los consumidores puedan adaptarse al sabor ideal seg\u00fan sus h\u00e1bitos de fumar. Cuanto mayor sea la temperatura, mayor ser\u00e1 la cantidad de humo. Cuando no hay energ\u00eda, el car\u00e1cter de energ\u00eda y la luz de indicaci\u00f3n parpadean r\u00e1pidamente y muestran que se desea cargar).<br \/>\n1,8 Cubierta protectora de la c\u00e1mara de humo (sostenga el cigarrillo con el pulgar y presi\u00f3nelo suavemente hacia arriba, puede abrirse autom\u00e1ticamente en 90 grados, como se muestra en la imagen correcta: es conveniente para limpiar la resistencia calefactora y la c\u00e1mara de humo incorporada. Por razones de seguridad, est\u00e1 prohibido abrir la cubierta protectora durante el trabajo de fumar, y hay m\u00e1s de 300 resistencias de alta temperatura en el interior para evitar lesiones a las personas. \u00c1brala despu\u00e9s de que est\u00e9 fr\u00eda para limpiar).<br \/>\n1,9 Material especial de alta temperatura Peek para la c\u00e1mara de humo (despu\u00e9s de retirar la bomba de humo usada, quedan residuos de humo en la c\u00e1mara de humo, abra la cubierta protectora y limpie la c\u00e1mara con un cepillo).<br \/>\n2,0 Resistencia calefactora (hecha de cer\u00e1mica de \u00f3xido de aluminio y alcanza m\u00e1s de 300 grados al calentar. Est\u00e1 prohibido abrir la cubierta protectora de la c\u00e1mara de humo durante el funcionamiento de calefacci\u00f3n, y est\u00e1 prohibido frotar o chocar con objetos afilados para evitar da\u00f1os).<\/p>\n<p>Peso total 95g<\/p>\n<p>Modo de carga Micro USB<br \/>\nVoltaje de entrada 5V\/1,2 A<br \/>\nTiempo de carga 2,5 h<br \/>\nVoltaje de salida 3,4-4,2 V<br \/>\nFunci\u00f3n de protecci\u00f3n: protecci\u00f3n contra cortocircuitos, protecci\u00f3n contra sobrecarga, protecci\u00f3n contra descarga excesiva, protecci\u00f3n contra baja tensi\u00f3n, protecci\u00f3n de temperatura<br \/>\nCapacidad de la bater\u00eda 2000 mA<br \/>\n20-25 cigarrillos<br \/>\nRegulaci\u00f3n de temperatura constante del cilindro de resistencia<br \/>\nSeguridad de calidad IV<br \/>\n1. El per\u00edodo de garant\u00eda de este producto es de 90 d\u00edas<br \/>\n2. Por favor, no utilice este producto cerca de materiales inflamables, l\u00edquidos o gases.<br \/>\nEl error causado por el uso inadecuado mencionado anteriormente no est\u00e1 cubierto por la garant\u00eda.<br \/>\n5. Medidas de precauci\u00f3n<br \/>\n1. Por favor, no intente quitar el atomizador del cigarrillo electr\u00f3nico, ni mantener o reemplazar componentes y bater\u00edas de este producto, ya que puede causar lesiones.<br \/>\n2. No deje caer el cigarrillo electr\u00f3nico a voluntad, y el cuerpo interno no debe infiltrarse de agua. Este producto no tiene funci\u00f3n a prueba de agua.<br \/>\n3. No utilice una fuente de alimentaci\u00f3n superior a DC 5,3 V para cargar el puerto USB del cigarrillo electr\u00f3nico. No cargue el dispositivo al aire libre. Mant\u00e9ngalo limpio y seco.<br \/>\n4. Despu\u00e9s de la alarma de baja tensi\u00f3n del cuerpo de la bater\u00eda, c\u00e1rguelo a tiempo para evitar da\u00f1os por almacenamiento prolongado y sobre descarga de la bater\u00eda.<br \/>\nPor favor, mant\u00e9ngase alejado de ni\u00f1os, mujeres embarazadas y pacientes.<br \/>\n<img decoding=\"async\" loading=\"lazy\" src=\"https:\/\/ae01.alicdn.com\/kf\/S540f89946c2343648843441d797961ea9.jpg?width=3653&amp;height=300&amp;hash=3953\" \/><\/p>\n<\/div>\n<div><img decoding=\"async\" loading=\"lazy\" class=\"detail-desc-decorate-image\" style=\"margin-bottom: 10px;\" src=\"https:\/\/ae01.alicdn.com\/kf\/H15eee1a2b686438896276df8dab9afc6J.jpg\" \/><br \/>\n<img decoding=\"async\" loading=\"lazy\" class=\"detail-desc-decorate-image\" style=\"margin-bottom: 10px;\" src=\"https:\/\/ae01.alicdn.com\/kf\/H3708679e28634749bd29464760e25277y.jpg\" \/><br \/>\n<img decoding=\"async\" loading=\"lazy\" class=\"detail-desc-decorate-image\" style=\"margin-bottom: 10px;\" src=\"https:\/\/ae01.alicdn.com\/kf\/Hba64457540ec404c88e3dcb91a0a22e93.jpg\" \/><br \/>\n<img decoding=\"async\" loading=\"lazy\" class=\"detail-desc-decorate-image\" style=\"margin-bottom: 10px;\" src=\"https:\/\/ae01.alicdn.com\/kf\/H3e7fd12d2bdc4cd7ba63304a47aa1575w.jpg\" \/><br \/>\n<img decoding=\"async\" loading=\"lazy\" class=\"detail-desc-decorate-image\" style=\"margin-bottom: 10px;\" src=\"https:\/\/ae01.alicdn.com\/kf\/Hed11a67f912b403180ec46a24f67ab4dR.jpg\" \/><br \/>\n<img decoding=\"async\" loading=\"lazy\" class=\"detail-desc-decorate-image\" style=\"margin-bottom: 10px;\" src=\"https:\/\/ae01.alicdn.com\/kf\/H430ecf857458408cb53a387c701ff8f50.jpg\" \/><br \/>\n<img decoding=\"async\" loading=\"lazy\" class=\"detail-desc-decorate-image\" style=\"margin-bottom: 10px;\" src=\"https:\/\/ae01.alicdn.com\/kf\/H5656887ac0404364a529307ec86aba09G.jpg\" \/><br \/>\n<img decoding=\"async\" loading=\"lazy\" class=\"detail-desc-decorate-image\" style=\"margin-bottom: 10px;\" src=\"https:\/\/ae01.alicdn.com\/kf\/H2e5e104bff7a4ff881548abe945ac678i.jpg\" \/><\/div>\n<\/div>\n<\/div>\n<div>\n<p><img decoding=\"async\" loading=\"lazy\" src=\"https:\/\/ae01.alicdn.com\/kf\/S8c0e8e04080f4e7287b59bcfc6289826f.jpg?width=909&amp;height=1286&amp;hash=2195\" \/><\/p>\n<\/div>\n<p>&nbsp;<\/p>\n<\/div>\n<\/div>","protected":false},"excerpt":{"rendered":"<p>&nbsp; Aussehen:\u00a0Zylindrische Form Kompatibler Akku:\u00a018350 \u00dcberwachung Funktion Von Rauchen Anzahl:\u00a0Nein Silikon Fall:\u00a0Nein Temperaturregelung:\u00a0Ja Eingebaute Oder Externe Batterie:\u00a0Eingebaute Kurzschlussschutz Funktion:\u00a0Ja \u00dcberhitzungsschutz-funktion:\u00a0Ja Niederspannungsalarmfunktion:\u00a0Ja Zerst\u00e4uber Identifikation Funktion:\u00a0Ja TCR Einstellung Modi:\u00a0Nein Nominale Kapazit\u00e4t:\u00a02200mAh Material:\u00a0Metall Compatible Model:\u00a0sandy YD 618 vape kit Modellnummer:\u00a0sandy YD 618 vape kit Usb-ladeger\u00e4t:\u00a0Ja Firmware-upgrade:\u00a0Nein Display:\u00a0Ja Art:\u00a0Mit Batterie Markenname:\u00a0SUB TWO Ursprung:\u00a0CN (Herkunft) for:\u00a0iqos stick Heating e cigarettes:\u00a0vape [&hellip;]<\/p>","protected":false},"featured_media":6784,"template":"","meta":{"inline_featured_image":false},"product_cat":[752,756,739,743,79],"product_tag":[],"tiered_pricing_type":"fixed","tiered_pricing_fixed_rules":[],"tiered_pricing_percentage_rules":[],"tiered_pricing_minimum":1,"_administrator_tiered_pricing_type":"fixed","_administrator_tiered_pricing_fixed_rules":[],"_editor_tiered_pricing_type":"fixed","_editor_tiered_pricing_fixed_rules":[],"_author_tiered_pricing_type":"fixed","_author_tiered_pricing_fixed_rules":[],"_contributor_tiered_pricing_type":"fixed","_contributor_tiered_pricing_fixed_rules":[],"_subscriber_tiered_pricing_type":"fixed","_subscriber_tiered_pricing_fixed_rules":[],"_customer_tiered_pricing_type":"fixed","_customer_tiered_pricing_fixed_rules":[],"_shop_manager_tiered_pricing_type":"fixed","_shop_manager_tiered_pricing_fixed_rules":[],"_wpseo_manager_tiered_pricing_type":"fixed","_wpseo_manager_tiered_pricing_fixed_rules":[],"_wpseo_editor_tiered_pricing_type":"fixed","_wpseo_editor_tiered_pricing_fixed_rules":[],"_wholesale_customer_tiered_pricing_type":"fixed","_wholesale_customer_tiered_pricing_fixed_rules":[],"_marketer_tiered_pricing_type":"fixed","_marketer_tiered_pricing_fixed_rules":[],"_sales_manager_tiered_pricing_type":"fixed","_sales_manager_tiered_pricing_fixed_rules":[],"_sales_rep_tiered_pricing_type":"fixed","_sales_rep_tiered_pricing_fixed_rules":[],"yoast_head":"<!-- This site is optimized with the Yoast SEO plugin v23.3 - https:\/\/yoast.com\/wordpress\/plugins\/seo\/ -->\n<title>Vape Elektronische Zigarette W\u00e4rme Nicht Brennen Geladen E-cig Vape Geeignet | ElementVape.de<\/title>\n<meta name=\"description\" content=\"Wir bieten Vape Elektronische Zigarette W\u00e4rme Nicht Brennen Geladen E-cig Vape Geeignet , Elementvape.de akzeptieren Gro\u00df-und Einzelhandel Bestellungen.\" \/>\n<meta name=\"robots\" content=\"index, follow, max-snippet:-1, max-image-preview:large, max-video-preview:-1\" \/>\n<link rel=\"canonical\" href=\"https:\/\/www.elementvape.de\/es\/produkt\/vape-elektronische-zigarette-waerme-nicht-brennen-geladen-e-cig-vape\/\" \/>\n<meta property=\"og:locale\" content=\"es_ES\" \/>\n<meta property=\"og:type\" content=\"article\" \/>\n<meta property=\"og:title\" content=\"Vape Elektronische Zigarette W\u00e4rme Nicht Brennen Geladen E-cig Vape Geeignet | ElementVape.de\" \/>\n<meta property=\"og:description\" content=\"Wir bieten Vape Elektronische Zigarette W\u00e4rme Nicht Brennen Geladen E-cig Vape Geeignet , Elementvape.de akzeptieren Gro\u00df-und Einzelhandel Bestellungen.\" \/>\n<meta property=\"og:url\" content=\"https:\/\/www.elementvape.de\/es\/produkt\/vape-elektronische-zigarette-waerme-nicht-brennen-geladen-e-cig-vape\/\" \/>\n<meta property=\"og:site_name\" content=\"ElementVape.de\" \/>\n<meta property=\"article:modified_time\" content=\"2024-09-12T10:34:36+00:00\" \/>\n<meta property=\"og:image\" content=\"https:\/\/ae01.alicdn.com\/kf\/Sc3611a0fe4ab4a4e9b71bf86ee986bf6M\/Vape-Elektronische-Zigarette-W-rme-Nicht-Brennen-Geladen-E-cig-Vape-Geeignet-f-r-IQO-Stick.jpg\" \/>\n\t<meta property=\"og:image:width\" content=\"800\" \/>\n\t<meta property=\"og:image:height\" content=\"800\" \/>\n\t<meta property=\"og:image:type\" content=\"image\/jpeg\" \/>\n<meta name=\"twitter:card\" content=\"summary_large_image\" \/>\n<meta name=\"twitter:label1\" content=\"Est. reading time\" \/>\n\t<meta name=\"twitter:data1\" content=\"8 minutos\" \/>\n<script type=\"application\/ld+json\" class=\"yoast-schema-graph\">{\"@context\":\"https:\/\/schema.org\",\"@graph\":[{\"@type\":\"WebPage\",\"@id\":\"https:\/\/www.elementvape.de\/produkt\/vape-elektronische-zigarette-waerme-nicht-brennen-geladen-e-cig-vape\/\",\"url\":\"https:\/\/www.elementvape.de\/produkt\/vape-elektronische-zigarette-waerme-nicht-brennen-geladen-e-cig-vape\/\",\"name\":\"Vape Elektronische Zigarette W\u00e4rme Nicht Brennen Geladen E-cig Vape Geeignet | ElementVape.de\",\"isPartOf\":{\"@id\":\"https:\/\/www.elementvape.de\/#website\"},\"primaryImageOfPage\":{\"@id\":\"https:\/\/www.elementvape.de\/produkt\/vape-elektronische-zigarette-waerme-nicht-brennen-geladen-e-cig-vape\/#primaryimage\"},\"image\":{\"@id\":\"https:\/\/www.elementvape.de\/produkt\/vape-elektronische-zigarette-waerme-nicht-brennen-geladen-e-cig-vape\/#primaryimage\"},\"thumbnailUrl\":\"https:\/\/ae01.alicdn.com\/kf\/Sc3611a0fe4ab4a4e9b71bf86ee986bf6M\/Vape-Elektronische-Zigarette-W-rme-Nicht-Brennen-Geladen-E-cig-Vape-Geeignet-f-r-IQO-Stick.jpg\",\"datePublished\":\"2024-04-20T03:34:47+00:00\",\"dateModified\":\"2024-09-12T10:34:36+00:00\",\"description\":\"Wir bieten Vape Elektronische Zigarette W\u00e4rme Nicht Brennen Geladen E-cig Vape Geeignet , Elementvape.de akzeptieren Gro\u00df-und Einzelhandel Bestellungen.\",\"breadcrumb\":{\"@id\":\"https:\/\/www.elementvape.de\/produkt\/vape-elektronische-zigarette-waerme-nicht-brennen-geladen-e-cig-vape\/#breadcrumb\"},\"inLanguage\":\"es\",\"potentialAction\":[{\"@type\":\"ReadAction\",\"target\":[\"https:\/\/www.elementvape.de\/produkt\/vape-elektronische-zigarette-waerme-nicht-brennen-geladen-e-cig-vape\/\"]}]},{\"@type\":\"ImageObject\",\"inLanguage\":\"es\",\"@id\":\"https:\/\/www.elementvape.de\/produkt\/vape-elektronische-zigarette-waerme-nicht-brennen-geladen-e-cig-vape\/#primaryimage\",\"url\":\"https:\/\/ae01.alicdn.com\/kf\/Sc3611a0fe4ab4a4e9b71bf86ee986bf6M\/Vape-Elektronische-Zigarette-W-rme-Nicht-Brennen-Geladen-E-cig-Vape-Geeignet-f-r-IQO-Stick.jpg\",\"contentUrl\":\"https:\/\/ae01.alicdn.com\/kf\/Sc3611a0fe4ab4a4e9b71bf86ee986bf6M\/Vape-Elektronische-Zigarette-W-rme-Nicht-Brennen-Geladen-E-cig-Vape-Geeignet-f-r-IQO-Stick.jpg\",\"width\":800,\"height\":800},{\"@type\":\"BreadcrumbList\",\"@id\":\"https:\/\/www.elementvape.de\/produkt\/vape-elektronische-zigarette-waerme-nicht-brennen-geladen-e-cig-vape\/#breadcrumb\",\"itemListElement\":[{\"@type\":\"ListItem\",\"position\":1,\"name\":\"Home\",\"item\":\"https:\/\/www.elementvape.de\/\"},{\"@type\":\"ListItem\",\"position\":2,\"name\":\"Shop\",\"item\":\"https:\/\/www.elementvape.de\/shop\/\"},{\"@type\":\"ListItem\",\"position\":3,\"name\":\"Vape Elektronische Zigarette W\u00e4rme Nicht Brennen Geladen E-cig Vape Geeignet\"}]},{\"@type\":\"WebSite\",\"@id\":\"https:\/\/www.elementvape.de\/#website\",\"url\":\"https:\/\/www.elementvape.de\/\",\"name\":\"ElementVape.de\",\"description\":\"\",\"publisher\":{\"@id\":\"https:\/\/www.elementvape.de\/#organization\"},\"potentialAction\":[{\"@type\":\"SearchAction\",\"target\":{\"@type\":\"EntryPoint\",\"urlTemplate\":\"https:\/\/www.elementvape.de\/?s={search_term_string}\"},\"query-input\":\"required name=search_term_string\"}],\"inLanguage\":\"es\"},{\"@type\":\"Organization\",\"@id\":\"https:\/\/www.elementvape.de\/#organization\",\"name\":\"ElementVape.DE\",\"url\":\"https:\/\/www.elementvape.de\/\",\"logo\":{\"@type\":\"ImageObject\",\"inLanguage\":\"es\",\"@id\":\"https:\/\/www.elementvape.de\/#\/schema\/logo\/image\/\",\"url\":\"https:\/\/www.elementvape.de\/wp-content\/uploads\/2024\/09\/cropped-1elementvape-3.png\",\"contentUrl\":\"https:\/\/www.elementvape.de\/wp-content\/uploads\/2024\/09\/cropped-1elementvape-3.png\",\"width\":285,\"height\":228,\"caption\":\"ElementVape.DE\"},\"image\":{\"@id\":\"https:\/\/www.elementvape.de\/#\/schema\/logo\/image\/\"}}]}<\/script>\n<!-- \/ Yoast SEO plugin. -->","yoast_head_json":{"title":"Vape Elektronische Zigarette W\u00e4rme Nicht Brennen Geladen E-cig Vape Geeignet | ElementVape.de","description":"Wir bieten Vape Elektronische Zigarette W\u00e4rme Nicht Brennen Geladen E-cig Vape Geeignet , Elementvape.de akzeptieren Gro\u00df-und Einzelhandel Bestellungen.","robots":{"index":"index","follow":"follow","max-snippet":"max-snippet:-1","max-image-preview":"max-image-preview:large","max-video-preview":"max-video-preview:-1"},"canonical":"https:\/\/www.elementvape.de\/es\/produkt\/vape-elektronische-zigarette-waerme-nicht-brennen-geladen-e-cig-vape\/","og_locale":"es_ES","og_type":"article","og_title":"Vape Elektronische Zigarette W\u00e4rme Nicht Brennen Geladen E-cig Vape Geeignet | ElementVape.de","og_description":"Wir bieten Vape Elektronische Zigarette W\u00e4rme Nicht Brennen Geladen E-cig Vape Geeignet , Elementvape.de akzeptieren Gro\u00df-und Einzelhandel Bestellungen.","og_url":"https:\/\/www.elementvape.de\/es\/produkt\/vape-elektronische-zigarette-waerme-nicht-brennen-geladen-e-cig-vape\/","og_site_name":"ElementVape.de","article_modified_time":"2024-09-12T10:34:36+00:00","og_image":[{"width":800,"height":800,"url":"https:\/\/ae01.alicdn.com\/kf\/Sc3611a0fe4ab4a4e9b71bf86ee986bf6M\/Vape-Elektronische-Zigarette-W-rme-Nicht-Brennen-Geladen-E-cig-Vape-Geeignet-f-r-IQO-Stick.jpg","type":"image\/jpeg"}],"twitter_card":"summary_large_image","twitter_misc":{"Est. reading time":"8 minutos"},"schema":{"@context":"https:\/\/schema.org","@graph":[{"@type":"WebPage","@id":"https:\/\/www.elementvape.de\/produkt\/vape-elektronische-zigarette-waerme-nicht-brennen-geladen-e-cig-vape\/","url":"https:\/\/www.elementvape.de\/produkt\/vape-elektronische-zigarette-waerme-nicht-brennen-geladen-e-cig-vape\/","name":"Vape Elektronische Zigarette W\u00e4rme Nicht Brennen Geladen E-cig Vape Geeignet | ElementVape.de","isPartOf":{"@id":"https:\/\/www.elementvape.de\/#website"},"primaryImageOfPage":{"@id":"https:\/\/www.elementvape.de\/produkt\/vape-elektronische-zigarette-waerme-nicht-brennen-geladen-e-cig-vape\/#primaryimage"},"image":{"@id":"https:\/\/www.elementvape.de\/produkt\/vape-elektronische-zigarette-waerme-nicht-brennen-geladen-e-cig-vape\/#primaryimage"},"thumbnailUrl":"https:\/\/ae01.alicdn.com\/kf\/Sc3611a0fe4ab4a4e9b71bf86ee986bf6M\/Vape-Elektronische-Zigarette-W-rme-Nicht-Brennen-Geladen-E-cig-Vape-Geeignet-f-r-IQO-Stick.jpg","datePublished":"2024-04-20T03:34:47+00:00","dateModified":"2024-09-12T10:34:36+00:00","description":"Wir bieten Vape Elektronische Zigarette W\u00e4rme Nicht Brennen Geladen E-cig Vape Geeignet , Elementvape.de akzeptieren Gro\u00df-und Einzelhandel Bestellungen.","breadcrumb":{"@id":"https:\/\/www.elementvape.de\/produkt\/vape-elektronische-zigarette-waerme-nicht-brennen-geladen-e-cig-vape\/#breadcrumb"},"inLanguage":"es","potentialAction":[{"@type":"ReadAction","target":["https:\/\/www.elementvape.de\/produkt\/vape-elektronische-zigarette-waerme-nicht-brennen-geladen-e-cig-vape\/"]}]},{"@type":"ImageObject","inLanguage":"es","@id":"https:\/\/www.elementvape.de\/produkt\/vape-elektronische-zigarette-waerme-nicht-brennen-geladen-e-cig-vape\/#primaryimage","url":"https:\/\/ae01.alicdn.com\/kf\/Sc3611a0fe4ab4a4e9b71bf86ee986bf6M\/Vape-Elektronische-Zigarette-W-rme-Nicht-Brennen-Geladen-E-cig-Vape-Geeignet-f-r-IQO-Stick.jpg","contentUrl":"https:\/\/ae01.alicdn.com\/kf\/Sc3611a0fe4ab4a4e9b71bf86ee986bf6M\/Vape-Elektronische-Zigarette-W-rme-Nicht-Brennen-Geladen-E-cig-Vape-Geeignet-f-r-IQO-Stick.jpg","width":800,"height":800},{"@type":"BreadcrumbList","@id":"https:\/\/www.elementvape.de\/produkt\/vape-elektronische-zigarette-waerme-nicht-brennen-geladen-e-cig-vape\/#breadcrumb","itemListElement":[{"@type":"ListItem","position":1,"name":"Home","item":"https:\/\/www.elementvape.de\/"},{"@type":"ListItem","position":2,"name":"Shop","item":"https:\/\/www.elementvape.de\/shop\/"},{"@type":"ListItem","position":3,"name":"Vape Elektronische Zigarette W\u00e4rme Nicht Brennen Geladen E-cig Vape Geeignet"}]},{"@type":"WebSite","@id":"https:\/\/www.elementvape.de\/#website","url":"https:\/\/www.elementvape.de\/","name":"ElementVape.de","description":"","publisher":{"@id":"https:\/\/www.elementvape.de\/#organization"},"potentialAction":[{"@type":"SearchAction","target":{"@type":"EntryPoint","urlTemplate":"https:\/\/www.elementvape.de\/?s={search_term_string}"},"query-input":"required name=search_term_string"}],"inLanguage":"es"},{"@type":"Organization","@id":"https:\/\/www.elementvape.de\/#organization","name":"ElementVape.DE","url":"https:\/\/www.elementvape.de\/","logo":{"@type":"ImageObject","inLanguage":"es","@id":"https:\/\/www.elementvape.de\/#\/schema\/logo\/image\/","url":"https:\/\/www.elementvape.de\/wp-content\/uploads\/2024\/09\/cropped-1elementvape-3.png","contentUrl":"https:\/\/www.elementvape.de\/wp-content\/uploads\/2024\/09\/cropped-1elementvape-3.png","width":285,"height":228,"caption":"ElementVape.DE"},"image":{"@id":"https:\/\/www.elementvape.de\/#\/schema\/logo\/image\/"}}]}},"_links":{"self":[{"href":"https:\/\/www.elementvape.de\/es\/wp-json\/wp\/v2\/product\/6783"}],"collection":[{"href":"https:\/\/www.elementvape.de\/es\/wp-json\/wp\/v2\/product"}],"about":[{"href":"https:\/\/www.elementvape.de\/es\/wp-json\/wp\/v2\/types\/product"}],"wp:featuredmedia":[{"embeddable":true,"href":"https:\/\/www.elementvape.de\/es\/wp-json\/wp\/v2\/media\/6784"}],"wp:attachment":[{"href":"https:\/\/www.elementvape.de\/es\/wp-json\/wp\/v2\/media?parent=6783"}],"wp:term":[{"taxonomy":"product_cat","embeddable":true,"href":"https:\/\/www.elementvape.de\/es\/wp-json\/wp\/v2\/product_cat?post=6783"},{"taxonomy":"product_tag","embeddable":true,"href":"https:\/\/www.elementvape.de\/es\/wp-json\/wp\/v2\/product_tag?post=6783"}],"curies":[{"name":"wp","href":"https:\/\/api.w.org\/{rel}","templated":true}]}}