{"id":16277,"date":"2025-04-17T08:58:13","date_gmt":"2025-04-17T08:58:13","guid":{"rendered":"https:\/\/www.elementvape.de\/?post_type=product&#038;p=16277"},"modified":"2026-01-23T06:43:15","modified_gmt":"2026-01-23T06:43:15","slug":"bang-tornado-40000-blueberry-grapes-fruchtige-mischung-aus-blaubeeren-und-trauben","status":"publish","type":"product","link":"https:\/\/www.elementvape.de\/es\/produkt\/bang-tornado-40000-blueberry-grapes-fruchtige-mischung-aus-blaubeeren-und-trauben\/","title":{"rendered":"Bang Tornado 40000 Blueberry Grapes Mezcla frutal de ar\u00e1ndanos y uvas"},"content":{"rendered":"<h2 data-start=\"0\" data-end=\"103\">Bang Tornado 40000 Uvas de ar\u00e1ndano \u2013 Una explosi\u00f3n de sabor afrutado para un disfrute duradero<\/h2>\n<p class=\"\" data-start=\"105\" data-end=\"775\">El mundo de los cigarrillos electr\u00f3nicos ha evolucionado r\u00e1pidamente en los \u00faltimos a\u00f1os, y cada vez m\u00e1s marcas ofrecen productos que establecen nuevos est\u00e1ndares en rendimiento y sabor. El Bang Tornado 40000 Uvas de ar\u00e1ndano es un excelente ejemplo de dicho producto. Con su combinaci\u00f3n \u00fanica de ar\u00e1ndanos dulces y uvas jugosas, este cigarrillo electr\u00f3nico ofrece una experiencia de sabor inigualable que encantar\u00e1 a los vaporizadores. Con una impresionante duraci\u00f3n de 40.000 caladas, proporciona un disfrute duradero y es ideal para quienes buscan una experiencia de vaporizaci\u00f3n duradera y con un sabor sobresaliente.<\/p>\n<h3 class=\"\" data-start=\"777\" data-end=\"840\">Combinaci\u00f3n de sabores afrutados: ar\u00e1ndanos y uvas<\/h3>\n<p class=\"\" data-start=\"842\" data-end=\"1471\">El Bang Tornado 40000 Uvas de ar\u00e1ndano destaca por su deliciosa mezcla de ar\u00e1ndanos frescos y uvas dulces y maduras. El sabor de esta combinaci\u00f3n est\u00e1 perfectamente equilibrado y ofrece una experiencia de vapor refrescante y tambi\u00e9n dulce. Los ar\u00e1ndanos aportan una nota afrutada y ligeramente \u00e1cida, mientras que las uvas, con su dulzura natural, complementan armoniosamente. Esta mezcla de sabores es ideal para vaporizadores que buscan una experiencia fresca y frutal, que no sea demasiado dulce ni demasiado \u00e1cida, logrando el equilibrio perfecto para vapear c\u00f3modamente durante m\u00e1s tiempo.<\/p>\n<p class=\"\" data-start=\"1473\" data-end=\"1872\">Cada calada del Bang Tornado 40000 Uvas de ar\u00e1ndano ofrece una experiencia de sabor que se siente como un jard\u00edn de frutas refrescante. Es un sabor que no solo deleita el paladar, sino que tambi\u00e9n permanece duradero, sin cansar r\u00e1pidamente. Esto convierte a este producto en un compa\u00f1ero perfecto para el uso diario y asegura que el disfrute se renueve constantemente.<\/p>\n<h3 class=\"\" data-start=\"1874\" data-end=\"1916\">40.000 caladas para un disfrute duradero<\/h3>\n<p class=\"\" data-start=\"1918\" data-end=\"2636\">Una caracter\u00edstica destacada del Bang Tornado 40000 Uvas de ar\u00e1ndano es su impresionante duraci\u00f3n de 40.000 caladas. Con esta capacidad, este cigarrillo electr\u00f3nico ofrece una durabilidad excepcional, lo que lo convierte en una opci\u00f3n excelente para usuarios frecuentes. La capacidad de 40 ml de e-l\u00edquido asegura que el sabor se mantenga constante en cada calada, sin necesidad de rellenar con frecuencia. Esto significa que los vaporizadores pueden disfrutar del producto durante mucho tiempo sin tener que preocuparse por rellenar constantemente. Para usuarios intensivos y quienes buscan un dispositivo pr\u00e1ctico para el uso diario, esta alta cantidad de caladas es una gran ventaja.<\/p>\n<h3 class=\"\" data-start=\"2638\" data-end=\"2694\">Bater\u00eda potente para vapor uniforme<\/h3>\n<p class=\"\" data-start=\"2696\" data-end=\"3302\">El Bang Tornado 40000 Uvas de ar\u00e1ndano est\u00e1 equipado con una bater\u00eda de 850mAh que garantiza un rendimiento de vapor constante. Esta potente bater\u00eda asegura que puedas disfrutar de las 40.000 caladas completas sin que la intensidad del vapor disminuya con el tiempo. Adem\u00e1s, el dispositivo cuenta con una conexi\u00f3n de carga r\u00e1pida Type-C, que permite que el cigarrillo electr\u00f3nico est\u00e9 listo para usar r\u00e1pidamente cuando se quede sin bater\u00eda. Esto significa que puedes usar tu dispositivo sin largos tiempos de carga, lo cual es especialmente pr\u00e1ctico para llevar contigo.<\/p>\n<h3 class=\"\" data-start=\"3304\" data-end=\"3370\">Potencia ajustable para experiencias de vaporizaci\u00f3n personalizadas<\/h3>\n<p class=\"\" data-start=\"3372\" data-end=\"3777\">El Bang Tornado 40000 Uvas de ar\u00e1ndano ofrece una potencia ajustable que te permite adaptar la intensidad del vapor y del sabor seg\u00fan tus preferencias. Ya sea que prefieras una corriente de vapor suave o una experiencia m\u00e1s intensa, el dispositivo se puede personalizar a tus necesidades. Esto proporciona una experiencia de vaporizaci\u00f3n individual que podr\u00e1s disfrutar al m\u00e1ximo.<\/p>\n<h3 class=\"\" data-start=\"3779\" data-end=\"3817\">Dise\u00f1o compacto y elegante<\/h3>\n<p class=\"\" data-start=\"3819\" data-end=\"4296\">A pesar de su gran capacidad y funciones potentes, el Bang Tornado 40000 Uvas de ar\u00e1ndano sigue siendo compacto y f\u00e1cil de manejar. Su dise\u00f1o elegante hace que el cigarrillo electr\u00f3nico no solo sea funcional, sino tambi\u00e9n est\u00e9ticamente atractivo. Se adapta bien a la mano y es ideal para llevar contigo, ya sea en el bolsillo, en el bolso o en la mochila. Su dise\u00f1o estilizado asegura que el dispositivo no solo sea pr\u00e1ctico, sino tambi\u00e9n un accesorio de moda.<\/p>\n<h3 class=\"\" data-start=\"4298\" data-end=\"4357\">El compa\u00f1ero perfecto para un disfrute frutal<\/h3>\n<p class=\"\" data-start=\"4359\" data-end=\"4969\">El Bang Tornado 40000 Uvas de ar\u00e1ndano es la opci\u00f3n ideal para vaporizadores que buscan una larga durabilidad y una experiencia de sabor excepcional. Con su mezcla afrutada de ar\u00e1ndanos y uvas, su impresionante duraci\u00f3n de 40.000 caladas y su potencia ajustable, este producto ofrece todo lo necesario para una experiencia de vaporizaci\u00f3n completamente satisfactoria. Ya seas un vaporizador experimentado o un principiante, el Bang Tornado 40000 Uvas de ar\u00e1ndano te sorprender\u00e1 con su sabor intenso y su larga vida \u00fatil.<\/p>","protected":false},"excerpt":{"rendered":"<p>Bang Tornado 40000 Blueberry Grapes \u2013 Eine fruchtige Geschmacksexplosion f\u00fcr langanhaltenden Genuss Die Welt der E-Zigaretten hat sich in den letzten Jahren rasant entwickelt, und immer mehr Marken bieten Produkte an, die sowohl in Bezug auf Leistung als auch Geschmack neue Ma\u00dfst\u00e4be setzen. Der Bang Tornado 40000 Blueberry Grapes ist ein hervorragendes Beispiel f\u00fcr ein [&hellip;]<\/p>","protected":false},"featured_media":16255,"template":"","meta":{"inline_featured_image":false},"product_cat":[78],"product_tag":[777],"tiered_pricing_type":"fixed","tiered_pricing_fixed_rules":[],"tiered_pricing_percentage_rules":[],"tiered_pricing_minimum":1,"_administrator_tiered_pricing_type":"fixed","_administrator_tiered_pricing_fixed_rules":[],"_editor_tiered_pricing_type":"fixed","_editor_tiered_pricing_fixed_rules":[],"_author_tiered_pricing_type":"fixed","_author_tiered_pricing_fixed_rules":[],"_contributor_tiered_pricing_type":"fixed","_contributor_tiered_pricing_fixed_rules":[],"_subscriber_tiered_pricing_type":"fixed","_subscriber_tiered_pricing_fixed_rules":[],"_customer_tiered_pricing_type":"fixed","_customer_tiered_pricing_fixed_rules":[],"_shop_manager_tiered_pricing_type":"fixed","_shop_manager_tiered_pricing_fixed_rules":[],"_wpseo_manager_tiered_pricing_type":"fixed","_wpseo_manager_tiered_pricing_fixed_rules":[],"_wpseo_editor_tiered_pricing_type":"fixed","_wpseo_editor_tiered_pricing_fixed_rules":[],"_wholesale_customer_tiered_pricing_type":"fixed","_wholesale_customer_tiered_pricing_fixed_rules":[],"_marketer_tiered_pricing_type":"fixed","_marketer_tiered_pricing_fixed_rules":[],"_sales_manager_tiered_pricing_type":"fixed","_sales_manager_tiered_pricing_fixed_rules":[],"_sales_rep_tiered_pricing_type":"fixed","_sales_rep_tiered_pricing_fixed_rules":[],"yoast_head":"<!-- This site is optimized with the Yoast SEO plugin v23.3 - https:\/\/yoast.com\/wordpress\/plugins\/seo\/ -->\n<title>Bang Tornado 40000 Blueberry Grapes Fruchtige Mischung aus Blaubeeren und Trauben | ElementVape.de<\/title>\n<meta name=\"description\" content=\"Bang Tornado 40000 Blueberry Grapes \u2013 Erfrischende Mischung aus s\u00fc\u00dfen Blaubeeren und saftigen Trauben, 40.000 Z\u00fcge f\u00fcr langanhaltenden Genuss\" \/>\n<meta name=\"robots\" content=\"index, follow, max-snippet:-1, max-image-preview:large, max-video-preview:-1\" \/>\n<link rel=\"canonical\" href=\"https:\/\/www.elementvape.de\/es\/produkt\/bang-tornado-40000-blueberry-grapes-fruchtige-mischung-aus-blaubeeren-und-trauben\/\" \/>\n<meta property=\"og:locale\" content=\"es_ES\" \/>\n<meta property=\"og:type\" content=\"article\" \/>\n<meta property=\"og:title\" content=\"Bang Tornado 40000 Blueberry Grapes Fruchtige Mischung aus Blaubeeren und Trauben | ElementVape.de\" \/>\n<meta property=\"og:description\" content=\"Bang Tornado 40000 Blueberry Grapes \u2013 Erfrischende Mischung aus s\u00fc\u00dfen Blaubeeren und saftigen Trauben, 40.000 Z\u00fcge f\u00fcr langanhaltenden Genuss\" \/>\n<meta property=\"og:url\" content=\"https:\/\/www.elementvape.de\/es\/produkt\/bang-tornado-40000-blueberry-grapes-fruchtige-mischung-aus-blaubeeren-und-trauben\/\" \/>\n<meta property=\"og:site_name\" content=\"ElementVape.de\" \/>\n<meta property=\"article:modified_time\" content=\"2026-01-23T06:43:15+00:00\" \/>\n<meta property=\"og:image\" content=\"https:\/\/www.elementvape.de\/wp-content\/uploads\/2025\/04\/40k-blueberry-grapes.png\" \/>\n\t<meta property=\"og:image:width\" content=\"600\" \/>\n\t<meta property=\"og:image:height\" content=\"562\" \/>\n\t<meta property=\"og:image:type\" content=\"image\/png\" \/>\n<meta name=\"twitter:card\" content=\"summary_large_image\" \/>\n<meta name=\"twitter:label1\" content=\"Est. reading time\" \/>\n\t<meta name=\"twitter:data1\" content=\"4 minutos\" \/>\n<script type=\"application\/ld+json\" class=\"yoast-schema-graph\">{\"@context\":\"https:\/\/schema.org\",\"@graph\":[{\"@type\":\"WebPage\",\"@id\":\"https:\/\/www.elementvape.de\/produkt\/bang-tornado-40000-blueberry-grapes-fruchtige-mischung-aus-blaubeeren-und-trauben\/\",\"url\":\"https:\/\/www.elementvape.de\/produkt\/bang-tornado-40000-blueberry-grapes-fruchtige-mischung-aus-blaubeeren-und-trauben\/\",\"name\":\"Bang Tornado 40000 Blueberry Grapes Fruchtige Mischung aus Blaubeeren und Trauben | ElementVape.de\",\"isPartOf\":{\"@id\":\"https:\/\/www.elementvape.de\/#website\"},\"primaryImageOfPage\":{\"@id\":\"https:\/\/www.elementvape.de\/produkt\/bang-tornado-40000-blueberry-grapes-fruchtige-mischung-aus-blaubeeren-und-trauben\/#primaryimage\"},\"image\":{\"@id\":\"https:\/\/www.elementvape.de\/produkt\/bang-tornado-40000-blueberry-grapes-fruchtige-mischung-aus-blaubeeren-und-trauben\/#primaryimage\"},\"thumbnailUrl\":\"https:\/\/www.elementvape.de\/wp-content\/uploads\/2025\/04\/40k-blueberry-grapes.png\",\"datePublished\":\"2025-04-17T08:58:13+00:00\",\"dateModified\":\"2026-01-23T06:43:15+00:00\",\"description\":\"Bang Tornado 40000 Blueberry Grapes \u2013 Erfrischende Mischung aus s\u00fc\u00dfen Blaubeeren und saftigen Trauben, 40.000 Z\u00fcge f\u00fcr langanhaltenden Genuss\",\"breadcrumb\":{\"@id\":\"https:\/\/www.elementvape.de\/produkt\/bang-tornado-40000-blueberry-grapes-fruchtige-mischung-aus-blaubeeren-und-trauben\/#breadcrumb\"},\"inLanguage\":\"es\",\"potentialAction\":[{\"@type\":\"ReadAction\",\"target\":[\"https:\/\/www.elementvape.de\/produkt\/bang-tornado-40000-blueberry-grapes-fruchtige-mischung-aus-blaubeeren-und-trauben\/\"]}]},{\"@type\":\"ImageObject\",\"inLanguage\":\"es\",\"@id\":\"https:\/\/www.elementvape.de\/produkt\/bang-tornado-40000-blueberry-grapes-fruchtige-mischung-aus-blaubeeren-und-trauben\/#primaryimage\",\"url\":\"https:\/\/www.elementvape.de\/wp-content\/uploads\/2025\/04\/40k-blueberry-grapes.png\",\"contentUrl\":\"https:\/\/www.elementvape.de\/wp-content\/uploads\/2025\/04\/40k-blueberry-grapes.png\",\"width\":600,\"height\":562},{\"@type\":\"BreadcrumbList\",\"@id\":\"https:\/\/www.elementvape.de\/produkt\/bang-tornado-40000-blueberry-grapes-fruchtige-mischung-aus-blaubeeren-und-trauben\/#breadcrumb\",\"itemListElement\":[{\"@type\":\"ListItem\",\"position\":1,\"name\":\"Home\",\"item\":\"https:\/\/www.elementvape.de\/\"},{\"@type\":\"ListItem\",\"position\":2,\"name\":\"Shop\",\"item\":\"https:\/\/www.elementvape.de\/shop\/\"},{\"@type\":\"ListItem\",\"position\":3,\"name\":\"Bang Tornado 40000 Blueberry Grapes Fruchtige Mischung aus Blaubeeren und Trauben\"}]},{\"@type\":\"WebSite\",\"@id\":\"https:\/\/www.elementvape.de\/#website\",\"url\":\"https:\/\/www.elementvape.de\/\",\"name\":\"ElementVape.de\",\"description\":\"\",\"publisher\":{\"@id\":\"https:\/\/www.elementvape.de\/#organization\"},\"potentialAction\":[{\"@type\":\"SearchAction\",\"target\":{\"@type\":\"EntryPoint\",\"urlTemplate\":\"https:\/\/www.elementvape.de\/?s={search_term_string}\"},\"query-input\":\"required name=search_term_string\"}],\"inLanguage\":\"es\"},{\"@type\":\"Organization\",\"@id\":\"https:\/\/www.elementvape.de\/#organization\",\"name\":\"ElementVape.DE\",\"url\":\"https:\/\/www.elementvape.de\/\",\"logo\":{\"@type\":\"ImageObject\",\"inLanguage\":\"es\",\"@id\":\"https:\/\/www.elementvape.de\/#\/schema\/logo\/image\/\",\"url\":\"https:\/\/www.elementvape.de\/wp-content\/uploads\/2024\/09\/cropped-1elementvape-3.png\",\"contentUrl\":\"https:\/\/www.elementvape.de\/wp-content\/uploads\/2024\/09\/cropped-1elementvape-3.png\",\"width\":285,\"height\":228,\"caption\":\"ElementVape.DE\"},\"image\":{\"@id\":\"https:\/\/www.elementvape.de\/#\/schema\/logo\/image\/\"}}]}<\/script>\n<!-- \/ Yoast SEO plugin. -->","yoast_head_json":{"title":"Bang Tornado 40000 Blueberry Grapes Fruchtige Mischung aus Blaubeeren und Trauben | ElementVape.de","description":"Bang Tornado 40000 Blueberry Grapes \u2013 Erfrischende Mischung aus s\u00fc\u00dfen Blaubeeren und saftigen Trauben, 40.000 Z\u00fcge f\u00fcr langanhaltenden Genuss","robots":{"index":"index","follow":"follow","max-snippet":"max-snippet:-1","max-image-preview":"max-image-preview:large","max-video-preview":"max-video-preview:-1"},"canonical":"https:\/\/www.elementvape.de\/es\/produkt\/bang-tornado-40000-blueberry-grapes-fruchtige-mischung-aus-blaubeeren-und-trauben\/","og_locale":"es_ES","og_type":"article","og_title":"Bang Tornado 40000 Blueberry Grapes Fruchtige Mischung aus Blaubeeren und Trauben | ElementVape.de","og_description":"Bang Tornado 40000 Blueberry Grapes \u2013 Erfrischende Mischung aus s\u00fc\u00dfen Blaubeeren und saftigen Trauben, 40.000 Z\u00fcge f\u00fcr langanhaltenden Genuss","og_url":"https:\/\/www.elementvape.de\/es\/produkt\/bang-tornado-40000-blueberry-grapes-fruchtige-mischung-aus-blaubeeren-und-trauben\/","og_site_name":"ElementVape.de","article_modified_time":"2026-01-23T06:43:15+00:00","og_image":[{"width":600,"height":562,"url":"https:\/\/www.elementvape.de\/wp-content\/uploads\/2025\/04\/40k-blueberry-grapes.png","type":"image\/png"}],"twitter_card":"summary_large_image","twitter_misc":{"Est. reading time":"4 minutos"},"schema":{"@context":"https:\/\/schema.org","@graph":[{"@type":"WebPage","@id":"https:\/\/www.elementvape.de\/produkt\/bang-tornado-40000-blueberry-grapes-fruchtige-mischung-aus-blaubeeren-und-trauben\/","url":"https:\/\/www.elementvape.de\/produkt\/bang-tornado-40000-blueberry-grapes-fruchtige-mischung-aus-blaubeeren-und-trauben\/","name":"Bang Tornado 40000 Blueberry Grapes Fruchtige Mischung aus Blaubeeren und Trauben | ElementVape.de","isPartOf":{"@id":"https:\/\/www.elementvape.de\/#website"},"primaryImageOfPage":{"@id":"https:\/\/www.elementvape.de\/produkt\/bang-tornado-40000-blueberry-grapes-fruchtige-mischung-aus-blaubeeren-und-trauben\/#primaryimage"},"image":{"@id":"https:\/\/www.elementvape.de\/produkt\/bang-tornado-40000-blueberry-grapes-fruchtige-mischung-aus-blaubeeren-und-trauben\/#primaryimage"},"thumbnailUrl":"https:\/\/www.elementvape.de\/wp-content\/uploads\/2025\/04\/40k-blueberry-grapes.png","datePublished":"2025-04-17T08:58:13+00:00","dateModified":"2026-01-23T06:43:15+00:00","description":"Bang Tornado 40000 Blueberry Grapes \u2013 Erfrischende Mischung aus s\u00fc\u00dfen Blaubeeren und saftigen Trauben, 40.000 Z\u00fcge f\u00fcr langanhaltenden Genuss","breadcrumb":{"@id":"https:\/\/www.elementvape.de\/produkt\/bang-tornado-40000-blueberry-grapes-fruchtige-mischung-aus-blaubeeren-und-trauben\/#breadcrumb"},"inLanguage":"es","potentialAction":[{"@type":"ReadAction","target":["https:\/\/www.elementvape.de\/produkt\/bang-tornado-40000-blueberry-grapes-fruchtige-mischung-aus-blaubeeren-und-trauben\/"]}]},{"@type":"ImageObject","inLanguage":"es","@id":"https:\/\/www.elementvape.de\/produkt\/bang-tornado-40000-blueberry-grapes-fruchtige-mischung-aus-blaubeeren-und-trauben\/#primaryimage","url":"https:\/\/www.elementvape.de\/wp-content\/uploads\/2025\/04\/40k-blueberry-grapes.png","contentUrl":"https:\/\/www.elementvape.de\/wp-content\/uploads\/2025\/04\/40k-blueberry-grapes.png","width":600,"height":562},{"@type":"BreadcrumbList","@id":"https:\/\/www.elementvape.de\/produkt\/bang-tornado-40000-blueberry-grapes-fruchtige-mischung-aus-blaubeeren-und-trauben\/#breadcrumb","itemListElement":[{"@type":"ListItem","position":1,"name":"Home","item":"https:\/\/www.elementvape.de\/"},{"@type":"ListItem","position":2,"name":"Shop","item":"https:\/\/www.elementvape.de\/shop\/"},{"@type":"ListItem","position":3,"name":"Bang Tornado 40000 Blueberry Grapes Fruchtige Mischung aus Blaubeeren und Trauben"}]},{"@type":"WebSite","@id":"https:\/\/www.elementvape.de\/#website","url":"https:\/\/www.elementvape.de\/","name":"ElementVape.de","description":"","publisher":{"@id":"https:\/\/www.elementvape.de\/#organization"},"potentialAction":[{"@type":"SearchAction","target":{"@type":"EntryPoint","urlTemplate":"https:\/\/www.elementvape.de\/?s={search_term_string}"},"query-input":"required name=search_term_string"}],"inLanguage":"es"},{"@type":"Organization","@id":"https:\/\/www.elementvape.de\/#organization","name":"ElementVape.DE","url":"https:\/\/www.elementvape.de\/","logo":{"@type":"ImageObject","inLanguage":"es","@id":"https:\/\/www.elementvape.de\/#\/schema\/logo\/image\/","url":"https:\/\/www.elementvape.de\/wp-content\/uploads\/2024\/09\/cropped-1elementvape-3.png","contentUrl":"https:\/\/www.elementvape.de\/wp-content\/uploads\/2024\/09\/cropped-1elementvape-3.png","width":285,"height":228,"caption":"ElementVape.DE"},"image":{"@id":"https:\/\/www.elementvape.de\/#\/schema\/logo\/image\/"}}]}},"_links":{"self":[{"href":"https:\/\/www.elementvape.de\/es\/wp-json\/wp\/v2\/product\/16277"}],"collection":[{"href":"https:\/\/www.elementvape.de\/es\/wp-json\/wp\/v2\/product"}],"about":[{"href":"https:\/\/www.elementvape.de\/es\/wp-json\/wp\/v2\/types\/product"}],"wp:featuredmedia":[{"embeddable":true,"href":"https:\/\/www.elementvape.de\/es\/wp-json\/wp\/v2\/media\/16255"}],"wp:attachment":[{"href":"https:\/\/www.elementvape.de\/es\/wp-json\/wp\/v2\/media?parent=16277"}],"wp:term":[{"taxonomy":"product_cat","embeddable":true,"href":"https:\/\/www.elementvape.de\/es\/wp-json\/wp\/v2\/product_cat?post=16277"},{"taxonomy":"product_tag","embeddable":true,"href":"https:\/\/www.elementvape.de\/es\/wp-json\/wp\/v2\/product_tag?post=16277"}],"curies":[{"name":"wp","href":"https:\/\/api.w.org\/{rel}","templated":true}]}}